{"id":3570,"date":"2025-06-27T08:03:11","date_gmt":"2025-06-27T08:03:11","guid":{"rendered":"https:\/\/www.usborkeychain.com\/?post_type=product&#038;p=3570"},"modified":"2025-08-16T03:08:14","modified_gmt":"2025-08-16T03:08:14","slug":"metal-rotating-mobile-usb-flash-drive-with-dual-interfaces-type-c","status":"publish","type":"product","link":"https:\/\/www.usborkeychain.com\/pt\/produto\/metal-rotating-mobile-usb-flash-drive-with-dual-interfaces-type-c\/","title":{"rendered":"Unidade flash USB OTG girat\u00f3ria de metal com duas interfaces tipo c"},"content":{"rendered":"<div class=\"wp-block-columns is-layout-flex wp-container-core-columns-is-layout-28f84493 wp-block-columns-is-layout-flex\">\n<div class=\"wp-block-column is-layout-flow wp-block-column-is-layout-flow\">\n<figure class=\"wp-block-image aligncenter size-full is-resized\"><img fetchpriority=\"high\" decoding=\"async\" width=\"1000\" height=\"1000\" src=\"https:\/\/www.usborkeychain.com\/wp-content\/uploads\/O1CN01gXvHAo1QuXRHdiltL_2211016602036-0-cib.jpg_.webp.jpg\" alt=\"Rotating Metal USB Type C Cell Phone USB Flash Drive\" class=\"wp-image-3582\" style=\"object-fit:cover;width:600px;height:600px\" srcset=\"https:\/\/www.usborkeychain.com\/wp-content\/uploads\/O1CN01gXvHAo1QuXRHdiltL_2211016602036-0-cib.jpg_.webp.jpg 1000w, https:\/\/www.usborkeychain.com\/wp-content\/uploads\/O1CN01gXvHAo1QuXRHdiltL_2211016602036-0-cib.jpg_.webp-300x300.jpg 300w, https:\/\/www.usborkeychain.com\/wp-content\/uploads\/O1CN01gXvHAo1QuXRHdiltL_2211016602036-0-cib.jpg_.webp-150x150.jpg 150w, https:\/\/www.usborkeychain.com\/wp-content\/uploads\/O1CN01gXvHAo1QuXRHdiltL_2211016602036-0-cib.jpg_.webp-768x768.jpg 768w, https:\/\/www.usborkeychain.com\/wp-content\/uploads\/O1CN01gXvHAo1QuXRHdiltL_2211016602036-0-cib.jpg_.webp-12x12.jpg 12w, https:\/\/www.usborkeychain.com\/wp-content\/uploads\/O1CN01gXvHAo1QuXRHdiltL_2211016602036-0-cib.jpg_.webp-600x600.jpg 600w, https:\/\/www.usborkeychain.com\/wp-content\/uploads\/O1CN01gXvHAo1QuXRHdiltL_2211016602036-0-cib.jpg_.webp-100x100.jpg 100w\" sizes=\"(max-width: 1000px) 100vw, 1000px\" \/><\/figure>\n<\/div>\n\n\n\n<div class=\"wp-block-column is-vertically-aligned-center is-layout-flow wp-block-column-is-layout-flow\">\n<p>No contexto da crescente demanda por escrit\u00f3rios e entretenimento digital, a unidade flash USB m\u00f3vel girat\u00f3ria de metal com duas interfaces Type-c se destacou por seu excelente desempenho e design inovador, tornando-se um gadget de armazenamento popular. <\/p>\n\n\n\n<p>Tomando um estilo de design simples e elegante como a t\u00f4nica, ele \u00e9 meticulosamente elaborado com materiais totalmente met\u00e1licos, n\u00e3o apenas com uma textura de alta qualidade, mas tamb\u00e9m demonstrando um senso de qualidade e estilo. <\/p>\n\n\n\n<p>O inv\u00f3lucro de metal robusto resiste com efic\u00e1cia ao desgaste di\u00e1rio e a colis\u00f5es, protegendo de forma abrangente a seguran\u00e7a dos dados.<\/p>\n\n\n\n<p>Como um estilo preferido de unidades flash USB para presente, ele integra perfeitamente fun\u00e7\u00f5es pr\u00e1ticas com uma apar\u00eancia requintada. Seja para intera\u00e7\u00f5es comerciais ou presentes de festivais, ele pode transmitir total sinceridade, o que o torna uma excelente op\u00e7\u00e3o para demonstrar considera\u00e7\u00e3o.<\/p>\n<\/div>\n<\/div>\n\n\n\n<div style=\"height:53px\" aria-hidden=\"true\" class=\"wp-block-spacer\"><\/div>\n\n\n\n<h2 class=\"wp-block-heading\">Design inovador: Um \"drive\" para dois usos<\/h2>\n\n\n\n<div class=\"wp-block-columns is-layout-flex wp-container-core-columns-is-layout-28f84493 wp-block-columns-is-layout-flex\">\n<div class=\"wp-block-column is-vertically-aligned-center is-layout-flow wp-block-column-is-layout-flow\">\n<p>A unidade flash USB m\u00f3vel girat\u00f3ria de metal com interfaces duplas Type-c adota um design inovador, equipado com interfaces duplas Type-c e USB, permitindo realmente a intercomunica\u00e7\u00e3o de dados entre telefones celulares e computadores. <\/p>\n\n\n\n<p>N\u00e3o h\u00e1 necessidade de depender de um conversor, atendendo facilmente \u00e0s necessidades de transmiss\u00e3o de v\u00e1rios dispositivos. O design sem tampa com rota\u00e7\u00e3o de 360 graus elimina completamente o problema da tampa da unidade flash USB tradicional, que \u00e9 f\u00e1cil de perder. <\/p>\n\n\n\n<p>Ao us\u00e1-lo, basta gir\u00e1-lo levemente para conect\u00e1-lo rapidamente ao dispositivo, com uma opera\u00e7\u00e3o suave e conveniente. <\/p>\n\n\n\n<p>O material totalmente met\u00e1lico, processado por um artesanato requintado, tem um toque delicado e suave, \u00e9 resistente ao desgaste e \u00e0 prova de arranh\u00f5es, e mostra uma sensa\u00e7\u00e3o de tecnologia da moda quando transportado e usado, adaptando-se facilmente a v\u00e1rios cen\u00e1rios.<\/p>\n<\/div>\n\n\n\n<div class=\"wp-block-column is-layout-flow wp-block-column-is-layout-flow\">\n<figure class=\"wp-block-image aligncenter size-full is-resized\"><img decoding=\"async\" width=\"1000\" height=\"1000\" src=\"https:\/\/www.usborkeychain.com\/wp-content\/uploads\/O1CN018gYYxH1QuXRE2TUV9_2211016602036-0-cib.jpg_.webp.jpg\" alt=\"Rotating Metal USB Type C 2.0 Cell Phone USB Flash Drive\" class=\"wp-image-3583\" style=\"object-fit:cover;width:600px;height:600px\" srcset=\"https:\/\/www.usborkeychain.com\/wp-content\/uploads\/O1CN018gYYxH1QuXRE2TUV9_2211016602036-0-cib.jpg_.webp.jpg 1000w, https:\/\/www.usborkeychain.com\/wp-content\/uploads\/O1CN018gYYxH1QuXRE2TUV9_2211016602036-0-cib.jpg_.webp-300x300.jpg 300w, https:\/\/www.usborkeychain.com\/wp-content\/uploads\/O1CN018gYYxH1QuXRE2TUV9_2211016602036-0-cib.jpg_.webp-150x150.jpg 150w, https:\/\/www.usborkeychain.com\/wp-content\/uploads\/O1CN018gYYxH1QuXRE2TUV9_2211016602036-0-cib.jpg_.webp-768x768.jpg 768w, https:\/\/www.usborkeychain.com\/wp-content\/uploads\/O1CN018gYYxH1QuXRE2TUV9_2211016602036-0-cib.jpg_.webp-12x12.jpg 12w, https:\/\/www.usborkeychain.com\/wp-content\/uploads\/O1CN018gYYxH1QuXRE2TUV9_2211016602036-0-cib.jpg_.webp-600x600.jpg 600w, https:\/\/www.usborkeychain.com\/wp-content\/uploads\/O1CN018gYYxH1QuXRE2TUV9_2211016602036-0-cib.jpg_.webp-100x100.jpg 100w\" sizes=\"(max-width: 1000px) 100vw, 1000px\" \/><\/figure>\n<\/div>\n<\/div>\n\n\n\n<h2 class=\"wp-block-heading\">Diversas interfaces: Transmiss\u00e3o ultrarr\u00e1pida<\/h2>\n\n\n\n<p>A unidade flash USB oferece uma rica sele\u00e7\u00e3o de interfaces, abrangendo USB 2.0, OTG, USB 3.0 e TYPE-C, atendendo \u00e0s necessidades de transmiss\u00e3o de diferentes dispositivos. Os par\u00e2metros espec\u00edficos s\u00e3o os seguintes:<\/p>\n\n\n\n<div class=\"wp-block-columns is-layout-flex wp-container-core-columns-is-layout-28f84493 wp-block-columns-is-layout-flex\">\n<div class=\"wp-block-column is-layout-flow wp-block-column-is-layout-flow\">\n<figure class=\"wp-block-image alignwide size-full\"><img decoding=\"async\" width=\"800\" height=\"800\" src=\"https:\/\/www.usborkeychain.com\/wp-content\/uploads\/rotating-metal-usb-type-c-flash-drive1.jpg\" alt=\"rotating metal usb type c flash drive1\" class=\"wp-image-3576\" srcset=\"https:\/\/www.usborkeychain.com\/wp-content\/uploads\/rotating-metal-usb-type-c-flash-drive1.jpg 800w, https:\/\/www.usborkeychain.com\/wp-content\/uploads\/rotating-metal-usb-type-c-flash-drive1-300x300.jpg 300w, https:\/\/www.usborkeychain.com\/wp-content\/uploads\/rotating-metal-usb-type-c-flash-drive1-150x150.jpg 150w, https:\/\/www.usborkeychain.com\/wp-content\/uploads\/rotating-metal-usb-type-c-flash-drive1-768x768.jpg 768w, https:\/\/www.usborkeychain.com\/wp-content\/uploads\/rotating-metal-usb-type-c-flash-drive1-12x12.jpg 12w, https:\/\/www.usborkeychain.com\/wp-content\/uploads\/rotating-metal-usb-type-c-flash-drive1-600x600.jpg 600w, https:\/\/www.usborkeychain.com\/wp-content\/uploads\/rotating-metal-usb-type-c-flash-drive1-100x100.jpg 100w\" sizes=\"(max-width: 800px) 100vw, 800px\" \/><\/figure>\n<\/div>\n\n\n\n<div class=\"wp-block-column is-layout-flow wp-block-column-is-layout-flow\">\n<figure class=\"wp-block-image alignwide size-full\"><img loading=\"lazy\" decoding=\"async\" width=\"800\" height=\"800\" src=\"https:\/\/www.usborkeychain.com\/wp-content\/uploads\/siliver-fastest-rotating-metal-usb-type-c-flash-drive.jpg\" alt=\"siliver-fastest rotating metal usb type c flash drive\" class=\"wp-image-3578\" srcset=\"https:\/\/www.usborkeychain.com\/wp-content\/uploads\/siliver-fastest-rotating-metal-usb-type-c-flash-drive.jpg 800w, https:\/\/www.usborkeychain.com\/wp-content\/uploads\/siliver-fastest-rotating-metal-usb-type-c-flash-drive-300x300.jpg 300w, https:\/\/www.usborkeychain.com\/wp-content\/uploads\/siliver-fastest-rotating-metal-usb-type-c-flash-drive-150x150.jpg 150w, https:\/\/www.usborkeychain.com\/wp-content\/uploads\/siliver-fastest-rotating-metal-usb-type-c-flash-drive-768x768.jpg 768w, https:\/\/www.usborkeychain.com\/wp-content\/uploads\/siliver-fastest-rotating-metal-usb-type-c-flash-drive-12x12.jpg 12w, https:\/\/www.usborkeychain.com\/wp-content\/uploads\/siliver-fastest-rotating-metal-usb-type-c-flash-drive-600x600.jpg 600w, https:\/\/www.usborkeychain.com\/wp-content\/uploads\/siliver-fastest-rotating-metal-usb-type-c-flash-drive-100x100.jpg 100w\" sizes=\"(max-width: 800px) 100vw, 800px\" \/><\/figure>\n<\/div>\n\n\n\n<div class=\"wp-block-column is-layout-flow wp-block-column-is-layout-flow\">\n<figure class=\"wp-block-image alignwide size-full\"><img loading=\"lazy\" decoding=\"async\" width=\"800\" height=\"800\" src=\"https:\/\/www.usborkeychain.com\/wp-content\/uploads\/rotating-metal-usb-type-c-flash-drive.jpg\" alt=\"rotating metal usb type c flash drive\" class=\"wp-image-3575\" srcset=\"https:\/\/www.usborkeychain.com\/wp-content\/uploads\/rotating-metal-usb-type-c-flash-drive.jpg 800w, https:\/\/www.usborkeychain.com\/wp-content\/uploads\/rotating-metal-usb-type-c-flash-drive-300x300.jpg 300w, https:\/\/www.usborkeychain.com\/wp-content\/uploads\/rotating-metal-usb-type-c-flash-drive-150x150.jpg 150w, https:\/\/www.usborkeychain.com\/wp-content\/uploads\/rotating-metal-usb-type-c-flash-drive-768x768.jpg 768w, https:\/\/www.usborkeychain.com\/wp-content\/uploads\/rotating-metal-usb-type-c-flash-drive-12x12.jpg 12w, https:\/\/www.usborkeychain.com\/wp-content\/uploads\/rotating-metal-usb-type-c-flash-drive-600x600.jpg 600w, https:\/\/www.usborkeychain.com\/wp-content\/uploads\/rotating-metal-usb-type-c-flash-drive-100x100.jpg 100w\" sizes=\"(max-width: 800px) 100vw, 800px\" \/><\/figure>\n<\/div>\n\n\n\n<div class=\"wp-block-column is-layout-flow wp-block-column-is-layout-flow\">\n<figure class=\"wp-block-image alignwide size-full\"><img loading=\"lazy\" decoding=\"async\" width=\"800\" height=\"800\" src=\"https:\/\/www.usborkeychain.com\/wp-content\/uploads\/gunmetal-fastest-rotating-metal-usb-type-c-flash-drive.jpg\" alt=\"gunmetal-fastest rotating metal usb type c flash drive\" class=\"wp-image-3574\" srcset=\"https:\/\/www.usborkeychain.com\/wp-content\/uploads\/gunmetal-fastest-rotating-metal-usb-type-c-flash-drive.jpg 800w, https:\/\/www.usborkeychain.com\/wp-content\/uploads\/gunmetal-fastest-rotating-metal-usb-type-c-flash-drive-300x300.jpg 300w, https:\/\/www.usborkeychain.com\/wp-content\/uploads\/gunmetal-fastest-rotating-metal-usb-type-c-flash-drive-150x150.jpg 150w, https:\/\/www.usborkeychain.com\/wp-content\/uploads\/gunmetal-fastest-rotating-metal-usb-type-c-flash-drive-768x768.jpg 768w, https:\/\/www.usborkeychain.com\/wp-content\/uploads\/gunmetal-fastest-rotating-metal-usb-type-c-flash-drive-12x12.jpg 12w, https:\/\/www.usborkeychain.com\/wp-content\/uploads\/gunmetal-fastest-rotating-metal-usb-type-c-flash-drive-600x600.jpg 600w, https:\/\/www.usborkeychain.com\/wp-content\/uploads\/gunmetal-fastest-rotating-metal-usb-type-c-flash-drive-100x100.jpg 100w\" sizes=\"(max-width: 800px) 100vw, 800px\" \/><\/figure>\n<\/div>\n\n\n\n<div class=\"wp-block-column is-layout-flow wp-block-column-is-layout-flow\">\n<figure class=\"wp-block-image alignwide size-full\"><img loading=\"lazy\" decoding=\"async\" width=\"800\" height=\"800\" src=\"https:\/\/www.usborkeychain.com\/wp-content\/uploads\/rotating-metal-usb-type-c-flash-drive2.jpg\" alt=\"rotating metal usb type c flash drive2\" class=\"wp-image-3577\" srcset=\"https:\/\/www.usborkeychain.com\/wp-content\/uploads\/rotating-metal-usb-type-c-flash-drive2.jpg 800w, https:\/\/www.usborkeychain.com\/wp-content\/uploads\/rotating-metal-usb-type-c-flash-drive2-300x300.jpg 300w, https:\/\/www.usborkeychain.com\/wp-content\/uploads\/rotating-metal-usb-type-c-flash-drive2-150x150.jpg 150w, https:\/\/www.usborkeychain.com\/wp-content\/uploads\/rotating-metal-usb-type-c-flash-drive2-768x768.jpg 768w, https:\/\/www.usborkeychain.com\/wp-content\/uploads\/rotating-metal-usb-type-c-flash-drive2-12x12.jpg 12w, https:\/\/www.usborkeychain.com\/wp-content\/uploads\/rotating-metal-usb-type-c-flash-drive2-600x600.jpg 600w, https:\/\/www.usborkeychain.com\/wp-content\/uploads\/rotating-metal-usb-type-c-flash-drive2-100x100.jpg 100w\" sizes=\"(max-width: 800px) 100vw, 800px\" \/><\/figure>\n<\/div>\n<\/div>\n\n\n\n<figure class=\"wp-block-table\"><table class=\"has-fixed-layout\"><thead><tr><th>Projeto<\/th><th>Detalhes do par\u00e2metro<\/th><\/tr><\/thead><tbody><tr><td>Tamanho<\/td><td>62 mm \u00d7 15 mm \u00d7 8 mm<\/td><\/tr><tr><td>Material<\/td><td>Metal<\/td><\/tr><tr><td>Peso<\/td><td>20g<\/td><\/tr><tr><td>Capacidade<\/td><td>8 GB - 256 GB (personaliz\u00e1vel)<\/td><\/tr><tr><td>Interfaces<\/td><td>USB 2.0, OTG, USB 3.0, TYPE-C<\/td><\/tr><\/tbody><\/table><\/figure>\n\n\n\n<div style=\"height:50px\" aria-hidden=\"true\" class=\"wp-block-spacer\"><\/div>\n\n\n\n<h2 class=\"wp-block-heading\">Op\u00e7\u00f5es coloridas: Armazenamento maci\u00e7o<\/h2>\n\n\n\n<div class=\"wp-block-columns is-layout-flex wp-container-core-columns-is-layout-28f84493 wp-block-columns-is-layout-flex\">\n<div class=\"wp-block-column is-layout-flow wp-block-column-is-layout-flow\">\n<figure class=\"wp-block-image aligncenter size-full is-resized\"><img loading=\"lazy\" decoding=\"async\" width=\"800\" height=\"800\" src=\"https:\/\/www.usborkeychain.com\/wp-content\/uploads\/fastest-rotating-metal-usb-type-c-flash-drive.jpg\" alt=\"fastest rotating metal usb type c flash drive\" class=\"wp-image-3573\" style=\"object-fit:cover;width:600px;height:600px\" srcset=\"https:\/\/www.usborkeychain.com\/wp-content\/uploads\/fastest-rotating-metal-usb-type-c-flash-drive.jpg 800w, https:\/\/www.usborkeychain.com\/wp-content\/uploads\/fastest-rotating-metal-usb-type-c-flash-drive-300x300.jpg 300w, https:\/\/www.usborkeychain.com\/wp-content\/uploads\/fastest-rotating-metal-usb-type-c-flash-drive-150x150.jpg 150w, https:\/\/www.usborkeychain.com\/wp-content\/uploads\/fastest-rotating-metal-usb-type-c-flash-drive-768x768.jpg 768w, https:\/\/www.usborkeychain.com\/wp-content\/uploads\/fastest-rotating-metal-usb-type-c-flash-drive-12x12.jpg 12w, https:\/\/www.usborkeychain.com\/wp-content\/uploads\/fastest-rotating-metal-usb-type-c-flash-drive-600x600.jpg 600w, https:\/\/www.usborkeychain.com\/wp-content\/uploads\/fastest-rotating-metal-usb-type-c-flash-drive-100x100.jpg 100w\" sizes=\"(max-width: 800px) 100vw, 800px\" \/><\/figure>\n<\/div>\n\n\n\n<div class=\"wp-block-column is-vertically-aligned-center is-layout-flow wp-block-column-is-layout-flow\">\n<p>A unidade flash USB m\u00f3vel girat\u00f3ria de metal com interfaces duplas Type-c est\u00e1 dispon\u00edvel em tr\u00eas cores cl\u00e1ssicas: ouro, prata e ouro rosa.<\/p>\n\n\n\n<p>Entre eles, o prata, com suas caracter\u00edsticas discretas, calmas e modernas, tornou-se a primeira op\u00e7\u00e3o para 80% dos usu\u00e1rios. <\/p>\n\n\n\n<p>A apar\u00eancia prateada \u00e9 simples e elegante, vers\u00e1til e adequada para qualquer ocasi\u00e3o, seja em uma reuni\u00e3o de neg\u00f3cios s\u00e9ria ou em uma viagem de lazer descontra\u00edda. <\/p>\n\n\n\n<p>O processo especial de tratamento de superf\u00edcie n\u00e3o s\u00f3 faz com que a cor permane\u00e7a brilhante, mas tamb\u00e9m aumenta a resist\u00eancia \u00e0 sujeira, mantendo-a limpa e nova ap\u00f3s o uso prolongado. <\/p>\n\n\n\n<p>Em termos de capacidade, ele oferece uma variedade de op\u00e7\u00f5es, como 8 GB, 16 GB, 32 GB, 64 GB e 128 GB, que podem facilmente armazenar arquivos de trabalho, fotos preciosas ou filmes de alta defini\u00e7\u00e3o.<\/p>\n<\/div>\n<\/div>\n\n\n\n<div style=\"height:40px\" aria-hidden=\"true\" class=\"wp-block-spacer\"><\/div>\n\n\n\n<h2 class=\"wp-block-heading\">Customiza\u00e7\u00e3o personalizada: Estilo exclusivo<\/h2>\n\n\n\n<div class=\"wp-block-columns is-layout-flex wp-container-core-columns-is-layout-28f84493 wp-block-columns-is-layout-flex\">\n<div class=\"wp-block-column is-vertically-aligned-center is-layout-flow wp-block-column-is-layout-flow\">\n<p>Deseja tornar a unidade flash USB exclusiva? A unidade flash USB m\u00f3vel girat\u00f3ria de metal com interfaces duplas Type-c oferece suporte a servi\u00e7os de personaliza\u00e7\u00e3o detalhados.<\/p>\n\n\n\n<p>O processo de grava\u00e7\u00e3o a laser apresenta um efeito oco delicado e requintado, e o logotipo \u00e9 claro e dur\u00e1vel; o processo de impress\u00e3o em tela de seda \u00e9 colorido com uma variedade de padr\u00f5es.<\/p>\n\n\n\n<p> Al\u00e9m disso, a embalagem tamb\u00e9m permite a personaliza\u00e7\u00e3o do logotipo, com embalagem padr\u00e3o em saco PP ou caixa de ferro. Voc\u00ea pode escolher de acordo com suas necessidades para criar um logotipo exclusivo, tornando cada transmiss\u00e3o de dados cheia de charme \u00fanico.<\/p>\n<\/div>\n\n\n\n<div class=\"wp-block-column is-layout-flow wp-block-column-is-layout-flow\">\n<figure class=\"wp-block-image aligncenter size-full is-resized\"><img loading=\"lazy\" decoding=\"async\" width=\"1000\" height=\"1000\" src=\"https:\/\/www.usborkeychain.com\/wp-content\/uploads\/O1CN018KiiH11QuXRGLR8i6_2211016602036-0-cib.jpg_.webp.jpg\" alt=\"Rotating Metal USB Type C 2.0\" class=\"wp-image-3584\" style=\"object-fit:cover;width:600px;height:600px\" srcset=\"https:\/\/www.usborkeychain.com\/wp-content\/uploads\/O1CN018KiiH11QuXRGLR8i6_2211016602036-0-cib.jpg_.webp.jpg 1000w, https:\/\/www.usborkeychain.com\/wp-content\/uploads\/O1CN018KiiH11QuXRGLR8i6_2211016602036-0-cib.jpg_.webp-300x300.jpg 300w, https:\/\/www.usborkeychain.com\/wp-content\/uploads\/O1CN018KiiH11QuXRGLR8i6_2211016602036-0-cib.jpg_.webp-150x150.jpg 150w, https:\/\/www.usborkeychain.com\/wp-content\/uploads\/O1CN018KiiH11QuXRGLR8i6_2211016602036-0-cib.jpg_.webp-768x768.jpg 768w, https:\/\/www.usborkeychain.com\/wp-content\/uploads\/O1CN018KiiH11QuXRGLR8i6_2211016602036-0-cib.jpg_.webp-12x12.jpg 12w, https:\/\/www.usborkeychain.com\/wp-content\/uploads\/O1CN018KiiH11QuXRGLR8i6_2211016602036-0-cib.jpg_.webp-600x600.jpg 600w, https:\/\/www.usborkeychain.com\/wp-content\/uploads\/O1CN018KiiH11QuXRGLR8i6_2211016602036-0-cib.jpg_.webp-100x100.jpg 100w\" sizes=\"(max-width: 1000px) 100vw, 1000px\" \/><\/figure>\n<\/div>\n<\/div>\n\n\n\n<div style=\"height:100px\" aria-hidden=\"true\" class=\"wp-block-spacer\"><\/div>\n\n\n\n<p>A unidade flash USB m\u00f3vel girat\u00f3ria de metal com interfaces duplas Type-c rompe a barreira da transmiss\u00e3o entre dispositivos com seu design inovador de interface dupla, combinado com diversas interfaces, capacidades avan\u00e7adas e servi\u00e7os de personaliza\u00e7\u00e3o, o que a torna a melhor op\u00e7\u00e3o para armazenamento de dados e para presentear. <\/p>\n\n\n\n<p>Seja um profissional que busca uma transmiss\u00e3o eficiente ou um usu\u00e1rio que presta aten\u00e7\u00e3o \u00e0 qualidade e \u00e0 personalidade, ele pode atender com precis\u00e3o \u00e0s necessidades e proporcionar uma experi\u00eancia de uso conveniente, eficiente e exclusiva.<\/p>","protected":false},"excerpt":{"rendered":"<ul>\n<li>Material met\u00e1lico<\/li>\n<li>Estilo rotativo<\/li>\n<li>USB2.0 USB3.0 USB3.1<\/li>\n<li>Logotipo personalizado<\/li>\n<li>MOQ: 100pcs<\/li>\n<li>Faixa de capacidade: 1GB - 1TB<\/li>\n<\/ul>","protected":false},"featured_media":3574,"comment_status":"open","ping_status":"closed","template":"","meta":{"_seopress_robots_primary_cat":"none","_seopress_titles_title":"","_seopress_titles_desc":"","_seopress_robots_index":"","site-sidebar-layout":"default","site-content-layout":"","ast-site-content-layout":"","site-content-style":"default","site-sidebar-style":"default","ast-global-header-display":"","ast-banner-title-visibility":"","ast-main-header-display":"","ast-hfb-above-header-display":"","ast-hfb-below-header-display":"","ast-hfb-mobile-header-display":"","site-post-title":"","ast-breadcrumbs-content":"","ast-featured-img":"","footer-sml-layout":"","theme-transparent-header-meta":"","adv-header-id-meta":"","stick-header-meta":"","header-above-stick-meta":"","header-main-stick-meta":"","header-below-stick-meta":"","astra-migrate-meta-layouts":"default","ast-page-background-enabled":"default","ast-page-background-meta":{"desktop":{"background-color":"var(--ast-global-color-5)","background-image":"","background-repeat":"repeat","background-position":"center center","background-size":"auto","background-attachment":"scroll","background-type":"","background-media":"","overlay-type":"","overlay-color":"","overlay-opacity":"","overlay-gradient":""},"tablet":{"background-color":"","background-image":"","background-repeat":"repeat","background-position":"center center","background-size":"auto","background-attachment":"scroll","background-type":"","background-media":"","overlay-type":"","overlay-color":"","overlay-opacity":"","overlay-gradient":""},"mobile":{"background-color":"","background-image":"","background-repeat":"repeat","background-position":"center center","background-size":"auto","background-attachment":"scroll","background-type":"","background-media":"","overlay-type":"","overlay-color":"","overlay-opacity":"","overlay-gradient":""}},"ast-content-background-meta":{"desktop":{"background-color":"var(--ast-global-color-4)","background-image":"","background-repeat":"repeat","background-position":"center center","background-size":"auto","background-attachment":"scroll","background-type":"","background-media":"","overlay-type":"","overlay-color":"","overlay-opacity":"","overlay-gradient":""},"tablet":{"background-color":"var(--ast-global-color-4)","background-image":"","background-repeat":"repeat","background-position":"center center","background-size":"auto","background-attachment":"scroll","background-type":"","background-media":"","overlay-type":"","overlay-color":"","overlay-opacity":"","overlay-gradient":""},"mobile":{"background-color":"var(--ast-global-color-4)","background-image":"","background-repeat":"repeat","background-position":"center center","background-size":"auto","background-attachment":"scroll","background-type":"","background-media":"","overlay-type":"","overlay-color":"","overlay-opacity":"","overlay-gradient":""}}},"product_brand":[],"product_cat":[89,105,104],"product_tag":[187,194,396],"class_list":{"0":"post-3570","1":"product","2":"type-product","3":"status-publish","4":"has-post-thumbnail","6":"product_cat-metal-usb-pendrive","7":"product_cat-usb-c-pendrive","8":"product_cat-usb3-0-usb-pendrive","9":"product_tag-metal-usb-c-flash-drive","10":"product_tag-rotating-otg-usb-flash-drive","11":"product_tag-stainless-steel-usb-flash-drive","12":"desktop-align-left","13":"tablet-align-left","14":"mobile-align-left","16":"first","17":"instock","18":"shipping-taxable","19":"product-type-simple"},"_links":{"self":[{"href":"https:\/\/www.usborkeychain.com\/pt\/wp-json\/wp\/v2\/product\/3570","targetHints":{"allow":["GET"]}}],"collection":[{"href":"https:\/\/www.usborkeychain.com\/pt\/wp-json\/wp\/v2\/product"}],"about":[{"href":"https:\/\/www.usborkeychain.com\/pt\/wp-json\/wp\/v2\/types\/product"}],"replies":[{"embeddable":true,"href":"https:\/\/www.usborkeychain.com\/pt\/wp-json\/wp\/v2\/comments?post=3570"}],"wp:featuredmedia":[{"embeddable":true,"href":"https:\/\/www.usborkeychain.com\/pt\/wp-json\/wp\/v2\/media\/3574"}],"wp:attachment":[{"href":"https:\/\/www.usborkeychain.com\/pt\/wp-json\/wp\/v2\/media?parent=3570"}],"wp:term":[{"taxonomy":"product_brand","embeddable":true,"href":"https:\/\/www.usborkeychain.com\/pt\/wp-json\/wp\/v2\/product_brand?post=3570"},{"taxonomy":"product_cat","embeddable":true,"href":"https:\/\/www.usborkeychain.com\/pt\/wp-json\/wp\/v2\/product_cat?post=3570"},{"taxonomy":"product_tag","embeddable":true,"href":"https:\/\/www.usborkeychain.com\/pt\/wp-json\/wp\/v2\/product_tag?post=3570"}],"curies":[{"name":"wp","href":"https:\/\/api.w.org\/{rel}","templated":true}]}}