{"id":3599,"date":"2025-06-28T01:52:43","date_gmt":"2025-06-28T01:52:43","guid":{"rendered":"https:\/\/www.usborkeychain.com\/?post_type=product&#038;p=3599"},"modified":"2025-08-17T13:17:41","modified_gmt":"2025-08-17T13:17:41","slug":"ultra-thin-mini-swivel-usb-flash-drive","status":"publish","type":"product","link":"https:\/\/www.usborkeychain.com\/pt\/produto\/ultra-thin-mini-swivel-usb-flash-drive\/","title":{"rendered":"Mini unidade flash USB girat\u00f3ria ultrafina"},"content":{"rendered":"<p>A mini unidade flash USB girat\u00f3ria de metal ultrafina tem sido um design popular h\u00e1 20 anos. Como um modelo girat\u00f3rio da s\u00e9rie mini, ele n\u00e3o apenas representa um armazenamento conveniente, mas tamb\u00e9m equilibra est\u00e9tica e durabilidade, sendo preferido por consumidores e clientes corporativos, especialmente em exporta\u00e7\u00f5es de com\u00e9rcio exterior, onde as vendas sempre estiveram entre as mais altas.<\/p>\n\n\n\n<div class=\"wp-block-columns is-layout-flex wp-container-core-columns-is-layout-28f84493 wp-block-columns-is-layout-flex\">\n<div class=\"wp-block-column is-layout-flow wp-block-column-is-layout-flow\">\n<figure class=\"wp-block-image size-full\"><img alt=\"sliver-mini swivel usb flash drive\" fetchpriority=\"high\" decoding=\"async\" width=\"800\" height=\"800\" src=\"https:\/\/www.usborkeychain.com\/wp-content\/uploads\/sliver-mini-swivel-usb-flash-drive.jpg\" class=\"wp-image-3606\" srcset=\"https:\/\/www.usborkeychain.com\/wp-content\/uploads\/sliver-mini-swivel-usb-flash-drive.jpg 800w, https:\/\/www.usborkeychain.com\/wp-content\/uploads\/sliver-mini-swivel-usb-flash-drive-300x300.jpg 300w, https:\/\/www.usborkeychain.com\/wp-content\/uploads\/sliver-mini-swivel-usb-flash-drive-150x150.jpg 150w, https:\/\/www.usborkeychain.com\/wp-content\/uploads\/sliver-mini-swivel-usb-flash-drive-768x768.jpg 768w, https:\/\/www.usborkeychain.com\/wp-content\/uploads\/sliver-mini-swivel-usb-flash-drive-12x12.jpg 12w, https:\/\/www.usborkeychain.com\/wp-content\/uploads\/sliver-mini-swivel-usb-flash-drive-600x600.jpg 600w, https:\/\/www.usborkeychain.com\/wp-content\/uploads\/sliver-mini-swivel-usb-flash-drive-100x100.jpg 100w\" sizes=\"(max-width: 800px) 100vw, 800px\" \/><\/figure>\n<\/div>\n\n\n\n<div class=\"wp-block-column is-layout-flow wp-block-column-is-layout-flow\">\n<figure class=\"wp-block-image size-full\"><img alt=\"mini thin swivel usb flash drive\" decoding=\"async\" width=\"800\" height=\"800\" src=\"https:\/\/www.usborkeychain.com\/wp-content\/uploads\/mini-thin-swivel-usb-flash-drive.jpg\" class=\"wp-image-3605\" srcset=\"https:\/\/www.usborkeychain.com\/wp-content\/uploads\/mini-thin-swivel-usb-flash-drive.jpg 800w, https:\/\/www.usborkeychain.com\/wp-content\/uploads\/mini-thin-swivel-usb-flash-drive-300x300.jpg 300w, https:\/\/www.usborkeychain.com\/wp-content\/uploads\/mini-thin-swivel-usb-flash-drive-150x150.jpg 150w, https:\/\/www.usborkeychain.com\/wp-content\/uploads\/mini-thin-swivel-usb-flash-drive-768x768.jpg 768w, https:\/\/www.usborkeychain.com\/wp-content\/uploads\/mini-thin-swivel-usb-flash-drive-12x12.jpg 12w, https:\/\/www.usborkeychain.com\/wp-content\/uploads\/mini-thin-swivel-usb-flash-drive-600x600.jpg 600w, https:\/\/www.usborkeychain.com\/wp-content\/uploads\/mini-thin-swivel-usb-flash-drive-100x100.jpg 100w\" sizes=\"(max-width: 800px) 100vw, 800px\" \/><\/figure>\n<\/div>\n\n\n\n<div class=\"wp-block-column is-layout-flow wp-block-column-is-layout-flow\">\n<figure class=\"wp-block-image size-full\"><img alt=\"mini swivel usb flash drive with keychain\" decoding=\"async\" width=\"800\" height=\"800\" src=\"https:\/\/www.usborkeychain.com\/wp-content\/uploads\/mini-swivel-usb-flash-drive-with-keychain.jpg\" class=\"wp-image-3603\" srcset=\"https:\/\/www.usborkeychain.com\/wp-content\/uploads\/mini-swivel-usb-flash-drive-with-keychain.jpg 800w, https:\/\/www.usborkeychain.com\/wp-content\/uploads\/mini-swivel-usb-flash-drive-with-keychain-300x300.jpg 300w, https:\/\/www.usborkeychain.com\/wp-content\/uploads\/mini-swivel-usb-flash-drive-with-keychain-150x150.jpg 150w, https:\/\/www.usborkeychain.com\/wp-content\/uploads\/mini-swivel-usb-flash-drive-with-keychain-768x768.jpg 768w, https:\/\/www.usborkeychain.com\/wp-content\/uploads\/mini-swivel-usb-flash-drive-with-keychain-12x12.jpg 12w, https:\/\/www.usborkeychain.com\/wp-content\/uploads\/mini-swivel-usb-flash-drive-with-keychain-600x600.jpg 600w, https:\/\/www.usborkeychain.com\/wp-content\/uploads\/mini-swivel-usb-flash-drive-with-keychain-100x100.jpg 100w\" sizes=\"(max-width: 800px) 100vw, 800px\" \/><\/figure>\n<\/div>\n<\/div>\n\n\n\n<h2 class=\"wp-block-heading\">Mini design ultrafino com material de liga de alum\u00ednio<\/h2>\n\n\n\n<p>A mini unidade flash USB girat\u00f3ria de metal ultrafina adota um design combinado de material de liga de alum\u00ednio e estrutura de pl\u00e1stico ABS. A carca\u00e7a de liga de alum\u00ednio oferece excelente durabilidade e textura e, por meio de processos de anodiza\u00e7\u00e3o, pode apresentar v\u00e1rias cores da moda, como cinza espacial, ouro rosa e ouro champanhe. A estrutura de pl\u00e1stico ABS permite a personaliza\u00e7\u00e3o flex\u00edvel para atender \u00e0s diversas necessidades de cores dos clientes. Seu maior destaque est\u00e1 no corpo ultrafino, com apenas 2 a 3 mm de espessura, leve e port\u00e1til, que pode ser facilmente guardado em carteiras ou bolsos. O design cl\u00e1ssico girat\u00f3rio com uma cabe\u00e7a redonda n\u00e3o apenas protege a interface USB, mas tamb\u00e9m confere ao produto uma est\u00e9tica mec\u00e2nica exclusiva, combinando praticidade e valor ornamental como um produto engenhoso desenvolvido e fabricado pela f\u00e1brica.<\/p>\n\n\n\n<div class=\"wp-block-columns is-layout-flex wp-container-core-columns-is-layout-28f84493 wp-block-columns-is-layout-flex\">\n<div class=\"wp-block-column is-layout-flow wp-block-column-is-layout-flow\">\n<figure class=\"wp-block-image size-full\"><img alt=\"mini swivel usb flash drive\" loading=\"lazy\" decoding=\"async\" width=\"800\" height=\"800\" src=\"https:\/\/www.usborkeychain.com\/wp-content\/uploads\/mini-swivel-usb-flash-drive.jpg\" class=\"wp-image-3604\" srcset=\"https:\/\/www.usborkeychain.com\/wp-content\/uploads\/mini-swivel-usb-flash-drive.jpg 800w, https:\/\/www.usborkeychain.com\/wp-content\/uploads\/mini-swivel-usb-flash-drive-300x300.jpg 300w, https:\/\/www.usborkeychain.com\/wp-content\/uploads\/mini-swivel-usb-flash-drive-150x150.jpg 150w, https:\/\/www.usborkeychain.com\/wp-content\/uploads\/mini-swivel-usb-flash-drive-768x768.jpg 768w, https:\/\/www.usborkeychain.com\/wp-content\/uploads\/mini-swivel-usb-flash-drive-12x12.jpg 12w, https:\/\/www.usborkeychain.com\/wp-content\/uploads\/mini-swivel-usb-flash-drive-600x600.jpg 600w, https:\/\/www.usborkeychain.com\/wp-content\/uploads\/mini-swivel-usb-flash-drive-100x100.jpg 100w\" sizes=\"(max-width: 800px) 100vw, 800px\" \/><\/figure>\n<\/div>\n\n\n\n<div class=\"wp-block-column is-layout-flow wp-block-column-is-layout-flow\">\n<figure class=\"wp-block-image size-full\"><img alt=\"colorful mini swivel usb flash drive\" loading=\"lazy\" decoding=\"async\" width=\"800\" height=\"800\" src=\"https:\/\/www.usborkeychain.com\/wp-content\/uploads\/colorful-mini-swivel-usb-flash-drive.jpg\" class=\"wp-image-3602\" srcset=\"https:\/\/www.usborkeychain.com\/wp-content\/uploads\/colorful-mini-swivel-usb-flash-drive.jpg 800w, https:\/\/www.usborkeychain.com\/wp-content\/uploads\/colorful-mini-swivel-usb-flash-drive-300x300.jpg 300w, https:\/\/www.usborkeychain.com\/wp-content\/uploads\/colorful-mini-swivel-usb-flash-drive-150x150.jpg 150w, https:\/\/www.usborkeychain.com\/wp-content\/uploads\/colorful-mini-swivel-usb-flash-drive-768x768.jpg 768w, https:\/\/www.usborkeychain.com\/wp-content\/uploads\/colorful-mini-swivel-usb-flash-drive-12x12.jpg 12w, https:\/\/www.usborkeychain.com\/wp-content\/uploads\/colorful-mini-swivel-usb-flash-drive-600x600.jpg 600w, https:\/\/www.usborkeychain.com\/wp-content\/uploads\/colorful-mini-swivel-usb-flash-drive-100x100.jpg 100w\" sizes=\"(max-width: 800px) 100vw, 800px\" \/><\/figure>\n<\/div>\n<\/div>\n\n\n\n<p>Essa unidade flash USB oferece duas op\u00e7\u00f5es de interface: USB2.0 e USB3.0, usando UDP \u00e0 prova d'\u00e1gua ultrafina para atender \u00e0s necessidades de diferentes dispositivos e velocidades de transmiss\u00e3o. A capacidade varia de 1 GB a 1 TB, o que facilita o armazenamento di\u00e1rio de arquivos de escrit\u00f3rio, v\u00eddeos de alta defini\u00e7\u00e3o e grandes backups de dados. Os par\u00e2metros detalhados s\u00e3o os seguintes:<\/p>\n\n\n\n<figure class=\"wp-block-table\"><table class=\"has-fixed-layout\"><thead><tr><th>Tipo de par\u00e2metro<\/th><th>Especifica\u00e7\u00f5es espec\u00edficas<\/th><\/tr><\/thead><tbody><tr><td>Tipo de interface<\/td><td>USB2.0, USB3.0<\/td><\/tr><tr><td>Capacidade de armazenamento<\/td><td>1GB, 2GB, 4GB, 8GB, 16GB, 32GB, 64GB, 128GB, 256GB, 512GB, 1TB<\/td><\/tr><tr><td>Especifica\u00e7\u00f5es de tamanho<\/td><td>Design ultrafino, espessura de 2 a 3 mm<\/td><\/tr><tr><td>Material<\/td><td>Corpo principal de liga de alum\u00ednio + estrutura de pl\u00e1stico ABS<\/td><\/tr><tr><td>Op\u00e7\u00f5es de cores<\/td><td>Liga de alum\u00ednio anodizado em v\u00e1rias cores, estrutura de pl\u00e1stico que permite a personaliza\u00e7\u00e3o<\/td><\/tr><tr><td>Velocidade de transmiss\u00e3o de dados<\/td><td>USB2.0: Velocidade de grava\u00e7\u00e3o de aprox. 6 MB\/s, velocidade de leitura de aprox. 15 MB\/s; USB3.0: Velocidade de grava\u00e7\u00e3o de aproximadamente 20 MB\/s, velocidade de leitura de aproximadamente 100 MB\/s<\/td><\/tr><\/tbody><\/table><\/figure>\n\n\n\n<h2 class=\"wp-block-heading\">Logotipo personaliz\u00e1vel para promo\u00e7\u00e3o da marca<\/h2>\n\n\n\n<p>A mini unidade flash USB girat\u00f3ria de metal ultrafina suporta a personaliza\u00e7\u00e3o de logotipos em ambos os lados, proporcionando um suporte ideal para promo\u00e7\u00e3o corporativa e constru\u00e7\u00e3o de marca. Para a parte de metal, a grava\u00e7\u00e3o a laser pode apresentar padr\u00f5es de logotipo claros e dur\u00e1veis, destacando a textura de alta qualidade; a tecnologia de impress\u00e3o em tela de seda tamb\u00e9m pode ser escolhida para obter cores ricas e exibi\u00e7\u00e3o detalhada. Devido \u00e0s suas caracter\u00edsticas de miniatura, leveza e praticidade, ele \u00e9 frequentemente usado em cen\u00e1rios como brindes comerciais e brindes para eventos, sendo muito popular entre clientes internacionais em exporta\u00e7\u00f5es de com\u00e9rcio exterior.<\/p>\n\n\n\n<p>Essa mini unidade flash USB girat\u00f3ria de metal ultrafina, com seu design cl\u00e1ssico, materiais de alta qualidade, par\u00e2metros avan\u00e7ados e servi\u00e7os de personaliza\u00e7\u00e3o flex\u00edveis, tornou-se uma escolha popular para a personaliza\u00e7\u00e3o do fabricante e compras no atacado, servindo como um produto ideal de armazenamento de dados que combina praticidade e valor de marca.<\/p>","protected":false},"excerpt":{"rendered":"<ul>\n<li>Mini estilo ultrafino<\/li>\n<li>Material de liga de alum\u00ednio<\/li>\n<li>UDP \u00e0 prova d'\u00e1gua<\/li>\n<li>MOQ:100PCS<\/li>\n<li>Muitas cores podem ser escolhidas<\/li>\n<\/ul>","protected":false},"featured_media":3606,"comment_status":"open","ping_status":"closed","template":"","meta":{"_seopress_robots_primary_cat":"","_seopress_titles_title":"","_seopress_titles_desc":"","_seopress_robots_index":"","site-sidebar-layout":"default","site-content-layout":"","ast-site-content-layout":"","site-content-style":"default","site-sidebar-style":"default","ast-global-header-display":"","ast-banner-title-visibility":"","ast-main-header-display":"","ast-hfb-above-header-display":"","ast-hfb-below-header-display":"","ast-hfb-mobile-header-display":"","site-post-title":"","ast-breadcrumbs-content":"","ast-featured-img":"","footer-sml-layout":"","theme-transparent-header-meta":"","adv-header-id-meta":"","stick-header-meta":"","header-above-stick-meta":"","header-main-stick-meta":"","header-below-stick-meta":"","astra-migrate-meta-layouts":"default","ast-page-background-enabled":"default","ast-page-background-meta":{"desktop":{"background-color":"var(--ast-global-color-5)","background-image":"","background-repeat":"repeat","background-position":"center center","background-size":"auto","background-attachment":"scroll","background-type":"","background-media":"","overlay-type":"","overlay-color":"","overlay-opacity":"","overlay-gradient":""},"tablet":{"background-color":"","background-image":"","background-repeat":"repeat","background-position":"center center","background-size":"auto","background-attachment":"scroll","background-type":"","background-media":"","overlay-type":"","overlay-color":"","overlay-opacity":"","overlay-gradient":""},"mobile":{"background-color":"","background-image":"","background-repeat":"repeat","background-position":"center center","background-size":"auto","background-attachment":"scroll","background-type":"","background-media":"","overlay-type":"","overlay-color":"","overlay-opacity":"","overlay-gradient":""}},"ast-content-background-meta":{"desktop":{"background-color":"var(--ast-global-color-4)","background-image":"","background-repeat":"repeat","background-position":"center center","background-size":"auto","background-attachment":"scroll","background-type":"","background-media":"","overlay-type":"","overlay-color":"","overlay-opacity":"","overlay-gradient":""},"tablet":{"background-color":"var(--ast-global-color-4)","background-image":"","background-repeat":"repeat","background-position":"center center","background-size":"auto","background-attachment":"scroll","background-type":"","background-media":"","overlay-type":"","overlay-color":"","overlay-opacity":"","overlay-gradient":""},"mobile":{"background-color":"var(--ast-global-color-4)","background-image":"","background-repeat":"repeat","background-position":"center center","background-size":"auto","background-attachment":"scroll","background-type":"","background-media":"","overlay-type":"","overlay-color":"","overlay-opacity":"","overlay-gradient":""}}},"product_brand":[],"product_cat":[89,113,106,101],"product_tag":[398,406,198],"class_list":{"0":"post-3599","1":"product","2":"type-product","3":"status-publish","4":"has-post-thumbnail","6":"product_cat-metal-usb-pendrive","7":"product_cat-mini-usb-pendrive","8":"product_cat-rotating-usb-pendrive","9":"product_cat-usb-pendrive-with-keychain","10":"product_tag-aluminum-usb-drive","11":"product_tag-metal-swivel-usb-drive","12":"product_tag-mini-metal-usb-drive","13":"desktop-align-left","14":"tablet-align-left","15":"mobile-align-left","17":"first","18":"instock","19":"shipping-taxable","20":"product-type-simple"},"_links":{"self":[{"href":"https:\/\/www.usborkeychain.com\/pt\/wp-json\/wp\/v2\/product\/3599","targetHints":{"allow":["GET"]}}],"collection":[{"href":"https:\/\/www.usborkeychain.com\/pt\/wp-json\/wp\/v2\/product"}],"about":[{"href":"https:\/\/www.usborkeychain.com\/pt\/wp-json\/wp\/v2\/types\/product"}],"replies":[{"embeddable":true,"href":"https:\/\/www.usborkeychain.com\/pt\/wp-json\/wp\/v2\/comments?post=3599"}],"wp:featuredmedia":[{"embeddable":true,"href":"https:\/\/www.usborkeychain.com\/pt\/wp-json\/wp\/v2\/media\/3606"}],"wp:attachment":[{"href":"https:\/\/www.usborkeychain.com\/pt\/wp-json\/wp\/v2\/media?parent=3599"}],"wp:term":[{"taxonomy":"product_brand","embeddable":true,"href":"https:\/\/www.usborkeychain.com\/pt\/wp-json\/wp\/v2\/product_brand?post=3599"},{"taxonomy":"product_cat","embeddable":true,"href":"https:\/\/www.usborkeychain.com\/pt\/wp-json\/wp\/v2\/product_cat?post=3599"},{"taxonomy":"product_tag","embeddable":true,"href":"https:\/\/www.usborkeychain.com\/pt\/wp-json\/wp\/v2\/product_tag?post=3599"}],"curies":[{"name":"wp","href":"https:\/\/api.w.org\/{rel}","templated":true}]}}