{"id":3617,"date":"2025-06-29T08:37:41","date_gmt":"2025-06-29T08:37:41","guid":{"rendered":"https:\/\/www.usborkeychain.com\/?post_type=product&#038;p=3617"},"modified":"2025-08-17T13:17:28","modified_gmt":"2025-08-17T13:17:28","slug":"2025-hot-selling-metal-twist-usb-type-c-flash-memory","status":"publish","type":"product","link":"https:\/\/www.usborkeychain.com\/pt\/produto\/2025-hot-selling-metal-twist-usb-type-c-flash-memory\/","title":{"rendered":"2025 Mem\u00f3ria flash USB tipo c com tor\u00e7\u00e3o met\u00e1lica de grande sucesso de vendas"},"content":{"rendered":"<p><\/p>\n\n\n\n<div class=\"wp-block-columns is-layout-flex wp-container-core-columns-is-layout-28f84493 wp-block-columns-is-layout-flex\">\n<div class=\"wp-block-column is-layout-flow wp-block-column-is-layout-flow\">\n<figure class=\"wp-block-image size-full\"><img alt=\"\" fetchpriority=\"high\" decoding=\"async\" width=\"800\" height=\"800\" src=\"https:\/\/www.usborkeychain.com\/wp-content\/uploads\/flash-memory-type-c.jpg\" class=\"wp-image-3622\" srcset=\"https:\/\/www.usborkeychain.com\/wp-content\/uploads\/flash-memory-type-c.jpg 800w, https:\/\/www.usborkeychain.com\/wp-content\/uploads\/flash-memory-type-c-300x300.jpg 300w, https:\/\/www.usborkeychain.com\/wp-content\/uploads\/flash-memory-type-c-150x150.jpg 150w, https:\/\/www.usborkeychain.com\/wp-content\/uploads\/flash-memory-type-c-768x768.jpg 768w, https:\/\/www.usborkeychain.com\/wp-content\/uploads\/flash-memory-type-c-12x12.jpg 12w, https:\/\/www.usborkeychain.com\/wp-content\/uploads\/flash-memory-type-c-600x600.jpg 600w, https:\/\/www.usborkeychain.com\/wp-content\/uploads\/flash-memory-type-c-100x100.jpg 100w\" sizes=\"(max-width: 800px) 100vw, 800px\" \/><\/figure>\n<\/div>\n\n\n\n<div class=\"wp-block-column is-vertically-aligned-center is-layout-flow wp-block-column-is-layout-flow\">\n<p>Em 2025, essa unidade flash USB m\u00f3vel girat\u00f3ria de metal se tornou um modelo muito popular no mercado. Como um produto estrela meticulosamente criado por fabricantes profissionais, ele \u00e9 equipado com uma interface Tipo C, feito de material totalmente met\u00e1lico e suporta rota\u00e7\u00e3o de 360 graus. <\/p>\n\n\n\n<p>Seja para a transmiss\u00e3o di\u00e1ria de dados ou para o armazenamento de arquivos comerciais, ele oferece aos usu\u00e1rios uma experi\u00eancia de uso eficiente e conveniente, o que o torna a escolha ideal para usu\u00e1rios individuais e para a personaliza\u00e7\u00e3o de atacado de empresas.<\/p>\n<\/div>\n<\/div>\n\n\n\n<h2 class=\"wp-block-heading\">Por que a unidade USB c Stick girat\u00f3ria de metal \u00e9 popular?<\/h2>\n\n\n\n<p>A unidade flash USB m\u00f3vel girat\u00f3ria de metal \u00e9 cuidadosamente fabricada por fabricantes poderosos, usando materiais met\u00e1licos de alta qualidade. A superf\u00edcie externa \u00e9 processada com tecnologia de pulveriza\u00e7\u00e3o de \u00f3leo fino, apresentando um toque suave e delicado que demonstra totalmente a textura de alta qualidade. O produto est\u00e1 dispon\u00edvel em tr\u00eas cores cl\u00e1ssicas: ouro, prata e bronze, entre as quais a prata se tornou a escolha popular para o mercado de atacado e personaliza\u00e7\u00e3o devido ao seu estilo simples e elegante. <\/p>\n\n\n\n<p>A unidade flash USB adota de forma inovadora um design sem tampa, combinado com uma estrutura girat\u00f3ria de 360 graus, que n\u00e3o apenas resolve o problema da f\u00e1cil perda das tampas tradicionais das unidades flash USB, mas tamb\u00e9m aprimora a est\u00e9tica e a praticidade do produto. Seja para uso pessoal ou para personaliza\u00e7\u00e3o de brindes corporativos, ele \u00e9 altamente atraente.<\/p>\n\n\n\n<div class=\"wp-block-columns is-layout-flex wp-container-core-columns-is-layout-28f84493 wp-block-columns-is-layout-flex\">\n<div class=\"wp-block-column is-layout-flow wp-block-column-is-layout-flow\">\n<figure class=\"wp-block-image size-full\"><img alt=\"\" decoding=\"async\" width=\"800\" height=\"800\" src=\"https:\/\/www.usborkeychain.com\/wp-content\/uploads\/usb-c-flash-storage.jpg\" class=\"wp-image-3632\" srcset=\"https:\/\/www.usborkeychain.com\/wp-content\/uploads\/usb-c-flash-storage.jpg 800w, https:\/\/www.usborkeychain.com\/wp-content\/uploads\/usb-c-flash-storage-300x300.jpg 300w, https:\/\/www.usborkeychain.com\/wp-content\/uploads\/usb-c-flash-storage-150x150.jpg 150w, https:\/\/www.usborkeychain.com\/wp-content\/uploads\/usb-c-flash-storage-768x768.jpg 768w, https:\/\/www.usborkeychain.com\/wp-content\/uploads\/usb-c-flash-storage-12x12.jpg 12w, https:\/\/www.usborkeychain.com\/wp-content\/uploads\/usb-c-flash-storage-600x600.jpg 600w, https:\/\/www.usborkeychain.com\/wp-content\/uploads\/usb-c-flash-storage-100x100.jpg 100w\" sizes=\"(max-width: 800px) 100vw, 800px\" \/><\/figure>\n<\/div>\n\n\n\n<div class=\"wp-block-column is-layout-flow wp-block-column-is-layout-flow\">\n<figure class=\"wp-block-image size-full\"><img alt=\"\" decoding=\"async\" width=\"800\" height=\"800\" src=\"https:\/\/www.usborkeychain.com\/wp-content\/uploads\/usb-c-flash-drive-for-phone.jpg\" class=\"wp-image-3631\" srcset=\"https:\/\/www.usborkeychain.com\/wp-content\/uploads\/usb-c-flash-drive-for-phone.jpg 800w, https:\/\/www.usborkeychain.com\/wp-content\/uploads\/usb-c-flash-drive-for-phone-300x300.jpg 300w, https:\/\/www.usborkeychain.com\/wp-content\/uploads\/usb-c-flash-drive-for-phone-150x150.jpg 150w, https:\/\/www.usborkeychain.com\/wp-content\/uploads\/usb-c-flash-drive-for-phone-768x768.jpg 768w, https:\/\/www.usborkeychain.com\/wp-content\/uploads\/usb-c-flash-drive-for-phone-12x12.jpg 12w, https:\/\/www.usborkeychain.com\/wp-content\/uploads\/usb-c-flash-drive-for-phone-600x600.jpg 600w, https:\/\/www.usborkeychain.com\/wp-content\/uploads\/usb-c-flash-drive-for-phone-100x100.jpg 100w\" sizes=\"(max-width: 800px) 100vw, 800px\" \/><\/figure>\n<\/div>\n\n\n\n<div class=\"wp-block-column is-layout-flow wp-block-column-is-layout-flow\">\n<figure class=\"wp-block-image size-full\"><img alt=\"\" loading=\"lazy\" decoding=\"async\" width=\"800\" height=\"800\" src=\"https:\/\/www.usborkeychain.com\/wp-content\/uploads\/Rose-Gold-Type-C-Cell-Phone-USB-Flash-Drive-Luxury-Meets-Versatility.jpg\" class=\"wp-image-3627\" srcset=\"https:\/\/www.usborkeychain.com\/wp-content\/uploads\/Rose-Gold-Type-C-Cell-Phone-USB-Flash-Drive-Luxury-Meets-Versatility.jpg 800w, https:\/\/www.usborkeychain.com\/wp-content\/uploads\/Rose-Gold-Type-C-Cell-Phone-USB-Flash-Drive-Luxury-Meets-Versatility-300x300.jpg 300w, https:\/\/www.usborkeychain.com\/wp-content\/uploads\/Rose-Gold-Type-C-Cell-Phone-USB-Flash-Drive-Luxury-Meets-Versatility-150x150.jpg 150w, https:\/\/www.usborkeychain.com\/wp-content\/uploads\/Rose-Gold-Type-C-Cell-Phone-USB-Flash-Drive-Luxury-Meets-Versatility-768x768.jpg 768w, https:\/\/www.usborkeychain.com\/wp-content\/uploads\/Rose-Gold-Type-C-Cell-Phone-USB-Flash-Drive-Luxury-Meets-Versatility-12x12.jpg 12w, https:\/\/www.usborkeychain.com\/wp-content\/uploads\/Rose-Gold-Type-C-Cell-Phone-USB-Flash-Drive-Luxury-Meets-Versatility-600x600.jpg 600w, https:\/\/www.usborkeychain.com\/wp-content\/uploads\/Rose-Gold-Type-C-Cell-Phone-USB-Flash-Drive-Luxury-Meets-Versatility-100x100.jpg 100w\" sizes=\"(max-width: 800px) 100vw, 800px\" \/><\/figure>\n<\/div>\n<\/div>\n\n\n\n<h2 class=\"wp-block-heading\">Informa\u00e7\u00f5es sobre o produto<\/h2>\n\n\n\n<figure class=\"wp-block-table\"><table class=\"has-fixed-layout\"><thead><tr><th>Tipo de par\u00e2metro<\/th><th>Par\u00e2metros espec\u00edficos<\/th><\/tr><\/thead><tbody><tr><td>Tipo de interface<\/td><td>USB2.0, USB3.0 (interface Tipo C)<\/td><\/tr><tr><td>Capacidade de armazenamento<\/td><td>1GB, 2GB, 4GB, 8GB, 16GB, 32GB, 64GB, 128GB, 256GB, 512GB, 1TB<\/td><\/tr><tr><td>Op\u00e7\u00f5es de cores<\/td><td>Ouro, Prata, Gunmetal<\/td><\/tr><tr><td>Material<\/td><td>Full Metal<\/td><\/tr><tr><td>Projeto de rota\u00e7\u00e3o<\/td><td>Rota\u00e7\u00e3o de 360 graus<\/td><\/tr><tr><td>Recursos especiais<\/td><td>Design sem tampa, chaveiro plano superior<\/td><\/tr><tr><td>Servi\u00e7os de personaliza\u00e7\u00e3o<\/td><td>Oferece suporte \u00e0 personaliza\u00e7\u00e3o do LOGOTIPO e da embalagem para atender \u00e0s necessidades de atacado da empresa<\/td><\/tr><\/tbody><\/table><\/figure>\n\n\n\n<h2 class=\"wp-block-heading\">Como \u00e9 o transporte da unidade flash girat\u00f3ria de metal para USB?<\/h2>\n\n\n\n<p>Como o modelo de unidade flash USB m\u00f3vel mais popular em 2025, a unidade flash USB m\u00f3vel girat\u00f3ria de metal tem uma engenhosidade \u00fanica em seu design detalhado. A parte superior da unidade flash USB \u00e9 equipada com um chaveiro plano, permitindo que os usu\u00e1rios a conectem facilmente a chaves, mochilas e outros itens pessoais, reduzindo bastante o risco de perda. Seja para uso pessoal di\u00e1rio ou para venda em larga escala por empresas como benef\u00edcios para funcion\u00e1rios ou brindes para eventos, esse design port\u00e1til traz grande conveni\u00eancia para os usu\u00e1rios, raz\u00e3o pela qual \u00e9 muito popular no mercado de personaliza\u00e7\u00e3o.<\/p>\n\n\n\n<div class=\"wp-block-columns is-layout-flex wp-container-core-columns-is-layout-28f84493 wp-block-columns-is-layout-flex\">\n<div class=\"wp-block-column is-layout-flow wp-block-column-is-layout-flow\">\n<figure class=\"wp-block-image size-full\"><img alt=\"\" loading=\"lazy\" decoding=\"async\" width=\"1000\" height=\"1000\" src=\"https:\/\/www.usborkeychain.com\/wp-content\/uploads\/usb-type-c-flash-memory.jpg\" class=\"wp-image-3633\" srcset=\"https:\/\/www.usborkeychain.com\/wp-content\/uploads\/usb-type-c-flash-memory.jpg 1000w, https:\/\/www.usborkeychain.com\/wp-content\/uploads\/usb-type-c-flash-memory-300x300.jpg 300w, https:\/\/www.usborkeychain.com\/wp-content\/uploads\/usb-type-c-flash-memory-150x150.jpg 150w, https:\/\/www.usborkeychain.com\/wp-content\/uploads\/usb-type-c-flash-memory-768x768.jpg 768w, https:\/\/www.usborkeychain.com\/wp-content\/uploads\/usb-type-c-flash-memory-12x12.jpg 12w, https:\/\/www.usborkeychain.com\/wp-content\/uploads\/usb-type-c-flash-memory-600x600.jpg 600w, https:\/\/www.usborkeychain.com\/wp-content\/uploads\/usb-type-c-flash-memory-100x100.jpg 100w\" sizes=\"(max-width: 1000px) 100vw, 1000px\" \/><\/figure>\n<\/div>\n\n\n\n<div class=\"wp-block-column is-layout-flow wp-block-column-is-layout-flow\">\n<figure class=\"wp-block-image size-full\"><img alt=\"\" loading=\"lazy\" decoding=\"async\" width=\"1000\" height=\"1000\" src=\"https:\/\/www.usborkeychain.com\/wp-content\/uploads\/type-c-and-usb-pen-drive.jpg\" class=\"wp-image-3629\" srcset=\"https:\/\/www.usborkeychain.com\/wp-content\/uploads\/type-c-and-usb-pen-drive.jpg 1000w, https:\/\/www.usborkeychain.com\/wp-content\/uploads\/type-c-and-usb-pen-drive-300x300.jpg 300w, https:\/\/www.usborkeychain.com\/wp-content\/uploads\/type-c-and-usb-pen-drive-150x150.jpg 150w, https:\/\/www.usborkeychain.com\/wp-content\/uploads\/type-c-and-usb-pen-drive-768x768.jpg 768w, https:\/\/www.usborkeychain.com\/wp-content\/uploads\/type-c-and-usb-pen-drive-12x12.jpg 12w, https:\/\/www.usborkeychain.com\/wp-content\/uploads\/type-c-and-usb-pen-drive-600x600.jpg 600w, https:\/\/www.usborkeychain.com\/wp-content\/uploads\/type-c-and-usb-pen-drive-100x100.jpg 100w\" sizes=\"(max-width: 1000px) 100vw, 1000px\" \/><\/figure>\n<\/div>\n<\/div>\n\n\n\n<h2 class=\"wp-block-heading\">Quantas interfaces a unidade flash de metal tipo c para USB tem?<\/h2>\n\n\n\n<p>A unidade flash USB m\u00f3vel girat\u00f3ria de metal usa atualmente uma interface TYPE-C unificada, com suporte a dois protocolos de transmiss\u00e3o: USB2.0 e USB3.0. Se a velocidade de transmiss\u00e3o de dados for r\u00e1pida, o protocolo USB3.0 \u00e9, sem d\u00favida, a melhor op\u00e7\u00e3o, com uma taxa de transmiss\u00e3o m\u00e1xima de at\u00e9 5 Gbps, o que pode melhorar significativamente a efici\u00eancia da transfer\u00eancia de arquivos. De acordo com o feedback do mercado, a vers\u00e3o USB3.0 \u00e9 atualmente a especifica\u00e7\u00e3o mais personalizada. Tanto os clientes individuais quanto os pedidos de atacado de empresas tendem a escolher essa configura\u00e7\u00e3o de alta efici\u00eancia, demonstrando plenamente sua forte competitividade no mercado.<\/p>\n\n\n\n<div class=\"wp-block-columns is-layout-flex wp-container-core-columns-is-layout-28f84493 wp-block-columns-is-layout-flex\">\n<div class=\"wp-block-column is-layout-flow wp-block-column-is-layout-flow\">\n<figure class=\"wp-block-image size-full\"><img alt=\"\" loading=\"lazy\" decoding=\"async\" width=\"1000\" height=\"1000\" src=\"https:\/\/www.usborkeychain.com\/wp-content\/uploads\/thumb-drive-usb-c.jpg\" class=\"wp-image-3628\" srcset=\"https:\/\/www.usborkeychain.com\/wp-content\/uploads\/thumb-drive-usb-c.jpg 1000w, https:\/\/www.usborkeychain.com\/wp-content\/uploads\/thumb-drive-usb-c-300x300.jpg 300w, https:\/\/www.usborkeychain.com\/wp-content\/uploads\/thumb-drive-usb-c-150x150.jpg 150w, https:\/\/www.usborkeychain.com\/wp-content\/uploads\/thumb-drive-usb-c-768x768.jpg 768w, https:\/\/www.usborkeychain.com\/wp-content\/uploads\/thumb-drive-usb-c-12x12.jpg 12w, https:\/\/www.usborkeychain.com\/wp-content\/uploads\/thumb-drive-usb-c-600x600.jpg 600w, https:\/\/www.usborkeychain.com\/wp-content\/uploads\/thumb-drive-usb-c-100x100.jpg 100w\" sizes=\"(max-width: 1000px) 100vw, 1000px\" \/><\/figure>\n<\/div>\n\n\n\n<div class=\"wp-block-column is-layout-flow wp-block-column-is-layout-flow\">\n<figure class=\"wp-block-image size-full\"><img alt=\"\" loading=\"lazy\" decoding=\"async\" width=\"1000\" height=\"1000\" src=\"https:\/\/www.usborkeychain.com\/wp-content\/uploads\/pendrive-type-c-and-usb.jpg\" class=\"wp-image-3625\" srcset=\"https:\/\/www.usborkeychain.com\/wp-content\/uploads\/pendrive-type-c-and-usb.jpg 1000w, https:\/\/www.usborkeychain.com\/wp-content\/uploads\/pendrive-type-c-and-usb-300x300.jpg 300w, https:\/\/www.usborkeychain.com\/wp-content\/uploads\/pendrive-type-c-and-usb-150x150.jpg 150w, https:\/\/www.usborkeychain.com\/wp-content\/uploads\/pendrive-type-c-and-usb-768x768.jpg 768w, https:\/\/www.usborkeychain.com\/wp-content\/uploads\/pendrive-type-c-and-usb-12x12.jpg 12w, https:\/\/www.usborkeychain.com\/wp-content\/uploads\/pendrive-type-c-and-usb-600x600.jpg 600w, https:\/\/www.usborkeychain.com\/wp-content\/uploads\/pendrive-type-c-and-usb-100x100.jpg 100w\" sizes=\"(max-width: 1000px) 100vw, 1000px\" \/><\/figure>\n<\/div>\n<\/div>\n\n\n\n<p>A unidade flash USB m\u00f3vel girat\u00f3ria de metal, meticulosamente elaborada por fabricantes profissionais, tem como principais vantagens materiais de alta qualidade, par\u00e2metros avan\u00e7ados, design cuidadoso e diversas interfaces, suporta personaliza\u00e7\u00e3o e vendas por atacado em larga escala e \u00e9 uma op\u00e7\u00e3o de alta qualidade para atender \u00e0s necessidades de armazenamento m\u00f3vel de indiv\u00edduos e empresas.<\/p>","protected":false},"excerpt":{"rendered":"<ul>\n<li>Material met\u00e1lico<\/li>\n<li>Design de estilo torcido<\/li>\n<li>\u00c9 poss\u00edvel escolher entre USB2.0 e USB3.0<\/li>\n<li>LOGOTIPO personalizado<\/li>\n<li>MOQ:50pcs<\/li>\n<\/ul>","protected":false},"featured_media":3620,"comment_status":"open","ping_status":"closed","template":"","meta":{"_seopress_robots_primary_cat":"","_seopress_titles_title":"","_seopress_titles_desc":"","_seopress_robots_index":"","site-sidebar-layout":"default","site-content-layout":"","ast-site-content-layout":"","site-content-style":"default","site-sidebar-style":"default","ast-global-header-display":"","ast-banner-title-visibility":"","ast-main-header-display":"","ast-hfb-above-header-display":"","ast-hfb-below-header-display":"","ast-hfb-mobile-header-display":"","site-post-title":"","ast-breadcrumbs-content":"","ast-featured-img":"","footer-sml-layout":"","theme-transparent-header-meta":"","adv-header-id-meta":"","stick-header-meta":"","header-above-stick-meta":"","header-main-stick-meta":"","header-below-stick-meta":"","astra-migrate-meta-layouts":"default","ast-page-background-enabled":"default","ast-page-background-meta":{"desktop":{"background-color":"var(--ast-global-color-5)","background-image":"","background-repeat":"repeat","background-position":"center center","background-size":"auto","background-attachment":"scroll","background-type":"","background-media":"","overlay-type":"","overlay-color":"","overlay-opacity":"","overlay-gradient":""},"tablet":{"background-color":"","background-image":"","background-repeat":"repeat","background-position":"center center","background-size":"auto","background-attachment":"scroll","background-type":"","background-media":"","overlay-type":"","overlay-color":"","overlay-opacity":"","overlay-gradient":""},"mobile":{"background-color":"","background-image":"","background-repeat":"repeat","background-position":"center center","background-size":"auto","background-attachment":"scroll","background-type":"","background-media":"","overlay-type":"","overlay-color":"","overlay-opacity":"","overlay-gradient":""}},"ast-content-background-meta":{"desktop":{"background-color":"var(--ast-global-color-4)","background-image":"","background-repeat":"repeat","background-position":"center center","background-size":"auto","background-attachment":"scroll","background-type":"","background-media":"","overlay-type":"","overlay-color":"","overlay-opacity":"","overlay-gradient":""},"tablet":{"background-color":"var(--ast-global-color-4)","background-image":"","background-repeat":"repeat","background-position":"center center","background-size":"auto","background-attachment":"scroll","background-type":"","background-media":"","overlay-type":"","overlay-color":"","overlay-opacity":"","overlay-gradient":""},"mobile":{"background-color":"var(--ast-global-color-4)","background-image":"","background-repeat":"repeat","background-position":"center center","background-size":"auto","background-attachment":"scroll","background-type":"","background-media":"","overlay-type":"","overlay-color":"","overlay-opacity":"","overlay-gradient":""}}},"product_brand":[],"product_cat":[89,106,105],"product_tag":[406,396],"class_list":{"0":"post-3617","1":"product","2":"type-product","3":"status-publish","4":"has-post-thumbnail","6":"product_cat-metal-usb-pendrive","7":"product_cat-rotating-usb-pendrive","8":"product_cat-usb-c-pendrive","9":"product_tag-metal-swivel-usb-drive","10":"product_tag-stainless-steel-usb-flash-drive","11":"desktop-align-left","12":"tablet-align-left","13":"mobile-align-left","15":"first","16":"instock","17":"shipping-taxable","18":"product-type-simple"},"_links":{"self":[{"href":"https:\/\/www.usborkeychain.com\/pt\/wp-json\/wp\/v2\/product\/3617","targetHints":{"allow":["GET"]}}],"collection":[{"href":"https:\/\/www.usborkeychain.com\/pt\/wp-json\/wp\/v2\/product"}],"about":[{"href":"https:\/\/www.usborkeychain.com\/pt\/wp-json\/wp\/v2\/types\/product"}],"replies":[{"embeddable":true,"href":"https:\/\/www.usborkeychain.com\/pt\/wp-json\/wp\/v2\/comments?post=3617"}],"wp:featuredmedia":[{"embeddable":true,"href":"https:\/\/www.usborkeychain.com\/pt\/wp-json\/wp\/v2\/media\/3620"}],"wp:attachment":[{"href":"https:\/\/www.usborkeychain.com\/pt\/wp-json\/wp\/v2\/media?parent=3617"}],"wp:term":[{"taxonomy":"product_brand","embeddable":true,"href":"https:\/\/www.usborkeychain.com\/pt\/wp-json\/wp\/v2\/product_brand?post=3617"},{"taxonomy":"product_cat","embeddable":true,"href":"https:\/\/www.usborkeychain.com\/pt\/wp-json\/wp\/v2\/product_cat?post=3617"},{"taxonomy":"product_tag","embeddable":true,"href":"https:\/\/www.usborkeychain.com\/pt\/wp-json\/wp\/v2\/product_tag?post=3617"}],"curies":[{"name":"wp","href":"https:\/\/api.w.org\/{rel}","templated":true}]}}