{"id":3634,"date":"2025-06-29T09:09:04","date_gmt":"2025-06-29T09:09:04","guid":{"rendered":"https:\/\/www.usborkeychain.com\/?post_type=product&#038;p=3634"},"modified":"2025-06-29T09:10:36","modified_gmt":"2025-06-29T09:10:36","slug":"double-sided-resin-push-pull-usb-flash-drive","status":"publish","type":"product","link":"https:\/\/www.usborkeychain.com\/pt\/produto\/double-sided-resin-push-pull-usb-flash-drive\/","title":{"rendered":"Unidade flash USB Push-Pull de resina dupla face"},"content":{"rendered":"<h3 class=\"wp-block-heading\"><\/h3>\n\n\n\n<div class=\"wp-block-columns is-layout-flex wp-container-core-columns-is-layout-28f84493 wp-block-columns-is-layout-flex\">\n<div class=\"wp-block-column is-layout-flow wp-block-column-is-layout-flow\">\n<figure class=\"wp-block-image size-full\"><img fetchpriority=\"high\" decoding=\"async\" width=\"750\" height=\"750\" src=\"https:\/\/www.usborkeychain.com\/wp-content\/uploads\/Double-Sided-Resin-Push-Pull-USB-Flash-Drive.jpg\" alt=\"Double-Sided Resin Push-Pull USB Flash Drive\" class=\"wp-image-3637\" srcset=\"https:\/\/www.usborkeychain.com\/wp-content\/uploads\/Double-Sided-Resin-Push-Pull-USB-Flash-Drive.jpg 750w, https:\/\/www.usborkeychain.com\/wp-content\/uploads\/Double-Sided-Resin-Push-Pull-USB-Flash-Drive-300x300.jpg 300w, https:\/\/www.usborkeychain.com\/wp-content\/uploads\/Double-Sided-Resin-Push-Pull-USB-Flash-Drive-150x150.jpg 150w, https:\/\/www.usborkeychain.com\/wp-content\/uploads\/Double-Sided-Resin-Push-Pull-USB-Flash-Drive-12x12.jpg 12w, https:\/\/www.usborkeychain.com\/wp-content\/uploads\/Double-Sided-Resin-Push-Pull-USB-Flash-Drive-600x600.jpg 600w, https:\/\/www.usborkeychain.com\/wp-content\/uploads\/Double-Sided-Resin-Push-Pull-USB-Flash-Drive-100x100.jpg 100w\" sizes=\"(max-width: 750px) 100vw, 750px\" \/><\/figure>\n<\/div>\n\n\n\n<div class=\"wp-block-column is-vertically-aligned-center is-layout-flow wp-block-column-is-layout-flow\">\n<h3 class=\"wp-block-heading\">Unidade flash USB Push-Pull de resina dupla face<\/h3>\n\n\n\n<p>A unidade flash USB push-pull de resina dupla face adota um design push-pull cl\u00e1ssico, com padr\u00f5es publicit\u00e1rios personaliz\u00e1veis de resina dupla face, adequados para cen\u00e1rios de brindes corporativos. <\/p>\n\n\n\n<p>O fornecimento direto do fabricante permite a personaliza\u00e7\u00e3o em massa, o que o torna uma op\u00e7\u00e3o pr\u00e1tica para brindes de confer\u00eancias e promo\u00e7\u00e3o da marca.<\/p>\n<\/div>\n<\/div>\n\n\n\n<h3 class=\"wp-block-heading\">Como o design Push-Pull permite o uso conveniente?<\/h3>\n\n\n\n<p>A unidade flash USB apresenta uma estrutura de bot\u00e3o push-pull: empurrar para frente ejeta a interface USB e puxar para tr\u00e1s a esconde para armazenamento, resolvendo completamente o problema de perda da tampa tradicional. O corpo de pl\u00e1stico \u00e9 leve e dur\u00e1vel, com amortecimento push-pull suave para facilitar a opera\u00e7\u00e3o com uma s\u00f3 m\u00e3o, adequado para cen\u00e1rios de escrit\u00f3rio de alta frequ\u00eancia.<\/p>\n\n\n\n<div class=\"wp-block-columns is-layout-flex wp-container-core-columns-is-layout-28f84493 wp-block-columns-is-layout-flex\">\n<div class=\"wp-block-column is-layout-flow wp-block-column-is-layout-flow\">\n<figure class=\"wp-block-image size-full\"><img decoding=\"async\" width=\"750\" height=\"750\" src=\"https:\/\/www.usborkeychain.com\/wp-content\/uploads\/Plastic-Push-Pull-USB-Flash-Drive.jpg\" alt=\"Plastic Push-Pull USB Flash Drive\" class=\"wp-image-3638\" srcset=\"https:\/\/www.usborkeychain.com\/wp-content\/uploads\/Plastic-Push-Pull-USB-Flash-Drive.jpg 750w, https:\/\/www.usborkeychain.com\/wp-content\/uploads\/Plastic-Push-Pull-USB-Flash-Drive-300x300.jpg 300w, https:\/\/www.usborkeychain.com\/wp-content\/uploads\/Plastic-Push-Pull-USB-Flash-Drive-150x150.jpg 150w, https:\/\/www.usborkeychain.com\/wp-content\/uploads\/Plastic-Push-Pull-USB-Flash-Drive-12x12.jpg 12w, https:\/\/www.usborkeychain.com\/wp-content\/uploads\/Plastic-Push-Pull-USB-Flash-Drive-600x600.jpg 600w, https:\/\/www.usborkeychain.com\/wp-content\/uploads\/Plastic-Push-Pull-USB-Flash-Drive-100x100.jpg 100w\" sizes=\"(max-width: 750px) 100vw, 750px\" \/><\/figure>\n<\/div>\n\n\n\n<div class=\"wp-block-column is-layout-flow wp-block-column-is-layout-flow\">\n<figure class=\"wp-block-image size-full\"><img decoding=\"async\" width=\"750\" height=\"750\" src=\"https:\/\/www.usborkeychain.com\/wp-content\/uploads\/Push-Pull-USB-Flash-Drive-with-Epoxy-Resin-Logo.jpg\" alt=\"Push-Pull USB Flash Drive with Epoxy Resin Logo\" class=\"wp-image-3639\" srcset=\"https:\/\/www.usborkeychain.com\/wp-content\/uploads\/Push-Pull-USB-Flash-Drive-with-Epoxy-Resin-Logo.jpg 750w, https:\/\/www.usborkeychain.com\/wp-content\/uploads\/Push-Pull-USB-Flash-Drive-with-Epoxy-Resin-Logo-300x300.jpg 300w, https:\/\/www.usborkeychain.com\/wp-content\/uploads\/Push-Pull-USB-Flash-Drive-with-Epoxy-Resin-Logo-150x150.jpg 150w, https:\/\/www.usborkeychain.com\/wp-content\/uploads\/Push-Pull-USB-Flash-Drive-with-Epoxy-Resin-Logo-12x12.jpg 12w, https:\/\/www.usborkeychain.com\/wp-content\/uploads\/Push-Pull-USB-Flash-Drive-with-Epoxy-Resin-Logo-600x600.jpg 600w, https:\/\/www.usborkeychain.com\/wp-content\/uploads\/Push-Pull-USB-Flash-Drive-with-Epoxy-Resin-Logo-100x100.jpg 100w\" sizes=\"(max-width: 750px) 100vw, 750px\" \/><\/figure>\n<\/div>\n<\/div>\n\n\n\n<h3 class=\"wp-block-heading\">Par\u00e2metros<\/h3>\n\n\n\n<figure class=\"wp-block-table\"><table class=\"has-fixed-layout\"><thead><tr><th>Tipo de par\u00e2metro<\/th><th>Par\u00e2metros espec\u00edficos<\/th><\/tr><\/thead><tbody><tr><td>Capacidade de armazenamento<\/td><td>1GB\/2GB\/4GB\/8GB\/16GB\/32GB\/64GB\/128GB\/256GB\/512GB\/1TB (todas as capacidades dispon\u00edveis)<\/td><\/tr><tr><td>Material da concha<\/td><td>Pl\u00e1stico ABS ecologicamente correto (superf\u00edcie coberta com resina)<\/td><\/tr><tr><td>Processo de resina<\/td><td>Processo de resina transparente de dupla face, com suporte para impress\u00e3o CMYK em cores, LOGOTIPO corporativo personaliz\u00e1vel, padr\u00f5es de eventos, etc. A camada de resina tem 0,2 mm de espessura, \u00e9 resistente a arranh\u00f5es e ao desgaste, n\u00e3o desbota nem racha ap\u00f3s o uso prolongado, protegendo efetivamente os padr\u00f5es da superf\u00edcie e aprimorando a textura visual.<\/td><\/tr><\/tbody><\/table><\/figure>\n\n\n\n<h3 class=\"wp-block-heading\">Vantagens do processo de resina na personaliza\u00e7\u00e3o de logotipos<\/h3>\n\n\n\n<p>O processo principal da unidade flash USB push-pull de resina dupla face \u00e9 formar uma camada protetora em ambos os lados do corpo de pl\u00e1stico por meio da tecnologia de cobertura de resina ep\u00f3xi. O fabricante oferece servi\u00e7os de impress\u00e3o de padr\u00f5es personalizados, incorporando LOGOTIPOs corporativos, slogans ou padr\u00f5es de design na camada de resina para apresentar efeitos tridimensionais de alta defini\u00e7\u00e3o. Esse processo n\u00e3o s\u00f3 melhora a beleza da apar\u00eancia da unidade flash USB, mas tamb\u00e9m evita efetivamente o desgaste da superf\u00edcie, tornando-a adequada para personaliza\u00e7\u00e3o em massa como brindes corporativos, permitindo que as imagens da marca sejam expostas frequentemente com o produto.<\/p>\n\n\n\n<p>A unidade flash USB push-pull de resina dupla face, com seu design cl\u00e1ssico push-pull, processo de personaliza\u00e7\u00e3o de resina e op\u00e7\u00f5es de capacidade total, torna-se uma op\u00e7\u00e3o econ\u00f4mica para a personaliza\u00e7\u00e3o de brindes corporativos e atacado em massa, ajudando a combinar a comunica\u00e7\u00e3o da marca com fun\u00e7\u00f5es pr\u00e1ticas de armazenamento.<\/p>","protected":false},"excerpt":{"rendered":"<ul>\n<li>Logotipo de resina dupla face<\/li>\n<li>Estilo Push-Pull<\/li>\n<li>\u00c9 poss\u00edvel escolher entre USB3.0 e USB2.0<\/li>\n<li>MOQ:100PCS<\/li>\n<li>Logotipo e embalagem personalizados<\/li>\n<\/ul>","protected":false},"featured_media":3637,"comment_status":"open","ping_status":"closed","template":"","meta":{"_seopress_robots_primary_cat":"","_seopress_titles_title":"","_seopress_titles_desc":"","_seopress_robots_index":"","site-sidebar-layout":"default","site-content-layout":"","ast-site-content-layout":"","site-content-style":"default","site-sidebar-style":"default","ast-global-header-display":"","ast-banner-title-visibility":"","ast-main-header-display":"","ast-hfb-above-header-display":"","ast-hfb-below-header-display":"","ast-hfb-mobile-header-display":"","site-post-title":"","ast-breadcrumbs-content":"","ast-featured-img":"","footer-sml-layout":"","theme-transparent-header-meta":"","adv-header-id-meta":"","stick-header-meta":"","header-above-stick-meta":"","header-main-stick-meta":"","header-below-stick-meta":"","astra-migrate-meta-layouts":"default","ast-page-background-enabled":"default","ast-page-background-meta":{"desktop":{"background-color":"var(--ast-global-color-5)","background-image":"","background-repeat":"repeat","background-position":"center center","background-size":"auto","background-attachment":"scroll","background-type":"","background-media":"","overlay-type":"","overlay-color":"","overlay-opacity":"","overlay-gradient":""},"tablet":{"background-color":"","background-image":"","background-repeat":"repeat","background-position":"center center","background-size":"auto","background-attachment":"scroll","background-type":"","background-media":"","overlay-type":"","overlay-color":"","overlay-opacity":"","overlay-gradient":""},"mobile":{"background-color":"","background-image":"","background-repeat":"repeat","background-position":"center center","background-size":"auto","background-attachment":"scroll","background-type":"","background-media":"","overlay-type":"","overlay-color":"","overlay-opacity":"","overlay-gradient":""}},"ast-content-background-meta":{"desktop":{"background-color":"var(--ast-global-color-4)","background-image":"","background-repeat":"repeat","background-position":"center center","background-size":"auto","background-attachment":"scroll","background-type":"","background-media":"","overlay-type":"","overlay-color":"","overlay-opacity":"","overlay-gradient":""},"tablet":{"background-color":"var(--ast-global-color-4)","background-image":"","background-repeat":"repeat","background-position":"center center","background-size":"auto","background-attachment":"scroll","background-type":"","background-media":"","overlay-type":"","overlay-color":"","overlay-opacity":"","overlay-gradient":""},"mobile":{"background-color":"var(--ast-global-color-4)","background-image":"","background-repeat":"repeat","background-position":"center center","background-size":"auto","background-attachment":"scroll","background-type":"","background-media":"","overlay-type":"","overlay-color":"","overlay-opacity":"","overlay-gradient":""}}},"product_brand":[],"product_cat":[92,109],"product_tag":[203,202],"class_list":{"0":"post-3634","1":"product","2":"type-product","3":"status-publish","4":"has-post-thumbnail","6":"product_cat-plastic-usb-pendrive","7":"product_cat-retractable-usb-pendrive","8":"product_tag-epoxy-usb-drive","9":"product_tag-push-pull-usb-flash-drive","10":"desktop-align-left","11":"tablet-align-left","12":"mobile-align-left","14":"first","15":"instock","16":"shipping-taxable","17":"product-type-simple"},"_links":{"self":[{"href":"https:\/\/www.usborkeychain.com\/pt\/wp-json\/wp\/v2\/product\/3634","targetHints":{"allow":["GET"]}}],"collection":[{"href":"https:\/\/www.usborkeychain.com\/pt\/wp-json\/wp\/v2\/product"}],"about":[{"href":"https:\/\/www.usborkeychain.com\/pt\/wp-json\/wp\/v2\/types\/product"}],"replies":[{"embeddable":true,"href":"https:\/\/www.usborkeychain.com\/pt\/wp-json\/wp\/v2\/comments?post=3634"}],"wp:featuredmedia":[{"embeddable":true,"href":"https:\/\/www.usborkeychain.com\/pt\/wp-json\/wp\/v2\/media\/3637"}],"wp:attachment":[{"href":"https:\/\/www.usborkeychain.com\/pt\/wp-json\/wp\/v2\/media?parent=3634"}],"wp:term":[{"taxonomy":"product_brand","embeddable":true,"href":"https:\/\/www.usborkeychain.com\/pt\/wp-json\/wp\/v2\/product_brand?post=3634"},{"taxonomy":"product_cat","embeddable":true,"href":"https:\/\/www.usborkeychain.com\/pt\/wp-json\/wp\/v2\/product_cat?post=3634"},{"taxonomy":"product_tag","embeddable":true,"href":"https:\/\/www.usborkeychain.com\/pt\/wp-json\/wp\/v2\/product_tag?post=3634"}],"curies":[{"name":"wp","href":"https:\/\/api.w.org\/{rel}","templated":true}]}}