{"id":3640,"date":"2025-06-29T10:24:33","date_gmt":"2025-06-29T10:24:33","guid":{"rendered":"https:\/\/www.usborkeychain.com\/?post_type=product&#038;p=3640"},"modified":"2025-06-29T10:25:39","modified_gmt":"2025-06-29T10:25:39","slug":"adata-uv-push-pull-usb-flash-drive","status":"publish","type":"product","link":"https:\/\/www.usborkeychain.com\/pt\/produto\/adata-uv-push-pull-usb-flash-drive\/","title":{"rendered":"Unidade flash USB ADATA UV Push-Pull"},"content":{"rendered":"<p><\/p>\n\n\n\n<div class=\"wp-block-columns is-layout-flex wp-container-core-columns-is-layout-28f84493 wp-block-columns-is-layout-flex\">\n<div class=\"wp-block-column is-layout-flow wp-block-column-is-layout-flow\">\n<figure class=\"wp-block-image size-full\"><img fetchpriority=\"high\" decoding=\"async\" width=\"1000\" height=\"1000\" src=\"https:\/\/www.usborkeychain.com\/wp-content\/uploads\/ADATA-UV-Push-Pull-USB-Flash-Drive.jpg\" alt=\"ADATA UV Push-Pull USB Flash Drive\" class=\"wp-image-3643\" srcset=\"https:\/\/www.usborkeychain.com\/wp-content\/uploads\/ADATA-UV-Push-Pull-USB-Flash-Drive.jpg 1000w, https:\/\/www.usborkeychain.com\/wp-content\/uploads\/ADATA-UV-Push-Pull-USB-Flash-Drive-300x300.jpg 300w, https:\/\/www.usborkeychain.com\/wp-content\/uploads\/ADATA-UV-Push-Pull-USB-Flash-Drive-150x150.jpg 150w, https:\/\/www.usborkeychain.com\/wp-content\/uploads\/ADATA-UV-Push-Pull-USB-Flash-Drive-768x768.jpg 768w, https:\/\/www.usborkeychain.com\/wp-content\/uploads\/ADATA-UV-Push-Pull-USB-Flash-Drive-12x12.jpg 12w, https:\/\/www.usborkeychain.com\/wp-content\/uploads\/ADATA-UV-Push-Pull-USB-Flash-Drive-600x600.jpg 600w, https:\/\/www.usborkeychain.com\/wp-content\/uploads\/ADATA-UV-Push-Pull-USB-Flash-Drive-100x100.jpg 100w\" sizes=\"(max-width: 1000px) 100vw, 1000px\" \/><\/figure>\n<\/div>\n\n\n\n<div class=\"wp-block-column is-vertically-aligned-center is-layout-flow wp-block-column-is-layout-flow\">\n<p>A unidade flash USB push-pull ADATA UV \u00e9 produzida pela ADATA Technology, uma marca l\u00edder mundial em armazenamento. Desde sua funda\u00e7\u00e3o em 2001, a ADATA sempre foi reconhecida mundialmente por suas tecnologias inovadoras e produtos de alta qualidade. <\/p>\n\n\n\n<p>Essa unidade USB d\u00e1 continuidade ao design cl\u00e1ssico push-pull, obtendo um armazenamento conveniente da interface USB por meio de uma estrutura mec\u00e2nica e combinando a durabilidade consistente e a apar\u00eancia elegante da ADATA. \u00c9 a op\u00e7\u00e3o ideal para escrit\u00f3rios comerciais e armazenamento de dados, com suporte \u00e0 personaliza\u00e7\u00e3o do fabricante e ao atacado em massa.<\/p>\n<\/div>\n<\/div>\n\n\n\n<h3 class=\"wp-block-heading\">1. Como \u00e9 o estilo de design da unidade flash USB Push-Pull ADATA UV?<\/h3>\n\n\n\n<p>A unidade flash USB push-pull UV da ADATA adota um design estrutural push-pull minimalista e pr\u00e1tico: pressionar suavemente o bot\u00e3o lateral ejeta a interface USB automaticamente, com um posicionamento preciso que garante a conex\u00e3o e a desconex\u00e3o est\u00e1veis; puxar o bot\u00e3o para tr\u00e1s retrai a interface completamente para dentro do compartimento, evitando efetivamente a entrada de poeira e danos f\u00edsicos. Esse design resolve completamente o problema de as unidades USB tradicionais com tampa serem propensas a perdas. Em conjunto com um corpo de pl\u00e1stico de engenharia ABS, ele equilibra leveza e resist\u00eancia ao desgaste. <\/p>\n\n\n\n<p>A superf\u00edcie do corpo \u00e9 tratada com tecnologia UV, apresentando uma textura delicada. Dispon\u00edvel em tr\u00eas cores: preto azeviche, branco p\u00e9rola e ouro rosa, ele permite a personaliza\u00e7\u00e3o do LOGOTIPO corporativo para atender \u00e0s necessidades personalizadas de brindes comerciais e atacado a granel.<\/p>\n\n\n\n<div class=\"wp-block-columns is-layout-flex wp-container-core-columns-is-layout-28f84493 wp-block-columns-is-layout-flex\">\n<div class=\"wp-block-column is-layout-flow wp-block-column-is-layout-flow\">\n<figure class=\"wp-block-image size-full\"><img alt=\"\" decoding=\"async\" width=\"750\" height=\"750\" src=\"https:\/\/www.usborkeychain.com\/wp-content\/uploads\/ADATA-UV-Push-Pull-USB-stick.jpg\" class=\"wp-image-3647\" srcset=\"https:\/\/www.usborkeychain.com\/wp-content\/uploads\/ADATA-UV-Push-Pull-USB-stick.jpg 750w, https:\/\/www.usborkeychain.com\/wp-content\/uploads\/ADATA-UV-Push-Pull-USB-stick-300x300.jpg 300w, https:\/\/www.usborkeychain.com\/wp-content\/uploads\/ADATA-UV-Push-Pull-USB-stick-150x150.jpg 150w, https:\/\/www.usborkeychain.com\/wp-content\/uploads\/ADATA-UV-Push-Pull-USB-stick-12x12.jpg 12w, https:\/\/www.usborkeychain.com\/wp-content\/uploads\/ADATA-UV-Push-Pull-USB-stick-600x600.jpg 600w, https:\/\/www.usborkeychain.com\/wp-content\/uploads\/ADATA-UV-Push-Pull-USB-stick-100x100.jpg 100w\" sizes=\"(max-width: 750px) 100vw, 750px\" \/><\/figure>\n<\/div>\n\n\n\n<div class=\"wp-block-column is-layout-flow wp-block-column-is-layout-flow\">\n<figure class=\"wp-block-image size-full\"><img alt=\"\" decoding=\"async\" width=\"750\" height=\"750\" src=\"https:\/\/www.usborkeychain.com\/wp-content\/uploads\/ADATA-UV-Push-Pull-USB-Flash-pendrive.jpg\" class=\"wp-image-3645\" srcset=\"https:\/\/www.usborkeychain.com\/wp-content\/uploads\/ADATA-UV-Push-Pull-USB-Flash-pendrive.jpg 750w, https:\/\/www.usborkeychain.com\/wp-content\/uploads\/ADATA-UV-Push-Pull-USB-Flash-pendrive-300x300.jpg 300w, https:\/\/www.usborkeychain.com\/wp-content\/uploads\/ADATA-UV-Push-Pull-USB-Flash-pendrive-150x150.jpg 150w, https:\/\/www.usborkeychain.com\/wp-content\/uploads\/ADATA-UV-Push-Pull-USB-Flash-pendrive-12x12.jpg 12w, https:\/\/www.usborkeychain.com\/wp-content\/uploads\/ADATA-UV-Push-Pull-USB-Flash-pendrive-600x600.jpg 600w, https:\/\/www.usborkeychain.com\/wp-content\/uploads\/ADATA-UV-Push-Pull-USB-Flash-pendrive-100x100.jpg 100w\" sizes=\"(max-width: 750px) 100vw, 750px\" \/><\/figure>\n<\/div>\n<\/div>\n\n\n\n<h3 class=\"wp-block-heading\">2. Quais s\u00e3o os par\u00e2metros da unidade flash USB Push-Pull ADATA UV?<\/h3>\n\n\n\n<figure class=\"wp-block-table\"><table class=\"has-fixed-layout\"><thead><tr><th>Tipo de par\u00e2metro<\/th><th>Par\u00e2metros espec\u00edficos<\/th><\/tr><\/thead><tbody><tr><td>Tipo de interface<\/td><td>USB3.0<\/td><\/tr><tr><td>Capacidade de armazenamento<\/td><td>32G 64G 128G 256G<\/td><\/tr><tr><td>Material do compartimento<\/td><td>ABS <\/td><\/tr><tr><td>Caracter\u00edsticas f\u00edsicas<\/td><td>Temperatura operacional: -20\u2103~60\u2103, temperatura de armazenamento: -40\u2103~85\u2103, passou em 100.000 testes de vida \u00fatil push-pull<\/td><\/tr><tr><td>Servi\u00e7os de personaliza\u00e7\u00e3o<\/td><td>Suporta grava\u00e7\u00e3o a laser de LOGO e personaliza\u00e7\u00e3o de impress\u00e3o UV; oferece design de caixa de embalagem personalizado para pedidos de mais de 100 (fornecimento direto do fabricante)<\/td><\/tr><tr><td>Padr\u00f5es de certifica\u00e7\u00e3o<\/td><td>Est\u00e1 em conformidade com as certifica\u00e7\u00f5es internacionais CE\/FCC\/RoHS e fornece relat\u00f3rios de inspe\u00e7\u00e3o de qualidade originais da ADATA<\/td><\/tr><\/tbody><\/table><\/figure>\n\n\n\n<h3 class=\"wp-block-heading\">3. O mecanismo push-pull da unidade flash USB ADATA UV Push-Pull est\u00e1 sujeito a danos?<\/h3>\n\n\n\n<p>A estrutura push-pull da unidade flash USB push-pull ADATA UV foi testada profissionalmente no laborat\u00f3rio da ADATA: usando uma estrutura composta de molas de metal e engrenagens de pl\u00e1stico, ela pode suportar mais de 100.000 opera\u00e7\u00f5es push-pull sem falhas. O corpo de pl\u00e1stico de engenharia ABS \u00e9 resistente a quedas e ao desgaste, combinado com um design de refor\u00e7o interno, protegendo efetivamente o chip mesmo em caso de quedas acidentais. <\/p>\n\n\n\n<p>Como fabricante de origem, a ADATA realiza testes de vida \u00fatil de amostragem em cada lote de produtos para garantir a estabilidade do mecanismo push-pull. Atualmente, a taxa de p\u00f3s-venda devido a problemas estruturais em pedidos corporativos por atacado para essa unidade USB \u00e9 inferior a 0,5%, e sua durabilidade foi reconhecida por muitos clientes.<\/p>\n\n\n\n<div class=\"wp-block-columns is-layout-flex wp-container-core-columns-is-layout-28f84493 wp-block-columns-is-layout-flex\">\n<div class=\"wp-block-column is-layout-flow wp-block-column-is-layout-flow\">\n<figure class=\"wp-block-image size-full\"><img alt=\"\" loading=\"lazy\" decoding=\"async\" width=\"750\" height=\"750\" src=\"https:\/\/www.usborkeychain.com\/wp-content\/uploads\/ADATA-UV-Push-Pull-USB-memory.jpg\" class=\"wp-image-3646\" srcset=\"https:\/\/www.usborkeychain.com\/wp-content\/uploads\/ADATA-UV-Push-Pull-USB-memory.jpg 750w, https:\/\/www.usborkeychain.com\/wp-content\/uploads\/ADATA-UV-Push-Pull-USB-memory-300x300.jpg 300w, https:\/\/www.usborkeychain.com\/wp-content\/uploads\/ADATA-UV-Push-Pull-USB-memory-150x150.jpg 150w, https:\/\/www.usborkeychain.com\/wp-content\/uploads\/ADATA-UV-Push-Pull-USB-memory-12x12.jpg 12w, https:\/\/www.usborkeychain.com\/wp-content\/uploads\/ADATA-UV-Push-Pull-USB-memory-600x600.jpg 600w, https:\/\/www.usborkeychain.com\/wp-content\/uploads\/ADATA-UV-Push-Pull-USB-memory-100x100.jpg 100w\" sizes=\"(max-width: 750px) 100vw, 750px\" \/><\/figure>\n<\/div>\n\n\n\n<div class=\"wp-block-column is-layout-flow wp-block-column-is-layout-flow\">\n<figure class=\"wp-block-image size-full\"><img alt=\"\" loading=\"lazy\" decoding=\"async\" width=\"750\" height=\"750\" src=\"https:\/\/www.usborkeychain.com\/wp-content\/uploads\/ADATA-UV-Push-Pull-USB-Flash-Disk.jpg\" class=\"wp-image-3644\" srcset=\"https:\/\/www.usborkeychain.com\/wp-content\/uploads\/ADATA-UV-Push-Pull-USB-Flash-Disk.jpg 750w, https:\/\/www.usborkeychain.com\/wp-content\/uploads\/ADATA-UV-Push-Pull-USB-Flash-Disk-300x300.jpg 300w, https:\/\/www.usborkeychain.com\/wp-content\/uploads\/ADATA-UV-Push-Pull-USB-Flash-Disk-150x150.jpg 150w, https:\/\/www.usborkeychain.com\/wp-content\/uploads\/ADATA-UV-Push-Pull-USB-Flash-Disk-12x12.jpg 12w, https:\/\/www.usborkeychain.com\/wp-content\/uploads\/ADATA-UV-Push-Pull-USB-Flash-Disk-600x600.jpg 600w, https:\/\/www.usborkeychain.com\/wp-content\/uploads\/ADATA-UV-Push-Pull-USB-Flash-Disk-100x100.jpg 100w\" sizes=\"(max-width: 750px) 100vw, 750px\" \/><\/figure>\n<\/div>\n<\/div>\n\n\n\n<h3 class=\"wp-block-heading\">4. Quais s\u00e3o as capacidades de armazenamento oferecidas pela unidade flash USB Push-Pull ADATA UV?<\/h3>\n\n\n\n<p>A unidade flash USB push-pull ADATA UV oferece uma ampla gama de capacidades de armazenamento para atender a diferentes necessidades: as capacidades principais incluem 32 GB, 64 GB, 128 GB e 256 GB, todas compat\u00edveis com o protocolo de transmiss\u00e3o de alta velocidade USB3.0, entre as quais as capacidades de 128 GB e 256 GB se tornaram escolhas populares para a personaliza\u00e7\u00e3o corporativa devido ao seu alto desempenho de custo. Para usu\u00e1rios com necessidades de grande capacidade, ele tamb\u00e9m oferece especifica\u00e7\u00f5es de armazenamento extragrande de 512 GB a 1 TB. Com a interface USB3.0, a transfer\u00eancia de um arquivo de 1 GB leva apenas cerca de 20 segundos, aumentando consideravelmente a efici\u00eancia do escrit\u00f3rio. Todas as vers\u00f5es de capacidade suportam servi\u00e7os de personaliza\u00e7\u00e3o do fabricante, e o LOGOTIPO e a embalagem exclusivos podem ser personalizados a partir de 100 unidades.<\/p>\n\n\n\n<p>A unidade flash USB push-pull ADATA UV, apoiada pela tecnologia da marca ADATA, combina o design cl\u00e1ssico push-pull, op\u00e7\u00f5es de grande capacidade e transmiss\u00e3o de alta velocidade USB3.0, o que a torna uma excelente op\u00e7\u00e3o para a personaliza\u00e7\u00e3o de brindes corporativos e atacado em massa. O fabricante de origem fornece um servi\u00e7o de processo completo, desde a personaliza\u00e7\u00e3o da apar\u00eancia at\u00e9 a configura\u00e7\u00e3o funcional, ajudando a aprimorar a imagem da marca e a efici\u00eancia do armazenamento.<\/p>","protected":false},"excerpt":{"rendered":"<ul>\n<li>Modelo ADATA UV<\/li>\n<li>Unidade flash USB Push-Pull<\/li>\n<li>Marca USB<\/li>\n<li>Logotipo personalizado<\/li>\n<li>MOQ:100PCS<\/li>\n<\/ul>","protected":false},"featured_media":3643,"comment_status":"open","ping_status":"closed","template":"","meta":{"_seopress_robots_primary_cat":"","_seopress_titles_title":"","_seopress_titles_desc":"","_seopress_robots_index":"","site-sidebar-layout":"default","site-content-layout":"","ast-site-content-layout":"","site-content-style":"default","site-sidebar-style":"default","ast-global-header-display":"","ast-banner-title-visibility":"","ast-main-header-display":"","ast-hfb-above-header-display":"","ast-hfb-below-header-display":"","ast-hfb-mobile-header-display":"","site-post-title":"","ast-breadcrumbs-content":"","ast-featured-img":"","footer-sml-layout":"","theme-transparent-header-meta":"","adv-header-id-meta":"","stick-header-meta":"","header-above-stick-meta":"","header-main-stick-meta":"","header-below-stick-meta":"","astra-migrate-meta-layouts":"default","ast-page-background-enabled":"default","ast-page-background-meta":{"desktop":{"background-color":"var(--ast-global-color-5)","background-image":"","background-repeat":"repeat","background-position":"center center","background-size":"auto","background-attachment":"scroll","background-type":"","background-media":"","overlay-type":"","overlay-color":"","overlay-opacity":"","overlay-gradient":""},"tablet":{"background-color":"","background-image":"","background-repeat":"repeat","background-position":"center center","background-size":"auto","background-attachment":"scroll","background-type":"","background-media":"","overlay-type":"","overlay-color":"","overlay-opacity":"","overlay-gradient":""},"mobile":{"background-color":"","background-image":"","background-repeat":"repeat","background-position":"center center","background-size":"auto","background-attachment":"scroll","background-type":"","background-media":"","overlay-type":"","overlay-color":"","overlay-opacity":"","overlay-gradient":""}},"ast-content-background-meta":{"desktop":{"background-color":"var(--ast-global-color-4)","background-image":"","background-repeat":"repeat","background-position":"center center","background-size":"auto","background-attachment":"scroll","background-type":"","background-media":"","overlay-type":"","overlay-color":"","overlay-opacity":"","overlay-gradient":""},"tablet":{"background-color":"var(--ast-global-color-4)","background-image":"","background-repeat":"repeat","background-position":"center center","background-size":"auto","background-attachment":"scroll","background-type":"","background-media":"","overlay-type":"","overlay-color":"","overlay-opacity":"","overlay-gradient":""},"mobile":{"background-color":"var(--ast-global-color-4)","background-image":"","background-repeat":"repeat","background-position":"center center","background-size":"auto","background-attachment":"scroll","background-type":"","background-media":"","overlay-type":"","overlay-color":"","overlay-opacity":"","overlay-gradient":""}}},"product_brand":[],"product_cat":[111,109],"product_tag":[204],"class_list":{"0":"post-3640","1":"product","2":"type-product","3":"status-publish","4":"has-post-thumbnail","6":"product_cat-brand-usb-pendrive","7":"product_cat-retractable-usb-pendrive","8":"product_tag-adata-usb-drive","9":"desktop-align-left","10":"tablet-align-left","11":"mobile-align-left","13":"first","14":"instock","15":"shipping-taxable","16":"product-type-simple"},"_links":{"self":[{"href":"https:\/\/www.usborkeychain.com\/pt\/wp-json\/wp\/v2\/product\/3640","targetHints":{"allow":["GET"]}}],"collection":[{"href":"https:\/\/www.usborkeychain.com\/pt\/wp-json\/wp\/v2\/product"}],"about":[{"href":"https:\/\/www.usborkeychain.com\/pt\/wp-json\/wp\/v2\/types\/product"}],"replies":[{"embeddable":true,"href":"https:\/\/www.usborkeychain.com\/pt\/wp-json\/wp\/v2\/comments?post=3640"}],"wp:featuredmedia":[{"embeddable":true,"href":"https:\/\/www.usborkeychain.com\/pt\/wp-json\/wp\/v2\/media\/3643"}],"wp:attachment":[{"href":"https:\/\/www.usborkeychain.com\/pt\/wp-json\/wp\/v2\/media?parent=3640"}],"wp:term":[{"taxonomy":"product_brand","embeddable":true,"href":"https:\/\/www.usborkeychain.com\/pt\/wp-json\/wp\/v2\/product_brand?post=3640"},{"taxonomy":"product_cat","embeddable":true,"href":"https:\/\/www.usborkeychain.com\/pt\/wp-json\/wp\/v2\/product_cat?post=3640"},{"taxonomy":"product_tag","embeddable":true,"href":"https:\/\/www.usborkeychain.com\/pt\/wp-json\/wp\/v2\/product_tag?post=3640"}],"curies":[{"name":"wp","href":"https:\/\/api.w.org\/{rel}","templated":true}]}}