{"id":3658,"date":"2025-06-30T01:33:22","date_gmt":"2025-06-30T01:33:22","guid":{"rendered":"https:\/\/www.usborkeychain.com\/?post_type=product&#038;p=3658"},"modified":"2025-06-30T02:04:28","modified_gmt":"2025-06-30T02:04:28","slug":"bcu-2-encrypted-usb-flash-drives","status":"publish","type":"product","link":"https:\/\/www.usborkeychain.com\/pt\/produto\/bcu-2-encrypted-usb-flash-drives\/","title":{"rendered":"Unidades flash USB criptografadas BCU-2"},"content":{"rendered":"<h2 class=\"wp-block-heading\">O que \u00e9 uma unidade USB criptografada por impress\u00e3o digital?<\/h2>\n\n\n\n<div class=\"wp-block-columns is-layout-flex wp-container-core-columns-is-layout-28f84493 wp-block-columns-is-layout-flex\">\n<div class=\"wp-block-column is-layout-flow wp-block-column-is-layout-flow\">\n<figure class=\"wp-block-image size-full\"><img fetchpriority=\"high\" decoding=\"async\" width=\"800\" height=\"800\" src=\"https:\/\/www.usborkeychain.com\/wp-content\/uploads\/Fingerprint-USB-Flash-Drive-for-Computer.jpg\" alt=\"Fingerprint USB Flash Drive for Computer\" class=\"wp-image-3662\" srcset=\"https:\/\/www.usborkeychain.com\/wp-content\/uploads\/Fingerprint-USB-Flash-Drive-for-Computer.jpg 800w, https:\/\/www.usborkeychain.com\/wp-content\/uploads\/Fingerprint-USB-Flash-Drive-for-Computer-300x300.jpg 300w, https:\/\/www.usborkeychain.com\/wp-content\/uploads\/Fingerprint-USB-Flash-Drive-for-Computer-150x150.jpg 150w, https:\/\/www.usborkeychain.com\/wp-content\/uploads\/Fingerprint-USB-Flash-Drive-for-Computer-768x768.jpg 768w, https:\/\/www.usborkeychain.com\/wp-content\/uploads\/Fingerprint-USB-Flash-Drive-for-Computer-12x12.jpg 12w, https:\/\/www.usborkeychain.com\/wp-content\/uploads\/Fingerprint-USB-Flash-Drive-for-Computer-600x600.jpg 600w, https:\/\/www.usborkeychain.com\/wp-content\/uploads\/Fingerprint-USB-Flash-Drive-for-Computer-100x100.jpg 100w\" sizes=\"(max-width: 800px) 100vw, 800px\" \/><\/figure>\n<\/div>\n\n\n\n<div class=\"wp-block-column is-vertically-aligned-center is-layout-flow wp-block-column-is-layout-flow\">\n<p>A unidade flash USB com impress\u00e3o digital BCU-02 \u00e9 orgulhosamente lan\u00e7ada pela YOUSAN, um fabricante profissional de USB, como a primeira unidade USB criptografada por impress\u00e3o digital da marca. <\/p>\n\n\n\n<p>Com um corpo totalmente met\u00e1lico e fun\u00e7\u00e3o de gerenciamento de impress\u00e3o digital, ele equilibra a seguran\u00e7a dos dados com uma textura de alta qualidade. Desenvolvido especificamente para criptografia de dados corporativos e cen\u00e1rios de presentes comerciais, este produto suporta desbloqueio de impress\u00e3o digital, armazenamento criptografado e outras fun\u00e7\u00f5es. <\/p>\n\n\n\n<p>Com fornecimento direto da f\u00e1brica de origem, ele oferece suporte \u00e0 personaliza\u00e7\u00e3o em massa e ao atacado, o que o torna a op\u00e7\u00e3o preferida de armazenamento seguro para setores como o financeiro e o governamental.<\/p>\n<\/div>\n<\/div>\n\n\n\n<p><\/p>\n\n\n\n<h3 class=\"wp-block-heading\">Quais s\u00e3o os materiais e as cores da unidade flash USB de impress\u00e3o digital BCU-02?<\/h3>\n\n\n\n<p>Fabricado com materiais totalmente met\u00e1licos de alta qualidade, o BCU-02 \u00e9 submetido \u00e0 usinagem de precis\u00e3o CNC com bordas arredondadas para um toque suave, combinando durabilidade e resist\u00eancia a arranh\u00f5es. Dispon\u00edvel em duas cores cl\u00e1ssicas - prata e preto - a superf\u00edcie \u00e9 tratada com um processo de anodiza\u00e7\u00e3o para evitar desbotamento e arranh\u00f5es. O design minimalista com textura met\u00e1lica \u00e9 adequado para uso comercial e facilita a personaliza\u00e7\u00e3o do LOGOTIPO corporativo para brindes da marca. Uma quantidade m\u00ednima de pedido de 100 pe\u00e7as permite servi\u00e7os personalizados de customiza\u00e7\u00e3o de cores da f\u00e1brica.<\/p>\n\n\n\n<div class=\"wp-block-columns is-layout-flex wp-container-core-columns-is-layout-28f84493 wp-block-columns-is-layout-flex\">\n<div class=\"wp-block-column is-layout-flow wp-block-column-is-layout-flow\">\n<figure class=\"wp-block-image size-full\"><img alt=\"\" decoding=\"async\" width=\"800\" height=\"800\" src=\"https:\/\/www.usborkeychain.com\/wp-content\/uploads\/silver-Fingerprint-USB-Flash-Drive-for-Computer.jpg\" class=\"wp-image-3666\" srcset=\"https:\/\/www.usborkeychain.com\/wp-content\/uploads\/silver-Fingerprint-USB-Flash-Drive-for-Computer.jpg 800w, https:\/\/www.usborkeychain.com\/wp-content\/uploads\/silver-Fingerprint-USB-Flash-Drive-for-Computer-300x300.jpg 300w, https:\/\/www.usborkeychain.com\/wp-content\/uploads\/silver-Fingerprint-USB-Flash-Drive-for-Computer-150x150.jpg 150w, https:\/\/www.usborkeychain.com\/wp-content\/uploads\/silver-Fingerprint-USB-Flash-Drive-for-Computer-768x768.jpg 768w, https:\/\/www.usborkeychain.com\/wp-content\/uploads\/silver-Fingerprint-USB-Flash-Drive-for-Computer-12x12.jpg 12w, https:\/\/www.usborkeychain.com\/wp-content\/uploads\/silver-Fingerprint-USB-Flash-Drive-for-Computer-600x600.jpg 600w, https:\/\/www.usborkeychain.com\/wp-content\/uploads\/silver-Fingerprint-USB-Flash-Drive-for-Computer-100x100.jpg 100w\" sizes=\"(max-width: 800px) 100vw, 800px\" \/><\/figure>\n<\/div>\n\n\n\n<div class=\"wp-block-column is-layout-flow wp-block-column-is-layout-flow\">\n<figure class=\"wp-block-image size-full\"><img alt=\"\" decoding=\"async\" width=\"800\" height=\"800\" src=\"https:\/\/www.usborkeychain.com\/wp-content\/uploads\/Fingerprint-USB-Flash-Drive-use.jpg\" class=\"wp-image-3665\" srcset=\"https:\/\/www.usborkeychain.com\/wp-content\/uploads\/Fingerprint-USB-Flash-Drive-use.jpg 800w, https:\/\/www.usborkeychain.com\/wp-content\/uploads\/Fingerprint-USB-Flash-Drive-use-300x300.jpg 300w, https:\/\/www.usborkeychain.com\/wp-content\/uploads\/Fingerprint-USB-Flash-Drive-use-150x150.jpg 150w, https:\/\/www.usborkeychain.com\/wp-content\/uploads\/Fingerprint-USB-Flash-Drive-use-768x768.jpg 768w, https:\/\/www.usborkeychain.com\/wp-content\/uploads\/Fingerprint-USB-Flash-Drive-use-12x12.jpg 12w, https:\/\/www.usborkeychain.com\/wp-content\/uploads\/Fingerprint-USB-Flash-Drive-use-600x600.jpg 600w, https:\/\/www.usborkeychain.com\/wp-content\/uploads\/Fingerprint-USB-Flash-Drive-use-100x100.jpg 100w\" sizes=\"(max-width: 800px) 100vw, 800px\" \/><\/figure>\n<\/div>\n<\/div>\n\n\n\n<h3 class=\"wp-block-heading\">Par\u00e2metros<\/h3>\n\n\n\n<figure class=\"wp-block-table\"><table class=\"has-fixed-layout\"><thead><tr><th>Tipo de par\u00e2metro<\/th><th>Par\u00e2metros espec\u00edficos<\/th><\/tr><\/thead><tbody><tr><td>Tipo de interface<\/td><td>USB3.0 (velocidade m\u00e1xima de transmiss\u00e3o de 5 Gbps, compat\u00edvel com dispositivos USB2.0)<\/td><\/tr><tr><td>Capacidade de armazenamento<\/td><td>32GB\/64GB\/128GB\/256GB\/512GB (todas as capacidades permitem personaliza\u00e7\u00e3o)<\/td><\/tr><tr><td>Material e processo<\/td><td>Corpo em liga de alum\u00ednio de grau aeroespacial, tratamento de superf\u00edcie anodizado<\/td><\/tr><tr><td>Fun\u00e7\u00e3o de impress\u00e3o digital<\/td><td>1 conta de administrador, suporta o registro de 10 grupos de impress\u00f5es digitais, velocidade de reconhecimento de impress\u00f5es digitais &lt; 0,5 segundos<\/td><\/tr><tr><td>Tecnologia de criptografia<\/td><td>Criptografia de hardware AES-256, armazenamento criptografado ap\u00f3s o desbloqueio da impress\u00e3o digital<\/td><\/tr><tr><td>Servi\u00e7os de personaliza\u00e7\u00e3o<\/td><td>Suporta grava\u00e7\u00e3o a laser e serigrafia para personaliza\u00e7\u00e3o do LOGOTIPO; os pedidos a granel no atacado podem desfrutar de caixas de embalagem personalizadas (fornecimento direto da f\u00e1brica)<\/td><\/tr><tr><td>Caracter\u00edsticas f\u00edsicas<\/td><td>Temperatura operacional: -20\u2103~60\u2103, temperatura de armazenamento: -40\u2103~85\u2103, aprovado no teste de queda de 1,5 m<\/td><\/tr><\/tbody><\/table><\/figure>\n\n\n\n<h3 class=\"wp-block-heading\">Como personalizar o logotipo da unidade flash USB de impress\u00e3o digital BCU-02?<\/h3>\n\n\n\n<p>O BCU-02 suporta dois processos de personaliza\u00e7\u00e3o principais: grava\u00e7\u00e3o a laser, que cria marcas permanentes com um LOGOTIPO de textura fosca na superf\u00edcie do metal, e serigrafia, que suporta impress\u00e3o multicolorida para padr\u00f5es complexos e cores VI corporativas. A f\u00e1brica oferece servi\u00e7os de amostragem gratuitos, e a personaliza\u00e7\u00e3o exclusiva do LOGOTIPO est\u00e1 dispon\u00edvel a partir de 100 pe\u00e7as, geralmente usadas para brindes corporativos e benef\u00edcios para funcion\u00e1rios. Os pedidos por atacado de 500 pe\u00e7as ou mais podem desfrutar do design personalizado da caixa de embalagem, aprimorando a comunica\u00e7\u00e3o da marca com os atributos premium da unidade USB de impress\u00e3o digital.<\/p>\n\n\n\n<div class=\"wp-block-columns is-layout-flex wp-container-core-columns-is-layout-28f84493 wp-block-columns-is-layout-flex\">\n<div class=\"wp-block-column is-layout-flow wp-block-column-is-layout-flow\">\n<figure class=\"wp-block-image size-full\"><img alt=\"\" loading=\"lazy\" decoding=\"async\" width=\"800\" height=\"800\" src=\"https:\/\/www.usborkeychain.com\/wp-content\/uploads\/Fingerprint-USB-Flash-Drive-for-Computer-for-iphone.jpg\" class=\"wp-image-3664\" srcset=\"https:\/\/www.usborkeychain.com\/wp-content\/uploads\/Fingerprint-USB-Flash-Drive-for-Computer-for-iphone.jpg 800w, https:\/\/www.usborkeychain.com\/wp-content\/uploads\/Fingerprint-USB-Flash-Drive-for-Computer-for-iphone-300x300.jpg 300w, https:\/\/www.usborkeychain.com\/wp-content\/uploads\/Fingerprint-USB-Flash-Drive-for-Computer-for-iphone-150x150.jpg 150w, https:\/\/www.usborkeychain.com\/wp-content\/uploads\/Fingerprint-USB-Flash-Drive-for-Computer-for-iphone-768x768.jpg 768w, https:\/\/www.usborkeychain.com\/wp-content\/uploads\/Fingerprint-USB-Flash-Drive-for-Computer-for-iphone-12x12.jpg 12w, https:\/\/www.usborkeychain.com\/wp-content\/uploads\/Fingerprint-USB-Flash-Drive-for-Computer-for-iphone-600x600.jpg 600w, https:\/\/www.usborkeychain.com\/wp-content\/uploads\/Fingerprint-USB-Flash-Drive-for-Computer-for-iphone-100x100.jpg 100w\" sizes=\"(max-width: 800px) 100vw, 800px\" \/><\/figure>\n<\/div>\n\n\n\n<div class=\"wp-block-column is-layout-flow wp-block-column-is-layout-flow\">\n<figure class=\"wp-block-image size-full\"><img alt=\"\" loading=\"lazy\" decoding=\"async\" width=\"800\" height=\"800\" src=\"https:\/\/www.usborkeychain.com\/wp-content\/uploads\/Fingerprint-USB-Flash-Drive-for-Computer-admin.jpg\" class=\"wp-image-3663\" srcset=\"https:\/\/www.usborkeychain.com\/wp-content\/uploads\/Fingerprint-USB-Flash-Drive-for-Computer-admin.jpg 800w, https:\/\/www.usborkeychain.com\/wp-content\/uploads\/Fingerprint-USB-Flash-Drive-for-Computer-admin-300x300.jpg 300w, https:\/\/www.usborkeychain.com\/wp-content\/uploads\/Fingerprint-USB-Flash-Drive-for-Computer-admin-150x150.jpg 150w, https:\/\/www.usborkeychain.com\/wp-content\/uploads\/Fingerprint-USB-Flash-Drive-for-Computer-admin-768x768.jpg 768w, https:\/\/www.usborkeychain.com\/wp-content\/uploads\/Fingerprint-USB-Flash-Drive-for-Computer-admin-12x12.jpg 12w, https:\/\/www.usborkeychain.com\/wp-content\/uploads\/Fingerprint-USB-Flash-Drive-for-Computer-admin-600x600.jpg 600w, https:\/\/www.usborkeychain.com\/wp-content\/uploads\/Fingerprint-USB-Flash-Drive-for-Computer-admin-100x100.jpg 100w\" sizes=\"(max-width: 800px) 100vw, 800px\" \/><\/figure>\n<\/div>\n<\/div>\n\n\n\n<h3 class=\"wp-block-heading\">PERGUNTAS FREQUENTES<\/h3>\n\n\n\n<h4 class=\"wp-block-heading\">Quais s\u00e3o as dimens\u00f5es da unidade flash USB de impress\u00e3o digital BCU-02?<\/h4>\n\n\n\n<p>O BCU-02 mede 60 mm \u00d7 20 mm \u00d7 7 mm e pesa aproximadamente 18 g. Seu design port\u00e1til \u00e9 adequado para ser carregado com voc\u00ea ou inserido em um laptop. O corpo de metal com 7 mm de espessura cabe facilmente em carteiras ou bolsos, equilibrando est\u00e9tica e portabilidade.<\/p>\n\n\n\n<h4 class=\"wp-block-heading\">Como gerenciar as contas da unidade flash USB de impress\u00e3o digital BCU-02?<\/h4>\n\n\n\n<p>O produto suporta a configura\u00e7\u00e3o de uma conta de administrador, que pode gerenciar as permiss\u00f5es de impress\u00e3o digital de 10 grupos de usu\u00e1rios por meio do registro de impress\u00f5es digitais. Os administradores podem adicionar ou excluir impress\u00f5es digitais de usu\u00e1rios comuns, permitindo o gerenciamento de permiss\u00f5es para uso compartilhado por v\u00e1rias pessoas, ideal para cen\u00e1rios de colabora\u00e7\u00e3o em equipe.<\/p>\n\n\n\n<h4 class=\"wp-block-heading\">A unidade flash USB de impress\u00e3o digital BCU-02 requer um aplicativo?<\/h4>\n\n\n\n<p>O BCU-02 \u00e9 plug-and-play sem a necessidade de um aplicativo. Para uso em telefones celulares, \u00e9 necess\u00e1rio um adaptador OTG (adquirido separadamente), compat\u00edvel com os sistemas Android\/iOS. A fun\u00e7\u00e3o de desbloqueio por impress\u00e3o digital tamb\u00e9m se aplica a dispositivos m\u00f3veis, garantindo o armazenamento m\u00f3vel seguro.<\/p>\n\n\n\n<p>A unidade flash USB de impress\u00e3o digital BCU-02, com seu corpo totalmente met\u00e1lico, transmiss\u00e3o de alta velocidade USB3.0 e criptografia de impress\u00e3o digital AES-256, \u00e9 a op\u00e7\u00e3o ideal para armazenamento de seguran\u00e7a de dados corporativos e personaliza\u00e7\u00e3o de brindes da marca, com a f\u00e1brica de origem fornecendo servi\u00e7os de processo completo, desde a personaliza\u00e7\u00e3o do LOGOTIPO at\u00e9 o atacado em massa.<\/p>","protected":false},"excerpt":{"rendered":"<ul>\n<li>Pen drive criptografado<\/li>\n<li>Com prote\u00e7\u00e3o por senha<\/li>\n<li>Material met\u00e1lico<\/li>\n<li>USB3.0<\/li>\n<li>N\u00e3o h\u00e1 necessidade de um aplicativo<\/li>\n<li>10 gerenciamento flex\u00edvel de impress\u00f5es digitais<\/li>\n<\/ul>","protected":false},"featured_media":3662,"comment_status":"open","ping_status":"closed","template":"","meta":{"_seopress_robots_primary_cat":"","_seopress_titles_title":"","_seopress_titles_desc":"","_seopress_robots_index":"","site-sidebar-layout":"default","site-content-layout":"","ast-site-content-layout":"","site-content-style":"default","site-sidebar-style":"default","ast-global-header-display":"","ast-banner-title-visibility":"","ast-main-header-display":"","ast-hfb-above-header-display":"","ast-hfb-below-header-display":"","ast-hfb-mobile-header-display":"","site-post-title":"","ast-breadcrumbs-content":"","ast-featured-img":"","footer-sml-layout":"","theme-transparent-header-meta":"","adv-header-id-meta":"","stick-header-meta":"","header-above-stick-meta":"","header-main-stick-meta":"","header-below-stick-meta":"","astra-migrate-meta-layouts":"default","ast-page-background-enabled":"default","ast-page-background-meta":{"desktop":{"background-color":"var(--ast-global-color-5)","background-image":"","background-repeat":"repeat","background-position":"center center","background-size":"auto","background-attachment":"scroll","background-type":"","background-media":"","overlay-type":"","overlay-color":"","overlay-opacity":"","overlay-gradient":""},"tablet":{"background-color":"","background-image":"","background-repeat":"repeat","background-position":"center center","background-size":"auto","background-attachment":"scroll","background-type":"","background-media":"","overlay-type":"","overlay-color":"","overlay-opacity":"","overlay-gradient":""},"mobile":{"background-color":"","background-image":"","background-repeat":"repeat","background-position":"center center","background-size":"auto","background-attachment":"scroll","background-type":"","background-media":"","overlay-type":"","overlay-color":"","overlay-opacity":"","overlay-gradient":""}},"ast-content-background-meta":{"desktop":{"background-color":"var(--ast-global-color-4)","background-image":"","background-repeat":"repeat","background-position":"center center","background-size":"auto","background-attachment":"scroll","background-type":"","background-media":"","overlay-type":"","overlay-color":"","overlay-opacity":"","overlay-gradient":""},"tablet":{"background-color":"var(--ast-global-color-4)","background-image":"","background-repeat":"repeat","background-position":"center center","background-size":"auto","background-attachment":"scroll","background-type":"","background-media":"","overlay-type":"","overlay-color":"","overlay-opacity":"","overlay-gradient":""},"mobile":{"background-color":"var(--ast-global-color-4)","background-image":"","background-repeat":"repeat","background-position":"center center","background-size":"auto","background-attachment":"scroll","background-type":"","background-media":"","overlay-type":"","overlay-color":"","overlay-opacity":"","overlay-gradient":""}}},"product_brand":[],"product_cat":[98,105],"product_tag":[207,206],"class_list":{"0":"post-3658","1":"product","2":"type-product","3":"status-publish","4":"has-post-thumbnail","6":"product_cat-biometric-fingerprint-usb-drive","7":"product_cat-usb-c-pendrive","8":"product_tag-encrypted-usb-drive","9":"product_tag-secure-usb-drive","10":"desktop-align-left","11":"tablet-align-left","12":"mobile-align-left","14":"first","15":"instock","16":"shipping-taxable","17":"product-type-simple"},"_links":{"self":[{"href":"https:\/\/www.usborkeychain.com\/pt\/wp-json\/wp\/v2\/product\/3658","targetHints":{"allow":["GET"]}}],"collection":[{"href":"https:\/\/www.usborkeychain.com\/pt\/wp-json\/wp\/v2\/product"}],"about":[{"href":"https:\/\/www.usborkeychain.com\/pt\/wp-json\/wp\/v2\/types\/product"}],"replies":[{"embeddable":true,"href":"https:\/\/www.usborkeychain.com\/pt\/wp-json\/wp\/v2\/comments?post=3658"}],"wp:featuredmedia":[{"embeddable":true,"href":"https:\/\/www.usborkeychain.com\/pt\/wp-json\/wp\/v2\/media\/3662"}],"wp:attachment":[{"href":"https:\/\/www.usborkeychain.com\/pt\/wp-json\/wp\/v2\/media?parent=3658"}],"wp:term":[{"taxonomy":"product_brand","embeddable":true,"href":"https:\/\/www.usborkeychain.com\/pt\/wp-json\/wp\/v2\/product_brand?post=3658"},{"taxonomy":"product_cat","embeddable":true,"href":"https:\/\/www.usborkeychain.com\/pt\/wp-json\/wp\/v2\/product_cat?post=3658"},{"taxonomy":"product_tag","embeddable":true,"href":"https:\/\/www.usborkeychain.com\/pt\/wp-json\/wp\/v2\/product_tag?post=3658"}],"curies":[{"name":"wp","href":"https:\/\/api.w.org\/{rel}","templated":true}]}}