{"id":3669,"date":"2025-06-30T02:02:40","date_gmt":"2025-06-30T02:02:40","guid":{"rendered":"https:\/\/www.usborkeychain.com\/?post_type=product&#038;p=3669"},"modified":"2025-06-30T02:02:53","modified_gmt":"2025-06-30T02:02:53","slug":"bcu-03-fingerprint-usb-c-encrypted-flash-drive","status":"publish","type":"product","link":"https:\/\/www.usborkeychain.com\/pt\/produto\/bcu-03-fingerprint-usb-c-encrypted-flash-drive\/","title":{"rendered":"BCU-03 Unidade flash criptografada USB c com impress\u00e3o digital"},"content":{"rendered":"<p>A unidade USB com impress\u00e3o digital BCU-03 \u00e9 o modelo mais recente da YOUSAN, um fabricante profissional de USB. Com um corpo totalmente met\u00e1lico e criptografia de impress\u00e3o digital, ele foi projetado para empresas que precisam de armazenamento seguro de dados. Esse novo modelo suporta desbloqueio de impress\u00e3o digital e criptografia de parti\u00e7\u00e3o, e a f\u00e1brica oferece servi\u00e7os diretos de atacado e personaliza\u00e7\u00e3o. \u00c9 a melhor op\u00e7\u00e3o para os setores financeiro e de tecnologia como um presente de alta qualidade ou uma ferramenta de armazenamento seguro.<\/p>\n\n\n\n<div class=\"wp-block-columns is-layout-flex wp-container-core-columns-is-layout-28f84493 wp-block-columns-is-layout-flex\">\n<div class=\"wp-block-column is-layout-flow wp-block-column-is-layout-flow\">\n<figure class=\"wp-block-image size-full\"><img alt=\"\" fetchpriority=\"high\" decoding=\"async\" width=\"800\" height=\"800\" src=\"https:\/\/www.usborkeychain.com\/wp-content\/uploads\/Fingerprint-Encrypted-USB-Flash-Drive-Solution.jpg\" class=\"wp-image-3677\" srcset=\"https:\/\/www.usborkeychain.com\/wp-content\/uploads\/Fingerprint-Encrypted-USB-Flash-Drive-Solution.jpg 800w, https:\/\/www.usborkeychain.com\/wp-content\/uploads\/Fingerprint-Encrypted-USB-Flash-Drive-Solution-300x300.jpg 300w, https:\/\/www.usborkeychain.com\/wp-content\/uploads\/Fingerprint-Encrypted-USB-Flash-Drive-Solution-150x150.jpg 150w, https:\/\/www.usborkeychain.com\/wp-content\/uploads\/Fingerprint-Encrypted-USB-Flash-Drive-Solution-768x768.jpg 768w, https:\/\/www.usborkeychain.com\/wp-content\/uploads\/Fingerprint-Encrypted-USB-Flash-Drive-Solution-12x12.jpg 12w, https:\/\/www.usborkeychain.com\/wp-content\/uploads\/Fingerprint-Encrypted-USB-Flash-Drive-Solution-600x600.jpg 600w, https:\/\/www.usborkeychain.com\/wp-content\/uploads\/Fingerprint-Encrypted-USB-Flash-Drive-Solution-100x100.jpg 100w\" sizes=\"(max-width: 800px) 100vw, 800px\" \/><\/figure>\n<\/div>\n\n\n\n<div class=\"wp-block-column is-layout-flow wp-block-column-is-layout-flow\">\n<figure class=\"wp-block-image size-full\"><img alt=\"\" decoding=\"async\" width=\"800\" height=\"800\" src=\"https:\/\/www.usborkeychain.com\/wp-content\/uploads\/Fingerprint-Encrypted-USB-Flash-Drive-Manufacturer.jpg\" class=\"wp-image-3674\" srcset=\"https:\/\/www.usborkeychain.com\/wp-content\/uploads\/Fingerprint-Encrypted-USB-Flash-Drive-Manufacturer.jpg 800w, https:\/\/www.usborkeychain.com\/wp-content\/uploads\/Fingerprint-Encrypted-USB-Flash-Drive-Manufacturer-300x300.jpg 300w, https:\/\/www.usborkeychain.com\/wp-content\/uploads\/Fingerprint-Encrypted-USB-Flash-Drive-Manufacturer-150x150.jpg 150w, https:\/\/www.usborkeychain.com\/wp-content\/uploads\/Fingerprint-Encrypted-USB-Flash-Drive-Manufacturer-768x768.jpg 768w, https:\/\/www.usborkeychain.com\/wp-content\/uploads\/Fingerprint-Encrypted-USB-Flash-Drive-Manufacturer-12x12.jpg 12w, https:\/\/www.usborkeychain.com\/wp-content\/uploads\/Fingerprint-Encrypted-USB-Flash-Drive-Manufacturer-600x600.jpg 600w, https:\/\/www.usborkeychain.com\/wp-content\/uploads\/Fingerprint-Encrypted-USB-Flash-Drive-Manufacturer-100x100.jpg 100w\" sizes=\"(max-width: 800px) 100vw, 800px\" \/><\/figure>\n<\/div>\n<\/div>\n\n\n\n<h2 class=\"wp-block-heading\">O que h\u00e1 de especial no design do BCU-03?<\/h2>\n\n\n\n<p>Feito de alum\u00ednio de alta qualidade, o BCU-03 vem com uma tampa de metal remov\u00edvel e um anel de chaveiro para evitar perdas. Funciona com computadores e telefones via USB3.0 (velocidade de at\u00e9 5 Gbps) e adaptador OTG (n\u00e3o inclu\u00eddo). Dispon\u00edvel nas cores prata e cinza-arm\u00eanio, a superf\u00edcie anodizada \u00e9 resistente a arranh\u00f5es. Cores personalizadas a partir de 100 unidades.<\/p>\n\n\n\n<h2 class=\"wp-block-heading\">Principais especifica\u00e7\u00f5es<\/h2>\n\n\n\n<figure class=\"wp-block-table\"><table class=\"has-fixed-layout\"><thead><tr><th>Par\u00e2metro<\/th><th>Detalhes<\/th><\/tr><\/thead><tbody><tr><td>Interface<\/td><td>USB3.0 (funciona com USB2.0 e telefones via OTG)<\/td><\/tr><tr><td>Capacidade<\/td><td>32GB\/64GB\/128GB\/256GB\/512GB (customizable)<\/td><\/tr><tr><td>Material<\/td><td>Corpo totalmente em alum\u00ednio, acabamento anodizado, design de chaveiro<\/td><\/tr><tr><td>Impress\u00e3o digital<\/td><td>Criptografia de hardware AES-256, seguran\u00e7a dupla, desbloqueio por impress\u00e3o digital &lt;0,3s<\/td><\/tr><tr><td>Divis\u00f3rias<\/td><td>1 conta de administrador + 10 impress\u00f5es digitais de usu\u00e1rio, 2 parti\u00e7\u00f5es: normal e criptografada<\/td><\/tr><tr><td>Personaliza\u00e7\u00e3o<\/td><td>Grava\u00e7\u00e3o a laser\/logomarca em tela de seda, embalagem personalizada (mais de 100 unidades, direto da f\u00e1brica)<\/td><\/tr><tr><td>Durabilidade<\/td><td>Temperatura de trabalho de -20\u2103~60\u2103, teste de queda de 1,5 m aprovado<\/td><\/tr><\/tbody><\/table><\/figure>\n\n\n\n<h2 class=\"wp-block-heading\">Como o BCU-03 criptografa os dados?<\/h2>\n\n\n\n<p>O BCU-03 usa criptografia AES-256 (o mesmo n\u00edvel dos bancos) com seguran\u00e7a dupla: primeiro voc\u00ea define uma impress\u00e3o digital de administrador e depois a utiliza para desbloquear a parti\u00e7\u00e3o criptografada. Isso impede o acesso n\u00e3o autorizado e a adultera\u00e7\u00e3o de dados. A f\u00e1brica fornece relat\u00f3rios de teste de criptografia para maior tranquilidade.<\/p>\n\n\n\n<div class=\"wp-block-columns is-layout-flex wp-container-core-columns-is-layout-28f84493 wp-block-columns-is-layout-flex\">\n<div class=\"wp-block-column is-layout-flow wp-block-column-is-layout-flow\">\n<figure class=\"wp-block-image size-full\"><img alt=\"\" decoding=\"async\" width=\"800\" height=\"800\" src=\"https:\/\/www.usborkeychain.com\/wp-content\/uploads\/Fingerprint-Encrypted-USB-Flash-Drive-Solution-provider.jpg\" class=\"wp-image-3676\" srcset=\"https:\/\/www.usborkeychain.com\/wp-content\/uploads\/Fingerprint-Encrypted-USB-Flash-Drive-Solution-provider.jpg 800w, https:\/\/www.usborkeychain.com\/wp-content\/uploads\/Fingerprint-Encrypted-USB-Flash-Drive-Solution-provider-300x300.jpg 300w, https:\/\/www.usborkeychain.com\/wp-content\/uploads\/Fingerprint-Encrypted-USB-Flash-Drive-Solution-provider-150x150.jpg 150w, https:\/\/www.usborkeychain.com\/wp-content\/uploads\/Fingerprint-Encrypted-USB-Flash-Drive-Solution-provider-768x768.jpg 768w, https:\/\/www.usborkeychain.com\/wp-content\/uploads\/Fingerprint-Encrypted-USB-Flash-Drive-Solution-provider-12x12.jpg 12w, https:\/\/www.usborkeychain.com\/wp-content\/uploads\/Fingerprint-Encrypted-USB-Flash-Drive-Solution-provider-600x600.jpg 600w, https:\/\/www.usborkeychain.com\/wp-content\/uploads\/Fingerprint-Encrypted-USB-Flash-Drive-Solution-provider-100x100.jpg 100w\" sizes=\"(max-width: 800px) 100vw, 800px\" \/><\/figure>\n<\/div>\n\n\n\n<div class=\"wp-block-column is-layout-flow wp-block-column-is-layout-flow\">\n<figure class=\"wp-block-image size-full\"><img alt=\"\" loading=\"lazy\" decoding=\"async\" width=\"800\" height=\"800\" src=\"https:\/\/www.usborkeychain.com\/wp-content\/uploads\/Fingerprint-Encrypted-USB-Flash-Drive-Brand-1.jpg\" class=\"wp-image-3673\" srcset=\"https:\/\/www.usborkeychain.com\/wp-content\/uploads\/Fingerprint-Encrypted-USB-Flash-Drive-Brand-1.jpg 800w, https:\/\/www.usborkeychain.com\/wp-content\/uploads\/Fingerprint-Encrypted-USB-Flash-Drive-Brand-1-300x300.jpg 300w, https:\/\/www.usborkeychain.com\/wp-content\/uploads\/Fingerprint-Encrypted-USB-Flash-Drive-Brand-1-150x150.jpg 150w, https:\/\/www.usborkeychain.com\/wp-content\/uploads\/Fingerprint-Encrypted-USB-Flash-Drive-Brand-1-768x768.jpg 768w, https:\/\/www.usborkeychain.com\/wp-content\/uploads\/Fingerprint-Encrypted-USB-Flash-Drive-Brand-1-12x12.jpg 12w, https:\/\/www.usborkeychain.com\/wp-content\/uploads\/Fingerprint-Encrypted-USB-Flash-Drive-Brand-1-600x600.jpg 600w, https:\/\/www.usborkeychain.com\/wp-content\/uploads\/Fingerprint-Encrypted-USB-Flash-Drive-Brand-1-100x100.jpg 100w\" sizes=\"(max-width: 800px) 100vw, 800px\" \/><\/figure>\n<\/div>\n<\/div>\n\n\n\n<h2 class=\"wp-block-heading\">Como funcionam as parti\u00e7\u00f5es?<\/h2>\n\n\n\n<p>Ele tem duas parti\u00e7\u00f5es: uma normal para arquivos p\u00fablicos e uma criptografada que precisa de acesso por impress\u00e3o digital. O administrador pode gerenciar 10 impress\u00f5es digitais de usu\u00e1rios e ajustar os tamanhos das parti\u00e7\u00f5es. Excelente para equipes de escrit\u00f3rios de advocacia ou empresas de design que precisam compartilhar e proteger arquivos separadamente.<\/p>\n\n\n\n<div class=\"wp-block-columns is-layout-flex wp-container-core-columns-is-layout-28f84493 wp-block-columns-is-layout-flex\">\n<div class=\"wp-block-column is-layout-flow wp-block-column-is-layout-flow\">\n<figure class=\"wp-block-image size-full\"><img alt=\"\" loading=\"lazy\" decoding=\"async\" width=\"800\" height=\"800\" src=\"https:\/\/www.usborkeychain.com\/wp-content\/uploads\/Fingerprint-Encrypted-USB-Flash-Drive-Producer.jpg\" class=\"wp-image-3675\" srcset=\"https:\/\/www.usborkeychain.com\/wp-content\/uploads\/Fingerprint-Encrypted-USB-Flash-Drive-Producer.jpg 800w, https:\/\/www.usborkeychain.com\/wp-content\/uploads\/Fingerprint-Encrypted-USB-Flash-Drive-Producer-300x300.jpg 300w, https:\/\/www.usborkeychain.com\/wp-content\/uploads\/Fingerprint-Encrypted-USB-Flash-Drive-Producer-150x150.jpg 150w, https:\/\/www.usborkeychain.com\/wp-content\/uploads\/Fingerprint-Encrypted-USB-Flash-Drive-Producer-768x768.jpg 768w, https:\/\/www.usborkeychain.com\/wp-content\/uploads\/Fingerprint-Encrypted-USB-Flash-Drive-Producer-12x12.jpg 12w, https:\/\/www.usborkeychain.com\/wp-content\/uploads\/Fingerprint-Encrypted-USB-Flash-Drive-Producer-600x600.jpg 600w, https:\/\/www.usborkeychain.com\/wp-content\/uploads\/Fingerprint-Encrypted-USB-Flash-Drive-Producer-100x100.jpg 100w\" sizes=\"(max-width: 800px) 100vw, 800px\" \/><\/figure>\n<\/div>\n\n\n\n<div class=\"wp-block-column is-layout-flow wp-block-column-is-layout-flow\">\n<figure class=\"wp-block-image size-full\"><img alt=\"\" loading=\"lazy\" decoding=\"async\" width=\"800\" height=\"800\" src=\"https:\/\/www.usborkeychain.com\/wp-content\/uploads\/Fingerprint-Encrypted-USB-Flash-Drive-Brand-Retailer.jpg\" class=\"wp-image-3672\" srcset=\"https:\/\/www.usborkeychain.com\/wp-content\/uploads\/Fingerprint-Encrypted-USB-Flash-Drive-Brand-Retailer.jpg 800w, https:\/\/www.usborkeychain.com\/wp-content\/uploads\/Fingerprint-Encrypted-USB-Flash-Drive-Brand-Retailer-300x300.jpg 300w, https:\/\/www.usborkeychain.com\/wp-content\/uploads\/Fingerprint-Encrypted-USB-Flash-Drive-Brand-Retailer-150x150.jpg 150w, https:\/\/www.usborkeychain.com\/wp-content\/uploads\/Fingerprint-Encrypted-USB-Flash-Drive-Brand-Retailer-768x768.jpg 768w, https:\/\/www.usborkeychain.com\/wp-content\/uploads\/Fingerprint-Encrypted-USB-Flash-Drive-Brand-Retailer-12x12.jpg 12w, https:\/\/www.usborkeychain.com\/wp-content\/uploads\/Fingerprint-Encrypted-USB-Flash-Drive-Brand-Retailer-600x600.jpg 600w, https:\/\/www.usborkeychain.com\/wp-content\/uploads\/Fingerprint-Encrypted-USB-Flash-Drive-Brand-Retailer-100x100.jpg 100w\" sizes=\"(max-width: 800px) 100vw, 800px\" \/><\/figure>\n<\/div>\n<\/div>\n\n\n\n<h2 class=\"wp-block-heading\">Ele precisa de um aplicativo?<\/h2>\n\n\n\n<p>N\u00e3o \u00e9 necess\u00e1rio nenhum aplicativo - basta conectar e usar. Para telefones celulares, use um adaptador OTG (vendido separadamente). Funciona com Android\/iOS, e o bloqueio de impress\u00e3o digital permanece ativo no celular. A f\u00e1brica pode fornecer adaptadores para pedidos em massa.<\/p>\n\n\n\n<p>A unidade USB de impress\u00e3o digital BCU-03 combina um design antifurto totalmente met\u00e1lico, velocidade r\u00e1pida de USB3.0 e criptografia AES-256. A f\u00e1brica oferece servi\u00e7os de ponta a ponta, desde a personaliza\u00e7\u00e3o da capacidade at\u00e9 a grava\u00e7\u00e3o do logotipo, o que o torna perfeito para empresas que desejam armazenamento seguro ou brindes com a sua marca.<\/p>","protected":false},"excerpt":{"rendered":"<ul>\n<li>Unidade USB C criptografada<\/li>\n<li>Material met\u00e1lico<\/li>\n<li>Unidade USB segura<\/li>\n<li>10 gerenciamento flex\u00edvel de impress\u00f5es digitais<\/li>\n<li>N\u00e3o h\u00e1 necessidade de um aplicativo<\/li>\n<li>Possui 2 divis\u00f3rias<\/li>\n<\/ul>","protected":false},"featured_media":3678,"comment_status":"open","ping_status":"closed","template":"","meta":{"_seopress_robots_primary_cat":"","_seopress_titles_title":"","_seopress_titles_desc":"","_seopress_robots_index":"","site-sidebar-layout":"default","site-content-layout":"","ast-site-content-layout":"","site-content-style":"default","site-sidebar-style":"default","ast-global-header-display":"","ast-banner-title-visibility":"","ast-main-header-display":"","ast-hfb-above-header-display":"","ast-hfb-below-header-display":"","ast-hfb-mobile-header-display":"","site-post-title":"","ast-breadcrumbs-content":"","ast-featured-img":"","footer-sml-layout":"","theme-transparent-header-meta":"","adv-header-id-meta":"","stick-header-meta":"","header-above-stick-meta":"","header-main-stick-meta":"","header-below-stick-meta":"","astra-migrate-meta-layouts":"default","ast-page-background-enabled":"default","ast-page-background-meta":{"desktop":{"background-color":"var(--ast-global-color-5)","background-image":"","background-repeat":"repeat","background-position":"center center","background-size":"auto","background-attachment":"scroll","background-type":"","background-media":"","overlay-type":"","overlay-color":"","overlay-opacity":"","overlay-gradient":""},"tablet":{"background-color":"","background-image":"","background-repeat":"repeat","background-position":"center center","background-size":"auto","background-attachment":"scroll","background-type":"","background-media":"","overlay-type":"","overlay-color":"","overlay-opacity":"","overlay-gradient":""},"mobile":{"background-color":"","background-image":"","background-repeat":"repeat","background-position":"center center","background-size":"auto","background-attachment":"scroll","background-type":"","background-media":"","overlay-type":"","overlay-color":"","overlay-opacity":"","overlay-gradient":""}},"ast-content-background-meta":{"desktop":{"background-color":"var(--ast-global-color-4)","background-image":"","background-repeat":"repeat","background-position":"center center","background-size":"auto","background-attachment":"scroll","background-type":"","background-media":"","overlay-type":"","overlay-color":"","overlay-opacity":"","overlay-gradient":""},"tablet":{"background-color":"var(--ast-global-color-4)","background-image":"","background-repeat":"repeat","background-position":"center center","background-size":"auto","background-attachment":"scroll","background-type":"","background-media":"","overlay-type":"","overlay-color":"","overlay-opacity":"","overlay-gradient":""},"mobile":{"background-color":"var(--ast-global-color-4)","background-image":"","background-repeat":"repeat","background-position":"center center","background-size":"auto","background-attachment":"scroll","background-type":"","background-media":"","overlay-type":"","overlay-color":"","overlay-opacity":"","overlay-gradient":""}}},"product_brand":[],"product_cat":[98,105],"product_tag":[207,206],"class_list":{"0":"post-3669","1":"product","2":"type-product","3":"status-publish","4":"has-post-thumbnail","6":"product_cat-biometric-fingerprint-usb-drive","7":"product_cat-usb-c-pendrive","8":"product_tag-encrypted-usb-drive","9":"product_tag-secure-usb-drive","10":"desktop-align-left","11":"tablet-align-left","12":"mobile-align-left","14":"first","15":"instock","16":"shipping-taxable","17":"product-type-simple"},"_links":{"self":[{"href":"https:\/\/www.usborkeychain.com\/pt\/wp-json\/wp\/v2\/product\/3669","targetHints":{"allow":["GET"]}}],"collection":[{"href":"https:\/\/www.usborkeychain.com\/pt\/wp-json\/wp\/v2\/product"}],"about":[{"href":"https:\/\/www.usborkeychain.com\/pt\/wp-json\/wp\/v2\/types\/product"}],"replies":[{"embeddable":true,"href":"https:\/\/www.usborkeychain.com\/pt\/wp-json\/wp\/v2\/comments?post=3669"}],"wp:featuredmedia":[{"embeddable":true,"href":"https:\/\/www.usborkeychain.com\/pt\/wp-json\/wp\/v2\/media\/3678"}],"wp:attachment":[{"href":"https:\/\/www.usborkeychain.com\/pt\/wp-json\/wp\/v2\/media?parent=3669"}],"wp:term":[{"taxonomy":"product_brand","embeddable":true,"href":"https:\/\/www.usborkeychain.com\/pt\/wp-json\/wp\/v2\/product_brand?post=3669"},{"taxonomy":"product_cat","embeddable":true,"href":"https:\/\/www.usborkeychain.com\/pt\/wp-json\/wp\/v2\/product_cat?post=3669"},{"taxonomy":"product_tag","embeddable":true,"href":"https:\/\/www.usborkeychain.com\/pt\/wp-json\/wp\/v2\/product_tag?post=3669"}],"curies":[{"name":"wp","href":"https:\/\/api.w.org\/{rel}","templated":true}]}}