{"id":3683,"date":"2025-06-30T03:32:54","date_gmt":"2025-06-30T03:32:54","guid":{"rendered":"https:\/\/www.usborkeychain.com\/?post_type=product&#038;p=3683"},"modified":"2025-08-17T13:17:15","modified_gmt":"2025-08-17T13:17:15","slug":"metal-twist-usb-flash-drive-for-iphone","status":"publish","type":"product","link":"https:\/\/www.usborkeychain.com\/pt\/produto\/metal-twist-usb-flash-drive-for-iphone\/","title":{"rendered":"Unidade flash USB Patterned Metal Twist para iphone"},"content":{"rendered":"<p>O USB girat\u00f3rio de metal padronizado para telefones \u00e9 um novo lan\u00e7amento de 2024 da YOUSAN, um dos principais fabricantes de USB. Com um corpo de liga de zinco e design de interface dupla, essa unidade USB permite a transfer\u00eancia perfeita de dados entre telefones e computadores. O corpo totalmente met\u00e1lico \u00e9 gravado com texturas hexagonais antiderrapantes, enquanto o buraco de fechadura triangular na parte superior acrescenta funcionalidade e distin\u00e7\u00e3o.<\/p>\n\n\n\n<div class=\"wp-block-columns is-layout-flex wp-container-core-columns-is-layout-28f84493 wp-block-columns-is-layout-flex\">\n<div class=\"wp-block-column is-layout-flow wp-block-column-is-layout-flow\">\n<figure class=\"wp-block-image size-full\"><img alt=\"\" fetchpriority=\"high\" decoding=\"async\" width=\"800\" height=\"800\" src=\"https:\/\/www.usborkeychain.com\/wp-content\/uploads\/siliver-colored-usb-a-and-usb-c-flash-drive-1.jpg\" class=\"wp-image-3691\" srcset=\"https:\/\/www.usborkeychain.com\/wp-content\/uploads\/siliver-colored-usb-a-and-usb-c-flash-drive-1.jpg 800w, https:\/\/www.usborkeychain.com\/wp-content\/uploads\/siliver-colored-usb-a-and-usb-c-flash-drive-1-300x300.jpg 300w, https:\/\/www.usborkeychain.com\/wp-content\/uploads\/siliver-colored-usb-a-and-usb-c-flash-drive-1-150x150.jpg 150w, https:\/\/www.usborkeychain.com\/wp-content\/uploads\/siliver-colored-usb-a-and-usb-c-flash-drive-1-768x768.jpg 768w, https:\/\/www.usborkeychain.com\/wp-content\/uploads\/siliver-colored-usb-a-and-usb-c-flash-drive-1-12x12.jpg 12w, https:\/\/www.usborkeychain.com\/wp-content\/uploads\/siliver-colored-usb-a-and-usb-c-flash-drive-1-600x600.jpg 600w, https:\/\/www.usborkeychain.com\/wp-content\/uploads\/siliver-colored-usb-a-and-usb-c-flash-drive-1-100x100.jpg 100w\" sizes=\"(max-width: 800px) 100vw, 800px\" \/><\/figure>\n<\/div>\n\n\n\n<div class=\"wp-block-column is-layout-flow wp-block-column-is-layout-flow\">\n<figure class=\"wp-block-image size-full\"><img alt=\"\" decoding=\"async\" width=\"800\" height=\"800\" src=\"https:\/\/www.usborkeychain.com\/wp-content\/uploads\/new-style-colored-usb-a-and-usb-c-flash-drive-1.jpg\" class=\"wp-image-3690\" srcset=\"https:\/\/www.usborkeychain.com\/wp-content\/uploads\/new-style-colored-usb-a-and-usb-c-flash-drive-1.jpg 800w, https:\/\/www.usborkeychain.com\/wp-content\/uploads\/new-style-colored-usb-a-and-usb-c-flash-drive-1-300x300.jpg 300w, https:\/\/www.usborkeychain.com\/wp-content\/uploads\/new-style-colored-usb-a-and-usb-c-flash-drive-1-150x150.jpg 150w, https:\/\/www.usborkeychain.com\/wp-content\/uploads\/new-style-colored-usb-a-and-usb-c-flash-drive-1-768x768.jpg 768w, https:\/\/www.usborkeychain.com\/wp-content\/uploads\/new-style-colored-usb-a-and-usb-c-flash-drive-1-12x12.jpg 12w, https:\/\/www.usborkeychain.com\/wp-content\/uploads\/new-style-colored-usb-a-and-usb-c-flash-drive-1-600x600.jpg 600w, https:\/\/www.usborkeychain.com\/wp-content\/uploads\/new-style-colored-usb-a-and-usb-c-flash-drive-1-100x100.jpg 100w\" sizes=\"(max-width: 800px) 100vw, 800px\" \/><\/figure>\n<\/div>\n<\/div>\n\n\n\n<p><\/p>\n\n\n\n<h2 class=\"wp-block-heading\">O que h\u00e1 de exclusivo no design do USB girat\u00f3rio de metal?<\/h2>\n\n\n\n<p>Diferentemente das unidades USB tradicionais de metal liso, esse modelo apresenta padr\u00f5es 3D hexagonais inovadores no inv\u00f3lucro de liga de zinco, melhorando a ader\u00eancia em 30%. O buraco de fechadura triangular permite a fixa\u00e7\u00e3o direta em chaveiros ou bolsas e passa em um teste de queda de 1,5 m para resolver problemas comuns de perda. A tampa girat\u00f3ria com fecho magn\u00e9tico revela as portas USB 3.0 e Type-C quando giradas, oferecendo suporte ao uso plug-and-play em computadores Windows\/macOS e telefones Android\/iOS.<\/p>\n\n\n\n<div class=\"wp-block-columns is-layout-flex wp-container-core-columns-is-layout-28f84493 wp-block-columns-is-layout-flex\">\n<div class=\"wp-block-column is-layout-flow wp-block-column-is-layout-flow\">\n<figure class=\"wp-block-image size-full\"><img alt=\"\" decoding=\"async\" width=\"800\" height=\"800\" src=\"https:\/\/www.usborkeychain.com\/wp-content\/uploads\/gun-colored-usb-a-and-usb-c-flash-drive-manuufacturer.jpg\" class=\"wp-image-3687\" srcset=\"https:\/\/www.usborkeychain.com\/wp-content\/uploads\/gun-colored-usb-a-and-usb-c-flash-drive-manuufacturer.jpg 800w, https:\/\/www.usborkeychain.com\/wp-content\/uploads\/gun-colored-usb-a-and-usb-c-flash-drive-manuufacturer-300x300.jpg 300w, https:\/\/www.usborkeychain.com\/wp-content\/uploads\/gun-colored-usb-a-and-usb-c-flash-drive-manuufacturer-150x150.jpg 150w, https:\/\/www.usborkeychain.com\/wp-content\/uploads\/gun-colored-usb-a-and-usb-c-flash-drive-manuufacturer-768x768.jpg 768w, https:\/\/www.usborkeychain.com\/wp-content\/uploads\/gun-colored-usb-a-and-usb-c-flash-drive-manuufacturer-12x12.jpg 12w, https:\/\/www.usborkeychain.com\/wp-content\/uploads\/gun-colored-usb-a-and-usb-c-flash-drive-manuufacturer-600x600.jpg 600w, https:\/\/www.usborkeychain.com\/wp-content\/uploads\/gun-colored-usb-a-and-usb-c-flash-drive-manuufacturer-100x100.jpg 100w\" sizes=\"(max-width: 800px) 100vw, 800px\" \/><\/figure>\n<\/div>\n\n\n\n<div class=\"wp-block-column is-layout-flow wp-block-column-is-layout-flow\">\n<figure class=\"wp-block-image size-full\"><img alt=\"\" loading=\"lazy\" decoding=\"async\" width=\"800\" height=\"800\" src=\"https:\/\/www.usborkeychain.com\/wp-content\/uploads\/gun-colored-usb-a-and-usb-c-flash-drive.jpg\" class=\"wp-image-3686\" srcset=\"https:\/\/www.usborkeychain.com\/wp-content\/uploads\/gun-colored-usb-a-and-usb-c-flash-drive.jpg 800w, https:\/\/www.usborkeychain.com\/wp-content\/uploads\/gun-colored-usb-a-and-usb-c-flash-drive-300x300.jpg 300w, https:\/\/www.usborkeychain.com\/wp-content\/uploads\/gun-colored-usb-a-and-usb-c-flash-drive-150x150.jpg 150w, https:\/\/www.usborkeychain.com\/wp-content\/uploads\/gun-colored-usb-a-and-usb-c-flash-drive-768x768.jpg 768w, https:\/\/www.usborkeychain.com\/wp-content\/uploads\/gun-colored-usb-a-and-usb-c-flash-drive-12x12.jpg 12w, https:\/\/www.usborkeychain.com\/wp-content\/uploads\/gun-colored-usb-a-and-usb-c-flash-drive-600x600.jpg 600w, https:\/\/www.usborkeychain.com\/wp-content\/uploads\/gun-colored-usb-a-and-usb-c-flash-drive-100x100.jpg 100w\" sizes=\"(max-width: 800px) 100vw, 800px\" \/><\/figure>\n<\/div>\n<\/div>\n\n\n\n<h2 class=\"wp-block-heading\">Especifica\u00e7\u00f5es do n\u00facleo<\/h2>\n\n\n\n<figure class=\"wp-block-table\"><table class=\"has-fixed-layout\"><thead><tr><th>Par\u00e2metro<\/th><th>Detalhes<\/th><\/tr><\/thead><tbody><tr><td>Interfaces<\/td><td>Interfaces duplas USB 3.0 + Type-C (compat\u00edvel com OTG para telefones\/tablets)<\/td><\/tr><tr><td>Capacidade<\/td><td>32GB\/64GB\/128GB\/256GB<\/td><\/tr><tr><td>Material<\/td><td>Corpo em liga de zinco com grava\u00e7\u00e3o hexagonal em 3D, acabamento anodizado para resist\u00eancia a arranh\u00f5es<\/td><\/tr><tr><td>Velocidade de transfer\u00eancia<\/td><td>Leitura m\u00e1xima: 130 MB\/s, grava\u00e7\u00e3o m\u00e1xima: 40 MB\/s (50% mais r\u00e1pido para arquivos grandes em testes)<\/td><\/tr><tr><td>Personaliza\u00e7\u00e3o<\/td><td>Logotipo gravado a laser <\/td><\/tr><tr><td>Durabilidade<\/td><td>Temperatura operacional: -20\u2103~60\u2103, testado contra quedas de 1,5 m, pesa 17 g (com chaveiro)<\/td><\/tr><tr><td>Cores<\/td><td>Prata fosco\/cinza gunmetal escovado (cores personalizadas dispon\u00edveis para pedidos em grandes quantidades)<\/td><\/tr><\/tbody><\/table><\/figure>\n\n\n\n<h2 class=\"wp-block-heading\">O USB girat\u00f3rio de metal pode ter um logotipo personalizado?<\/h2>\n\n\n\n<p>Op\u00e7\u00f5es de personaliza\u00e7\u00e3o do logotipo:<\/p>\n\n\n\n<ul class=\"wp-block-list\">\n<li><strong>Lado frontal<\/strong>: Mant\u00e9m os padr\u00f5es hexagonais,\u00a0<strong>sem personaliza\u00e7\u00e3o de logotipo<\/strong><\/li>\n\n\n\n<li><strong>Parte traseira<\/strong>: A superf\u00edcie plana totalmente met\u00e1lica permite a grava\u00e7\u00e3o a laser de nomes de empresas, informa\u00e7\u00f5es de contato ou desenhos com 0,1 mm de profundidade para uma visibilidade duradoura.<br>A f\u00e1brica utiliza equipamentos a laser importados da Alemanha para obter precis\u00e3o de 0,01 mm. Pedidos de mais de 100 unidades recebem servi\u00e7os gratuitos de design 3D, com produ\u00e7\u00e3o em massa a partir de 3 dias \u00fateis ap\u00f3s a aprova\u00e7\u00e3o da amostra.<\/li>\n<\/ul>\n\n\n\n<p>O USB girat\u00f3rio de metal para telefones combina um corpo antiqueda de liga de zinco, transfer\u00eancia de alta velocidade por USB 3.0 e design de interface dupla. Com servi\u00e7os de ponta a ponta da f\u00e1brica de origem - que v\u00e3o desde a personaliza\u00e7\u00e3o da capacidade at\u00e9 a grava\u00e7\u00e3o do logotipo - \u00e9 a escolha ideal para armazenamento de dados corporativos e atacado de brindes de marca.<\/p>\n\n\n\n<p><\/p>","protected":false},"excerpt":{"rendered":"<ul>\n<li>Estilos padronizados<\/li>\n<li>Unidade flash USB Metal Twist<\/li>\n<li>USB3.0<\/li>\n<li>Logotipo da Cudtom<\/li>\n<li>MOQ:100PCS<\/li>\n<\/ul>","protected":false},"featured_media":3690,"comment_status":"open","ping_status":"closed","template":"","meta":{"_seopress_robots_primary_cat":"none","_seopress_titles_title":"","_seopress_titles_desc":"","_seopress_robots_index":"","site-sidebar-layout":"default","site-content-layout":"","ast-site-content-layout":"","site-content-style":"default","site-sidebar-style":"default","ast-global-header-display":"","ast-banner-title-visibility":"","ast-main-header-display":"","ast-hfb-above-header-display":"","ast-hfb-below-header-display":"","ast-hfb-mobile-header-display":"","site-post-title":"","ast-breadcrumbs-content":"","ast-featured-img":"","footer-sml-layout":"","theme-transparent-header-meta":"","adv-header-id-meta":"","stick-header-meta":"","header-above-stick-meta":"","header-main-stick-meta":"","header-below-stick-meta":"","astra-migrate-meta-layouts":"default","ast-page-background-enabled":"default","ast-page-background-meta":{"desktop":{"background-color":"var(--ast-global-color-5)","background-image":"","background-repeat":"repeat","background-position":"center center","background-size":"auto","background-attachment":"scroll","background-type":"","background-media":"","overlay-type":"","overlay-color":"","overlay-opacity":"","overlay-gradient":""},"tablet":{"background-color":"","background-image":"","background-repeat":"repeat","background-position":"center center","background-size":"auto","background-attachment":"scroll","background-type":"","background-media":"","overlay-type":"","overlay-color":"","overlay-opacity":"","overlay-gradient":""},"mobile":{"background-color":"","background-image":"","background-repeat":"repeat","background-position":"center center","background-size":"auto","background-attachment":"scroll","background-type":"","background-media":"","overlay-type":"","overlay-color":"","overlay-opacity":"","overlay-gradient":""}},"ast-content-background-meta":{"desktop":{"background-color":"var(--ast-global-color-4)","background-image":"","background-repeat":"repeat","background-position":"center center","background-size":"auto","background-attachment":"scroll","background-type":"","background-media":"","overlay-type":"","overlay-color":"","overlay-opacity":"","overlay-gradient":""},"tablet":{"background-color":"var(--ast-global-color-4)","background-image":"","background-repeat":"repeat","background-position":"center center","background-size":"auto","background-attachment":"scroll","background-type":"","background-media":"","overlay-type":"","overlay-color":"","overlay-opacity":"","overlay-gradient":""},"mobile":{"background-color":"var(--ast-global-color-4)","background-image":"","background-repeat":"repeat","background-position":"center center","background-size":"auto","background-attachment":"scroll","background-type":"","background-media":"","overlay-type":"","overlay-color":"","overlay-opacity":"","overlay-gradient":""}}},"product_brand":[],"product_cat":[106,105,104],"product_tag":[189,406],"class_list":{"0":"post-3683","1":"product","2":"type-product","3":"status-publish","4":"has-post-thumbnail","6":"product_cat-rotating-usb-pendrive","7":"product_cat-usb-c-pendrive","8":"product_cat-usb3-0-usb-pendrive","9":"product_tag-metal-rotate-usb-flash-drive-for-iphone","10":"product_tag-metal-swivel-usb-drive","11":"desktop-align-left","12":"tablet-align-left","13":"mobile-align-left","15":"first","16":"instock","17":"shipping-taxable","18":"product-type-simple"},"_links":{"self":[{"href":"https:\/\/www.usborkeychain.com\/pt\/wp-json\/wp\/v2\/product\/3683","targetHints":{"allow":["GET"]}}],"collection":[{"href":"https:\/\/www.usborkeychain.com\/pt\/wp-json\/wp\/v2\/product"}],"about":[{"href":"https:\/\/www.usborkeychain.com\/pt\/wp-json\/wp\/v2\/types\/product"}],"replies":[{"embeddable":true,"href":"https:\/\/www.usborkeychain.com\/pt\/wp-json\/wp\/v2\/comments?post=3683"}],"wp:featuredmedia":[{"embeddable":true,"href":"https:\/\/www.usborkeychain.com\/pt\/wp-json\/wp\/v2\/media\/3690"}],"wp:attachment":[{"href":"https:\/\/www.usborkeychain.com\/pt\/wp-json\/wp\/v2\/media?parent=3683"}],"wp:term":[{"taxonomy":"product_brand","embeddable":true,"href":"https:\/\/www.usborkeychain.com\/pt\/wp-json\/wp\/v2\/product_brand?post=3683"},{"taxonomy":"product_cat","embeddable":true,"href":"https:\/\/www.usborkeychain.com\/pt\/wp-json\/wp\/v2\/product_cat?post=3683"},{"taxonomy":"product_tag","embeddable":true,"href":"https:\/\/www.usborkeychain.com\/pt\/wp-json\/wp\/v2\/product_tag?post=3683"}],"curies":[{"name":"wp","href":"https:\/\/api.w.org\/{rel}","templated":true}]}}