{"id":3693,"date":"2025-07-01T01:10:15","date_gmt":"2025-07-01T01:10:15","guid":{"rendered":"https:\/\/www.usborkeychain.com\/?post_type=product&#038;p=3693"},"modified":"2025-07-24T09:14:38","modified_gmt":"2025-07-24T09:14:38","slug":"biodegradable-key-shaped-usb-flash-drive","status":"publish","type":"product","link":"https:\/\/www.usborkeychain.com\/pt\/produto\/biodegradable-key-shaped-usb-flash-drive\/","title":{"rendered":"Unidade flash USB biodegrad\u00e1vel em forma de chave"},"content":{"rendered":"<p><\/p>\n\n\n\n<div class=\"wp-block-columns is-layout-flex wp-container-core-columns-is-layout-28f84493 wp-block-columns-is-layout-flex\">\n<div class=\"wp-block-column is-layout-flow wp-block-column-is-layout-flow\">\n<figure class=\"wp-block-image size-full\"><img fetchpriority=\"high\" decoding=\"async\" width=\"800\" height=\"800\" src=\"https:\/\/www.usborkeychain.com\/wp-content\/uploads\/key-shaped-usb-flash-drive.jpg\" alt=\"key-shaped-usb-flash-drive\" class=\"wp-image-3696\" srcset=\"https:\/\/www.usborkeychain.com\/wp-content\/uploads\/key-shaped-usb-flash-drive.jpg 800w, https:\/\/www.usborkeychain.com\/wp-content\/uploads\/key-shaped-usb-flash-drive-300x300.jpg 300w, https:\/\/www.usborkeychain.com\/wp-content\/uploads\/key-shaped-usb-flash-drive-150x150.jpg 150w, https:\/\/www.usborkeychain.com\/wp-content\/uploads\/key-shaped-usb-flash-drive-768x768.jpg 768w, https:\/\/www.usborkeychain.com\/wp-content\/uploads\/key-shaped-usb-flash-drive-12x12.jpg 12w, https:\/\/www.usborkeychain.com\/wp-content\/uploads\/key-shaped-usb-flash-drive-600x600.jpg 600w, https:\/\/www.usborkeychain.com\/wp-content\/uploads\/key-shaped-usb-flash-drive-100x100.jpg 100w\" sizes=\"(max-width: 800px) 100vw, 800px\" \/><\/figure>\n<\/div>\n\n\n\n<div class=\"wp-block-column is-vertically-aligned-center is-layout-flow wp-block-column-is-layout-flow\">\n<p>Nossa f\u00e1brica apresenta a s\u00e9rie de unidades USB biodegrad\u00e1veis em forma de chave, com quatro designs cl\u00e1ssicos de cabe\u00e7a: triangular, redonda, em forma de casa e oval. <\/p>\n\n\n\n<p>Com um corpo superfino em forma de chave e material biodegrad\u00e1vel, ele \u00e9 ecologicamente correto, suporta personaliza\u00e7\u00e3o corporativa e atacado em massa e \u00e9 adequado para brindes publicit\u00e1rios, armazenamento de dados e muito mais.<\/p>\n<\/div>\n<\/div>\n\n\n\n<h4 class=\"wp-block-heading\">1. Material biodegrad\u00e1vel e ecologicamente correto<\/h4>\n\n\n\n<p>Feito de material composto de \u00e1cido polil\u00e1tico (PLA) e PBAT, derivado de recursos renov\u00e1veis, como o milho. Ele se degrada naturalmente em \u00e1gua e di\u00f3xido de carbono, com um ciclo de degrada\u00e7\u00e3o de apenas 1\/10 do pl\u00e1stico comum, em conformidade com os padr\u00f5es da UE EN 13432. Permite a personaliza\u00e7\u00e3o da cor do material e do LOGOTIPO para transmitir os conceitos ecol\u00f3gicos da marca.<\/p>\n\n\n\n<p><\/p>\n\n\n\n<h4 class=\"wp-block-heading\">2. Unidade USB triangular em forma de chave<\/h4>\n\n\n\n<p>Apresenta uma cabe\u00e7a triangular com um buraco de fechadura redondo de 5 mm para fixa\u00e7\u00e3o em chaveiro. Oferece interfaces USB 2.0\/USB 3.0 e tecnologia UDP \u00e0 prova d'\u00e1gua (sobrevive 30 minutos em 1 m de \u00e1gua). 3,5 mm de espessura, 8 g de peso, suporta capacidade de 8 GB a 128 GB, personaliza\u00e7\u00e3o com logotipos de marcas gravados a laser - ideal para atacado.<\/p>\n\n\n\n<div class=\"wp-block-columns is-layout-flex wp-container-core-columns-is-layout-28f84493 wp-block-columns-is-layout-flex\">\n<div class=\"wp-block-column is-layout-flow wp-block-column-is-layout-flow\">\n<figure class=\"wp-block-image size-full\"><img alt=\"Triangular Key-Shaped USB Drive\" decoding=\"async\" width=\"800\" height=\"800\" src=\"https:\/\/www.usborkeychain.com\/wp-content\/uploads\/Triangular-Key-Shaped-USB-Drive.jpg\" class=\"wp-image-3698\" srcset=\"https:\/\/www.usborkeychain.com\/wp-content\/uploads\/Triangular-Key-Shaped-USB-Drive.jpg 800w, https:\/\/www.usborkeychain.com\/wp-content\/uploads\/Triangular-Key-Shaped-USB-Drive-300x300.jpg 300w, https:\/\/www.usborkeychain.com\/wp-content\/uploads\/Triangular-Key-Shaped-USB-Drive-150x150.jpg 150w, https:\/\/www.usborkeychain.com\/wp-content\/uploads\/Triangular-Key-Shaped-USB-Drive-768x768.jpg 768w, https:\/\/www.usborkeychain.com\/wp-content\/uploads\/Triangular-Key-Shaped-USB-Drive-12x12.jpg 12w, https:\/\/www.usborkeychain.com\/wp-content\/uploads\/Triangular-Key-Shaped-USB-Drive-600x600.jpg 600w, https:\/\/www.usborkeychain.com\/wp-content\/uploads\/Triangular-Key-Shaped-USB-Drive-100x100.jpg 100w\" sizes=\"(max-width: 800px) 100vw, 800px\" \/><\/figure>\n<\/div>\n\n\n\n<div class=\"wp-block-column is-layout-flow wp-block-column-is-layout-flow\">\n<figure class=\"wp-block-image size-full\"><img decoding=\"async\" width=\"800\" height=\"800\" src=\"https:\/\/www.usborkeychain.com\/wp-content\/uploads\/key-shaped-usb-flash-drive-custom-logo.jpg\" alt=\"key-shaped-usb-flash-drive-custom-logo\" class=\"wp-image-3697\" srcset=\"https:\/\/www.usborkeychain.com\/wp-content\/uploads\/key-shaped-usb-flash-drive-custom-logo.jpg 800w, https:\/\/www.usborkeychain.com\/wp-content\/uploads\/key-shaped-usb-flash-drive-custom-logo-300x300.jpg 300w, https:\/\/www.usborkeychain.com\/wp-content\/uploads\/key-shaped-usb-flash-drive-custom-logo-150x150.jpg 150w, https:\/\/www.usborkeychain.com\/wp-content\/uploads\/key-shaped-usb-flash-drive-custom-logo-768x768.jpg 768w, https:\/\/www.usborkeychain.com\/wp-content\/uploads\/key-shaped-usb-flash-drive-custom-logo-12x12.jpg 12w, https:\/\/www.usborkeychain.com\/wp-content\/uploads\/key-shaped-usb-flash-drive-custom-logo-600x600.jpg 600w, https:\/\/www.usborkeychain.com\/wp-content\/uploads\/key-shaped-usb-flash-drive-custom-logo-100x100.jpg 100w\" sizes=\"(max-width: 800px) 100vw, 800px\" \/><\/figure>\n<\/div>\n<\/div>\n\n\n\n<h4 class=\"wp-block-heading\">3. Unidade USB redonda em forma de chave<\/h4>\n\n\n\n<p>Dispon\u00edvel em dois estilos: cabe\u00e7a redonda cl\u00e1ssica de 20 mm (suporta impress\u00e3o em cores UV) e cabe\u00e7a oval plana de 15 mm (2,5 mm de espessura para facilitar o armazenamento), ambas com orif\u00edcios de chave padr\u00e3o. O modelo mais pedido permite a personaliza\u00e7\u00e3o em serigrafia no inv\u00f3lucro de material ecol\u00f3gico. Interface USB 3.0 (retrocompat\u00edvel com USB 2.0), compat\u00edvel com v\u00e1rios sistemas. A f\u00e1brica oferece personaliza\u00e7\u00e3o de capacidade e apar\u00eancia para compras de presentes em grandes quantidades.<\/p>\n\n\n\n<div class=\"wp-block-columns is-layout-flex wp-container-core-columns-is-layout-28f84493 wp-block-columns-is-layout-flex\">\n<div class=\"wp-block-column is-layout-flow wp-block-column-is-layout-flow\">\n<figure class=\"wp-block-image size-full\"><img alt=\"\" loading=\"lazy\" decoding=\"async\" width=\"800\" height=\"800\" src=\"https:\/\/www.usborkeychain.com\/wp-content\/uploads\/Round-Key-Shaped-USB-Drive-pendrive.jpg\" class=\"wp-image-3703\" srcset=\"https:\/\/www.usborkeychain.com\/wp-content\/uploads\/Round-Key-Shaped-USB-Drive-pendrive.jpg 800w, https:\/\/www.usborkeychain.com\/wp-content\/uploads\/Round-Key-Shaped-USB-Drive-pendrive-300x300.jpg 300w, https:\/\/www.usborkeychain.com\/wp-content\/uploads\/Round-Key-Shaped-USB-Drive-pendrive-150x150.jpg 150w, https:\/\/www.usborkeychain.com\/wp-content\/uploads\/Round-Key-Shaped-USB-Drive-pendrive-768x768.jpg 768w, https:\/\/www.usborkeychain.com\/wp-content\/uploads\/Round-Key-Shaped-USB-Drive-pendrive-12x12.jpg 12w, https:\/\/www.usborkeychain.com\/wp-content\/uploads\/Round-Key-Shaped-USB-Drive-pendrive-600x600.jpg 600w, https:\/\/www.usborkeychain.com\/wp-content\/uploads\/Round-Key-Shaped-USB-Drive-pendrive-100x100.jpg 100w\" sizes=\"(max-width: 800px) 100vw, 800px\" \/><\/figure>\n<\/div>\n\n\n\n<div class=\"wp-block-column is-layout-flow wp-block-column-is-layout-flow\">\n<figure class=\"wp-block-image size-full\"><img alt=\"\" loading=\"lazy\" decoding=\"async\" width=\"800\" height=\"800\" src=\"https:\/\/www.usborkeychain.com\/wp-content\/uploads\/Biodegradable-Key-Shaped-USB-Drive.jpg\" class=\"wp-image-3699\" srcset=\"https:\/\/www.usborkeychain.com\/wp-content\/uploads\/Biodegradable-Key-Shaped-USB-Drive.jpg 800w, https:\/\/www.usborkeychain.com\/wp-content\/uploads\/Biodegradable-Key-Shaped-USB-Drive-300x300.jpg 300w, https:\/\/www.usborkeychain.com\/wp-content\/uploads\/Biodegradable-Key-Shaped-USB-Drive-150x150.jpg 150w, https:\/\/www.usborkeychain.com\/wp-content\/uploads\/Biodegradable-Key-Shaped-USB-Drive-768x768.jpg 768w, https:\/\/www.usborkeychain.com\/wp-content\/uploads\/Biodegradable-Key-Shaped-USB-Drive-12x12.jpg 12w, https:\/\/www.usborkeychain.com\/wp-content\/uploads\/Biodegradable-Key-Shaped-USB-Drive-600x600.jpg 600w, https:\/\/www.usborkeychain.com\/wp-content\/uploads\/Biodegradable-Key-Shaped-USB-Drive-100x100.jpg 100w\" sizes=\"(max-width: 800px) 100vw, 800px\" \/><\/figure>\n<\/div>\n<\/div>\n\n\n\n<h4 class=\"wp-block-heading\">4. Unidade USB com chave em formato de casa<\/h4>\n\n\n\n<p>A cabe\u00e7a imita o design de uma inclina\u00e7\u00e3o de telhado, com um corpo de 2 mm de espessura (5 g de peso) que cabe em carteiras. Resistente a quedas de 1,5 m, a interface USB 2.0 garante transmiss\u00e3o est\u00e1vel e vida \u00fatil de 100.000 ciclos. A \u00e1rea do teto pode imprimir logotipos, o que \u00e9 perfeito para marcas imobili\u00e1rias e de criatividade cultural. A f\u00e1brica oferece personaliza\u00e7\u00e3o em uma \u00fanica etapa para impulsionar a promo\u00e7\u00e3o da marca.<\/p>\n\n\n\n<div class=\"wp-block-columns is-layout-flex wp-container-core-columns-is-layout-28f84493 wp-block-columns-is-layout-flex\">\n<div class=\"wp-block-column is-layout-flow wp-block-column-is-layout-flow\">\n<figure class=\"wp-block-image size-full\"><img alt=\"\" loading=\"lazy\" decoding=\"async\" width=\"800\" height=\"800\" src=\"https:\/\/www.usborkeychain.com\/wp-content\/uploads\/house-shaepd-usb-flash-drive.jpg\" class=\"wp-image-3700\" srcset=\"https:\/\/www.usborkeychain.com\/wp-content\/uploads\/house-shaepd-usb-flash-drive.jpg 800w, https:\/\/www.usborkeychain.com\/wp-content\/uploads\/house-shaepd-usb-flash-drive-300x300.jpg 300w, https:\/\/www.usborkeychain.com\/wp-content\/uploads\/house-shaepd-usb-flash-drive-150x150.jpg 150w, https:\/\/www.usborkeychain.com\/wp-content\/uploads\/house-shaepd-usb-flash-drive-768x768.jpg 768w, https:\/\/www.usborkeychain.com\/wp-content\/uploads\/house-shaepd-usb-flash-drive-12x12.jpg 12w, https:\/\/www.usborkeychain.com\/wp-content\/uploads\/house-shaepd-usb-flash-drive-600x600.jpg 600w, https:\/\/www.usborkeychain.com\/wp-content\/uploads\/house-shaepd-usb-flash-drive-100x100.jpg 100w\" sizes=\"(max-width: 800px) 100vw, 800px\" \/><\/figure>\n<\/div>\n\n\n\n<div class=\"wp-block-column is-layout-flow wp-block-column-is-layout-flow\">\n<figure class=\"wp-block-image size-full\"><img alt=\"\" loading=\"lazy\" decoding=\"async\" width=\"800\" height=\"800\" src=\"https:\/\/www.usborkeychain.com\/wp-content\/uploads\/house-shape-usb-drive.jpg\" class=\"wp-image-3701\" srcset=\"https:\/\/www.usborkeychain.com\/wp-content\/uploads\/house-shape-usb-drive.jpg 800w, https:\/\/www.usborkeychain.com\/wp-content\/uploads\/house-shape-usb-drive-300x300.jpg 300w, https:\/\/www.usborkeychain.com\/wp-content\/uploads\/house-shape-usb-drive-150x150.jpg 150w, https:\/\/www.usborkeychain.com\/wp-content\/uploads\/house-shape-usb-drive-768x768.jpg 768w, https:\/\/www.usborkeychain.com\/wp-content\/uploads\/house-shape-usb-drive-12x12.jpg 12w, https:\/\/www.usborkeychain.com\/wp-content\/uploads\/house-shape-usb-drive-600x600.jpg 600w, https:\/\/www.usborkeychain.com\/wp-content\/uploads\/house-shape-usb-drive-100x100.jpg 100w\" sizes=\"(max-width: 800px) 100vw, 800px\" \/><\/figure>\n<\/div>\n<\/div>\n\n\n\n<p>As unidades USB com chave biodegrad\u00e1vel combinam 4 designs criativos, materiais ecol\u00f3gicos e recursos pr\u00e1ticos para atender a diversas necessidades. Com personaliza\u00e7\u00e3o total e suporte de atacado a granel, nossa f\u00e1brica capacita as empresas a promover a marca verde - escolher-nos significa escolher um futuro sustent\u00e1vel.<\/p>","protected":false},"excerpt":{"rendered":"<ul>\n<li>Triangular em forma de chave<\/li>\n<li>Redondo em forma de chave<\/li>\n<li>Em forma de casa<\/li>\n<li>Logotipo personalizado<\/li>\n<li>2 mm de espessura<\/li>\n<\/ul>","protected":false},"featured_media":3702,"comment_status":"open","ping_status":"closed","template":"","meta":{"_seopress_robots_primary_cat":"","_seopress_titles_title":"","_seopress_titles_desc":"","_seopress_robots_index":"","site-sidebar-layout":"default","site-content-layout":"","ast-site-content-layout":"","site-content-style":"default","site-sidebar-style":"default","ast-global-header-display":"","ast-banner-title-visibility":"","ast-main-header-display":"","ast-hfb-above-header-display":"","ast-hfb-below-header-display":"","ast-hfb-mobile-header-display":"","site-post-title":"","ast-breadcrumbs-content":"","ast-featured-img":"","footer-sml-layout":"","theme-transparent-header-meta":"","adv-header-id-meta":"","stick-header-meta":"","header-above-stick-meta":"","header-main-stick-meta":"","header-below-stick-meta":"","astra-migrate-meta-layouts":"default","ast-page-background-enabled":"default","ast-page-background-meta":{"desktop":{"background-color":"var(--ast-global-color-5)","background-image":"","background-repeat":"repeat","background-position":"center center","background-size":"auto","background-attachment":"scroll","background-type":"","background-media":"","overlay-type":"","overlay-color":"","overlay-opacity":"","overlay-gradient":""},"tablet":{"background-color":"","background-image":"","background-repeat":"repeat","background-position":"center center","background-size":"auto","background-attachment":"scroll","background-type":"","background-media":"","overlay-type":"","overlay-color":"","overlay-opacity":"","overlay-gradient":""},"mobile":{"background-color":"","background-image":"","background-repeat":"repeat","background-position":"center center","background-size":"auto","background-attachment":"scroll","background-type":"","background-media":"","overlay-type":"","overlay-color":"","overlay-opacity":"","overlay-gradient":""}},"ast-content-background-meta":{"desktop":{"background-color":"var(--ast-global-color-4)","background-image":"","background-repeat":"repeat","background-position":"center center","background-size":"auto","background-attachment":"scroll","background-type":"","background-media":"","overlay-type":"","overlay-color":"","overlay-opacity":"","overlay-gradient":""},"tablet":{"background-color":"var(--ast-global-color-4)","background-image":"","background-repeat":"repeat","background-position":"center center","background-size":"auto","background-attachment":"scroll","background-type":"","background-media":"","overlay-type":"","overlay-color":"","overlay-opacity":"","overlay-gradient":""},"mobile":{"background-color":"var(--ast-global-color-4)","background-image":"","background-repeat":"repeat","background-position":"center center","background-size":"auto","background-attachment":"scroll","background-type":"","background-media":"","overlay-type":"","overlay-color":"","overlay-opacity":"","overlay-gradient":""}}},"product_brand":[],"product_cat":[170,108],"product_tag":[208],"class_list":{"0":"post-3693","1":"product","2":"type-product","3":"status-publish","4":"has-post-thumbnail","6":"product_cat-biodegradable-usb-pendrive-2","7":"product_cat-key-shaped-usb-pendrive","8":"product_tag-eco-friendly-usb-drive","9":"desktop-align-left","10":"tablet-align-left","11":"mobile-align-left","13":"first","14":"instock","15":"shipping-taxable","16":"product-type-simple"},"_links":{"self":[{"href":"https:\/\/www.usborkeychain.com\/pt\/wp-json\/wp\/v2\/product\/3693","targetHints":{"allow":["GET"]}}],"collection":[{"href":"https:\/\/www.usborkeychain.com\/pt\/wp-json\/wp\/v2\/product"}],"about":[{"href":"https:\/\/www.usborkeychain.com\/pt\/wp-json\/wp\/v2\/types\/product"}],"replies":[{"embeddable":true,"href":"https:\/\/www.usborkeychain.com\/pt\/wp-json\/wp\/v2\/comments?post=3693"}],"wp:featuredmedia":[{"embeddable":true,"href":"https:\/\/www.usborkeychain.com\/pt\/wp-json\/wp\/v2\/media\/3702"}],"wp:attachment":[{"href":"https:\/\/www.usborkeychain.com\/pt\/wp-json\/wp\/v2\/media?parent=3693"}],"wp:term":[{"taxonomy":"product_brand","embeddable":true,"href":"https:\/\/www.usborkeychain.com\/pt\/wp-json\/wp\/v2\/product_brand?post=3693"},{"taxonomy":"product_cat","embeddable":true,"href":"https:\/\/www.usborkeychain.com\/pt\/wp-json\/wp\/v2\/product_cat?post=3693"},{"taxonomy":"product_tag","embeddable":true,"href":"https:\/\/www.usborkeychain.com\/pt\/wp-json\/wp\/v2\/product_tag?post=3693"}],"curies":[{"name":"wp","href":"https:\/\/api.w.org\/{rel}","templated":true}]}}