{"id":3709,"date":"2025-07-01T02:53:24","date_gmt":"2025-07-01T02:53:24","guid":{"rendered":"https:\/\/www.usborkeychain.com\/?post_type=product&#038;p=3709"},"modified":"2025-08-17T13:16:59","modified_gmt":"2025-08-17T13:16:59","slug":"the-most-popular-twist-flash-drive-for-android-phone","status":"publish","type":"product","link":"https:\/\/www.usborkeychain.com\/pt\/produto\/the-most-popular-twist-flash-drive-for-android-phone\/","title":{"rendered":"A unidade flash twist mais popular para telefones Android"},"content":{"rendered":"<p><\/p>\n\n\n\n<div class=\"wp-block-columns is-layout-flex wp-container-core-columns-is-layout-28f84493 wp-block-columns-is-layout-flex\">\n<div class=\"wp-block-column is-layout-flow wp-block-column-is-layout-flow\">\n<figure class=\"wp-block-image size-full\"><img alt=\"\" fetchpriority=\"high\" decoding=\"async\" width=\"800\" height=\"800\" src=\"https:\/\/www.usborkeychain.com\/wp-content\/uploads\/usb-flash-drive-for-android-phone.jpg\" class=\"wp-image-3719\" srcset=\"https:\/\/www.usborkeychain.com\/wp-content\/uploads\/usb-flash-drive-for-android-phone.jpg 800w, https:\/\/www.usborkeychain.com\/wp-content\/uploads\/usb-flash-drive-for-android-phone-300x300.jpg 300w, https:\/\/www.usborkeychain.com\/wp-content\/uploads\/usb-flash-drive-for-android-phone-150x150.jpg 150w, https:\/\/www.usborkeychain.com\/wp-content\/uploads\/usb-flash-drive-for-android-phone-768x768.jpg 768w, https:\/\/www.usborkeychain.com\/wp-content\/uploads\/usb-flash-drive-for-android-phone-12x12.jpg 12w, https:\/\/www.usborkeychain.com\/wp-content\/uploads\/usb-flash-drive-for-android-phone-600x600.jpg 600w, https:\/\/www.usborkeychain.com\/wp-content\/uploads\/usb-flash-drive-for-android-phone-100x100.jpg 100w\" sizes=\"(max-width: 800px) 100vw, 800px\" \/><\/figure>\n<\/div>\n\n\n\n<div class=\"wp-block-column is-vertically-aligned-center is-layout-flow wp-block-column-is-layout-flow\">\n<h1 class=\"wp-block-heading\">Unidade USB OTG com clipe girat\u00f3rio<\/h1>\n\n\n\n<p>Como um dos modelos mais vendidos de unidades USB OTG, a unidade USB rotativa com clipe \u00e9 otimizada com base no design cl\u00e1ssico, apresentando um clipe de metal leve e dur\u00e1vel + corpo de pl\u00e1stico. \u00c9 compat\u00edvel com a personaliza\u00e7\u00e3o de f\u00e1brica e o atacado em massa, o que o torna a op\u00e7\u00e3o ideal para armazenamento pessoal e compras comerciais.<\/p>\n<\/div>\n<\/div>\n\n\n\n<h2 class=\"wp-block-heading\">1\u3001Por que o Clip Rotating Mobile USB Drive \u00e9 popular?<\/h2>\n\n\n\n<p>Como um dos primeiros drives USB m\u00f3veis com interface Micro USB (compat\u00edvel com Android), ele ganhou popularidade por seu design simples de clipe girat\u00f3rio, pre\u00e7o acess\u00edvel e v\u00e1rias op\u00e7\u00f5es de cores (vermelho\/azul\/preto etc.), o que o torna adequado para venda no atacado. O fabricante oferece servi\u00e7os de personaliza\u00e7\u00e3o, como impress\u00e3o de LOGOTIPO, com uma quantidade m\u00ednima de pedido de 500 unidades, o que o torna uma op\u00e7\u00e3o popular para brindes promocionais.<\/p>\n\n\n\n<p>A produ\u00e7\u00e3o em escala de f\u00e1brica d\u00e1 a esse drive USB uma vantagem significativa de pre\u00e7o, com pre\u00e7os unit\u00e1rios muito mais baixos do que os de drives USB inteligentes semelhantes - perfeito para compras em grandes quantidades. Ele oferece cores b\u00e1sicas como vermelho, azul, preto e prata para atender \u00e0s necessidades personalizadas. Para as empresas, as compras no atacado n\u00e3o apenas desfrutam de pre\u00e7os mais baixos, mas tamb\u00e9m permitem que o LOGOTIPO da marca ou padr\u00f5es exclusivos sejam impressos na caixa por meio da personaliza\u00e7\u00e3o de f\u00e1brica, tornando-o um brinde promocional ou corporativo econ\u00f4mico.<\/p>\n\n\n\n<div class=\"wp-block-columns is-layout-flex wp-container-core-columns-is-layout-28f84493 wp-block-columns-is-layout-flex\">\n<div class=\"wp-block-column is-layout-flow wp-block-column-is-layout-flow\">\n<figure class=\"wp-block-image size-full\"><img alt=\"\" decoding=\"async\" width=\"800\" height=\"800\" src=\"https:\/\/www.usborkeychain.com\/wp-content\/uploads\/usb-flash-drive-for-android-phone-usb3.0.jpg\" class=\"wp-image-3718\" srcset=\"https:\/\/www.usborkeychain.com\/wp-content\/uploads\/usb-flash-drive-for-android-phone-usb3.0.jpg 800w, https:\/\/www.usborkeychain.com\/wp-content\/uploads\/usb-flash-drive-for-android-phone-usb3.0-300x300.jpg 300w, https:\/\/www.usborkeychain.com\/wp-content\/uploads\/usb-flash-drive-for-android-phone-usb3.0-150x150.jpg 150w, https:\/\/www.usborkeychain.com\/wp-content\/uploads\/usb-flash-drive-for-android-phone-usb3.0-768x768.jpg 768w, https:\/\/www.usborkeychain.com\/wp-content\/uploads\/usb-flash-drive-for-android-phone-usb3.0-12x12.jpg 12w, https:\/\/www.usborkeychain.com\/wp-content\/uploads\/usb-flash-drive-for-android-phone-usb3.0-600x600.jpg 600w, https:\/\/www.usborkeychain.com\/wp-content\/uploads\/usb-flash-drive-for-android-phone-usb3.0-100x100.jpg 100w\" sizes=\"(max-width: 800px) 100vw, 800px\" \/><\/figure>\n<\/div>\n\n\n\n<div class=\"wp-block-column is-layout-flow wp-block-column-is-layout-flow\">\n<figure class=\"wp-block-image size-full\"><img alt=\"\" decoding=\"async\" width=\"800\" height=\"800\" src=\"https:\/\/www.usborkeychain.com\/wp-content\/uploads\/usb-flash-drive-for-android-phone-size.jpg\" class=\"wp-image-3717\" srcset=\"https:\/\/www.usborkeychain.com\/wp-content\/uploads\/usb-flash-drive-for-android-phone-size.jpg 800w, https:\/\/www.usborkeychain.com\/wp-content\/uploads\/usb-flash-drive-for-android-phone-size-300x300.jpg 300w, https:\/\/www.usborkeychain.com\/wp-content\/uploads\/usb-flash-drive-for-android-phone-size-150x150.jpg 150w, https:\/\/www.usborkeychain.com\/wp-content\/uploads\/usb-flash-drive-for-android-phone-size-768x768.jpg 768w, https:\/\/www.usborkeychain.com\/wp-content\/uploads\/usb-flash-drive-for-android-phone-size-12x12.jpg 12w, https:\/\/www.usborkeychain.com\/wp-content\/uploads\/usb-flash-drive-for-android-phone-size-600x600.jpg 600w, https:\/\/www.usborkeychain.com\/wp-content\/uploads\/usb-flash-drive-for-android-phone-size-100x100.jpg 100w\" sizes=\"(max-width: 800px) 100vw, 800px\" \/><\/figure>\n<\/div>\n<\/div>\n\n\n\n<h2 class=\"wp-block-heading\">2\u3001Par\u00e2metros principais: Clipe de liga de zinco + corpo de ABS<\/h2>\n\n\n\n<p>O clipe de metal \u00e9 feito de liga de zinco, testado para suportar 5.000 ciclos de abertura\/fechamento sem deforma\u00e7\u00e3o, prendendo firmemente v\u00e1rios itens. O corpo de pl\u00e1stico usa material ABS de alta resist\u00eancia, resistente a quedas e testado contra desgaste para permanecer intacto ap\u00f3s uma queda de 1,5 m. A estrutura girat\u00f3ria de 360\u00b0 \u00e9 otimizada para amortecimento moderado, garantindo estabilidade durante o uso e f\u00e1cil ajuste de \u00e2ngulo para portabilidade.<\/p>\n\n\n\n<figure class=\"wp-block-table\"><table class=\"has-fixed-layout\"><thead><tr><th>Par\u00e2metro<\/th><th>Especifica\u00e7\u00e3o<\/th><\/tr><\/thead><tbody><tr><td>Interface<\/td><td>Micro USB (Android)<\/td><\/tr><tr><td>Capacidade<\/td><td>8\/16\/32\/64 GB (personaliz\u00e1vel)<\/td><\/tr><tr><td>Material<\/td><td>Clipe de liga de zinco + pl\u00e1stico ABS<\/td><\/tr><tr><td>Design<\/td><td>Rota\u00e7\u00e3o de 360\u00b0, peso leve de 12 g, resistente a quedas de 1,5 m<\/td><\/tr><tr><td>Velocidade<\/td><td>Leitura: 10 MB\/s, grava\u00e7\u00e3o: 5 MB\/s (USB 2.0)<\/td><\/tr><\/tbody><\/table><\/figure>\n\n\n\n<h2 class=\"wp-block-heading\">3\u3001Compatibilidade de interface: Conex\u00e3o direta com o Android, adaptador para uso universal<\/h2>\n\n\n\n<p>Equipado com uma interface Micro USB padr\u00e3o para transfer\u00eancia direta de dados plug-and-play com telefones Android. Os usu\u00e1rios de Apple\/Lightning\/Type-C precisam adquirir um adaptador separadamente (requer que o dispositivo seja compat\u00edvel com OTG). O fabricante fornece orienta\u00e7\u00e3o sobre compatibilidade.<\/p>\n\n\n\n<p>Observa\u00e7\u00e3o: ao usar um adaptador, confirme se o dispositivo \u00e9 compat\u00edvel com a fun\u00e7\u00e3o OTG (On-The-Go), que \u00e9 ativada por padr\u00e3o na maioria dos modelos convencionais.<\/p>\n\n\n\n<div class=\"wp-block-columns is-layout-flex wp-container-core-columns-is-layout-28f84493 wp-block-columns-is-layout-flex\">\n<div class=\"wp-block-column is-layout-flow wp-block-column-is-layout-flow\">\n<figure class=\"wp-block-image size-full\"><img alt=\"\" loading=\"lazy\" decoding=\"async\" width=\"800\" height=\"800\" src=\"https:\/\/www.usborkeychain.com\/wp-content\/uploads\/green-flash-drive-for-android-phone.jpg\" class=\"wp-image-3714\" srcset=\"https:\/\/www.usborkeychain.com\/wp-content\/uploads\/green-flash-drive-for-android-phone.jpg 800w, https:\/\/www.usborkeychain.com\/wp-content\/uploads\/green-flash-drive-for-android-phone-300x300.jpg 300w, https:\/\/www.usborkeychain.com\/wp-content\/uploads\/green-flash-drive-for-android-phone-150x150.jpg 150w, https:\/\/www.usborkeychain.com\/wp-content\/uploads\/green-flash-drive-for-android-phone-768x768.jpg 768w, https:\/\/www.usborkeychain.com\/wp-content\/uploads\/green-flash-drive-for-android-phone-12x12.jpg 12w, https:\/\/www.usborkeychain.com\/wp-content\/uploads\/green-flash-drive-for-android-phone-600x600.jpg 600w, https:\/\/www.usborkeychain.com\/wp-content\/uploads\/green-flash-drive-for-android-phone-100x100.jpg 100w\" sizes=\"(max-width: 800px) 100vw, 800px\" \/><\/figure>\n<\/div>\n\n\n\n<div class=\"wp-block-column is-layout-flow wp-block-column-is-layout-flow\">\n<figure class=\"wp-block-image size-full\"><img alt=\"\" loading=\"lazy\" decoding=\"async\" width=\"800\" height=\"800\" src=\"https:\/\/www.usborkeychain.com\/wp-content\/uploads\/blue-twist-flash-drive-for-android-phone.jpg\" class=\"wp-image-3713\" srcset=\"https:\/\/www.usborkeychain.com\/wp-content\/uploads\/blue-twist-flash-drive-for-android-phone.jpg 800w, https:\/\/www.usborkeychain.com\/wp-content\/uploads\/blue-twist-flash-drive-for-android-phone-300x300.jpg 300w, https:\/\/www.usborkeychain.com\/wp-content\/uploads\/blue-twist-flash-drive-for-android-phone-150x150.jpg 150w, https:\/\/www.usborkeychain.com\/wp-content\/uploads\/blue-twist-flash-drive-for-android-phone-768x768.jpg 768w, https:\/\/www.usborkeychain.com\/wp-content\/uploads\/blue-twist-flash-drive-for-android-phone-12x12.jpg 12w, https:\/\/www.usborkeychain.com\/wp-content\/uploads\/blue-twist-flash-drive-for-android-phone-600x600.jpg 600w, https:\/\/www.usborkeychain.com\/wp-content\/uploads\/blue-twist-flash-drive-for-android-phone-100x100.jpg 100w\" sizes=\"(max-width: 800px) 100vw, 800px\" \/><\/figure>\n<\/div>\n\n\n\n<div class=\"wp-block-column is-layout-flow wp-block-column-is-layout-flow\">\n<figure class=\"wp-block-image size-full\"><img alt=\"\" loading=\"lazy\" decoding=\"async\" width=\"800\" height=\"800\" src=\"https:\/\/www.usborkeychain.com\/wp-content\/uploads\/black-twist-flash-drive-for-android-phone.jpg\" class=\"wp-image-3712\" srcset=\"https:\/\/www.usborkeychain.com\/wp-content\/uploads\/black-twist-flash-drive-for-android-phone.jpg 800w, https:\/\/www.usborkeychain.com\/wp-content\/uploads\/black-twist-flash-drive-for-android-phone-300x300.jpg 300w, https:\/\/www.usborkeychain.com\/wp-content\/uploads\/black-twist-flash-drive-for-android-phone-150x150.jpg 150w, https:\/\/www.usborkeychain.com\/wp-content\/uploads\/black-twist-flash-drive-for-android-phone-768x768.jpg 768w, https:\/\/www.usborkeychain.com\/wp-content\/uploads\/black-twist-flash-drive-for-android-phone-12x12.jpg 12w, https:\/\/www.usborkeychain.com\/wp-content\/uploads\/black-twist-flash-drive-for-android-phone-600x600.jpg 600w, https:\/\/www.usborkeychain.com\/wp-content\/uploads\/black-twist-flash-drive-for-android-phone-100x100.jpg 100w\" sizes=\"(max-width: 800px) 100vw, 800px\" \/><\/figure>\n<\/div>\n<\/div>\n\n\n\n<div class=\"wp-block-columns is-layout-flex wp-container-core-columns-is-layout-28f84493 wp-block-columns-is-layout-flex\">\n<div class=\"wp-block-column is-layout-flow wp-block-column-is-layout-flow\">\n<figure class=\"wp-block-image size-full\"><img alt=\"\" loading=\"lazy\" decoding=\"async\" width=\"800\" height=\"800\" src=\"https:\/\/www.usborkeychain.com\/wp-content\/uploads\/yellow-flash-drive-for-android-phone.jpg\" class=\"wp-image-3721\" srcset=\"https:\/\/www.usborkeychain.com\/wp-content\/uploads\/yellow-flash-drive-for-android-phone.jpg 800w, https:\/\/www.usborkeychain.com\/wp-content\/uploads\/yellow-flash-drive-for-android-phone-300x300.jpg 300w, https:\/\/www.usborkeychain.com\/wp-content\/uploads\/yellow-flash-drive-for-android-phone-150x150.jpg 150w, https:\/\/www.usborkeychain.com\/wp-content\/uploads\/yellow-flash-drive-for-android-phone-768x768.jpg 768w, https:\/\/www.usborkeychain.com\/wp-content\/uploads\/yellow-flash-drive-for-android-phone-12x12.jpg 12w, https:\/\/www.usborkeychain.com\/wp-content\/uploads\/yellow-flash-drive-for-android-phone-600x600.jpg 600w, https:\/\/www.usborkeychain.com\/wp-content\/uploads\/yellow-flash-drive-for-android-phone-100x100.jpg 100w\" sizes=\"(max-width: 800px) 100vw, 800px\" \/><\/figure>\n<\/div>\n\n\n\n<div class=\"wp-block-column is-layout-flow wp-block-column-is-layout-flow\">\n<figure class=\"wp-block-image size-full\"><img alt=\"\" loading=\"lazy\" decoding=\"async\" width=\"800\" height=\"800\" src=\"https:\/\/www.usborkeychain.com\/wp-content\/uploads\/white-flash-drive-for-android-phone.jpg\" class=\"wp-image-3720\" srcset=\"https:\/\/www.usborkeychain.com\/wp-content\/uploads\/white-flash-drive-for-android-phone.jpg 800w, https:\/\/www.usborkeychain.com\/wp-content\/uploads\/white-flash-drive-for-android-phone-300x300.jpg 300w, https:\/\/www.usborkeychain.com\/wp-content\/uploads\/white-flash-drive-for-android-phone-150x150.jpg 150w, https:\/\/www.usborkeychain.com\/wp-content\/uploads\/white-flash-drive-for-android-phone-768x768.jpg 768w, https:\/\/www.usborkeychain.com\/wp-content\/uploads\/white-flash-drive-for-android-phone-12x12.jpg 12w, https:\/\/www.usborkeychain.com\/wp-content\/uploads\/white-flash-drive-for-android-phone-600x600.jpg 600w, https:\/\/www.usborkeychain.com\/wp-content\/uploads\/white-flash-drive-for-android-phone-100x100.jpg 100w\" sizes=\"(max-width: 800px) 100vw, 800px\" \/><\/figure>\n<\/div>\n\n\n\n<div class=\"wp-block-column is-layout-flow wp-block-column-is-layout-flow\">\n<figure class=\"wp-block-image size-full\"><img alt=\"\" loading=\"lazy\" decoding=\"async\" width=\"800\" height=\"800\" src=\"https:\/\/www.usborkeychain.com\/wp-content\/uploads\/red-usb-flash-drive-for-android-phone.jpg\" class=\"wp-image-3715\" srcset=\"https:\/\/www.usborkeychain.com\/wp-content\/uploads\/red-usb-flash-drive-for-android-phone.jpg 800w, https:\/\/www.usborkeychain.com\/wp-content\/uploads\/red-usb-flash-drive-for-android-phone-300x300.jpg 300w, https:\/\/www.usborkeychain.com\/wp-content\/uploads\/red-usb-flash-drive-for-android-phone-150x150.jpg 150w, https:\/\/www.usborkeychain.com\/wp-content\/uploads\/red-usb-flash-drive-for-android-phone-768x768.jpg 768w, https:\/\/www.usborkeychain.com\/wp-content\/uploads\/red-usb-flash-drive-for-android-phone-12x12.jpg 12w, https:\/\/www.usborkeychain.com\/wp-content\/uploads\/red-usb-flash-drive-for-android-phone-600x600.jpg 600w, https:\/\/www.usborkeychain.com\/wp-content\/uploads\/red-usb-flash-drive-for-android-phone-100x100.jpg 100w\" sizes=\"(max-width: 800px) 100vw, 800px\" \/><\/figure>\n<\/div>\n<\/div>\n\n\n\n<h2 class=\"wp-block-heading\">4\u3001Op\u00e7\u00f5es de cores e personaliza\u00e7\u00e3o<\/h2>\n\n\n\n<p>Todas as cores usam tecnologia de pulveriza\u00e7\u00e3o UV para alto brilho e resist\u00eancia ao desbotamento. O design do clipe com rota\u00e7\u00e3o de 360\u00b0 aumenta a portabilidade e exibe as cores de todos os \u00e2ngulos, permitindo que os usu\u00e1rios escolham de acordo com os trajes ou cen\u00e1rios di\u00e1rios.<\/p>\n\n\n\n<p>Para clientes corporativos ou compradores em massa, o fabricante oferece servi\u00e7os flex\u00edveis de personaliza\u00e7\u00e3o:<\/p>\n\n\n\n<ul class=\"wp-block-list\">\n<li><strong>Personaliza\u00e7\u00e3o de cores<\/strong>: Suporta a personaliza\u00e7\u00e3o de cart\u00f5es de cores Pantone com um pedido m\u00ednimo de 1.000 pe\u00e7as (c\u00f3digo de cor ou amostra necess\u00e1rios).<\/li>\n\n\n\n<li><strong>Impress\u00e3o de logotipos<\/strong>: Logotipos de marcas gravados em serigrafia ou a laser no corpo ou no clipe, com um pedido m\u00ednimo de 100 pe\u00e7as.<\/li>\n\n\n\n<li><strong>Personaliza\u00e7\u00e3o de embalagens<\/strong>: Fornece embalagens neutras, caixas coloridas, caixas de presente, etc.<\/li>\n<\/ul>\n\n\n\n<p>O processo de personaliza\u00e7\u00e3o \u00e9 eficiente, com servi\u00e7os de prova de design oferecidos. A entrega a granel est\u00e1 dispon\u00edvel dentro de 7 a 15 dias \u00fateis ap\u00f3s a confirma\u00e7\u00e3o da amostra, atendendo rapidamente \u00e0s necessidades de brindes corporativos ou modelos exclusivos de com\u00e9rcio eletr\u00f4nico.<\/p>","protected":false},"excerpt":{"rendered":"<ul>\n<li>USB OTG<\/li>\n<li>Estilos de teste<\/li>\n<li>Muitas cores podem ser escolhidas<\/li>\n<li>Logotipo personalizado<\/li>\n<li>Compat\u00edvel com Android<\/li>\n<\/ul>","protected":false},"featured_media":3716,"comment_status":"open","ping_status":"closed","template":"","meta":{"_seopress_robots_primary_cat":"","_seopress_titles_title":"","_seopress_titles_desc":"","_seopress_robots_index":"","site-sidebar-layout":"default","site-content-layout":"","ast-site-content-layout":"","site-content-style":"default","site-sidebar-style":"default","ast-global-header-display":"","ast-banner-title-visibility":"","ast-main-header-display":"","ast-hfb-above-header-display":"","ast-hfb-below-header-display":"","ast-hfb-mobile-header-display":"","site-post-title":"","ast-breadcrumbs-content":"","ast-featured-img":"","footer-sml-layout":"","theme-transparent-header-meta":"","adv-header-id-meta":"","stick-header-meta":"","header-above-stick-meta":"","header-main-stick-meta":"","header-below-stick-meta":"","astra-migrate-meta-layouts":"default","ast-page-background-enabled":"default","ast-page-background-meta":{"desktop":{"background-color":"var(--ast-global-color-5)","background-image":"","background-repeat":"repeat","background-position":"center center","background-size":"auto","background-attachment":"scroll","background-type":"","background-media":"","overlay-type":"","overlay-color":"","overlay-opacity":"","overlay-gradient":""},"tablet":{"background-color":"","background-image":"","background-repeat":"repeat","background-position":"center center","background-size":"auto","background-attachment":"scroll","background-type":"","background-media":"","overlay-type":"","overlay-color":"","overlay-opacity":"","overlay-gradient":""},"mobile":{"background-color":"","background-image":"","background-repeat":"repeat","background-position":"center center","background-size":"auto","background-attachment":"scroll","background-type":"","background-media":"","overlay-type":"","overlay-color":"","overlay-opacity":"","overlay-gradient":""}},"ast-content-background-meta":{"desktop":{"background-color":"var(--ast-global-color-4)","background-image":"","background-repeat":"repeat","background-position":"center center","background-size":"auto","background-attachment":"scroll","background-type":"","background-media":"","overlay-type":"","overlay-color":"","overlay-opacity":"","overlay-gradient":""},"tablet":{"background-color":"var(--ast-global-color-4)","background-image":"","background-repeat":"repeat","background-position":"center center","background-size":"auto","background-attachment":"scroll","background-type":"","background-media":"","overlay-type":"","overlay-color":"","overlay-opacity":"","overlay-gradient":""},"mobile":{"background-color":"var(--ast-global-color-4)","background-image":"","background-repeat":"repeat","background-position":"center center","background-size":"auto","background-attachment":"scroll","background-type":"","background-media":"","overlay-type":"","overlay-color":"","overlay-opacity":"","overlay-gradient":""}}},"product_brand":[],"product_cat":[106,105],"product_tag":[209,405],"class_list":{"0":"post-3709","1":"product","2":"type-product","3":"status-publish","4":"has-post-thumbnail","6":"product_cat-rotating-usb-pendrive","7":"product_cat-usb-c-pendrive","8":"product_tag-otg-usb-drives","9":"product_tag-plastic-rotating-usb-drive","10":"desktop-align-left","11":"tablet-align-left","12":"mobile-align-left","14":"first","15":"instock","16":"shipping-taxable","17":"product-type-simple"},"_links":{"self":[{"href":"https:\/\/www.usborkeychain.com\/pt\/wp-json\/wp\/v2\/product\/3709","targetHints":{"allow":["GET"]}}],"collection":[{"href":"https:\/\/www.usborkeychain.com\/pt\/wp-json\/wp\/v2\/product"}],"about":[{"href":"https:\/\/www.usborkeychain.com\/pt\/wp-json\/wp\/v2\/types\/product"}],"replies":[{"embeddable":true,"href":"https:\/\/www.usborkeychain.com\/pt\/wp-json\/wp\/v2\/comments?post=3709"}],"wp:featuredmedia":[{"embeddable":true,"href":"https:\/\/www.usborkeychain.com\/pt\/wp-json\/wp\/v2\/media\/3716"}],"wp:attachment":[{"href":"https:\/\/www.usborkeychain.com\/pt\/wp-json\/wp\/v2\/media?parent=3709"}],"wp:term":[{"taxonomy":"product_brand","embeddable":true,"href":"https:\/\/www.usborkeychain.com\/pt\/wp-json\/wp\/v2\/product_brand?post=3709"},{"taxonomy":"product_cat","embeddable":true,"href":"https:\/\/www.usborkeychain.com\/pt\/wp-json\/wp\/v2\/product_cat?post=3709"},{"taxonomy":"product_tag","embeddable":true,"href":"https:\/\/www.usborkeychain.com\/pt\/wp-json\/wp\/v2\/product_tag?post=3709"}],"curies":[{"name":"wp","href":"https:\/\/api.w.org\/{rel}","templated":true}]}}