{"id":3724,"date":"2025-07-03T01:28:35","date_gmt":"2025-07-03T01:28:35","guid":{"rendered":"https:\/\/www.usborkeychain.com\/?post_type=product&#038;p=3724"},"modified":"2025-08-14T12:24:23","modified_gmt":"2025-08-14T12:24:23","slug":"degradable-ultra-thin-circular-usb-flash-drive","status":"publish","type":"product","link":"https:\/\/www.usborkeychain.com\/pt\/produto\/degradable-ultra-thin-circular-usb-flash-drive\/","title":{"rendered":"Unidade flash USB circular ultrafina degrad\u00e1vel"},"content":{"rendered":"<div class=\"wp-block-columns is-layout-flex wp-container-core-columns-is-layout-28f84493 wp-block-columns-is-layout-flex\">\n<div class=\"wp-block-column is-layout-flow wp-block-column-is-layout-flow\">\n<figure class=\"wp-block-image size-full\"><img alt=\"\" fetchpriority=\"high\" decoding=\"async\" width=\"800\" height=\"800\" src=\"https:\/\/www.usborkeychain.com\/wp-content\/uploads\/Eco-friendly-Degradable-USB-Flash-Drive-Circular-Card-Style.jpg\" class=\"wp-image-3732\" srcset=\"https:\/\/www.usborkeychain.com\/wp-content\/uploads\/Eco-friendly-Degradable-USB-Flash-Drive-Circular-Card-Style.jpg 800w, https:\/\/www.usborkeychain.com\/wp-content\/uploads\/Eco-friendly-Degradable-USB-Flash-Drive-Circular-Card-Style-300x300.jpg 300w, https:\/\/www.usborkeychain.com\/wp-content\/uploads\/Eco-friendly-Degradable-USB-Flash-Drive-Circular-Card-Style-150x150.jpg 150w, https:\/\/www.usborkeychain.com\/wp-content\/uploads\/Eco-friendly-Degradable-USB-Flash-Drive-Circular-Card-Style-768x768.jpg 768w, https:\/\/www.usborkeychain.com\/wp-content\/uploads\/Eco-friendly-Degradable-USB-Flash-Drive-Circular-Card-Style-12x12.jpg 12w, https:\/\/www.usborkeychain.com\/wp-content\/uploads\/Eco-friendly-Degradable-USB-Flash-Drive-Circular-Card-Style-600x600.jpg 600w, https:\/\/www.usborkeychain.com\/wp-content\/uploads\/Eco-friendly-Degradable-USB-Flash-Drive-Circular-Card-Style-100x100.jpg 100w\" sizes=\"(max-width: 800px) 100vw, 800px\" \/><\/figure>\n<\/div>\n\n\n\n<div class=\"wp-block-column is-vertically-aligned-center is-layout-flow wp-block-column-is-layout-flow\">\n<p>Com o aprimoramento cont\u00ednuo da conscientiza\u00e7\u00e3o ambiental, os fabricantes de unidades flash USB lan\u00e7aram recentemente essa unidade flash USB circular degrad\u00e1vel e ecologicamente correta. <\/p>\n\n\n\n<p>Esse produto apresenta um design ultrafino em formato de cart\u00e3o circular, com espessura de apenas 3 mm, di\u00e2metro de 50 mm e peso de cerca de 8 g, o que o torna compacto, port\u00e1til e f\u00e1cil de armazenar.<\/p>\n<\/div>\n<\/div>\n\n\n\n<h2 class=\"wp-block-heading\">Qual \u00e9 o material da unidade flash USB circular degrad\u00e1vel?<\/h2>\n\n\n\n<p>A unidade flash USB circular degrad\u00e1vel \u00e9 feita de palha de trigo ecol\u00f3gica, processada por meio de uma tecnologia especial. Esse material est\u00e1 em conformidade com os padr\u00f5es ambientais internacionais e pode atingir mais de 90% de degrada\u00e7\u00e3o em 180 dias em um ambiente natural. A superf\u00edcie do USB \u00e9 fosca para resistir ao desgaste e a arranh\u00f5es. O design em estilo de cart\u00e3o, com 50 mm de di\u00e2metro e 3 mm de espessura, pode ser facilmente colocado em carteiras ou porta-cart\u00f5es, garantindo que n\u00e3o seja um fardo para o transporte di\u00e1rio e, ao mesmo tempo, equilibrando a prote\u00e7\u00e3o ambiental e a durabilidade.<\/p>\n\n\n\n<div class=\"wp-block-columns is-layout-flex wp-container-core-columns-is-layout-28232c24 wp-block-columns-is-layout-flex\">\n<div class=\"wp-block-column is-layout-flow wp-block-column-is-layout-flow\">\n<figure class=\"wp-block-image size-full\"><img alt=\"\" decoding=\"async\" width=\"800\" height=\"800\" src=\"https:\/\/www.usborkeychain.com\/wp-content\/uploads\/Degradable-Card-style-USB-Flash-Drive-Circular-Wheat-Straw.jpg\" class=\"wp-image-3730\" srcset=\"https:\/\/www.usborkeychain.com\/wp-content\/uploads\/Degradable-Card-style-USB-Flash-Drive-Circular-Wheat-Straw.jpg 800w, https:\/\/www.usborkeychain.com\/wp-content\/uploads\/Degradable-Card-style-USB-Flash-Drive-Circular-Wheat-Straw-300x300.jpg 300w, https:\/\/www.usborkeychain.com\/wp-content\/uploads\/Degradable-Card-style-USB-Flash-Drive-Circular-Wheat-Straw-150x150.jpg 150w, https:\/\/www.usborkeychain.com\/wp-content\/uploads\/Degradable-Card-style-USB-Flash-Drive-Circular-Wheat-Straw-768x768.jpg 768w, https:\/\/www.usborkeychain.com\/wp-content\/uploads\/Degradable-Card-style-USB-Flash-Drive-Circular-Wheat-Straw-12x12.jpg 12w, https:\/\/www.usborkeychain.com\/wp-content\/uploads\/Degradable-Card-style-USB-Flash-Drive-Circular-Wheat-Straw-600x600.jpg 600w, https:\/\/www.usborkeychain.com\/wp-content\/uploads\/Degradable-Card-style-USB-Flash-Drive-Circular-Wheat-Straw-100x100.jpg 100w\" sizes=\"(max-width: 800px) 100vw, 800px\" \/><\/figure>\n<\/div>\n\n\n\n<div class=\"wp-block-column is-layout-flow wp-block-column-is-layout-flow\">\n<figure class=\"wp-block-image size-full\"><img alt=\"\" decoding=\"async\" width=\"800\" height=\"800\" src=\"https:\/\/www.usborkeychain.com\/wp-content\/uploads\/Circular-Degradable-USB-Flash-Drive-Wheat-Straw-Card-Design.jpg\" class=\"wp-image-3729\" srcset=\"https:\/\/www.usborkeychain.com\/wp-content\/uploads\/Circular-Degradable-USB-Flash-Drive-Wheat-Straw-Card-Design.jpg 800w, https:\/\/www.usborkeychain.com\/wp-content\/uploads\/Circular-Degradable-USB-Flash-Drive-Wheat-Straw-Card-Design-300x300.jpg 300w, https:\/\/www.usborkeychain.com\/wp-content\/uploads\/Circular-Degradable-USB-Flash-Drive-Wheat-Straw-Card-Design-150x150.jpg 150w, https:\/\/www.usborkeychain.com\/wp-content\/uploads\/Circular-Degradable-USB-Flash-Drive-Wheat-Straw-Card-Design-768x768.jpg 768w, https:\/\/www.usborkeychain.com\/wp-content\/uploads\/Circular-Degradable-USB-Flash-Drive-Wheat-Straw-Card-Design-12x12.jpg 12w, https:\/\/www.usborkeychain.com\/wp-content\/uploads\/Circular-Degradable-USB-Flash-Drive-Wheat-Straw-Card-Design-600x600.jpg 600w, https:\/\/www.usborkeychain.com\/wp-content\/uploads\/Circular-Degradable-USB-Flash-Drive-Wheat-Straw-Card-Design-100x100.jpg 100w\" sizes=\"(max-width: 800px) 100vw, 800px\" \/><\/figure>\n<\/div>\n\n\n\n<div class=\"wp-block-column is-layout-flow wp-block-column-is-layout-flow\">\n<figure class=\"wp-block-image size-full\"><img alt=\"\" loading=\"lazy\" decoding=\"async\" width=\"800\" height=\"800\" src=\"https:\/\/www.usborkeychain.com\/wp-content\/uploads\/Circular-Card-style-Degradable-USB-Flash-Drive-Wheat-Straw.jpg\" class=\"wp-image-3728\" srcset=\"https:\/\/www.usborkeychain.com\/wp-content\/uploads\/Circular-Card-style-Degradable-USB-Flash-Drive-Wheat-Straw.jpg 800w, https:\/\/www.usborkeychain.com\/wp-content\/uploads\/Circular-Card-style-Degradable-USB-Flash-Drive-Wheat-Straw-300x300.jpg 300w, https:\/\/www.usborkeychain.com\/wp-content\/uploads\/Circular-Card-style-Degradable-USB-Flash-Drive-Wheat-Straw-150x150.jpg 150w, https:\/\/www.usborkeychain.com\/wp-content\/uploads\/Circular-Card-style-Degradable-USB-Flash-Drive-Wheat-Straw-768x768.jpg 768w, https:\/\/www.usborkeychain.com\/wp-content\/uploads\/Circular-Card-style-Degradable-USB-Flash-Drive-Wheat-Straw-12x12.jpg 12w, https:\/\/www.usborkeychain.com\/wp-content\/uploads\/Circular-Card-style-Degradable-USB-Flash-Drive-Wheat-Straw-600x600.jpg 600w, https:\/\/www.usborkeychain.com\/wp-content\/uploads\/Circular-Card-style-Degradable-USB-Flash-Drive-Wheat-Straw-100x100.jpg 100w\" sizes=\"(max-width: 800px) 100vw, 800px\" \/><\/figure>\n<\/div>\n<\/div>\n\n\n\n<h2 class=\"wp-block-heading\">Qual chip para a unidade flash USB circular degrad\u00e1vel?<\/h2>\n\n\n\n<p>Em termos de configura\u00e7\u00e3o principal, a unidade flash USB circular degrad\u00e1vel \u00e9 equipada com um chip UDP \u00e0 prova d'\u00e1gua, oferecendo op\u00e7\u00f5es de interface dupla de USB2.0 e USB3.0. A interface USB2.0 tem uma velocidade de leitura de at\u00e9 15 MB\/s e uma velocidade de grava\u00e7\u00e3o de cerca de 5 MB\/s; a interface USB3.0 atinge uma velocidade m\u00e1xima de leitura de 100 MB\/s e uma velocidade de grava\u00e7\u00e3o de 25 MB\/s, atendendo a diferentes necessidades de transmiss\u00e3o de dados. Al\u00e9m disso, a unidade flash USB suporta v\u00e1rias capacidades de armazenamento, de 8 GB a 128 GB, e tem um desempenho \u00e0 prova d'\u00e1gua de n\u00edvel IPX4, garantindo a seguran\u00e7a dos dados mesmo em caso de respingos acidentais.<\/p>\n\n\n\n<div class=\"wp-block-columns is-layout-flex wp-container-core-columns-is-layout-9c22b1e3 wp-block-columns-is-layout-flex\">\n<div class=\"wp-block-column is-layout-flow wp-block-column-is-layout-flow\">\n<figure class=\"wp-block-image size-full\"><img alt=\"\" loading=\"lazy\" decoding=\"async\" width=\"800\" height=\"800\" src=\"https:\/\/www.usborkeychain.com\/wp-content\/uploads\/Recycled-Paper-Disk-Flash-Drive-china-factory-600x600-1.jpg\" class=\"wp-image-3735\" srcset=\"https:\/\/www.usborkeychain.com\/wp-content\/uploads\/Recycled-Paper-Disk-Flash-Drive-china-factory-600x600-1.jpg 800w, https:\/\/www.usborkeychain.com\/wp-content\/uploads\/Recycled-Paper-Disk-Flash-Drive-china-factory-600x600-1-300x300.jpg 300w, https:\/\/www.usborkeychain.com\/wp-content\/uploads\/Recycled-Paper-Disk-Flash-Drive-china-factory-600x600-1-150x150.jpg 150w, https:\/\/www.usborkeychain.com\/wp-content\/uploads\/Recycled-Paper-Disk-Flash-Drive-china-factory-600x600-1-768x768.jpg 768w, https:\/\/www.usborkeychain.com\/wp-content\/uploads\/Recycled-Paper-Disk-Flash-Drive-china-factory-600x600-1-12x12.jpg 12w, https:\/\/www.usborkeychain.com\/wp-content\/uploads\/Recycled-Paper-Disk-Flash-Drive-china-factory-600x600-1-600x600.jpg 600w, https:\/\/www.usborkeychain.com\/wp-content\/uploads\/Recycled-Paper-Disk-Flash-Drive-china-factory-600x600-1-100x100.jpg 100w\" sizes=\"(max-width: 800px) 100vw, 800px\" \/><\/figure>\n<\/div>\n\n\n\n<div class=\"wp-block-column is-layout-flow wp-block-column-is-layout-flow\">\n<figure class=\"wp-block-image size-full\"><img alt=\"\" fetchpriority=\"high\" decoding=\"async\" width=\"800\" height=\"800\" src=\"https:\/\/www.usborkeychain.com\/wp-content\/uploads\/Eco-friendly-Degradable-USB-Flash-Drive-Circular-Card-Style.jpg\" class=\"wp-image-3732\" srcset=\"https:\/\/www.usborkeychain.com\/wp-content\/uploads\/Eco-friendly-Degradable-USB-Flash-Drive-Circular-Card-Style.jpg 800w, https:\/\/www.usborkeychain.com\/wp-content\/uploads\/Eco-friendly-Degradable-USB-Flash-Drive-Circular-Card-Style-300x300.jpg 300w, https:\/\/www.usborkeychain.com\/wp-content\/uploads\/Eco-friendly-Degradable-USB-Flash-Drive-Circular-Card-Style-150x150.jpg 150w, https:\/\/www.usborkeychain.com\/wp-content\/uploads\/Eco-friendly-Degradable-USB-Flash-Drive-Circular-Card-Style-768x768.jpg 768w, https:\/\/www.usborkeychain.com\/wp-content\/uploads\/Eco-friendly-Degradable-USB-Flash-Drive-Circular-Card-Style-12x12.jpg 12w, https:\/\/www.usborkeychain.com\/wp-content\/uploads\/Eco-friendly-Degradable-USB-Flash-Drive-Circular-Card-Style-600x600.jpg 600w, https:\/\/www.usborkeychain.com\/wp-content\/uploads\/Eco-friendly-Degradable-USB-Flash-Drive-Circular-Card-Style-100x100.jpg 100w\" sizes=\"(max-width: 800px) 100vw, 800px\" \/><\/figure>\n<\/div>\n<\/div>\n\n\n\n<h2 class=\"wp-block-heading\">Para quais cen\u00e1rios a unidade flash USB circular degrad\u00e1vel \u00e9 adequada?<\/h2>\n\n\n\n<p>A unidade flash USB circular degrad\u00e1vel tem uma ampla gama de cen\u00e1rios de aplica\u00e7\u00e3o. As empresas podem apresentar com precis\u00e3o conte\u00fado personalizado, como logotipos de marcas e slogans promocionais, por meio de processos como grava\u00e7\u00e3o a laser e impress\u00e3o em tela. Para empresas agr\u00edcolas, florestais e de prote\u00e7\u00e3o ambiental, as unidades USB personalizadas podem ser usadas em cen\u00e1rios como reuni\u00f5es com clientes, promo\u00e7\u00f5es em exposi\u00e7\u00f5es e recompensas para funcion\u00e1rios. Veja o exemplo de uma empresa florestal: depois de personalizar 1.000 unidades como brindes para os clientes, a exposi\u00e7\u00e3o da marca aumentou em 30%, melhorando efetivamente a fidelidade do cliente e a imagem ambiental da empresa.<\/p>\n\n\n\n<div class=\"wp-block-columns is-layout-flex wp-container-core-columns-is-layout-9c22b1e3 wp-block-columns-is-layout-flex\">\n<div class=\"wp-block-column is-layout-flow wp-block-column-is-layout-flow\">\n<figure class=\"wp-block-image size-full\"><img alt=\"\" loading=\"lazy\" decoding=\"async\" width=\"800\" height=\"800\" src=\"https:\/\/www.usborkeychain.com\/wp-content\/uploads\/Eco-friendly-Wheat-Straw-Circular-USB-Flash-Drive-Card-style.jpg\" class=\"wp-image-3733\" srcset=\"https:\/\/www.usborkeychain.com\/wp-content\/uploads\/Eco-friendly-Wheat-Straw-Circular-USB-Flash-Drive-Card-style.jpg 800w, https:\/\/www.usborkeychain.com\/wp-content\/uploads\/Eco-friendly-Wheat-Straw-Circular-USB-Flash-Drive-Card-style-300x300.jpg 300w, https:\/\/www.usborkeychain.com\/wp-content\/uploads\/Eco-friendly-Wheat-Straw-Circular-USB-Flash-Drive-Card-style-150x150.jpg 150w, https:\/\/www.usborkeychain.com\/wp-content\/uploads\/Eco-friendly-Wheat-Straw-Circular-USB-Flash-Drive-Card-style-768x768.jpg 768w, https:\/\/www.usborkeychain.com\/wp-content\/uploads\/Eco-friendly-Wheat-Straw-Circular-USB-Flash-Drive-Card-style-12x12.jpg 12w, https:\/\/www.usborkeychain.com\/wp-content\/uploads\/Eco-friendly-Wheat-Straw-Circular-USB-Flash-Drive-Card-style-600x600.jpg 600w, https:\/\/www.usborkeychain.com\/wp-content\/uploads\/Eco-friendly-Wheat-Straw-Circular-USB-Flash-Drive-Card-style-100x100.jpg 100w\" sizes=\"(max-width: 800px) 100vw, 800px\" \/><\/figure>\n<\/div>\n\n\n\n<div class=\"wp-block-column is-layout-flow wp-block-column-is-layout-flow\">\n<figure class=\"wp-block-image size-full\"><img alt=\"\" loading=\"lazy\" decoding=\"async\" width=\"800\" height=\"800\" src=\"https:\/\/www.usborkeychain.com\/wp-content\/uploads\/Degradable-Ultra-thin-Circular-USB-Flash-Drive.jpg\" class=\"wp-image-3731\" srcset=\"https:\/\/www.usborkeychain.com\/wp-content\/uploads\/Degradable-Ultra-thin-Circular-USB-Flash-Drive.jpg 800w, https:\/\/www.usborkeychain.com\/wp-content\/uploads\/Degradable-Ultra-thin-Circular-USB-Flash-Drive-300x300.jpg 300w, https:\/\/www.usborkeychain.com\/wp-content\/uploads\/Degradable-Ultra-thin-Circular-USB-Flash-Drive-150x150.jpg 150w, https:\/\/www.usborkeychain.com\/wp-content\/uploads\/Degradable-Ultra-thin-Circular-USB-Flash-Drive-768x768.jpg 768w, https:\/\/www.usborkeychain.com\/wp-content\/uploads\/Degradable-Ultra-thin-Circular-USB-Flash-Drive-12x12.jpg 12w, https:\/\/www.usborkeychain.com\/wp-content\/uploads\/Degradable-Ultra-thin-Circular-USB-Flash-Drive-600x600.jpg 600w, https:\/\/www.usborkeychain.com\/wp-content\/uploads\/Degradable-Ultra-thin-Circular-USB-Flash-Drive-100x100.jpg 100w\" sizes=\"(max-width: 800px) 100vw, 800px\" \/><\/figure>\n<\/div>\n\n\n\n<div class=\"wp-block-column is-layout-flow wp-block-column-is-layout-flow\">\n<figure class=\"wp-block-image size-full\"><img alt=\"\" loading=\"lazy\" decoding=\"async\" width=\"800\" height=\"800\" src=\"https:\/\/www.usborkeychain.com\/wp-content\/uploads\/Card-style-Degradable-USB-Flash-Drive-Eco-friendly-Wheat-Straw.jpg\" class=\"wp-image-3727\" srcset=\"https:\/\/www.usborkeychain.com\/wp-content\/uploads\/Card-style-Degradable-USB-Flash-Drive-Eco-friendly-Wheat-Straw.jpg 800w, https:\/\/www.usborkeychain.com\/wp-content\/uploads\/Card-style-Degradable-USB-Flash-Drive-Eco-friendly-Wheat-Straw-300x300.jpg 300w, https:\/\/www.usborkeychain.com\/wp-content\/uploads\/Card-style-Degradable-USB-Flash-Drive-Eco-friendly-Wheat-Straw-150x150.jpg 150w, https:\/\/www.usborkeychain.com\/wp-content\/uploads\/Card-style-Degradable-USB-Flash-Drive-Eco-friendly-Wheat-Straw-768x768.jpg 768w, https:\/\/www.usborkeychain.com\/wp-content\/uploads\/Card-style-Degradable-USB-Flash-Drive-Eco-friendly-Wheat-Straw-12x12.jpg 12w, https:\/\/www.usborkeychain.com\/wp-content\/uploads\/Card-style-Degradable-USB-Flash-Drive-Eco-friendly-Wheat-Straw-600x600.jpg 600w, https:\/\/www.usborkeychain.com\/wp-content\/uploads\/Card-style-Degradable-USB-Flash-Drive-Eco-friendly-Wheat-Straw-100x100.jpg 100w\" sizes=\"(max-width: 800px) 100vw, 800px\" \/><\/figure>\n<\/div>\n<\/div>\n\n\n\n<p>Essa unidade flash USB circular degrad\u00e1vel ultrafina e ecol\u00f3gica, com seu material ecol\u00f3gico de palha de trigo, chip UDP de alto desempenho, op\u00e7\u00f5es de personaliza\u00e7\u00e3o avan\u00e7adas e aplicabilidade em v\u00e1rios cen\u00e1rios, tornou-se um produto de refer\u00eancia que combina praticidade e prote\u00e7\u00e3o ambiental no mercado de personaliza\u00e7\u00e3o de USB. \u00c9 a escolha ideal para as empresas transmitirem o valor da marca e praticarem conceitos de prote\u00e7\u00e3o ambiental.<\/p>","protected":false},"excerpt":{"rendered":"<ul>\n<li>Mini formato circular<\/li>\n<li>Design em estilo de cart\u00e3o<\/li>\n<li>Palha de trigo degrad\u00e1vel<\/li>\n<li>Apenas 3 mm de espessura<\/li>\n<li>UDP<\/li>\n<\/ul>","protected":false},"featured_media":3727,"comment_status":"open","ping_status":"closed","template":"","meta":{"_seopress_robots_primary_cat":"none","_seopress_titles_title":"","_seopress_titles_desc":"","_seopress_robots_index":"","site-sidebar-layout":"default","site-content-layout":"","ast-site-content-layout":"","site-content-style":"default","site-sidebar-style":"default","ast-global-header-display":"","ast-banner-title-visibility":"","ast-main-header-display":"","ast-hfb-above-header-display":"","ast-hfb-below-header-display":"","ast-hfb-mobile-header-display":"","site-post-title":"","ast-breadcrumbs-content":"","ast-featured-img":"","footer-sml-layout":"","theme-transparent-header-meta":"","adv-header-id-meta":"","stick-header-meta":"","header-above-stick-meta":"","header-main-stick-meta":"","header-below-stick-meta":"","astra-migrate-meta-layouts":"default","ast-page-background-enabled":"default","ast-page-background-meta":{"desktop":{"background-color":"var(--ast-global-color-5)","background-image":"","background-repeat":"repeat","background-position":"center center","background-size":"auto","background-attachment":"scroll","background-type":"","background-media":"","overlay-type":"","overlay-color":"","overlay-opacity":"","overlay-gradient":""},"tablet":{"background-color":"","background-image":"","background-repeat":"repeat","background-position":"center center","background-size":"auto","background-attachment":"scroll","background-type":"","background-media":"","overlay-type":"","overlay-color":"","overlay-opacity":"","overlay-gradient":""},"mobile":{"background-color":"","background-image":"","background-repeat":"repeat","background-position":"center center","background-size":"auto","background-attachment":"scroll","background-type":"","background-media":"","overlay-type":"","overlay-color":"","overlay-opacity":"","overlay-gradient":""}},"ast-content-background-meta":{"desktop":{"background-color":"var(--ast-global-color-4)","background-image":"","background-repeat":"repeat","background-position":"center center","background-size":"auto","background-attachment":"scroll","background-type":"","background-media":"","overlay-type":"","overlay-color":"","overlay-opacity":"","overlay-gradient":""},"tablet":{"background-color":"var(--ast-global-color-4)","background-image":"","background-repeat":"repeat","background-position":"center center","background-size":"auto","background-attachment":"scroll","background-type":"","background-media":"","overlay-type":"","overlay-color":"","overlay-opacity":"","overlay-gradient":""},"mobile":{"background-color":"var(--ast-global-color-4)","background-image":"","background-repeat":"repeat","background-position":"center center","background-size":"auto","background-attachment":"scroll","background-type":"","background-media":"","overlay-type":"","overlay-color":"","overlay-opacity":"","overlay-gradient":""}}},"product_brand":[],"product_cat":[170],"product_tag":[210],"class_list":{"0":"post-3724","1":"product","2":"type-product","3":"status-publish","4":"has-post-thumbnail","6":"product_cat-biodegradable-usb-pendrive-2","7":"product_tag-round-usb-flash-drive","8":"desktop-align-left","9":"tablet-align-left","10":"mobile-align-left","12":"first","13":"instock","14":"shipping-taxable","15":"product-type-simple"},"_links":{"self":[{"href":"https:\/\/www.usborkeychain.com\/pt\/wp-json\/wp\/v2\/product\/3724","targetHints":{"allow":["GET"]}}],"collection":[{"href":"https:\/\/www.usborkeychain.com\/pt\/wp-json\/wp\/v2\/product"}],"about":[{"href":"https:\/\/www.usborkeychain.com\/pt\/wp-json\/wp\/v2\/types\/product"}],"replies":[{"embeddable":true,"href":"https:\/\/www.usborkeychain.com\/pt\/wp-json\/wp\/v2\/comments?post=3724"}],"wp:featuredmedia":[{"embeddable":true,"href":"https:\/\/www.usborkeychain.com\/pt\/wp-json\/wp\/v2\/media\/3727"}],"wp:attachment":[{"href":"https:\/\/www.usborkeychain.com\/pt\/wp-json\/wp\/v2\/media?parent=3724"}],"wp:term":[{"taxonomy":"product_brand","embeddable":true,"href":"https:\/\/www.usborkeychain.com\/pt\/wp-json\/wp\/v2\/product_brand?post=3724"},{"taxonomy":"product_cat","embeddable":true,"href":"https:\/\/www.usborkeychain.com\/pt\/wp-json\/wp\/v2\/product_cat?post=3724"},{"taxonomy":"product_tag","embeddable":true,"href":"https:\/\/www.usborkeychain.com\/pt\/wp-json\/wp\/v2\/product_tag?post=3724"}],"curies":[{"name":"wp","href":"https:\/\/api.w.org\/{rel}","templated":true}]}}