{"id":3743,"date":"2025-07-04T10:15:37","date_gmt":"2025-07-04T10:15:37","guid":{"rendered":"https:\/\/www.usborkeychain.com\/?post_type=product&#038;p=3743"},"modified":"2025-08-11T07:03:04","modified_gmt":"2025-08-11T07:03:04","slug":"metal-microphone-usb-flash-drive","status":"publish","type":"product","link":"https:\/\/www.usborkeychain.com\/pt\/produto\/metal-microphone-usb-flash-drive\/","title":{"rendered":"Unidade flash USB com microfone de metal"},"content":{"rendered":"<p><\/p>\n\n\n\n<div class=\"wp-block-columns is-layout-flex wp-container-core-columns-is-layout-28f84493 wp-block-columns-is-layout-flex\">\n<div class=\"wp-block-column is-layout-flow wp-block-column-is-layout-flow\">\n<figure class=\"wp-block-image size-full\"><img alt=\"\" fetchpriority=\"high\" decoding=\"async\" width=\"800\" height=\"800\" src=\"https:\/\/www.usborkeychain.com\/wp-content\/uploads\/10703956983_1385862350.jpg\" class=\"wp-image-3748\" srcset=\"https:\/\/www.usborkeychain.com\/wp-content\/uploads\/10703956983_1385862350.jpg 800w, https:\/\/www.usborkeychain.com\/wp-content\/uploads\/10703956983_1385862350-300x300.jpg 300w, https:\/\/www.usborkeychain.com\/wp-content\/uploads\/10703956983_1385862350-150x150.jpg 150w, https:\/\/www.usborkeychain.com\/wp-content\/uploads\/10703956983_1385862350-768x768.jpg 768w, https:\/\/www.usborkeychain.com\/wp-content\/uploads\/10703956983_1385862350-12x12.jpg 12w, https:\/\/www.usborkeychain.com\/wp-content\/uploads\/10703956983_1385862350-600x600.jpg 600w, https:\/\/www.usborkeychain.com\/wp-content\/uploads\/10703956983_1385862350-100x100.jpg 100w\" sizes=\"(max-width: 800px) 100vw, 800px\" \/><\/figure>\n<\/div>\n\n\n\n<div class=\"wp-block-column is-vertically-aligned-center is-layout-flow wp-block-column-is-layout-flow\">\n<p>A unidade flash USB com microfone de metal rompe as limita\u00e7\u00f5es dos formatos tradicionais de USB, fazendo uma estreia impressionante com sua apar\u00eancia realista de microfone. Ele combina criatividade e praticidade, tornando-se uma op\u00e7\u00e3o popular para brindes corporativos personalizados. <\/p>\n\n\n\n<p>A seguir, vamos nos aprofundar nesse produto exclusivo em rela\u00e7\u00e3o aos aspectos de material, cor e setores adequados.<\/p>\n<\/div>\n<\/div>\n\n\n\n<h3 class=\"wp-block-heading\">Qual \u00e9 o material da unidade flash USB com microfone de metal?<\/h3>\n\n\n\n<p>Fabricada em material totalmente met\u00e1lico, a unidade flash USB com microfone de metal \u00e9 resistente, dur\u00e1vel e transmite um toque premium. Seu design \u00e9 inspirado em microfones de desenho animado: a cabe\u00e7a do microfone apresenta um design redondo com linhas suaves para um toque confort\u00e1vel; o corpo \u00e9 moldado em uma forma plana. Esse conceito engenhoso n\u00e3o apenas lhe confere uma apar\u00eancia distinta, mas tamb\u00e9m cria um amplo espa\u00e7o para personaliza\u00e7\u00e3o. As empresas podem personalizar facilmente logotipos exclusivos no corpo plano - seja por meio de estampagem dourada ou grava\u00e7\u00e3o a laser, ambos podem exibir perfeitamente a marca, tornando esse pen drive um brinde de qualidade altamente reconhec\u00edvel que atende a diversas necessidades de personaliza\u00e7\u00e3o de USB.<\/p>\n\n\n\n<div class=\"wp-block-columns is-layout-flex wp-container-core-columns-is-layout-28f84493 wp-block-columns-is-layout-flex\">\n<div class=\"wp-block-column is-layout-flow wp-block-column-is-layout-flow\">\n<figure class=\"wp-block-image size-full\"><img alt=\"\" decoding=\"async\" width=\"800\" height=\"800\" src=\"https:\/\/www.usborkeychain.com\/wp-content\/uploads\/10674837540_1385862350.jpg\" class=\"wp-image-3747\" srcset=\"https:\/\/www.usborkeychain.com\/wp-content\/uploads\/10674837540_1385862350.jpg 800w, https:\/\/www.usborkeychain.com\/wp-content\/uploads\/10674837540_1385862350-300x300.jpg 300w, https:\/\/www.usborkeychain.com\/wp-content\/uploads\/10674837540_1385862350-150x150.jpg 150w, https:\/\/www.usborkeychain.com\/wp-content\/uploads\/10674837540_1385862350-768x768.jpg 768w, https:\/\/www.usborkeychain.com\/wp-content\/uploads\/10674837540_1385862350-12x12.jpg 12w, https:\/\/www.usborkeychain.com\/wp-content\/uploads\/10674837540_1385862350-600x600.jpg 600w, https:\/\/www.usborkeychain.com\/wp-content\/uploads\/10674837540_1385862350-100x100.jpg 100w\" sizes=\"(max-width: 800px) 100vw, 800px\" \/><\/figure>\n<\/div>\n\n\n\n<div class=\"wp-block-column is-layout-flow wp-block-column-is-layout-flow\">\n<figure class=\"wp-block-image size-full\"><img alt=\"\" decoding=\"async\" width=\"800\" height=\"800\" src=\"https:\/\/www.usborkeychain.com\/wp-content\/uploads\/10674825795_1385862350.jpg\" class=\"wp-image-3746\" srcset=\"https:\/\/www.usborkeychain.com\/wp-content\/uploads\/10674825795_1385862350.jpg 800w, https:\/\/www.usborkeychain.com\/wp-content\/uploads\/10674825795_1385862350-300x300.jpg 300w, https:\/\/www.usborkeychain.com\/wp-content\/uploads\/10674825795_1385862350-150x150.jpg 150w, https:\/\/www.usborkeychain.com\/wp-content\/uploads\/10674825795_1385862350-768x768.jpg 768w, https:\/\/www.usborkeychain.com\/wp-content\/uploads\/10674825795_1385862350-12x12.jpg 12w, https:\/\/www.usborkeychain.com\/wp-content\/uploads\/10674825795_1385862350-600x600.jpg 600w, https:\/\/www.usborkeychain.com\/wp-content\/uploads\/10674825795_1385862350-100x100.jpg 100w\" sizes=\"(max-width: 800px) 100vw, 800px\" \/><\/figure>\n<\/div>\n<\/div>\n\n\n\n<h3 class=\"wp-block-heading\">De que cores \u00e9 a unidade flash USB do microfone de metal?<\/h3>\n\n\n\n<p>Atualmente, o modelo dispon\u00edvel da unidade flash USB com microfone de metal \u00e9 prata. Como uma cor cl\u00e1ssica e vers\u00e1til, o prata demonstra totalmente a textura de alta qualidade dessa unidade USB. Com seu brilho fino que brilha intensamente sob a luz, ele n\u00e3o \u00e9 muito ostensivo nem carece de bom gosto e estilo. A apar\u00eancia prateada o torna adapt\u00e1vel a v\u00e1rias ocasi\u00f5es - seja como um presente para reuni\u00f5es de neg\u00f3cios ou para uso di\u00e1rio, ele pode exibir um charme \u00fanico, permitindo que os destinat\u00e1rios sintam total sinceridade e cuidado.<\/p>\n\n\n\n<h3 class=\"wp-block-heading\">A unidade flash USB com microfone de metal \u00e9 adequada para presente?<\/h3>\n\n\n\n<p>A unidade flash USB para microfone de metal \u00e9 especialmente adequada para presentear os setores relacionados \u00e0 m\u00fasica. Para as empresas fabricantes de microfones, essa unidade USB combina muito bem com os atributos de seus produtos. Quando personalizada como brinde para clientes ou pr\u00eamios de eventos, ela pode promover a marca e servir como um item pr\u00e1tico e atencioso; quando os clubes de m\u00fasica escolhem a unidade flash USB com microfone de metal como brinde para atividades ou para agradecimento aos membros, ela pode n\u00e3o apenas aumentar o sentimento de pertencimento dos membros, mas tamb\u00e9m atrair clientes em potencial com seu formato exclusivo.<\/p>\n\n\n\n<div class=\"wp-block-columns is-layout-flex wp-container-core-columns-is-layout-28f84493 wp-block-columns-is-layout-flex\">\n<div class=\"wp-block-column is-layout-flow wp-block-column-is-layout-flow\">\n<figure class=\"wp-block-image size-large\"><img alt=\"\" loading=\"lazy\" decoding=\"async\" width=\"1024\" height=\"1024\" src=\"https:\/\/www.usborkeychain.com\/wp-content\/uploads\/O1CN010HmEiz2KwvtQfml4K_946879622-0-cib-1024x1024.jpg\" class=\"wp-image-3750\" srcset=\"https:\/\/www.usborkeychain.com\/wp-content\/uploads\/O1CN010HmEiz2KwvtQfml4K_946879622-0-cib-1024x1024.jpg 1024w, https:\/\/www.usborkeychain.com\/wp-content\/uploads\/O1CN010HmEiz2KwvtQfml4K_946879622-0-cib-300x300.jpg 300w, https:\/\/www.usborkeychain.com\/wp-content\/uploads\/O1CN010HmEiz2KwvtQfml4K_946879622-0-cib-150x150.jpg 150w, https:\/\/www.usborkeychain.com\/wp-content\/uploads\/O1CN010HmEiz2KwvtQfml4K_946879622-0-cib-768x768.jpg 768w, https:\/\/www.usborkeychain.com\/wp-content\/uploads\/O1CN010HmEiz2KwvtQfml4K_946879622-0-cib-12x12.jpg 12w, https:\/\/www.usborkeychain.com\/wp-content\/uploads\/O1CN010HmEiz2KwvtQfml4K_946879622-0-cib-600x600.jpg 600w, https:\/\/www.usborkeychain.com\/wp-content\/uploads\/O1CN010HmEiz2KwvtQfml4K_946879622-0-cib-100x100.jpg 100w, https:\/\/www.usborkeychain.com\/wp-content\/uploads\/O1CN010HmEiz2KwvtQfml4K_946879622-0-cib.jpg 1510w\" sizes=\"(max-width: 1024px) 100vw, 1024px\" \/><\/figure>\n<\/div>\n\n\n\n<div class=\"wp-block-column is-layout-flow wp-block-column-is-layout-flow\">\n<figure class=\"wp-block-image size-full\"><img alt=\"\" loading=\"lazy\" decoding=\"async\" width=\"800\" height=\"800\" src=\"https:\/\/www.usborkeychain.com\/wp-content\/uploads\/10730432890_1385862350.jpg\" class=\"wp-image-3749\" srcset=\"https:\/\/www.usborkeychain.com\/wp-content\/uploads\/10730432890_1385862350.jpg 800w, https:\/\/www.usborkeychain.com\/wp-content\/uploads\/10730432890_1385862350-300x300.jpg 300w, https:\/\/www.usborkeychain.com\/wp-content\/uploads\/10730432890_1385862350-150x150.jpg 150w, https:\/\/www.usborkeychain.com\/wp-content\/uploads\/10730432890_1385862350-768x768.jpg 768w, https:\/\/www.usborkeychain.com\/wp-content\/uploads\/10730432890_1385862350-12x12.jpg 12w, https:\/\/www.usborkeychain.com\/wp-content\/uploads\/10730432890_1385862350-600x600.jpg 600w, https:\/\/www.usborkeychain.com\/wp-content\/uploads\/10730432890_1385862350-100x100.jpg 100w\" sizes=\"(max-width: 800px) 100vw, 800px\" \/><\/figure>\n<\/div>\n<\/div>\n\n\n\n<p>Al\u00e9m disso, setores como institui\u00e7\u00f5es de treinamento musical e gravadoras tamb\u00e9m podem personalizar essa unidade USB por meio de fabricantes de USB, usando-a para armazenar e distribuir materiais de cursos, compartilhar obras musicais etc. \u00c9 a escolha ideal para a personaliza\u00e7\u00e3o de USB no setor musical.<\/p>\n\n\n\n<p>Com seu material totalmente met\u00e1lico, apar\u00eancia prateada de alta qualidade e forte compatibilidade com o setor musical, a unidade flash USB com microfone de metal se tornou uma op\u00e7\u00e3o deslumbrante em brindes USB personalizados, servindo como um item pr\u00e1tico para as empresas transmitirem a imagem da marca e aprimorarem o relacionamento com os clientes.<\/p>","protected":false},"excerpt":{"rendered":"<ul>\n<li>Material met\u00e1lico<\/li>\n<li>Estilos de microfone<\/li>\n<li>Logotipo personalizado<\/li>\n<li>MOQ:100pcs<\/li>\n<li>USB2.0 e USB3.0<\/li>\n<\/ul>","protected":false},"featured_media":3748,"comment_status":"open","ping_status":"closed","template":"","meta":{"_seopress_robots_primary_cat":"none","_seopress_titles_title":"","_seopress_titles_desc":"","_seopress_robots_index":"","site-sidebar-layout":"default","site-content-layout":"","ast-site-content-layout":"","site-content-style":"default","site-sidebar-style":"default","ast-global-header-display":"","ast-banner-title-visibility":"","ast-main-header-display":"","ast-hfb-above-header-display":"","ast-hfb-below-header-display":"","ast-hfb-mobile-header-display":"","site-post-title":"","ast-breadcrumbs-content":"","ast-featured-img":"","footer-sml-layout":"","theme-transparent-header-meta":"","adv-header-id-meta":"","stick-header-meta":"","header-above-stick-meta":"","header-main-stick-meta":"","header-below-stick-meta":"","astra-migrate-meta-layouts":"default","ast-page-background-enabled":"default","ast-page-background-meta":{"desktop":{"background-color":"var(--ast-global-color-5)","background-image":"","background-repeat":"repeat","background-position":"center center","background-size":"auto","background-attachment":"scroll","background-type":"","background-media":"","overlay-type":"","overlay-color":"","overlay-opacity":"","overlay-gradient":""},"tablet":{"background-color":"","background-image":"","background-repeat":"repeat","background-position":"center center","background-size":"auto","background-attachment":"scroll","background-type":"","background-media":"","overlay-type":"","overlay-color":"","overlay-opacity":"","overlay-gradient":""},"mobile":{"background-color":"","background-image":"","background-repeat":"repeat","background-position":"center center","background-size":"auto","background-attachment":"scroll","background-type":"","background-media":"","overlay-type":"","overlay-color":"","overlay-opacity":"","overlay-gradient":""}},"ast-content-background-meta":{"desktop":{"background-color":"var(--ast-global-color-4)","background-image":"","background-repeat":"repeat","background-position":"center center","background-size":"auto","background-attachment":"scroll","background-type":"","background-media":"","overlay-type":"","overlay-color":"","overlay-opacity":"","overlay-gradient":""},"tablet":{"background-color":"var(--ast-global-color-4)","background-image":"","background-repeat":"repeat","background-position":"center center","background-size":"auto","background-attachment":"scroll","background-type":"","background-media":"","overlay-type":"","overlay-color":"","overlay-opacity":"","overlay-gradient":""},"mobile":{"background-color":"var(--ast-global-color-4)","background-image":"","background-repeat":"repeat","background-position":"center center","background-size":"auto","background-attachment":"scroll","background-type":"","background-media":"","overlay-type":"","overlay-color":"","overlay-opacity":"","overlay-gradient":""}}},"product_brand":[],"product_cat":[89],"product_tag":[211,396],"class_list":{"0":"post-3743","1":"product","2":"type-product","3":"status-publish","4":"has-post-thumbnail","6":"product_cat-metal-usb-pendrive","7":"product_tag-music-usb-flash-drive","8":"product_tag-stainless-steel-usb-flash-drive","9":"desktop-align-left","10":"tablet-align-left","11":"mobile-align-left","13":"first","14":"instock","15":"shipping-taxable","16":"product-type-simple"},"_links":{"self":[{"href":"https:\/\/www.usborkeychain.com\/pt\/wp-json\/wp\/v2\/product\/3743","targetHints":{"allow":["GET"]}}],"collection":[{"href":"https:\/\/www.usborkeychain.com\/pt\/wp-json\/wp\/v2\/product"}],"about":[{"href":"https:\/\/www.usborkeychain.com\/pt\/wp-json\/wp\/v2\/types\/product"}],"replies":[{"embeddable":true,"href":"https:\/\/www.usborkeychain.com\/pt\/wp-json\/wp\/v2\/comments?post=3743"}],"wp:featuredmedia":[{"embeddable":true,"href":"https:\/\/www.usborkeychain.com\/pt\/wp-json\/wp\/v2\/media\/3748"}],"wp:attachment":[{"href":"https:\/\/www.usborkeychain.com\/pt\/wp-json\/wp\/v2\/media?parent=3743"}],"wp:term":[{"taxonomy":"product_brand","embeddable":true,"href":"https:\/\/www.usborkeychain.com\/pt\/wp-json\/wp\/v2\/product_brand?post=3743"},{"taxonomy":"product_cat","embeddable":true,"href":"https:\/\/www.usborkeychain.com\/pt\/wp-json\/wp\/v2\/product_cat?post=3743"},{"taxonomy":"product_tag","embeddable":true,"href":"https:\/\/www.usborkeychain.com\/pt\/wp-json\/wp\/v2\/product_tag?post=3743"}],"curies":[{"name":"wp","href":"https:\/\/api.w.org\/{rel}","templated":true}]}}