{"id":3751,"date":"2025-07-04T10:52:33","date_gmt":"2025-07-04T10:52:33","guid":{"rendered":"https:\/\/www.usborkeychain.com\/?post_type=product&#038;p=3751"},"modified":"2025-07-08T01:53:48","modified_gmt":"2025-07-08T01:53:48","slug":"pvc-microphone-usb-flash-drive","status":"publish","type":"product","link":"https:\/\/www.usborkeychain.com\/pt\/produto\/pvc-microphone-usb-flash-drive\/","title":{"rendered":"Unidade flash USB de microfone de PVC"},"content":{"rendered":"<p><\/p>\n\n\n\n<div class=\"wp-block-columns is-layout-flex wp-container-core-columns-is-layout-28f84493 wp-block-columns-is-layout-flex\">\n<div class=\"wp-block-column is-layout-flow wp-block-column-is-layout-flow\">\n<figure class=\"wp-block-image size-full\"><img alt=\"USB Drive for KTV Opening Ceremony Gifts\" fetchpriority=\"high\" decoding=\"async\" width=\"750\" height=\"750\" src=\"https:\/\/www.usborkeychain.com\/wp-content\/uploads\/USB-Drive-for-KTV-Opening-Ceremony-Gifts.jpg\" class=\"wp-image-3754\" srcset=\"https:\/\/www.usborkeychain.com\/wp-content\/uploads\/USB-Drive-for-KTV-Opening-Ceremony-Gifts.jpg 750w, https:\/\/www.usborkeychain.com\/wp-content\/uploads\/USB-Drive-for-KTV-Opening-Ceremony-Gifts-300x300.jpg 300w, https:\/\/www.usborkeychain.com\/wp-content\/uploads\/USB-Drive-for-KTV-Opening-Ceremony-Gifts-150x150.jpg 150w, https:\/\/www.usborkeychain.com\/wp-content\/uploads\/USB-Drive-for-KTV-Opening-Ceremony-Gifts-12x12.jpg 12w, https:\/\/www.usborkeychain.com\/wp-content\/uploads\/USB-Drive-for-KTV-Opening-Ceremony-Gifts-600x600.jpg 600w, https:\/\/www.usborkeychain.com\/wp-content\/uploads\/USB-Drive-for-KTV-Opening-Ceremony-Gifts-100x100.jpg 100w\" sizes=\"(max-width: 750px) 100vw, 750px\" \/><\/figure>\n<\/div>\n\n\n\n<div class=\"wp-block-column is-vertically-aligned-center is-layout-flow wp-block-column-is-layout-flow\">\n<p>A unidade flash USB com microfone de PVC inova o design tradicional de USB com seu formato de microfone altamente copiado (simulado), tornando-se uma op\u00e7\u00e3o popular para brindes USB personalizados para empresas e o modelo de brinde oficial especificado para eventos musicais da Huawei. <\/p>\n\n\n\n<p>Como um produto de refer\u00eancia no setor de USB simulado, ele integra profundamente a habilidade artesanal da borracha macia de PVC com fun\u00e7\u00f5es pr\u00e1ticas de armazenamento, demonstrando vantagens precisas de personaliza\u00e7\u00e3o, desde o material at\u00e9 a aplica\u00e7\u00e3o no cen\u00e1rio.<\/p>\n<\/div>\n<\/div>\n\n\n\n<h3 class=\"wp-block-heading\">Qual \u00e9 o material da unidade flash USB com microfone de PVC?<\/h3>\n\n\n\n<p>Diferente da textura r\u00edgida dos modelos de metal, a unidade flash USB com microfone de PVC \u00e9 feita de material de borracha macia de PVC, criada por meio de moldagem por inje\u00e7\u00e3o para oferecer flexibilidade e resist\u00eancia a quedas. A s\u00e9rie inclui tr\u00eas designs com os cl\u00e1ssicos vermelho e preto como tons principais (tipo de microfone padr\u00e3o, tipo de microfone vintage e tipo de microfone de desenho animado), restaurando a sensa\u00e7\u00e3o de ader\u00eancia dos microfones reais. Ele reproduz detalhes como ondula\u00e7\u00f5es da cabe\u00e7a de malha e arcos da cabe\u00e7a de som em uma propor\u00e7\u00e3o de 1:1, com uma precis\u00e3o de simula\u00e7\u00e3o de mais de 95%. A vantagem el\u00e1stica do material de borracha macia permite que ele resista a um teste de queda de 1,5 m, adequado para v\u00e1rios cen\u00e1rios, como apresenta\u00e7\u00f5es ao ar livre e brindes para eventos.<\/p>\n\n\n\n<div class=\"wp-block-columns is-layout-flex wp-container-core-columns-is-layout-28f84493 wp-block-columns-is-layout-flex\">\n<div class=\"wp-block-column is-layout-flow wp-block-column-is-layout-flow\">\n<figure class=\"wp-block-image size-full\"><img alt=\"\" decoding=\"async\" width=\"800\" height=\"800\" src=\"https:\/\/www.usborkeychain.com\/wp-content\/uploads\/PVC-Microphone-USB-Flash-Drive.jpg\" class=\"wp-image-3758\" srcset=\"https:\/\/www.usborkeychain.com\/wp-content\/uploads\/PVC-Microphone-USB-Flash-Drive.jpg 800w, https:\/\/www.usborkeychain.com\/wp-content\/uploads\/PVC-Microphone-USB-Flash-Drive-300x300.jpg 300w, https:\/\/www.usborkeychain.com\/wp-content\/uploads\/PVC-Microphone-USB-Flash-Drive-150x150.jpg 150w, https:\/\/www.usborkeychain.com\/wp-content\/uploads\/PVC-Microphone-USB-Flash-Drive-768x768.jpg 768w, https:\/\/www.usborkeychain.com\/wp-content\/uploads\/PVC-Microphone-USB-Flash-Drive-12x12.jpg 12w, https:\/\/www.usborkeychain.com\/wp-content\/uploads\/PVC-Microphone-USB-Flash-Drive-600x600.jpg 600w, https:\/\/www.usborkeychain.com\/wp-content\/uploads\/PVC-Microphone-USB-Flash-Drive-100x100.jpg 100w\" sizes=\"(max-width: 800px) 100vw, 800px\" \/><\/figure>\n<\/div>\n\n\n\n<div class=\"wp-block-column is-layout-flow wp-block-column-is-layout-flow\">\n<figure class=\"wp-block-image size-full\"><img alt=\"\" decoding=\"async\" width=\"800\" height=\"800\" src=\"https:\/\/www.usborkeychain.com\/wp-content\/uploads\/USB-Flash-Drive-for-Concert-Event-Souvenirs.jpg\" class=\"wp-image-3759\" srcset=\"https:\/\/www.usborkeychain.com\/wp-content\/uploads\/USB-Flash-Drive-for-Concert-Event-Souvenirs.jpg 800w, https:\/\/www.usborkeychain.com\/wp-content\/uploads\/USB-Flash-Drive-for-Concert-Event-Souvenirs-300x300.jpg 300w, https:\/\/www.usborkeychain.com\/wp-content\/uploads\/USB-Flash-Drive-for-Concert-Event-Souvenirs-150x150.jpg 150w, https:\/\/www.usborkeychain.com\/wp-content\/uploads\/USB-Flash-Drive-for-Concert-Event-Souvenirs-768x768.jpg 768w, https:\/\/www.usborkeychain.com\/wp-content\/uploads\/USB-Flash-Drive-for-Concert-Event-Souvenirs-12x12.jpg 12w, https:\/\/www.usborkeychain.com\/wp-content\/uploads\/USB-Flash-Drive-for-Concert-Event-Souvenirs-600x600.jpg 600w, https:\/\/www.usborkeychain.com\/wp-content\/uploads\/USB-Flash-Drive-for-Concert-Event-Souvenirs-100x100.jpg 100w\" sizes=\"(max-width: 800px) 100vw, 800px\" \/><\/figure>\n<\/div>\n<\/div>\n\n\n\n<h3 class=\"wp-block-heading\">Quais s\u00e3o os cen\u00e1rios de aplica\u00e7\u00e3o das unidades USB com microfone personalizadas pela Huawei?<\/h3>\n\n\n\n<p>Como o presente oficial personalizado para os eventos musicais da Huawei, esse drive USB adota uma embalagem de caixa de presente com capa preta (duas pe\u00e7as). A caixa utiliza uma placa r\u00edgida de 2 mm de espessura com tecnologia LOGO estampada em ouro, juntamente com algod\u00e3o EVA \u00e0 prova de choque em seu interior para prote\u00e7\u00e3o. O corpo do USB \u00e9 gravado a laser com o logotipo da marca Huawei, padr\u00e3o com 16 GB de armazenamento (8-64 GB opcional), compat\u00edvel com transmiss\u00e3o de alta velocidade USB 2.0 em uma velocidade de leitura e grava\u00e7\u00e3o de 15 MB\/s. Atualmente aplicado em cen\u00e1rios como festivais de m\u00fasica da Huawei e lan\u00e7amentos de novos produtos como lembran\u00e7as para convidados e pr\u00eamios de intera\u00e7\u00e3o com os f\u00e3s, ele aumenta efetivamente a memorabilidade do evento por meio da combina\u00e7\u00e3o personalizada de \"logotipo da marca + elementos musicais\".<\/p>\n\n\n\n<div class=\"wp-block-columns is-layout-flex wp-container-core-columns-is-layout-28f84493 wp-block-columns-is-layout-flex\">\n<div class=\"wp-block-column is-layout-flow wp-block-column-is-layout-flow\">\n<figure class=\"wp-block-image size-full\"><img alt=\"\" loading=\"lazy\" decoding=\"async\" width=\"800\" height=\"800\" src=\"https:\/\/www.usborkeychain.com\/wp-content\/uploads\/Microphone-shaped-USB-Drive.jpg\" class=\"wp-image-3756\" srcset=\"https:\/\/www.usborkeychain.com\/wp-content\/uploads\/Microphone-shaped-USB-Drive.jpg 800w, https:\/\/www.usborkeychain.com\/wp-content\/uploads\/Microphone-shaped-USB-Drive-300x300.jpg 300w, https:\/\/www.usborkeychain.com\/wp-content\/uploads\/Microphone-shaped-USB-Drive-150x150.jpg 150w, https:\/\/www.usborkeychain.com\/wp-content\/uploads\/Microphone-shaped-USB-Drive-768x768.jpg 768w, https:\/\/www.usborkeychain.com\/wp-content\/uploads\/Microphone-shaped-USB-Drive-12x12.jpg 12w, https:\/\/www.usborkeychain.com\/wp-content\/uploads\/Microphone-shaped-USB-Drive-600x600.jpg 600w, https:\/\/www.usborkeychain.com\/wp-content\/uploads\/Microphone-shaped-USB-Drive-100x100.jpg 100w\" sizes=\"(max-width: 800px) 100vw, 800px\" \/><\/figure>\n<\/div>\n\n\n\n<div class=\"wp-block-column is-layout-flow wp-block-column-is-layout-flow\">\n<figure class=\"wp-block-image size-full\"><img alt=\"\" loading=\"lazy\" decoding=\"async\" width=\"800\" height=\"800\" src=\"https:\/\/www.usborkeychain.com\/wp-content\/uploads\/PVC-Microphone-Model-USB-Flash-Drive.jpg\" class=\"wp-image-3757\" srcset=\"https:\/\/www.usborkeychain.com\/wp-content\/uploads\/PVC-Microphone-Model-USB-Flash-Drive.jpg 800w, https:\/\/www.usborkeychain.com\/wp-content\/uploads\/PVC-Microphone-Model-USB-Flash-Drive-300x300.jpg 300w, https:\/\/www.usborkeychain.com\/wp-content\/uploads\/PVC-Microphone-Model-USB-Flash-Drive-150x150.jpg 150w, https:\/\/www.usborkeychain.com\/wp-content\/uploads\/PVC-Microphone-Model-USB-Flash-Drive-768x768.jpg 768w, https:\/\/www.usborkeychain.com\/wp-content\/uploads\/PVC-Microphone-Model-USB-Flash-Drive-12x12.jpg 12w, https:\/\/www.usborkeychain.com\/wp-content\/uploads\/PVC-Microphone-Model-USB-Flash-Drive-600x600.jpg 600w, https:\/\/www.usborkeychain.com\/wp-content\/uploads\/PVC-Microphone-Model-USB-Flash-Drive-100x100.jpg 100w\" sizes=\"(max-width: 800px) 100vw, 800px\" \/><\/figure>\n<\/div>\n<\/div>\n\n\n\n<h3 class=\"wp-block-heading\">Quais s\u00e3o os recursos das unidades USB de brinde personalizadas da KTV?<\/h3>\n\n\n\n<p><\/p>\n\n\n\n<div class=\"wp-block-columns is-layout-flex wp-container-core-columns-is-layout-28f84493 wp-block-columns-is-layout-flex\">\n<div class=\"wp-block-column is-layout-flow wp-block-column-is-layout-flow\">\n<figure class=\"wp-block-image size-full\"><img alt=\"\" loading=\"lazy\" decoding=\"async\" width=\"1000\" height=\"1000\" src=\"https:\/\/www.usborkeychain.com\/wp-content\/uploads\/Microphone-USB-Drive.jpg\" class=\"wp-image-3755\" srcset=\"https:\/\/www.usborkeychain.com\/wp-content\/uploads\/Microphone-USB-Drive.jpg 1000w, https:\/\/www.usborkeychain.com\/wp-content\/uploads\/Microphone-USB-Drive-300x300.jpg 300w, https:\/\/www.usborkeychain.com\/wp-content\/uploads\/Microphone-USB-Drive-150x150.jpg 150w, https:\/\/www.usborkeychain.com\/wp-content\/uploads\/Microphone-USB-Drive-768x768.jpg 768w, https:\/\/www.usborkeychain.com\/wp-content\/uploads\/Microphone-USB-Drive-12x12.jpg 12w, https:\/\/www.usborkeychain.com\/wp-content\/uploads\/Microphone-USB-Drive-600x600.jpg 600w, https:\/\/www.usborkeychain.com\/wp-content\/uploads\/Microphone-USB-Drive-100x100.jpg 100w\" sizes=\"(max-width: 1000px) 100vw, 1000px\" \/><\/figure>\n<\/div>\n\n\n\n<div class=\"wp-block-column is-vertically-aligned-center is-layout-flow wp-block-column-is-layout-flow\">\n<p>A unidade USB com microfone vermelho personalizada para o setor de KTV foi projetada especialmente para cen\u00e1rios como comemora\u00e7\u00f5es de anivers\u00e1rio e inaugura\u00e7\u00f5es de novas lojas. O corpo principal usa borracha macia de PVC vermelho brilhante com um anel decorativo de cabe\u00e7a de malha dourada, com tamanho de 12 cm*3,5 cm (incluindo a base) e pesando apenas 28 g para facilitar o transporte. <\/p>\n\n\n\n<p>A cauda USB foi projetada com um orif\u00edcio para cord\u00e3o, compat\u00edvel com cord\u00f5es ou chaveiros da marca KTV. As op\u00e7\u00f5es de personaliza\u00e7\u00e3o incluem nomes de lojas impressos em seda, logotipos de anivers\u00e1rio e slogans exclusivos (por exemplo, \"XX KTV 10th Anniversary - Because of You\").<\/p>\n\n\n\n<p> Geralmente usado como brindes de recarga de associa\u00e7\u00e3o ou brindes de consumo total em salas privadas, ele combina armazenamento de 64 GB (capaz de pr\u00e9-armazenar acompanhamentos de m\u00fasicas populares) para alcan\u00e7ar a integra\u00e7\u00e3o dupla de fun\u00e7\u00f5es de marketing e valor pr\u00e1tico.<\/p>\n<\/div>\n<\/div>\n\n\n\n<p>A unidade flash USB com microfone de PVC, com sua fabrica\u00e7\u00e3o artesanal simulada de material de borracha macia de PVC, padr\u00f5es de personaliza\u00e7\u00e3o de n\u00edvel Huawei e solu\u00e7\u00f5es de personaliza\u00e7\u00e3o baseadas em cen\u00e1rios de KTV, tornou-se um produto de refer\u00eancia para os fabricantes de USB fornecerem servi\u00e7os de personaliza\u00e7\u00e3o para os setores de m\u00fasica e entretenimento. Sua capacidade de personaliza\u00e7\u00e3o de ponta a ponta, desde a sele\u00e7\u00e3o do material at\u00e9 o design da embalagem, permite uma comunica\u00e7\u00e3o precisa da marca por meio de presentes pr\u00e1ticos.<\/p>","protected":false},"excerpt":{"rendered":"<ul>\n<li>Material de PVC<\/li>\n<li>Estilo em forma de microfone<\/li>\n<li>3 modelos<\/li>\n<li>Molde de PVC<\/li>\n<li>MOQ:100PCS<\/li>\n<\/ul>","protected":false},"featured_media":3754,"comment_status":"open","ping_status":"closed","template":"","meta":{"_seopress_robots_primary_cat":"","_seopress_titles_title":"","_seopress_titles_desc":"","_seopress_robots_index":"","site-sidebar-layout":"default","site-content-layout":"","ast-site-content-layout":"","site-content-style":"default","site-sidebar-style":"default","ast-global-header-display":"","ast-banner-title-visibility":"","ast-main-header-display":"","ast-hfb-above-header-display":"","ast-hfb-below-header-display":"","ast-hfb-mobile-header-display":"","site-post-title":"","ast-breadcrumbs-content":"","ast-featured-img":"","footer-sml-layout":"","theme-transparent-header-meta":"","adv-header-id-meta":"","stick-header-meta":"","header-above-stick-meta":"","header-main-stick-meta":"","header-below-stick-meta":"","astra-migrate-meta-layouts":"default","ast-page-background-enabled":"default","ast-page-background-meta":{"desktop":{"background-color":"var(--ast-global-color-5)","background-image":"","background-repeat":"repeat","background-position":"center center","background-size":"auto","background-attachment":"scroll","background-type":"","background-media":"","overlay-type":"","overlay-color":"","overlay-opacity":"","overlay-gradient":""},"tablet":{"background-color":"","background-image":"","background-repeat":"repeat","background-position":"center center","background-size":"auto","background-attachment":"scroll","background-type":"","background-media":"","overlay-type":"","overlay-color":"","overlay-opacity":"","overlay-gradient":""},"mobile":{"background-color":"","background-image":"","background-repeat":"repeat","background-position":"center center","background-size":"auto","background-attachment":"scroll","background-type":"","background-media":"","overlay-type":"","overlay-color":"","overlay-opacity":"","overlay-gradient":""}},"ast-content-background-meta":{"desktop":{"background-color":"var(--ast-global-color-4)","background-image":"","background-repeat":"repeat","background-position":"center center","background-size":"auto","background-attachment":"scroll","background-type":"","background-media":"","overlay-type":"","overlay-color":"","overlay-opacity":"","overlay-gradient":""},"tablet":{"background-color":"var(--ast-global-color-4)","background-image":"","background-repeat":"repeat","background-position":"center center","background-size":"auto","background-attachment":"scroll","background-type":"","background-media":"","overlay-type":"","overlay-color":"","overlay-opacity":"","overlay-gradient":""},"mobile":{"background-color":"var(--ast-global-color-4)","background-image":"","background-repeat":"repeat","background-position":"center center","background-size":"auto","background-attachment":"scroll","background-type":"","background-media":"","overlay-type":"","overlay-color":"","overlay-opacity":"","overlay-gradient":""}}},"product_brand":[],"product_cat":[94],"product_tag":[],"class_list":{"0":"post-3751","1":"product","2":"type-product","3":"status-publish","4":"has-post-thumbnail","6":"product_cat-pvc-usb-pendrive","7":"desktop-align-left","8":"tablet-align-left","9":"mobile-align-left","11":"first","12":"instock","13":"shipping-taxable","14":"product-type-simple"},"_links":{"self":[{"href":"https:\/\/www.usborkeychain.com\/pt\/wp-json\/wp\/v2\/product\/3751","targetHints":{"allow":["GET"]}}],"collection":[{"href":"https:\/\/www.usborkeychain.com\/pt\/wp-json\/wp\/v2\/product"}],"about":[{"href":"https:\/\/www.usborkeychain.com\/pt\/wp-json\/wp\/v2\/types\/product"}],"replies":[{"embeddable":true,"href":"https:\/\/www.usborkeychain.com\/pt\/wp-json\/wp\/v2\/comments?post=3751"}],"wp:featuredmedia":[{"embeddable":true,"href":"https:\/\/www.usborkeychain.com\/pt\/wp-json\/wp\/v2\/media\/3754"}],"wp:attachment":[{"href":"https:\/\/www.usborkeychain.com\/pt\/wp-json\/wp\/v2\/media?parent=3751"}],"wp:term":[{"taxonomy":"product_brand","embeddable":true,"href":"https:\/\/www.usborkeychain.com\/pt\/wp-json\/wp\/v2\/product_brand?post=3751"},{"taxonomy":"product_cat","embeddable":true,"href":"https:\/\/www.usborkeychain.com\/pt\/wp-json\/wp\/v2\/product_cat?post=3751"},{"taxonomy":"product_tag","embeddable":true,"href":"https:\/\/www.usborkeychain.com\/pt\/wp-json\/wp\/v2\/product_tag?post=3751"}],"curies":[{"name":"wp","href":"https:\/\/api.w.org\/{rel}","templated":true}]}}