{"id":3761,"date":"2025-07-04T12:30:01","date_gmt":"2025-07-04T12:30:01","guid":{"rendered":"https:\/\/www.usborkeychain.com\/?post_type=product&#038;p=3761"},"modified":"2025-07-05T08:53:11","modified_gmt":"2025-07-05T08:53:11","slug":"eco-credit-card-usb-drive-for-prosperkolleg-circular-economy","status":"publish","type":"product","link":"https:\/\/www.usborkeychain.com\/pt\/produto\/eco-credit-card-usb-drive-for-prosperkolleg-circular-economy\/","title":{"rendered":"Unidade USB de cart\u00e3o de cr\u00e9dito ecol\u00f3gico para a economia circular da Prosperkolleg"},"content":{"rendered":"<p><\/p>\n\n\n\n<div class=\"wp-block-columns is-layout-flex wp-container-core-columns-is-layout-28f84493 wp-block-columns-is-layout-flex\">\n<div class=\"wp-block-column is-layout-flow wp-block-column-is-layout-flow\">\n<figure class=\"wp-block-image size-full\"><img alt=\"\" fetchpriority=\"high\" decoding=\"async\" width=\"800\" height=\"800\" src=\"https:\/\/www.usborkeychain.com\/wp-content\/uploads\/Eco-friendly-card-shaped-usbstick-ODM-Factory.jpg\" class=\"wp-image-3766\" srcset=\"https:\/\/www.usborkeychain.com\/wp-content\/uploads\/Eco-friendly-card-shaped-usbstick-ODM-Factory.jpg 800w, https:\/\/www.usborkeychain.com\/wp-content\/uploads\/Eco-friendly-card-shaped-usbstick-ODM-Factory-300x300.jpg 300w, https:\/\/www.usborkeychain.com\/wp-content\/uploads\/Eco-friendly-card-shaped-usbstick-ODM-Factory-150x150.jpg 150w, https:\/\/www.usborkeychain.com\/wp-content\/uploads\/Eco-friendly-card-shaped-usbstick-ODM-Factory-768x768.jpg 768w, https:\/\/www.usborkeychain.com\/wp-content\/uploads\/Eco-friendly-card-shaped-usbstick-ODM-Factory-12x12.jpg 12w, https:\/\/www.usborkeychain.com\/wp-content\/uploads\/Eco-friendly-card-shaped-usbstick-ODM-Factory-600x600.jpg 600w, https:\/\/www.usborkeychain.com\/wp-content\/uploads\/Eco-friendly-card-shaped-usbstick-ODM-Factory-100x100.jpg 100w\" sizes=\"(max-width: 800px) 100vw, 800px\" \/><\/figure>\n<\/div>\n\n\n\n<div class=\"wp-block-column is-vertically-aligned-center is-layout-flow wp-block-column-is-layout-flow\">\n<p><strong>Sobre o Prosperkolleg Economia Circular nas profiss\u00f5es especializadas<\/strong><br>A Prosperkolleg Circular Economy in the skilled trades \u00e9 uma empresa voltada para o futuro no setor de com\u00e9rcio especializado. <\/p>\n\n\n\n<p>Com foco no conceito de economia circular, a empresa explora ativamente como alcan\u00e7ar a utiliza\u00e7\u00e3o eficiente de recursos e o desenvolvimento sustent\u00e1vel em campos relacionados. Por meio de modelos e pr\u00e1ticas inovadoras, a empresa estabeleceu uma imagem \u00fanica no setor.<\/p>\n<\/div>\n<\/div>\n\n\n\n<h2 class=\"wp-block-heading\">Unidade USB degrad\u00e1vel em formato de cart\u00e3o<\/h2>\n\n\n\n<h3 class=\"wp-block-heading\">1. Material degrad\u00e1vel e ecologicamente correto<\/h3>\n\n\n\n<p>Essa unidade USB de cart\u00e3o de cr\u00e9dito ecol\u00f3gico personalizada para a Prosperkolleg Circular Economy no setor de com\u00e9rcio especializado \u00e9 feita de materiais degrad\u00e1veis que n\u00e3o agridem o meio ambiente. Na atual era de consci\u00eancia ambiental, esse material \u00e9, sem d\u00favida, um destaque. Ap\u00f3s sua vida \u00fatil, ele pode se decompor gradualmente no ambiente natural, reduzindo a polui\u00e7\u00e3o ambiental. Em compara\u00e7\u00e3o com os materiais tradicionais de unidades USB, ele minimiza significativamente o impacto negativo sobre o ambiente ecol\u00f3gico, alinhando-se \u00e0 tend\u00eancia global de prote\u00e7\u00e3o ambiental.<\/p>\n\n\n\n<div class=\"wp-block-columns is-layout-flex wp-container-core-columns-is-layout-28f84493 wp-block-columns-is-layout-flex\">\n<div class=\"wp-block-column is-layout-flow wp-block-column-is-layout-flow\">\n<figure class=\"wp-block-image size-full\"><img alt=\"\" decoding=\"async\" width=\"800\" height=\"800\" src=\"https:\/\/www.usborkeychain.com\/wp-content\/uploads\/Prosperkolleg-Circular-Economy-in-the-skilled-trades.jpg\" class=\"wp-image-3767\" srcset=\"https:\/\/www.usborkeychain.com\/wp-content\/uploads\/Prosperkolleg-Circular-Economy-in-the-skilled-trades.jpg 800w, https:\/\/www.usborkeychain.com\/wp-content\/uploads\/Prosperkolleg-Circular-Economy-in-the-skilled-trades-300x300.jpg 300w, https:\/\/www.usborkeychain.com\/wp-content\/uploads\/Prosperkolleg-Circular-Economy-in-the-skilled-trades-150x150.jpg 150w, https:\/\/www.usborkeychain.com\/wp-content\/uploads\/Prosperkolleg-Circular-Economy-in-the-skilled-trades-768x768.jpg 768w, https:\/\/www.usborkeychain.com\/wp-content\/uploads\/Prosperkolleg-Circular-Economy-in-the-skilled-trades-12x12.jpg 12w, https:\/\/www.usborkeychain.com\/wp-content\/uploads\/Prosperkolleg-Circular-Economy-in-the-skilled-trades-600x600.jpg 600w, https:\/\/www.usborkeychain.com\/wp-content\/uploads\/Prosperkolleg-Circular-Economy-in-the-skilled-trades-100x100.jpg 100w\" sizes=\"(max-width: 800px) 100vw, 800px\" \/><\/figure>\n<\/div>\n\n\n\n<div class=\"wp-block-column is-layout-flow wp-block-column-is-layout-flow\">\n<figure class=\"wp-block-image size-full\"><img alt=\"\" decoding=\"async\" width=\"800\" height=\"800\" src=\"https:\/\/www.usborkeychain.com\/wp-content\/uploads\/Business-Credit-Card-Type-Usb-Flash-Drive.jpg\" class=\"wp-image-3764\" srcset=\"https:\/\/www.usborkeychain.com\/wp-content\/uploads\/Business-Credit-Card-Type-Usb-Flash-Drive.jpg 800w, https:\/\/www.usborkeychain.com\/wp-content\/uploads\/Business-Credit-Card-Type-Usb-Flash-Drive-300x300.jpg 300w, https:\/\/www.usborkeychain.com\/wp-content\/uploads\/Business-Credit-Card-Type-Usb-Flash-Drive-150x150.jpg 150w, https:\/\/www.usborkeychain.com\/wp-content\/uploads\/Business-Credit-Card-Type-Usb-Flash-Drive-768x768.jpg 768w, https:\/\/www.usborkeychain.com\/wp-content\/uploads\/Business-Credit-Card-Type-Usb-Flash-Drive-12x12.jpg 12w, https:\/\/www.usborkeychain.com\/wp-content\/uploads\/Business-Credit-Card-Type-Usb-Flash-Drive-600x600.jpg 600w, https:\/\/www.usborkeychain.com\/wp-content\/uploads\/Business-Credit-Card-Type-Usb-Flash-Drive-100x100.jpg 100w\" sizes=\"(max-width: 800px) 100vw, 800px\" \/><\/figure>\n<\/div>\n<\/div>\n\n\n\n<h3 class=\"wp-block-heading\">2. Design em estilo de cart\u00e3o<\/h3>\n\n\n\n<p>O design em estilo de cart\u00e3o d\u00e1 a essa unidade USB uma vantagem exclusiva. Com o formato de um cart\u00e3o de cr\u00e9dito, ele \u00e9 compacto, leve e f\u00e1cil de transportar. Seja colocado em uma carteira ou preso em um notebook, ele ocupa um espa\u00e7o m\u00ednimo. Esse design n\u00e3o apenas se destaca visualmente, mas tamb\u00e9m se destaca pela praticidade, permitindo que os usu\u00e1rios o utilizem a qualquer hora e em qualquer lugar.<\/p>\n\n\n\n<h2 class=\"wp-block-heading\">Logotipo personalizado<\/h2>\n\n\n\n<p>Como um brinde corporativo personalizado, a frente e o verso da unidade USB Eco Credit Card s\u00e3o meticulosamente projetados com o nome da empresa, o logotipo e o slogan da Prosperkolleg Circular Economy in the skilled trades. Esse design promove efetivamente a imagem da empresa - quando os clientes receberem e usarem essa unidade USB, eles se lembrar\u00e3o da empresa todas as vezes, servindo como uma poderosa ferramenta de promo\u00e7\u00e3o da marca. Ele tamb\u00e9m reflete a \u00eanfase e o profissionalismo da empresa na promo\u00e7\u00e3o da marca.<\/p>\n\n\n\n<p><\/p>","protected":false},"excerpt":{"rendered":"<ul>\n<li>Empresa de Economia Circular Prosperkolleg<\/li>\n<li>USB personalizado como presente<\/li>\n<li>Forma do cart\u00e3o de cr\u00e9dito<\/li>\n<li>Material ecologicamente correto<\/li>\n<li>Logotipo com impress\u00e3o colorida<\/li>\n<\/ul>","protected":false},"featured_media":3802,"comment_status":"open","ping_status":"closed","template":"","meta":{"_seopress_robots_primary_cat":"none","_seopress_titles_title":"","_seopress_titles_desc":"","_seopress_robots_index":"","site-sidebar-layout":"default","site-content-layout":"","ast-site-content-layout":"","site-content-style":"default","site-sidebar-style":"default","ast-global-header-display":"","ast-banner-title-visibility":"","ast-main-header-display":"","ast-hfb-above-header-display":"","ast-hfb-below-header-display":"","ast-hfb-mobile-header-display":"","site-post-title":"","ast-breadcrumbs-content":"","ast-featured-img":"","footer-sml-layout":"","theme-transparent-header-meta":"","adv-header-id-meta":"","stick-header-meta":"","header-above-stick-meta":"","header-main-stick-meta":"","header-below-stick-meta":"","astra-migrate-meta-layouts":"default","ast-page-background-enabled":"default","ast-page-background-meta":{"desktop":{"background-color":"var(--ast-global-color-5)","background-image":"","background-repeat":"repeat","background-position":"center center","background-size":"auto","background-attachment":"scroll","background-type":"","background-media":"","overlay-type":"","overlay-color":"","overlay-opacity":"","overlay-gradient":""},"tablet":{"background-color":"","background-image":"","background-repeat":"repeat","background-position":"center center","background-size":"auto","background-attachment":"scroll","background-type":"","background-media":"","overlay-type":"","overlay-color":"","overlay-opacity":"","overlay-gradient":""},"mobile":{"background-color":"","background-image":"","background-repeat":"repeat","background-position":"center center","background-size":"auto","background-attachment":"scroll","background-type":"","background-media":"","overlay-type":"","overlay-color":"","overlay-opacity":"","overlay-gradient":""}},"ast-content-background-meta":{"desktop":{"background-color":"var(--ast-global-color-4)","background-image":"","background-repeat":"repeat","background-position":"center center","background-size":"auto","background-attachment":"scroll","background-type":"","background-media":"","overlay-type":"","overlay-color":"","overlay-opacity":"","overlay-gradient":""},"tablet":{"background-color":"var(--ast-global-color-4)","background-image":"","background-repeat":"repeat","background-position":"center center","background-size":"auto","background-attachment":"scroll","background-type":"","background-media":"","overlay-type":"","overlay-color":"","overlay-opacity":"","overlay-gradient":""},"mobile":{"background-color":"var(--ast-global-color-4)","background-image":"","background-repeat":"repeat","background-position":"center center","background-size":"auto","background-attachment":"scroll","background-type":"","background-media":"","overlay-type":"","overlay-color":"","overlay-opacity":"","overlay-gradient":""}}},"product_brand":[],"product_cat":[95],"product_tag":[212],"class_list":{"0":"post-3761","1":"product","2":"type-product","3":"status-publish","4":"has-post-thumbnail","6":"product_cat-promotional-usb-drive","7":"product_tag-eco-credit-card-usb-drive","8":"desktop-align-left","9":"tablet-align-left","10":"mobile-align-left","12":"first","13":"instock","14":"shipping-taxable","15":"product-type-simple"},"_links":{"self":[{"href":"https:\/\/www.usborkeychain.com\/pt\/wp-json\/wp\/v2\/product\/3761","targetHints":{"allow":["GET"]}}],"collection":[{"href":"https:\/\/www.usborkeychain.com\/pt\/wp-json\/wp\/v2\/product"}],"about":[{"href":"https:\/\/www.usborkeychain.com\/pt\/wp-json\/wp\/v2\/types\/product"}],"replies":[{"embeddable":true,"href":"https:\/\/www.usborkeychain.com\/pt\/wp-json\/wp\/v2\/comments?post=3761"}],"wp:featuredmedia":[{"embeddable":true,"href":"https:\/\/www.usborkeychain.com\/pt\/wp-json\/wp\/v2\/media\/3802"}],"wp:attachment":[{"href":"https:\/\/www.usborkeychain.com\/pt\/wp-json\/wp\/v2\/media?parent=3761"}],"wp:term":[{"taxonomy":"product_brand","embeddable":true,"href":"https:\/\/www.usborkeychain.com\/pt\/wp-json\/wp\/v2\/product_brand?post=3761"},{"taxonomy":"product_cat","embeddable":true,"href":"https:\/\/www.usborkeychain.com\/pt\/wp-json\/wp\/v2\/product_cat?post=3761"},{"taxonomy":"product_tag","embeddable":true,"href":"https:\/\/www.usborkeychain.com\/pt\/wp-json\/wp\/v2\/product_tag?post=3761"}],"curies":[{"name":"wp","href":"https:\/\/api.w.org\/{rel}","templated":true}]}}