{"id":3770,"date":"2025-07-05T07:17:20","date_gmt":"2025-07-05T07:17:20","guid":{"rendered":"https:\/\/www.usborkeychain.com\/?post_type=product&#038;p=3770"},"modified":"2025-07-08T01:55:38","modified_gmt":"2025-07-08T01:55:38","slug":"bowling-ball-shaped-usb-flash-drive","status":"publish","type":"product","link":"https:\/\/www.usborkeychain.com\/pt\/produto\/bowling-ball-shaped-usb-flash-drive\/","title":{"rendered":"Unidade flash USB em formato de bola de boliche"},"content":{"rendered":"<p>Rompendo com o tradicional design quadrado das unidades USB, a unidade flash USB Bowling se destaca com seu formato de bola de boliche de alta fidelidade 1:1, combinando perfeitamente elementos esportivos com a funcionalidade de armazenamento de dados. Ele mede aproximadamente 6,5 cm de di\u00e2metro e 7 cm de altura, imitando a propor\u00e7\u00e3o de uma bola de boliche real e, ao mesmo tempo, equilibrando portabilidade e divers\u00e3o.<\/p>\n\n\n\n<h2 class=\"wp-block-heading\">O que torna o design da unidade USB Bowling especial?<\/h2>\n\n\n\n<p><\/p>\n\n\n\n<div class=\"wp-block-columns is-layout-flex wp-container-core-columns-is-layout-28f84493 wp-block-columns-is-layout-flex\">\n<div class=\"wp-block-column is-layout-flow wp-block-column-is-layout-flow\">\n<figure class=\"wp-block-image size-full\"><img fetchpriority=\"high\" decoding=\"async\" width=\"800\" height=\"800\" src=\"https:\/\/www.usborkeychain.com\/wp-content\/uploads\/Bowling-Ball-USB-Flash-Drive.jpg\" alt=\"Bowling Ball USB Flash Drive\" class=\"wp-image-3773\" srcset=\"https:\/\/www.usborkeychain.com\/wp-content\/uploads\/Bowling-Ball-USB-Flash-Drive.jpg 800w, https:\/\/www.usborkeychain.com\/wp-content\/uploads\/Bowling-Ball-USB-Flash-Drive-300x300.jpg 300w, https:\/\/www.usborkeychain.com\/wp-content\/uploads\/Bowling-Ball-USB-Flash-Drive-150x150.jpg 150w, https:\/\/www.usborkeychain.com\/wp-content\/uploads\/Bowling-Ball-USB-Flash-Drive-768x768.jpg 768w, https:\/\/www.usborkeychain.com\/wp-content\/uploads\/Bowling-Ball-USB-Flash-Drive-12x12.jpg 12w, https:\/\/www.usborkeychain.com\/wp-content\/uploads\/Bowling-Ball-USB-Flash-Drive-600x600.jpg 600w, https:\/\/www.usborkeychain.com\/wp-content\/uploads\/Bowling-Ball-USB-Flash-Drive-100x100.jpg 100w\" sizes=\"(max-width: 800px) 100vw, 800px\" \/><\/figure>\n<\/div>\n\n\n\n<div class=\"wp-block-column is-vertically-aligned-center is-layout-flow wp-block-column-is-layout-flow\">\n<p>A unidade reproduz os detalhes da bola de boliche com um design de alta fidelidade 1:1 - as texturas da superf\u00edcie e as posi\u00e7\u00f5es dos buracos s\u00e3o modeladas de acordo com as bolas de boliche reais, emulando at\u00e9 mesmo a textura fosca com mais de 95% de realismo. <\/p>\n\n\n\n<p>Fabricado com gel macio de PVC ecol\u00f3gico, ele \u00e9 submetido \u00e0 moldagem por inje\u00e7\u00e3o de alta temperatura em uma \u00fanica pe\u00e7a, oferecendo um toque macio e agrad\u00e1vel \u00e0 pele e recursos resistentes \u00e0 abras\u00e3o e \u00e0 prova de quedas. Ele foi aprovado em um teste de queda de 1,5 m, com um inv\u00f3lucro de 3 mm de espessura e classifica\u00e7\u00e3o IP65 para prote\u00e7\u00e3o contra \u00e1gua e poeira, garantindo a seguran\u00e7a dos dados contra derramamentos acidentais ou detritos.<\/p>\n<\/div>\n<\/div>\n\n\n\n<h2 class=\"wp-block-heading\">Por que as associa\u00e7\u00f5es de equipamentos esportivos o escolhem como um presente personalizado?<\/h2>\n\n\n\n<p>A unidade USB Bowling est\u00e1 perfeitamente alinhada com o setor esportivo, o que a torna uma escolha popular para eventos anuais e acordos de coopera\u00e7\u00e3o de associa\u00e7\u00f5es de equipamentos esportivos. Seu design com tema esportivo transmite vitalidade \u00e0 marca e, com o logotipo exclusivo da associa\u00e7\u00e3o, aumenta significativamente o reconhecimento da marca. Ele est\u00e1 dispon\u00edvel em v\u00e1rias capacidades, de 8 GB a 128 GB, para atender a diferentes necessidades.<\/p>\n\n\n\n<div class=\"wp-block-columns is-layout-flex wp-container-core-columns-is-layout-28f84493 wp-block-columns-is-layout-flex\">\n<div class=\"wp-block-column is-layout-flow wp-block-column-is-layout-flow\">\n<figure class=\"wp-block-image size-full\"><img decoding=\"async\" width=\"800\" height=\"800\" src=\"https:\/\/www.usborkeychain.com\/wp-content\/uploads\/Bowling-Ball-shaped-USB-Flash-Drive.jpg\" alt=\"Bowling Ball-shaped USB Flash Drive\" class=\"wp-image-3774\" srcset=\"https:\/\/www.usborkeychain.com\/wp-content\/uploads\/Bowling-Ball-shaped-USB-Flash-Drive.jpg 800w, https:\/\/www.usborkeychain.com\/wp-content\/uploads\/Bowling-Ball-shaped-USB-Flash-Drive-300x300.jpg 300w, https:\/\/www.usborkeychain.com\/wp-content\/uploads\/Bowling-Ball-shaped-USB-Flash-Drive-150x150.jpg 150w, https:\/\/www.usborkeychain.com\/wp-content\/uploads\/Bowling-Ball-shaped-USB-Flash-Drive-768x768.jpg 768w, https:\/\/www.usborkeychain.com\/wp-content\/uploads\/Bowling-Ball-shaped-USB-Flash-Drive-12x12.jpg 12w, https:\/\/www.usborkeychain.com\/wp-content\/uploads\/Bowling-Ball-shaped-USB-Flash-Drive-600x600.jpg 600w, https:\/\/www.usborkeychain.com\/wp-content\/uploads\/Bowling-Ball-shaped-USB-Flash-Drive-100x100.jpg 100w\" sizes=\"(max-width: 800px) 100vw, 800px\" \/><\/figure>\n<\/div>\n\n\n\n<div class=\"wp-block-column is-layout-flow wp-block-column-is-layout-flow\">\n<figure class=\"wp-block-image size-full\"><img decoding=\"async\" width=\"800\" height=\"800\" src=\"https:\/\/www.usborkeychain.com\/wp-content\/uploads\/Sports-Equipment-Association-USB-Flash-Drive.jpg\" alt=\"Sports Equipment Association USB Flash Drive\" class=\"wp-image-3775\" srcset=\"https:\/\/www.usborkeychain.com\/wp-content\/uploads\/Sports-Equipment-Association-USB-Flash-Drive.jpg 800w, https:\/\/www.usborkeychain.com\/wp-content\/uploads\/Sports-Equipment-Association-USB-Flash-Drive-300x300.jpg 300w, https:\/\/www.usborkeychain.com\/wp-content\/uploads\/Sports-Equipment-Association-USB-Flash-Drive-150x150.jpg 150w, https:\/\/www.usborkeychain.com\/wp-content\/uploads\/Sports-Equipment-Association-USB-Flash-Drive-768x768.jpg 768w, https:\/\/www.usborkeychain.com\/wp-content\/uploads\/Sports-Equipment-Association-USB-Flash-Drive-12x12.jpg 12w, https:\/\/www.usborkeychain.com\/wp-content\/uploads\/Sports-Equipment-Association-USB-Flash-Drive-600x600.jpg 600w, https:\/\/www.usborkeychain.com\/wp-content\/uploads\/Sports-Equipment-Association-USB-Flash-Drive-100x100.jpg 100w\" sizes=\"(max-width: 800px) 100vw, 800px\" \/><\/figure>\n<\/div>\n<\/div>\n\n\n\n<h2 class=\"wp-block-heading\">A unidade USB de boliche pode ter um logotipo personalizado?<\/h2>\n\n\n\n<p>Sim - usando a tecnologia de inje\u00e7\u00e3o de molde de PVC de alta precis\u00e3o, o logotipo \u00e9 integrado ao inv\u00f3lucro para maior durabilidade, resistente ao desgaste e ao desbotamento. Seja o emblema de uma associa\u00e7\u00e3o, o nome da empresa ou um padr\u00e3o personalizado, os detalhes podem ser reproduzidos por meio da tecnologia de modelagem 3D.<\/p>\n\n\n\n<p>A unidade flash USB Bowling, com seu design de alta fidelidade, desempenho robusto e personaliza\u00e7\u00e3o flex\u00edvel, estabelece uma refer\u00eancia criativa no mercado de personaliza\u00e7\u00e3o de USB, sendo a escolha ideal para brindes do setor esportivo e promo\u00e7\u00e3o corporativa.<\/p>","protected":false},"excerpt":{"rendered":"<ul>\n<li>USB em forma de bola de boliche<\/li>\n<li>Material de PVC<\/li>\n<li>Logotipo personalizado do molde de PVC<\/li>\n<li>MOQ:100PCS<\/li>\n<li>USB2.0 e USB3.0<\/li>\n<\/ul>","protected":false},"featured_media":3773,"comment_status":"open","ping_status":"closed","template":"","meta":{"_seopress_robots_primary_cat":"","_seopress_titles_title":"","_seopress_titles_desc":"","_seopress_robots_index":"","site-sidebar-layout":"default","site-content-layout":"","ast-site-content-layout":"","site-content-style":"default","site-sidebar-style":"default","ast-global-header-display":"","ast-banner-title-visibility":"","ast-main-header-display":"","ast-hfb-above-header-display":"","ast-hfb-below-header-display":"","ast-hfb-mobile-header-display":"","site-post-title":"","ast-breadcrumbs-content":"","ast-featured-img":"","footer-sml-layout":"","theme-transparent-header-meta":"","adv-header-id-meta":"","stick-header-meta":"","header-above-stick-meta":"","header-main-stick-meta":"","header-below-stick-meta":"","astra-migrate-meta-layouts":"default","ast-page-background-enabled":"default","ast-page-background-meta":{"desktop":{"background-color":"var(--ast-global-color-5)","background-image":"","background-repeat":"repeat","background-position":"center center","background-size":"auto","background-attachment":"scroll","background-type":"","background-media":"","overlay-type":"","overlay-color":"","overlay-opacity":"","overlay-gradient":""},"tablet":{"background-color":"","background-image":"","background-repeat":"repeat","background-position":"center center","background-size":"auto","background-attachment":"scroll","background-type":"","background-media":"","overlay-type":"","overlay-color":"","overlay-opacity":"","overlay-gradient":""},"mobile":{"background-color":"","background-image":"","background-repeat":"repeat","background-position":"center center","background-size":"auto","background-attachment":"scroll","background-type":"","background-media":"","overlay-type":"","overlay-color":"","overlay-opacity":"","overlay-gradient":""}},"ast-content-background-meta":{"desktop":{"background-color":"var(--ast-global-color-4)","background-image":"","background-repeat":"repeat","background-position":"center center","background-size":"auto","background-attachment":"scroll","background-type":"","background-media":"","overlay-type":"","overlay-color":"","overlay-opacity":"","overlay-gradient":""},"tablet":{"background-color":"var(--ast-global-color-4)","background-image":"","background-repeat":"repeat","background-position":"center center","background-size":"auto","background-attachment":"scroll","background-type":"","background-media":"","overlay-type":"","overlay-color":"","overlay-opacity":"","overlay-gradient":""},"mobile":{"background-color":"var(--ast-global-color-4)","background-image":"","background-repeat":"repeat","background-position":"center center","background-size":"auto","background-attachment":"scroll","background-type":"","background-media":"","overlay-type":"","overlay-color":"","overlay-opacity":"","overlay-gradient":""}}},"product_brand":[],"product_cat":[94],"product_tag":[213],"class_list":{"0":"post-3770","1":"product","2":"type-product","3":"status-publish","4":"has-post-thumbnail","6":"product_cat-pvc-usb-pendrive","7":"product_tag-ball-shape-usb-drive","8":"desktop-align-left","9":"tablet-align-left","10":"mobile-align-left","12":"first","13":"instock","14":"shipping-taxable","15":"product-type-simple"},"_links":{"self":[{"href":"https:\/\/www.usborkeychain.com\/pt\/wp-json\/wp\/v2\/product\/3770","targetHints":{"allow":["GET"]}}],"collection":[{"href":"https:\/\/www.usborkeychain.com\/pt\/wp-json\/wp\/v2\/product"}],"about":[{"href":"https:\/\/www.usborkeychain.com\/pt\/wp-json\/wp\/v2\/types\/product"}],"replies":[{"embeddable":true,"href":"https:\/\/www.usborkeychain.com\/pt\/wp-json\/wp\/v2\/comments?post=3770"}],"wp:featuredmedia":[{"embeddable":true,"href":"https:\/\/www.usborkeychain.com\/pt\/wp-json\/wp\/v2\/media\/3773"}],"wp:attachment":[{"href":"https:\/\/www.usborkeychain.com\/pt\/wp-json\/wp\/v2\/media?parent=3770"}],"wp:term":[{"taxonomy":"product_brand","embeddable":true,"href":"https:\/\/www.usborkeychain.com\/pt\/wp-json\/wp\/v2\/product_brand?post=3770"},{"taxonomy":"product_cat","embeddable":true,"href":"https:\/\/www.usborkeychain.com\/pt\/wp-json\/wp\/v2\/product_cat?post=3770"},{"taxonomy":"product_tag","embeddable":true,"href":"https:\/\/www.usborkeychain.com\/pt\/wp-json\/wp\/v2\/product_tag?post=3770"}],"curies":[{"name":"wp","href":"https:\/\/api.w.org\/{rel}","templated":true}]}}