{"id":3776,"date":"2025-07-05T07:41:24","date_gmt":"2025-07-05T07:41:24","guid":{"rendered":"https:\/\/www.usborkeychain.com\/?post_type=product&#038;p=3776"},"modified":"2025-07-08T01:55:47","modified_gmt":"2025-07-08T01:55:47","slug":"rugby-shaped-usb-flash-drive","status":"publish","type":"product","link":"https:\/\/www.usborkeychain.com\/pt\/produto\/rugby-shaped-usb-flash-drive\/","title":{"rendered":"Unidade flash USB em formato de r\u00fagbi"},"content":{"rendered":"<p><\/p>\n\n\n\n<div class=\"wp-block-columns is-layout-flex wp-container-core-columns-is-layout-28f84493 wp-block-columns-is-layout-flex\">\n<div class=\"wp-block-column is-layout-flow wp-block-column-is-layout-flow\">\n<figure class=\"wp-block-image size-full\"><img fetchpriority=\"high\" decoding=\"async\" width=\"800\" height=\"800\" src=\"https:\/\/www.usborkeychain.com\/wp-content\/uploads\/red-Rugby-Shaped-USB-Flash-Drive.png\" alt=\"red Rugby Shaped USB Flash Drive\" class=\"wp-image-3781\" srcset=\"https:\/\/www.usborkeychain.com\/wp-content\/uploads\/red-Rugby-Shaped-USB-Flash-Drive.png 800w, https:\/\/www.usborkeychain.com\/wp-content\/uploads\/red-Rugby-Shaped-USB-Flash-Drive-300x300.png 300w, https:\/\/www.usborkeychain.com\/wp-content\/uploads\/red-Rugby-Shaped-USB-Flash-Drive-150x150.png 150w, https:\/\/www.usborkeychain.com\/wp-content\/uploads\/red-Rugby-Shaped-USB-Flash-Drive-768x768.png 768w, https:\/\/www.usborkeychain.com\/wp-content\/uploads\/red-Rugby-Shaped-USB-Flash-Drive-12x12.png 12w, https:\/\/www.usborkeychain.com\/wp-content\/uploads\/red-Rugby-Shaped-USB-Flash-Drive-600x600.png 600w, https:\/\/www.usborkeychain.com\/wp-content\/uploads\/red-Rugby-Shaped-USB-Flash-Drive-100x100.png 100w\" sizes=\"(max-width: 800px) 100vw, 800px\" \/><\/figure>\n<\/div>\n\n\n\n<div class=\"wp-block-column is-vertically-aligned-center is-layout-flow wp-block-column-is-layout-flow\">\n<p>A unidade flash USB Rugby apresenta uma apar\u00eancia personalizada exclusiva com um contorno de rugby de alta fidelidade 1:1.2. Seu formato elipsoidal - aproximadamente 8,5 cm no eixo maior e 5 cm no eixo menor - reproduz perfeitamente o arco cl\u00e1ssico de uma bola de r\u00fagbi americana.<\/p>\n\n\n\n<p> A superf\u00edcie adota um design de textura de costura tridimensional, combinada com o toque fosco do material de gel macio de PVC, equilibrando a est\u00e9tica esportiva e o conforto de ader\u00eancia.<\/p>\n<\/div>\n<\/div>\n\n\n\n<p><\/p>\n\n\n\n<h2 class=\"wp-block-heading\">Design especial da unidade USB Rugby<\/h2>\n\n\n\n<p>Com uma propor\u00e7\u00e3o de 1:1.2, ela restaura os detalhes do r\u00fagbi americano: a linha 3D (costura tridimensional) na superf\u00edcie tem um espa\u00e7amento preciso de 0,8 cm, e a textura c\u00f4ncava-convexa atinge a simula\u00e7\u00e3o de alta fidelidade 98%, permitindo que os usu\u00e1rios sintam o toque real das costuras da bola. Fabricada com gel macio de PVC de grau aliment\u00edcio, ela \u00e9 submetida a moldagem por inje\u00e7\u00e3o de alta temperatura em uma \u00fanica pe\u00e7a a 200 \u2103. A concha de 2,5 mm de espessura foi aprovada em um teste de queda de 2 metros e obteve a certifica\u00e7\u00e3o IP66 de prote\u00e7\u00e3o contra \u00e1gua e poeira. A forma elipsoidal exclusiva com padr\u00f5es antiderrapantes se adapta \u00e0 curvatura da palma da m\u00e3o quando segurada, garantindo a seguran\u00e7a dos dados e melhorando a experi\u00eancia do usu\u00e1rio.<\/p>\n\n\n\n<div class=\"wp-block-columns is-layout-flex wp-container-core-columns-is-layout-28f84493 wp-block-columns-is-layout-flex\">\n<div class=\"wp-block-column is-layout-flow wp-block-column-is-layout-flow\">\n<figure class=\"wp-block-image size-full\"><img alt=\"\" decoding=\"async\" width=\"800\" height=\"800\" src=\"https:\/\/www.usborkeychain.com\/wp-content\/uploads\/Rugby-Shaped-USB-Flash-Drive.png\" class=\"wp-image-3782\" srcset=\"https:\/\/www.usborkeychain.com\/wp-content\/uploads\/Rugby-Shaped-USB-Flash-Drive.png 800w, https:\/\/www.usborkeychain.com\/wp-content\/uploads\/Rugby-Shaped-USB-Flash-Drive-300x300.png 300w, https:\/\/www.usborkeychain.com\/wp-content\/uploads\/Rugby-Shaped-USB-Flash-Drive-150x150.png 150w, https:\/\/www.usborkeychain.com\/wp-content\/uploads\/Rugby-Shaped-USB-Flash-Drive-768x768.png 768w, https:\/\/www.usborkeychain.com\/wp-content\/uploads\/Rugby-Shaped-USB-Flash-Drive-12x12.png 12w, https:\/\/www.usborkeychain.com\/wp-content\/uploads\/Rugby-Shaped-USB-Flash-Drive-600x600.png 600w, https:\/\/www.usborkeychain.com\/wp-content\/uploads\/Rugby-Shaped-USB-Flash-Drive-100x100.png 100w\" sizes=\"(max-width: 800px) 100vw, 800px\" \/><\/figure>\n<\/div>\n\n\n\n<div class=\"wp-block-column is-vertically-aligned-center is-layout-flow wp-block-column-is-layout-flow\">\n<h2 class=\"wp-block-heading\">Quais modelos personalizados a unidade USB Rugby oferece?<\/h2>\n\n\n\n<p>Dois modelos pr\u00e1ticos est\u00e3o dispon\u00edveis:<\/p>\n\n\n\n<ul class=\"wp-block-list\">\n<li><strong>Modelo port\u00e1til padr\u00e3o<\/strong>: Design sem base, pesando apenas 28 g, pode ser conectado diretamente aos dispositivos. Equipado com um orif\u00edcio para cord\u00e3o de metal para facilitar o transporte.<\/li>\n\n\n\n<li><strong>Modelo de exibi\u00e7\u00e3o e coleta<\/strong>: Combinado com uma base trapezoidal de material ABS (tamanho: 10 cm \u00d7 6 cm \u00d7 3 cm), que suporta a exibi\u00e7\u00e3o de 360\u00b0 da unidade USB, ideal para exibi\u00e7\u00e3o em mesa de escrit\u00f3rio ou estandes de exposi\u00e7\u00e3o.<\/li>\n<\/ul>\n<\/div>\n<\/div>\n\n\n\n<h2 class=\"wp-block-heading\">Para quais setores a unidade USB Rugby \u00e9 adequada como presente?<\/h2>\n\n\n\n<ul class=\"wp-block-list\">\n<li><strong>Setor de esportes<\/strong>: Associa\u00e7\u00f5es de futebol e clubes de r\u00fagbi podem personalizar modelos comemorativos de eventos, pr\u00e9-instalando destaques de jogos e manuais de membros. Em conjunto com o logotipo do emblema da associa\u00e7\u00e3o, ele fortalece a identidade da marca.<\/li>\n\n\n\n<li><strong>Campo educacional<\/strong>: As faculdades de esportes das universidades podem us\u00e1-lo como presente de formatura, gravando v\u00eddeos da carreira esportiva dos alunos. A base pode ser gravada com as identidades dos alunos e os anos de formatura, combinando praticidade e memorabilidade.<\/li>\n\n\n\n<li><strong>Setor cultural e criativo<\/strong>: Lojas criativas e culturais com temas esportivos podem desenvolver modelos com marcas conjuntas. H\u00e1 suporte para a personaliza\u00e7\u00e3o da cor do corpo da bola (cores regulares: vermelho\/azul\/preto; cores especiais exigem personaliza\u00e7\u00e3o), atendendo \u00e0s necessidades de consumo personalizado.<\/li>\n<\/ul>\n\n\n\n<div class=\"wp-block-columns is-layout-flex wp-container-core-columns-is-layout-28f84493 wp-block-columns-is-layout-flex\">\n<div class=\"wp-block-column is-layout-flow wp-block-column-is-layout-flow\">\n<figure class=\"wp-block-image size-full\"><img alt=\"\" decoding=\"async\" width=\"800\" height=\"800\" src=\"https:\/\/www.usborkeychain.com\/wp-content\/uploads\/yellw-Rugby-Shaped-USB-Flash-Drive.png\" class=\"wp-image-3783\" srcset=\"https:\/\/www.usborkeychain.com\/wp-content\/uploads\/yellw-Rugby-Shaped-USB-Flash-Drive.png 800w, https:\/\/www.usborkeychain.com\/wp-content\/uploads\/yellw-Rugby-Shaped-USB-Flash-Drive-300x300.png 300w, https:\/\/www.usborkeychain.com\/wp-content\/uploads\/yellw-Rugby-Shaped-USB-Flash-Drive-150x150.png 150w, https:\/\/www.usborkeychain.com\/wp-content\/uploads\/yellw-Rugby-Shaped-USB-Flash-Drive-768x768.png 768w, https:\/\/www.usborkeychain.com\/wp-content\/uploads\/yellw-Rugby-Shaped-USB-Flash-Drive-12x12.png 12w, https:\/\/www.usborkeychain.com\/wp-content\/uploads\/yellw-Rugby-Shaped-USB-Flash-Drive-600x600.png 600w, https:\/\/www.usborkeychain.com\/wp-content\/uploads\/yellw-Rugby-Shaped-USB-Flash-Drive-100x100.png 100w\" sizes=\"(max-width: 800px) 100vw, 800px\" \/><\/figure>\n<\/div>\n\n\n\n<div class=\"wp-block-column is-layout-flow wp-block-column-is-layout-flow\">\n<figure class=\"wp-block-image size-full\"><img alt=\"\" loading=\"lazy\" decoding=\"async\" width=\"800\" height=\"800\" src=\"https:\/\/www.usborkeychain.com\/wp-content\/uploads\/orange-Rugby-Shaped-USB-Flash-Drive.png\" class=\"wp-image-3780\" srcset=\"https:\/\/www.usborkeychain.com\/wp-content\/uploads\/orange-Rugby-Shaped-USB-Flash-Drive.png 800w, https:\/\/www.usborkeychain.com\/wp-content\/uploads\/orange-Rugby-Shaped-USB-Flash-Drive-300x300.png 300w, https:\/\/www.usborkeychain.com\/wp-content\/uploads\/orange-Rugby-Shaped-USB-Flash-Drive-150x150.png 150w, https:\/\/www.usborkeychain.com\/wp-content\/uploads\/orange-Rugby-Shaped-USB-Flash-Drive-768x768.png 768w, https:\/\/www.usborkeychain.com\/wp-content\/uploads\/orange-Rugby-Shaped-USB-Flash-Drive-12x12.png 12w, https:\/\/www.usborkeychain.com\/wp-content\/uploads\/orange-Rugby-Shaped-USB-Flash-Drive-600x600.png 600w, https:\/\/www.usborkeychain.com\/wp-content\/uploads\/orange-Rugby-Shaped-USB-Flash-Drive-100x100.png 100w\" sizes=\"(max-width: 800px) 100vw, 800px\" \/><\/figure>\n<\/div>\n\n\n\n<div class=\"wp-block-column is-layout-flow wp-block-column-is-layout-flow\">\n<figure class=\"wp-block-image size-full\"><img alt=\"\" loading=\"lazy\" decoding=\"async\" width=\"800\" height=\"800\" src=\"https:\/\/www.usborkeychain.com\/wp-content\/uploads\/custom-Rugby-Shaped-USB-Flash-pendrive.png\" class=\"wp-image-3779\" srcset=\"https:\/\/www.usborkeychain.com\/wp-content\/uploads\/custom-Rugby-Shaped-USB-Flash-pendrive.png 800w, https:\/\/www.usborkeychain.com\/wp-content\/uploads\/custom-Rugby-Shaped-USB-Flash-pendrive-300x300.png 300w, https:\/\/www.usborkeychain.com\/wp-content\/uploads\/custom-Rugby-Shaped-USB-Flash-pendrive-150x150.png 150w, https:\/\/www.usborkeychain.com\/wp-content\/uploads\/custom-Rugby-Shaped-USB-Flash-pendrive-768x768.png 768w, https:\/\/www.usborkeychain.com\/wp-content\/uploads\/custom-Rugby-Shaped-USB-Flash-pendrive-12x12.png 12w, https:\/\/www.usborkeychain.com\/wp-content\/uploads\/custom-Rugby-Shaped-USB-Flash-pendrive-600x600.png 600w, https:\/\/www.usborkeychain.com\/wp-content\/uploads\/custom-Rugby-Shaped-USB-Flash-pendrive-100x100.png 100w\" sizes=\"(max-width: 800px) 100vw, 800px\" \/><\/figure>\n<\/div>\n<\/div>\n\n\n\n<p>Com seu design esportivo de alta fidelidade (modelagem), personaliza\u00e7\u00e3o flex\u00edvel de modelo duplo e adaptabilidade a v\u00e1rios setores, a unidade flash USB Rugby tornou-se um produto de refer\u00eancia no mercado de personaliza\u00e7\u00e3o de USB, integrando exibi\u00e7\u00e3o criativa e valor pr\u00e1tico para fornecer solu\u00e7\u00f5es diferenciadas para o desenvolvimento de IP esportivo e personaliza\u00e7\u00e3o de brindes corporativos.<\/p>","protected":false},"excerpt":{"rendered":"<ul>\n<li>Design em formato de r\u00fagbi<\/li>\n<li>Material de PVC<\/li>\n<li>Presente esportivo<\/li>\n<li>Logotipo personalizado<\/li>\n<li>MOQ:100pcs<\/li>\n<\/ul>","protected":false},"featured_media":3781,"comment_status":"open","ping_status":"closed","template":"","meta":{"_seopress_robots_primary_cat":"","_seopress_titles_title":"","_seopress_titles_desc":"","_seopress_robots_index":"","site-sidebar-layout":"default","site-content-layout":"","ast-site-content-layout":"","site-content-style":"default","site-sidebar-style":"default","ast-global-header-display":"","ast-banner-title-visibility":"","ast-main-header-display":"","ast-hfb-above-header-display":"","ast-hfb-below-header-display":"","ast-hfb-mobile-header-display":"","site-post-title":"","ast-breadcrumbs-content":"","ast-featured-img":"","footer-sml-layout":"","theme-transparent-header-meta":"","adv-header-id-meta":"","stick-header-meta":"","header-above-stick-meta":"","header-main-stick-meta":"","header-below-stick-meta":"","astra-migrate-meta-layouts":"default","ast-page-background-enabled":"default","ast-page-background-meta":{"desktop":{"background-color":"var(--ast-global-color-5)","background-image":"","background-repeat":"repeat","background-position":"center center","background-size":"auto","background-attachment":"scroll","background-type":"","background-media":"","overlay-type":"","overlay-color":"","overlay-opacity":"","overlay-gradient":""},"tablet":{"background-color":"","background-image":"","background-repeat":"repeat","background-position":"center center","background-size":"auto","background-attachment":"scroll","background-type":"","background-media":"","overlay-type":"","overlay-color":"","overlay-opacity":"","overlay-gradient":""},"mobile":{"background-color":"","background-image":"","background-repeat":"repeat","background-position":"center center","background-size":"auto","background-attachment":"scroll","background-type":"","background-media":"","overlay-type":"","overlay-color":"","overlay-opacity":"","overlay-gradient":""}},"ast-content-background-meta":{"desktop":{"background-color":"var(--ast-global-color-4)","background-image":"","background-repeat":"repeat","background-position":"center center","background-size":"auto","background-attachment":"scroll","background-type":"","background-media":"","overlay-type":"","overlay-color":"","overlay-opacity":"","overlay-gradient":""},"tablet":{"background-color":"var(--ast-global-color-4)","background-image":"","background-repeat":"repeat","background-position":"center center","background-size":"auto","background-attachment":"scroll","background-type":"","background-media":"","overlay-type":"","overlay-color":"","overlay-opacity":"","overlay-gradient":""},"mobile":{"background-color":"var(--ast-global-color-4)","background-image":"","background-repeat":"repeat","background-position":"center center","background-size":"auto","background-attachment":"scroll","background-type":"","background-media":"","overlay-type":"","overlay-color":"","overlay-opacity":"","overlay-gradient":""}}},"product_brand":[],"product_cat":[94],"product_tag":[213],"class_list":{"0":"post-3776","1":"product","2":"type-product","3":"status-publish","4":"has-post-thumbnail","6":"product_cat-pvc-usb-pendrive","7":"product_tag-ball-shape-usb-drive","8":"desktop-align-left","9":"tablet-align-left","10":"mobile-align-left","12":"first","13":"instock","14":"shipping-taxable","15":"product-type-simple"},"_links":{"self":[{"href":"https:\/\/www.usborkeychain.com\/pt\/wp-json\/wp\/v2\/product\/3776","targetHints":{"allow":["GET"]}}],"collection":[{"href":"https:\/\/www.usborkeychain.com\/pt\/wp-json\/wp\/v2\/product"}],"about":[{"href":"https:\/\/www.usborkeychain.com\/pt\/wp-json\/wp\/v2\/types\/product"}],"replies":[{"embeddable":true,"href":"https:\/\/www.usborkeychain.com\/pt\/wp-json\/wp\/v2\/comments?post=3776"}],"wp:featuredmedia":[{"embeddable":true,"href":"https:\/\/www.usborkeychain.com\/pt\/wp-json\/wp\/v2\/media\/3781"}],"wp:attachment":[{"href":"https:\/\/www.usborkeychain.com\/pt\/wp-json\/wp\/v2\/media?parent=3776"}],"wp:term":[{"taxonomy":"product_brand","embeddable":true,"href":"https:\/\/www.usborkeychain.com\/pt\/wp-json\/wp\/v2\/product_brand?post=3776"},{"taxonomy":"product_cat","embeddable":true,"href":"https:\/\/www.usborkeychain.com\/pt\/wp-json\/wp\/v2\/product_cat?post=3776"},{"taxonomy":"product_tag","embeddable":true,"href":"https:\/\/www.usborkeychain.com\/pt\/wp-json\/wp\/v2\/product_tag?post=3776"}],"curies":[{"name":"wp","href":"https:\/\/api.w.org\/{rel}","templated":true}]}}