{"id":3793,"date":"2025-07-05T08:49:58","date_gmt":"2025-07-05T08:49:58","guid":{"rendered":"https:\/\/www.usborkeychain.com\/?post_type=product&#038;p=3793"},"modified":"2025-07-05T08:50:01","modified_gmt":"2025-07-05T08:50:01","slug":"golf-ball-usb-drive-for-real-estate-corporate-gifts","status":"publish","type":"product","link":"https:\/\/www.usborkeychain.com\/pt\/produto\/golf-ball-usb-drive-for-real-estate-corporate-gifts\/","title":{"rendered":"Unidade USB com bola de golfe para brindes corporativos do setor imobili\u00e1rio"},"content":{"rendered":"<p><\/p>\n\n\n\n<div class=\"wp-block-columns is-layout-flex wp-container-core-columns-is-layout-28f84493 wp-block-columns-is-layout-flex\">\n<div class=\"wp-block-column is-layout-flow wp-block-column-is-layout-flow\">\n<figure class=\"wp-block-image size-full\"><img fetchpriority=\"high\" decoding=\"async\" width=\"800\" height=\"485\" src=\"https:\/\/www.usborkeychain.com\/wp-content\/uploads\/Corporate-Golf-USB-Flash-Drive-Printing.jpg\" alt=\"Corporate Golf USB Flash Drive Printing\" class=\"wp-image-3797\" srcset=\"https:\/\/www.usborkeychain.com\/wp-content\/uploads\/Corporate-Golf-USB-Flash-Drive-Printing.jpg 800w, https:\/\/www.usborkeychain.com\/wp-content\/uploads\/Corporate-Golf-USB-Flash-Drive-Printing-300x182.jpg 300w, https:\/\/www.usborkeychain.com\/wp-content\/uploads\/Corporate-Golf-USB-Flash-Drive-Printing-768x466.jpg 768w, https:\/\/www.usborkeychain.com\/wp-content\/uploads\/Corporate-Golf-USB-Flash-Drive-Printing-18x12.jpg 18w, https:\/\/www.usborkeychain.com\/wp-content\/uploads\/Corporate-Golf-USB-Flash-Drive-Printing-600x364.jpg 600w\" sizes=\"(max-width: 800px) 100vw, 800px\" \/><\/figure>\n<\/div>\n\n\n\n<div class=\"wp-block-column is-vertically-aligned-center is-layout-flow wp-block-column-is-layout-flow\">\n<p>A unidade USB com bola de golfe personalizada para empresas imobili\u00e1rias apresenta um design requintado em forma de bola de golfe. A esfera branca \u00e9 adornada com texturas delicadas, reproduzindo realisticamente a apar\u00eancia de uma bola de golfe. <\/p>\n\n\n\n<p>Funcionalmente, ele n\u00e3o \u00e9 diferente de uma unidade USB comum, equipada com uma interface USB padr\u00e3o para armazenamento e leitura r\u00e1pidos de dados. Ele pode acomodar e reproduzir facilmente materiais de projetos imobili\u00e1rios de grande volume ou v\u00eddeos promocionais requintados.<\/p>\n<\/div>\n<\/div>\n\n\n\n<p>A Country Garden, uma empresa renomada no setor imobili\u00e1rio, tem v\u00e1rios projetos imobili\u00e1rios em todo o pa\u00eds e at\u00e9 mesmo no mundo. Ela \u00e9 conhecida por suas resid\u00eancias de alta qualidade e instala\u00e7\u00f5es de apoio comunit\u00e1rio abrangentes, dedicadas a criar ambientes de vida confort\u00e1veis e habit\u00e1veis para os clientes. Com inova\u00e7\u00e3o cont\u00ednua, a Country Garden alcan\u00e7ou resultados not\u00e1veis em projetos arquitet\u00f4nicos, servi\u00e7os imobili\u00e1rios e outros aspectos, conquistando a confian\u00e7a dos consumidores.<\/p>\n\n\n\n<div class=\"wp-block-columns is-layout-flex wp-container-core-columns-is-layout-9c22b1e3 wp-block-columns-is-layout-flex\">\n<div class=\"wp-block-column is-layout-flow wp-block-column-is-layout-flow\">\n<figure class=\"wp-block-image size-full\"><img alt=\"\" decoding=\"async\" width=\"800\" height=\"800\" src=\"https:\/\/www.usborkeychain.com\/wp-content\/uploads\/Personalized-Golf-USB-Memory-Stick.png\" class=\"wp-image-3801\" srcset=\"https:\/\/www.usborkeychain.com\/wp-content\/uploads\/Personalized-Golf-USB-Memory-Stick.png 800w, https:\/\/www.usborkeychain.com\/wp-content\/uploads\/Personalized-Golf-USB-Memory-Stick-300x300.png 300w, https:\/\/www.usborkeychain.com\/wp-content\/uploads\/Personalized-Golf-USB-Memory-Stick-150x150.png 150w, https:\/\/www.usborkeychain.com\/wp-content\/uploads\/Personalized-Golf-USB-Memory-Stick-768x768.png 768w, https:\/\/www.usborkeychain.com\/wp-content\/uploads\/Personalized-Golf-USB-Memory-Stick-12x12.png 12w, https:\/\/www.usborkeychain.com\/wp-content\/uploads\/Personalized-Golf-USB-Memory-Stick-600x600.png 600w, https:\/\/www.usborkeychain.com\/wp-content\/uploads\/Personalized-Golf-USB-Memory-Stick-100x100.png 100w\" sizes=\"(max-width: 800px) 100vw, 800px\" \/><\/figure>\n<\/div>\n\n\n\n<div class=\"wp-block-column is-layout-flow wp-block-column-is-layout-flow\">\n<figure class=\"wp-block-image size-full\"><img alt=\"\" decoding=\"async\" width=\"800\" height=\"800\" src=\"https:\/\/www.usborkeychain.com\/wp-content\/uploads\/Custom-Golf-Ball-USB-Drive.png\" class=\"wp-image-3798\" srcset=\"https:\/\/www.usborkeychain.com\/wp-content\/uploads\/Custom-Golf-Ball-USB-Drive.png 800w, https:\/\/www.usborkeychain.com\/wp-content\/uploads\/Custom-Golf-Ball-USB-Drive-300x300.png 300w, https:\/\/www.usborkeychain.com\/wp-content\/uploads\/Custom-Golf-Ball-USB-Drive-150x150.png 150w, https:\/\/www.usborkeychain.com\/wp-content\/uploads\/Custom-Golf-Ball-USB-Drive-768x768.png 768w, https:\/\/www.usborkeychain.com\/wp-content\/uploads\/Custom-Golf-Ball-USB-Drive-12x12.png 12w, https:\/\/www.usborkeychain.com\/wp-content\/uploads\/Custom-Golf-Ball-USB-Drive-600x600.png 600w, https:\/\/www.usborkeychain.com\/wp-content\/uploads\/Custom-Golf-Ball-USB-Drive-100x100.png 100w\" sizes=\"(max-width: 800px) 100vw, 800px\" \/><\/figure>\n<\/div>\n\n\n\n<div class=\"wp-block-column is-layout-flow wp-block-column-is-layout-flow\">\n<figure class=\"wp-block-image size-full\"><img alt=\"\" loading=\"lazy\" decoding=\"async\" width=\"800\" height=\"800\" src=\"https:\/\/www.usborkeychain.com\/wp-content\/uploads\/Branded-Golf-Ball-USB-Gift.png\" class=\"wp-image-3796\" srcset=\"https:\/\/www.usborkeychain.com\/wp-content\/uploads\/Branded-Golf-Ball-USB-Gift.png 800w, https:\/\/www.usborkeychain.com\/wp-content\/uploads\/Branded-Golf-Ball-USB-Gift-300x300.png 300w, https:\/\/www.usborkeychain.com\/wp-content\/uploads\/Branded-Golf-Ball-USB-Gift-150x150.png 150w, https:\/\/www.usborkeychain.com\/wp-content\/uploads\/Branded-Golf-Ball-USB-Gift-768x768.png 768w, https:\/\/www.usborkeychain.com\/wp-content\/uploads\/Branded-Golf-Ball-USB-Gift-12x12.png 12w, https:\/\/www.usborkeychain.com\/wp-content\/uploads\/Branded-Golf-Ball-USB-Gift-600x600.png 600w, https:\/\/www.usborkeychain.com\/wp-content\/uploads\/Branded-Golf-Ball-USB-Gift-100x100.png 100w\" sizes=\"(max-width: 800px) 100vw, 800px\" \/><\/figure>\n<\/div>\n<\/div>\n\n\n\n<h2 class=\"wp-block-heading\">1. Presente comemorativo personalizado do cliente para o Country Garden<\/h2>\n\n\n\n<div class=\"wp-block-columns is-layout-flex wp-container-core-columns-is-layout-28f84493 wp-block-columns-is-layout-flex\">\n<div class=\"wp-block-column is-layout-flow wp-block-column-is-layout-flow\">\n<figure class=\"wp-block-image size-full\"><img alt=\"\" loading=\"lazy\" decoding=\"async\" width=\"800\" height=\"599\" src=\"https:\/\/www.usborkeychain.com\/wp-content\/uploads\/High-fidelity-Golf-USB-Customization.jpg\" class=\"wp-image-3800\" srcset=\"https:\/\/www.usborkeychain.com\/wp-content\/uploads\/High-fidelity-Golf-USB-Customization.jpg 800w, https:\/\/www.usborkeychain.com\/wp-content\/uploads\/High-fidelity-Golf-USB-Customization-300x225.jpg 300w, https:\/\/www.usborkeychain.com\/wp-content\/uploads\/High-fidelity-Golf-USB-Customization-768x575.jpg 768w, https:\/\/www.usborkeychain.com\/wp-content\/uploads\/High-fidelity-Golf-USB-Customization-16x12.jpg 16w, https:\/\/www.usborkeychain.com\/wp-content\/uploads\/High-fidelity-Golf-USB-Customization-600x449.jpg 600w\" sizes=\"(max-width: 800px) 100vw, 800px\" \/><\/figure>\n<\/div>\n\n\n\n<div class=\"wp-block-column is-vertically-aligned-center is-layout-flow wp-block-column-is-layout-flow\">\n<p>Esse pen drive branco em forma de bola de golfe \u00e9 especialmente personalizado como um presente comemorativo do cliente para o Country Garden. <\/p>\n\n\n\n<p>A bola de golfe simboliza eleg\u00e2ncia e qualidade, alinhando-se com a busca do Country Garden por um conceito de estilo de vida sofisticado. O logotipo exclusivo da Country Garden pode ser personalizado na esfera da unidade USB, aumentando seu significado comemorativo. <\/p>\n\n\n\n<p>Esse design exclusivo n\u00e3o \u00e9 apenas pr\u00e1tico, mas tamb\u00e9m permite que os clientes sintam constantemente o charme da marca Country Garden durante o uso.<\/p>\n<\/div>\n<\/div>\n\n\n\n<h2 class=\"wp-block-heading\">2. Unidade USB com bola de golfe sem base como brinde corporativo<\/h2>\n\n\n\n<p><\/p>\n\n\n\n<div class=\"wp-block-columns is-layout-flex wp-container-core-columns-is-layout-28f84493 wp-block-columns-is-layout-flex\">\n<div class=\"wp-block-column is-layout-flow wp-block-column-is-layout-flow\">\n<figure class=\"wp-block-image size-full\"><img alt=\"\" loading=\"lazy\" decoding=\"async\" width=\"503\" height=\"296\" src=\"https:\/\/www.usborkeychain.com\/wp-content\/uploads\/Custom-Golf-Ball-USB-pendrive.jpg\" class=\"wp-image-3799\" srcset=\"https:\/\/www.usborkeychain.com\/wp-content\/uploads\/Custom-Golf-Ball-USB-pendrive.jpg 503w, https:\/\/www.usborkeychain.com\/wp-content\/uploads\/Custom-Golf-Ball-USB-pendrive-300x177.jpg 300w, https:\/\/www.usborkeychain.com\/wp-content\/uploads\/Custom-Golf-Ball-USB-pendrive-18x12.jpg 18w\" sizes=\"(max-width: 503px) 100vw, 503px\" \/><\/figure>\n<\/div>\n\n\n\n<div class=\"wp-block-column is-vertically-aligned-center is-layout-flow wp-block-column-is-layout-flow\">\n<p>Adotando um design sem base, essa unidade USB com bola de golfe \u00e9 simples, leve e f\u00e1cil de transportar. Como um brinde corporativo da Country Garden, ele transmite com efic\u00e1cia a gratid\u00e3o da empresa aos clientes. Para os clientes, \u00e9 um presente pr\u00e1tico e memor\u00e1vel. <\/p>\n\n\n\n<p>A apresenta\u00e7\u00e3o dessas unidades USB em eventos de vendas de im\u00f3veis ou em reuni\u00f5es de agradecimento de clientes pode melhorar a imagem da marca Country Garden e, ao mesmo tempo, permitir que os clientes usem esse presente atencioso no armazenamento di\u00e1rio de dados.<\/p>\n<\/div>\n<\/div>\n\n\n\n<p>Esse pen drive de bola de golfe personalizado para a Country Garden, meticulosamente projetado e produzido por fabricantes profissionais de pen drives por meio de servi\u00e7os de personaliza\u00e7\u00e3o de USB, incorpora perfeitamente as caracter\u00edsticas da marca Country Garden. \u00c9 um presente comemorativo altamente criativo e pr\u00e1tico para o cliente do setor imobili\u00e1rio.<\/p>","protected":false},"excerpt":{"rendered":"<ul>\n<li>Unidade USB com bola de golfe<\/li>\n<li>Como presente<\/li>\n<li>MOQ:100PCS<\/li>\n<li>LOGOTIPO personalizado<\/li>\n<li>Cor branca<\/li>\n<\/ul>","protected":false},"featured_media":3796,"comment_status":"open","ping_status":"closed","template":"","meta":{"_seopress_robots_primary_cat":"","_seopress_titles_title":"","_seopress_titles_desc":"","_seopress_robots_index":"","site-sidebar-layout":"default","site-content-layout":"","ast-site-content-layout":"","site-content-style":"default","site-sidebar-style":"default","ast-global-header-display":"","ast-banner-title-visibility":"","ast-main-header-display":"","ast-hfb-above-header-display":"","ast-hfb-below-header-display":"","ast-hfb-mobile-header-display":"","site-post-title":"","ast-breadcrumbs-content":"","ast-featured-img":"","footer-sml-layout":"","theme-transparent-header-meta":"","adv-header-id-meta":"","stick-header-meta":"","header-above-stick-meta":"","header-main-stick-meta":"","header-below-stick-meta":"","astra-migrate-meta-layouts":"default","ast-page-background-enabled":"default","ast-page-background-meta":{"desktop":{"background-color":"var(--ast-global-color-5)","background-image":"","background-repeat":"repeat","background-position":"center center","background-size":"auto","background-attachment":"scroll","background-type":"","background-media":"","overlay-type":"","overlay-color":"","overlay-opacity":"","overlay-gradient":""},"tablet":{"background-color":"","background-image":"","background-repeat":"repeat","background-position":"center center","background-size":"auto","background-attachment":"scroll","background-type":"","background-media":"","overlay-type":"","overlay-color":"","overlay-opacity":"","overlay-gradient":""},"mobile":{"background-color":"","background-image":"","background-repeat":"repeat","background-position":"center center","background-size":"auto","background-attachment":"scroll","background-type":"","background-media":"","overlay-type":"","overlay-color":"","overlay-opacity":"","overlay-gradient":""}},"ast-content-background-meta":{"desktop":{"background-color":"var(--ast-global-color-4)","background-image":"","background-repeat":"repeat","background-position":"center center","background-size":"auto","background-attachment":"scroll","background-type":"","background-media":"","overlay-type":"","overlay-color":"","overlay-opacity":"","overlay-gradient":""},"tablet":{"background-color":"var(--ast-global-color-4)","background-image":"","background-repeat":"repeat","background-position":"center center","background-size":"auto","background-attachment":"scroll","background-type":"","background-media":"","overlay-type":"","overlay-color":"","overlay-opacity":"","overlay-gradient":""},"mobile":{"background-color":"var(--ast-global-color-4)","background-image":"","background-repeat":"repeat","background-position":"center center","background-size":"auto","background-attachment":"scroll","background-type":"","background-media":"","overlay-type":"","overlay-color":"","overlay-opacity":"","overlay-gradient":""}}},"product_brand":[],"product_cat":[95],"product_tag":[213],"class_list":{"0":"post-3793","1":"product","2":"type-product","3":"status-publish","4":"has-post-thumbnail","6":"product_cat-promotional-usb-drive","7":"product_tag-ball-shape-usb-drive","8":"desktop-align-left","9":"tablet-align-left","10":"mobile-align-left","12":"first","13":"instock","14":"shipping-taxable","15":"product-type-simple"},"_links":{"self":[{"href":"https:\/\/www.usborkeychain.com\/pt\/wp-json\/wp\/v2\/product\/3793","targetHints":{"allow":["GET"]}}],"collection":[{"href":"https:\/\/www.usborkeychain.com\/pt\/wp-json\/wp\/v2\/product"}],"about":[{"href":"https:\/\/www.usborkeychain.com\/pt\/wp-json\/wp\/v2\/types\/product"}],"replies":[{"embeddable":true,"href":"https:\/\/www.usborkeychain.com\/pt\/wp-json\/wp\/v2\/comments?post=3793"}],"wp:featuredmedia":[{"embeddable":true,"href":"https:\/\/www.usborkeychain.com\/pt\/wp-json\/wp\/v2\/media\/3796"}],"wp:attachment":[{"href":"https:\/\/www.usborkeychain.com\/pt\/wp-json\/wp\/v2\/media?parent=3793"}],"wp:term":[{"taxonomy":"product_brand","embeddable":true,"href":"https:\/\/www.usborkeychain.com\/pt\/wp-json\/wp\/v2\/product_brand?post=3793"},{"taxonomy":"product_cat","embeddable":true,"href":"https:\/\/www.usborkeychain.com\/pt\/wp-json\/wp\/v2\/product_cat?post=3793"},{"taxonomy":"product_tag","embeddable":true,"href":"https:\/\/www.usborkeychain.com\/pt\/wp-json\/wp\/v2\/product_tag?post=3793"}],"curies":[{"name":"wp","href":"https:\/\/api.w.org\/{rel}","templated":true}]}}