{"id":3803,"date":"2025-07-05T14:24:08","date_gmt":"2025-07-05T14:24:08","guid":{"rendered":"https:\/\/www.usborkeychain.com\/?post_type=product&#038;p=3803"},"modified":"2025-07-05T14:24:13","modified_gmt":"2025-07-05T14:24:13","slug":"clown-shaped-usb-flash-drive","status":"publish","type":"product","link":"https:\/\/www.usborkeychain.com\/pt\/produto\/clown-shaped-usb-flash-drive\/","title":{"rendered":"Unidade flash USB em forma de palha\u00e7o"},"content":{"rendered":"<p><\/p>\n\n\n\n<div class=\"wp-block-columns is-layout-flex wp-container-core-columns-is-layout-28f84493 wp-block-columns-is-layout-flex\">\n<div class=\"wp-block-column is-layout-flow wp-block-column-is-layout-flow\">\n<figure class=\"wp-block-image size-full\"><img fetchpriority=\"high\" decoding=\"async\" width=\"800\" height=\"800\" src=\"https:\/\/www.usborkeychain.com\/wp-content\/uploads\/Comic-Clown-USB-Memory-Stick.png\" alt=\"Comic Clown USB Memory Stick\" class=\"wp-image-3808\" srcset=\"https:\/\/www.usborkeychain.com\/wp-content\/uploads\/Comic-Clown-USB-Memory-Stick.png 800w, https:\/\/www.usborkeychain.com\/wp-content\/uploads\/Comic-Clown-USB-Memory-Stick-300x300.png 300w, https:\/\/www.usborkeychain.com\/wp-content\/uploads\/Comic-Clown-USB-Memory-Stick-150x150.png 150w, https:\/\/www.usborkeychain.com\/wp-content\/uploads\/Comic-Clown-USB-Memory-Stick-768x768.png 768w, https:\/\/www.usborkeychain.com\/wp-content\/uploads\/Comic-Clown-USB-Memory-Stick-12x12.png 12w, https:\/\/www.usborkeychain.com\/wp-content\/uploads\/Comic-Clown-USB-Memory-Stick-600x600.png 600w, https:\/\/www.usborkeychain.com\/wp-content\/uploads\/Comic-Clown-USB-Memory-Stick-100x100.png 100w\" sizes=\"(max-width: 800px) 100vw, 800px\" \/><\/figure>\n<\/div>\n\n\n\n<div class=\"wp-block-column is-vertically-aligned-center is-layout-flow wp-block-column-is-layout-flow\">\n<p>O pen drive em forma de palha\u00e7o se destaca no setor de brindes com seu design exclusivo.<\/p>\n\n\n\n<p>Ele combina de forma engenhosa a imagem ic\u00f4nica do palha\u00e7o - com cachos vermelhos vibrantes, um sorriso radiante e uma caixa preta que acentua o contraste colorido - com a funcionalidade est\u00e1vel de armazenamento de dados.<\/p>\n\n\n\n<p> Esse design l\u00fadico e art\u00edstico o torna um presente pr\u00e1tico e memor\u00e1vel para v\u00e1rias ocasi\u00f5es.<\/p>\n<\/div>\n<\/div>\n\n\n\n<h2 class=\"wp-block-heading\">Processo de personaliza\u00e7\u00e3o do molde de PVC da unidade USB do palha\u00e7o<\/h2>\n\n\n\n<p>O processo de personaliza\u00e7\u00e3o do pen drive de palha\u00e7o por meio de moldagem em PVC \u00e9 meticuloso:<\/p>\n\n\n\n<ol class=\"wp-block-list\">\n<li><strong>Planejamento de design<\/strong>: Designers profissionais criam rascunhos criativos com base em imagens cl\u00e1ssicas de palha\u00e7os, refinando esquemas de cores e express\u00f5es faciais.<\/li>\n\n\n\n<li><strong>Fabrica\u00e7\u00e3o de moldes<\/strong>: Os moldes de alta precis\u00e3o s\u00e3o fabricados para atender perfeitamente \u00e0s especifica\u00e7\u00f5es do projeto.<\/li>\n\n\n\n<li><strong>Moldagem por inje\u00e7\u00e3o<\/strong>: Materiais ecol\u00f3gicos de primeira qualidade s\u00e3o usados para moldar a figura do palha\u00e7o, garantindo detalhes realistas.<\/li>\n\n\n\n<li><strong>Inspe\u00e7\u00e3o de qualidade<\/strong>: Cada unidade USB passa por verifica\u00e7\u00f5es rigorosas quanto \u00e0 apar\u00eancia e ao desempenho de leitura e grava\u00e7\u00e3o de dados para garantir altos padr\u00f5es.<\/li>\n<\/ol>\n\n\n\n<div class=\"wp-block-columns is-layout-flex wp-container-core-columns-is-layout-28f84493 wp-block-columns-is-layout-flex\">\n<div class=\"wp-block-column is-layout-flow wp-block-column-is-layout-flow\">\n<figure class=\"wp-block-image size-full\"><img alt=\"\" decoding=\"async\" width=\"800\" height=\"800\" src=\"https:\/\/www.usborkeychain.com\/wp-content\/uploads\/Clown-shaped-USB-Drive.png\" class=\"wp-image-3807\" srcset=\"https:\/\/www.usborkeychain.com\/wp-content\/uploads\/Clown-shaped-USB-Drive.png 800w, https:\/\/www.usborkeychain.com\/wp-content\/uploads\/Clown-shaped-USB-Drive-300x300.png 300w, https:\/\/www.usborkeychain.com\/wp-content\/uploads\/Clown-shaped-USB-Drive-150x150.png 150w, https:\/\/www.usborkeychain.com\/wp-content\/uploads\/Clown-shaped-USB-Drive-768x768.png 768w, https:\/\/www.usborkeychain.com\/wp-content\/uploads\/Clown-shaped-USB-Drive-12x12.png 12w, https:\/\/www.usborkeychain.com\/wp-content\/uploads\/Clown-shaped-USB-Drive-600x600.png 600w, https:\/\/www.usborkeychain.com\/wp-content\/uploads\/Clown-shaped-USB-Drive-100x100.png 100w\" sizes=\"(max-width: 800px) 100vw, 800px\" \/><\/figure>\n<\/div>\n\n\n\n<div class=\"wp-block-column is-layout-flow wp-block-column-is-layout-flow\">\n<figure class=\"wp-block-image size-full\"><img alt=\"\" decoding=\"async\" width=\"800\" height=\"800\" src=\"https:\/\/www.usborkeychain.com\/wp-content\/uploads\/Jester-themed-USB-Flash-Drive.png\" class=\"wp-image-3809\" srcset=\"https:\/\/www.usborkeychain.com\/wp-content\/uploads\/Jester-themed-USB-Flash-Drive.png 800w, https:\/\/www.usborkeychain.com\/wp-content\/uploads\/Jester-themed-USB-Flash-Drive-300x300.png 300w, https:\/\/www.usborkeychain.com\/wp-content\/uploads\/Jester-themed-USB-Flash-Drive-150x150.png 150w, https:\/\/www.usborkeychain.com\/wp-content\/uploads\/Jester-themed-USB-Flash-Drive-768x768.png 768w, https:\/\/www.usborkeychain.com\/wp-content\/uploads\/Jester-themed-USB-Flash-Drive-12x12.png 12w, https:\/\/www.usborkeychain.com\/wp-content\/uploads\/Jester-themed-USB-Flash-Drive-600x600.png 600w, https:\/\/www.usborkeychain.com\/wp-content\/uploads\/Jester-themed-USB-Flash-Drive-100x100.png 100w\" sizes=\"(max-width: 800px) 100vw, 800px\" \/><\/figure>\n<\/div>\n<\/div>\n\n\n\n<h2 class=\"wp-block-heading\">Cen\u00e1rios ideais para a unidade USB Clown como presente<\/h2>\n\n\n\n<ul class=\"wp-block-list\">\n<li><strong>Festas de anivers\u00e1rio para crian\u00e7as<\/strong>: Um presente de retorno divertido que agrada \u00e0s crian\u00e7as.<\/li>\n\n\n\n<li><strong>Eventos escolares<\/strong>: Um pr\u00eamio para alunos que se destacam em atividades no jardim de inf\u00e2ncia ou na escola prim\u00e1ria.<\/li>\n\n\n\n<li><strong>Shows de circo\/palha\u00e7o<\/strong>: Um souvenir tem\u00e1tico para o p\u00fablico comemorar a apresenta\u00e7\u00e3o.<\/li>\n\n\n\n<li><strong>Empresas de produtos infantis<\/strong>: Um brinde de promo\u00e7\u00e3o da marca para mostrar uma imagem amig\u00e1vel para crian\u00e7as.<\/li>\n<\/ul>\n\n\n\n<p>Em resumo, o pen drive em forma de palha\u00e7o - com seu design exclusivo, processo de personaliza\u00e7\u00e3o preciso e aplica\u00e7\u00f5es vers\u00e1teis - oferece uma combina\u00e7\u00e3o ideal de criatividade e praticidade para presentear.<\/p>","protected":false},"excerpt":{"rendered":"<ul>\n<li>Em forma de palha\u00e7o vermelho<\/li>\n<li>Molde de PVC<\/li>\n<li>Presente de shows de circo\/palha\u00e7o<\/li>\n<li>Pacote personalizado<\/li>\n<li>MOQ:100PCS<\/li>\n<\/ul>","protected":false},"featured_media":3808,"comment_status":"open","ping_status":"closed","template":"","meta":{"_seopress_robots_primary_cat":"","_seopress_titles_title":"","_seopress_titles_desc":"","_seopress_robots_index":"","site-sidebar-layout":"default","site-content-layout":"","ast-site-content-layout":"","site-content-style":"default","site-sidebar-style":"default","ast-global-header-display":"","ast-banner-title-visibility":"","ast-main-header-display":"","ast-hfb-above-header-display":"","ast-hfb-below-header-display":"","ast-hfb-mobile-header-display":"","site-post-title":"","ast-breadcrumbs-content":"","ast-featured-img":"","footer-sml-layout":"","theme-transparent-header-meta":"","adv-header-id-meta":"","stick-header-meta":"","header-above-stick-meta":"","header-main-stick-meta":"","header-below-stick-meta":"","astra-migrate-meta-layouts":"default","ast-page-background-enabled":"default","ast-page-background-meta":{"desktop":{"background-color":"var(--ast-global-color-5)","background-image":"","background-repeat":"repeat","background-position":"center center","background-size":"auto","background-attachment":"scroll","background-type":"","background-media":"","overlay-type":"","overlay-color":"","overlay-opacity":"","overlay-gradient":""},"tablet":{"background-color":"","background-image":"","background-repeat":"repeat","background-position":"center center","background-size":"auto","background-attachment":"scroll","background-type":"","background-media":"","overlay-type":"","overlay-color":"","overlay-opacity":"","overlay-gradient":""},"mobile":{"background-color":"","background-image":"","background-repeat":"repeat","background-position":"center center","background-size":"auto","background-attachment":"scroll","background-type":"","background-media":"","overlay-type":"","overlay-color":"","overlay-opacity":"","overlay-gradient":""}},"ast-content-background-meta":{"desktop":{"background-color":"var(--ast-global-color-4)","background-image":"","background-repeat":"repeat","background-position":"center center","background-size":"auto","background-attachment":"scroll","background-type":"","background-media":"","overlay-type":"","overlay-color":"","overlay-opacity":"","overlay-gradient":""},"tablet":{"background-color":"var(--ast-global-color-4)","background-image":"","background-repeat":"repeat","background-position":"center center","background-size":"auto","background-attachment":"scroll","background-type":"","background-media":"","overlay-type":"","overlay-color":"","overlay-opacity":"","overlay-gradient":""},"mobile":{"background-color":"var(--ast-global-color-4)","background-image":"","background-repeat":"repeat","background-position":"center center","background-size":"auto","background-attachment":"scroll","background-type":"","background-media":"","overlay-type":"","overlay-color":"","overlay-opacity":"","overlay-gradient":""}}},"product_brand":[],"product_cat":[95],"product_tag":[214],"class_list":{"0":"post-3803","1":"product","2":"type-product","3":"status-publish","4":"has-post-thumbnail","6":"product_cat-promotional-usb-drive","7":"product_tag-cute-usb-flash-drive","8":"desktop-align-left","9":"tablet-align-left","10":"mobile-align-left","12":"first","13":"instock","14":"shipping-taxable","15":"product-type-simple"},"_links":{"self":[{"href":"https:\/\/www.usborkeychain.com\/pt\/wp-json\/wp\/v2\/product\/3803","targetHints":{"allow":["GET"]}}],"collection":[{"href":"https:\/\/www.usborkeychain.com\/pt\/wp-json\/wp\/v2\/product"}],"about":[{"href":"https:\/\/www.usborkeychain.com\/pt\/wp-json\/wp\/v2\/types\/product"}],"replies":[{"embeddable":true,"href":"https:\/\/www.usborkeychain.com\/pt\/wp-json\/wp\/v2\/comments?post=3803"}],"wp:featuredmedia":[{"embeddable":true,"href":"https:\/\/www.usborkeychain.com\/pt\/wp-json\/wp\/v2\/media\/3808"}],"wp:attachment":[{"href":"https:\/\/www.usborkeychain.com\/pt\/wp-json\/wp\/v2\/media?parent=3803"}],"wp:term":[{"taxonomy":"product_brand","embeddable":true,"href":"https:\/\/www.usborkeychain.com\/pt\/wp-json\/wp\/v2\/product_brand?post=3803"},{"taxonomy":"product_cat","embeddable":true,"href":"https:\/\/www.usborkeychain.com\/pt\/wp-json\/wp\/v2\/product_cat?post=3803"},{"taxonomy":"product_tag","embeddable":true,"href":"https:\/\/www.usborkeychain.com\/pt\/wp-json\/wp\/v2\/product_tag?post=3803"}],"curies":[{"name":"wp","href":"https:\/\/api.w.org\/{rel}","templated":true}]}}