{"id":3810,"date":"2025-07-05T23:43:52","date_gmt":"2025-07-05T23:43:52","guid":{"rendered":"https:\/\/www.usborkeychain.com\/?post_type=product&#038;p=3810"},"modified":"2025-07-05T23:49:22","modified_gmt":"2025-07-05T23:49:22","slug":"custom-pink-wristband-usb-drive-with-soft-rubber-strap","status":"publish","type":"product","link":"https:\/\/www.usborkeychain.com\/pt\/produto\/custom-pink-wristband-usb-drive-with-soft-rubber-strap\/","title":{"rendered":"Unidade USB com pulseira rosa personalizada e al\u00e7a de borracha macia"},"content":{"rendered":"<p><\/p>\n\n\n\n<div class=\"wp-block-columns is-layout-flex wp-container-core-columns-is-layout-28f84493 wp-block-columns-is-layout-flex\">\n<div class=\"wp-block-column is-layout-flow wp-block-column-is-layout-flow\">\n<figure class=\"wp-block-image size-full\"><img fetchpriority=\"high\" decoding=\"async\" width=\"800\" height=\"800\" src=\"https:\/\/www.usborkeychain.com\/wp-content\/uploads\/Pink-Silicone-USB-Bracelet-Drive.png\" alt=\"Pink Silicone USB Bracelet Drive\" class=\"wp-image-3814\" srcset=\"https:\/\/www.usborkeychain.com\/wp-content\/uploads\/Pink-Silicone-USB-Bracelet-Drive.png 800w, https:\/\/www.usborkeychain.com\/wp-content\/uploads\/Pink-Silicone-USB-Bracelet-Drive-300x300.png 300w, https:\/\/www.usborkeychain.com\/wp-content\/uploads\/Pink-Silicone-USB-Bracelet-Drive-150x150.png 150w, https:\/\/www.usborkeychain.com\/wp-content\/uploads\/Pink-Silicone-USB-Bracelet-Drive-768x768.png 768w, https:\/\/www.usborkeychain.com\/wp-content\/uploads\/Pink-Silicone-USB-Bracelet-Drive-12x12.png 12w, https:\/\/www.usborkeychain.com\/wp-content\/uploads\/Pink-Silicone-USB-Bracelet-Drive-600x600.png 600w, https:\/\/www.usborkeychain.com\/wp-content\/uploads\/Pink-Silicone-USB-Bracelet-Drive-100x100.png 100w\" sizes=\"(max-width: 800px) 100vw, 800px\" \/><\/figure>\n<\/div>\n\n\n\n<div class=\"wp-block-column is-vertically-aligned-center is-layout-flow wp-block-column-is-layout-flow\">\n<p>Esse pendrive com pulseira rosa \u00e9 um brinde promocional elegante e pr\u00e1tico, fabricado sob medida pela YOUSAN USB Factory. <\/p>\n\n\n\n<p>Feita de borracha macia, a pulseira \u00e9 flex\u00edvel, confort\u00e1vel de usar e pode ser usada como chaveiro ou acess\u00f3rio de tecnologia vest\u00edvel. Com sua cor rosa chamativa e design funcional, \u00e9 ideal para promo\u00e7\u00f5es de marcas, brindes ou presentes corporativos.<\/p>\n<\/div>\n<\/div>\n\n\n\n<p><strong>Principais recursos<\/strong><\/p>\n\n\n\n<ol class=\"wp-block-list\">\n<li><strong>Al\u00e7a de borracha macia para conforto e durabilidade<\/strong><br>Fabricada com borracha macia de alta qualidade, a pulseira \u00e9 resistente ao desgaste, flex\u00edvel e confort\u00e1vel para uso durante todo o dia. Ela n\u00e3o se deforma nem quebra facilmente, o que a torna perfeita para uso di\u00e1rio ou em viagens.<\/li>\n\n\n\n<li><strong>Chip \u00e0 prova d'\u00e1gua ultrafino UDP<\/strong><br>Constru\u00edda com um avan\u00e7ado chip UDP, essa unidade USB de pulseira oferece excelente desempenho \u00e0 prova d'\u00e1gua, de choque e de poeira. O design ultrafino garante a portabilidade e a seguran\u00e7a dos dados.<\/li>\n\n\n\n<li><strong>Grande \u00e1rea para personaliza\u00e7\u00e3o do logotipo<\/strong><br>A se\u00e7\u00e3o do fecho de metal permite a grava\u00e7\u00e3o precisa de logotipos a laser, proporcionando um acabamento elegante e profissional. A pulseira de borracha permite a impress\u00e3o em serigrafia e em cores, com uma \u00e1rea de superf\u00edcie generosa para a marca personalizada - ideal para designs de logotipos arrojados ou detalhados.<\/li>\n<\/ol>\n\n\n\n<div class=\"wp-block-columns is-layout-flex wp-container-core-columns-is-layout-28f84493 wp-block-columns-is-layout-flex\">\n<div class=\"wp-block-column is-layout-flow wp-block-column-is-layout-flow\">\n<figure class=\"wp-block-image size-full\"><img decoding=\"async\" width=\"800\" height=\"800\" src=\"https:\/\/www.usborkeychain.com\/wp-content\/uploads\/Wearable-Pink-USB-Memory-Stick.png\" alt=\"Wearable Pink USB Memory Stick\" class=\"wp-image-3816\" srcset=\"https:\/\/www.usborkeychain.com\/wp-content\/uploads\/Wearable-Pink-USB-Memory-Stick.png 800w, https:\/\/www.usborkeychain.com\/wp-content\/uploads\/Wearable-Pink-USB-Memory-Stick-300x300.png 300w, https:\/\/www.usborkeychain.com\/wp-content\/uploads\/Wearable-Pink-USB-Memory-Stick-150x150.png 150w, https:\/\/www.usborkeychain.com\/wp-content\/uploads\/Wearable-Pink-USB-Memory-Stick-768x768.png 768w, https:\/\/www.usborkeychain.com\/wp-content\/uploads\/Wearable-Pink-USB-Memory-Stick-12x12.png 12w, https:\/\/www.usborkeychain.com\/wp-content\/uploads\/Wearable-Pink-USB-Memory-Stick-600x600.png 600w, https:\/\/www.usborkeychain.com\/wp-content\/uploads\/Wearable-Pink-USB-Memory-Stick-100x100.png 100w\" sizes=\"(max-width: 800px) 100vw, 800px\" \/><\/figure>\n<\/div>\n\n\n\n<div class=\"wp-block-column is-layout-flow wp-block-column-is-layout-flow\">\n<figure class=\"wp-block-image size-full\"><img decoding=\"async\" width=\"800\" height=\"800\" src=\"https:\/\/www.usborkeychain.com\/wp-content\/uploads\/Pink-Wristband-USB-Flash-Drive.png\" alt=\"Pink Wristband USB Flash Drive\" class=\"wp-image-3815\" srcset=\"https:\/\/www.usborkeychain.com\/wp-content\/uploads\/Pink-Wristband-USB-Flash-Drive.png 800w, https:\/\/www.usborkeychain.com\/wp-content\/uploads\/Pink-Wristband-USB-Flash-Drive-300x300.png 300w, https:\/\/www.usborkeychain.com\/wp-content\/uploads\/Pink-Wristband-USB-Flash-Drive-150x150.png 150w, https:\/\/www.usborkeychain.com\/wp-content\/uploads\/Pink-Wristband-USB-Flash-Drive-768x768.png 768w, https:\/\/www.usborkeychain.com\/wp-content\/uploads\/Pink-Wristband-USB-Flash-Drive-12x12.png 12w, https:\/\/www.usborkeychain.com\/wp-content\/uploads\/Pink-Wristband-USB-Flash-Drive-600x600.png 600w, https:\/\/www.usborkeychain.com\/wp-content\/uploads\/Pink-Wristband-USB-Flash-Drive-100x100.png 100w\" sizes=\"(max-width: 800px) 100vw, 800px\" \/><\/figure>\n<\/div>\n<\/div>\n\n\n\n<p><strong>Casos de uso e hist\u00f3rico do cliente<\/strong><\/p>\n\n\n\n<div class=\"wp-block-columns is-layout-flex wp-container-core-columns-is-layout-28f84493 wp-block-columns-is-layout-flex\">\n<div class=\"wp-block-column is-layout-flow wp-block-column-is-layout-flow\">\n<figure class=\"wp-block-image size-full\"><img loading=\"lazy\" decoding=\"async\" width=\"800\" height=\"800\" src=\"https:\/\/www.usborkeychain.com\/wp-content\/uploads\/Custom-Pink-USB-Wristband.png\" alt=\"Custom Pink USB Wristband\" class=\"wp-image-3813\" srcset=\"https:\/\/www.usborkeychain.com\/wp-content\/uploads\/Custom-Pink-USB-Wristband.png 800w, https:\/\/www.usborkeychain.com\/wp-content\/uploads\/Custom-Pink-USB-Wristband-300x300.png 300w, https:\/\/www.usborkeychain.com\/wp-content\/uploads\/Custom-Pink-USB-Wristband-150x150.png 150w, https:\/\/www.usborkeychain.com\/wp-content\/uploads\/Custom-Pink-USB-Wristband-768x768.png 768w, https:\/\/www.usborkeychain.com\/wp-content\/uploads\/Custom-Pink-USB-Wristband-12x12.png 12w, https:\/\/www.usborkeychain.com\/wp-content\/uploads\/Custom-Pink-USB-Wristband-600x600.png 600w, https:\/\/www.usborkeychain.com\/wp-content\/uploads\/Custom-Pink-USB-Wristband-100x100.png 100w\" sizes=\"(max-width: 800px) 100vw, 800px\" \/><\/figure>\n<\/div>\n\n\n\n<div class=\"wp-block-column is-vertically-aligned-center is-layout-flow wp-block-column-is-layout-flow\">\n<ol class=\"wp-block-list\">\n<li><strong>Personaliza\u00e7\u00e3o do cliente do setor qu\u00edmico<\/strong><br>Este modelo foi personalizado pela OCI NITROGEN, um cliente do setor qu\u00edmico, como uma unidade USB corporativa de marca. Pr\u00e9-carregado com folhetos da empresa, documentos de seguran\u00e7a e especifica\u00e7\u00f5es t\u00e9cnicas, ele foi projetado para ser uma ferramenta \u00fatil e um forte ativo de marca.<\/li>\n\n\n\n<li><strong>Brinde promocional para feiras e eventos<\/strong><br>Usado em feiras internacionais como brinde promocional, esse pen drive com pulseira atraiu a aten\u00e7\u00e3o com sucesso gra\u00e7as \u00e0 sua apar\u00eancia elegante e alta praticidade. Seu formato vest\u00edvel e a grande \u00e1rea personaliz\u00e1vel o tornaram um item de destaque para aumentar a exposi\u00e7\u00e3o da marca e deixar uma impress\u00e3o duradoura.<\/li>\n<\/ol>\n<\/div>\n<\/div>","protected":false},"excerpt":{"rendered":"<ul>\n<li>Cor rosa<\/li>\n<li>Personalizado pela OCI NITROGEN<\/li>\n<li>Pulseira e USB<\/li>\n<li>Chip \u00e0 prova d'\u00e1gua ultrafino UDP<\/li>\n<li>Pode personalizar o logotipo<\/li>\n<li>\u00a0<\/li>\n<\/ul>","protected":false},"featured_media":3817,"comment_status":"open","ping_status":"closed","template":"","meta":{"_seopress_robots_primary_cat":"none","_seopress_titles_title":"","_seopress_titles_desc":"","_seopress_robots_index":"","site-sidebar-layout":"default","site-content-layout":"","ast-site-content-layout":"","site-content-style":"default","site-sidebar-style":"default","ast-global-header-display":"","ast-banner-title-visibility":"","ast-main-header-display":"","ast-hfb-above-header-display":"","ast-hfb-below-header-display":"","ast-hfb-mobile-header-display":"","site-post-title":"","ast-breadcrumbs-content":"","ast-featured-img":"","footer-sml-layout":"","theme-transparent-header-meta":"","adv-header-id-meta":"","stick-header-meta":"","header-above-stick-meta":"","header-main-stick-meta":"","header-below-stick-meta":"","astra-migrate-meta-layouts":"default","ast-page-background-enabled":"default","ast-page-background-meta":{"desktop":{"background-color":"var(--ast-global-color-5)","background-image":"","background-repeat":"repeat","background-position":"center center","background-size":"auto","background-attachment":"scroll","background-type":"","background-media":"","overlay-type":"","overlay-color":"","overlay-opacity":"","overlay-gradient":""},"tablet":{"background-color":"","background-image":"","background-repeat":"repeat","background-position":"center center","background-size":"auto","background-attachment":"scroll","background-type":"","background-media":"","overlay-type":"","overlay-color":"","overlay-opacity":"","overlay-gradient":""},"mobile":{"background-color":"","background-image":"","background-repeat":"repeat","background-position":"center center","background-size":"auto","background-attachment":"scroll","background-type":"","background-media":"","overlay-type":"","overlay-color":"","overlay-opacity":"","overlay-gradient":""}},"ast-content-background-meta":{"desktop":{"background-color":"var(--ast-global-color-4)","background-image":"","background-repeat":"repeat","background-position":"center center","background-size":"auto","background-attachment":"scroll","background-type":"","background-media":"","overlay-type":"","overlay-color":"","overlay-opacity":"","overlay-gradient":""},"tablet":{"background-color":"var(--ast-global-color-4)","background-image":"","background-repeat":"repeat","background-position":"center center","background-size":"auto","background-attachment":"scroll","background-type":"","background-media":"","overlay-type":"","overlay-color":"","overlay-opacity":"","overlay-gradient":""},"mobile":{"background-color":"var(--ast-global-color-4)","background-image":"","background-repeat":"repeat","background-position":"center center","background-size":"auto","background-attachment":"scroll","background-type":"","background-media":"","overlay-type":"","overlay-color":"","overlay-opacity":"","overlay-gradient":""}}},"product_brand":[],"product_cat":[95,101,97],"product_tag":[215],"class_list":{"0":"post-3810","1":"product","2":"type-product","3":"status-publish","4":"has-post-thumbnail","6":"product_cat-promotional-usb-drive","7":"product_cat-usb-pendrive-with-keychain","8":"product_cat-wristband-usb-drives","9":"product_tag-pink-usb-flash-drive","10":"desktop-align-left","11":"tablet-align-left","12":"mobile-align-left","14":"first","15":"instock","16":"shipping-taxable","17":"product-type-simple"},"_links":{"self":[{"href":"https:\/\/www.usborkeychain.com\/pt\/wp-json\/wp\/v2\/product\/3810","targetHints":{"allow":["GET"]}}],"collection":[{"href":"https:\/\/www.usborkeychain.com\/pt\/wp-json\/wp\/v2\/product"}],"about":[{"href":"https:\/\/www.usborkeychain.com\/pt\/wp-json\/wp\/v2\/types\/product"}],"replies":[{"embeddable":true,"href":"https:\/\/www.usborkeychain.com\/pt\/wp-json\/wp\/v2\/comments?post=3810"}],"wp:featuredmedia":[{"embeddable":true,"href":"https:\/\/www.usborkeychain.com\/pt\/wp-json\/wp\/v2\/media\/3817"}],"wp:attachment":[{"href":"https:\/\/www.usborkeychain.com\/pt\/wp-json\/wp\/v2\/media?parent=3810"}],"wp:term":[{"taxonomy":"product_brand","embeddable":true,"href":"https:\/\/www.usborkeychain.com\/pt\/wp-json\/wp\/v2\/product_brand?post=3810"},{"taxonomy":"product_cat","embeddable":true,"href":"https:\/\/www.usborkeychain.com\/pt\/wp-json\/wp\/v2\/product_cat?post=3810"},{"taxonomy":"product_tag","embeddable":true,"href":"https:\/\/www.usborkeychain.com\/pt\/wp-json\/wp\/v2\/product_tag?post=3810"}],"curies":[{"name":"wp","href":"https:\/\/api.w.org\/{rel}","templated":true}]}}