{"id":3818,"date":"2025-07-06T00:19:38","date_gmt":"2025-07-06T00:19:38","guid":{"rendered":"https:\/\/www.usborkeychain.com\/?post_type=product&#038;p=3818"},"modified":"2025-07-08T01:56:05","modified_gmt":"2025-07-08T01:56:05","slug":"creative-leaf-shaped-usb-drives-custom","status":"publish","type":"product","link":"https:\/\/www.usborkeychain.com\/pt\/produto\/creative-leaf-shaped-usb-drives-custom\/","title":{"rendered":"Drives USB criativos em formato de folha personalizados"},"content":{"rendered":"<p>Essa cole\u00e7\u00e3o de unidades USB em forma de folha \u00e9 uma s\u00e9rie de presentes criativos feitos sob medida pela YOUSAN, um fabricante profissional de unidades flash USB. Fabricados com material de borracha macia de PVC ecologicamente correto e moldados com ferramentas personalizadas de precis\u00e3o, cada unidade USB \u00e9 inspirada em desenhos de folhas naturais, dispon\u00edveis em v\u00e1rias cores e formatos. Essas unidades oferecem uma apar\u00eancia realista com apelo art\u00edstico e funcionalidade pr\u00e1tica, o que as torna ideais para promo\u00e7\u00f5es de marcas, mercadorias culturais e criativas e presentes corporativos.<\/p>\n\n\n\n<h2 class=\"wp-block-heading\"><strong>Unidade USB verde-escura com trevo de quatro folhas<\/strong><\/h2>\n\n\n\n<div class=\"wp-block-columns is-layout-flex wp-container-core-columns-is-layout-28f84493 wp-block-columns-is-layout-flex\">\n<div class=\"wp-block-column is-layout-flow wp-block-column-is-layout-flow\">\n<figure class=\"wp-block-image size-full\"><img fetchpriority=\"high\" decoding=\"async\" width=\"800\" height=\"800\" src=\"https:\/\/www.usborkeychain.com\/wp-content\/uploads\/Custom-Leaf-Shaped-USB-Driv.png\" alt=\"Custom Leaf Shaped USB Driv\" class=\"wp-image-3822\" srcset=\"https:\/\/www.usborkeychain.com\/wp-content\/uploads\/Custom-Leaf-Shaped-USB-Driv.png 800w, https:\/\/www.usborkeychain.com\/wp-content\/uploads\/Custom-Leaf-Shaped-USB-Driv-300x300.png 300w, https:\/\/www.usborkeychain.com\/wp-content\/uploads\/Custom-Leaf-Shaped-USB-Driv-150x150.png 150w, https:\/\/www.usborkeychain.com\/wp-content\/uploads\/Custom-Leaf-Shaped-USB-Driv-768x768.png 768w, https:\/\/www.usborkeychain.com\/wp-content\/uploads\/Custom-Leaf-Shaped-USB-Driv-12x12.png 12w, https:\/\/www.usborkeychain.com\/wp-content\/uploads\/Custom-Leaf-Shaped-USB-Driv-600x600.png 600w, https:\/\/www.usborkeychain.com\/wp-content\/uploads\/Custom-Leaf-Shaped-USB-Driv-100x100.png 100w\" sizes=\"(max-width: 800px) 100vw, 800px\" \/><\/figure>\n<\/div>\n\n\n\n<div class=\"wp-block-column is-vertically-aligned-center is-layout-flow wp-block-column-is-layout-flow\">\n<p>Inspirado no ic\u00f4nico trevo de quatro folhas que simboliza sorte e b\u00ean\u00e7\u00e3os, este pendrive verde-escuro apresenta um design tridimensional completo com um elegante conector USB oculto dentro da folha. <\/p>\n\n\n\n<p>A textura de borracha macia \u00e9 suave e flex\u00edvel, proporcionando uma ader\u00eancia confort\u00e1vel. \u00c9 perfeito como um presente corporativo de fim de ano ou um brinde em confer\u00eancias, levando uma mensagem de boa sorte.<\/p>\n<\/div>\n<\/div>\n\n\n\n<h2 class=\"wp-block-heading\"><strong>Unidade USB Three-Leaf <\/strong><\/h2>\n\n\n\n<div class=\"wp-block-columns is-layout-flex wp-container-core-columns-is-layout-28f84493 wp-block-columns-is-layout-flex\">\n<div class=\"wp-block-column is-layout-flow wp-block-column-is-layout-flow\">\n<figure class=\"wp-block-image size-full\"><img decoding=\"async\" width=\"800\" height=\"800\" src=\"https:\/\/www.usborkeychain.com\/wp-content\/uploads\/Creative-Leaf-USB-Drive-.png\" alt=\"Creative Leaf USB Drive\" class=\"wp-image-3821\" srcset=\"https:\/\/www.usborkeychain.com\/wp-content\/uploads\/Creative-Leaf-USB-Drive-.png 800w, https:\/\/www.usborkeychain.com\/wp-content\/uploads\/Creative-Leaf-USB-Drive--300x300.png 300w, https:\/\/www.usborkeychain.com\/wp-content\/uploads\/Creative-Leaf-USB-Drive--150x150.png 150w, https:\/\/www.usborkeychain.com\/wp-content\/uploads\/Creative-Leaf-USB-Drive--768x768.png 768w, https:\/\/www.usborkeychain.com\/wp-content\/uploads\/Creative-Leaf-USB-Drive--12x12.png 12w, https:\/\/www.usborkeychain.com\/wp-content\/uploads\/Creative-Leaf-USB-Drive--600x600.png 600w, https:\/\/www.usborkeychain.com\/wp-content\/uploads\/Creative-Leaf-USB-Drive--100x100.png 100w\" sizes=\"(max-width: 800px) 100vw, 800px\" \/><\/figure>\n<\/div>\n\n\n\n<div class=\"wp-block-column is-vertically-aligned-center is-layout-flow wp-block-column-is-layout-flow\">\n<p>Projetado com um formato de folha mais realista, esse pen drive de tr\u00eas folhas apresenta texturas claras dos veios das folhas e um tom verde profundo, criando uma forte impress\u00e3o ecol\u00f3gica.<\/p>\n\n\n\n<p>A combina\u00e7\u00e3o de material de borracha macia e moldagem de alta precis\u00e3o aprimora sua textura e durabilidade. \u00c9 amplamente utilizado por empresas agr\u00edcolas, ONGs ambientais e projetos voltados para a sustentabilidade para transmitir o compromisso da marca com a natureza e os valores ecol\u00f3gicos.<\/p>\n<\/div>\n<\/div>\n\n\n\n<p><\/p>\n\n\n\n<h2 class=\"wp-block-heading\"><strong>Unidade USB verde brilhante com trevo de quatro folhas<\/strong><\/h2>\n\n\n\n<div class=\"wp-block-columns is-layout-flex wp-container-core-columns-is-layout-28f84493 wp-block-columns-is-layout-flex\">\n<div class=\"wp-block-column is-layout-flow wp-block-column-is-layout-flow\">\n<figure class=\"wp-block-image size-full\"><img decoding=\"async\" width=\"800\" height=\"800\" src=\"https:\/\/www.usborkeychain.com\/wp-content\/uploads\/Soft-Rubber-Leaf-USB-Stick-\u2013.png\" alt=\"Soft Rubber Leaf USB Stick \u2013\" class=\"wp-image-3825\" srcset=\"https:\/\/www.usborkeychain.com\/wp-content\/uploads\/Soft-Rubber-Leaf-USB-Stick-\u2013.png 800w, https:\/\/www.usborkeychain.com\/wp-content\/uploads\/Soft-Rubber-Leaf-USB-Stick-\u2013-300x300.png 300w, https:\/\/www.usborkeychain.com\/wp-content\/uploads\/Soft-Rubber-Leaf-USB-Stick-\u2013-150x150.png 150w, https:\/\/www.usborkeychain.com\/wp-content\/uploads\/Soft-Rubber-Leaf-USB-Stick-\u2013-768x768.png 768w, https:\/\/www.usborkeychain.com\/wp-content\/uploads\/Soft-Rubber-Leaf-USB-Stick-\u2013-12x12.png 12w, https:\/\/www.usborkeychain.com\/wp-content\/uploads\/Soft-Rubber-Leaf-USB-Stick-\u2013-600x600.png 600w, https:\/\/www.usborkeychain.com\/wp-content\/uploads\/Soft-Rubber-Leaf-USB-Stick-\u2013-100x100.png 100w\" sizes=\"(max-width: 800px) 100vw, 800px\" \/><\/figure>\n<\/div>\n\n\n\n<div class=\"wp-block-column is-vertically-aligned-center is-layout-flow wp-block-column-is-layout-flow\">\n<p><br>Com sua cor verde vibrante e formato arredondado, esse pen drive se destaca visualmente. O design da folha \u00e9 reproduzido com precis\u00e3o usando a personaliza\u00e7\u00e3o do molde de PVC, tornando-o n\u00e3o apenas um dispositivo funcional de armazenamento de dados, mas tamb\u00e9m um item de presente colecion\u00e1vel.<\/p>\n\n\n\n<p> \u00c9 especialmente popular entre promo\u00e7\u00f5es voltadas para jovens, campanhas com temas ecol\u00f3gicos, escolas e marcas criativas que buscam algo divertido e significativo.<\/p>\n<\/div>\n<\/div>\n\n\n\n<p><br>Uma unidade USB em folha n\u00e3o \u00e9 apenas um dispositivo de armazenamento - \u00e9 uma forma de express\u00e3o criativa. Por meio da moldagem profissional em PVC e da personaliza\u00e7\u00e3o em borracha macia, a YOUSAN oferece unidades flash USB que combinam est\u00e9tica, praticidade e valor de marca. Seja para uso promocional, brindes corporativos ou campanhas tem\u00e1ticas, essa \u00e9 uma solu\u00e7\u00e3o exclusiva que ajuda sua mensagem a se destacar.<\/p>","protected":false},"excerpt":{"rendered":"<ul>\n<li>Design em forma de folha<\/li>\n<li>Molde de PVC<\/li>\n<li>MOQ:100PCS<\/li>\n<li>USB2.0 e USB 3.1 podem ser escolhidos<\/li>\n<li>Verde brilhante e verde escuro s\u00e3o os mais populares<\/li>\n<\/ul>","protected":false},"featured_media":3821,"comment_status":"open","ping_status":"closed","template":"","meta":{"_seopress_robots_primary_cat":"","_seopress_titles_title":"","_seopress_titles_desc":"","_seopress_robots_index":"","site-sidebar-layout":"default","site-content-layout":"","ast-site-content-layout":"","site-content-style":"default","site-sidebar-style":"default","ast-global-header-display":"","ast-banner-title-visibility":"","ast-main-header-display":"","ast-hfb-above-header-display":"","ast-hfb-below-header-display":"","ast-hfb-mobile-header-display":"","site-post-title":"","ast-breadcrumbs-content":"","ast-featured-img":"","footer-sml-layout":"","theme-transparent-header-meta":"","adv-header-id-meta":"","stick-header-meta":"","header-above-stick-meta":"","header-main-stick-meta":"","header-below-stick-meta":"","astra-migrate-meta-layouts":"default","ast-page-background-enabled":"default","ast-page-background-meta":{"desktop":{"background-color":"var(--ast-global-color-5)","background-image":"","background-repeat":"repeat","background-position":"center center","background-size":"auto","background-attachment":"scroll","background-type":"","background-media":"","overlay-type":"","overlay-color":"","overlay-opacity":"","overlay-gradient":""},"tablet":{"background-color":"","background-image":"","background-repeat":"repeat","background-position":"center center","background-size":"auto","background-attachment":"scroll","background-type":"","background-media":"","overlay-type":"","overlay-color":"","overlay-opacity":"","overlay-gradient":""},"mobile":{"background-color":"","background-image":"","background-repeat":"repeat","background-position":"center center","background-size":"auto","background-attachment":"scroll","background-type":"","background-media":"","overlay-type":"","overlay-color":"","overlay-opacity":"","overlay-gradient":""}},"ast-content-background-meta":{"desktop":{"background-color":"var(--ast-global-color-4)","background-image":"","background-repeat":"repeat","background-position":"center center","background-size":"auto","background-attachment":"scroll","background-type":"","background-media":"","overlay-type":"","overlay-color":"","overlay-opacity":"","overlay-gradient":""},"tablet":{"background-color":"var(--ast-global-color-4)","background-image":"","background-repeat":"repeat","background-position":"center center","background-size":"auto","background-attachment":"scroll","background-type":"","background-media":"","overlay-type":"","overlay-color":"","overlay-opacity":"","overlay-gradient":""},"mobile":{"background-color":"var(--ast-global-color-4)","background-image":"","background-repeat":"repeat","background-position":"center center","background-size":"auto","background-attachment":"scroll","background-type":"","background-media":"","overlay-type":"","overlay-color":"","overlay-opacity":"","overlay-gradient":""}}},"product_brand":[],"product_cat":[94],"product_tag":[],"class_list":{"0":"post-3818","1":"product","2":"type-product","3":"status-publish","4":"has-post-thumbnail","6":"product_cat-pvc-usb-pendrive","7":"desktop-align-left","8":"tablet-align-left","9":"mobile-align-left","11":"first","12":"instock","13":"shipping-taxable","14":"product-type-simple"},"_links":{"self":[{"href":"https:\/\/www.usborkeychain.com\/pt\/wp-json\/wp\/v2\/product\/3818","targetHints":{"allow":["GET"]}}],"collection":[{"href":"https:\/\/www.usborkeychain.com\/pt\/wp-json\/wp\/v2\/product"}],"about":[{"href":"https:\/\/www.usborkeychain.com\/pt\/wp-json\/wp\/v2\/types\/product"}],"replies":[{"embeddable":true,"href":"https:\/\/www.usborkeychain.com\/pt\/wp-json\/wp\/v2\/comments?post=3818"}],"wp:featuredmedia":[{"embeddable":true,"href":"https:\/\/www.usborkeychain.com\/pt\/wp-json\/wp\/v2\/media\/3821"}],"wp:attachment":[{"href":"https:\/\/www.usborkeychain.com\/pt\/wp-json\/wp\/v2\/media?parent=3818"}],"wp:term":[{"taxonomy":"product_brand","embeddable":true,"href":"https:\/\/www.usborkeychain.com\/pt\/wp-json\/wp\/v2\/product_brand?post=3818"},{"taxonomy":"product_cat","embeddable":true,"href":"https:\/\/www.usborkeychain.com\/pt\/wp-json\/wp\/v2\/product_cat?post=3818"},{"taxonomy":"product_tag","embeddable":true,"href":"https:\/\/www.usborkeychain.com\/pt\/wp-json\/wp\/v2\/product_tag?post=3818"}],"curies":[{"name":"wp","href":"https:\/\/api.w.org\/{rel}","templated":true}]}}