{"id":3826,"date":"2025-07-06T06:34:51","date_gmt":"2025-07-06T06:34:51","guid":{"rendered":"https:\/\/www.usborkeychain.com\/?post_type=product&#038;p=3826"},"modified":"2025-07-08T01:56:14","modified_gmt":"2025-07-08T01:56:14","slug":"soft-pvc-cloud-usb-stick-custom-made","status":"publish","type":"product","link":"https:\/\/www.usborkeychain.com\/pt\/produto\/soft-pvc-cloud-usb-stick-custom-made\/","title":{"rendered":"Pen drive USB de nuvem em PVC macio personalizado"},"content":{"rendered":"<p>Na era atual de personaliza\u00e7\u00e3o e reconhecimento de marca, as unidades USB personalizadas se tornaram uma op\u00e7\u00e3o popular para brindes corporativos. A YOUSAN criou uma s\u00e9rie de <strong>Unidades USB em forma de nuvem<\/strong> Feito de material ecol\u00f3gico <strong>Borracha macia de PVC<\/strong>O design do drive \u00e9 feito com o uso de t\u00e9cnicas profissionais de moldagem para produzir designs suaves e encantadores com um toque suave. Essas unidades combinam praticidade com um toque art\u00edstico. <\/p>\n\n\n\n<h2 class=\"wp-block-heading\"><strong>Unidade USB personalizada com design do Panda<\/strong><\/h2>\n\n\n\n<p>Esse USB em forma de nuvem apresenta um <strong>gr\u00e1fico de panda<\/strong>O design do panda \u00e9 uma imagem de uma nuvem, combinando a suavidade do contorno de uma nuvem com o design de um panda fofo e simp\u00e1tico. O panda em estilo de desenho animado fica no centro da nuvem, criando uma forte identidade visual e uma sensa\u00e7\u00e3o de aconchego - perfeito para transmitir temas de conscientiza\u00e7\u00e3o ambiental e simpatia da marca. Esse design foi bem recebido, especialmente entre o p\u00fablico mais jovem e os setores relacionados a fam\u00edlias e crian\u00e7as. \u00c9 um brinde corporativo divertido e memor\u00e1vel.<\/p>\n\n\n\n<div class=\"wp-block-columns is-layout-flex wp-container-core-columns-is-layout-28f84493 wp-block-columns-is-layout-flex\">\n<div class=\"wp-block-column is-layout-flow wp-block-column-is-layout-flow\">\n<figure class=\"wp-block-image size-full\"><img alt=\"\" fetchpriority=\"high\" decoding=\"async\" width=\"800\" height=\"800\" src=\"https:\/\/www.usborkeychain.com\/wp-content\/uploads\/Custom-Cloud-Shaped-USB-Drive.png\" class=\"wp-image-3831\" srcset=\"https:\/\/www.usborkeychain.com\/wp-content\/uploads\/Custom-Cloud-Shaped-USB-Drive.png 800w, https:\/\/www.usborkeychain.com\/wp-content\/uploads\/Custom-Cloud-Shaped-USB-Drive-300x300.png 300w, https:\/\/www.usborkeychain.com\/wp-content\/uploads\/Custom-Cloud-Shaped-USB-Drive-150x150.png 150w, https:\/\/www.usborkeychain.com\/wp-content\/uploads\/Custom-Cloud-Shaped-USB-Drive-768x768.png 768w, https:\/\/www.usborkeychain.com\/wp-content\/uploads\/Custom-Cloud-Shaped-USB-Drive-12x12.png 12w, https:\/\/www.usborkeychain.com\/wp-content\/uploads\/Custom-Cloud-Shaped-USB-Drive-600x600.png 600w, https:\/\/www.usborkeychain.com\/wp-content\/uploads\/Custom-Cloud-Shaped-USB-Drive-100x100.png 100w\" sizes=\"(max-width: 800px) 100vw, 800px\" \/><\/figure>\n<\/div>\n\n\n\n<div class=\"wp-block-column is-layout-flow wp-block-column-is-layout-flow\">\n<figure class=\"wp-block-image size-full\"><img decoding=\"async\" width=\"800\" height=\"800\" src=\"https:\/\/www.usborkeychain.com\/wp-content\/uploads\/Creative-Cloud-USB-Flash-Drive-Gift.png\" alt=\"Creative Cloud USB Flash Drive Gift\" class=\"wp-image-3830\" srcset=\"https:\/\/www.usborkeychain.com\/wp-content\/uploads\/Creative-Cloud-USB-Flash-Drive-Gift.png 800w, https:\/\/www.usborkeychain.com\/wp-content\/uploads\/Creative-Cloud-USB-Flash-Drive-Gift-300x300.png 300w, https:\/\/www.usborkeychain.com\/wp-content\/uploads\/Creative-Cloud-USB-Flash-Drive-Gift-150x150.png 150w, https:\/\/www.usborkeychain.com\/wp-content\/uploads\/Creative-Cloud-USB-Flash-Drive-Gift-768x768.png 768w, https:\/\/www.usborkeychain.com\/wp-content\/uploads\/Creative-Cloud-USB-Flash-Drive-Gift-12x12.png 12w, https:\/\/www.usborkeychain.com\/wp-content\/uploads\/Creative-Cloud-USB-Flash-Drive-Gift-600x600.png 600w, https:\/\/www.usborkeychain.com\/wp-content\/uploads\/Creative-Cloud-USB-Flash-Drive-Gift-100x100.png 100w\" sizes=\"(max-width: 800px) 100vw, 800px\" \/><\/figure>\n<\/div>\n<\/div>\n\n\n\n<h2 class=\"wp-block-heading\"><strong>Logotipo da empresa Unidade USB personalizada em forma de nuvem<\/strong><\/h2>\n\n\n\n<p><\/p>\n\n\n\n<div class=\"wp-block-columns is-layout-flex wp-container-core-columns-is-layout-28f84493 wp-block-columns-is-layout-flex\">\n<div class=\"wp-block-column is-layout-flow wp-block-column-is-layout-flow\">\n<figure class=\"wp-block-image size-full\"><img decoding=\"async\" width=\"800\" height=\"800\" src=\"https:\/\/www.usborkeychain.com\/wp-content\/uploads\/Soft-PVC-Cloud-USB-Stick-Custom-Made.png\" alt=\"Soft PVC Cloud USB Stick Custom Made\" class=\"wp-image-3835\" srcset=\"https:\/\/www.usborkeychain.com\/wp-content\/uploads\/Soft-PVC-Cloud-USB-Stick-Custom-Made.png 800w, https:\/\/www.usborkeychain.com\/wp-content\/uploads\/Soft-PVC-Cloud-USB-Stick-Custom-Made-300x300.png 300w, https:\/\/www.usborkeychain.com\/wp-content\/uploads\/Soft-PVC-Cloud-USB-Stick-Custom-Made-150x150.png 150w, https:\/\/www.usborkeychain.com\/wp-content\/uploads\/Soft-PVC-Cloud-USB-Stick-Custom-Made-768x768.png 768w, https:\/\/www.usborkeychain.com\/wp-content\/uploads\/Soft-PVC-Cloud-USB-Stick-Custom-Made-12x12.png 12w, https:\/\/www.usborkeychain.com\/wp-content\/uploads\/Soft-PVC-Cloud-USB-Stick-Custom-Made-600x600.png 600w, https:\/\/www.usborkeychain.com\/wp-content\/uploads\/Soft-PVC-Cloud-USB-Stick-Custom-Made-100x100.png 100w\" sizes=\"(max-width: 800px) 100vw, 800px\" \/><\/figure>\n<\/div>\n\n\n\n<div class=\"wp-block-column is-vertically-aligned-center is-layout-flow wp-block-column-is-layout-flow\">\n<p>O segundo estilo foi feito sob medida para uma empresa de tecnologia, mantendo a simplicidade do formato de nuvem e incorporando o <strong>logotipo da empresa<\/strong> em destaque na parte frontal. O logotipo foi recriado em 3D usando material de PVC macio, com detalhes precisos de suas cores e contornos. <\/p>\n\n\n\n<p>Esse tipo de personaliza\u00e7\u00e3o n\u00e3o apenas aprimora o apelo visual, mas tamb\u00e9m transforma o USB em uma ferramenta reconhec\u00edvel e pr\u00e1tica para confer\u00eancias, reuni\u00f5es e eventos de neg\u00f3cios.<\/p>\n<\/div>\n<\/div>\n\n\n\n<h2 class=\"wp-block-heading\"><strong>Unidade USB personalizada com URL e logotipo do site<\/strong><\/h2>\n\n\n\n<p>A terceira vers\u00e3o apresenta o <strong>URL do site da empresa<\/strong> gravado na parte inferior do USB em forma de nuvem. Feito com t\u00e9cnicas de grava\u00e7\u00e3o em relevo, o endere\u00e7o da Web n\u00e3o \u00e9 apenas visualmente integrado, mas tamb\u00e9m funciona como uma ferramenta de marketing sutil, por\u00e9m eficaz. Essa abordagem pr\u00e1tica e promocional o torna uma escolha inteligente para lan\u00e7amentos de produtos ou eventos de promo\u00e7\u00e3o da marca, incentivando o tr\u00e1fego para o site da empresa e aumentando o engajamento.<\/p>\n\n\n\n<div class=\"wp-block-columns is-layout-flex wp-container-core-columns-is-layout-28f84493 wp-block-columns-is-layout-flex\">\n<div class=\"wp-block-column is-layout-flow wp-block-column-is-layout-flow\">\n<figure class=\"wp-block-image size-full\"><img loading=\"lazy\" decoding=\"async\" width=\"800\" height=\"800\" src=\"https:\/\/www.usborkeychain.com\/wp-content\/uploads\/Logo-Printed-Cloud-USB-Flash-Drive.png\" alt=\"Logo Printed Cloud USB Flash Drive\" class=\"wp-image-3833\" srcset=\"https:\/\/www.usborkeychain.com\/wp-content\/uploads\/Logo-Printed-Cloud-USB-Flash-Drive.png 800w, https:\/\/www.usborkeychain.com\/wp-content\/uploads\/Logo-Printed-Cloud-USB-Flash-Drive-300x300.png 300w, https:\/\/www.usborkeychain.com\/wp-content\/uploads\/Logo-Printed-Cloud-USB-Flash-Drive-150x150.png 150w, https:\/\/www.usborkeychain.com\/wp-content\/uploads\/Logo-Printed-Cloud-USB-Flash-Drive-768x768.png 768w, https:\/\/www.usborkeychain.com\/wp-content\/uploads\/Logo-Printed-Cloud-USB-Flash-Drive-12x12.png 12w, https:\/\/www.usborkeychain.com\/wp-content\/uploads\/Logo-Printed-Cloud-USB-Flash-Drive-600x600.png 600w, https:\/\/www.usborkeychain.com\/wp-content\/uploads\/Logo-Printed-Cloud-USB-Flash-Drive-100x100.png 100w\" sizes=\"(max-width: 800px) 100vw, 800px\" \/><\/figure>\n<\/div>\n\n\n\n<div class=\"wp-block-column is-layout-flow wp-block-column-is-layout-flow\">\n<figure class=\"wp-block-image size-full\"><img loading=\"lazy\" decoding=\"async\" width=\"800\" height=\"800\" src=\"https:\/\/www.usborkeychain.com\/wp-content\/uploads\/Bulk-Custom-Cloud-USB-Drives.png\" alt=\"Bulk Custom Cloud USB Drives\" class=\"wp-image-3829\" srcset=\"https:\/\/www.usborkeychain.com\/wp-content\/uploads\/Bulk-Custom-Cloud-USB-Drives.png 800w, https:\/\/www.usborkeychain.com\/wp-content\/uploads\/Bulk-Custom-Cloud-USB-Drives-300x300.png 300w, https:\/\/www.usborkeychain.com\/wp-content\/uploads\/Bulk-Custom-Cloud-USB-Drives-150x150.png 150w, https:\/\/www.usborkeychain.com\/wp-content\/uploads\/Bulk-Custom-Cloud-USB-Drives-768x768.png 768w, https:\/\/www.usborkeychain.com\/wp-content\/uploads\/Bulk-Custom-Cloud-USB-Drives-12x12.png 12w, https:\/\/www.usborkeychain.com\/wp-content\/uploads\/Bulk-Custom-Cloud-USB-Drives-600x600.png 600w, https:\/\/www.usborkeychain.com\/wp-content\/uploads\/Bulk-Custom-Cloud-USB-Drives-100x100.png 100w\" sizes=\"(max-width: 800px) 100vw, 800px\" \/><\/figure>\n<\/div>\n<\/div>\n\n\n\n<p>Essas tr\u00eas unidades USB em forma de nuvem - cada uma feita de <strong>borracha macia de PVC ecologicamente correta<\/strong>-se destacam por seu design exclusivo, sensa\u00e7\u00e3o de conforto e forte impacto de marca. Como brindes corporativos, eles ajudam a aumentar a visibilidade da marca e aprofundar a conex\u00e3o com o cliente. A YOUSAN continua a fornecer solu\u00e7\u00f5es USB personalizadas, criativas e de alta qualidade, adaptadas \u00e0s necessidades de marca de cada cliente.<\/p>","protected":false},"excerpt":{"rendered":"<ul>\n<li>USB em forma de nuvem<\/li>\n<li>USB2.0<\/li>\n<li>Estilos de usb de molde de PVC<\/li>\n<li>Muitas cores podem ser escolhidas<\/li>\n<li>MOQ:100pcs<\/li>\n<\/ul>","protected":false},"featured_media":3835,"comment_status":"open","ping_status":"closed","template":"","meta":{"_seopress_robots_primary_cat":"","_seopress_titles_title":"","_seopress_titles_desc":"","_seopress_robots_index":"","site-sidebar-layout":"default","site-content-layout":"","ast-site-content-layout":"","site-content-style":"default","site-sidebar-style":"default","ast-global-header-display":"","ast-banner-title-visibility":"","ast-main-header-display":"","ast-hfb-above-header-display":"","ast-hfb-below-header-display":"","ast-hfb-mobile-header-display":"","site-post-title":"","ast-breadcrumbs-content":"","ast-featured-img":"","footer-sml-layout":"","theme-transparent-header-meta":"","adv-header-id-meta":"","stick-header-meta":"","header-above-stick-meta":"","header-main-stick-meta":"","header-below-stick-meta":"","astra-migrate-meta-layouts":"default","ast-page-background-enabled":"default","ast-page-background-meta":{"desktop":{"background-color":"var(--ast-global-color-5)","background-image":"","background-repeat":"repeat","background-position":"center center","background-size":"auto","background-attachment":"scroll","background-type":"","background-media":"","overlay-type":"","overlay-color":"","overlay-opacity":"","overlay-gradient":""},"tablet":{"background-color":"","background-image":"","background-repeat":"repeat","background-position":"center center","background-size":"auto","background-attachment":"scroll","background-type":"","background-media":"","overlay-type":"","overlay-color":"","overlay-opacity":"","overlay-gradient":""},"mobile":{"background-color":"","background-image":"","background-repeat":"repeat","background-position":"center center","background-size":"auto","background-attachment":"scroll","background-type":"","background-media":"","overlay-type":"","overlay-color":"","overlay-opacity":"","overlay-gradient":""}},"ast-content-background-meta":{"desktop":{"background-color":"var(--ast-global-color-4)","background-image":"","background-repeat":"repeat","background-position":"center center","background-size":"auto","background-attachment":"scroll","background-type":"","background-media":"","overlay-type":"","overlay-color":"","overlay-opacity":"","overlay-gradient":""},"tablet":{"background-color":"var(--ast-global-color-4)","background-image":"","background-repeat":"repeat","background-position":"center center","background-size":"auto","background-attachment":"scroll","background-type":"","background-media":"","overlay-type":"","overlay-color":"","overlay-opacity":"","overlay-gradient":""},"mobile":{"background-color":"var(--ast-global-color-4)","background-image":"","background-repeat":"repeat","background-position":"center center","background-size":"auto","background-attachment":"scroll","background-type":"","background-media":"","overlay-type":"","overlay-color":"","overlay-opacity":"","overlay-gradient":""}}},"product_brand":[],"product_cat":[94],"product_tag":[],"class_list":{"0":"post-3826","1":"product","2":"type-product","3":"status-publish","4":"has-post-thumbnail","6":"product_cat-pvc-usb-pendrive","7":"desktop-align-left","8":"tablet-align-left","9":"mobile-align-left","11":"first","12":"instock","13":"shipping-taxable","14":"product-type-simple"},"_links":{"self":[{"href":"https:\/\/www.usborkeychain.com\/pt\/wp-json\/wp\/v2\/product\/3826","targetHints":{"allow":["GET"]}}],"collection":[{"href":"https:\/\/www.usborkeychain.com\/pt\/wp-json\/wp\/v2\/product"}],"about":[{"href":"https:\/\/www.usborkeychain.com\/pt\/wp-json\/wp\/v2\/types\/product"}],"replies":[{"embeddable":true,"href":"https:\/\/www.usborkeychain.com\/pt\/wp-json\/wp\/v2\/comments?post=3826"}],"wp:featuredmedia":[{"embeddable":true,"href":"https:\/\/www.usborkeychain.com\/pt\/wp-json\/wp\/v2\/media\/3835"}],"wp:attachment":[{"href":"https:\/\/www.usborkeychain.com\/pt\/wp-json\/wp\/v2\/media?parent=3826"}],"wp:term":[{"taxonomy":"product_brand","embeddable":true,"href":"https:\/\/www.usborkeychain.com\/pt\/wp-json\/wp\/v2\/product_brand?post=3826"},{"taxonomy":"product_cat","embeddable":true,"href":"https:\/\/www.usborkeychain.com\/pt\/wp-json\/wp\/v2\/product_cat?post=3826"},{"taxonomy":"product_tag","embeddable":true,"href":"https:\/\/www.usborkeychain.com\/pt\/wp-json\/wp\/v2\/product_tag?post=3826"}],"curies":[{"name":"wp","href":"https:\/\/api.w.org\/{rel}","templated":true}]}}