{"id":3892,"date":"2025-07-07T03:13:07","date_gmt":"2025-07-07T03:13:07","guid":{"rendered":"https:\/\/www.usborkeychain.com\/?post_type=product&#038;p=3892"},"modified":"2025-07-12T10:22:06","modified_gmt":"2025-07-12T10:22:06","slug":"notebook-with-semi-round-metal-usb-flash-drive","status":"publish","type":"product","link":"https:\/\/www.usborkeychain.com\/pt\/produto\/notebook-with-semi-round-metal-usb-flash-drive\/","title":{"rendered":"Notebook com unidade flash USB de metal semirredonda"},"content":{"rendered":"<p>Eleve o n\u00edvel de seus brindes e artigos de papelaria corporativos com o nosso pendrive USB de metal semirredondo, projetado especificamente para integra\u00e7\u00e3o em notebooks personalizados. Feito de liga de zinco dur\u00e1vel, esse pen drive elegante e compacto apresenta um design de fivela de torre semirredonda, o que o torna elegante e altamente funcional.<\/p>\n\n\n\n<div class=\"wp-block-columns is-layout-flex wp-container-core-columns-is-layout-28f84493 wp-block-columns-is-layout-flex\">\n<div class=\"wp-block-column is-layout-flow wp-block-column-is-layout-flow\">\n<figure class=\"wp-block-image size-full\"><img alt=\"\" fetchpriority=\"high\" decoding=\"async\" width=\"800\" height=\"800\" src=\"https:\/\/www.usborkeychain.com\/wp-content\/uploads\/New-Design-Notebook-Button-Metal-USB-Flash-Drive.jpg\" class=\"wp-image-3897\" srcset=\"https:\/\/www.usborkeychain.com\/wp-content\/uploads\/New-Design-Notebook-Button-Metal-USB-Flash-Drive.jpg 800w, https:\/\/www.usborkeychain.com\/wp-content\/uploads\/New-Design-Notebook-Button-Metal-USB-Flash-Drive-300x300.jpg 300w, https:\/\/www.usborkeychain.com\/wp-content\/uploads\/New-Design-Notebook-Button-Metal-USB-Flash-Drive-150x150.jpg 150w, https:\/\/www.usborkeychain.com\/wp-content\/uploads\/New-Design-Notebook-Button-Metal-USB-Flash-Drive-768x768.jpg 768w, https:\/\/www.usborkeychain.com\/wp-content\/uploads\/New-Design-Notebook-Button-Metal-USB-Flash-Drive-12x12.jpg 12w, https:\/\/www.usborkeychain.com\/wp-content\/uploads\/New-Design-Notebook-Button-Metal-USB-Flash-Drive-600x600.jpg 600w, https:\/\/www.usborkeychain.com\/wp-content\/uploads\/New-Design-Notebook-Button-Metal-USB-Flash-Drive-100x100.jpg 100w\" sizes=\"(max-width: 800px) 100vw, 800px\" \/><\/figure>\n<\/div>\n\n\n\n<div class=\"wp-block-column is-layout-flow wp-block-column-is-layout-flow\">\n<figure class=\"wp-block-image size-full\"><img alt=\"\" decoding=\"async\" width=\"800\" height=\"800\" src=\"https:\/\/www.usborkeychain.com\/wp-content\/uploads\/Best-notebook-with-usb-flash-drive.jpg\" class=\"wp-image-3895\" srcset=\"https:\/\/www.usborkeychain.com\/wp-content\/uploads\/Best-notebook-with-usb-flash-drive.jpg 800w, https:\/\/www.usborkeychain.com\/wp-content\/uploads\/Best-notebook-with-usb-flash-drive-300x300.jpg 300w, https:\/\/www.usborkeychain.com\/wp-content\/uploads\/Best-notebook-with-usb-flash-drive-150x150.jpg 150w, https:\/\/www.usborkeychain.com\/wp-content\/uploads\/Best-notebook-with-usb-flash-drive-768x768.jpg 768w, https:\/\/www.usborkeychain.com\/wp-content\/uploads\/Best-notebook-with-usb-flash-drive-12x12.jpg 12w, https:\/\/www.usborkeychain.com\/wp-content\/uploads\/Best-notebook-with-usb-flash-drive-600x600.jpg 600w, https:\/\/www.usborkeychain.com\/wp-content\/uploads\/Best-notebook-with-usb-flash-drive-100x100.jpg 100w\" sizes=\"(max-width: 800px) 100vw, 800px\" \/><\/figure>\n<\/div>\n<\/div>\n\n\n\n<p>Com seu perfil fino de 33\u00d713\u00d74,5 mm, ele se encaixa perfeitamente em notebooks de couro PU ou de capa dura como uma solu\u00e7\u00e3o integrada de armazenamento de dados. Ideal para reuni\u00f5es de neg\u00f3cios, eventos promocionais e brindes para executivos, essa unidade USB combina perfeitamente praticidade e eleg\u00e2ncia.<\/p>\n\n\n\n<div class=\"wp-block-columns is-layout-flex wp-container-core-columns-is-layout-28f84493 wp-block-columns-is-layout-flex\">\n<div class=\"wp-block-column is-layout-flow wp-block-column-is-layout-flow\">\n<figure class=\"wp-block-image size-full\"><img alt=\"\" decoding=\"async\" width=\"800\" height=\"800\" src=\"https:\/\/www.usborkeychain.com\/wp-content\/uploads\/notebook-with-flash-drive.jpg\" class=\"wp-image-3898\" srcset=\"https:\/\/www.usborkeychain.com\/wp-content\/uploads\/notebook-with-flash-drive.jpg 800w, https:\/\/www.usborkeychain.com\/wp-content\/uploads\/notebook-with-flash-drive-300x300.jpg 300w, https:\/\/www.usborkeychain.com\/wp-content\/uploads\/notebook-with-flash-drive-150x150.jpg 150w, https:\/\/www.usborkeychain.com\/wp-content\/uploads\/notebook-with-flash-drive-768x768.jpg 768w, https:\/\/www.usborkeychain.com\/wp-content\/uploads\/notebook-with-flash-drive-12x12.jpg 12w, https:\/\/www.usborkeychain.com\/wp-content\/uploads\/notebook-with-flash-drive-600x600.jpg 600w, https:\/\/www.usborkeychain.com\/wp-content\/uploads\/notebook-with-flash-drive-100x100.jpg 100w\" sizes=\"(max-width: 800px) 100vw, 800px\" \/><\/figure>\n<\/div>\n\n\n\n<div class=\"wp-block-column is-layout-flow wp-block-column-is-layout-flow\">\n<figure class=\"wp-block-image size-full\"><img alt=\"\" loading=\"lazy\" decoding=\"async\" width=\"800\" height=\"800\" src=\"https:\/\/www.usborkeychain.com\/wp-content\/uploads\/Best-notebook-with-usb-flash-drive-128gb.jpg\" class=\"wp-image-3896\" srcset=\"https:\/\/www.usborkeychain.com\/wp-content\/uploads\/Best-notebook-with-usb-flash-drive-128gb.jpg 800w, https:\/\/www.usborkeychain.com\/wp-content\/uploads\/Best-notebook-with-usb-flash-drive-128gb-300x300.jpg 300w, https:\/\/www.usborkeychain.com\/wp-content\/uploads\/Best-notebook-with-usb-flash-drive-128gb-150x150.jpg 150w, https:\/\/www.usborkeychain.com\/wp-content\/uploads\/Best-notebook-with-usb-flash-drive-128gb-768x768.jpg 768w, https:\/\/www.usborkeychain.com\/wp-content\/uploads\/Best-notebook-with-usb-flash-drive-128gb-12x12.jpg 12w, https:\/\/www.usborkeychain.com\/wp-content\/uploads\/Best-notebook-with-usb-flash-drive-128gb-600x600.jpg 600w, https:\/\/www.usborkeychain.com\/wp-content\/uploads\/Best-notebook-with-usb-flash-drive-128gb-100x100.jpg 100w\" sizes=\"(max-width: 800px) 100vw, 800px\" \/><\/figure>\n<\/div>\n<\/div>\n\n\n\n<p><strong>Principais recursos:<\/strong><\/p>\n\n\n\n<ul class=\"wp-block-list\">\n<li><strong>Material:<\/strong> Liga de zinco premium<\/li>\n\n\n\n<li><strong>Tamanho:<\/strong> 33 \u00d7 13 \u00d7 4,5 mm<\/li>\n\n\n\n<li><strong>Design:<\/strong> Fivela de torre semirredonda para fixa\u00e7\u00e3o segura<\/li>\n\n\n\n<li><strong>Aplicativo:<\/strong> Unidade USB integrada para notebooks personalizados<\/li>\n\n\n\n<li><strong>Casos de uso:<\/strong> Cadernos de neg\u00f3cios, brindes para confer\u00eancias, brindes promocionais<\/li>\n\n\n\n<li><strong>Personaliza\u00e7\u00e3o:<\/strong> Grava\u00e7\u00e3o de logotipo e personaliza\u00e7\u00e3o completa do conjunto notebook-USB dispon\u00edveis<\/li>\n<\/ul>\n\n\n\n<p>Se voc\u00ea \u00e9 um fabricante de notebooks ou uma marca corporativa que procura uma solu\u00e7\u00e3o refinada de brinde USB, este pen drive de metal embutido \u00e9 a op\u00e7\u00e3o perfeita.<\/p>","protected":false},"excerpt":{"rendered":"<ul>\n<li>Liga de zinco premium<\/li>\n<li>Notebook com USB Flash<\/li>\n<li>MOQ:100PCS<\/li>\n<li>Logotipo da Csutom<\/li>\n<li>Pode ser encomendado com notebook<\/li>\n<\/ul>","protected":false},"featured_media":3896,"comment_status":"open","ping_status":"closed","template":"","meta":{"_seopress_robots_primary_cat":"","_seopress_titles_title":"","_seopress_titles_desc":"","_seopress_robots_index":"","site-sidebar-layout":"default","site-content-layout":"","ast-site-content-layout":"","site-content-style":"default","site-sidebar-style":"default","ast-global-header-display":"","ast-banner-title-visibility":"","ast-main-header-display":"","ast-hfb-above-header-display":"","ast-hfb-below-header-display":"","ast-hfb-mobile-header-display":"","site-post-title":"","ast-breadcrumbs-content":"","ast-featured-img":"","footer-sml-layout":"","theme-transparent-header-meta":"","adv-header-id-meta":"","stick-header-meta":"","header-above-stick-meta":"","header-main-stick-meta":"","header-below-stick-meta":"","astra-migrate-meta-layouts":"default","ast-page-background-enabled":"default","ast-page-background-meta":{"desktop":{"background-color":"var(--ast-global-color-5)","background-image":"","background-repeat":"repeat","background-position":"center center","background-size":"auto","background-attachment":"scroll","background-type":"","background-media":"","overlay-type":"","overlay-color":"","overlay-opacity":"","overlay-gradient":""},"tablet":{"background-color":"","background-image":"","background-repeat":"repeat","background-position":"center center","background-size":"auto","background-attachment":"scroll","background-type":"","background-media":"","overlay-type":"","overlay-color":"","overlay-opacity":"","overlay-gradient":""},"mobile":{"background-color":"","background-image":"","background-repeat":"repeat","background-position":"center center","background-size":"auto","background-attachment":"scroll","background-type":"","background-media":"","overlay-type":"","overlay-color":"","overlay-opacity":"","overlay-gradient":""}},"ast-content-background-meta":{"desktop":{"background-color":"var(--ast-global-color-4)","background-image":"","background-repeat":"repeat","background-position":"center center","background-size":"auto","background-attachment":"scroll","background-type":"","background-media":"","overlay-type":"","overlay-color":"","overlay-opacity":"","overlay-gradient":""},"tablet":{"background-color":"var(--ast-global-color-4)","background-image":"","background-repeat":"repeat","background-position":"center center","background-size":"auto","background-attachment":"scroll","background-type":"","background-media":"","overlay-type":"","overlay-color":"","overlay-opacity":"","overlay-gradient":""},"mobile":{"background-color":"var(--ast-global-color-4)","background-image":"","background-repeat":"repeat","background-position":"center center","background-size":"auto","background-attachment":"scroll","background-type":"","background-media":"","overlay-type":"","overlay-color":"","overlay-opacity":"","overlay-gradient":""}}},"product_brand":[],"product_cat":[99],"product_tag":[],"class_list":{"0":"post-3892","1":"product","2":"type-product","3":"status-publish","4":"has-post-thumbnail","6":"product_cat-usb-pendrive-with-notebook","7":"desktop-align-left","8":"tablet-align-left","9":"mobile-align-left","11":"first","12":"instock","13":"shipping-taxable","14":"product-type-simple"},"_links":{"self":[{"href":"https:\/\/www.usborkeychain.com\/pt\/wp-json\/wp\/v2\/product\/3892","targetHints":{"allow":["GET"]}}],"collection":[{"href":"https:\/\/www.usborkeychain.com\/pt\/wp-json\/wp\/v2\/product"}],"about":[{"href":"https:\/\/www.usborkeychain.com\/pt\/wp-json\/wp\/v2\/types\/product"}],"replies":[{"embeddable":true,"href":"https:\/\/www.usborkeychain.com\/pt\/wp-json\/wp\/v2\/comments?post=3892"}],"wp:featuredmedia":[{"embeddable":true,"href":"https:\/\/www.usborkeychain.com\/pt\/wp-json\/wp\/v2\/media\/3896"}],"wp:attachment":[{"href":"https:\/\/www.usborkeychain.com\/pt\/wp-json\/wp\/v2\/media?parent=3892"}],"wp:term":[{"taxonomy":"product_brand","embeddable":true,"href":"https:\/\/www.usborkeychain.com\/pt\/wp-json\/wp\/v2\/product_brand?post=3892"},{"taxonomy":"product_cat","embeddable":true,"href":"https:\/\/www.usborkeychain.com\/pt\/wp-json\/wp\/v2\/product_cat?post=3892"},{"taxonomy":"product_tag","embeddable":true,"href":"https:\/\/www.usborkeychain.com\/pt\/wp-json\/wp\/v2\/product_tag?post=3892"}],"curies":[{"name":"wp","href":"https:\/\/api.w.org\/{rel}","templated":true}]}}