{"id":3902,"date":"2025-07-07T13:08:15","date_gmt":"2025-07-07T13:08:15","guid":{"rendered":"https:\/\/www.usborkeychain.com\/?post_type=product&#038;p=3902"},"modified":"2025-07-18T02:24:47","modified_gmt":"2025-07-18T02:24:47","slug":"sandisk-ultra-flair-cz73-usb-3-0-flash-drive","status":"publish","type":"product","link":"https:\/\/www.usborkeychain.com\/pt\/produto\/sandisk-ultra-flair-cz73-usb-3-0-flash-drive\/","title":{"rendered":"Unidade Flash SanDisk Ultra Flair CZ73 USB 3.0"},"content":{"rendered":"<p><\/p>\n\n\n\n<p><\/p>\n\n\n\n<div class=\"wp-block-columns is-layout-flex wp-container-core-columns-is-layout-28f84493 wp-block-columns-is-layout-flex\">\n<div class=\"wp-block-column is-layout-flow wp-block-column-is-layout-flow\">\n<figure class=\"wp-block-image size-full\"><img fetchpriority=\"high\" decoding=\"async\" width=\"800\" height=\"800\" src=\"https:\/\/www.usborkeychain.com\/wp-content\/uploads\/SanDisk-32GB-Ultra-Flair-CZ73-USB-3.0-Flash-Drive.jpg\" alt=\"SanDisk 32GB Ultra Flair CZ73 USB 3.0 Flash Drive\" class=\"wp-image-3906\" srcset=\"https:\/\/www.usborkeychain.com\/wp-content\/uploads\/SanDisk-32GB-Ultra-Flair-CZ73-USB-3.0-Flash-Drive.jpg 800w, https:\/\/www.usborkeychain.com\/wp-content\/uploads\/SanDisk-32GB-Ultra-Flair-CZ73-USB-3.0-Flash-Drive-300x300.jpg 300w, https:\/\/www.usborkeychain.com\/wp-content\/uploads\/SanDisk-32GB-Ultra-Flair-CZ73-USB-3.0-Flash-Drive-150x150.jpg 150w, https:\/\/www.usborkeychain.com\/wp-content\/uploads\/SanDisk-32GB-Ultra-Flair-CZ73-USB-3.0-Flash-Drive-768x768.jpg 768w, https:\/\/www.usborkeychain.com\/wp-content\/uploads\/SanDisk-32GB-Ultra-Flair-CZ73-USB-3.0-Flash-Drive-12x12.jpg 12w, https:\/\/www.usborkeychain.com\/wp-content\/uploads\/SanDisk-32GB-Ultra-Flair-CZ73-USB-3.0-Flash-Drive-600x600.jpg 600w, https:\/\/www.usborkeychain.com\/wp-content\/uploads\/SanDisk-32GB-Ultra-Flair-CZ73-USB-3.0-Flash-Drive-100x100.jpg 100w\" sizes=\"(max-width: 800px) 100vw, 800px\" \/><\/figure>\n<\/div>\n\n\n\n<div class=\"wp-block-column is-vertically-aligned-center is-layout-flow wp-block-column-is-layout-flow\">\n<p>A unidade flash SanDisk Ultra Flair CZ73 USB 3.0 apresenta uma elegante estrutura de metal escovado que \u00e9 dur\u00e1vel e moderna. Alimentado por uma interface USB 3.0.<\/p>\n\n\n\n<p>oferece velocidades de transfer\u00eancia incrivelmente r\u00e1pidas de at\u00e9 150 MB\/s, perfeitas para a transfer\u00eancia r\u00e1pida de arquivos grandes, como v\u00eddeos em HD, fotos ou documentos importantes.<\/p>\n<\/div>\n<\/div>\n\n\n\n<p><strong>Principais recursos:<\/strong><\/p>\n\n\n\n<ul class=\"wp-block-list\">\n<li><strong>Velocidades de transfer\u00eancia super-r\u00e1pidas:<\/strong> Desempenho do USB 3.0 com velocidades de leitura de at\u00e9 150 MB\/s; compat\u00edvel com o USB 2.0.<\/li>\n\n\n\n<li><strong>Design elegante e dur\u00e1vel:<\/strong> Criado com um corpo met\u00e1lico elegante e uma al\u00e7a transparente para uma apar\u00eancia moderna e profissional.<\/li>\n\n\n\n<li><strong>Conveni\u00eancia port\u00e1til:<\/strong> Leve e compacto, com uma argola para chaveiro embutida, ideal para prender em chaveiros ou bolsas.<\/li>\n\n\n\n<li><strong>V\u00e1rias op\u00e7\u00f5es de armazenamento:<\/strong> Dispon\u00edvel em uma variedade de capacidades de 16 GB a 128 GB, adequado para uso di\u00e1rio, armazenamento multim\u00eddia e necessidades de trabalho.<\/li>\n\n\n\n<li><strong>Prote\u00e7\u00e3o segura de arquivos:<\/strong> Inclui o software SanDisk SecureAccess\u2122 para criar uma pasta privada protegida por senha para seus dados confidenciais.<\/li>\n<\/ul>\n\n\n\n<div class=\"wp-block-columns is-layout-flex wp-container-core-columns-is-layout-28f84493 wp-block-columns-is-layout-flex\">\n<div class=\"wp-block-column is-layout-flow wp-block-column-is-layout-flow\">\n<figure class=\"wp-block-image size-full\"><img alt=\"\" decoding=\"async\" width=\"800\" height=\"800\" src=\"https:\/\/www.usborkeychain.com\/wp-content\/uploads\/32GB-Black-SanDisk-Ultra-Flair-USB-3.0-Flash-Drive.jpg\" class=\"wp-image-3905\" srcset=\"https:\/\/www.usborkeychain.com\/wp-content\/uploads\/32GB-Black-SanDisk-Ultra-Flair-USB-3.0-Flash-Drive.jpg 800w, https:\/\/www.usborkeychain.com\/wp-content\/uploads\/32GB-Black-SanDisk-Ultra-Flair-USB-3.0-Flash-Drive-300x300.jpg 300w, https:\/\/www.usborkeychain.com\/wp-content\/uploads\/32GB-Black-SanDisk-Ultra-Flair-USB-3.0-Flash-Drive-150x150.jpg 150w, https:\/\/www.usborkeychain.com\/wp-content\/uploads\/32GB-Black-SanDisk-Ultra-Flair-USB-3.0-Flash-Drive-768x768.jpg 768w, https:\/\/www.usborkeychain.com\/wp-content\/uploads\/32GB-Black-SanDisk-Ultra-Flair-USB-3.0-Flash-Drive-12x12.jpg 12w, https:\/\/www.usborkeychain.com\/wp-content\/uploads\/32GB-Black-SanDisk-Ultra-Flair-USB-3.0-Flash-Drive-600x600.jpg 600w, https:\/\/www.usborkeychain.com\/wp-content\/uploads\/32GB-Black-SanDisk-Ultra-Flair-USB-3.0-Flash-Drive-100x100.jpg 100w\" sizes=\"(max-width: 800px) 100vw, 800px\" \/><\/figure>\n<\/div>\n\n\n\n<div class=\"wp-block-column is-layout-flow wp-block-column-is-layout-flow\">\n<figure class=\"wp-block-image size-full\"><img alt=\"\" decoding=\"async\" width=\"800\" height=\"800\" src=\"https:\/\/www.usborkeychain.com\/wp-content\/uploads\/SanDisk-128GB-Ultra-Flair-USB-3.0-Flash-Drive.jpg\" class=\"wp-image-3907\" srcset=\"https:\/\/www.usborkeychain.com\/wp-content\/uploads\/SanDisk-128GB-Ultra-Flair-USB-3.0-Flash-Drive.jpg 800w, https:\/\/www.usborkeychain.com\/wp-content\/uploads\/SanDisk-128GB-Ultra-Flair-USB-3.0-Flash-Drive-300x300.jpg 300w, https:\/\/www.usborkeychain.com\/wp-content\/uploads\/SanDisk-128GB-Ultra-Flair-USB-3.0-Flash-Drive-150x150.jpg 150w, https:\/\/www.usborkeychain.com\/wp-content\/uploads\/SanDisk-128GB-Ultra-Flair-USB-3.0-Flash-Drive-768x768.jpg 768w, https:\/\/www.usborkeychain.com\/wp-content\/uploads\/SanDisk-128GB-Ultra-Flair-USB-3.0-Flash-Drive-12x12.jpg 12w, https:\/\/www.usborkeychain.com\/wp-content\/uploads\/SanDisk-128GB-Ultra-Flair-USB-3.0-Flash-Drive-600x600.jpg 600w, https:\/\/www.usborkeychain.com\/wp-content\/uploads\/SanDisk-128GB-Ultra-Flair-USB-3.0-Flash-Drive-100x100.jpg 100w\" sizes=\"(max-width: 800px) 100vw, 800px\" \/><\/figure>\n<\/div>\n<\/div>\n\n\n\n<h2 class=\"wp-block-heading\">P: Quais s\u00e3o as op\u00e7\u00f5es de cores dispon\u00edveis para a unidade flash SanDisk Ultra Flair CZ73 USB 3.0?<\/h2>\n\n\n\n<p><\/p>\n\n\n\n<div class=\"wp-block-columns is-layout-flex wp-container-core-columns-is-layout-28f84493 wp-block-columns-is-layout-flex\">\n<div class=\"wp-block-column is-layout-flow wp-block-column-is-layout-flow\">\n<figure class=\"wp-block-image size-full\"><img alt=\"\" loading=\"lazy\" decoding=\"async\" width=\"800\" height=\"496\" src=\"https:\/\/www.usborkeychain.com\/wp-content\/uploads\/SanDisk-Ultra-Flair-USB-3.0-Flash-pendrive.jpg\" class=\"wp-image-3910\" srcset=\"https:\/\/www.usborkeychain.com\/wp-content\/uploads\/SanDisk-Ultra-Flair-USB-3.0-Flash-pendrive.jpg 800w, https:\/\/www.usborkeychain.com\/wp-content\/uploads\/SanDisk-Ultra-Flair-USB-3.0-Flash-pendrive-300x186.jpg 300w, https:\/\/www.usborkeychain.com\/wp-content\/uploads\/SanDisk-Ultra-Flair-USB-3.0-Flash-pendrive-768x476.jpg 768w, https:\/\/www.usborkeychain.com\/wp-content\/uploads\/SanDisk-Ultra-Flair-USB-3.0-Flash-pendrive-18x12.jpg 18w, https:\/\/www.usborkeychain.com\/wp-content\/uploads\/SanDisk-Ultra-Flair-USB-3.0-Flash-pendrive-600x372.jpg 600w\" sizes=\"(max-width: 800px) 100vw, 800px\" \/><\/figure>\n<\/div>\n\n\n\n<div class=\"wp-block-column is-vertically-aligned-center is-layout-flow wp-block-column-is-layout-flow\">\n<p>R: O SanDisk Ultra Flair CZ73 vem em duas cores elegantes: preto cl\u00e1ssico e azul celeste. Entre as duas, a vers\u00e3o preta tende a ser mais popular devido \u00e0 sua apar\u00eancia elegante e profissional, o que a torna a escolha preferida para usu\u00e1rios corporativos e presentes corporativos.<\/p>\n\n\n\n<p> No entanto, a op\u00e7\u00e3o azul celeste tamb\u00e9m \u00e9 bem recebida por seu visual fresco e moderno, especialmente entre estudantes e usu\u00e1rios mais jovens que preferem um estilo mais vibrante.<\/p>\n<\/div>\n<\/div>\n\n\n\n<h2 class=\"wp-block-heading\"><br><strong>P: Quais s\u00e3o as capacidades dispon\u00edveis para a unidade flash SanDisk Ultra Flair CZ73 USB 3.0?<\/strong><\/h2>\n\n\n\n<p><strong>A:<\/strong> O SanDisk Ultra Flair CZ73 est\u00e1 dispon\u00edvel em uma ampla variedade de capacidades: 32 GB, 64 GB, 128 GB, 256 GB e 512 GB. Essa variedade permite que os usu\u00e1rios escolham o tamanho certo com base em suas necessidades de armazenamento - desde transfer\u00eancias di\u00e1rias de documentos e fotos at\u00e9 o armazenamento de grandes arquivos de v\u00eddeo e software. As capacidades mais baixas, como 32 GB e 64 GB, s\u00e3o ideais para uso b\u00e1sico ou brindes promocionais, enquanto as capacidades mais altas, como 256 GB e 512 GB, s\u00e3o preferidas por profissionais e usu\u00e1rios de m\u00eddia que exigem armazenamento de alto volume e desempenho r\u00e1pido.<\/p>\n\n\n\n<div class=\"wp-block-columns is-layout-flex wp-container-core-columns-is-layout-28f84493 wp-block-columns-is-layout-flex\">\n<div class=\"wp-block-column is-layout-flow wp-block-column-is-layout-flow\">\n<figure class=\"wp-block-image size-full\"><img alt=\"\" loading=\"lazy\" decoding=\"async\" width=\"800\" height=\"800\" src=\"https:\/\/www.usborkeychain.com\/wp-content\/uploads\/SanDisk-Ultra-Flair-16GB.jpg\" class=\"wp-image-3908\" srcset=\"https:\/\/www.usborkeychain.com\/wp-content\/uploads\/SanDisk-Ultra-Flair-16GB.jpg 800w, https:\/\/www.usborkeychain.com\/wp-content\/uploads\/SanDisk-Ultra-Flair-16GB-300x300.jpg 300w, https:\/\/www.usborkeychain.com\/wp-content\/uploads\/SanDisk-Ultra-Flair-16GB-150x150.jpg 150w, https:\/\/www.usborkeychain.com\/wp-content\/uploads\/SanDisk-Ultra-Flair-16GB-768x768.jpg 768w, https:\/\/www.usborkeychain.com\/wp-content\/uploads\/SanDisk-Ultra-Flair-16GB-12x12.jpg 12w, https:\/\/www.usborkeychain.com\/wp-content\/uploads\/SanDisk-Ultra-Flair-16GB-600x600.jpg 600w, https:\/\/www.usborkeychain.com\/wp-content\/uploads\/SanDisk-Ultra-Flair-16GB-100x100.jpg 100w\" sizes=\"(max-width: 800px) 100vw, 800px\" \/><\/figure>\n<\/div>\n\n\n\n<div class=\"wp-block-column is-layout-flow wp-block-column-is-layout-flow\">\n<figure class=\"wp-block-image size-full\"><img alt=\"\" loading=\"lazy\" decoding=\"async\" width=\"800\" height=\"800\" src=\"https:\/\/www.usborkeychain.com\/wp-content\/uploads\/SanDisk-Ultra-Flair-USB-3.0-Flash-Drive.jpg\" class=\"wp-image-3909\" srcset=\"https:\/\/www.usborkeychain.com\/wp-content\/uploads\/SanDisk-Ultra-Flair-USB-3.0-Flash-Drive.jpg 800w, https:\/\/www.usborkeychain.com\/wp-content\/uploads\/SanDisk-Ultra-Flair-USB-3.0-Flash-Drive-300x300.jpg 300w, https:\/\/www.usborkeychain.com\/wp-content\/uploads\/SanDisk-Ultra-Flair-USB-3.0-Flash-Drive-150x150.jpg 150w, https:\/\/www.usborkeychain.com\/wp-content\/uploads\/SanDisk-Ultra-Flair-USB-3.0-Flash-Drive-768x768.jpg 768w, https:\/\/www.usborkeychain.com\/wp-content\/uploads\/SanDisk-Ultra-Flair-USB-3.0-Flash-Drive-12x12.jpg 12w, https:\/\/www.usborkeychain.com\/wp-content\/uploads\/SanDisk-Ultra-Flair-USB-3.0-Flash-Drive-600x600.jpg 600w, https:\/\/www.usborkeychain.com\/wp-content\/uploads\/SanDisk-Ultra-Flair-USB-3.0-Flash-Drive-100x100.jpg 100w\" sizes=\"(max-width: 800px) 100vw, 800px\" \/><\/figure>\n<\/div>\n<\/div>","protected":false},"excerpt":{"rendered":"<ul>\n<li>Marca SanDisk<\/li>\n<li>Unidade flash USB 3.0<\/li>\n<li>Modelo Ultra Flair CZ73<\/li>\n<li>Preto cl\u00e1ssico e azul celeste<\/li>\n<li>MOQ:100pcs<\/li>\n<\/ul>","protected":false},"featured_media":3906,"comment_status":"open","ping_status":"closed","template":"","meta":{"_seopress_robots_primary_cat":"","_seopress_titles_title":"","_seopress_titles_desc":"","_seopress_robots_index":"","site-sidebar-layout":"default","site-content-layout":"","ast-site-content-layout":"","site-content-style":"default","site-sidebar-style":"default","ast-global-header-display":"","ast-banner-title-visibility":"","ast-main-header-display":"","ast-hfb-above-header-display":"","ast-hfb-below-header-display":"","ast-hfb-mobile-header-display":"","site-post-title":"","ast-breadcrumbs-content":"","ast-featured-img":"","footer-sml-layout":"","theme-transparent-header-meta":"","adv-header-id-meta":"","stick-header-meta":"","header-above-stick-meta":"","header-main-stick-meta":"","header-below-stick-meta":"","astra-migrate-meta-layouts":"default","ast-page-background-enabled":"default","ast-page-background-meta":{"desktop":{"background-color":"var(--ast-global-color-5)","background-image":"","background-repeat":"repeat","background-position":"center center","background-size":"auto","background-attachment":"scroll","background-type":"","background-media":"","overlay-type":"","overlay-color":"","overlay-opacity":"","overlay-gradient":""},"tablet":{"background-color":"","background-image":"","background-repeat":"repeat","background-position":"center center","background-size":"auto","background-attachment":"scroll","background-type":"","background-media":"","overlay-type":"","overlay-color":"","overlay-opacity":"","overlay-gradient":""},"mobile":{"background-color":"","background-image":"","background-repeat":"repeat","background-position":"center center","background-size":"auto","background-attachment":"scroll","background-type":"","background-media":"","overlay-type":"","overlay-color":"","overlay-opacity":"","overlay-gradient":""}},"ast-content-background-meta":{"desktop":{"background-color":"var(--ast-global-color-4)","background-image":"","background-repeat":"repeat","background-position":"center center","background-size":"auto","background-attachment":"scroll","background-type":"","background-media":"","overlay-type":"","overlay-color":"","overlay-opacity":"","overlay-gradient":""},"tablet":{"background-color":"var(--ast-global-color-4)","background-image":"","background-repeat":"repeat","background-position":"center center","background-size":"auto","background-attachment":"scroll","background-type":"","background-media":"","overlay-type":"","overlay-color":"","overlay-opacity":"","overlay-gradient":""},"mobile":{"background-color":"var(--ast-global-color-4)","background-image":"","background-repeat":"repeat","background-position":"center center","background-size":"auto","background-attachment":"scroll","background-type":"","background-media":"","overlay-type":"","overlay-color":"","overlay-opacity":"","overlay-gradient":""}}},"product_brand":[],"product_cat":[111],"product_tag":[216],"class_list":{"0":"post-3902","1":"product","2":"type-product","3":"status-publish","4":"has-post-thumbnail","6":"product_cat-brand-usb-pendrive","7":"product_tag-sandisk-usb-flash-drive","8":"desktop-align-left","9":"tablet-align-left","10":"mobile-align-left","12":"first","13":"instock","14":"shipping-taxable","15":"product-type-simple"},"_links":{"self":[{"href":"https:\/\/www.usborkeychain.com\/pt\/wp-json\/wp\/v2\/product\/3902","targetHints":{"allow":["GET"]}}],"collection":[{"href":"https:\/\/www.usborkeychain.com\/pt\/wp-json\/wp\/v2\/product"}],"about":[{"href":"https:\/\/www.usborkeychain.com\/pt\/wp-json\/wp\/v2\/types\/product"}],"replies":[{"embeddable":true,"href":"https:\/\/www.usborkeychain.com\/pt\/wp-json\/wp\/v2\/comments?post=3902"}],"wp:featuredmedia":[{"embeddable":true,"href":"https:\/\/www.usborkeychain.com\/pt\/wp-json\/wp\/v2\/media\/3906"}],"wp:attachment":[{"href":"https:\/\/www.usborkeychain.com\/pt\/wp-json\/wp\/v2\/media?parent=3902"}],"wp:term":[{"taxonomy":"product_brand","embeddable":true,"href":"https:\/\/www.usborkeychain.com\/pt\/wp-json\/wp\/v2\/product_brand?post=3902"},{"taxonomy":"product_cat","embeddable":true,"href":"https:\/\/www.usborkeychain.com\/pt\/wp-json\/wp\/v2\/product_cat?post=3902"},{"taxonomy":"product_tag","embeddable":true,"href":"https:\/\/www.usborkeychain.com\/pt\/wp-json\/wp\/v2\/product_tag?post=3902"}],"curies":[{"name":"wp","href":"https:\/\/api.w.org\/{rel}","templated":true}]}}