{"id":3920,"date":"2025-07-07T14:44:29","date_gmt":"2025-07-07T14:44:29","guid":{"rendered":"https:\/\/www.usborkeychain.com\/?post_type=product&#038;p=3920"},"modified":"2025-07-08T01:56:22","modified_gmt":"2025-07-08T01:56:22","slug":"pepsi-bottle-shaped-usb-flash-drive","status":"publish","type":"product","link":"https:\/\/www.usborkeychain.com\/pt\/produto\/pepsi-bottle-shaped-usb-flash-drive\/","title":{"rendered":"Unidade flash USB em formato de garrafa de Pepsi"},"content":{"rendered":"<p>Essa unidade flash USB em formato de garrafa de Pepsi \u00e9 um produto digital com design exclusivo e altamente pr\u00e1tico. Ele apresenta uma interface USB padr\u00e3o e \u00e9 ideal para uso em escrit\u00f3rios, escolas e eventos promocionais. Inspirado na cl\u00e1ssica garrafa de Pepsi, o design reproduz perfeitamente as propor\u00e7\u00f5es e os detalhes da garrafa real. Ele combina funcionalidade de armazenamento e forte impacto visual, o que o torna um excelente item de brinde de marca.<\/p>\n\n\n\n<div class=\"wp-block-columns is-layout-flex wp-container-core-columns-is-layout-28f84493 wp-block-columns-is-layout-flex\">\n<div class=\"wp-block-column is-layout-flow wp-block-column-is-layout-flow\">\n<figure class=\"wp-block-image size-full\"><img alt=\"\" fetchpriority=\"high\" decoding=\"async\" width=\"800\" height=\"800\" src=\"https:\/\/www.usborkeychain.com\/wp-content\/uploads\/Custom-USB-Flash-Drive-in-Pepsi-Bottle-Shape.jpg\" class=\"wp-image-3924\" srcset=\"https:\/\/www.usborkeychain.com\/wp-content\/uploads\/Custom-USB-Flash-Drive-in-Pepsi-Bottle-Shape.jpg 800w, https:\/\/www.usborkeychain.com\/wp-content\/uploads\/Custom-USB-Flash-Drive-in-Pepsi-Bottle-Shape-300x300.jpg 300w, https:\/\/www.usborkeychain.com\/wp-content\/uploads\/Custom-USB-Flash-Drive-in-Pepsi-Bottle-Shape-150x150.jpg 150w, https:\/\/www.usborkeychain.com\/wp-content\/uploads\/Custom-USB-Flash-Drive-in-Pepsi-Bottle-Shape-768x768.jpg 768w, https:\/\/www.usborkeychain.com\/wp-content\/uploads\/Custom-USB-Flash-Drive-in-Pepsi-Bottle-Shape-12x12.jpg 12w, https:\/\/www.usborkeychain.com\/wp-content\/uploads\/Custom-USB-Flash-Drive-in-Pepsi-Bottle-Shape-600x600.jpg 600w, https:\/\/www.usborkeychain.com\/wp-content\/uploads\/Custom-USB-Flash-Drive-in-Pepsi-Bottle-Shape-100x100.jpg 100w\" sizes=\"(max-width: 800px) 100vw, 800px\" \/><\/figure>\n<\/div>\n\n\n\n<div class=\"wp-block-column is-vertically-aligned-center is-layout-flow wp-block-column-is-layout-flow\">\n<p>O pen drive \u00e9 feito de borracha macia de PVC ecologicamente correta, o que lhe confere uma textura suave e flex\u00edvel com excelente durabilidade e resist\u00eancia a desgaste e quedas.<\/p>\n\n\n\n<p> O design altamente realista captura meticulosamente todos os detalhes da garrafa de Pepsi - desde a tampa e o formato at\u00e9 o logotipo caracter\u00edstico. N\u00e3o se trata apenas de um dispositivo de armazenamento, mas tamb\u00e9m de uma ferramenta criativa para a comunica\u00e7\u00e3o da marca e o marketing visual.<\/p>\n<\/div>\n<\/div>\n\n\n\n<p><\/p>\n\n\n\n<p><strong>Especifica\u00e7\u00f5es:<\/strong><\/p>\n\n\n\n<ul class=\"wp-block-list\">\n<li><strong>Tipo de interface:<\/strong> USB 2.0 \/ USB 3.0 (opcional)<\/li>\n\n\n\n<li><strong>Op\u00e7\u00f5es de capacidade:<\/strong> 4GB \/ 8GB \/ 16GB \/ 32GB \/ 64GB \/ 128GB<\/li>\n\n\n\n<li><strong>Dimens\u00f5es do produto:<\/strong> Aprox. 68 mm (altura) \u00d7 22 mm (di\u00e2metro)<\/li>\n\n\n\n<li><strong>Material:<\/strong> Borracha macia de PVC ecologicamente correta<\/li>\n\n\n\n<li><strong>Compatibilidade:<\/strong> Windows \/ Mac OS \/ Linux<\/li>\n\n\n\n<li><strong>Uso:<\/strong> Plug-and-play, sem necessidade de driver<\/li>\n<\/ul>\n\n\n\n<div class=\"wp-block-columns is-layout-flex wp-container-core-columns-is-layout-28f84493 wp-block-columns-is-layout-flex\">\n<div class=\"wp-block-column is-layout-flow wp-block-column-is-layout-flow\">\n<figure class=\"wp-block-image size-full\"><img alt=\"\" decoding=\"async\" width=\"800\" height=\"800\" src=\"https:\/\/www.usborkeychain.com\/wp-content\/uploads\/Pepsi-Bottle-Shaped-USB-Flash-Drive.jpg\" class=\"wp-image-3925\" srcset=\"https:\/\/www.usborkeychain.com\/wp-content\/uploads\/Pepsi-Bottle-Shaped-USB-Flash-Drive.jpg 800w, https:\/\/www.usborkeychain.com\/wp-content\/uploads\/Pepsi-Bottle-Shaped-USB-Flash-Drive-300x300.jpg 300w, https:\/\/www.usborkeychain.com\/wp-content\/uploads\/Pepsi-Bottle-Shaped-USB-Flash-Drive-150x150.jpg 150w, https:\/\/www.usborkeychain.com\/wp-content\/uploads\/Pepsi-Bottle-Shaped-USB-Flash-Drive-768x768.jpg 768w, https:\/\/www.usborkeychain.com\/wp-content\/uploads\/Pepsi-Bottle-Shaped-USB-Flash-Drive-12x12.jpg 12w, https:\/\/www.usborkeychain.com\/wp-content\/uploads\/Pepsi-Bottle-Shaped-USB-Flash-Drive-600x600.jpg 600w, https:\/\/www.usborkeychain.com\/wp-content\/uploads\/Pepsi-Bottle-Shaped-USB-Flash-Drive-100x100.jpg 100w\" sizes=\"(max-width: 800px) 100vw, 800px\" \/><\/figure>\n<\/div>\n\n\n\n<div class=\"wp-block-column is-layout-flow wp-block-column-is-layout-flow\">\n<figure class=\"wp-block-image size-full\"><img alt=\"\" decoding=\"async\" width=\"800\" height=\"800\" src=\"https:\/\/www.usborkeychain.com\/wp-content\/uploads\/Creative-Pepsi-Bottle-USB-Drive-for-Promotional-Use.jpg\" class=\"wp-image-3923\" srcset=\"https:\/\/www.usborkeychain.com\/wp-content\/uploads\/Creative-Pepsi-Bottle-USB-Drive-for-Promotional-Use.jpg 800w, https:\/\/www.usborkeychain.com\/wp-content\/uploads\/Creative-Pepsi-Bottle-USB-Drive-for-Promotional-Use-300x300.jpg 300w, https:\/\/www.usborkeychain.com\/wp-content\/uploads\/Creative-Pepsi-Bottle-USB-Drive-for-Promotional-Use-150x150.jpg 150w, https:\/\/www.usborkeychain.com\/wp-content\/uploads\/Creative-Pepsi-Bottle-USB-Drive-for-Promotional-Use-768x768.jpg 768w, https:\/\/www.usborkeychain.com\/wp-content\/uploads\/Creative-Pepsi-Bottle-USB-Drive-for-Promotional-Use-12x12.jpg 12w, https:\/\/www.usborkeychain.com\/wp-content\/uploads\/Creative-Pepsi-Bottle-USB-Drive-for-Promotional-Use-600x600.jpg 600w, https:\/\/www.usborkeychain.com\/wp-content\/uploads\/Creative-Pepsi-Bottle-USB-Drive-for-Promotional-Use-100x100.jpg 100w\" sizes=\"(max-width: 800px) 100vw, 800px\" \/><\/figure>\n<\/div>\n<\/div>\n\n\n\n<p>A unidade USB com garrafa Pepsi foi projetada como um brinde promocional que destaca a aten\u00e7\u00e3o da marca \u00e0 criatividade e aos detalhes. Diferentemente dos brindes tradicionais, esse pen drive altamente reconhec\u00edvel e colecion\u00e1vel deixa uma impress\u00e3o duradoura. Com utilidade no mundo real e design divertido, ele refor\u00e7a a lembran\u00e7a da marca toda vez que \u00e9 usado. Perfeito para lan\u00e7amentos de produtos, eventos de marketing, promo\u00e7\u00f5es escolares ou brindes para funcion\u00e1rios, \u00e9 a maneira ideal de se destacar e se conectar com seu p\u00fablico de forma memor\u00e1vel.<\/p>","protected":false},"excerpt":{"rendered":"<ul>\n<li>Design em formato de garrafa de Pepsi<\/li>\n<li>Estilos 3D<\/li>\n<li>Cor azul<\/li>\n<li>Molde de PVC<\/li>\n<li>Presente para a Pepsi Company<\/li>\n<\/ul>","protected":false},"featured_media":3924,"comment_status":"open","ping_status":"closed","template":"","meta":{"_seopress_robots_primary_cat":"","_seopress_titles_title":"","_seopress_titles_desc":"","_seopress_robots_index":"","site-sidebar-layout":"default","site-content-layout":"","ast-site-content-layout":"","site-content-style":"default","site-sidebar-style":"default","ast-global-header-display":"","ast-banner-title-visibility":"","ast-main-header-display":"","ast-hfb-above-header-display":"","ast-hfb-below-header-display":"","ast-hfb-mobile-header-display":"","site-post-title":"","ast-breadcrumbs-content":"","ast-featured-img":"","footer-sml-layout":"","theme-transparent-header-meta":"","adv-header-id-meta":"","stick-header-meta":"","header-above-stick-meta":"","header-main-stick-meta":"","header-below-stick-meta":"","astra-migrate-meta-layouts":"default","ast-page-background-enabled":"default","ast-page-background-meta":{"desktop":{"background-color":"var(--ast-global-color-5)","background-image":"","background-repeat":"repeat","background-position":"center center","background-size":"auto","background-attachment":"scroll","background-type":"","background-media":"","overlay-type":"","overlay-color":"","overlay-opacity":"","overlay-gradient":""},"tablet":{"background-color":"","background-image":"","background-repeat":"repeat","background-position":"center center","background-size":"auto","background-attachment":"scroll","background-type":"","background-media":"","overlay-type":"","overlay-color":"","overlay-opacity":"","overlay-gradient":""},"mobile":{"background-color":"","background-image":"","background-repeat":"repeat","background-position":"center center","background-size":"auto","background-attachment":"scroll","background-type":"","background-media":"","overlay-type":"","overlay-color":"","overlay-opacity":"","overlay-gradient":""}},"ast-content-background-meta":{"desktop":{"background-color":"var(--ast-global-color-4)","background-image":"","background-repeat":"repeat","background-position":"center center","background-size":"auto","background-attachment":"scroll","background-type":"","background-media":"","overlay-type":"","overlay-color":"","overlay-opacity":"","overlay-gradient":""},"tablet":{"background-color":"var(--ast-global-color-4)","background-image":"","background-repeat":"repeat","background-position":"center center","background-size":"auto","background-attachment":"scroll","background-type":"","background-media":"","overlay-type":"","overlay-color":"","overlay-opacity":"","overlay-gradient":""},"mobile":{"background-color":"var(--ast-global-color-4)","background-image":"","background-repeat":"repeat","background-position":"center center","background-size":"auto","background-attachment":"scroll","background-type":"","background-media":"","overlay-type":"","overlay-color":"","overlay-opacity":"","overlay-gradient":""}}},"product_brand":[],"product_cat":[94],"product_tag":[218],"class_list":{"0":"post-3920","1":"product","2":"type-product","3":"status-publish","4":"has-post-thumbnail","6":"product_cat-pvc-usb-pendrive","7":"product_tag-bottle-usb-drive","8":"desktop-align-left","9":"tablet-align-left","10":"mobile-align-left","12":"first","13":"instock","14":"shipping-taxable","15":"product-type-simple"},"_links":{"self":[{"href":"https:\/\/www.usborkeychain.com\/pt\/wp-json\/wp\/v2\/product\/3920","targetHints":{"allow":["GET"]}}],"collection":[{"href":"https:\/\/www.usborkeychain.com\/pt\/wp-json\/wp\/v2\/product"}],"about":[{"href":"https:\/\/www.usborkeychain.com\/pt\/wp-json\/wp\/v2\/types\/product"}],"replies":[{"embeddable":true,"href":"https:\/\/www.usborkeychain.com\/pt\/wp-json\/wp\/v2\/comments?post=3920"}],"wp:featuredmedia":[{"embeddable":true,"href":"https:\/\/www.usborkeychain.com\/pt\/wp-json\/wp\/v2\/media\/3924"}],"wp:attachment":[{"href":"https:\/\/www.usborkeychain.com\/pt\/wp-json\/wp\/v2\/media?parent=3920"}],"wp:term":[{"taxonomy":"product_brand","embeddable":true,"href":"https:\/\/www.usborkeychain.com\/pt\/wp-json\/wp\/v2\/product_brand?post=3920"},{"taxonomy":"product_cat","embeddable":true,"href":"https:\/\/www.usborkeychain.com\/pt\/wp-json\/wp\/v2\/product_cat?post=3920"},{"taxonomy":"product_tag","embeddable":true,"href":"https:\/\/www.usborkeychain.com\/pt\/wp-json\/wp\/v2\/product_tag?post=3920"}],"curies":[{"name":"wp","href":"https:\/\/api.w.org\/{rel}","templated":true}]}}