{"id":3953,"date":"2025-07-08T01:52:00","date_gmt":"2025-07-08T01:52:00","guid":{"rendered":"https:\/\/www.usborkeychain.com\/?post_type=product&#038;p=3953"},"modified":"2025-07-08T01:56:30","modified_gmt":"2025-07-08T01:56:30","slug":"coca-cola-bottle-shape-usb-flash-drive","status":"publish","type":"product","link":"https:\/\/www.usborkeychain.com\/pt\/produto\/coca-cola-bottle-shape-usb-flash-drive\/","title":{"rendered":"Unidade flash USB em formato de garrafa de Coca-Cola"},"content":{"rendered":"<p><\/p>\n\n\n\n<div class=\"wp-block-columns is-layout-flex wp-container-core-columns-is-layout-28f84493 wp-block-columns-is-layout-flex\">\n<div class=\"wp-block-column is-layout-flow wp-block-column-is-layout-flow\">\n<figure class=\"wp-block-image size-full\"><img alt=\"\" fetchpriority=\"high\" decoding=\"async\" width=\"800\" height=\"800\" src=\"https:\/\/www.usborkeychain.com\/wp-content\/uploads\/Creative-Pepsi-Bottle-USB-Drive-for-Promotional-Use.jpg\" class=\"wp-image-3923\" srcset=\"https:\/\/www.usborkeychain.com\/wp-content\/uploads\/Creative-Pepsi-Bottle-USB-Drive-for-Promotional-Use.jpg 800w, https:\/\/www.usborkeychain.com\/wp-content\/uploads\/Creative-Pepsi-Bottle-USB-Drive-for-Promotional-Use-300x300.jpg 300w, https:\/\/www.usborkeychain.com\/wp-content\/uploads\/Creative-Pepsi-Bottle-USB-Drive-for-Promotional-Use-150x150.jpg 150w, https:\/\/www.usborkeychain.com\/wp-content\/uploads\/Creative-Pepsi-Bottle-USB-Drive-for-Promotional-Use-768x768.jpg 768w, https:\/\/www.usborkeychain.com\/wp-content\/uploads\/Creative-Pepsi-Bottle-USB-Drive-for-Promotional-Use-12x12.jpg 12w, https:\/\/www.usborkeychain.com\/wp-content\/uploads\/Creative-Pepsi-Bottle-USB-Drive-for-Promotional-Use-600x600.jpg 600w, https:\/\/www.usborkeychain.com\/wp-content\/uploads\/Creative-Pepsi-Bottle-USB-Drive-for-Promotional-Use-100x100.jpg 100w\" sizes=\"(max-width: 800px) 100vw, 800px\" \/><\/figure>\n<\/div>\n\n\n\n<div class=\"wp-block-column is-vertically-aligned-center is-layout-flow wp-block-column-is-layout-flow\">\n<p>Essa s\u00e9rie de unidades flash USB com garrafas da Coca-Cola inclui tr\u00eas modelos distintos, todos feitos de borracha macia de PVC ecologicamente correta.<\/p>\n\n\n\n<p> O design reproduz com precis\u00e3o a garrafa real da Coca-Cola em uma escala aproximada de 1:6. Cada unidade mede menos de 60 mm de altura, oferecendo uma textura de toque suave e caracter\u00edsticas detalhadas da superf\u00edcie. <\/p>\n\n\n\n<p>As unidades s\u00e3o \u00e0 prova de choque, \u00e0 prova d'\u00e1gua e \u00e0 prova de poeira. Equipadas com interface USB 2.0, elas s\u00e3o compat\u00edveis com os sistemas Windows, Mac OS e Linux. As capacidades de armazenamento variam de 4 GB a 64 GB, ideais para uso promocional, armazenamento de dados ou brindes corporativos com a marca.<\/p>\n<\/div>\n<\/div>\n\n\n\n<h2 class=\"wp-block-heading\"><strong>1: Unidade USB com garrafa de Coca-Cola vermelha 3D cl\u00e1ssica<\/strong><\/h2>\n\n\n\n<ul class=\"wp-block-list\">\n<li><strong>Cor<\/strong>: Coca-Cola Red<\/li>\n\n\n\n<li><strong>Tamanho<\/strong>: Aprox. 58 mm (A) \u00d7 18 mm (Di\u00e2metro)<\/li>\n\n\n\n<li><strong>Interface<\/strong>: USB 2.0<\/li>\n\n\n\n<li><strong>Material<\/strong>: Borracha macia de PVC de alta elasticidade, moldagem integrada<\/li>\n\n\n\n<li><strong>Design<\/strong>: A tampa remov\u00edvel da garrafa esconde o conector USB; logotipo branco impresso na garrafa; os detalhes esculpidos em 3D lembram muito a garrafa de vidro cl\u00e1ssica<\/li>\n<\/ul>\n\n\n\n<p>Esse modelo \u00e9 a vers\u00e3o padr\u00e3o e mais vendida da s\u00e9rie, amplamente utilizada para promo\u00e7\u00f5es, brindes de marcas e merchandising em eventos.<\/p>\n\n\n\n<div class=\"wp-block-columns is-layout-flex wp-container-core-columns-is-layout-28f84493 wp-block-columns-is-layout-flex\">\n<div class=\"wp-block-column is-layout-flow wp-block-column-is-layout-flow\">\n<figure class=\"wp-block-image size-full\"><img alt=\"\" decoding=\"async\" width=\"800\" height=\"800\" src=\"https:\/\/www.usborkeychain.com\/wp-content\/uploads\/Coca-Cola-bottle-shaped-pen-drive.jpg\" class=\"wp-image-3957\" srcset=\"https:\/\/www.usborkeychain.com\/wp-content\/uploads\/Coca-Cola-bottle-shaped-pen-drive.jpg 800w, https:\/\/www.usborkeychain.com\/wp-content\/uploads\/Coca-Cola-bottle-shaped-pen-drive-300x300.jpg 300w, https:\/\/www.usborkeychain.com\/wp-content\/uploads\/Coca-Cola-bottle-shaped-pen-drive-150x150.jpg 150w, https:\/\/www.usborkeychain.com\/wp-content\/uploads\/Coca-Cola-bottle-shaped-pen-drive-768x768.jpg 768w, https:\/\/www.usborkeychain.com\/wp-content\/uploads\/Coca-Cola-bottle-shaped-pen-drive-12x12.jpg 12w, https:\/\/www.usborkeychain.com\/wp-content\/uploads\/Coca-Cola-bottle-shaped-pen-drive-600x600.jpg 600w, https:\/\/www.usborkeychain.com\/wp-content\/uploads\/Coca-Cola-bottle-shaped-pen-drive-100x100.jpg 100w\" sizes=\"(max-width: 800px) 100vw, 800px\" \/><\/figure>\n<\/div>\n\n\n\n<div class=\"wp-block-column is-layout-flow wp-block-column-is-layout-flow\">\n<figure class=\"wp-block-image size-full\"><img alt=\"\" decoding=\"async\" width=\"800\" height=\"800\" src=\"https:\/\/www.usborkeychain.com\/wp-content\/uploads\/Coca-Cola-bottle-memory-stick.jpg\" class=\"wp-image-3956\" srcset=\"https:\/\/www.usborkeychain.com\/wp-content\/uploads\/Coca-Cola-bottle-memory-stick.jpg 800w, https:\/\/www.usborkeychain.com\/wp-content\/uploads\/Coca-Cola-bottle-memory-stick-300x300.jpg 300w, https:\/\/www.usborkeychain.com\/wp-content\/uploads\/Coca-Cola-bottle-memory-stick-150x150.jpg 150w, https:\/\/www.usborkeychain.com\/wp-content\/uploads\/Coca-Cola-bottle-memory-stick-768x768.jpg 768w, https:\/\/www.usborkeychain.com\/wp-content\/uploads\/Coca-Cola-bottle-memory-stick-12x12.jpg 12w, https:\/\/www.usborkeychain.com\/wp-content\/uploads\/Coca-Cola-bottle-memory-stick-600x600.jpg 600w, https:\/\/www.usborkeychain.com\/wp-content\/uploads\/Coca-Cola-bottle-memory-stick-100x100.jpg 100w\" sizes=\"(max-width: 800px) 100vw, 800px\" \/><\/figure>\n<\/div>\n<\/div>\n\n\n\n<h2 class=\"wp-block-heading\"><strong> 2: Unidade USB com garrafa de Coca-Cola de edi\u00e7\u00e3o limitada preta e vermelha<\/strong><\/h2>\n\n\n\n<ul class=\"wp-block-list\">\n<li><strong>Cor<\/strong>: Corpo preto com tampa vermelha<\/li>\n\n\n\n<li><strong>T\u00e9cnica de logotipo<\/strong>: Mold-in (rotulagem no molde), formado diretamente durante a moldagem por inje\u00e7\u00e3o - sem impress\u00e3o envolvida - garantindo durabilidade e resist\u00eancia ao desbotamento<\/li>\n\n\n\n<li><strong>Tamanho<\/strong>: Igual ao Modelo 1<\/li>\n\n\n\n<li><strong>Recursos<\/strong>: Apar\u00eancia \u00fanica e moderna, adequada para edi\u00e7\u00f5es limitadas, brindes premium ou eventos de marca de alto n\u00edvel<\/li>\n<\/ul>\n\n\n\n<p>Gra\u00e7as ao seu logotipo moldado e \u00e0s cores contrastantes, esse modelo oferece uma identidade visual mais premium e duradoura.<\/p>\n\n\n\n<div class=\"wp-block-columns is-layout-flex wp-container-core-columns-is-layout-28f84493 wp-block-columns-is-layout-flex\">\n<div class=\"wp-block-column is-layout-flow wp-block-column-is-layout-flow\">\n<figure class=\"wp-block-image size-full\"><img alt=\"\" loading=\"lazy\" decoding=\"async\" width=\"800\" height=\"800\" src=\"https:\/\/www.usborkeychain.com\/wp-content\/uploads\/Coca-Cola-bottle-USB-drive.jpg\" class=\"wp-image-3959\" srcset=\"https:\/\/www.usborkeychain.com\/wp-content\/uploads\/Coca-Cola-bottle-USB-drive.jpg 800w, https:\/\/www.usborkeychain.com\/wp-content\/uploads\/Coca-Cola-bottle-USB-drive-300x300.jpg 300w, https:\/\/www.usborkeychain.com\/wp-content\/uploads\/Coca-Cola-bottle-USB-drive-150x150.jpg 150w, https:\/\/www.usborkeychain.com\/wp-content\/uploads\/Coca-Cola-bottle-USB-drive-768x768.jpg 768w, https:\/\/www.usborkeychain.com\/wp-content\/uploads\/Coca-Cola-bottle-USB-drive-12x12.jpg 12w, https:\/\/www.usborkeychain.com\/wp-content\/uploads\/Coca-Cola-bottle-USB-drive-600x600.jpg 600w, https:\/\/www.usborkeychain.com\/wp-content\/uploads\/Coca-Cola-bottle-USB-drive-100x100.jpg 100w\" sizes=\"(max-width: 800px) 100vw, 800px\" \/><\/figure>\n<\/div>\n\n\n\n<div class=\"wp-block-column is-layout-flow wp-block-column-is-layout-flow\">\n<figure class=\"wp-block-image size-full\"><img alt=\"\" loading=\"lazy\" decoding=\"async\" width=\"800\" height=\"800\" src=\"https:\/\/www.usborkeychain.com\/wp-content\/uploads\/Coca-Cola-bottle-USB-stick.jpg\" class=\"wp-image-3961\" srcset=\"https:\/\/www.usborkeychain.com\/wp-content\/uploads\/Coca-Cola-bottle-USB-stick.jpg 800w, https:\/\/www.usborkeychain.com\/wp-content\/uploads\/Coca-Cola-bottle-USB-stick-300x300.jpg 300w, https:\/\/www.usborkeychain.com\/wp-content\/uploads\/Coca-Cola-bottle-USB-stick-150x150.jpg 150w, https:\/\/www.usborkeychain.com\/wp-content\/uploads\/Coca-Cola-bottle-USB-stick-768x768.jpg 768w, https:\/\/www.usborkeychain.com\/wp-content\/uploads\/Coca-Cola-bottle-USB-stick-12x12.jpg 12w, https:\/\/www.usborkeychain.com\/wp-content\/uploads\/Coca-Cola-bottle-USB-stick-600x600.jpg 600w, https:\/\/www.usborkeychain.com\/wp-content\/uploads\/Coca-Cola-bottle-USB-stick-100x100.jpg 100w\" sizes=\"(max-width: 800px) 100vw, 800px\" \/><\/figure>\n<\/div>\n<\/div>\n\n\n\n<h2 class=\"wp-block-heading\"><strong>3: Inspirado por <strong>Coca-Cola<\/strong>Campanha promocional da empresa<\/strong><\/h2>\n\n\n\n<p><strong>Coca-Cola <\/strong>A empresa implementou anteriormente uma unidade flash USB semelhante em formato de garrafa como parte de suas campanhas de marketing. Mais de 100.000 unidades foram distribu\u00eddas em promo\u00e7\u00f5es de supermercado, ativa\u00e7\u00f5es off-line e eventos de intera\u00e7\u00e3o com a marca. O feedback do mercado mostrou que, em compara\u00e7\u00e3o com as unidades USB padr\u00e3o, as unidades flash em formato de garrafa tiveram taxas de reten\u00e7\u00e3o tr\u00eas vezes mais altas e um ciclo de uso m\u00e9dio de mais de seis meses, oferecendo maior exposi\u00e7\u00e3o da marca.<\/p>\n\n\n\n<div class=\"wp-block-columns is-layout-flex wp-container-core-columns-is-layout-28f84493 wp-block-columns-is-layout-flex\">\n<div class=\"wp-block-column is-layout-flow wp-block-column-is-layout-flow\">\n<figure class=\"wp-block-image size-full\"><img alt=\"\" loading=\"lazy\" decoding=\"async\" width=\"800\" height=\"800\" src=\"https:\/\/www.usborkeychain.com\/wp-content\/uploads\/Coca-Cola-bottle-USB-flash-drive.jpg\" class=\"wp-image-3960\" srcset=\"https:\/\/www.usborkeychain.com\/wp-content\/uploads\/Coca-Cola-bottle-USB-flash-drive.jpg 800w, https:\/\/www.usborkeychain.com\/wp-content\/uploads\/Coca-Cola-bottle-USB-flash-drive-300x300.jpg 300w, https:\/\/www.usborkeychain.com\/wp-content\/uploads\/Coca-Cola-bottle-USB-flash-drive-150x150.jpg 150w, https:\/\/www.usborkeychain.com\/wp-content\/uploads\/Coca-Cola-bottle-USB-flash-drive-768x768.jpg 768w, https:\/\/www.usborkeychain.com\/wp-content\/uploads\/Coca-Cola-bottle-USB-flash-drive-12x12.jpg 12w, https:\/\/www.usborkeychain.com\/wp-content\/uploads\/Coca-Cola-bottle-USB-flash-drive-600x600.jpg 600w, https:\/\/www.usborkeychain.com\/wp-content\/uploads\/Coca-Cola-bottle-USB-flash-drive-100x100.jpg 100w\" sizes=\"(max-width: 800px) 100vw, 800px\" \/><\/figure>\n<\/div>\n\n\n\n<div class=\"wp-block-column is-layout-flow wp-block-column-is-layout-flow\">\n<figure class=\"wp-block-image size-full\"><img alt=\"\" loading=\"lazy\" decoding=\"async\" width=\"800\" height=\"800\" src=\"https:\/\/www.usborkeychain.com\/wp-content\/uploads\/Coca-Cola-bottle-style-flash-disk.jpg\" class=\"wp-image-3958\" srcset=\"https:\/\/www.usborkeychain.com\/wp-content\/uploads\/Coca-Cola-bottle-style-flash-disk.jpg 800w, https:\/\/www.usborkeychain.com\/wp-content\/uploads\/Coca-Cola-bottle-style-flash-disk-300x300.jpg 300w, https:\/\/www.usborkeychain.com\/wp-content\/uploads\/Coca-Cola-bottle-style-flash-disk-150x150.jpg 150w, https:\/\/www.usborkeychain.com\/wp-content\/uploads\/Coca-Cola-bottle-style-flash-disk-768x768.jpg 768w, https:\/\/www.usborkeychain.com\/wp-content\/uploads\/Coca-Cola-bottle-style-flash-disk-12x12.jpg 12w, https:\/\/www.usborkeychain.com\/wp-content\/uploads\/Coca-Cola-bottle-style-flash-disk-600x600.jpg 600w, https:\/\/www.usborkeychain.com\/wp-content\/uploads\/Coca-Cola-bottle-style-flash-disk-100x100.jpg 100w\" sizes=\"(max-width: 800px) 100vw, 800px\" \/><\/figure>\n<\/div>\n<\/div>\n\n\n\n<p>A ado\u00e7\u00e3o de uma estrat\u00e9gia semelhante pela Coca-Cola - aproveitando USBs realistas em formato de garrafa para festivais, lan\u00e7amentos ou brindes - pode aumentar significativamente o envolvimento do consumidor e melhorar a visibilidade da marca por meio de um design de produto exclusivo e personalizado.<\/p>","protected":false},"excerpt":{"rendered":"<ul>\n<li>Forma da garrafa de Coca-Cola<\/li>\n<li>Molde de PVC<\/li>\n<li>Tr\u00eas estilos<\/li>\n<li>MOQ:100PCS<\/li>\n<li>Presente para a empresa Coca-cola<\/li>\n<\/ul>","protected":false},"featured_media":3957,"comment_status":"open","ping_status":"closed","template":"","meta":{"_seopress_robots_primary_cat":"","_seopress_titles_title":"","_seopress_titles_desc":"","_seopress_robots_index":"","site-sidebar-layout":"default","site-content-layout":"","ast-site-content-layout":"","site-content-style":"default","site-sidebar-style":"default","ast-global-header-display":"","ast-banner-title-visibility":"","ast-main-header-display":"","ast-hfb-above-header-display":"","ast-hfb-below-header-display":"","ast-hfb-mobile-header-display":"","site-post-title":"","ast-breadcrumbs-content":"","ast-featured-img":"","footer-sml-layout":"","theme-transparent-header-meta":"","adv-header-id-meta":"","stick-header-meta":"","header-above-stick-meta":"","header-main-stick-meta":"","header-below-stick-meta":"","astra-migrate-meta-layouts":"default","ast-page-background-enabled":"default","ast-page-background-meta":{"desktop":{"background-color":"var(--ast-global-color-5)","background-image":"","background-repeat":"repeat","background-position":"center center","background-size":"auto","background-attachment":"scroll","background-type":"","background-media":"","overlay-type":"","overlay-color":"","overlay-opacity":"","overlay-gradient":""},"tablet":{"background-color":"","background-image":"","background-repeat":"repeat","background-position":"center center","background-size":"auto","background-attachment":"scroll","background-type":"","background-media":"","overlay-type":"","overlay-color":"","overlay-opacity":"","overlay-gradient":""},"mobile":{"background-color":"","background-image":"","background-repeat":"repeat","background-position":"center center","background-size":"auto","background-attachment":"scroll","background-type":"","background-media":"","overlay-type":"","overlay-color":"","overlay-opacity":"","overlay-gradient":""}},"ast-content-background-meta":{"desktop":{"background-color":"var(--ast-global-color-4)","background-image":"","background-repeat":"repeat","background-position":"center center","background-size":"auto","background-attachment":"scroll","background-type":"","background-media":"","overlay-type":"","overlay-color":"","overlay-opacity":"","overlay-gradient":""},"tablet":{"background-color":"var(--ast-global-color-4)","background-image":"","background-repeat":"repeat","background-position":"center center","background-size":"auto","background-attachment":"scroll","background-type":"","background-media":"","overlay-type":"","overlay-color":"","overlay-opacity":"","overlay-gradient":""},"mobile":{"background-color":"var(--ast-global-color-4)","background-image":"","background-repeat":"repeat","background-position":"center center","background-size":"auto","background-attachment":"scroll","background-type":"","background-media":"","overlay-type":"","overlay-color":"","overlay-opacity":"","overlay-gradient":""}}},"product_brand":[],"product_cat":[94],"product_tag":[218],"class_list":{"0":"post-3953","1":"product","2":"type-product","3":"status-publish","4":"has-post-thumbnail","6":"product_cat-pvc-usb-pendrive","7":"product_tag-bottle-usb-drive","8":"desktop-align-left","9":"tablet-align-left","10":"mobile-align-left","12":"first","13":"instock","14":"shipping-taxable","15":"product-type-simple"},"_links":{"self":[{"href":"https:\/\/www.usborkeychain.com\/pt\/wp-json\/wp\/v2\/product\/3953","targetHints":{"allow":["GET"]}}],"collection":[{"href":"https:\/\/www.usborkeychain.com\/pt\/wp-json\/wp\/v2\/product"}],"about":[{"href":"https:\/\/www.usborkeychain.com\/pt\/wp-json\/wp\/v2\/types\/product"}],"replies":[{"embeddable":true,"href":"https:\/\/www.usborkeychain.com\/pt\/wp-json\/wp\/v2\/comments?post=3953"}],"wp:featuredmedia":[{"embeddable":true,"href":"https:\/\/www.usborkeychain.com\/pt\/wp-json\/wp\/v2\/media\/3957"}],"wp:attachment":[{"href":"https:\/\/www.usborkeychain.com\/pt\/wp-json\/wp\/v2\/media?parent=3953"}],"wp:term":[{"taxonomy":"product_brand","embeddable":true,"href":"https:\/\/www.usborkeychain.com\/pt\/wp-json\/wp\/v2\/product_brand?post=3953"},{"taxonomy":"product_cat","embeddable":true,"href":"https:\/\/www.usborkeychain.com\/pt\/wp-json\/wp\/v2\/product_cat?post=3953"},{"taxonomy":"product_tag","embeddable":true,"href":"https:\/\/www.usborkeychain.com\/pt\/wp-json\/wp\/v2\/product_tag?post=3953"}],"curies":[{"name":"wp","href":"https:\/\/api.w.org\/{rel}","templated":true}]}}