{"id":3969,"date":"2025-07-10T00:19:20","date_gmt":"2025-07-10T00:19:20","guid":{"rendered":"https:\/\/www.usborkeychain.com\/?post_type=product&#038;p=3969"},"modified":"2025-07-10T00:21:34","modified_gmt":"2025-07-10T00:21:34","slug":"glass-bottle-usb-drive-with-wooden-cork","status":"publish","type":"product","link":"https:\/\/www.usborkeychain.com\/pt\/produto\/glass-bottle-usb-drive-with-wooden-cork\/","title":{"rendered":"Unidade USB de garrafa de vidro com corti\u00e7a de madeira"},"content":{"rendered":"<p><\/p>\n\n\n\n<div class=\"wp-block-columns is-layout-flex wp-container-core-columns-is-layout-28f84493 wp-block-columns-is-layout-flex\">\n<div class=\"wp-block-column is-layout-flow wp-block-column-is-layout-flow\">\n<figure class=\"wp-block-image size-large\"><img alt=\"Creative Glass Bottle USB Flash Drive\" fetchpriority=\"high\" decoding=\"async\" width=\"1024\" height=\"1024\" src=\"https:\/\/www.usborkeychain.com\/wp-content\/uploads\/Creative-Glass-Bottle-USB-Flash-Drive-1024x1024.jpg\" class=\"wp-image-3972\" srcset=\"https:\/\/www.usborkeychain.com\/wp-content\/uploads\/Creative-Glass-Bottle-USB-Flash-Drive-1024x1024.jpg 1024w, https:\/\/www.usborkeychain.com\/wp-content\/uploads\/Creative-Glass-Bottle-USB-Flash-Drive-300x300.jpg 300w, https:\/\/www.usborkeychain.com\/wp-content\/uploads\/Creative-Glass-Bottle-USB-Flash-Drive-150x150.jpg 150w, https:\/\/www.usborkeychain.com\/wp-content\/uploads\/Creative-Glass-Bottle-USB-Flash-Drive-768x768.jpg 768w, https:\/\/www.usborkeychain.com\/wp-content\/uploads\/Creative-Glass-Bottle-USB-Flash-Drive-12x12.jpg 12w, https:\/\/www.usborkeychain.com\/wp-content\/uploads\/Creative-Glass-Bottle-USB-Flash-Drive-600x600.jpg 600w, https:\/\/www.usborkeychain.com\/wp-content\/uploads\/Creative-Glass-Bottle-USB-Flash-Drive-100x100.jpg 100w, https:\/\/www.usborkeychain.com\/wp-content\/uploads\/Creative-Glass-Bottle-USB-Flash-Drive.jpg 1200w\" sizes=\"(max-width: 1024px) 100vw, 1024px\" \/><\/figure>\n<\/div>\n\n\n\n<div class=\"wp-block-column is-vertically-aligned-center is-layout-flow wp-block-column-is-layout-flow\">\n<p>Como fabricante profissional de unidades USB, lan\u00e7amos a exclusiva unidade USB de garrafa de vidro.<\/p>\n\n\n\n<p> Ele apresenta um corpo de garrafa de vidro transparente combinado com uma tampa de corti\u00e7a texturizada, com um chip USB embutido de forma inteligente dentro da corti\u00e7a. Essa combina\u00e7\u00e3o perfeita de praticidade e est\u00e9tica permite que nossa f\u00e1brica a produza em massa para atender \u00e0s demandas do mercado.<\/p>\n<\/div>\n<\/div>\n\n\n\n<h3 class=\"wp-block-heading\">Quais s\u00e3o os recursos da unidade USB com garrafa de vidro?<\/h3>\n\n\n\n<p>Esse pen drive de garrafa de vidro tem um corpo de vidro transparente, mostrando uma textura pura e transl\u00facida, enquanto a tampa de corti\u00e7a d\u00e1 um toque natural. O formato geral da garrafa \u00e9 \u00fanico e inovador, o que o torna um estilo altamente representativo entre os drives USB transparentes. O fabricante presta aten\u00e7\u00e3o aos detalhes do design, tornando o produto mais atraente.<\/p>\n\n\n\n<p>Uma das principais vantagens da unidade USB de garrafa de vidro \u00e9 seu alto grau de personaliza\u00e7\u00e3o, o que a torna particularmente adequada para marketing corporativo ou express\u00e3o emocional pessoal:<\/p>\n\n\n\n<div class=\"wp-block-columns is-layout-flex wp-container-core-columns-is-layout-9c22b1e3 wp-block-columns-is-layout-flex\">\n<div class=\"wp-block-column is-layout-flow wp-block-column-is-layout-flow\">\n<figure class=\"wp-block-image size-large\"><img alt=\"Glass Bottle Shaped USB Drive\" decoding=\"async\" width=\"1024\" height=\"1024\" src=\"https:\/\/www.usborkeychain.com\/wp-content\/uploads\/Glass-Bottle-Shaped-USB-Drive-1024x1024.jpg\" class=\"wp-image-3973\" srcset=\"https:\/\/www.usborkeychain.com\/wp-content\/uploads\/Glass-Bottle-Shaped-USB-Drive-1024x1024.jpg 1024w, https:\/\/www.usborkeychain.com\/wp-content\/uploads\/Glass-Bottle-Shaped-USB-Drive-300x300.jpg 300w, https:\/\/www.usborkeychain.com\/wp-content\/uploads\/Glass-Bottle-Shaped-USB-Drive-150x150.jpg 150w, https:\/\/www.usborkeychain.com\/wp-content\/uploads\/Glass-Bottle-Shaped-USB-Drive-768x768.jpg 768w, https:\/\/www.usborkeychain.com\/wp-content\/uploads\/Glass-Bottle-Shaped-USB-Drive-12x12.jpg 12w, https:\/\/www.usborkeychain.com\/wp-content\/uploads\/Glass-Bottle-Shaped-USB-Drive-600x600.jpg 600w, https:\/\/www.usborkeychain.com\/wp-content\/uploads\/Glass-Bottle-Shaped-USB-Drive-100x100.jpg 100w, https:\/\/www.usborkeychain.com\/wp-content\/uploads\/Glass-Bottle-Shaped-USB-Drive.jpg 1200w\" sizes=\"(max-width: 1024px) 100vw, 1024px\" \/><\/figure>\n<\/div>\n\n\n\n<div class=\"wp-block-column is-layout-flow wp-block-column-is-layout-flow\">\n<figure class=\"wp-block-image size-large\"><img alt=\"Glass Bottle USB Drive Custom\" decoding=\"async\" width=\"1024\" height=\"1024\" src=\"https:\/\/www.usborkeychain.com\/wp-content\/uploads\/Glass-Bottle-USB-Drive-Custom-1024x1024.jpg\" class=\"wp-image-3974\" srcset=\"https:\/\/www.usborkeychain.com\/wp-content\/uploads\/Glass-Bottle-USB-Drive-Custom-1024x1024.jpg 1024w, https:\/\/www.usborkeychain.com\/wp-content\/uploads\/Glass-Bottle-USB-Drive-Custom-300x300.jpg 300w, https:\/\/www.usborkeychain.com\/wp-content\/uploads\/Glass-Bottle-USB-Drive-Custom-150x150.jpg 150w, https:\/\/www.usborkeychain.com\/wp-content\/uploads\/Glass-Bottle-USB-Drive-Custom-768x768.jpg 768w, https:\/\/www.usborkeychain.com\/wp-content\/uploads\/Glass-Bottle-USB-Drive-Custom-12x12.jpg 12w, https:\/\/www.usborkeychain.com\/wp-content\/uploads\/Glass-Bottle-USB-Drive-Custom-600x600.jpg 600w, https:\/\/www.usborkeychain.com\/wp-content\/uploads\/Glass-Bottle-USB-Drive-Custom-100x100.jpg 100w, https:\/\/www.usborkeychain.com\/wp-content\/uploads\/Glass-Bottle-USB-Drive-Custom.jpg 1200w\" sizes=\"(max-width: 1024px) 100vw, 1024px\" \/><\/figure>\n<\/div>\n<\/div>\n\n\n\n<p>Transporte de conte\u00fado emocional: O interior da garrafa tem um espa\u00e7o que pode conter pequenas anota\u00e7\u00f5es, fotos, flores secas ou outros itens f\u00edsicos. Combinado com arquivos digitais (como v\u00eddeos e documentos), ele permite uma transmiss\u00e3o de informa\u00e7\u00f5es bidimensionais \"digital + f\u00edsica\". Por exemplo, em casamentos, fotos e b\u00ean\u00e7\u00e3os dos rec\u00e9m-casados podem ser armazenadas; em eventos corporativos, programa\u00e7\u00f5es de eventos ou cartas de agradecimento podem ser colocadas em seu interior, aumentando a interatividade e a capacidade de memoriza\u00e7\u00e3o.<\/p>\n\n\n\n<h3 class=\"wp-block-heading\">Quais s\u00e3o os par\u00e2metros da unidade USB de garrafa de vidro?<\/h3>\n\n\n\n<figure class=\"wp-block-table\"><table class=\"has-fixed-layout\"><thead><tr><th>Par\u00e2metro<\/th><th>Detalhes<\/th><\/tr><\/thead><tbody><tr><td>Capacidade de armazenamento<\/td><td>4 GB, 8 GB, 16 GB, 32 GB, 64 GB, 128 GB<\/td><\/tr><tr><td>Tipo de interface<\/td><td>USB 2.0, USB 3.0 (opcional)<\/td><\/tr><tr><td>Velocidade de leitura<\/td><td>USB 2.0: 15-20MB\/s; USB 3.0: 80-100MB\/s<\/td><\/tr><tr><td>Velocidade de escrita<\/td><td>USB 2.0: 3-6MB\/s; USB 3.0: 15-30MB\/s<\/td><\/tr><tr><td>Temperatura operacional<\/td><td>0-60\u2103<\/td><\/tr><tr><td>Temperatura de armazenamento<\/td><td>-20-85\u2103<\/td><\/tr><tr><td>Material<\/td><td>Vidro de borosilicato, corti\u00e7a natural<\/td><\/tr><tr><td>Tamanho<\/td><td>Altura de 6 a 8 cm, di\u00e2metro de 2 a 3 cm (pode ser personalizado de acordo com os requisitos)<\/td><\/tr><\/tbody><\/table><\/figure>\n\n\n\n<h3 class=\"wp-block-heading\">A unidade USB de garrafa de vidro pode ser personalizada com um logotipo?<\/h3>\n\n\n\n<p>Obviamente, os logotipos podem ser impressos em rolo na unidade USB da garrafa de vidro, obtendo um efeito UV que torna o logotipo mais claro, mais dur\u00e1vel e cheio de textura. A f\u00e1brica est\u00e1 equipada com equipamentos avan\u00e7ados de personaliza\u00e7\u00e3o para atender \u00e0s necessidades de personaliza\u00e7\u00e3o de diferentes clientes.<\/p>\n\n\n\n<div class=\"wp-block-columns is-layout-flex wp-container-core-columns-is-layout-28f84493 wp-block-columns-is-layout-flex\">\n<div class=\"wp-block-column is-layout-flow wp-block-column-is-layout-flow\">\n<figure class=\"wp-block-image size-large\"><img alt=\"Glass Bottle USB Stick with Cork\" loading=\"lazy\" decoding=\"async\" width=\"1024\" height=\"1024\" src=\"https:\/\/www.usborkeychain.com\/wp-content\/uploads\/Glass-Bottle-USB-Stick-with-Cork-1024x1024.jpg\" class=\"wp-image-3975\" srcset=\"https:\/\/www.usborkeychain.com\/wp-content\/uploads\/Glass-Bottle-USB-Stick-with-Cork-1024x1024.jpg 1024w, https:\/\/www.usborkeychain.com\/wp-content\/uploads\/Glass-Bottle-USB-Stick-with-Cork-300x300.jpg 300w, https:\/\/www.usborkeychain.com\/wp-content\/uploads\/Glass-Bottle-USB-Stick-with-Cork-150x150.jpg 150w, https:\/\/www.usborkeychain.com\/wp-content\/uploads\/Glass-Bottle-USB-Stick-with-Cork-768x768.jpg 768w, https:\/\/www.usborkeychain.com\/wp-content\/uploads\/Glass-Bottle-USB-Stick-with-Cork-12x12.jpg 12w, https:\/\/www.usborkeychain.com\/wp-content\/uploads\/Glass-Bottle-USB-Stick-with-Cork-600x600.jpg 600w, https:\/\/www.usborkeychain.com\/wp-content\/uploads\/Glass-Bottle-USB-Stick-with-Cork-100x100.jpg 100w, https:\/\/www.usborkeychain.com\/wp-content\/uploads\/Glass-Bottle-USB-Stick-with-Cork.jpg 1200w\" sizes=\"(max-width: 1024px) 100vw, 1024px\" \/><\/figure>\n<\/div>\n\n\n\n<div class=\"wp-block-column is-layout-flow wp-block-column-is-layout-flow\">\n<figure class=\"wp-block-image size-large\"><img alt=\"Glass Bottle USB Stick with Cork\" loading=\"lazy\" decoding=\"async\" width=\"1024\" height=\"1024\" src=\"https:\/\/www.usborkeychain.com\/wp-content\/uploads\/Promotional-Glass-Bottle-USB-Gift-1024x1024.jpg\" class=\"wp-image-3976\" srcset=\"https:\/\/www.usborkeychain.com\/wp-content\/uploads\/Promotional-Glass-Bottle-USB-Gift-1024x1024.jpg 1024w, https:\/\/www.usborkeychain.com\/wp-content\/uploads\/Promotional-Glass-Bottle-USB-Gift-300x300.jpg 300w, https:\/\/www.usborkeychain.com\/wp-content\/uploads\/Promotional-Glass-Bottle-USB-Gift-150x150.jpg 150w, https:\/\/www.usborkeychain.com\/wp-content\/uploads\/Promotional-Glass-Bottle-USB-Gift-768x768.jpg 768w, https:\/\/www.usborkeychain.com\/wp-content\/uploads\/Promotional-Glass-Bottle-USB-Gift-12x12.jpg 12w, https:\/\/www.usborkeychain.com\/wp-content\/uploads\/Promotional-Glass-Bottle-USB-Gift-600x600.jpg 600w, https:\/\/www.usborkeychain.com\/wp-content\/uploads\/Promotional-Glass-Bottle-USB-Gift-100x100.jpg 100w, https:\/\/www.usborkeychain.com\/wp-content\/uploads\/Promotional-Glass-Bottle-USB-Gift.jpg 1200w\" sizes=\"(max-width: 1024px) 100vw, 1024px\" \/><\/figure>\n<\/div>\n<\/div>\n\n\n\n<h3 class=\"wp-block-heading\">Quais setores s\u00e3o adequados para us\u00e1-lo como um presente?<\/h3>\n\n\n\n<p>O setor de casamentos costuma us\u00e1-lo como lembran\u00e7a, e a impress\u00e3o do logotipo dos rec\u00e9m-casados nele \u00e9 muito memor\u00e1vel; o setor de fotografia pode us\u00e1-lo como presente para trabalhos que demonstrem profissionalismo; o setor de prote\u00e7\u00e3o ambiental tamb\u00e9m o favorece, pois est\u00e1 em conformidade com o conceito de prote\u00e7\u00e3o ambiental. Nossa f\u00e1brica pode vender suprimentos por atacado de acordo com as necessidades de diferentes setores e oferece suporte \u00e0 produ\u00e7\u00e3o personalizada.<\/p>\n\n\n\n<p>Concluindo, esse pen drive de garrafa de vidro \u00e9 um produto com caracter\u00edsticas e praticidade. Ele \u00e9 vendido diretamente pelo fabricante, suporta personaliza\u00e7\u00e3o e venda por atacado e \u00e9 uma excelente op\u00e7\u00e3o para v\u00e1rios setores comprarem presentes.<\/p>","protected":false},"excerpt":{"rendered":"<ul>\n<li>Em forma de garrafa<\/li>\n<li>Material de vidro e tampa de madeira<\/li>\n<li>Personaliza\u00e7\u00e3o do logotipo da marca<\/li>\n<li>Transporte de conte\u00fado emocional<\/li>\n<li>Brinde de lembran\u00e7a<\/li>\n<li>MOQ:100pcs<\/li>\n<\/ul>","protected":false},"featured_media":3975,"comment_status":"open","ping_status":"closed","template":"","meta":{"_seopress_robots_primary_cat":"","_seopress_titles_title":"","_seopress_titles_desc":"","_seopress_robots_index":"","site-sidebar-layout":"default","site-content-layout":"","ast-site-content-layout":"","site-content-style":"default","site-sidebar-style":"default","ast-global-header-display":"","ast-banner-title-visibility":"","ast-main-header-display":"","ast-hfb-above-header-display":"","ast-hfb-below-header-display":"","ast-hfb-mobile-header-display":"","site-post-title":"","ast-breadcrumbs-content":"","ast-featured-img":"","footer-sml-layout":"","theme-transparent-header-meta":"","adv-header-id-meta":"","stick-header-meta":"","header-above-stick-meta":"","header-main-stick-meta":"","header-below-stick-meta":"","astra-migrate-meta-layouts":"default","ast-page-background-enabled":"default","ast-page-background-meta":{"desktop":{"background-color":"var(--ast-global-color-5)","background-image":"","background-repeat":"repeat","background-position":"center center","background-size":"auto","background-attachment":"scroll","background-type":"","background-media":"","overlay-type":"","overlay-color":"","overlay-opacity":"","overlay-gradient":""},"tablet":{"background-color":"","background-image":"","background-repeat":"repeat","background-position":"center center","background-size":"auto","background-attachment":"scroll","background-type":"","background-media":"","overlay-type":"","overlay-color":"","overlay-opacity":"","overlay-gradient":""},"mobile":{"background-color":"","background-image":"","background-repeat":"repeat","background-position":"center center","background-size":"auto","background-attachment":"scroll","background-type":"","background-media":"","overlay-type":"","overlay-color":"","overlay-opacity":"","overlay-gradient":""}},"ast-content-background-meta":{"desktop":{"background-color":"var(--ast-global-color-4)","background-image":"","background-repeat":"repeat","background-position":"center center","background-size":"auto","background-attachment":"scroll","background-type":"","background-media":"","overlay-type":"","overlay-color":"","overlay-opacity":"","overlay-gradient":""},"tablet":{"background-color":"var(--ast-global-color-4)","background-image":"","background-repeat":"repeat","background-position":"center center","background-size":"auto","background-attachment":"scroll","background-type":"","background-media":"","overlay-type":"","overlay-color":"","overlay-opacity":"","overlay-gradient":""},"mobile":{"background-color":"var(--ast-global-color-4)","background-image":"","background-repeat":"repeat","background-position":"center center","background-size":"auto","background-attachment":"scroll","background-type":"","background-media":"","overlay-type":"","overlay-color":"","overlay-opacity":"","overlay-gradient":""}}},"product_brand":[],"product_cat":[168],"product_tag":[219],"class_list":{"0":"post-3969","1":"product","2":"type-product","3":"status-publish","4":"has-post-thumbnail","6":"product_cat-wood-usb-flash-drive","7":"product_tag-bottle-shape-usb-flash-drive","8":"desktop-align-left","9":"tablet-align-left","10":"mobile-align-left","12":"first","13":"instock","14":"shipping-taxable","15":"product-type-simple"},"_links":{"self":[{"href":"https:\/\/www.usborkeychain.com\/pt\/wp-json\/wp\/v2\/product\/3969","targetHints":{"allow":["GET"]}}],"collection":[{"href":"https:\/\/www.usborkeychain.com\/pt\/wp-json\/wp\/v2\/product"}],"about":[{"href":"https:\/\/www.usborkeychain.com\/pt\/wp-json\/wp\/v2\/types\/product"}],"replies":[{"embeddable":true,"href":"https:\/\/www.usborkeychain.com\/pt\/wp-json\/wp\/v2\/comments?post=3969"}],"wp:featuredmedia":[{"embeddable":true,"href":"https:\/\/www.usborkeychain.com\/pt\/wp-json\/wp\/v2\/media\/3975"}],"wp:attachment":[{"href":"https:\/\/www.usborkeychain.com\/pt\/wp-json\/wp\/v2\/media?parent=3969"}],"wp:term":[{"taxonomy":"product_brand","embeddable":true,"href":"https:\/\/www.usborkeychain.com\/pt\/wp-json\/wp\/v2\/product_brand?post=3969"},{"taxonomy":"product_cat","embeddable":true,"href":"https:\/\/www.usborkeychain.com\/pt\/wp-json\/wp\/v2\/product_cat?post=3969"},{"taxonomy":"product_tag","embeddable":true,"href":"https:\/\/www.usborkeychain.com\/pt\/wp-json\/wp\/v2\/product_tag?post=3969"}],"curies":[{"name":"wp","href":"https:\/\/api.w.org\/{rel}","templated":true}]}}