{"id":3978,"date":"2025-07-11T02:47:22","date_gmt":"2025-07-11T02:47:22","guid":{"rendered":"https:\/\/www.usborkeychain.com\/?post_type=product&#038;p=3978"},"modified":"2025-07-11T02:48:27","modified_gmt":"2025-07-11T02:48:27","slug":"pvc-beer-bottle-shaped-usb-drive","status":"publish","type":"product","link":"https:\/\/www.usborkeychain.com\/pt\/produto\/pvc-beer-bottle-shaped-usb-drive\/","title":{"rendered":"Unidade USB de PVC em formato de garrafa de cerveja"},"content":{"rendered":"<p>O pen drive de PVC altamente simulado em forma de garrafa de cerveja, fornecido diretamente pelo fabricante, subverte o formato tradicional do pen drive com seu design personalizado e criativo. Ele integra profundamente os elementos da cultura da cerveja e se tornou uma escolha popular para presentes personalizados no setor de cerveja. O formato de garrafa, criado por meio de um processo de miniaturiza\u00e7\u00e3o 1:1, combina fun\u00e7\u00f5es pr\u00e1ticas com o valor de comunica\u00e7\u00e3o da marca, o que o torna particularmente adequado para compras no atacado como brindes comerciais.<\/p>\n\n\n\n<div class=\"wp-block-columns is-layout-flex wp-container-core-columns-is-layout-28f84493 wp-block-columns-is-layout-flex\">\n<div class=\"wp-block-column is-layout-flow wp-block-column-is-layout-flow\">\n<figure class=\"wp-block-image size-full\"><img alt=\"\" fetchpriority=\"high\" decoding=\"async\" width=\"800\" height=\"800\" src=\"https:\/\/www.usborkeychain.com\/wp-content\/uploads\/PVC-Beer-Bottle-Replica-USB-Memory-Stick.png\" class=\"wp-image-3986\" srcset=\"https:\/\/www.usborkeychain.com\/wp-content\/uploads\/PVC-Beer-Bottle-Replica-USB-Memory-Stick.png 800w, https:\/\/www.usborkeychain.com\/wp-content\/uploads\/PVC-Beer-Bottle-Replica-USB-Memory-Stick-300x300.png 300w, https:\/\/www.usborkeychain.com\/wp-content\/uploads\/PVC-Beer-Bottle-Replica-USB-Memory-Stick-150x150.png 150w, https:\/\/www.usborkeychain.com\/wp-content\/uploads\/PVC-Beer-Bottle-Replica-USB-Memory-Stick-768x768.png 768w, https:\/\/www.usborkeychain.com\/wp-content\/uploads\/PVC-Beer-Bottle-Replica-USB-Memory-Stick-12x12.png 12w, https:\/\/www.usborkeychain.com\/wp-content\/uploads\/PVC-Beer-Bottle-Replica-USB-Memory-Stick-600x600.png 600w, https:\/\/www.usborkeychain.com\/wp-content\/uploads\/PVC-Beer-Bottle-Replica-USB-Memory-Stick-100x100.png 100w\" sizes=\"(max-width: 800px) 100vw, 800px\" \/><\/figure>\n<\/div>\n\n\n\n<div class=\"wp-block-column is-layout-flow wp-block-column-is-layout-flow\">\n<figure class=\"wp-block-image size-full\"><img alt=\"\" decoding=\"async\" width=\"800\" height=\"800\" src=\"https:\/\/www.usborkeychain.com\/wp-content\/uploads\/3D-Beer-Bottle-USB-Flash-Drive.png\" class=\"wp-image-3983\" srcset=\"https:\/\/www.usborkeychain.com\/wp-content\/uploads\/3D-Beer-Bottle-USB-Flash-Drive.png 800w, https:\/\/www.usborkeychain.com\/wp-content\/uploads\/3D-Beer-Bottle-USB-Flash-Drive-300x300.png 300w, https:\/\/www.usborkeychain.com\/wp-content\/uploads\/3D-Beer-Bottle-USB-Flash-Drive-150x150.png 150w, https:\/\/www.usborkeychain.com\/wp-content\/uploads\/3D-Beer-Bottle-USB-Flash-Drive-768x768.png 768w, https:\/\/www.usborkeychain.com\/wp-content\/uploads\/3D-Beer-Bottle-USB-Flash-Drive-12x12.png 12w, https:\/\/www.usborkeychain.com\/wp-content\/uploads\/3D-Beer-Bottle-USB-Flash-Drive-600x600.png 600w, https:\/\/www.usborkeychain.com\/wp-content\/uploads\/3D-Beer-Bottle-USB-Flash-Drive-100x100.png 100w\" sizes=\"(max-width: 800px) 100vw, 800px\" \/><\/figure>\n<\/div>\n<\/div>\n\n\n\n<h2 class=\"wp-block-heading\">1. Design criativo de alta simula\u00e7\u00e3o<\/h2>\n\n\n\n<p>Esse drive USB adota o formato de uma garrafa de cerveja verde com um design tridimensional 3D muito realista. Cada detalhe, desde o corpo da garrafa at\u00e9 a tampa, \u00e9 realista, como uma mini garrafa de cerveja de verdade.<\/p>\n\n\n\n<ul class=\"wp-block-list\">\n<li><strong>Texto tridimensional em relevo<\/strong>: V\u00e1rios conjuntos de logotipos da marca, como \"HEINEKEN\" e \"PREMIUM QUALITY\", destacam-se naturalmente no corpo da garrafa.<\/li>\n\n\n\n<li><strong>Material de PVC de grau aliment\u00edcio<\/strong>: Tem um toque realista e \u00e9 resistente \u00e0 queda e ao desgaste.<\/li>\n\n\n\n<li><strong>Sistema de identifica\u00e7\u00e3o visual<\/strong>: Detalhes como tampas de garrafa, r\u00f3tulos de gargalo e adesivos de garrafa s\u00e3o reproduzidos com precis\u00e3o.<\/li>\n<\/ul>\n\n\n\n<p>O corpo da minigarrafa de 3 cm com cores de alta satura\u00e7\u00e3o tem um impacto visual muito superior ao das unidades USB comuns, o que pode fortalecer significativamente a mem\u00f3ria da marca quando exibida.<\/p>\n\n\n\n<div class=\"wp-block-columns is-layout-flex wp-container-core-columns-is-layout-28f84493 wp-block-columns-is-layout-flex\">\n<div class=\"wp-block-column is-layout-flow wp-block-column-is-layout-flow\">\n<figure class=\"wp-block-image size-full\"><img alt=\"\" decoding=\"async\" width=\"800\" height=\"800\" src=\"https:\/\/www.usborkeychain.com\/wp-content\/uploads\/Custom-Beer-Bottle-Design-USB-Flash-Drive.png\" class=\"wp-image-3984\" srcset=\"https:\/\/www.usborkeychain.com\/wp-content\/uploads\/Custom-Beer-Bottle-Design-USB-Flash-Drive.png 800w, https:\/\/www.usborkeychain.com\/wp-content\/uploads\/Custom-Beer-Bottle-Design-USB-Flash-Drive-300x300.png 300w, https:\/\/www.usborkeychain.com\/wp-content\/uploads\/Custom-Beer-Bottle-Design-USB-Flash-Drive-150x150.png 150w, https:\/\/www.usborkeychain.com\/wp-content\/uploads\/Custom-Beer-Bottle-Design-USB-Flash-Drive-768x768.png 768w, https:\/\/www.usborkeychain.com\/wp-content\/uploads\/Custom-Beer-Bottle-Design-USB-Flash-Drive-12x12.png 12w, https:\/\/www.usborkeychain.com\/wp-content\/uploads\/Custom-Beer-Bottle-Design-USB-Flash-Drive-600x600.png 600w, https:\/\/www.usborkeychain.com\/wp-content\/uploads\/Custom-Beer-Bottle-Design-USB-Flash-Drive-100x100.png 100w\" sizes=\"(max-width: 800px) 100vw, 800px\" \/><\/figure>\n<\/div>\n\n\n\n<div class=\"wp-block-column is-layout-flow wp-block-column-is-layout-flow\">\n<figure class=\"wp-block-image size-full\"><img alt=\"\" loading=\"lazy\" decoding=\"async\" width=\"800\" height=\"800\" src=\"https:\/\/www.usborkeychain.com\/wp-content\/uploads\/Miniature-Beer-Bottle-Shaped-USB-Stick.png\" class=\"wp-image-3985\" srcset=\"https:\/\/www.usborkeychain.com\/wp-content\/uploads\/Miniature-Beer-Bottle-Shaped-USB-Stick.png 800w, https:\/\/www.usborkeychain.com\/wp-content\/uploads\/Miniature-Beer-Bottle-Shaped-USB-Stick-300x300.png 300w, https:\/\/www.usborkeychain.com\/wp-content\/uploads\/Miniature-Beer-Bottle-Shaped-USB-Stick-150x150.png 150w, https:\/\/www.usborkeychain.com\/wp-content\/uploads\/Miniature-Beer-Bottle-Shaped-USB-Stick-768x768.png 768w, https:\/\/www.usborkeychain.com\/wp-content\/uploads\/Miniature-Beer-Bottle-Shaped-USB-Stick-12x12.png 12w, https:\/\/www.usborkeychain.com\/wp-content\/uploads\/Miniature-Beer-Bottle-Shaped-USB-Stick-600x600.png 600w, https:\/\/www.usborkeychain.com\/wp-content\/uploads\/Miniature-Beer-Bottle-Shaped-USB-Stick-100x100.png 100w\" sizes=\"(max-width: 800px) 100vw, 800px\" \/><\/figure>\n<\/div>\n<\/div>\n\n\n\n<h2 class=\"wp-block-heading\">2. Par\u00e2metros da unidade USB<\/h2>\n\n\n\n<figure class=\"wp-block-table\"><table class=\"has-fixed-layout\"><thead><tr><th>Item de par\u00e2metro<\/th><th>Configura\u00e7\u00e3o detalhada<\/th><\/tr><\/thead><tbody><tr><td>Interface f\u00edsica<\/td><td>Interface padr\u00e3o USB 2.0<\/td><\/tr><tr><td>Velocidade de transmiss\u00e3o te\u00f3rica<\/td><td>35 MB\/s (medido)<\/td><\/tr><tr><td>Capacidade principal<\/td><td>64 GB\/128 GB<\/td><\/tr><tr><td>Sistema de arquivos<\/td><td>Formato compat\u00edvel com FAT32\/exFAT<\/td><\/tr><tr><td>Tempos de reescrita<\/td><td>\u2265100.000 ciclos de leitura e grava\u00e7\u00e3o<\/td><\/tr><tr><td>Projeto de prote\u00e7\u00e3o<\/td><td>Capa contra poeira para proteger a interface<\/td><\/tr><\/tbody><\/table><\/figure>\n\n\n\n<p>Observa\u00e7\u00e3o: vers\u00f5es de maior capacidade (256 GB\/512 GB) est\u00e3o dispon\u00edveis para personaliza\u00e7\u00e3o do OEM.<\/p>\n\n\n\n<h2 class=\"wp-block-heading\">3. Setores ou empresas adequados para personaliza\u00e7\u00e3o<\/h2>\n\n\n\n<div class=\"wp-block-columns is-layout-flex wp-container-core-columns-is-layout-28f84493 wp-block-columns-is-layout-flex\">\n<div class=\"wp-block-column is-layout-flow wp-block-column-is-layout-flow\">\n<figure class=\"wp-block-image size-full\"><img alt=\"\" loading=\"lazy\" decoding=\"async\" width=\"1000\" height=\"1000\" src=\"https:\/\/www.usborkeychain.com\/wp-content\/uploads\/3D-Beer-Bottle-USB-Flash-Drive-Wholesale-USB-Key-for-Beer-Events.jpg\" class=\"wp-image-3982\" srcset=\"https:\/\/www.usborkeychain.com\/wp-content\/uploads\/3D-Beer-Bottle-USB-Flash-Drive-Wholesale-USB-Key-for-Beer-Events.jpg 1000w, https:\/\/www.usborkeychain.com\/wp-content\/uploads\/3D-Beer-Bottle-USB-Flash-Drive-Wholesale-USB-Key-for-Beer-Events-300x300.jpg 300w, https:\/\/www.usborkeychain.com\/wp-content\/uploads\/3D-Beer-Bottle-USB-Flash-Drive-Wholesale-USB-Key-for-Beer-Events-150x150.jpg 150w, https:\/\/www.usborkeychain.com\/wp-content\/uploads\/3D-Beer-Bottle-USB-Flash-Drive-Wholesale-USB-Key-for-Beer-Events-768x768.jpg 768w, https:\/\/www.usborkeychain.com\/wp-content\/uploads\/3D-Beer-Bottle-USB-Flash-Drive-Wholesale-USB-Key-for-Beer-Events-12x12.jpg 12w, https:\/\/www.usborkeychain.com\/wp-content\/uploads\/3D-Beer-Bottle-USB-Flash-Drive-Wholesale-USB-Key-for-Beer-Events-600x600.jpg 600w, https:\/\/www.usborkeychain.com\/wp-content\/uploads\/3D-Beer-Bottle-USB-Flash-Drive-Wholesale-USB-Key-for-Beer-Events-100x100.jpg 100w\" sizes=\"(max-width: 1000px) 100vw, 1000px\" \/><\/figure>\n<\/div>\n\n\n\n<div class=\"wp-block-column is-vertically-aligned-center is-layout-flow wp-block-column-is-layout-flow\">\n<ol class=\"wp-block-list\">\n<li>Fabricantes de cerveja: Como lembran\u00e7as para confer\u00eancias de lan\u00e7amento de novos produtos\/confer\u00eancias de revendedores. Por exemplo, a Budweiser e a Tsingtao Brewery podem us\u00e1-los como brindes corporativos internos para recompensar os funcion\u00e1rios que se destacam ou como brindes para os clientes para melhorar a imagem da marca.<\/li>\n\n\n\n<li>Distribuidores de cerveja: Usados como brindes promocionais em atividades comerciais, eles podem atrair mais clientes e aumentar as vendas.<\/li>\n\n\n\n<li>Institui\u00e7\u00f5es de comunica\u00e7\u00e3o da cultura da cerveja: Como os museus da cerveja, eles podem ser vendidos como souvenirs, permitindo que os turistas divulguem a cultura da cerveja enquanto levam souvenirs.<\/li>\n\n\n\n<li>Bares e restaurantes: Oferecidos como brindes especiais de recarga de associa\u00e7\u00e3o VIP\/propaganda de abertura para clientes que gastam uma determinada quantia, eles podem aumentar a satisfa\u00e7\u00e3o e a fidelidade do cliente.<\/li>\n\n\n\n<li>International Beer Festival - brindes para exposi\u00e7\u00e3o da marca dos expositores\/intera\u00e7\u00e3o com o p\u00fablico.<\/li>\n<\/ol>\n<\/div>\n<\/div>\n\n\n\n<p>Concluindo, esse pen drive de PVC em formato de garrafa de cerveja, com seu design criativo e fun\u00e7\u00f5es pr\u00e1ticas, \u00e9 a escolha ideal para brindes personalizados em empresas relacionadas ao setor de cerveja.<\/p>","protected":false},"excerpt":{"rendered":"<ul>\n<li>Molde de PVC<\/li>\n<li>USB em formato de garrafa de cerveja<\/li>\n<li>Cor verde<\/li>\n<li>Presentes corporativos<\/li>\n<li>MOQ:100PCS<\/li>\n<\/ul>","protected":false},"featured_media":3983,"comment_status":"open","ping_status":"closed","template":"","meta":{"_seopress_robots_primary_cat":"","_seopress_titles_title":"","_seopress_titles_desc":"","_seopress_robots_index":"","site-sidebar-layout":"default","site-content-layout":"","ast-site-content-layout":"","site-content-style":"default","site-sidebar-style":"default","ast-global-header-display":"","ast-banner-title-visibility":"","ast-main-header-display":"","ast-hfb-above-header-display":"","ast-hfb-below-header-display":"","ast-hfb-mobile-header-display":"","site-post-title":"","ast-breadcrumbs-content":"","ast-featured-img":"","footer-sml-layout":"","theme-transparent-header-meta":"","adv-header-id-meta":"","stick-header-meta":"","header-above-stick-meta":"","header-main-stick-meta":"","header-below-stick-meta":"","astra-migrate-meta-layouts":"default","ast-page-background-enabled":"default","ast-page-background-meta":{"desktop":{"background-color":"var(--ast-global-color-5)","background-image":"","background-repeat":"repeat","background-position":"center center","background-size":"auto","background-attachment":"scroll","background-type":"","background-media":"","overlay-type":"","overlay-color":"","overlay-opacity":"","overlay-gradient":""},"tablet":{"background-color":"","background-image":"","background-repeat":"repeat","background-position":"center center","background-size":"auto","background-attachment":"scroll","background-type":"","background-media":"","overlay-type":"","overlay-color":"","overlay-opacity":"","overlay-gradient":""},"mobile":{"background-color":"","background-image":"","background-repeat":"repeat","background-position":"center center","background-size":"auto","background-attachment":"scroll","background-type":"","background-media":"","overlay-type":"","overlay-color":"","overlay-opacity":"","overlay-gradient":""}},"ast-content-background-meta":{"desktop":{"background-color":"var(--ast-global-color-4)","background-image":"","background-repeat":"repeat","background-position":"center center","background-size":"auto","background-attachment":"scroll","background-type":"","background-media":"","overlay-type":"","overlay-color":"","overlay-opacity":"","overlay-gradient":""},"tablet":{"background-color":"var(--ast-global-color-4)","background-image":"","background-repeat":"repeat","background-position":"center center","background-size":"auto","background-attachment":"scroll","background-type":"","background-media":"","overlay-type":"","overlay-color":"","overlay-opacity":"","overlay-gradient":""},"mobile":{"background-color":"var(--ast-global-color-4)","background-image":"","background-repeat":"repeat","background-position":"center center","background-size":"auto","background-attachment":"scroll","background-type":"","background-media":"","overlay-type":"","overlay-color":"","overlay-opacity":"","overlay-gradient":""}}},"product_brand":[],"product_cat":[94],"product_tag":[219],"class_list":{"0":"post-3978","1":"product","2":"type-product","3":"status-publish","4":"has-post-thumbnail","6":"product_cat-pvc-usb-pendrive","7":"product_tag-bottle-shape-usb-flash-drive","8":"desktop-align-left","9":"tablet-align-left","10":"mobile-align-left","12":"first","13":"instock","14":"shipping-taxable","15":"product-type-simple"},"_links":{"self":[{"href":"https:\/\/www.usborkeychain.com\/pt\/wp-json\/wp\/v2\/product\/3978","targetHints":{"allow":["GET"]}}],"collection":[{"href":"https:\/\/www.usborkeychain.com\/pt\/wp-json\/wp\/v2\/product"}],"about":[{"href":"https:\/\/www.usborkeychain.com\/pt\/wp-json\/wp\/v2\/types\/product"}],"replies":[{"embeddable":true,"href":"https:\/\/www.usborkeychain.com\/pt\/wp-json\/wp\/v2\/comments?post=3978"}],"wp:featuredmedia":[{"embeddable":true,"href":"https:\/\/www.usborkeychain.com\/pt\/wp-json\/wp\/v2\/media\/3983"}],"wp:attachment":[{"href":"https:\/\/www.usborkeychain.com\/pt\/wp-json\/wp\/v2\/media?parent=3978"}],"wp:term":[{"taxonomy":"product_brand","embeddable":true,"href":"https:\/\/www.usborkeychain.com\/pt\/wp-json\/wp\/v2\/product_brand?post=3978"},{"taxonomy":"product_cat","embeddable":true,"href":"https:\/\/www.usborkeychain.com\/pt\/wp-json\/wp\/v2\/product_cat?post=3978"},{"taxonomy":"product_tag","embeddable":true,"href":"https:\/\/www.usborkeychain.com\/pt\/wp-json\/wp\/v2\/product_tag?post=3978"}],"curies":[{"name":"wp","href":"https:\/\/api.w.org\/{rel}","templated":true}]}}