{"id":3989,"date":"2025-07-12T08:52:01","date_gmt":"2025-07-12T08:52:01","guid":{"rendered":"https:\/\/www.usborkeychain.com\/?post_type=product&#038;p=3989"},"modified":"2025-07-12T10:22:14","modified_gmt":"2025-07-12T10:22:14","slug":"usb-flash-drive-with-a5-notebook","status":"publish","type":"product","link":"https:\/\/www.usborkeychain.com\/pt\/produto\/usb-flash-drive-with-a5-notebook\/","title":{"rendered":"Unidade flash USB com notebook A5\/A6\/B5"},"content":{"rendered":"<p><\/p>\n\n\n\n<div class=\"wp-block-columns is-layout-flex wp-container-core-columns-is-layout-28f84493 wp-block-columns-is-layout-flex\">\n<div class=\"wp-block-column is-layout-flow wp-block-column-is-layout-flow\">\n<figure class=\"wp-block-image size-full\"><img alt=\"\" fetchpriority=\"high\" decoding=\"async\" width=\"797\" height=\"607\" src=\"https:\/\/www.usborkeychain.com\/wp-content\/uploads\/Manufacturer-Custom-A5-Notebook-USB-Flash-Drive.jpg\" class=\"wp-image-4001\" srcset=\"https:\/\/www.usborkeychain.com\/wp-content\/uploads\/Manufacturer-Custom-A5-Notebook-USB-Flash-Drive.jpg 797w, https:\/\/www.usborkeychain.com\/wp-content\/uploads\/Manufacturer-Custom-A5-Notebook-USB-Flash-Drive-300x228.jpg 300w, https:\/\/www.usborkeychain.com\/wp-content\/uploads\/Manufacturer-Custom-A5-Notebook-USB-Flash-Drive-768x585.jpg 768w, https:\/\/www.usborkeychain.com\/wp-content\/uploads\/Manufacturer-Custom-A5-Notebook-USB-Flash-Drive-16x12.jpg 16w, https:\/\/www.usborkeychain.com\/wp-content\/uploads\/Manufacturer-Custom-A5-Notebook-USB-Flash-Drive-600x457.jpg 600w\" sizes=\"(max-width: 797px) 100vw, 797px\" \/><\/figure>\n<\/div>\n\n\n\n<div class=\"wp-block-column is-vertically-aligned-center is-layout-flow wp-block-column-is-layout-flow\">\n<p>No ambiente de escrit\u00f3rio moderno, a unidade USB com um notebook \u00e9, sem d\u00favida, um material de escrit\u00f3rio inovador.<\/p>\n\n\n\n<p> Ele combina notebooks de diferentes especifica\u00e7\u00f5es, como A5, B5 e A6, com a fun\u00e7\u00e3o de uma unidade USB, trazendo grande conveni\u00eancia para os usu\u00e1rios.<\/p>\n<\/div>\n<\/div>\n\n\n\n<h3 class=\"wp-block-heading\">O que \u00e9 uma unidade USB com um notebook?<\/h3>\n\n\n\n<p>Uma unidade USB com um notebook \u00e9 um produto de escrit\u00f3rio com design requintado. Ele apresenta um revestimento de couro de alta qualidade, que n\u00e3o s\u00f3 tem uma textura superior, mas tamb\u00e9m pode ser adaptado a notebooks de v\u00e1rios tamanhos e modelos. Seu design exclusivo est\u00e1 na integra\u00e7\u00e3o inteligente da fivela de metal do notebook em uma unidade USB. Esse design garante a est\u00e9tica e, ao mesmo tempo, a combina\u00e7\u00e3o perfeita das fun\u00e7\u00f5es de grava\u00e7\u00e3o e armazenamento, tornando-o um companheiro para os trabalhadores de escrit\u00f3rio.<\/p>\n\n\n\n<div class=\"wp-block-columns is-layout-flex wp-container-core-columns-is-layout-28f84493 wp-block-columns-is-layout-flex\">\n<div class=\"wp-block-column is-layout-flow wp-block-column-is-layout-flow\">\n<figure class=\"wp-block-image size-full\"><img alt=\"\" decoding=\"async\" width=\"797\" height=\"607\" src=\"https:\/\/www.usborkeychain.com\/wp-content\/uploads\/Factory-Direct-A5-Notebook-Flash-Drive-with-Customization.jpg\" class=\"wp-image-3999\" srcset=\"https:\/\/www.usborkeychain.com\/wp-content\/uploads\/Factory-Direct-A5-Notebook-Flash-Drive-with-Customization.jpg 797w, https:\/\/www.usborkeychain.com\/wp-content\/uploads\/Factory-Direct-A5-Notebook-Flash-Drive-with-Customization-300x228.jpg 300w, https:\/\/www.usborkeychain.com\/wp-content\/uploads\/Factory-Direct-A5-Notebook-Flash-Drive-with-Customization-768x585.jpg 768w, https:\/\/www.usborkeychain.com\/wp-content\/uploads\/Factory-Direct-A5-Notebook-Flash-Drive-with-Customization-16x12.jpg 16w, https:\/\/www.usborkeychain.com\/wp-content\/uploads\/Factory-Direct-A5-Notebook-Flash-Drive-with-Customization-600x457.jpg 600w\" sizes=\"(max-width: 797px) 100vw, 797px\" \/><\/figure>\n<\/div>\n\n\n\n<div class=\"wp-block-column is-layout-flow wp-block-column-is-layout-flow\">\n<figure class=\"wp-block-image size-full\"><img alt=\"\" decoding=\"async\" width=\"797\" height=\"607\" src=\"https:\/\/www.usborkeychain.com\/wp-content\/uploads\/B5-Manufacturer-Customized-Notebook-USB-Stick.jpg\" class=\"wp-image-3995\" srcset=\"https:\/\/www.usborkeychain.com\/wp-content\/uploads\/B5-Manufacturer-Customized-Notebook-USB-Stick.jpg 797w, https:\/\/www.usborkeychain.com\/wp-content\/uploads\/B5-Manufacturer-Customized-Notebook-USB-Stick-300x228.jpg 300w, https:\/\/www.usborkeychain.com\/wp-content\/uploads\/B5-Manufacturer-Customized-Notebook-USB-Stick-768x585.jpg 768w, https:\/\/www.usborkeychain.com\/wp-content\/uploads\/B5-Manufacturer-Customized-Notebook-USB-Stick-16x12.jpg 16w, https:\/\/www.usborkeychain.com\/wp-content\/uploads\/B5-Manufacturer-Customized-Notebook-USB-Stick-600x457.jpg 600w\" sizes=\"(max-width: 797px) 100vw, 797px\" \/><\/figure>\n<\/div>\n<\/div>\n\n\n\n<h3 class=\"wp-block-heading\">Quais s\u00e3o os par\u00e2metros da unidade USB?<\/h3>\n\n\n\n<figure class=\"wp-block-table\"><table class=\"has-fixed-layout\"><thead><tr><th>Par\u00e2metro<\/th><th>Detalhes<\/th><\/tr><\/thead><tbody><tr><td>Tipo de interface<\/td><td>USB (a vers\u00e3o espec\u00edfica depende do produto)<\/td><\/tr><tr><td>Capacidade<\/td><td>As op\u00e7\u00f5es comuns variam de 16 GB a 256 GB (podem ser personalizadas conforme necess\u00e1rio)<\/td><\/tr><tr><td>Taxa de transfer\u00eancia de dados<\/td><td>Depende da vers\u00e3o do USB (por exemplo, o USB2.0 tem cerca de 480 Mbps, o USB3.0 tem cerca de 5 Gbps)<\/td><\/tr><tr><td>Material<\/td><td>Capa de couro de alta qualidade; as p\u00e1ginas internas podem ser selecionadas conforme necess\u00e1rio<\/td><\/tr><tr><td>Tamanho do notebook<\/td><td>Incluindo A5 (235MM\u00d7175MM), B5, A6, etc.<\/td><\/tr><\/tbody><\/table><\/figure>\n\n\n\n<h3 class=\"wp-block-heading\">A unidade USB com um notebook pode ser personalizada com um logotipo?<\/h3>\n\n\n\n<p>\u00c9 claro. Os fabricantes profissionais de unidades USB oferecem servi\u00e7os de personaliza\u00e7\u00e3o, que podem gravar logotipos na capa de couro do notebook. Essa grava\u00e7\u00e3o pode ser processada por meio de v\u00e1rias t\u00e9cnicas, como estampagem em ouro e prata, tornando o produto mais personalizado. Ele atende \u00e0s necessidades de promo\u00e7\u00e3o da marca corporativa ou de presentes pessoais e \u00e9 uma solu\u00e7\u00e3o de personaliza\u00e7\u00e3o muito pr\u00e1tica.<\/p>\n\n\n\n<div class=\"wp-block-columns is-layout-flex wp-container-core-columns-is-layout-28f84493 wp-block-columns-is-layout-flex\">\n<div class=\"wp-block-column is-layout-flow wp-block-column-is-layout-flow\">\n<figure class=\"wp-block-image size-full\"><img alt=\"\" loading=\"lazy\" decoding=\"async\" width=\"800\" height=\"800\" src=\"https:\/\/www.usborkeychain.com\/wp-content\/uploads\/A6-Notebook-Thumb-Drive-Customized-by-Manufacturer.jpg\" class=\"wp-image-3993\" srcset=\"https:\/\/www.usborkeychain.com\/wp-content\/uploads\/A6-Notebook-Thumb-Drive-Customized-by-Manufacturer.jpg 800w, https:\/\/www.usborkeychain.com\/wp-content\/uploads\/A6-Notebook-Thumb-Drive-Customized-by-Manufacturer-300x300.jpg 300w, https:\/\/www.usborkeychain.com\/wp-content\/uploads\/A6-Notebook-Thumb-Drive-Customized-by-Manufacturer-150x150.jpg 150w, https:\/\/www.usborkeychain.com\/wp-content\/uploads\/A6-Notebook-Thumb-Drive-Customized-by-Manufacturer-768x768.jpg 768w, https:\/\/www.usborkeychain.com\/wp-content\/uploads\/A6-Notebook-Thumb-Drive-Customized-by-Manufacturer-12x12.jpg 12w, https:\/\/www.usborkeychain.com\/wp-content\/uploads\/A6-Notebook-Thumb-Drive-Customized-by-Manufacturer-600x600.jpg 600w, https:\/\/www.usborkeychain.com\/wp-content\/uploads\/A6-Notebook-Thumb-Drive-Customized-by-Manufacturer-100x100.jpg 100w\" sizes=\"(max-width: 800px) 100vw, 800px\" \/><\/figure>\n<\/div>\n\n\n\n<div class=\"wp-block-column is-layout-flow wp-block-column-is-layout-flow\">\n<figure class=\"wp-block-image size-full\"><img alt=\"\" loading=\"lazy\" decoding=\"async\" width=\"800\" height=\"800\" src=\"https:\/\/www.usborkeychain.com\/wp-content\/uploads\/Factory-Customized-A6-Notebook-Flash-Storage-Drive.jpg\" class=\"wp-image-3998\" srcset=\"https:\/\/www.usborkeychain.com\/wp-content\/uploads\/Factory-Customized-A6-Notebook-Flash-Storage-Drive.jpg 800w, https:\/\/www.usborkeychain.com\/wp-content\/uploads\/Factory-Customized-A6-Notebook-Flash-Storage-Drive-300x300.jpg 300w, https:\/\/www.usborkeychain.com\/wp-content\/uploads\/Factory-Customized-A6-Notebook-Flash-Storage-Drive-150x150.jpg 150w, https:\/\/www.usborkeychain.com\/wp-content\/uploads\/Factory-Customized-A6-Notebook-Flash-Storage-Drive-768x768.jpg 768w, https:\/\/www.usborkeychain.com\/wp-content\/uploads\/Factory-Customized-A6-Notebook-Flash-Storage-Drive-12x12.jpg 12w, https:\/\/www.usborkeychain.com\/wp-content\/uploads\/Factory-Customized-A6-Notebook-Flash-Storage-Drive-600x600.jpg 600w, https:\/\/www.usborkeychain.com\/wp-content\/uploads\/Factory-Customized-A6-Notebook-Flash-Storage-Drive-100x100.jpg 100w\" sizes=\"(max-width: 800px) 100vw, 800px\" \/><\/figure>\n<\/div>\n<\/div>\n\n\n\n<div class=\"wp-block-columns is-layout-flex wp-container-core-columns-is-layout-28f84493 wp-block-columns-is-layout-flex\">\n<div class=\"wp-block-column is-layout-flow wp-block-column-is-layout-flow\">\n<figure class=\"wp-block-image size-full\"><img alt=\"\" loading=\"lazy\" decoding=\"async\" width=\"800\" height=\"800\" src=\"https:\/\/www.usborkeychain.com\/wp-content\/uploads\/Manufacturer-Direct-Custom-A5-Notebook-USB-Stick.jpg\" class=\"wp-image-4002\" srcset=\"https:\/\/www.usborkeychain.com\/wp-content\/uploads\/Manufacturer-Direct-Custom-A5-Notebook-USB-Stick.jpg 800w, https:\/\/www.usborkeychain.com\/wp-content\/uploads\/Manufacturer-Direct-Custom-A5-Notebook-USB-Stick-300x300.jpg 300w, https:\/\/www.usborkeychain.com\/wp-content\/uploads\/Manufacturer-Direct-Custom-A5-Notebook-USB-Stick-150x150.jpg 150w, https:\/\/www.usborkeychain.com\/wp-content\/uploads\/Manufacturer-Direct-Custom-A5-Notebook-USB-Stick-768x768.jpg 768w, https:\/\/www.usborkeychain.com\/wp-content\/uploads\/Manufacturer-Direct-Custom-A5-Notebook-USB-Stick-12x12.jpg 12w, https:\/\/www.usborkeychain.com\/wp-content\/uploads\/Manufacturer-Direct-Custom-A5-Notebook-USB-Stick-600x600.jpg 600w, https:\/\/www.usborkeychain.com\/wp-content\/uploads\/Manufacturer-Direct-Custom-A5-Notebook-USB-Stick-100x100.jpg 100w\" sizes=\"(max-width: 800px) 100vw, 800px\" \/><\/figure>\n<\/div>\n\n\n\n<div class=\"wp-block-column is-layout-flow wp-block-column-is-layout-flow\">\n<figure class=\"wp-block-image size-full\"><img alt=\"\" loading=\"lazy\" decoding=\"async\" width=\"800\" height=\"800\" src=\"https:\/\/www.usborkeychain.com\/wp-content\/uploads\/B5-Custom-Notebook-USB-Memory-Drive-Factory-Supply.jpg\" class=\"wp-image-3994\" srcset=\"https:\/\/www.usborkeychain.com\/wp-content\/uploads\/B5-Custom-Notebook-USB-Memory-Drive-Factory-Supply.jpg 800w, https:\/\/www.usborkeychain.com\/wp-content\/uploads\/B5-Custom-Notebook-USB-Memory-Drive-Factory-Supply-300x300.jpg 300w, https:\/\/www.usborkeychain.com\/wp-content\/uploads\/B5-Custom-Notebook-USB-Memory-Drive-Factory-Supply-150x150.jpg 150w, https:\/\/www.usborkeychain.com\/wp-content\/uploads\/B5-Custom-Notebook-USB-Memory-Drive-Factory-Supply-768x768.jpg 768w, https:\/\/www.usborkeychain.com\/wp-content\/uploads\/B5-Custom-Notebook-USB-Memory-Drive-Factory-Supply-12x12.jpg 12w, https:\/\/www.usborkeychain.com\/wp-content\/uploads\/B5-Custom-Notebook-USB-Memory-Drive-Factory-Supply-600x600.jpg 600w, https:\/\/www.usborkeychain.com\/wp-content\/uploads\/B5-Custom-Notebook-USB-Memory-Drive-Factory-Supply-100x100.jpg 100w\" sizes=\"(max-width: 800px) 100vw, 800px\" \/><\/figure>\n<\/div>\n<\/div>\n\n\n\n<h3 class=\"wp-block-heading\">Por que a unidade USB com um notebook \u00e9 adequada para conjuntos de presentes?<\/h3>\n\n\n\n<p>A unidade USB com um notebook tem grande compatibilidade. Ele pode ser combinado n\u00e3o apenas com notebooks de v\u00e1rios modelos, mas tamb\u00e9m com canetas, bancos de energia e outros produtos para formar conjuntos de presentes. Para presentes corporativos ou de neg\u00f3cios, esses conjuntos s\u00e3o pr\u00e1ticos e elegantes. Os servi\u00e7os de personaliza\u00e7\u00e3o de unidades USB podem criar conjuntos de presentes exclusivos de acordo com as necessidades do cliente, o que demonstra sinceridade e bom gosto, seja para funcion\u00e1rios ou parceiros.<\/p>\n\n\n\n<div class=\"wp-block-columns is-layout-flex wp-container-core-columns-is-layout-28f84493 wp-block-columns-is-layout-flex\">\n<div class=\"wp-block-column is-layout-flow wp-block-column-is-layout-flow\">\n<figure class=\"wp-block-image size-full\"><img alt=\"\" loading=\"lazy\" decoding=\"async\" width=\"800\" height=\"800\" src=\"https:\/\/www.usborkeychain.com\/wp-content\/uploads\/Factory-Made-B5-Notebook-Flash-Drive-with-Custom-Design.jpg\" class=\"wp-image-4000\" srcset=\"https:\/\/www.usborkeychain.com\/wp-content\/uploads\/Factory-Made-B5-Notebook-Flash-Drive-with-Custom-Design.jpg 800w, https:\/\/www.usborkeychain.com\/wp-content\/uploads\/Factory-Made-B5-Notebook-Flash-Drive-with-Custom-Design-300x300.jpg 300w, https:\/\/www.usborkeychain.com\/wp-content\/uploads\/Factory-Made-B5-Notebook-Flash-Drive-with-Custom-Design-150x150.jpg 150w, https:\/\/www.usborkeychain.com\/wp-content\/uploads\/Factory-Made-B5-Notebook-Flash-Drive-with-Custom-Design-768x768.jpg 768w, https:\/\/www.usborkeychain.com\/wp-content\/uploads\/Factory-Made-B5-Notebook-Flash-Drive-with-Custom-Design-12x12.jpg 12w, https:\/\/www.usborkeychain.com\/wp-content\/uploads\/Factory-Made-B5-Notebook-Flash-Drive-with-Custom-Design-600x600.jpg 600w, https:\/\/www.usborkeychain.com\/wp-content\/uploads\/Factory-Made-B5-Notebook-Flash-Drive-with-Custom-Design-100x100.jpg 100w\" sizes=\"(max-width: 800px) 100vw, 800px\" \/><\/figure>\n<\/div>\n\n\n\n<div class=\"wp-block-column is-layout-flow wp-block-column-is-layout-flow\">\n<figure class=\"wp-block-image size-full\"><img alt=\"\" loading=\"lazy\" decoding=\"async\" width=\"800\" height=\"800\" src=\"https:\/\/www.usborkeychain.com\/wp-content\/uploads\/Custom-Manufacturer-A5-Notebook-USB-Drive.jpg\" class=\"wp-image-3997\" srcset=\"https:\/\/www.usborkeychain.com\/wp-content\/uploads\/Custom-Manufacturer-A5-Notebook-USB-Drive.jpg 800w, https:\/\/www.usborkeychain.com\/wp-content\/uploads\/Custom-Manufacturer-A5-Notebook-USB-Drive-300x300.jpg 300w, https:\/\/www.usborkeychain.com\/wp-content\/uploads\/Custom-Manufacturer-A5-Notebook-USB-Drive-150x150.jpg 150w, https:\/\/www.usborkeychain.com\/wp-content\/uploads\/Custom-Manufacturer-A5-Notebook-USB-Drive-768x768.jpg 768w, https:\/\/www.usborkeychain.com\/wp-content\/uploads\/Custom-Manufacturer-A5-Notebook-USB-Drive-12x12.jpg 12w, https:\/\/www.usborkeychain.com\/wp-content\/uploads\/Custom-Manufacturer-A5-Notebook-USB-Drive-600x600.jpg 600w, https:\/\/www.usborkeychain.com\/wp-content\/uploads\/Custom-Manufacturer-A5-Notebook-USB-Drive-100x100.jpg 100w\" sizes=\"(max-width: 800px) 100vw, 800px\" \/><\/figure>\n<\/div>\n<\/div>\n\n\n\n<p>Em resumo, com seu design inovador, fun\u00e7\u00f5es pr\u00e1ticas e vantagens de personaliza\u00e7\u00e3o, o pen drive com notebook se tornou a escolha ideal nos mercados de escrit\u00f3rio e de presentes.<\/p>","protected":false},"excerpt":{"rendered":"<ul>\n<li>Caderno A5\u3001A6\u3001B5<\/li>\n<li>Unidade flash USB<\/li>\n<li>Muitas cores<\/li>\n<li>Pode escolher a caneta com ele<\/li>\n<li>\u00c9 poss\u00edvel escolher um banco de energia com ele<\/li>\n<\/ul>","protected":false},"featured_media":3996,"comment_status":"open","ping_status":"closed","template":"","meta":{"_seopress_robots_primary_cat":"","_seopress_titles_title":"","_seopress_titles_desc":"","_seopress_robots_index":"","site-sidebar-layout":"default","site-content-layout":"","ast-site-content-layout":"","site-content-style":"default","site-sidebar-style":"default","ast-global-header-display":"","ast-banner-title-visibility":"","ast-main-header-display":"","ast-hfb-above-header-display":"","ast-hfb-below-header-display":"","ast-hfb-mobile-header-display":"","site-post-title":"","ast-breadcrumbs-content":"","ast-featured-img":"","footer-sml-layout":"","theme-transparent-header-meta":"","adv-header-id-meta":"","stick-header-meta":"","header-above-stick-meta":"","header-main-stick-meta":"","header-below-stick-meta":"","astra-migrate-meta-layouts":"default","ast-page-background-enabled":"default","ast-page-background-meta":{"desktop":{"background-color":"var(--ast-global-color-5)","background-image":"","background-repeat":"repeat","background-position":"center center","background-size":"auto","background-attachment":"scroll","background-type":"","background-media":"","overlay-type":"","overlay-color":"","overlay-opacity":"","overlay-gradient":""},"tablet":{"background-color":"","background-image":"","background-repeat":"repeat","background-position":"center center","background-size":"auto","background-attachment":"scroll","background-type":"","background-media":"","overlay-type":"","overlay-color":"","overlay-opacity":"","overlay-gradient":""},"mobile":{"background-color":"","background-image":"","background-repeat":"repeat","background-position":"center center","background-size":"auto","background-attachment":"scroll","background-type":"","background-media":"","overlay-type":"","overlay-color":"","overlay-opacity":"","overlay-gradient":""}},"ast-content-background-meta":{"desktop":{"background-color":"var(--ast-global-color-4)","background-image":"","background-repeat":"repeat","background-position":"center center","background-size":"auto","background-attachment":"scroll","background-type":"","background-media":"","overlay-type":"","overlay-color":"","overlay-opacity":"","overlay-gradient":""},"tablet":{"background-color":"var(--ast-global-color-4)","background-image":"","background-repeat":"repeat","background-position":"center center","background-size":"auto","background-attachment":"scroll","background-type":"","background-media":"","overlay-type":"","overlay-color":"","overlay-opacity":"","overlay-gradient":""},"mobile":{"background-color":"var(--ast-global-color-4)","background-image":"","background-repeat":"repeat","background-position":"center center","background-size":"auto","background-attachment":"scroll","background-type":"","background-media":"","overlay-type":"","overlay-color":"","overlay-opacity":"","overlay-gradient":""}}},"product_brand":[],"product_cat":[99],"product_tag":[],"class_list":{"0":"post-3989","1":"product","2":"type-product","3":"status-publish","4":"has-post-thumbnail","6":"product_cat-usb-pendrive-with-notebook","7":"desktop-align-left","8":"tablet-align-left","9":"mobile-align-left","11":"first","12":"instock","13":"shipping-taxable","14":"product-type-simple"},"_links":{"self":[{"href":"https:\/\/www.usborkeychain.com\/pt\/wp-json\/wp\/v2\/product\/3989","targetHints":{"allow":["GET"]}}],"collection":[{"href":"https:\/\/www.usborkeychain.com\/pt\/wp-json\/wp\/v2\/product"}],"about":[{"href":"https:\/\/www.usborkeychain.com\/pt\/wp-json\/wp\/v2\/types\/product"}],"replies":[{"embeddable":true,"href":"https:\/\/www.usborkeychain.com\/pt\/wp-json\/wp\/v2\/comments?post=3989"}],"wp:featuredmedia":[{"embeddable":true,"href":"https:\/\/www.usborkeychain.com\/pt\/wp-json\/wp\/v2\/media\/3996"}],"wp:attachment":[{"href":"https:\/\/www.usborkeychain.com\/pt\/wp-json\/wp\/v2\/media?parent=3989"}],"wp:term":[{"taxonomy":"product_brand","embeddable":true,"href":"https:\/\/www.usborkeychain.com\/pt\/wp-json\/wp\/v2\/product_brand?post=3989"},{"taxonomy":"product_cat","embeddable":true,"href":"https:\/\/www.usborkeychain.com\/pt\/wp-json\/wp\/v2\/product_cat?post=3989"},{"taxonomy":"product_tag","embeddable":true,"href":"https:\/\/www.usborkeychain.com\/pt\/wp-json\/wp\/v2\/product_tag?post=3989"}],"curies":[{"name":"wp","href":"https:\/\/api.w.org\/{rel}","templated":true}]}}