{"id":4003,"date":"2025-07-12T09:38:09","date_gmt":"2025-07-12T09:38:09","guid":{"rendered":"https:\/\/www.usborkeychain.com\/?post_type=product&#038;p=4003"},"modified":"2025-07-12T10:22:25","modified_gmt":"2025-07-12T10:22:25","slug":"a5-b5-daolin-paper-notebook-flash-drive","status":"publish","type":"product","link":"https:\/\/www.usborkeychain.com\/pt\/produto\/a5-b5-daolin-paper-notebook-flash-drive\/","title":{"rendered":"A5\/B5 Bloco de anota\u00e7\u00f5es de papel Daolin Unidade flash"},"content":{"rendered":"<p><\/p>\n\n\n\n<div class=\"wp-block-columns is-layout-flex wp-container-core-columns-is-layout-28f84493 wp-block-columns-is-layout-flex\">\n<div class=\"wp-block-column is-layout-flow wp-block-column-is-layout-flow\">\n<figure class=\"wp-block-image size-full\"><img alt=\"\" fetchpriority=\"high\" decoding=\"async\" width=\"750\" height=\"469\" src=\"https:\/\/www.usborkeychain.com\/wp-content\/uploads\/Custom-A5-Daolin-Notebook-USB-Storage-Drive.jpg\" class=\"wp-image-4010\" srcset=\"https:\/\/www.usborkeychain.com\/wp-content\/uploads\/Custom-A5-Daolin-Notebook-USB-Storage-Drive.jpg 750w, https:\/\/www.usborkeychain.com\/wp-content\/uploads\/Custom-A5-Daolin-Notebook-USB-Storage-Drive-300x188.jpg 300w, https:\/\/www.usborkeychain.com\/wp-content\/uploads\/Custom-A5-Daolin-Notebook-USB-Storage-Drive-18x12.jpg 18w, https:\/\/www.usborkeychain.com\/wp-content\/uploads\/Custom-A5-Daolin-Notebook-USB-Storage-Drive-600x375.jpg 600w\" sizes=\"(max-width: 750px) 100vw, 750px\" \/><\/figure>\n<\/div>\n\n\n\n<div class=\"wp-block-column is-vertically-aligned-center is-layout-flow wp-block-column-is-layout-flow\">\n<p>Nos atuais ambientes de escrit\u00f3rio em ritmo acelerado, a unidade flash USB integrada a um notebook se destaca como uma ferramenta altamente funcional e inovadora. <\/p>\n\n\n\n<p>Projetado especificamente para uso profissional, este produto combina a praticidade de um caderno de papel Dowling com os recursos de armazenamento de dados de uma unidade flash USB, oferecendo uma solu\u00e7\u00e3o perfeita para as necessidades modernas do local de trabalho. <\/p>\n\n\n\n<p>Ele elimina o inc\u00f4modo de carregar notebooks e dispositivos de armazenamento separados, o que o torna um acess\u00f3rio essencial para profissionais focados em efici\u00eancia.<\/p>\n<\/div>\n<\/div>\n\n\n\n<h3 class=\"wp-block-heading\">O que \u00e9 a unidade flash USB com um notebook de papel da Dowling?<\/h3>\n\n\n\n<p>A unidade flash USB com um notebook de papel Dowling apresenta um exterior de material PU premium, garantindo durabilidade e um toque elegante. \u00c9 compat\u00edvel com v\u00e1rios tamanhos e modelos de notebook, adaptando-se facilmente \u00e0s diferentes prefer\u00eancias do usu\u00e1rio. Sua caracter\u00edstica marcante \u00e9 a unidade USB retangular de metal integrada \u00e0 fivela de metal do notebook. Longo, fino e bem projetado, esse destaque funcional mant\u00e9m o visual geral simplificado e, ao mesmo tempo, acrescenta uma funcionalidade essencial de armazenamento.<\/p>\n\n\n\n<div class=\"wp-block-columns is-layout-flex wp-container-core-columns-is-layout-9c22b1e3 wp-block-columns-is-layout-flex\">\n<div class=\"wp-block-column is-layout-flow wp-block-column-is-layout-flow\">\n<figure class=\"wp-block-image size-full\"><img alt=\"\" decoding=\"async\" width=\"800\" height=\"800\" src=\"https:\/\/www.usborkeychain.com\/wp-content\/uploads\/Manufacturer-Direct-Custom-B5-Daolin-Notebook-USB-Stick.jpg\" class=\"wp-image-4014\" srcset=\"https:\/\/www.usborkeychain.com\/wp-content\/uploads\/Manufacturer-Direct-Custom-B5-Daolin-Notebook-USB-Stick.jpg 800w, https:\/\/www.usborkeychain.com\/wp-content\/uploads\/Manufacturer-Direct-Custom-B5-Daolin-Notebook-USB-Stick-300x300.jpg 300w, https:\/\/www.usborkeychain.com\/wp-content\/uploads\/Manufacturer-Direct-Custom-B5-Daolin-Notebook-USB-Stick-150x150.jpg 150w, https:\/\/www.usborkeychain.com\/wp-content\/uploads\/Manufacturer-Direct-Custom-B5-Daolin-Notebook-USB-Stick-768x768.jpg 768w, https:\/\/www.usborkeychain.com\/wp-content\/uploads\/Manufacturer-Direct-Custom-B5-Daolin-Notebook-USB-Stick-12x12.jpg 12w, https:\/\/www.usborkeychain.com\/wp-content\/uploads\/Manufacturer-Direct-Custom-B5-Daolin-Notebook-USB-Stick-600x600.jpg 600w, https:\/\/www.usborkeychain.com\/wp-content\/uploads\/Manufacturer-Direct-Custom-B5-Daolin-Notebook-USB-Stick-100x100.jpg 100w\" sizes=\"(max-width: 800px) 100vw, 800px\" \/><\/figure>\n<\/div>\n\n\n\n<div class=\"wp-block-column is-layout-flow wp-block-column-is-layout-flow\">\n<figure class=\"wp-block-image size-full\"><img alt=\"\" decoding=\"async\" width=\"800\" height=\"800\" src=\"https:\/\/www.usborkeychain.com\/wp-content\/uploads\/Factory-Customized-A6-Daolin-Notebook-USB-Memory-Stick.jpg\" class=\"wp-image-4012\" srcset=\"https:\/\/www.usborkeychain.com\/wp-content\/uploads\/Factory-Customized-A6-Daolin-Notebook-USB-Memory-Stick.jpg 800w, https:\/\/www.usborkeychain.com\/wp-content\/uploads\/Factory-Customized-A6-Daolin-Notebook-USB-Memory-Stick-300x300.jpg 300w, https:\/\/www.usborkeychain.com\/wp-content\/uploads\/Factory-Customized-A6-Daolin-Notebook-USB-Memory-Stick-150x150.jpg 150w, https:\/\/www.usborkeychain.com\/wp-content\/uploads\/Factory-Customized-A6-Daolin-Notebook-USB-Memory-Stick-768x768.jpg 768w, https:\/\/www.usborkeychain.com\/wp-content\/uploads\/Factory-Customized-A6-Daolin-Notebook-USB-Memory-Stick-12x12.jpg 12w, https:\/\/www.usborkeychain.com\/wp-content\/uploads\/Factory-Customized-A6-Daolin-Notebook-USB-Memory-Stick-600x600.jpg 600w, https:\/\/www.usborkeychain.com\/wp-content\/uploads\/Factory-Customized-A6-Daolin-Notebook-USB-Memory-Stick-100x100.jpg 100w\" sizes=\"(max-width: 800px) 100vw, 800px\" \/><\/figure>\n<\/div>\n<\/div>\n\n\n\n<div class=\"wp-block-columns is-layout-flex wp-container-core-columns-is-layout-9c22b1e3 wp-block-columns-is-layout-flex\">\n<div class=\"wp-block-column is-layout-flow wp-block-column-is-layout-flow\">\n<figure class=\"wp-block-image size-full\"><img alt=\"\" loading=\"lazy\" decoding=\"async\" width=\"800\" height=\"800\" src=\"https:\/\/www.usborkeychain.com\/wp-content\/uploads\/A5-Daolin-Paper-Notebook-USB-Flash-Drive-Factory.jpg\" class=\"wp-image-4006\" srcset=\"https:\/\/www.usborkeychain.com\/wp-content\/uploads\/A5-Daolin-Paper-Notebook-USB-Flash-Drive-Factory.jpg 800w, https:\/\/www.usborkeychain.com\/wp-content\/uploads\/A5-Daolin-Paper-Notebook-USB-Flash-Drive-Factory-300x300.jpg 300w, https:\/\/www.usborkeychain.com\/wp-content\/uploads\/A5-Daolin-Paper-Notebook-USB-Flash-Drive-Factory-150x150.jpg 150w, https:\/\/www.usborkeychain.com\/wp-content\/uploads\/A5-Daolin-Paper-Notebook-USB-Flash-Drive-Factory-768x768.jpg 768w, https:\/\/www.usborkeychain.com\/wp-content\/uploads\/A5-Daolin-Paper-Notebook-USB-Flash-Drive-Factory-12x12.jpg 12w, https:\/\/www.usborkeychain.com\/wp-content\/uploads\/A5-Daolin-Paper-Notebook-USB-Flash-Drive-Factory-600x600.jpg 600w, https:\/\/www.usborkeychain.com\/wp-content\/uploads\/A5-Daolin-Paper-Notebook-USB-Flash-Drive-Factory-100x100.jpg 100w\" sizes=\"(max-width: 800px) 100vw, 800px\" \/><\/figure>\n<\/div>\n\n\n\n<div class=\"wp-block-column is-layout-flow wp-block-column-is-layout-flow\">\n<figure class=\"wp-block-image size-full\"><img alt=\"\" loading=\"lazy\" decoding=\"async\" width=\"800\" height=\"800\" src=\"https:\/\/www.usborkeychain.com\/wp-content\/uploads\/Manufacturer-Direct-Custom-A5-Notebook-USB-Stick.jpg\" class=\"wp-image-4002\" srcset=\"https:\/\/www.usborkeychain.com\/wp-content\/uploads\/Manufacturer-Direct-Custom-A5-Notebook-USB-Stick.jpg 800w, https:\/\/www.usborkeychain.com\/wp-content\/uploads\/Manufacturer-Direct-Custom-A5-Notebook-USB-Stick-300x300.jpg 300w, https:\/\/www.usborkeychain.com\/wp-content\/uploads\/Manufacturer-Direct-Custom-A5-Notebook-USB-Stick-150x150.jpg 150w, https:\/\/www.usborkeychain.com\/wp-content\/uploads\/Manufacturer-Direct-Custom-A5-Notebook-USB-Stick-768x768.jpg 768w, https:\/\/www.usborkeychain.com\/wp-content\/uploads\/Manufacturer-Direct-Custom-A5-Notebook-USB-Stick-12x12.jpg 12w, https:\/\/www.usborkeychain.com\/wp-content\/uploads\/Manufacturer-Direct-Custom-A5-Notebook-USB-Stick-600x600.jpg 600w, https:\/\/www.usborkeychain.com\/wp-content\/uploads\/Manufacturer-Direct-Custom-A5-Notebook-USB-Stick-100x100.jpg 100w\" sizes=\"(max-width: 800px) 100vw, 800px\" \/><\/figure>\n<\/div>\n<\/div>\n\n\n\n<h3 class=\"wp-block-heading\">Quais s\u00e3o os par\u00e2metros da unidade flash USB?<\/h3>\n\n\n\n<figure class=\"wp-block-table\"><table class=\"has-fixed-layout\"><thead><tr><th>Par\u00e2metro<\/th><th>Detalhes<\/th><\/tr><\/thead><tbody><tr><td>Material<\/td><td>PU que muda de cor<\/td><\/tr><tr><td>P\u00e1ginas internas<\/td><td>Papel Dowling de 80 gramas<\/td><\/tr><tr><td>Contagem de p\u00e1ginas<\/td><td>100 folhas (200 p\u00e1ginas)<\/td><\/tr><tr><td>Dimens\u00f5es do produto<\/td><td>145\u00d7210 mm<\/td><\/tr><tr><td>Espa\u00e7amento do n\u00facleo interno<\/td><td>8 mm<\/td><\/tr><tr><td>Tipo de n\u00facleo interno<\/td><td>N\u00facleo de notebook com revestimento horizontal<\/td><\/tr><tr><td>Material do n\u00facleo interno<\/td><td>Papel Dowling bege de 80 gramas<\/td><\/tr><tr><td>Quantidade de p\u00e1ginas internas<\/td><td>100 folhas (200 p\u00e1ginas)<\/td><\/tr><\/tbody><\/table><\/figure>\n\n\n\n<h3 class=\"wp-block-heading\">O notebook da unidade flash USB com notebook pode ser personalizado?<\/h3>\n\n\n\n<p>Com certeza. Os fabricantes de unidades USB oferecem op\u00e7\u00f5es abrangentes de personaliza\u00e7\u00e3o para o notebook. Os usu\u00e1rios podem ajustar o n\u00famero de p\u00e1ginas internas, escolher cores de capa personalizadas e at\u00e9 mesmo adicionar logotipos \u00e0 capa usando t\u00e9cnicas como grava\u00e7\u00e3o em relevo, impress\u00e3o colorida, estampagem em ouro ou prata. Esses servi\u00e7os de personaliza\u00e7\u00e3o garantem que o produto se alinhe perfeitamente \u00e0 identidade da marca ou \u00e0s prefer\u00eancias pessoais.<\/p>\n\n\n\n<div class=\"wp-block-columns is-layout-flex wp-container-core-columns-is-layout-9c22b1e3 wp-block-columns-is-layout-flex\">\n<div class=\"wp-block-column is-layout-flow wp-block-column-is-layout-flow\">\n<figure class=\"wp-block-image size-full\"><img alt=\"\" loading=\"lazy\" decoding=\"async\" width=\"750\" height=\"469\" src=\"https:\/\/www.usborkeychain.com\/wp-content\/uploads\/B5-Daolin-Paper-Notebook-Thumb-Drive.jpg\" class=\"wp-image-4009\" srcset=\"https:\/\/www.usborkeychain.com\/wp-content\/uploads\/B5-Daolin-Paper-Notebook-Thumb-Drive.jpg 750w, https:\/\/www.usborkeychain.com\/wp-content\/uploads\/B5-Daolin-Paper-Notebook-Thumb-Drive-300x188.jpg 300w, https:\/\/www.usborkeychain.com\/wp-content\/uploads\/B5-Daolin-Paper-Notebook-Thumb-Drive-18x12.jpg 18w, https:\/\/www.usborkeychain.com\/wp-content\/uploads\/B5-Daolin-Paper-Notebook-Thumb-Drive-600x375.jpg 600w\" sizes=\"(max-width: 750px) 100vw, 750px\" \/><\/figure>\n<\/div>\n\n\n\n<div class=\"wp-block-column is-layout-flow wp-block-column-is-layout-flow\">\n<figure class=\"wp-block-image size-full\"><img alt=\"\" loading=\"lazy\" decoding=\"async\" width=\"750\" height=\"469\" src=\"https:\/\/www.usborkeychain.com\/wp-content\/uploads\/A6-Daolin-Paper-Notebook-Flash-Drive-with-Factory-Customization.jpg\" class=\"wp-image-4007\" srcset=\"https:\/\/www.usborkeychain.com\/wp-content\/uploads\/A6-Daolin-Paper-Notebook-Flash-Drive-with-Factory-Customization.jpg 750w, https:\/\/www.usborkeychain.com\/wp-content\/uploads\/A6-Daolin-Paper-Notebook-Flash-Drive-with-Factory-Customization-300x188.jpg 300w, https:\/\/www.usborkeychain.com\/wp-content\/uploads\/A6-Daolin-Paper-Notebook-Flash-Drive-with-Factory-Customization-18x12.jpg 18w, https:\/\/www.usborkeychain.com\/wp-content\/uploads\/A6-Daolin-Paper-Notebook-Flash-Drive-with-Factory-Customization-600x375.jpg 600w\" sizes=\"(max-width: 750px) 100vw, 750px\" \/><\/figure>\n<\/div>\n<\/div>\n\n\n\n<h3 class=\"wp-block-heading\">Por que a unidade flash USB com um notebook \u00e9 adequada para presente?<\/h3>\n\n\n\n<p><\/p>\n\n\n\n<div class=\"wp-block-columns is-layout-flex wp-container-core-columns-is-layout-28f84493 wp-block-columns-is-layout-flex\">\n<div class=\"wp-block-column is-layout-flow wp-block-column-is-layout-flow\">\n<figure class=\"wp-block-image size-full\"><img alt=\"\" loading=\"lazy\" decoding=\"async\" width=\"745\" height=\"409\" src=\"https:\/\/www.usborkeychain.com\/wp-content\/uploads\/A6-Daolin-Paper-Notebook-Thumb-Drive-Customized-by-Manufacturer.jpg\" class=\"wp-image-4008\" srcset=\"https:\/\/www.usborkeychain.com\/wp-content\/uploads\/A6-Daolin-Paper-Notebook-Thumb-Drive-Customized-by-Manufacturer.jpg 745w, https:\/\/www.usborkeychain.com\/wp-content\/uploads\/A6-Daolin-Paper-Notebook-Thumb-Drive-Customized-by-Manufacturer-300x165.jpg 300w, https:\/\/www.usborkeychain.com\/wp-content\/uploads\/A6-Daolin-Paper-Notebook-Thumb-Drive-Customized-by-Manufacturer-18x10.jpg 18w, https:\/\/www.usborkeychain.com\/wp-content\/uploads\/A6-Daolin-Paper-Notebook-Thumb-Drive-Customized-by-Manufacturer-600x329.jpg 600w\" sizes=\"(max-width: 745px) 100vw, 745px\" \/><\/figure>\n<\/div>\n\n\n\n<div class=\"wp-block-column is-vertically-aligned-center is-layout-flow wp-block-column-is-layout-flow\">\n<p>O trabalho de escrit\u00f3rio exige inerentemente o uso de notebooks, e a adi\u00e7\u00e3o de uma unidade USB torna esse produto duplamente \u00fatil. Ele atende \u00e0s necessidades di\u00e1rias de quase todos os profissionais, combinando anota\u00e7\u00f5es e armazenamento de dados em um \u00fanico item pr\u00e1tico.<\/p>\n\n\n\n<p> Seja para presentear funcion\u00e1rios, clientes ou parceiros de neg\u00f3cios, ele atinge o equil\u00edbrio ideal entre praticidade e considera\u00e7\u00e3o, tornando-o um presente universalmente apreciado.<\/p>\n<\/div>\n<\/div>\n\n\n\n<p>Em resumo, a unidade flash USB com um notebook, com seus materiais de primeira qualidade, especifica\u00e7\u00f5es detalhadas e recursos personaliz\u00e1veis, surge como a melhor op\u00e7\u00e3o para uso no escrit\u00f3rio e para presentear.<\/p>\n\n\n\n<p><\/p>","protected":false},"excerpt":{"rendered":"<ul>\n<li>Caderno de papel Daolin A5\/B5<\/li>\n<li>Mini drive usb de metal<\/li>\n<li>A capacidade de 1 GB a 256 GB pode ser escolhida<\/li>\n<li>Muitas cores podem ser escolhidas<\/li>\n<li>Pode personalizar o LOGOTIPO<\/li>\n<\/ul>","protected":false},"featured_media":4013,"comment_status":"open","ping_status":"closed","template":"","meta":{"_seopress_robots_primary_cat":"","_seopress_titles_title":"","_seopress_titles_desc":"","_seopress_robots_index":"","site-sidebar-layout":"default","site-content-layout":"","ast-site-content-layout":"","site-content-style":"default","site-sidebar-style":"default","ast-global-header-display":"","ast-banner-title-visibility":"","ast-main-header-display":"","ast-hfb-above-header-display":"","ast-hfb-below-header-display":"","ast-hfb-mobile-header-display":"","site-post-title":"","ast-breadcrumbs-content":"","ast-featured-img":"","footer-sml-layout":"","theme-transparent-header-meta":"","adv-header-id-meta":"","stick-header-meta":"","header-above-stick-meta":"","header-main-stick-meta":"","header-below-stick-meta":"","astra-migrate-meta-layouts":"default","ast-page-background-enabled":"default","ast-page-background-meta":{"desktop":{"background-color":"var(--ast-global-color-5)","background-image":"","background-repeat":"repeat","background-position":"center center","background-size":"auto","background-attachment":"scroll","background-type":"","background-media":"","overlay-type":"","overlay-color":"","overlay-opacity":"","overlay-gradient":""},"tablet":{"background-color":"","background-image":"","background-repeat":"repeat","background-position":"center center","background-size":"auto","background-attachment":"scroll","background-type":"","background-media":"","overlay-type":"","overlay-color":"","overlay-opacity":"","overlay-gradient":""},"mobile":{"background-color":"","background-image":"","background-repeat":"repeat","background-position":"center center","background-size":"auto","background-attachment":"scroll","background-type":"","background-media":"","overlay-type":"","overlay-color":"","overlay-opacity":"","overlay-gradient":""}},"ast-content-background-meta":{"desktop":{"background-color":"var(--ast-global-color-4)","background-image":"","background-repeat":"repeat","background-position":"center center","background-size":"auto","background-attachment":"scroll","background-type":"","background-media":"","overlay-type":"","overlay-color":"","overlay-opacity":"","overlay-gradient":""},"tablet":{"background-color":"var(--ast-global-color-4)","background-image":"","background-repeat":"repeat","background-position":"center center","background-size":"auto","background-attachment":"scroll","background-type":"","background-media":"","overlay-type":"","overlay-color":"","overlay-opacity":"","overlay-gradient":""},"mobile":{"background-color":"var(--ast-global-color-4)","background-image":"","background-repeat":"repeat","background-position":"center center","background-size":"auto","background-attachment":"scroll","background-type":"","background-media":"","overlay-type":"","overlay-color":"","overlay-opacity":"","overlay-gradient":""}}},"product_brand":[],"product_cat":[99],"product_tag":[],"class_list":{"0":"post-4003","1":"product","2":"type-product","3":"status-publish","4":"has-post-thumbnail","6":"product_cat-usb-pendrive-with-notebook","7":"desktop-align-left","8":"tablet-align-left","9":"mobile-align-left","11":"first","12":"instock","13":"shipping-taxable","14":"product-type-simple"},"_links":{"self":[{"href":"https:\/\/www.usborkeychain.com\/pt\/wp-json\/wp\/v2\/product\/4003","targetHints":{"allow":["GET"]}}],"collection":[{"href":"https:\/\/www.usborkeychain.com\/pt\/wp-json\/wp\/v2\/product"}],"about":[{"href":"https:\/\/www.usborkeychain.com\/pt\/wp-json\/wp\/v2\/types\/product"}],"replies":[{"embeddable":true,"href":"https:\/\/www.usborkeychain.com\/pt\/wp-json\/wp\/v2\/comments?post=4003"}],"wp:featuredmedia":[{"embeddable":true,"href":"https:\/\/www.usborkeychain.com\/pt\/wp-json\/wp\/v2\/media\/4013"}],"wp:attachment":[{"href":"https:\/\/www.usborkeychain.com\/pt\/wp-json\/wp\/v2\/media?parent=4003"}],"wp:term":[{"taxonomy":"product_brand","embeddable":true,"href":"https:\/\/www.usborkeychain.com\/pt\/wp-json\/wp\/v2\/product_brand?post=4003"},{"taxonomy":"product_cat","embeddable":true,"href":"https:\/\/www.usborkeychain.com\/pt\/wp-json\/wp\/v2\/product_cat?post=4003"},{"taxonomy":"product_tag","embeddable":true,"href":"https:\/\/www.usborkeychain.com\/pt\/wp-json\/wp\/v2\/product_tag?post=4003"}],"curies":[{"name":"wp","href":"https:\/\/api.w.org\/{rel}","templated":true}]}}