{"id":4015,"date":"2025-07-12T10:15:29","date_gmt":"2025-07-12T10:15:29","guid":{"rendered":"https:\/\/www.usborkeychain.com\/?post_type=product&#038;p=4015"},"modified":"2025-07-12T10:22:36","modified_gmt":"2025-07-12T10:22:36","slug":"metal-usb-flash-drive-with-diamond-and-notebook","status":"publish","type":"product","link":"https:\/\/www.usborkeychain.com\/pt\/produto\/metal-usb-flash-drive-with-diamond-and-notebook\/","title":{"rendered":"Unidade flash USB de metal com diamante e bloco de notas"},"content":{"rendered":"<p><\/p>\n\n\n\n<div class=\"wp-block-columns is-layout-flex wp-container-core-columns-is-layout-28f84493 wp-block-columns-is-layout-flex\">\n<div class=\"wp-block-column is-layout-flow wp-block-column-is-layout-flow\">\n<figure class=\"wp-block-image size-full\"><img fetchpriority=\"high\" decoding=\"async\" width=\"800\" height=\"800\" src=\"https:\/\/www.usborkeychain.com\/wp-content\/uploads\/Personalized-Notebook-with-USB-Flash-pendrive.jpg\" alt=\"Personalized-Notebook-with-USB-Flash-pendrive\" class=\"wp-image-4022\" srcset=\"https:\/\/www.usborkeychain.com\/wp-content\/uploads\/Personalized-Notebook-with-USB-Flash-pendrive.jpg 800w, https:\/\/www.usborkeychain.com\/wp-content\/uploads\/Personalized-Notebook-with-USB-Flash-pendrive-300x300.jpg 300w, https:\/\/www.usborkeychain.com\/wp-content\/uploads\/Personalized-Notebook-with-USB-Flash-pendrive-150x150.jpg 150w, https:\/\/www.usborkeychain.com\/wp-content\/uploads\/Personalized-Notebook-with-USB-Flash-pendrive-768x768.jpg 768w, https:\/\/www.usborkeychain.com\/wp-content\/uploads\/Personalized-Notebook-with-USB-Flash-pendrive-12x12.jpg 12w, https:\/\/www.usborkeychain.com\/wp-content\/uploads\/Personalized-Notebook-with-USB-Flash-pendrive-600x600.jpg 600w, https:\/\/www.usborkeychain.com\/wp-content\/uploads\/Personalized-Notebook-with-USB-Flash-pendrive-100x100.jpg 100w\" sizes=\"(max-width: 800px) 100vw, 800px\" \/><\/figure>\n<\/div>\n\n\n\n<div class=\"wp-block-column is-vertically-aligned-center is-layout-flow wp-block-column-is-layout-flow\">\n<p>Na era atual de busca por personaliza\u00e7\u00e3o e alta qualidade, o pen drive de metal para notebook com diamantes se destaca. Ele combina perfeitamente elementos de moda com fun\u00e7\u00f5es pr\u00e1ticas por meio de seu design exclusivo. <\/p>\n\n\n\n<p>Ele \u00e9 muito apreciado pelos consumidores. Com delicados diamantes embutidos na concha externa, sua forma alongada e o material met\u00e1lico demonstram luxo.<\/p>\n<\/div>\n<\/div>\n\n\n\n<h3 class=\"wp-block-heading\">Qual \u00e9 o material usado para a unidade USB do notebook de metal com diamantes?<\/h3>\n\n\n\n<p>Essa unidade USB \u00e9 feita de metal de alta qualidade. A moldura c\u00f4ncava e convexa em torno dele n\u00e3o s\u00f3 aumenta a est\u00e9tica, mas tamb\u00e9m evita o desgaste at\u00e9 certo ponto. A incorpora\u00e7\u00e3o de diamantes \u00e9 o toque final, fazendo com que o drive USB pare\u00e7a mais sofisticado. O design alongado \u00e9 simples e elegante, o que \u00e9 um estilo cl\u00e1ssico entre as unidades USB para notebook. Os fabricantes de unidades USB s\u00e3o muito cuidadosos com a sele\u00e7\u00e3o de materiais para garantir a textura e a durabilidade do produto.<\/p>\n\n\n\n<div class=\"wp-block-columns is-layout-flex wp-container-core-columns-is-layout-28f84493 wp-block-columns-is-layout-flex\">\n<div class=\"wp-block-column is-layout-flow wp-block-column-is-layout-flow\">\n<figure class=\"wp-block-image size-full\"><img decoding=\"async\" width=\"800\" height=\"800\" src=\"https:\/\/www.usborkeychain.com\/wp-content\/uploads\/A5-Notebook-Diary-with-USB-Flash-Drive.jpg\" alt=\"A5-Notebook-Diary-with-USB-Flash-Drive\" class=\"wp-image-4019\" srcset=\"https:\/\/www.usborkeychain.com\/wp-content\/uploads\/A5-Notebook-Diary-with-USB-Flash-Drive.jpg 800w, https:\/\/www.usborkeychain.com\/wp-content\/uploads\/A5-Notebook-Diary-with-USB-Flash-Drive-300x300.jpg 300w, https:\/\/www.usborkeychain.com\/wp-content\/uploads\/A5-Notebook-Diary-with-USB-Flash-Drive-150x150.jpg 150w, https:\/\/www.usborkeychain.com\/wp-content\/uploads\/A5-Notebook-Diary-with-USB-Flash-Drive-768x768.jpg 768w, https:\/\/www.usborkeychain.com\/wp-content\/uploads\/A5-Notebook-Diary-with-USB-Flash-Drive-12x12.jpg 12w, https:\/\/www.usborkeychain.com\/wp-content\/uploads\/A5-Notebook-Diary-with-USB-Flash-Drive-600x600.jpg 600w, https:\/\/www.usborkeychain.com\/wp-content\/uploads\/A5-Notebook-Diary-with-USB-Flash-Drive-100x100.jpg 100w\" sizes=\"(max-width: 800px) 100vw, 800px\" \/><\/figure>\n<\/div>\n\n\n\n<div class=\"wp-block-column is-layout-flow wp-block-column-is-layout-flow\">\n<figure class=\"wp-block-image size-full\"><img decoding=\"async\" width=\"800\" height=\"800\" src=\"https:\/\/www.usborkeychain.com\/wp-content\/uploads\/gold-Personalized-Notebook-with-USB-Flash-Drive.jpg\" alt=\"gold-Personalized-Notebook-with-USB-Flash-Drive\" class=\"wp-image-4020\" srcset=\"https:\/\/www.usborkeychain.com\/wp-content\/uploads\/gold-Personalized-Notebook-with-USB-Flash-Drive.jpg 800w, https:\/\/www.usborkeychain.com\/wp-content\/uploads\/gold-Personalized-Notebook-with-USB-Flash-Drive-300x300.jpg 300w, https:\/\/www.usborkeychain.com\/wp-content\/uploads\/gold-Personalized-Notebook-with-USB-Flash-Drive-150x150.jpg 150w, https:\/\/www.usborkeychain.com\/wp-content\/uploads\/gold-Personalized-Notebook-with-USB-Flash-Drive-768x768.jpg 768w, https:\/\/www.usborkeychain.com\/wp-content\/uploads\/gold-Personalized-Notebook-with-USB-Flash-Drive-12x12.jpg 12w, https:\/\/www.usborkeychain.com\/wp-content\/uploads\/gold-Personalized-Notebook-with-USB-Flash-Drive-600x600.jpg 600w, https:\/\/www.usborkeychain.com\/wp-content\/uploads\/gold-Personalized-Notebook-with-USB-Flash-Drive-100x100.jpg 100w\" sizes=\"(max-width: 800px) 100vw, 800px\" \/><\/figure>\n<\/div>\n<\/div>\n\n\n\n<h3 class=\"wp-block-heading\">Quais s\u00e3o os par\u00e2metros da unidade USB?<\/h3>\n\n\n\n<figure class=\"wp-block-table\"><table class=\"has-fixed-layout\"><thead><tr><th>Par\u00e2metro<\/th><th>Detalhes<\/th><\/tr><\/thead><tbody><tr><td>Material<\/td><td>Metal de alta qualidade<\/td><\/tr><tr><td>Decora\u00e7\u00e3o<\/td><td>Diamantes<\/td><\/tr><tr><td>Forma<\/td><td>Alongado<\/td><\/tr><tr><td>Op\u00e7\u00f5es de notebook<\/td><td>V\u00e1rios modelos, como A5, B5, A6, B6, etc. O n\u00famero de p\u00e1ginas e os tipos de papel das p\u00e1ginas internas podem ser selecionados conforme necess\u00e1rio.<\/td><\/tr><\/tbody><\/table><\/figure>\n\n\n\n<h3 class=\"wp-block-heading\">Quais s\u00e3o as cores dispon\u00edveis para a unidade USB de metal para notebook com diamantes?<\/h3>\n\n\n\n<p><\/p>\n\n\n\n<div class=\"wp-block-columns is-layout-flex wp-container-core-columns-is-layout-28f84493 wp-block-columns-is-layout-flex\">\n<div class=\"wp-block-column is-layout-flow wp-block-column-is-layout-flow\">\n<figure class=\"wp-block-image size-full\"><img loading=\"lazy\" decoding=\"async\" width=\"800\" height=\"800\" src=\"https:\/\/www.usborkeychain.com\/wp-content\/uploads\/Personalized-Notebook-with-USB-Flash-Drive-128gb.jpg\" alt=\"Personalized-Notebook-with-USB-Flash-Drive-128gb\" class=\"wp-image-4021\" srcset=\"https:\/\/www.usborkeychain.com\/wp-content\/uploads\/Personalized-Notebook-with-USB-Flash-Drive-128gb.jpg 800w, https:\/\/www.usborkeychain.com\/wp-content\/uploads\/Personalized-Notebook-with-USB-Flash-Drive-128gb-300x300.jpg 300w, https:\/\/www.usborkeychain.com\/wp-content\/uploads\/Personalized-Notebook-with-USB-Flash-Drive-128gb-150x150.jpg 150w, https:\/\/www.usborkeychain.com\/wp-content\/uploads\/Personalized-Notebook-with-USB-Flash-Drive-128gb-768x768.jpg 768w, https:\/\/www.usborkeychain.com\/wp-content\/uploads\/Personalized-Notebook-with-USB-Flash-Drive-128gb-12x12.jpg 12w, https:\/\/www.usborkeychain.com\/wp-content\/uploads\/Personalized-Notebook-with-USB-Flash-Drive-128gb-600x600.jpg 600w, https:\/\/www.usborkeychain.com\/wp-content\/uploads\/Personalized-Notebook-with-USB-Flash-Drive-128gb-100x100.jpg 100w\" sizes=\"(max-width: 800px) 100vw, 800px\" \/><\/figure>\n<\/div>\n\n\n\n<div class=\"wp-block-column is-vertically-aligned-center is-layout-flow wp-block-column-is-layout-flow\">\n<p>Atualmente, o pen drive de metal para notebook com diamantes vem principalmente em duas cores: dourado e prateado. A cor prata \u00e9 mais popular no mercado devido ao seu estilo simples e elegante.<\/p>\n\n\n\n<p> J\u00e1 a cor dourada \u00e9 mais adequada para combina\u00e7\u00f5es de conjuntos de alta qualidade, o que pode demonstrar nobreza e luxo. Os servi\u00e7os de personaliza\u00e7\u00e3o de unidades USB podem projetar cores de forma inovadora de acordo com as necessidades do cliente.<\/p>\n<\/div>\n<\/div>\n\n\n\n<h3 class=\"wp-block-heading\">Como instalar a unidade USB do notebook de metal?<\/h3>\n\n\n\n<p>O m\u00e9todo de instala\u00e7\u00e3o \u00e9 relativamente simples. Uma maneira \u00e9 inserir diretamente a unidade USB no slot de cart\u00e3o pr\u00e9-projetado do notebook e garantir que ele esteja est\u00e1vel. Outra maneira \u00e9 transformar diretamente a unidade USB em um estilo de fivela, o que \u00e9 mais conveniente e r\u00e1pido de usar e tamb\u00e9m aumenta a integridade do produto.<\/p>\n\n\n\n<p>Concluindo, o pen drive de metal para notebook com diamantes se tornou um produto altamente competitivo no mercado com seus materiais de alta qualidade, apar\u00eancia moderna e m\u00e9todos pr\u00e1ticos de instala\u00e7\u00e3o. Ele \u00e9 muito adequado tanto para o uso di\u00e1rio quanto para presentear.<\/p>","protected":false},"excerpt":{"rendered":"<ul>\n<li>Estilo mini<\/li>\n<li>Unidade flash USB de metal<\/li>\n<li>Com diamante e bloco de notas<\/li>\n<li>Logotipo personalizado<\/li>\n<li>MOQ: 100 PE\u00c7AS<\/li>\n<li><\/li>\n<\/ul>","protected":false},"featured_media":4022,"comment_status":"open","ping_status":"closed","template":"","meta":{"_seopress_robots_primary_cat":"","_seopress_titles_title":"","_seopress_titles_desc":"","_seopress_robots_index":"","site-sidebar-layout":"default","site-content-layout":"","ast-site-content-layout":"","site-content-style":"default","site-sidebar-style":"default","ast-global-header-display":"","ast-banner-title-visibility":"","ast-main-header-display":"","ast-hfb-above-header-display":"","ast-hfb-below-header-display":"","ast-hfb-mobile-header-display":"","site-post-title":"","ast-breadcrumbs-content":"","ast-featured-img":"","footer-sml-layout":"","theme-transparent-header-meta":"","adv-header-id-meta":"","stick-header-meta":"","header-above-stick-meta":"","header-main-stick-meta":"","header-below-stick-meta":"","astra-migrate-meta-layouts":"default","ast-page-background-enabled":"default","ast-page-background-meta":{"desktop":{"background-color":"var(--ast-global-color-5)","background-image":"","background-repeat":"repeat","background-position":"center center","background-size":"auto","background-attachment":"scroll","background-type":"","background-media":"","overlay-type":"","overlay-color":"","overlay-opacity":"","overlay-gradient":""},"tablet":{"background-color":"","background-image":"","background-repeat":"repeat","background-position":"center center","background-size":"auto","background-attachment":"scroll","background-type":"","background-media":"","overlay-type":"","overlay-color":"","overlay-opacity":"","overlay-gradient":""},"mobile":{"background-color":"","background-image":"","background-repeat":"repeat","background-position":"center center","background-size":"auto","background-attachment":"scroll","background-type":"","background-media":"","overlay-type":"","overlay-color":"","overlay-opacity":"","overlay-gradient":""}},"ast-content-background-meta":{"desktop":{"background-color":"var(--ast-global-color-4)","background-image":"","background-repeat":"repeat","background-position":"center center","background-size":"auto","background-attachment":"scroll","background-type":"","background-media":"","overlay-type":"","overlay-color":"","overlay-opacity":"","overlay-gradient":""},"tablet":{"background-color":"var(--ast-global-color-4)","background-image":"","background-repeat":"repeat","background-position":"center center","background-size":"auto","background-attachment":"scroll","background-type":"","background-media":"","overlay-type":"","overlay-color":"","overlay-opacity":"","overlay-gradient":""},"mobile":{"background-color":"var(--ast-global-color-4)","background-image":"","background-repeat":"repeat","background-position":"center center","background-size":"auto","background-attachment":"scroll","background-type":"","background-media":"","overlay-type":"","overlay-color":"","overlay-opacity":"","overlay-gradient":""}}},"product_brand":[],"product_cat":[99],"product_tag":[],"class_list":{"0":"post-4015","1":"product","2":"type-product","3":"status-publish","4":"has-post-thumbnail","6":"product_cat-usb-pendrive-with-notebook","7":"desktop-align-left","8":"tablet-align-left","9":"mobile-align-left","11":"first","12":"instock","13":"shipping-taxable","14":"product-type-simple"},"_links":{"self":[{"href":"https:\/\/www.usborkeychain.com\/pt\/wp-json\/wp\/v2\/product\/4015","targetHints":{"allow":["GET"]}}],"collection":[{"href":"https:\/\/www.usborkeychain.com\/pt\/wp-json\/wp\/v2\/product"}],"about":[{"href":"https:\/\/www.usborkeychain.com\/pt\/wp-json\/wp\/v2\/types\/product"}],"replies":[{"embeddable":true,"href":"https:\/\/www.usborkeychain.com\/pt\/wp-json\/wp\/v2\/comments?post=4015"}],"wp:featuredmedia":[{"embeddable":true,"href":"https:\/\/www.usborkeychain.com\/pt\/wp-json\/wp\/v2\/media\/4022"}],"wp:attachment":[{"href":"https:\/\/www.usborkeychain.com\/pt\/wp-json\/wp\/v2\/media?parent=4015"}],"wp:term":[{"taxonomy":"product_brand","embeddable":true,"href":"https:\/\/www.usborkeychain.com\/pt\/wp-json\/wp\/v2\/product_brand?post=4015"},{"taxonomy":"product_cat","embeddable":true,"href":"https:\/\/www.usborkeychain.com\/pt\/wp-json\/wp\/v2\/product_cat?post=4015"},{"taxonomy":"product_tag","embeddable":true,"href":"https:\/\/www.usborkeychain.com\/pt\/wp-json\/wp\/v2\/product_tag?post=4015"}],"curies":[{"name":"wp","href":"https:\/\/api.w.org\/{rel}","templated":true}]}}