{"id":4023,"date":"2025-07-12T12:22:49","date_gmt":"2025-07-12T12:22:49","guid":{"rendered":"https:\/\/www.usborkeychain.com\/?post_type=product&#038;p=4023"},"modified":"2025-07-18T02:26:37","modified_gmt":"2025-07-18T02:26:37","slug":"hp-750w-metal-usb-flash-drive-with-keychain","status":"publish","type":"product","link":"https:\/\/www.usborkeychain.com\/pt\/produto\/hp-750w-metal-usb-flash-drive-with-keychain\/","title":{"rendered":"Unidade flash USB de metal HP 750W com chaveiro"},"content":{"rendered":"<p><\/p>\n\n\n\n<div class=\"wp-block-columns is-layout-flex wp-container-core-columns-is-layout-28f84493 wp-block-columns-is-layout-flex\">\n<div class=\"wp-block-column is-layout-flow wp-block-column-is-layout-flow\">\n<figure class=\"wp-block-image size-full\"><img fetchpriority=\"high\" decoding=\"async\" width=\"800\" height=\"800\" src=\"https:\/\/www.usborkeychain.com\/wp-content\/uploads\/HP-V150W-32GB-USB-3.0-Flash-Drive-manufacturer.jpg\" alt=\"HP V150W 32GB USB 3.0 Flash Drive manufacturer\" class=\"wp-image-4033\" srcset=\"https:\/\/www.usborkeychain.com\/wp-content\/uploads\/HP-V150W-32GB-USB-3.0-Flash-Drive-manufacturer.jpg 800w, https:\/\/www.usborkeychain.com\/wp-content\/uploads\/HP-V150W-32GB-USB-3.0-Flash-Drive-manufacturer-300x300.jpg 300w, https:\/\/www.usborkeychain.com\/wp-content\/uploads\/HP-V150W-32GB-USB-3.0-Flash-Drive-manufacturer-150x150.jpg 150w, https:\/\/www.usborkeychain.com\/wp-content\/uploads\/HP-V150W-32GB-USB-3.0-Flash-Drive-manufacturer-768x768.jpg 768w, https:\/\/www.usborkeychain.com\/wp-content\/uploads\/HP-V150W-32GB-USB-3.0-Flash-Drive-manufacturer-12x12.jpg 12w, https:\/\/www.usborkeychain.com\/wp-content\/uploads\/HP-V150W-32GB-USB-3.0-Flash-Drive-manufacturer-600x600.jpg 600w, https:\/\/www.usborkeychain.com\/wp-content\/uploads\/HP-V150W-32GB-USB-3.0-Flash-Drive-manufacturer-100x100.jpg 100w\" sizes=\"(max-width: 800px) 100vw, 800px\" \/><\/figure>\n<\/div>\n\n\n\n<div class=\"wp-block-column is-vertically-aligned-center is-layout-flow wp-block-column-is-layout-flow\">\n<p>A unidade flash USB HP 750W \u00e9 um modelo cl\u00e1ssico que \u00e9 popular h\u00e1 20 anos. Juntamente com o modelo SE09, s\u00e3o os dois modelos com o maior volume de pedidos.<\/p>\n\n\n\n<p> Ele apresenta o design de fivela de tigre como seu principal destaque, combinado com material totalmente met\u00e1lico e capacidade de transmiss\u00e3o de alta velocidade. Ele n\u00e3o \u00e9 apenas altamente pr\u00e1tico, mas tamb\u00e9m apresenta textura e durabilidade. <\/p>\n\n\n\n<p>H\u00e1 muito tempo, ele est\u00e1 no topo da lista de volume de pedidos dos fabricantes de unidades USB e \u00e9 a primeira op\u00e7\u00e3o para muitos consumidores e empresas.<\/p>\n<\/div>\n<\/div>\n\n\n\n<h3 class=\"wp-block-heading\">Quais s\u00e3o os recursos da unidade flash USB HP 750W?<\/h3>\n\n\n\n<p>A unidade flash USB HP 750W tem caracter\u00edsticas distintas. Primeiramente, ele tem o ic\u00f4nico design de fecho de seguran\u00e7a com fivela de tigre. Quando apertado, ele fica firme e seguro, o que pode evitar que a interface da unidade USB caia acidentalmente ou fique empoeirada, protegendo assim o chip interno. Em segundo lugar, ele \u00e9 feito de material totalmente met\u00e1lico. O inv\u00f3lucro de metal de alta qualidade, ap\u00f3s um polimento fino, n\u00e3o s\u00f3 \u00e9 resistente a quedas e desgaste, mas tamb\u00e9m tem uma textura calma de estilo industrial. Por fim, ele \u00e9 equipado com uma interface USB 3.2 Gen 1 de alta velocidade, com uma velocidade de leitura de at\u00e9 450 MB\/s e uma velocidade de grava\u00e7\u00e3o de 30 MB\/s, atendendo \u00e0 demanda por transmiss\u00e3o r\u00e1pida de arquivos.<\/p>\n\n\n\n<div class=\"wp-block-columns is-layout-flex wp-container-core-columns-is-layout-9c22b1e3 wp-block-columns-is-layout-flex\">\n<div class=\"wp-block-column is-layout-flow wp-block-column-is-layout-flow\">\n<figure class=\"wp-block-image size-full\"><img alt=\"\" decoding=\"async\" width=\"800\" height=\"800\" src=\"https:\/\/www.usborkeychain.com\/wp-content\/uploads\/HP-V150W-32GB-USB-Flash-Drive.jpg\" class=\"wp-image-4035\" srcset=\"https:\/\/www.usborkeychain.com\/wp-content\/uploads\/HP-V150W-32GB-USB-Flash-Drive.jpg 800w, https:\/\/www.usborkeychain.com\/wp-content\/uploads\/HP-V150W-32GB-USB-Flash-Drive-300x300.jpg 300w, https:\/\/www.usborkeychain.com\/wp-content\/uploads\/HP-V150W-32GB-USB-Flash-Drive-150x150.jpg 150w, https:\/\/www.usborkeychain.com\/wp-content\/uploads\/HP-V150W-32GB-USB-Flash-Drive-768x768.jpg 768w, https:\/\/www.usborkeychain.com\/wp-content\/uploads\/HP-V150W-32GB-USB-Flash-Drive-12x12.jpg 12w, https:\/\/www.usborkeychain.com\/wp-content\/uploads\/HP-V150W-32GB-USB-Flash-Drive-600x600.jpg 600w, https:\/\/www.usborkeychain.com\/wp-content\/uploads\/HP-V150W-32GB-USB-Flash-Drive-100x100.jpg 100w\" sizes=\"(max-width: 800px) 100vw, 800px\" \/><\/figure>\n<\/div>\n\n\n\n<div class=\"wp-block-column is-layout-flow wp-block-column-is-layout-flow\">\n<figure class=\"wp-block-image size-full\"><img alt=\"\" decoding=\"async\" width=\"800\" height=\"800\" src=\"https:\/\/www.usborkeychain.com\/wp-content\/uploads\/HP-V150W-32GB-USB-2.0-Flash-Drive-Blue.jpg\" class=\"wp-image-4032\" srcset=\"https:\/\/www.usborkeychain.com\/wp-content\/uploads\/HP-V150W-32GB-USB-2.0-Flash-Drive-Blue.jpg 800w, https:\/\/www.usborkeychain.com\/wp-content\/uploads\/HP-V150W-32GB-USB-2.0-Flash-Drive-Blue-300x300.jpg 300w, https:\/\/www.usborkeychain.com\/wp-content\/uploads\/HP-V150W-32GB-USB-2.0-Flash-Drive-Blue-150x150.jpg 150w, https:\/\/www.usborkeychain.com\/wp-content\/uploads\/HP-V150W-32GB-USB-2.0-Flash-Drive-Blue-768x768.jpg 768w, https:\/\/www.usborkeychain.com\/wp-content\/uploads\/HP-V150W-32GB-USB-2.0-Flash-Drive-Blue-12x12.jpg 12w, https:\/\/www.usborkeychain.com\/wp-content\/uploads\/HP-V150W-32GB-USB-2.0-Flash-Drive-Blue-600x600.jpg 600w, https:\/\/www.usborkeychain.com\/wp-content\/uploads\/HP-V150W-32GB-USB-2.0-Flash-Drive-Blue-100x100.jpg 100w\" sizes=\"(max-width: 800px) 100vw, 800px\" \/><\/figure>\n<\/div>\n\n\n\n<div class=\"wp-block-column is-layout-flow wp-block-column-is-layout-flow\">\n<figure class=\"wp-block-image size-full\"><img alt=\"\" loading=\"lazy\" decoding=\"async\" width=\"800\" height=\"800\" src=\"https:\/\/www.usborkeychain.com\/wp-content\/uploads\/gold-HP-750W-USB-Flash-Drive.jpg\" class=\"wp-image-4027\" srcset=\"https:\/\/www.usborkeychain.com\/wp-content\/uploads\/gold-HP-750W-USB-Flash-Drive.jpg 800w, https:\/\/www.usborkeychain.com\/wp-content\/uploads\/gold-HP-750W-USB-Flash-Drive-300x300.jpg 300w, https:\/\/www.usborkeychain.com\/wp-content\/uploads\/gold-HP-750W-USB-Flash-Drive-150x150.jpg 150w, https:\/\/www.usborkeychain.com\/wp-content\/uploads\/gold-HP-750W-USB-Flash-Drive-768x768.jpg 768w, https:\/\/www.usborkeychain.com\/wp-content\/uploads\/gold-HP-750W-USB-Flash-Drive-12x12.jpg 12w, https:\/\/www.usborkeychain.com\/wp-content\/uploads\/gold-HP-750W-USB-Flash-Drive-600x600.jpg 600w, https:\/\/www.usborkeychain.com\/wp-content\/uploads\/gold-HP-750W-USB-Flash-Drive-100x100.jpg 100w\" sizes=\"(max-width: 800px) 100vw, 800px\" \/><\/figure>\n<\/div>\n<\/div>\n\n\n\n<h3 class=\"wp-block-heading\">Por que a unidade flash USB HP 750W \u00e9 o modelo mais popular?<\/h3>\n\n\n\n<p>O motivo pelo qual essa unidade USB tem sido bem vendida h\u00e1 muito tempo \u00e9 a conveni\u00eancia proporcionada pelo design de inser\u00e7\u00e3o direta com fivela de tigre - n\u00e3o h\u00e1 necessidade de conectar ou desconectar a tampa. Voc\u00ea pode expor a interface deslizando suavemente a fivela de tigre e empurr\u00e1-la de volta para proteger a interface ap\u00f3s o uso, tornando a opera\u00e7\u00e3o simples e eficiente. Desde o seu lan\u00e7amento, com base em sua apar\u00eancia cl\u00e1ssica e fun\u00e7\u00f5es pr\u00e1ticas, ele se tornou um modelo popular por 20 anos consecutivos. A demanda por personaliza\u00e7\u00e3o de unidades USB tamb\u00e9m se manteve alta durante todo o ano, confirmando plenamente seu reconhecimento no mercado.<\/p>\n\n\n\n<div class=\"wp-block-columns is-layout-flex wp-container-core-columns-is-layout-28f84493 wp-block-columns-is-layout-flex\">\n<div class=\"wp-block-column is-layout-flow wp-block-column-is-layout-flow\">\n<figure class=\"wp-block-image size-full\"><img alt=\"\" loading=\"lazy\" decoding=\"async\" width=\"800\" height=\"800\" src=\"https:\/\/www.usborkeychain.com\/wp-content\/uploads\/HP-v150w-USB-2.0-Flash-Drive.jpg\" class=\"wp-image-4036\" srcset=\"https:\/\/www.usborkeychain.com\/wp-content\/uploads\/HP-v150w-USB-2.0-Flash-Drive.jpg 800w, https:\/\/www.usborkeychain.com\/wp-content\/uploads\/HP-v150w-USB-2.0-Flash-Drive-300x300.jpg 300w, https:\/\/www.usborkeychain.com\/wp-content\/uploads\/HP-v150w-USB-2.0-Flash-Drive-150x150.jpg 150w, https:\/\/www.usborkeychain.com\/wp-content\/uploads\/HP-v150w-USB-2.0-Flash-Drive-768x768.jpg 768w, https:\/\/www.usborkeychain.com\/wp-content\/uploads\/HP-v150w-USB-2.0-Flash-Drive-12x12.jpg 12w, https:\/\/www.usborkeychain.com\/wp-content\/uploads\/HP-v150w-USB-2.0-Flash-Drive-600x600.jpg 600w, https:\/\/www.usborkeychain.com\/wp-content\/uploads\/HP-v150w-USB-2.0-Flash-Drive-100x100.jpg 100w\" sizes=\"(max-width: 800px) 100vw, 800px\" \/><\/figure>\n<\/div>\n\n\n\n<div class=\"wp-block-column is-layout-flow wp-block-column-is-layout-flow\">\n<figure class=\"wp-block-image size-full\"><img alt=\"\" loading=\"lazy\" decoding=\"async\" width=\"800\" height=\"800\" src=\"https:\/\/www.usborkeychain.com\/wp-content\/uploads\/silver-HP-750W-USB-Flash-Drive.jpg\" class=\"wp-image-4037\" srcset=\"https:\/\/www.usborkeychain.com\/wp-content\/uploads\/silver-HP-750W-USB-Flash-Drive.jpg 800w, https:\/\/www.usborkeychain.com\/wp-content\/uploads\/silver-HP-750W-USB-Flash-Drive-300x300.jpg 300w, https:\/\/www.usborkeychain.com\/wp-content\/uploads\/silver-HP-750W-USB-Flash-Drive-150x150.jpg 150w, https:\/\/www.usborkeychain.com\/wp-content\/uploads\/silver-HP-750W-USB-Flash-Drive-768x768.jpg 768w, https:\/\/www.usborkeychain.com\/wp-content\/uploads\/silver-HP-750W-USB-Flash-Drive-12x12.jpg 12w, https:\/\/www.usborkeychain.com\/wp-content\/uploads\/silver-HP-750W-USB-Flash-Drive-600x600.jpg 600w, https:\/\/www.usborkeychain.com\/wp-content\/uploads\/silver-HP-750W-USB-Flash-Drive-100x100.jpg 100w\" sizes=\"(max-width: 800px) 100vw, 800px\" \/><\/figure>\n<\/div>\n<\/div>\n\n\n\n<h3 class=\"wp-block-heading\">Para quais setores a unidade flash USB HP 750W \u00e9 adequada como presente?<\/h3>\n\n\n\n<p>O setor financeiro \u00e9 adequado para us\u00e1-lo como um presente para os clientes. Porque o design de seguran\u00e7a da fivela de tigre simboliza a seguran\u00e7a dos dados, o que \u00e9 altamente consistente com a necessidade de prote\u00e7\u00e3o de informa\u00e7\u00f5es no campo financeiro. A personaliza\u00e7\u00e3o do logotipo da empresa tamb\u00e9m pode fortalecer a imagem profissional da marca.<\/p>\n\n\n\n<div class=\"wp-block-columns is-layout-flex wp-container-core-columns-is-layout-28f84493 wp-block-columns-is-layout-flex\">\n<div class=\"wp-block-column is-layout-flow wp-block-column-is-layout-flow\">\n<figure class=\"wp-block-image size-full\"><img alt=\"\" loading=\"lazy\" decoding=\"async\" width=\"800\" height=\"800\" src=\"https:\/\/www.usborkeychain.com\/wp-content\/uploads\/HP-V150W-32GB-USB-3.0-Flash-Drive.jpg\" class=\"wp-image-4034\" srcset=\"https:\/\/www.usborkeychain.com\/wp-content\/uploads\/HP-V150W-32GB-USB-3.0-Flash-Drive.jpg 800w, https:\/\/www.usborkeychain.com\/wp-content\/uploads\/HP-V150W-32GB-USB-3.0-Flash-Drive-300x300.jpg 300w, https:\/\/www.usborkeychain.com\/wp-content\/uploads\/HP-V150W-32GB-USB-3.0-Flash-Drive-150x150.jpg 150w, https:\/\/www.usborkeychain.com\/wp-content\/uploads\/HP-V150W-32GB-USB-3.0-Flash-Drive-768x768.jpg 768w, https:\/\/www.usborkeychain.com\/wp-content\/uploads\/HP-V150W-32GB-USB-3.0-Flash-Drive-12x12.jpg 12w, https:\/\/www.usborkeychain.com\/wp-content\/uploads\/HP-V150W-32GB-USB-3.0-Flash-Drive-600x600.jpg 600w, https:\/\/www.usborkeychain.com\/wp-content\/uploads\/HP-V150W-32GB-USB-3.0-Flash-Drive-100x100.jpg 100w\" sizes=\"(max-width: 800px) 100vw, 800px\" \/><\/figure>\n<\/div>\n\n\n\n<div class=\"wp-block-column is-layout-flow wp-block-column-is-layout-flow\">\n<figure class=\"wp-block-image size-full\"><img alt=\"\" loading=\"lazy\" decoding=\"async\" width=\"800\" height=\"800\" src=\"https:\/\/www.usborkeychain.com\/wp-content\/uploads\/HP-V150W-32GB-USB-2.0-Flash-Drive-factory.jpg\" class=\"wp-image-4031\" srcset=\"https:\/\/www.usborkeychain.com\/wp-content\/uploads\/HP-V150W-32GB-USB-2.0-Flash-Drive-factory.jpg 800w, https:\/\/www.usborkeychain.com\/wp-content\/uploads\/HP-V150W-32GB-USB-2.0-Flash-Drive-factory-300x300.jpg 300w, https:\/\/www.usborkeychain.com\/wp-content\/uploads\/HP-V150W-32GB-USB-2.0-Flash-Drive-factory-150x150.jpg 150w, https:\/\/www.usborkeychain.com\/wp-content\/uploads\/HP-V150W-32GB-USB-2.0-Flash-Drive-factory-768x768.jpg 768w, https:\/\/www.usborkeychain.com\/wp-content\/uploads\/HP-V150W-32GB-USB-2.0-Flash-Drive-factory-12x12.jpg 12w, https:\/\/www.usborkeychain.com\/wp-content\/uploads\/HP-V150W-32GB-USB-2.0-Flash-Drive-factory-600x600.jpg 600w, https:\/\/www.usborkeychain.com\/wp-content\/uploads\/HP-V150W-32GB-USB-2.0-Flash-Drive-factory-100x100.jpg 100w\" sizes=\"(max-width: 800px) 100vw, 800px\" \/><\/figure>\n<\/div>\n\n\n\n<div class=\"wp-block-column is-layout-flow wp-block-column-is-layout-flow\">\n<figure class=\"wp-block-image size-full\"><img alt=\"\" loading=\"lazy\" decoding=\"async\" width=\"800\" height=\"800\" src=\"https:\/\/www.usborkeychain.com\/wp-content\/uploads\/HP-750W-USB-Flash-Drive.jpg\" class=\"wp-image-4030\" srcset=\"https:\/\/www.usborkeychain.com\/wp-content\/uploads\/HP-750W-USB-Flash-Drive.jpg 800w, https:\/\/www.usborkeychain.com\/wp-content\/uploads\/HP-750W-USB-Flash-Drive-300x300.jpg 300w, https:\/\/www.usborkeychain.com\/wp-content\/uploads\/HP-750W-USB-Flash-Drive-150x150.jpg 150w, https:\/\/www.usborkeychain.com\/wp-content\/uploads\/HP-750W-USB-Flash-Drive-768x768.jpg 768w, https:\/\/www.usborkeychain.com\/wp-content\/uploads\/HP-750W-USB-Flash-Drive-12x12.jpg 12w, https:\/\/www.usborkeychain.com\/wp-content\/uploads\/HP-750W-USB-Flash-Drive-600x600.jpg 600w, https:\/\/www.usborkeychain.com\/wp-content\/uploads\/HP-750W-USB-Flash-Drive-100x100.jpg 100w\" sizes=\"(max-width: 800px) 100vw, 800px\" \/><\/figure>\n<\/div>\n<\/div>\n\n\n\n<p>O setor educacional tamb\u00e9m \u00e9 um campo adequado. O material totalmente met\u00e1lico \u00e9 altamente dur\u00e1vel e pode se adaptar a cen\u00e1rios frequentes de transmiss\u00e3o de arquivos de ensino. A interface de alta velocidade pode transmitir rapidamente o material did\u00e1tico e os materiais.<\/p>\n\n\n\n<p>Al\u00e9m disso, o setor de tecnologia pode us\u00e1-lo como benef\u00edcio para os funcion\u00e1rios. Ele n\u00e3o apenas atende \u00e0 demanda do setor por armazenamento eficiente, mas tamb\u00e9m o modelo cl\u00e1ssico pode refletir o gosto da empresa.<\/p>\n\n\n\n<p>Concluindo, a unidade USB HP Tiger Buckle, com seu design seguro, material de alta qualidade e desempenho pr\u00e1tico, tornou-se uma constante no mercado de personaliza\u00e7\u00e3o de unidades USB e uma escolha ideal que equilibra funcionalidade e reputa\u00e7\u00e3o.<\/p>\n\n\n\n<p><\/p>","protected":false},"excerpt":{"rendered":"<ul>\n<li>HP 750W<\/li>\n<li>Com chaveiro<\/li>\n<li>Unidade flash USB de metal<\/li>\n<li>MOQ:100PCS<\/li>\n<li>LOGOTIPO personalizado<\/li>\n<\/ul>","protected":false},"featured_media":4033,"comment_status":"open","ping_status":"closed","template":"","meta":{"_seopress_robots_primary_cat":"none","_seopress_titles_title":"","_seopress_titles_desc":"","_seopress_robots_index":"","site-sidebar-layout":"default","site-content-layout":"","ast-site-content-layout":"","site-content-style":"default","site-sidebar-style":"default","ast-global-header-display":"","ast-banner-title-visibility":"","ast-main-header-display":"","ast-hfb-above-header-display":"","ast-hfb-below-header-display":"","ast-hfb-mobile-header-display":"","site-post-title":"","ast-breadcrumbs-content":"","ast-featured-img":"","footer-sml-layout":"","theme-transparent-header-meta":"","adv-header-id-meta":"","stick-header-meta":"","header-above-stick-meta":"","header-main-stick-meta":"","header-below-stick-meta":"","astra-migrate-meta-layouts":"default","ast-page-background-enabled":"default","ast-page-background-meta":{"desktop":{"background-color":"var(--ast-global-color-5)","background-image":"","background-repeat":"repeat","background-position":"center center","background-size":"auto","background-attachment":"scroll","background-type":"","background-media":"","overlay-type":"","overlay-color":"","overlay-opacity":"","overlay-gradient":""},"tablet":{"background-color":"","background-image":"","background-repeat":"repeat","background-position":"center center","background-size":"auto","background-attachment":"scroll","background-type":"","background-media":"","overlay-type":"","overlay-color":"","overlay-opacity":"","overlay-gradient":""},"mobile":{"background-color":"","background-image":"","background-repeat":"repeat","background-position":"center center","background-size":"auto","background-attachment":"scroll","background-type":"","background-media":"","overlay-type":"","overlay-color":"","overlay-opacity":"","overlay-gradient":""}},"ast-content-background-meta":{"desktop":{"background-color":"var(--ast-global-color-4)","background-image":"","background-repeat":"repeat","background-position":"center center","background-size":"auto","background-attachment":"scroll","background-type":"","background-media":"","overlay-type":"","overlay-color":"","overlay-opacity":"","overlay-gradient":""},"tablet":{"background-color":"var(--ast-global-color-4)","background-image":"","background-repeat":"repeat","background-position":"center center","background-size":"auto","background-attachment":"scroll","background-type":"","background-media":"","overlay-type":"","overlay-color":"","overlay-opacity":"","overlay-gradient":""},"mobile":{"background-color":"var(--ast-global-color-4)","background-image":"","background-repeat":"repeat","background-position":"center center","background-size":"auto","background-attachment":"scroll","background-type":"","background-media":"","overlay-type":"","overlay-color":"","overlay-opacity":"","overlay-gradient":""}}},"product_brand":[],"product_cat":[111,89,101],"product_tag":[],"class_list":{"0":"post-4023","1":"product","2":"type-product","3":"status-publish","4":"has-post-thumbnail","6":"product_cat-brand-usb-pendrive","7":"product_cat-metal-usb-pendrive","8":"product_cat-usb-pendrive-with-keychain","9":"desktop-align-left","10":"tablet-align-left","11":"mobile-align-left","13":"first","14":"instock","15":"shipping-taxable","16":"product-type-simple"},"_links":{"self":[{"href":"https:\/\/www.usborkeychain.com\/pt\/wp-json\/wp\/v2\/product\/4023","targetHints":{"allow":["GET"]}}],"collection":[{"href":"https:\/\/www.usborkeychain.com\/pt\/wp-json\/wp\/v2\/product"}],"about":[{"href":"https:\/\/www.usborkeychain.com\/pt\/wp-json\/wp\/v2\/types\/product"}],"replies":[{"embeddable":true,"href":"https:\/\/www.usborkeychain.com\/pt\/wp-json\/wp\/v2\/comments?post=4023"}],"wp:featuredmedia":[{"embeddable":true,"href":"https:\/\/www.usborkeychain.com\/pt\/wp-json\/wp\/v2\/media\/4033"}],"wp:attachment":[{"href":"https:\/\/www.usborkeychain.com\/pt\/wp-json\/wp\/v2\/media?parent=4023"}],"wp:term":[{"taxonomy":"product_brand","embeddable":true,"href":"https:\/\/www.usborkeychain.com\/pt\/wp-json\/wp\/v2\/product_brand?post=4023"},{"taxonomy":"product_cat","embeddable":true,"href":"https:\/\/www.usborkeychain.com\/pt\/wp-json\/wp\/v2\/product_cat?post=4023"},{"taxonomy":"product_tag","embeddable":true,"href":"https:\/\/www.usborkeychain.com\/pt\/wp-json\/wp\/v2\/product_tag?post=4023"}],"curies":[{"name":"wp","href":"https:\/\/api.w.org\/{rel}","templated":true}]}}