{"id":4111,"date":"2025-07-13T14:02:11","date_gmt":"2025-07-13T14:02:11","guid":{"rendered":"https:\/\/www.usborkeychain.com\/?post_type=product&#038;p=4111"},"modified":"2025-08-11T07:02:30","modified_gmt":"2025-08-11T07:02:30","slug":"metal-red-wine-bottle-usb-drive","status":"publish","type":"product","link":"https:\/\/www.usborkeychain.com\/pt\/produto\/metal-red-wine-bottle-usb-drive\/","title":{"rendered":"Unidade flash USB em forma de garrafa de liga de alum\u00ednio"},"content":{"rendered":"<p>O <strong>Unidade flash USB em forma de garrafa de liga de alum\u00ednio<\/strong> \u00e9 feito de liga de alum\u00ednio de alta qualidade, reproduzindo com precis\u00e3o as formas de garrafas comuns, como garrafas de cerveja e garrafas de vinagre. Ele adota um design precisamente reduzido, que n\u00e3o apenas mant\u00e9m os contornos v\u00edvidos do corpo da garrafa, mas tamb\u00e9m leva em conta a portabilidade da unidade flash USB. O produto oferece uma variedade de op\u00e7\u00f5es de cores, incluindo vermelho, azul, verde, prata e preto, rompendo com o convencional tanto em termos de vis\u00e3o quanto de textura.<\/p>\n\n\n\n<figure class=\"wp-block-image aligncenter size-full\"><img alt=\"\" fetchpriority=\"high\" decoding=\"async\" width=\"800\" height=\"800\" src=\"https:\/\/www.usborkeychain.com\/wp-content\/uploads\/Metal-Red-Wine-Bottle-USB-Drive.png\" class=\"wp-image-4121\" srcset=\"https:\/\/www.usborkeychain.com\/wp-content\/uploads\/Metal-Red-Wine-Bottle-USB-Drive.png 800w, https:\/\/www.usborkeychain.com\/wp-content\/uploads\/Metal-Red-Wine-Bottle-USB-Drive-300x300.png 300w, https:\/\/www.usborkeychain.com\/wp-content\/uploads\/Metal-Red-Wine-Bottle-USB-Drive-150x150.png 150w, https:\/\/www.usborkeychain.com\/wp-content\/uploads\/Metal-Red-Wine-Bottle-USB-Drive-768x768.png 768w, https:\/\/www.usborkeychain.com\/wp-content\/uploads\/Metal-Red-Wine-Bottle-USB-Drive-12x12.png 12w, https:\/\/www.usborkeychain.com\/wp-content\/uploads\/Metal-Red-Wine-Bottle-USB-Drive-600x600.png 600w, https:\/\/www.usborkeychain.com\/wp-content\/uploads\/Metal-Red-Wine-Bottle-USB-Drive-100x100.png 100w\" sizes=\"(max-width: 800px) 100vw, 800px\" \/><\/figure>\n\n\n\n<p>Entre os t<strong>unidades flash USB em formato de garrafa<\/strong>Os modelos que imitam o formato de garrafas de cerveja e de vinagre s\u00e3o os mais populares no mercado. Com base no design de simula\u00e7\u00e3o proporcional, as curvas do corpo da garrafa e os detalhes da tampa da garrafa s\u00e3o altamente restaurados, como se uma garrafa real fosse \"miniaturizada\" em um suporte digital. Em termos de material, foi selecionada uma liga de alum\u00ednio ultraleve, com uma \u00fanica pe\u00e7a pesando apenas cerca de 15g (sujeito \u00e0 capacidade). O inv\u00f3lucro permite a personaliza\u00e7\u00e3o do acabamento acetinado e do efeito escovado: a vers\u00e3o fosca tem um toque delicado e suave, enquanto a vers\u00e3o escovada apresenta um brilho met\u00e1lico. Ambos os processos podem ser combinados com cores brilhantes e personalizadas para atender \u00e0s necessidades de diferencia\u00e7\u00e3o da marca.<\/p>\n\n\n\n<div class=\"wp-block-columns is-layout-flex wp-container-core-columns-is-layout-28f84493 wp-block-columns-is-layout-flex\">\n<div class=\"wp-block-column is-layout-flow wp-block-column-is-layout-flow\">\n<figure class=\"wp-block-image size-full\"><img alt=\"\" decoding=\"async\" width=\"800\" height=\"800\" src=\"https:\/\/www.usborkeychain.com\/wp-content\/uploads\/Metal-Red-Wine-Bottle-USB-as-a-Premium-Gift.png\" class=\"wp-image-4120\" srcset=\"https:\/\/www.usborkeychain.com\/wp-content\/uploads\/Metal-Red-Wine-Bottle-USB-as-a-Premium-Gift.png 800w, https:\/\/www.usborkeychain.com\/wp-content\/uploads\/Metal-Red-Wine-Bottle-USB-as-a-Premium-Gift-300x300.png 300w, https:\/\/www.usborkeychain.com\/wp-content\/uploads\/Metal-Red-Wine-Bottle-USB-as-a-Premium-Gift-150x150.png 150w, https:\/\/www.usborkeychain.com\/wp-content\/uploads\/Metal-Red-Wine-Bottle-USB-as-a-Premium-Gift-768x768.png 768w, https:\/\/www.usborkeychain.com\/wp-content\/uploads\/Metal-Red-Wine-Bottle-USB-as-a-Premium-Gift-12x12.png 12w, https:\/\/www.usborkeychain.com\/wp-content\/uploads\/Metal-Red-Wine-Bottle-USB-as-a-Premium-Gift-600x600.png 600w, https:\/\/www.usborkeychain.com\/wp-content\/uploads\/Metal-Red-Wine-Bottle-USB-as-a-Premium-Gift-100x100.png 100w\" sizes=\"(max-width: 800px) 100vw, 800px\" \/><\/figure>\n<\/div>\n\n\n\n<div class=\"wp-block-column is-layout-flow wp-block-column-is-layout-flow\">\n<figure class=\"wp-block-image size-full\"><img alt=\"\" decoding=\"async\" width=\"800\" height=\"800\" src=\"https:\/\/www.usborkeychain.com\/wp-content\/uploads\/Durable-Metal-Wine-Bottle-styled-USB-Drive.png\" class=\"wp-image-4118\" srcset=\"https:\/\/www.usborkeychain.com\/wp-content\/uploads\/Durable-Metal-Wine-Bottle-styled-USB-Drive.png 800w, https:\/\/www.usborkeychain.com\/wp-content\/uploads\/Durable-Metal-Wine-Bottle-styled-USB-Drive-300x300.png 300w, https:\/\/www.usborkeychain.com\/wp-content\/uploads\/Durable-Metal-Wine-Bottle-styled-USB-Drive-150x150.png 150w, https:\/\/www.usborkeychain.com\/wp-content\/uploads\/Durable-Metal-Wine-Bottle-styled-USB-Drive-768x768.png 768w, https:\/\/www.usborkeychain.com\/wp-content\/uploads\/Durable-Metal-Wine-Bottle-styled-USB-Drive-12x12.png 12w, https:\/\/www.usborkeychain.com\/wp-content\/uploads\/Durable-Metal-Wine-Bottle-styled-USB-Drive-600x600.png 600w, https:\/\/www.usborkeychain.com\/wp-content\/uploads\/Durable-Metal-Wine-Bottle-styled-USB-Drive-100x100.png 100w\" sizes=\"(max-width: 800px) 100vw, 800px\" \/><\/figure>\n<\/div>\n<\/div>\n\n\n\n<h2 class=\"wp-block-heading\"><strong>Tabela de par\u00e2metros da unidade flash USB<\/strong><\/h2>\n\n\n\n<figure class=\"wp-block-table\"><table class=\"has-fixed-layout\"><thead><tr><th>Item de par\u00e2metro<\/th><th>Valor do par\u00e2metro<\/th><\/tr><\/thead><tbody><tr><td>Tipo de interface<\/td><td>USB 2.0\/USB 3.0 (opcional)<\/td><\/tr><tr><td>Op\u00e7\u00f5es de capacidade<\/td><td>8GB\/16GB\/32GB\/64GB\/128GB<\/td><\/tr><tr><td>Tamanho do produto<\/td><td>60 mm de altura \u00d7 18 mm de di\u00e2metro<\/td><\/tr><tr><td>Peso do produto<\/td><td>Aproximadamente 15g<\/td><\/tr><tr><td>Velocidade de leitura<\/td><td>At\u00e9 15 MB\/s (USB2.0); at\u00e9 80 MB\/s (USB3.0)<\/td><\/tr><tr><td>Velocidade de escrita<\/td><td>At\u00e9 8 MB\/s (USB2.0); at\u00e9 30 MB\/s (USB3.0)<\/td><\/tr><tr><td>Material<\/td><td>Liga de alum\u00ednio (processo fosco\/escovado opcional)<\/td><\/tr><tr><td>Personaliza\u00e7\u00e3o de cores<\/td><td>Dispon\u00edvel em vermelho, azul, verde, prata, preto e outras cores<\/td><\/tr><\/tbody><\/table><\/figure>\n\n\n\n<h2 class=\"wp-block-heading\">A unidade flash USB Aluminum Alloy Bottle vem com um chaveiro?<\/h2>\n\n\n\n<p><strong> <\/strong>A parte superior da tampa da garrafa do<strong> Garrafa de liga de alum\u00ednio Unidade flash USB<\/strong> foi especialmente projetado com um buraco de fechadura circular, que permite a combina\u00e7\u00e3o com um chaveiro de metal (personaliz\u00e1vel). Esse detalhe permite que o produto seja facilmente preso a bolsas, carteiras e chaveiros, resolvendo o problema de \"unidades flash USB f\u00e1ceis de perder\" e melhorando a conveni\u00eancia do transporte di\u00e1rio. Para os compradores de atacado, esse design refor\u00e7a ainda mais o \"atributo port\u00e1til\" do produto, mantendo a exposi\u00e7\u00e3o da marca em todos os momentos.<\/p>\n\n\n\n<div class=\"wp-block-columns is-layout-flex wp-container-core-columns-is-layout-28f84493 wp-block-columns-is-layout-flex\">\n<div class=\"wp-block-column is-layout-flow wp-block-column-is-layout-flow\">\n<figure class=\"wp-block-image size-full\"><img alt=\"\" loading=\"lazy\" decoding=\"async\" width=\"800\" height=\"800\" src=\"https:\/\/www.usborkeychain.com\/wp-content\/uploads\/Portable-Metal-Red-Wine-Bottle-USB-with-Multiple-Capacities.png\" class=\"wp-image-4124\" srcset=\"https:\/\/www.usborkeychain.com\/wp-content\/uploads\/Portable-Metal-Red-Wine-Bottle-USB-with-Multiple-Capacities.png 800w, https:\/\/www.usborkeychain.com\/wp-content\/uploads\/Portable-Metal-Red-Wine-Bottle-USB-with-Multiple-Capacities-300x300.png 300w, https:\/\/www.usborkeychain.com\/wp-content\/uploads\/Portable-Metal-Red-Wine-Bottle-USB-with-Multiple-Capacities-150x150.png 150w, https:\/\/www.usborkeychain.com\/wp-content\/uploads\/Portable-Metal-Red-Wine-Bottle-USB-with-Multiple-Capacities-768x768.png 768w, https:\/\/www.usborkeychain.com\/wp-content\/uploads\/Portable-Metal-Red-Wine-Bottle-USB-with-Multiple-Capacities-12x12.png 12w, https:\/\/www.usborkeychain.com\/wp-content\/uploads\/Portable-Metal-Red-Wine-Bottle-USB-with-Multiple-Capacities-600x600.png 600w, https:\/\/www.usborkeychain.com\/wp-content\/uploads\/Portable-Metal-Red-Wine-Bottle-USB-with-Multiple-Capacities-100x100.png 100w\" sizes=\"(max-width: 800px) 100vw, 800px\" \/><\/figure>\n<\/div>\n\n\n\n<div class=\"wp-block-column is-layout-flow wp-block-column-is-layout-flow\">\n<figure class=\"wp-block-image size-full\"><img alt=\"\" loading=\"lazy\" decoding=\"async\" width=\"800\" height=\"800\" src=\"https:\/\/www.usborkeychain.com\/wp-content\/uploads\/Compact-Metal-Red-Wine-Bottle-USB-Storage.png\" class=\"wp-image-4116\" srcset=\"https:\/\/www.usborkeychain.com\/wp-content\/uploads\/Compact-Metal-Red-Wine-Bottle-USB-Storage.png 800w, https:\/\/www.usborkeychain.com\/wp-content\/uploads\/Compact-Metal-Red-Wine-Bottle-USB-Storage-300x300.png 300w, https:\/\/www.usborkeychain.com\/wp-content\/uploads\/Compact-Metal-Red-Wine-Bottle-USB-Storage-150x150.png 150w, https:\/\/www.usborkeychain.com\/wp-content\/uploads\/Compact-Metal-Red-Wine-Bottle-USB-Storage-768x768.png 768w, https:\/\/www.usborkeychain.com\/wp-content\/uploads\/Compact-Metal-Red-Wine-Bottle-USB-Storage-12x12.png 12w, https:\/\/www.usborkeychain.com\/wp-content\/uploads\/Compact-Metal-Red-Wine-Bottle-USB-Storage-600x600.png 600w, https:\/\/www.usborkeychain.com\/wp-content\/uploads\/Compact-Metal-Red-Wine-Bottle-USB-Storage-100x100.png 100w\" sizes=\"(max-width: 800px) 100vw, 800px\" \/><\/figure>\n<\/div>\n<\/div>\n\n\n\n<hr class=\"wp-block-separator alignfull has-alpha-channel-opacity\"\/>\n\n\n\n<h2 class=\"wp-block-heading\">Para quais setores ele \u00e9 adequado como presente?<\/h2>\n\n\n\n<p>A unidade flash USB em forma de garrafa de liga de alum\u00ednio \u00e9 inerentemente adequada para as necessidades de presentes personalizados dos \"setores relacionados a garrafas\", especialmente:<\/p>\n\n\n\n<p>Empresas de marketing criativo: Personaliza\u00e7\u00e3o de brindes digitais diferenciados para que os clientes criem \"pontos de mem\u00f3ria\".<\/p>\n\n\n\n<p>Vinho tinto \/ setor vin\u00edcola: A unidade flash USB que imita o formato de uma garrafa de vinho pode ser usada como um presente para festas de degusta\u00e7\u00e3o em vin\u00edcolas e promo\u00e7\u00f5es de novos produtos, com o logotipo da marca gravado para transmitir uma textura de alta qualidade.<\/p>\n\n\n\n<p>Setor de condimentos (vinagre, molho de soja, etc.): Combinando com o formato de garrafas de vinagre e de molho de soja, \u00e9 usado como um brinde personalizado para reuni\u00f5es anuais corporativas e confer\u00eancias de revendedores para fortalecer a associa\u00e7\u00e3o de categorias.<\/p>\n\n\n\n<p>Setor de bebidas: O design que imita garrafas de bebidas \u00e9 adequado para lan\u00e7amentos de novas bebidas e atividades promocionais, atraindo grupos de consumidores jovens com suportes criativos.<\/p>\n\n\n\n<p>Empresas de cerveja\/alimentos: Como brindes perif\u00e9ricos da marca, eles podem ampliar a cultura do produto e aumentar a ader\u00eancia do usu\u00e1rio.<\/p>\n\n\n\n<div class=\"wp-block-columns is-layout-flex wp-container-core-columns-is-layout-28f84493 wp-block-columns-is-layout-flex\">\n<div class=\"wp-block-column is-layout-flow wp-block-column-is-layout-flow\">\n<figure class=\"wp-block-image size-full\"><img alt=\"\" loading=\"lazy\" decoding=\"async\" width=\"800\" height=\"800\" src=\"https:\/\/www.usborkeychain.com\/wp-content\/uploads\/Customizable-Metal-Red-Wine-Bottle-USB-for-Wine-Companies.png\" class=\"wp-image-4117\" srcset=\"https:\/\/www.usborkeychain.com\/wp-content\/uploads\/Customizable-Metal-Red-Wine-Bottle-USB-for-Wine-Companies.png 800w, https:\/\/www.usborkeychain.com\/wp-content\/uploads\/Customizable-Metal-Red-Wine-Bottle-USB-for-Wine-Companies-300x300.png 300w, https:\/\/www.usborkeychain.com\/wp-content\/uploads\/Customizable-Metal-Red-Wine-Bottle-USB-for-Wine-Companies-150x150.png 150w, https:\/\/www.usborkeychain.com\/wp-content\/uploads\/Customizable-Metal-Red-Wine-Bottle-USB-for-Wine-Companies-768x768.png 768w, https:\/\/www.usborkeychain.com\/wp-content\/uploads\/Customizable-Metal-Red-Wine-Bottle-USB-for-Wine-Companies-12x12.png 12w, https:\/\/www.usborkeychain.com\/wp-content\/uploads\/Customizable-Metal-Red-Wine-Bottle-USB-for-Wine-Companies-600x600.png 600w, https:\/\/www.usborkeychain.com\/wp-content\/uploads\/Customizable-Metal-Red-Wine-Bottle-USB-for-Wine-Companies-100x100.png 100w\" sizes=\"(max-width: 800px) 100vw, 800px\" \/><\/figure>\n<\/div>\n\n\n\n<div class=\"wp-block-column is-layout-flow wp-block-column-is-layout-flow\">\n<figure class=\"wp-block-image size-full\"><img alt=\"\" loading=\"lazy\" decoding=\"async\" width=\"800\" height=\"800\" src=\"https:\/\/www.usborkeychain.com\/wp-content\/uploads\/Colorful-Metal-Red-Wine-Bottle-USB-Options.png\" class=\"wp-image-4115\" srcset=\"https:\/\/www.usborkeychain.com\/wp-content\/uploads\/Colorful-Metal-Red-Wine-Bottle-USB-Options.png 800w, https:\/\/www.usborkeychain.com\/wp-content\/uploads\/Colorful-Metal-Red-Wine-Bottle-USB-Options-300x300.png 300w, https:\/\/www.usborkeychain.com\/wp-content\/uploads\/Colorful-Metal-Red-Wine-Bottle-USB-Options-150x150.png 150w, https:\/\/www.usborkeychain.com\/wp-content\/uploads\/Colorful-Metal-Red-Wine-Bottle-USB-Options-768x768.png 768w, https:\/\/www.usborkeychain.com\/wp-content\/uploads\/Colorful-Metal-Red-Wine-Bottle-USB-Options-12x12.png 12w, https:\/\/www.usborkeychain.com\/wp-content\/uploads\/Colorful-Metal-Red-Wine-Bottle-USB-Options-600x600.png 600w, https:\/\/www.usborkeychain.com\/wp-content\/uploads\/Colorful-Metal-Red-Wine-Bottle-USB-Options-100x100.png 100w\" sizes=\"(max-width: 800px) 100vw, 800px\" \/><\/figure>\n<\/div>\n<\/div>\n\n\n\n<hr class=\"wp-block-separator has-alpha-channel-opacity\"\/>\n\n\n\n<p>O fabricante oferece suporte \u00e0 personaliza\u00e7\u00e3o de pequenos lotes e ao atacado em grande escala, atendendo \u00e0s necessidades personalizadas da marca em todo o processo, desde a impress\u00e3o do logotipo em tela de seda at\u00e9 a mistura de cores.<\/p>\n\n\n\n<div class=\"wp-block-columns is-layout-flex wp-container-core-columns-is-layout-28f84493 wp-block-columns-is-layout-flex\">\n<div class=\"wp-block-column is-layout-flow wp-block-column-is-layout-flow\">\n<figure class=\"wp-block-image size-full\"><img alt=\"\" loading=\"lazy\" decoding=\"async\" width=\"800\" height=\"800\" src=\"https:\/\/www.usborkeychain.com\/wp-content\/uploads\/Branding-Friendly-Metal-Red-Wine-Bottle-USB.png\" class=\"wp-image-4114\" srcset=\"https:\/\/www.usborkeychain.com\/wp-content\/uploads\/Branding-Friendly-Metal-Red-Wine-Bottle-USB.png 800w, https:\/\/www.usborkeychain.com\/wp-content\/uploads\/Branding-Friendly-Metal-Red-Wine-Bottle-USB-300x300.png 300w, https:\/\/www.usborkeychain.com\/wp-content\/uploads\/Branding-Friendly-Metal-Red-Wine-Bottle-USB-150x150.png 150w, https:\/\/www.usborkeychain.com\/wp-content\/uploads\/Branding-Friendly-Metal-Red-Wine-Bottle-USB-768x768.png 768w, https:\/\/www.usborkeychain.com\/wp-content\/uploads\/Branding-Friendly-Metal-Red-Wine-Bottle-USB-12x12.png 12w, https:\/\/www.usborkeychain.com\/wp-content\/uploads\/Branding-Friendly-Metal-Red-Wine-Bottle-USB-600x600.png 600w, https:\/\/www.usborkeychain.com\/wp-content\/uploads\/Branding-Friendly-Metal-Red-Wine-Bottle-USB-100x100.png 100w\" sizes=\"(max-width: 800px) 100vw, 800px\" \/><\/figure>\n<\/div>\n\n\n\n<div class=\"wp-block-column is-layout-flow wp-block-column-is-layout-flow\">\n<figure class=\"wp-block-image size-full\"><img alt=\"\" loading=\"lazy\" decoding=\"async\" width=\"800\" height=\"800\" src=\"https:\/\/www.usborkeychain.com\/wp-content\/uploads\/High-end-Metal-Red-Wine-Bottle-Shaped-USB-Flash-Drive.png\" class=\"wp-image-4119\" srcset=\"https:\/\/www.usborkeychain.com\/wp-content\/uploads\/High-end-Metal-Red-Wine-Bottle-Shaped-USB-Flash-Drive.png 800w, https:\/\/www.usborkeychain.com\/wp-content\/uploads\/High-end-Metal-Red-Wine-Bottle-Shaped-USB-Flash-Drive-300x300.png 300w, https:\/\/www.usborkeychain.com\/wp-content\/uploads\/High-end-Metal-Red-Wine-Bottle-Shaped-USB-Flash-Drive-150x150.png 150w, https:\/\/www.usborkeychain.com\/wp-content\/uploads\/High-end-Metal-Red-Wine-Bottle-Shaped-USB-Flash-Drive-768x768.png 768w, https:\/\/www.usborkeychain.com\/wp-content\/uploads\/High-end-Metal-Red-Wine-Bottle-Shaped-USB-Flash-Drive-12x12.png 12w, https:\/\/www.usborkeychain.com\/wp-content\/uploads\/High-end-Metal-Red-Wine-Bottle-Shaped-USB-Flash-Drive-600x600.png 600w, https:\/\/www.usborkeychain.com\/wp-content\/uploads\/High-end-Metal-Red-Wine-Bottle-Shaped-USB-Flash-Drive-100x100.png 100w\" sizes=\"(max-width: 800px) 100vw, 800px\" \/><\/figure>\n<\/div>\n<\/div>\n\n\n\n<p>O a<strong>Unidade flash USB em forma de garrafa de liga de alum\u00ednio<\/strong> tem como principais vantagens o formato criativo, o material de alta qualidade e a personaliza\u00e7\u00e3o flex\u00edvel. N\u00e3o se trata apenas de um produto digital pr\u00e1tico, mas tamb\u00e9m de um \"portador criativo\" para o marketing da marca, o que o torna a escolha ideal para o atacado e a personaliza\u00e7\u00e3o da marca dos fabricantes, ajudando v\u00e1rios setores a alcan\u00e7ar avan\u00e7os caracter\u00edsticos de marketing.<\/p>","protected":false},"excerpt":{"rendered":"<ul>\n<li>Liga de alum\u00ednio<\/li>\n<li>Metal<\/li>\n<li>Cor: vermelho, azul, verde, prata, preto<\/li>\n<li>Presente comercial de alta qualidade<\/li>\n<li>Impress\u00e3o em tela, grava\u00e7\u00e3o a laser e impress\u00e3o UV<\/li>\n<li>MOQ:100PCS<\/li>\n<\/ul>","protected":false},"featured_media":4121,"comment_status":"open","ping_status":"closed","template":"","meta":{"_seopress_robots_primary_cat":"none","_seopress_titles_title":"","_seopress_titles_desc":"","_seopress_robots_index":"","site-sidebar-layout":"default","site-content-layout":"","ast-site-content-layout":"","site-content-style":"default","site-sidebar-style":"default","ast-global-header-display":"","ast-banner-title-visibility":"","ast-main-header-display":"","ast-hfb-above-header-display":"","ast-hfb-below-header-display":"","ast-hfb-mobile-header-display":"","site-post-title":"","ast-breadcrumbs-content":"","ast-featured-img":"","footer-sml-layout":"","theme-transparent-header-meta":"","adv-header-id-meta":"","stick-header-meta":"","header-above-stick-meta":"","header-main-stick-meta":"","header-below-stick-meta":"","astra-migrate-meta-layouts":"default","ast-page-background-enabled":"default","ast-page-background-meta":{"desktop":{"background-color":"var(--ast-global-color-5)","background-image":"","background-repeat":"repeat","background-position":"center center","background-size":"auto","background-attachment":"scroll","background-type":"","background-media":"","overlay-type":"","overlay-color":"","overlay-opacity":"","overlay-gradient":""},"tablet":{"background-color":"","background-image":"","background-repeat":"repeat","background-position":"center center","background-size":"auto","background-attachment":"scroll","background-type":"","background-media":"","overlay-type":"","overlay-color":"","overlay-opacity":"","overlay-gradient":""},"mobile":{"background-color":"","background-image":"","background-repeat":"repeat","background-position":"center center","background-size":"auto","background-attachment":"scroll","background-type":"","background-media":"","overlay-type":"","overlay-color":"","overlay-opacity":"","overlay-gradient":""}},"ast-content-background-meta":{"desktop":{"background-color":"var(--ast-global-color-4)","background-image":"","background-repeat":"repeat","background-position":"center center","background-size":"auto","background-attachment":"scroll","background-type":"","background-media":"","overlay-type":"","overlay-color":"","overlay-opacity":"","overlay-gradient":""},"tablet":{"background-color":"var(--ast-global-color-4)","background-image":"","background-repeat":"repeat","background-position":"center center","background-size":"auto","background-attachment":"scroll","background-type":"","background-media":"","overlay-type":"","overlay-color":"","overlay-opacity":"","overlay-gradient":""},"mobile":{"background-color":"var(--ast-global-color-4)","background-image":"","background-repeat":"repeat","background-position":"center center","background-size":"auto","background-attachment":"scroll","background-type":"","background-media":"","overlay-type":"","overlay-color":"","overlay-opacity":"","overlay-gradient":""}}},"product_brand":[],"product_cat":[89],"product_tag":[238,398],"class_list":{"0":"post-4111","1":"product","2":"type-product","3":"status-publish","4":"has-post-thumbnail","6":"product_cat-metal-usb-pendrive","7":"product_tag-aluminum-alloy-bottle-shaped-usb-flash-drive","8":"product_tag-aluminum-usb-drive","9":"desktop-align-left","10":"tablet-align-left","11":"mobile-align-left","13":"first","14":"instock","15":"shipping-taxable","16":"product-type-simple"},"_links":{"self":[{"href":"https:\/\/www.usborkeychain.com\/pt\/wp-json\/wp\/v2\/product\/4111","targetHints":{"allow":["GET"]}}],"collection":[{"href":"https:\/\/www.usborkeychain.com\/pt\/wp-json\/wp\/v2\/product"}],"about":[{"href":"https:\/\/www.usborkeychain.com\/pt\/wp-json\/wp\/v2\/types\/product"}],"replies":[{"embeddable":true,"href":"https:\/\/www.usborkeychain.com\/pt\/wp-json\/wp\/v2\/comments?post=4111"}],"wp:featuredmedia":[{"embeddable":true,"href":"https:\/\/www.usborkeychain.com\/pt\/wp-json\/wp\/v2\/media\/4121"}],"wp:attachment":[{"href":"https:\/\/www.usborkeychain.com\/pt\/wp-json\/wp\/v2\/media?parent=4111"}],"wp:term":[{"taxonomy":"product_brand","embeddable":true,"href":"https:\/\/www.usborkeychain.com\/pt\/wp-json\/wp\/v2\/product_brand?post=4111"},{"taxonomy":"product_cat","embeddable":true,"href":"https:\/\/www.usborkeychain.com\/pt\/wp-json\/wp\/v2\/product_cat?post=4111"},{"taxonomy":"product_tag","embeddable":true,"href":"https:\/\/www.usborkeychain.com\/pt\/wp-json\/wp\/v2\/product_tag?post=4111"}],"curies":[{"name":"wp","href":"https:\/\/api.w.org\/{rel}","templated":true}]}}