{"id":4125,"date":"2025-07-16T15:02:16","date_gmt":"2025-07-16T15:02:16","guid":{"rendered":"https:\/\/www.usborkeychain.com\/?post_type=product&#038;p=4125"},"modified":"2025-08-11T07:02:19","modified_gmt":"2025-08-11T07:02:19","slug":"metal-bottle-usb-drive","status":"publish","type":"product","link":"https:\/\/www.usborkeychain.com\/pt\/produto\/metal-bottle-usb-drive\/","title":{"rendered":"Unidade USB de garrafa de metal"},"content":{"rendered":"<p>O <strong>unidade USB de garrafa met\u00e1lica<\/strong>Com seu design exclusivo de garrafa de vinho, que quebra a monotonia dos dispositivos de armazenamento tradicionais, \u00e9 uma excelente op\u00e7\u00e3o para brindes de c\u00fapula corporativa, lembran\u00e7as de lan\u00e7amento de produtos, manuten\u00e7\u00e3o do relacionamento com o cliente e atividades de promo\u00e7\u00e3o da marca. Seu exterior de metal requintado combina textura e valor ornamental. Compacto e port\u00e1til, ele ocupa pouco espa\u00e7o. A interface USB permite a funcionalidade plug-and-play, possibilitando a transmiss\u00e3o est\u00e1vel de dados para atender a necessidades como armazenamento e compartilhamento de arquivos, integrando perfeitamente fun\u00e7\u00f5es pr\u00e1ticas com design criativo.<\/p>\n\n\n\n<figure class=\"wp-block-image aligncenter size-full\"><img alt=\"\" fetchpriority=\"high\" decoding=\"async\" width=\"800\" height=\"800\" src=\"https:\/\/www.usborkeychain.com\/wp-content\/uploads\/MiniBottle-USB.png\" class=\"wp-image-4132\" srcset=\"https:\/\/www.usborkeychain.com\/wp-content\/uploads\/MiniBottle-USB.png 800w, https:\/\/www.usborkeychain.com\/wp-content\/uploads\/MiniBottle-USB-300x300.png 300w, https:\/\/www.usborkeychain.com\/wp-content\/uploads\/MiniBottle-USB-150x150.png 150w, https:\/\/www.usborkeychain.com\/wp-content\/uploads\/MiniBottle-USB-768x768.png 768w, https:\/\/www.usborkeychain.com\/wp-content\/uploads\/MiniBottle-USB-12x12.png 12w, https:\/\/www.usborkeychain.com\/wp-content\/uploads\/MiniBottle-USB-600x600.png 600w, https:\/\/www.usborkeychain.com\/wp-content\/uploads\/MiniBottle-USB-100x100.png 100w\" sizes=\"(max-width: 800px) 100vw, 800px\" \/><\/figure>\n\n\n\n<h2 class=\"wp-block-heading\">Tabela de par\u00e2metros da unidade USB com garrafa de metal<\/h2>\n\n\n\n<figure class=\"wp-block-table\"><table class=\"has-fixed-layout\"><thead><tr><th>Categoria de par\u00e2metro<\/th><th>Detalhes<\/th><\/tr><\/thead><tbody><tr><td>Tipo de interface<\/td><td>USB 2.0\/USB 3.0 (opcional)<\/td><\/tr><tr><td>Capacidade de armazenamento<\/td><td>8 GB, 16 GB, 32 GB, 64 GB, 128 GB (capacidades mais altas podem ser personalizadas)<\/td><\/tr><tr><td>Peso total<\/td><td><strong> 25-35g<\/strong><\/td><\/tr><tr><td>Altura do corpo<\/td><td><strong>45-50mm<\/strong><\/td><\/tr><tr><td>Tampa de garrafa girat\u00f3ria<\/td><td>Esfera prateada com uma estrutura destac\u00e1vel do corpo da garrafa<\/td><\/tr><tr><td>La\u00e7o de metal para cord\u00e3o<\/td><td>Design de loop fechado com abertura de 0,5 mm na parte superior da esfera<\/td><\/tr><tr><td>Prote\u00e7\u00e3o da interface<\/td><td>Anel de veda\u00e7\u00e3o de silicone embutido na boca da garrafa (requer amplia\u00e7\u00e3o para observa\u00e7\u00e3o)<\/td><\/tr><\/tbody><\/table><\/figure>\n\n\n\n<div class=\"wp-block-columns is-layout-flex wp-container-core-columns-is-layout-28f84493 wp-block-columns-is-layout-flex\">\n<div class=\"wp-block-column is-layout-flow wp-block-column-is-layout-flow\">\n<figure class=\"wp-block-image size-full\"><img alt=\"\" decoding=\"async\" width=\"800\" height=\"800\" src=\"https:\/\/www.usborkeychain.com\/wp-content\/uploads\/MetalBottle-USB.png\" class=\"wp-image-4131\" srcset=\"https:\/\/www.usborkeychain.com\/wp-content\/uploads\/MetalBottle-USB.png 800w, https:\/\/www.usborkeychain.com\/wp-content\/uploads\/MetalBottle-USB-300x300.png 300w, https:\/\/www.usborkeychain.com\/wp-content\/uploads\/MetalBottle-USB-150x150.png 150w, https:\/\/www.usborkeychain.com\/wp-content\/uploads\/MetalBottle-USB-768x768.png 768w, https:\/\/www.usborkeychain.com\/wp-content\/uploads\/MetalBottle-USB-12x12.png 12w, https:\/\/www.usborkeychain.com\/wp-content\/uploads\/MetalBottle-USB-600x600.png 600w, https:\/\/www.usborkeychain.com\/wp-content\/uploads\/MetalBottle-USB-100x100.png 100w\" sizes=\"(max-width: 800px) 100vw, 800px\" \/><\/figure>\n<\/div>\n\n\n\n<div class=\"wp-block-column is-layout-flow wp-block-column-is-layout-flow\">\n<figure class=\"wp-block-image size-full\"><img alt=\"\" decoding=\"async\" width=\"800\" height=\"800\" src=\"https:\/\/www.usborkeychain.com\/wp-content\/uploads\/BottleUSB-Max.png\" class=\"wp-image-4130\" srcset=\"https:\/\/www.usborkeychain.com\/wp-content\/uploads\/BottleUSB-Max.png 800w, https:\/\/www.usborkeychain.com\/wp-content\/uploads\/BottleUSB-Max-300x300.png 300w, https:\/\/www.usborkeychain.com\/wp-content\/uploads\/BottleUSB-Max-150x150.png 150w, https:\/\/www.usborkeychain.com\/wp-content\/uploads\/BottleUSB-Max-768x768.png 768w, https:\/\/www.usborkeychain.com\/wp-content\/uploads\/BottleUSB-Max-12x12.png 12w, https:\/\/www.usborkeychain.com\/wp-content\/uploads\/BottleUSB-Max-600x600.png 600w, https:\/\/www.usborkeychain.com\/wp-content\/uploads\/BottleUSB-Max-100x100.png 100w\" sizes=\"(max-width: 800px) 100vw, 800px\" \/><\/figure>\n<\/div>\n<\/div>\n\n\n\n<h2 class=\"wp-block-heading\">Op\u00e7\u00f5es de cores ricas<\/h2>\n\n\n\n<p> O <strong>unidade USB de garrafa met\u00e1lica<\/strong> oferece uma variedade de esquemas de cores. Cores b\u00e1sicas, como ouro comercial, azul calmo e vermelho vibrante, podem se adaptar a diferentes estilos corporativos. Cores da moda, como prata tecnol\u00f3gico e rosa moderno, atendem \u00e0s necessidades de empresas jovens e criativas. Ele pode ajudar as empresas a personalizar com precis\u00e3o esquemas de cores exclusivos de acordo com suas pr\u00f3prias caracter\u00edsticas de produto e sistemas VI corporativos, garantindo um alto grau de consist\u00eancia com o estilo da linha de produtos da empresa.<\/p>\n\n\n\n<div class=\"wp-block-columns is-layout-flex wp-container-core-columns-is-layout-28f84493 wp-block-columns-is-layout-flex\">\n<div class=\"wp-block-column is-layout-flow wp-block-column-is-layout-flow\">\n<figure class=\"wp-block-image size-full\"><img alt=\"\" loading=\"lazy\" decoding=\"async\" width=\"800\" height=\"800\" src=\"https:\/\/www.usborkeychain.com\/wp-content\/uploads\/BottleDrive-Pro.png\" class=\"wp-image-4128\" srcset=\"https:\/\/www.usborkeychain.com\/wp-content\/uploads\/BottleDrive-Pro.png 800w, https:\/\/www.usborkeychain.com\/wp-content\/uploads\/BottleDrive-Pro-300x300.png 300w, https:\/\/www.usborkeychain.com\/wp-content\/uploads\/BottleDrive-Pro-150x150.png 150w, https:\/\/www.usborkeychain.com\/wp-content\/uploads\/BottleDrive-Pro-768x768.png 768w, https:\/\/www.usborkeychain.com\/wp-content\/uploads\/BottleDrive-Pro-12x12.png 12w, https:\/\/www.usborkeychain.com\/wp-content\/uploads\/BottleDrive-Pro-600x600.png 600w, https:\/\/www.usborkeychain.com\/wp-content\/uploads\/BottleDrive-Pro-100x100.png 100w\" sizes=\"(max-width: 800px) 100vw, 800px\" \/><\/figure>\n<\/div>\n\n\n\n<div class=\"wp-block-column is-layout-flow wp-block-column-is-layout-flow\">\n<figure class=\"wp-block-image size-full\"><img alt=\"\" loading=\"lazy\" decoding=\"async\" width=\"800\" height=\"800\" src=\"https:\/\/www.usborkeychain.com\/wp-content\/uploads\/BottleShaped-USB.png\" class=\"wp-image-4129\" srcset=\"https:\/\/www.usborkeychain.com\/wp-content\/uploads\/BottleShaped-USB.png 800w, https:\/\/www.usborkeychain.com\/wp-content\/uploads\/BottleShaped-USB-300x300.png 300w, https:\/\/www.usborkeychain.com\/wp-content\/uploads\/BottleShaped-USB-150x150.png 150w, https:\/\/www.usborkeychain.com\/wp-content\/uploads\/BottleShaped-USB-768x768.png 768w, https:\/\/www.usborkeychain.com\/wp-content\/uploads\/BottleShaped-USB-12x12.png 12w, https:\/\/www.usborkeychain.com\/wp-content\/uploads\/BottleShaped-USB-600x600.png 600w, https:\/\/www.usborkeychain.com\/wp-content\/uploads\/BottleShaped-USB-100x100.png 100w\" sizes=\"(max-width: 800px) 100vw, 800px\" \/><\/figure>\n<\/div>\n<\/div>\n\n\n\n<h2 class=\"wp-block-heading\">Op\u00e7\u00f5es de processo de impress\u00e3o<\/h2>\n\n\n\n<ol class=\"wp-block-list\">\n<li>Com a impress\u00e3o em tela, \u00e9 poss\u00edvel apresentar logotipos e slogans corporativos claros e coloridos.<\/li>\n\n\n\n<li>A grava\u00e7\u00e3o a laser cria texturas delicadas e duradouras, destacando um senso de qualidade.<\/li>\n\n\n\n<li>A impress\u00e3o UV permite a renderiza\u00e7\u00e3o de alta precis\u00e3o de padr\u00f5es complexos e cores gradientes.<\/li>\n<\/ol>\n\n\n\n<p>   Seja para <strong>reuni\u00f5es de neg\u00f3cios<\/strong>, <strong>promo\u00e7\u00f5es de exposi\u00e7\u00f5es<\/strong>,<strong> benef\u00edcios para funcion\u00e1rios<\/strong>ou <strong>aprecia\u00e7\u00e3o do cliente<\/strong>O conte\u00fado personalizado impresso no corpo ou na parte superior da garrafa transforma a <strong>Unidade USB<\/strong>e em um \"cart\u00e3o de visita m\u00f3vel da marca\", transmitindo informa\u00e7\u00f5es corporativas a qualquer momento e em qualquer lugar, al\u00e9m de aumentar a exposi\u00e7\u00e3o e a reputa\u00e7\u00e3o da marca.<\/p>\n\n\n\n<p>    O <strong>unidade USB de garrafa met\u00e1lica<\/strong>Com seu design criativo, desempenho est\u00e1vel e personaliza\u00e7\u00e3o flex\u00edvel, ele preenche a lacuna entre as necessidades de armazenamento corporativo e a comunica\u00e7\u00e3o da marca. \u00c9 uma excelente op\u00e7\u00e3o com alto valor pr\u00e1tico e de marketing.<\/p>\n\n\n\n<p><\/p>","protected":false},"excerpt":{"rendered":"<ol>\n<li>MetalBottle USB<\/li>\n<li>BottleDrive Pro<\/li>\n<li>garrafa de cor diferente USB<\/li>\n<li>reuni\u00f5es de neg\u00f3cios<\/li>\n<li>promo\u00e7\u00f5es de exposi\u00e7\u00f5es<\/li>\n<li>benef\u00edcios para funcion\u00e1rios<\/li>\n<li>aprecia\u00e7\u00e3o do cliente<\/li>\n<li>MCQ:100PCS<\/li>\n<\/ol>","protected":false},"featured_media":4128,"comment_status":"open","ping_status":"closed","template":"","meta":{"_seopress_robots_primary_cat":"none","_seopress_titles_title":"metal bottle USB Flash Drive,metal USB Drive,bottle USB Drive","_seopress_titles_desc":"","_seopress_robots_index":"","site-sidebar-layout":"default","site-content-layout":"","ast-site-content-layout":"","site-content-style":"default","site-sidebar-style":"default","ast-global-header-display":"","ast-banner-title-visibility":"","ast-main-header-display":"","ast-hfb-above-header-display":"","ast-hfb-below-header-display":"","ast-hfb-mobile-header-display":"","site-post-title":"","ast-breadcrumbs-content":"","ast-featured-img":"","footer-sml-layout":"","theme-transparent-header-meta":"","adv-header-id-meta":"","stick-header-meta":"","header-above-stick-meta":"","header-main-stick-meta":"","header-below-stick-meta":"","astra-migrate-meta-layouts":"default","ast-page-background-enabled":"default","ast-page-background-meta":{"desktop":{"background-color":"var(--ast-global-color-5)","background-image":"","background-repeat":"repeat","background-position":"center center","background-size":"auto","background-attachment":"scroll","background-type":"","background-media":"","overlay-type":"","overlay-color":"","overlay-opacity":"","overlay-gradient":""},"tablet":{"background-color":"","background-image":"","background-repeat":"repeat","background-position":"center center","background-size":"auto","background-attachment":"scroll","background-type":"","background-media":"","overlay-type":"","overlay-color":"","overlay-opacity":"","overlay-gradient":""},"mobile":{"background-color":"","background-image":"","background-repeat":"repeat","background-position":"center center","background-size":"auto","background-attachment":"scroll","background-type":"","background-media":"","overlay-type":"","overlay-color":"","overlay-opacity":"","overlay-gradient":""}},"ast-content-background-meta":{"desktop":{"background-color":"var(--ast-global-color-4)","background-image":"","background-repeat":"repeat","background-position":"center center","background-size":"auto","background-attachment":"scroll","background-type":"","background-media":"","overlay-type":"","overlay-color":"","overlay-opacity":"","overlay-gradient":""},"tablet":{"background-color":"var(--ast-global-color-4)","background-image":"","background-repeat":"repeat","background-position":"center center","background-size":"auto","background-attachment":"scroll","background-type":"","background-media":"","overlay-type":"","overlay-color":"","overlay-opacity":"","overlay-gradient":""},"mobile":{"background-color":"var(--ast-global-color-4)","background-image":"","background-repeat":"repeat","background-position":"center center","background-size":"auto","background-attachment":"scroll","background-type":"","background-media":"","overlay-type":"","overlay-color":"","overlay-opacity":"","overlay-gradient":""}}},"product_brand":[],"product_cat":[89],"product_tag":[398,222],"class_list":{"0":"post-4125","1":"product","2":"type-product","3":"status-publish","4":"has-post-thumbnail","6":"product_cat-metal-usb-pendrive","7":"product_tag-aluminum-usb-drive","8":"product_tag-metal-bottle-usb-drive","9":"desktop-align-left","10":"tablet-align-left","11":"mobile-align-left","13":"first","14":"instock","15":"shipping-taxable","16":"product-type-simple"},"_links":{"self":[{"href":"https:\/\/www.usborkeychain.com\/pt\/wp-json\/wp\/v2\/product\/4125","targetHints":{"allow":["GET"]}}],"collection":[{"href":"https:\/\/www.usborkeychain.com\/pt\/wp-json\/wp\/v2\/product"}],"about":[{"href":"https:\/\/www.usborkeychain.com\/pt\/wp-json\/wp\/v2\/types\/product"}],"replies":[{"embeddable":true,"href":"https:\/\/www.usborkeychain.com\/pt\/wp-json\/wp\/v2\/comments?post=4125"}],"wp:featuredmedia":[{"embeddable":true,"href":"https:\/\/www.usborkeychain.com\/pt\/wp-json\/wp\/v2\/media\/4128"}],"wp:attachment":[{"href":"https:\/\/www.usborkeychain.com\/pt\/wp-json\/wp\/v2\/media?parent=4125"}],"wp:term":[{"taxonomy":"product_brand","embeddable":true,"href":"https:\/\/www.usborkeychain.com\/pt\/wp-json\/wp\/v2\/product_brand?post=4125"},{"taxonomy":"product_cat","embeddable":true,"href":"https:\/\/www.usborkeychain.com\/pt\/wp-json\/wp\/v2\/product_cat?post=4125"},{"taxonomy":"product_tag","embeddable":true,"href":"https:\/\/www.usborkeychain.com\/pt\/wp-json\/wp\/v2\/product_tag?post=4125"}],"curies":[{"name":"wp","href":"https:\/\/api.w.org\/{rel}","templated":true}]}}