{"id":4151,"date":"2025-07-17T04:00:13","date_gmt":"2025-07-17T04:00:13","guid":{"rendered":"https:\/\/www.usborkeychain.com\/?post_type=product&#038;p=4151"},"modified":"2025-08-11T07:01:56","modified_gmt":"2025-08-11T07:01:56","slug":"metal-paint-bucket-usb-drive","status":"publish","type":"product","link":"https:\/\/www.usborkeychain.com\/pt\/produto\/metal-paint-bucket-usb-drive\/","title":{"rendered":"Unidade USB com balde de tinta de metal"},"content":{"rendered":"<p>O <strong>balde de tinta de metal Unidade USB <\/strong>\u00e9 criado por fabricantes profissionais de unidades USB usando fundi\u00e7\u00e3o sob press\u00e3o de liga de zinco, reproduzindo perfeitamente o formato de baldes de tinta industriais e integrando de forma inteligente o design do balde de tinta em um dispositivo de armazenamento. O material met\u00e1lico lhe confere tr\u00eas vantagens principais: resist\u00eancia \u00e0 press\u00e3o, resist\u00eancia \u00e0 queda, excelente dissipa\u00e7\u00e3o de calor e uma textura de alta qualidade. O design do chaveiro na parte superior aumenta a portabilidade, atendendo \u00e0s necessidades de armazenamento e servindo como um poderoso suporte para os visuais da marca. Com sua apar\u00eancia exclusiva, ele se tornou uma excelente op\u00e7\u00e3o para personaliza\u00e7\u00e3o e promo\u00e7\u00e3o da marca, agregando valor ao armazenamento criativo e \u00e0 publicidade corporativa.<\/p>\n\n\n\n<div class=\"wp-block-columns is-layout-flex wp-container-core-columns-is-layout-28f84493 wp-block-columns-is-layout-flex\">\n<div class=\"wp-block-column is-layout-flow wp-block-column-is-layout-flow\">\n<figure class=\"wp-block-image size-full\"><img alt=\"\" fetchpriority=\"high\" decoding=\"async\" width=\"800\" height=\"800\" src=\"https:\/\/www.usborkeychain.com\/wp-content\/uploads\/Colorful-Metal-Drum-USB.png\" class=\"wp-image-4155\" srcset=\"https:\/\/www.usborkeychain.com\/wp-content\/uploads\/Colorful-Metal-Drum-USB.png 800w, https:\/\/www.usborkeychain.com\/wp-content\/uploads\/Colorful-Metal-Drum-USB-300x300.png 300w, https:\/\/www.usborkeychain.com\/wp-content\/uploads\/Colorful-Metal-Drum-USB-150x150.png 150w, https:\/\/www.usborkeychain.com\/wp-content\/uploads\/Colorful-Metal-Drum-USB-768x768.png 768w, https:\/\/www.usborkeychain.com\/wp-content\/uploads\/Colorful-Metal-Drum-USB-12x12.png 12w, https:\/\/www.usborkeychain.com\/wp-content\/uploads\/Colorful-Metal-Drum-USB-600x600.png 600w, https:\/\/www.usborkeychain.com\/wp-content\/uploads\/Colorful-Metal-Drum-USB-100x100.png 100w\" sizes=\"(max-width: 800px) 100vw, 800px\" \/><\/figure>\n<\/div>\n\n\n\n<div class=\"wp-block-column is-layout-flow wp-block-column-is-layout-flow\">\n<figure class=\"wp-block-image size-full\"><img alt=\"\" decoding=\"async\" width=\"800\" height=\"800\" src=\"https:\/\/www.usborkeychain.com\/wp-content\/uploads\/Drum-Like-USB-Drive.png\" class=\"wp-image-4156\" srcset=\"https:\/\/www.usborkeychain.com\/wp-content\/uploads\/Drum-Like-USB-Drive.png 800w, https:\/\/www.usborkeychain.com\/wp-content\/uploads\/Drum-Like-USB-Drive-300x300.png 300w, https:\/\/www.usborkeychain.com\/wp-content\/uploads\/Drum-Like-USB-Drive-150x150.png 150w, https:\/\/www.usborkeychain.com\/wp-content\/uploads\/Drum-Like-USB-Drive-768x768.png 768w, https:\/\/www.usborkeychain.com\/wp-content\/uploads\/Drum-Like-USB-Drive-12x12.png 12w, https:\/\/www.usborkeychain.com\/wp-content\/uploads\/Drum-Like-USB-Drive-600x600.png 600w, https:\/\/www.usborkeychain.com\/wp-content\/uploads\/Drum-Like-USB-Drive-100x100.png 100w\" sizes=\"(max-width: 800px) 100vw, 800px\" \/><\/figure>\n<\/div>\n<\/div>\n\n\n\n<h2 class=\"wp-block-heading\">Quais s\u00e3o os par\u00e2metros da unidade USB do balde de tinta de metal?<\/h2>\n\n\n\n<p>Os fabricantes de unidades USB controlam rigorosamente a produ\u00e7\u00e3o, garantindo que a unidade USB com balde de tinta met\u00e1lica tenha par\u00e2metros est\u00e1veis e pr\u00e1ticos para atender a diversas necessidades de armazenamento:<\/p>\n\n\n\n<figure class=\"wp-block-table\"><table class=\"has-fixed-layout\"><thead><tr><th>Categoria de par\u00e2metro<\/th><th>Detalhes<\/th><\/tr><\/thead><tbody><tr><td>Tipo de interface<\/td><td>USB3.0 (compat\u00edvel com USB2.0)<\/td><\/tr><tr><td>Capacidade de armazenamento<\/td><td>8 GB, 16 GB, 32 GB, 64 GB, 128 GB<\/td><\/tr><tr><td>Dimens\u00f5es do produto<\/td><td>Altura: aproximadamente 45-55 mm, Di\u00e2metro: aproximadamente 20-25 mm<\/td><\/tr><tr><td>Peso do produto<\/td><td>Aproximadamente 15 a 25 gramas<\/td><\/tr><\/tbody><\/table><\/figure>\n\n\n\n<p>A interface USB3.0 garante uma transmiss\u00e3o eficiente, com v\u00e1rias capacidades adequadas a diferentes cen\u00e1rios. Seu tamanho e peso compactos facilitam o transporte, sendo ideal para transferir documentos de trabalho ou armazenar materiais de design.<\/p>\n\n\n\n<div class=\"wp-block-columns is-layout-flex wp-container-core-columns-is-layout-28f84493 wp-block-columns-is-layout-flex\">\n<div class=\"wp-block-column is-layout-flow wp-block-column-is-layout-flow\">\n<figure class=\"wp-block-image size-full\"><img alt=\"\" decoding=\"async\" width=\"800\" height=\"800\" src=\"https:\/\/www.usborkeychain.com\/wp-content\/uploads\/Metal-Oil-Drum-USB.png\" class=\"wp-image-4159\" srcset=\"https:\/\/www.usborkeychain.com\/wp-content\/uploads\/Metal-Oil-Drum-USB.png 800w, https:\/\/www.usborkeychain.com\/wp-content\/uploads\/Metal-Oil-Drum-USB-300x300.png 300w, https:\/\/www.usborkeychain.com\/wp-content\/uploads\/Metal-Oil-Drum-USB-150x150.png 150w, https:\/\/www.usborkeychain.com\/wp-content\/uploads\/Metal-Oil-Drum-USB-768x768.png 768w, https:\/\/www.usborkeychain.com\/wp-content\/uploads\/Metal-Oil-Drum-USB-12x12.png 12w, https:\/\/www.usborkeychain.com\/wp-content\/uploads\/Metal-Oil-Drum-USB-600x600.png 600w, https:\/\/www.usborkeychain.com\/wp-content\/uploads\/Metal-Oil-Drum-USB-100x100.png 100w\" sizes=\"(max-width: 800px) 100vw, 800px\" \/><\/figure>\n<\/div>\n\n\n\n<div class=\"wp-block-column is-layout-flow wp-block-column-is-layout-flow\">\n<figure class=\"wp-block-image size-full\"><img alt=\"\" loading=\"lazy\" decoding=\"async\" width=\"800\" height=\"800\" src=\"https:\/\/www.usborkeychain.com\/wp-content\/uploads\/Metal-Barrel-USB-Drive.png\" class=\"wp-image-4158\" srcset=\"https:\/\/www.usborkeychain.com\/wp-content\/uploads\/Metal-Barrel-USB-Drive.png 800w, https:\/\/www.usborkeychain.com\/wp-content\/uploads\/Metal-Barrel-USB-Drive-300x300.png 300w, https:\/\/www.usborkeychain.com\/wp-content\/uploads\/Metal-Barrel-USB-Drive-150x150.png 150w, https:\/\/www.usborkeychain.com\/wp-content\/uploads\/Metal-Barrel-USB-Drive-768x768.png 768w, https:\/\/www.usborkeychain.com\/wp-content\/uploads\/Metal-Barrel-USB-Drive-12x12.png 12w, https:\/\/www.usborkeychain.com\/wp-content\/uploads\/Metal-Barrel-USB-Drive-600x600.png 600w, https:\/\/www.usborkeychain.com\/wp-content\/uploads\/Metal-Barrel-USB-Drive-100x100.png 100w\" sizes=\"(max-width: 800px) 100vw, 800px\" \/><\/figure>\n<\/div>\n<\/div>\n\n\n\n<h2 class=\"wp-block-heading\">A unidade USB com balde de tinta de metal pode ser personalizada com um logotipo?<\/h2>\n\n\n\n<p>Os servi\u00e7os de unidades USB personalizadas se concentram em atender \u00e0s necessidades de logotipos de marcas. Quer se trate de empresas de tintas conhecidas, como a Dulux e a Nippon Paint, ou de empresas de outros setores, os logotipos e os identificadores VI podem ser aplicados \u00e0 superf\u00edcie met\u00e1lica por meio de grava\u00e7\u00e3o a laser, serigrafia e outras t\u00e9cnicas. Para as empresas de tintas, a personaliza\u00e7\u00e3o dessas unidades USB como brindes de exposi\u00e7\u00e3o ou brindes para clientes permite que os clientes mantenham contato com a marca sempre que usarem a unidade, fortalecendo a mem\u00f3ria da marca e aumentando o conhecimento e a reputa\u00e7\u00e3o da marca.<\/p>\n\n\n\n<h2 class=\"wp-block-heading\">Quais cores est\u00e3o dispon\u00edveis para a unidade USB com balde de tinta de metal?<\/h2>\n\n\n\n<p>Atualmente, as cores padr\u00e3o incluem tons b\u00e1sicos de metal, como prata, preto, vermelho, azul e verde, que s\u00e3o simples, vers\u00e1teis e adequados para a maioria dos estilos de marca. Se as empresas tiverem requisitos especiais de cores, como cores que combinem com o tema da marca, os fabricantes de unidades USB oferecem suporte \u00e0 personaliza\u00e7\u00e3o. Por meio de anodiza\u00e7\u00e3o, pintura e outros processos, eles podem criar cores exclusivas com precis\u00e3o, tornando o drive USB um \"cart\u00e3o de visita m\u00f3vel\" para a imagem da marca.<\/p>\n\n\n\n<div class=\"wp-block-columns is-layout-flex wp-container-core-columns-is-layout-28f84493 wp-block-columns-is-layout-flex\">\n<div class=\"wp-block-column is-layout-flow wp-block-column-is-layout-flow\">\n<figure class=\"wp-block-image size-full\"><img alt=\"\" loading=\"lazy\" decoding=\"async\" width=\"800\" height=\"800\" src=\"https:\/\/www.usborkeychain.com\/wp-content\/uploads\/Oil-Drum-Shaped-USB.png\" class=\"wp-image-4161\" srcset=\"https:\/\/www.usborkeychain.com\/wp-content\/uploads\/Oil-Drum-Shaped-USB.png 800w, https:\/\/www.usborkeychain.com\/wp-content\/uploads\/Oil-Drum-Shaped-USB-300x300.png 300w, https:\/\/www.usborkeychain.com\/wp-content\/uploads\/Oil-Drum-Shaped-USB-150x150.png 150w, https:\/\/www.usborkeychain.com\/wp-content\/uploads\/Oil-Drum-Shaped-USB-768x768.png 768w, https:\/\/www.usborkeychain.com\/wp-content\/uploads\/Oil-Drum-Shaped-USB-12x12.png 12w, https:\/\/www.usborkeychain.com\/wp-content\/uploads\/Oil-Drum-Shaped-USB-600x600.png 600w, https:\/\/www.usborkeychain.com\/wp-content\/uploads\/Oil-Drum-Shaped-USB-100x100.png 100w\" sizes=\"(max-width: 800px) 100vw, 800px\" \/><\/figure>\n<\/div>\n\n\n\n<div class=\"wp-block-column is-layout-flow wp-block-column-is-layout-flow\">\n<figure class=\"wp-block-image size-full\"><img alt=\"\" loading=\"lazy\" decoding=\"async\" width=\"800\" height=\"800\" src=\"https:\/\/www.usborkeychain.com\/wp-content\/uploads\/Stylish-Drum-USB.png\" class=\"wp-image-4163\" srcset=\"https:\/\/www.usborkeychain.com\/wp-content\/uploads\/Stylish-Drum-USB.png 800w, https:\/\/www.usborkeychain.com\/wp-content\/uploads\/Stylish-Drum-USB-300x300.png 300w, https:\/\/www.usborkeychain.com\/wp-content\/uploads\/Stylish-Drum-USB-150x150.png 150w, https:\/\/www.usborkeychain.com\/wp-content\/uploads\/Stylish-Drum-USB-768x768.png 768w, https:\/\/www.usborkeychain.com\/wp-content\/uploads\/Stylish-Drum-USB-12x12.png 12w, https:\/\/www.usborkeychain.com\/wp-content\/uploads\/Stylish-Drum-USB-600x600.png 600w, https:\/\/www.usborkeychain.com\/wp-content\/uploads\/Stylish-Drum-USB-100x100.png 100w\" sizes=\"(max-width: 800px) 100vw, 800px\" \/><\/figure>\n<\/div>\n<\/div>\n\n\n\n<div class=\"wp-block-columns is-layout-flex wp-container-core-columns-is-layout-28f84493 wp-block-columns-is-layout-flex\">\n<div class=\"wp-block-column is-layout-flow wp-block-column-is-layout-flow\">\n<figure class=\"wp-block-image size-full\"><img alt=\"\" loading=\"lazy\" decoding=\"async\" width=\"800\" height=\"800\" src=\"https:\/\/www.usborkeychain.com\/wp-content\/uploads\/Portable-Drum-USB.png\" class=\"wp-image-4162\" srcset=\"https:\/\/www.usborkeychain.com\/wp-content\/uploads\/Portable-Drum-USB.png 800w, https:\/\/www.usborkeychain.com\/wp-content\/uploads\/Portable-Drum-USB-300x300.png 300w, https:\/\/www.usborkeychain.com\/wp-content\/uploads\/Portable-Drum-USB-150x150.png 150w, https:\/\/www.usborkeychain.com\/wp-content\/uploads\/Portable-Drum-USB-768x768.png 768w, https:\/\/www.usborkeychain.com\/wp-content\/uploads\/Portable-Drum-USB-12x12.png 12w, https:\/\/www.usborkeychain.com\/wp-content\/uploads\/Portable-Drum-USB-600x600.png 600w, https:\/\/www.usborkeychain.com\/wp-content\/uploads\/Portable-Drum-USB-100x100.png 100w\" sizes=\"(max-width: 800px) 100vw, 800px\" \/><\/figure>\n<\/div>\n\n\n\n<div class=\"wp-block-column is-layout-flow wp-block-column-is-layout-flow\">\n<figure class=\"wp-block-image size-full\"><img alt=\"\" loading=\"lazy\" decoding=\"async\" width=\"800\" height=\"800\" src=\"https:\/\/www.usborkeychain.com\/wp-content\/uploads\/Mini-Drum-USB-Storage.png\" class=\"wp-image-4160\" srcset=\"https:\/\/www.usborkeychain.com\/wp-content\/uploads\/Mini-Drum-USB-Storage.png 800w, https:\/\/www.usborkeychain.com\/wp-content\/uploads\/Mini-Drum-USB-Storage-300x300.png 300w, https:\/\/www.usborkeychain.com\/wp-content\/uploads\/Mini-Drum-USB-Storage-150x150.png 150w, https:\/\/www.usborkeychain.com\/wp-content\/uploads\/Mini-Drum-USB-Storage-768x768.png 768w, https:\/\/www.usborkeychain.com\/wp-content\/uploads\/Mini-Drum-USB-Storage-12x12.png 12w, https:\/\/www.usborkeychain.com\/wp-content\/uploads\/Mini-Drum-USB-Storage-600x600.png 600w, https:\/\/www.usborkeychain.com\/wp-content\/uploads\/Mini-Drum-USB-Storage-100x100.png 100w\" sizes=\"(max-width: 800px) 100vw, 800px\" \/><\/figure>\n<\/div>\n<\/div>\n\n\n\n<div class=\"wp-block-columns is-layout-flex wp-container-core-columns-is-layout-28f84493 wp-block-columns-is-layout-flex\">\n<div class=\"wp-block-column is-layout-flow wp-block-column-is-layout-flow\">\n<figure class=\"wp-block-image size-full\"><img alt=\"\" loading=\"lazy\" decoding=\"async\" width=\"800\" height=\"800\" src=\"https:\/\/www.usborkeychain.com\/wp-content\/uploads\/Keychain-Drum-USB.png\" class=\"wp-image-4157\" srcset=\"https:\/\/www.usborkeychain.com\/wp-content\/uploads\/Keychain-Drum-USB.png 800w, https:\/\/www.usborkeychain.com\/wp-content\/uploads\/Keychain-Drum-USB-300x300.png 300w, https:\/\/www.usborkeychain.com\/wp-content\/uploads\/Keychain-Drum-USB-150x150.png 150w, https:\/\/www.usborkeychain.com\/wp-content\/uploads\/Keychain-Drum-USB-768x768.png 768w, https:\/\/www.usborkeychain.com\/wp-content\/uploads\/Keychain-Drum-USB-12x12.png 12w, https:\/\/www.usborkeychain.com\/wp-content\/uploads\/Keychain-Drum-USB-600x600.png 600w, https:\/\/www.usborkeychain.com\/wp-content\/uploads\/Keychain-Drum-USB-100x100.png 100w\" sizes=\"(max-width: 800px) 100vw, 800px\" \/><\/figure>\n<\/div>\n\n\n\n<div class=\"wp-block-column is-layout-flow wp-block-column-is-layout-flow\">\n<figure class=\"wp-block-image size-full\"><img alt=\"\" loading=\"lazy\" decoding=\"async\" width=\"800\" height=\"800\" src=\"https:\/\/www.usborkeychain.com\/wp-content\/uploads\/\u200bChromaSteel-Barrel-USB-Drive.png\" class=\"wp-image-4154\" srcset=\"https:\/\/www.usborkeychain.com\/wp-content\/uploads\/\u200bChromaSteel-Barrel-USB-Drive.png 800w, https:\/\/www.usborkeychain.com\/wp-content\/uploads\/\u200bChromaSteel-Barrel-USB-Drive-300x300.png 300w, https:\/\/www.usborkeychain.com\/wp-content\/uploads\/\u200bChromaSteel-Barrel-USB-Drive-150x150.png 150w, https:\/\/www.usborkeychain.com\/wp-content\/uploads\/\u200bChromaSteel-Barrel-USB-Drive-768x768.png 768w, https:\/\/www.usborkeychain.com\/wp-content\/uploads\/\u200bChromaSteel-Barrel-USB-Drive-12x12.png 12w, https:\/\/www.usborkeychain.com\/wp-content\/uploads\/\u200bChromaSteel-Barrel-USB-Drive-600x600.png 600w, https:\/\/www.usborkeychain.com\/wp-content\/uploads\/\u200bChromaSteel-Barrel-USB-Drive-100x100.png 100w\" sizes=\"(max-width: 800px) 100vw, 800px\" \/><\/figure>\n<\/div>\n<\/div>\n\n\n\n<h2 class=\"wp-block-heading\">Resumo<\/h2>\n\n\n\n<p>O <strong>balde de tinta de metal Unidade USB<\/strong> garante durabilidade com seu material met\u00e1lico, fun\u00e7\u00f5es pr\u00e1ticas com par\u00e2metros claros e expande os canais de marketing da marca por meio de logotipos personalizados e v\u00e1rias cores. Esse produto de armazenamento criativo desenvolvido por fabricantes de unidades USB \u00e9 uma excelente op\u00e7\u00e3o para armazenamento corporativo di\u00e1rio e promo\u00e7\u00e3o da marca, transmitindo o valor da marca por meio de seu design exclusivo.<\/p>","protected":false},"excerpt":{"rendered":"<ul>\n<li>Unidade USB Metal Barrel<\/li>\n<li>Tambor de metal colorido USB<\/li>\n<li>balde de tinta de metal Unidade USB<\/li>\n<li>Tintas Dulux e Nippon<\/li>\n<li>MOQ:100PCS<\/li>\n<\/ul>","protected":false},"featured_media":4155,"comment_status":"open","ping_status":"closed","template":"","meta":{"_seopress_robots_primary_cat":"","_seopress_titles_title":"Metal Barrel USB Drive;Metal Paint Bucket USB Drive","_seopress_titles_desc":"","_seopress_robots_index":"","site-sidebar-layout":"default","site-content-layout":"","ast-site-content-layout":"","site-content-style":"default","site-sidebar-style":"default","ast-global-header-display":"","ast-banner-title-visibility":"","ast-main-header-display":"","ast-hfb-above-header-display":"","ast-hfb-below-header-display":"","ast-hfb-mobile-header-display":"","site-post-title":"","ast-breadcrumbs-content":"","ast-featured-img":"","footer-sml-layout":"","theme-transparent-header-meta":"","adv-header-id-meta":"","stick-header-meta":"","header-above-stick-meta":"","header-main-stick-meta":"","header-below-stick-meta":"","astra-migrate-meta-layouts":"default","ast-page-background-enabled":"default","ast-page-background-meta":{"desktop":{"background-color":"var(--ast-global-color-5)","background-image":"","background-repeat":"repeat","background-position":"center center","background-size":"auto","background-attachment":"scroll","background-type":"","background-media":"","overlay-type":"","overlay-color":"","overlay-opacity":"","overlay-gradient":""},"tablet":{"background-color":"","background-image":"","background-repeat":"repeat","background-position":"center center","background-size":"auto","background-attachment":"scroll","background-type":"","background-media":"","overlay-type":"","overlay-color":"","overlay-opacity":"","overlay-gradient":""},"mobile":{"background-color":"","background-image":"","background-repeat":"repeat","background-position":"center center","background-size":"auto","background-attachment":"scroll","background-type":"","background-media":"","overlay-type":"","overlay-color":"","overlay-opacity":"","overlay-gradient":""}},"ast-content-background-meta":{"desktop":{"background-color":"var(--ast-global-color-4)","background-image":"","background-repeat":"repeat","background-position":"center center","background-size":"auto","background-attachment":"scroll","background-type":"","background-media":"","overlay-type":"","overlay-color":"","overlay-opacity":"","overlay-gradient":""},"tablet":{"background-color":"var(--ast-global-color-4)","background-image":"","background-repeat":"repeat","background-position":"center center","background-size":"auto","background-attachment":"scroll","background-type":"","background-media":"","overlay-type":"","overlay-color":"","overlay-opacity":"","overlay-gradient":""},"mobile":{"background-color":"var(--ast-global-color-4)","background-image":"","background-repeat":"repeat","background-position":"center center","background-size":"auto","background-attachment":"scroll","background-type":"","background-media":"","overlay-type":"","overlay-color":"","overlay-opacity":"","overlay-gradient":""}}},"product_brand":[],"product_cat":[89,103,104],"product_tag":[398,228],"class_list":{"0":"post-4151","1":"product","2":"type-product","3":"status-publish","4":"has-post-thumbnail","6":"product_cat-metal-usb-pendrive","7":"product_cat-usb2-0-usb-pendrive","8":"product_cat-usb3-0-usb-pendrive","9":"product_tag-aluminum-usb-drive","10":"product_tag-metal-paint-bucket-usb-drive","11":"desktop-align-left","12":"tablet-align-left","13":"mobile-align-left","15":"first","16":"instock","17":"shipping-taxable","18":"product-type-simple"},"_links":{"self":[{"href":"https:\/\/www.usborkeychain.com\/pt\/wp-json\/wp\/v2\/product\/4151","targetHints":{"allow":["GET"]}}],"collection":[{"href":"https:\/\/www.usborkeychain.com\/pt\/wp-json\/wp\/v2\/product"}],"about":[{"href":"https:\/\/www.usborkeychain.com\/pt\/wp-json\/wp\/v2\/types\/product"}],"replies":[{"embeddable":true,"href":"https:\/\/www.usborkeychain.com\/pt\/wp-json\/wp\/v2\/comments?post=4151"}],"wp:featuredmedia":[{"embeddable":true,"href":"https:\/\/www.usborkeychain.com\/pt\/wp-json\/wp\/v2\/media\/4155"}],"wp:attachment":[{"href":"https:\/\/www.usborkeychain.com\/pt\/wp-json\/wp\/v2\/media?parent=4151"}],"wp:term":[{"taxonomy":"product_brand","embeddable":true,"href":"https:\/\/www.usborkeychain.com\/pt\/wp-json\/wp\/v2\/product_brand?post=4151"},{"taxonomy":"product_cat","embeddable":true,"href":"https:\/\/www.usborkeychain.com\/pt\/wp-json\/wp\/v2\/product_cat?post=4151"},{"taxonomy":"product_tag","embeddable":true,"href":"https:\/\/www.usborkeychain.com\/pt\/wp-json\/wp\/v2\/product_tag?post=4151"}],"curies":[{"name":"wp","href":"https:\/\/api.w.org\/{rel}","templated":true}]}}