{"id":4165,"date":"2025-07-17T06:27:43","date_gmt":"2025-07-17T06:27:43","guid":{"rendered":"https:\/\/www.usborkeychain.com\/?post_type=product&#038;p=4165"},"modified":"2025-08-11T07:01:35","modified_gmt":"2025-08-11T07:01:35","slug":"metal-beer-bottle-cap-usb-drive","status":"publish","type":"product","link":"https:\/\/www.usborkeychain.com\/pt\/produto\/metal-beer-bottle-cap-usb-drive\/","title":{"rendered":"Unidade USB com tampa de garrafa em liga de alum\u00ednio"},"content":{"rendered":"<p>O <strong>Unidade USB com tampa de garrafa em liga de alum\u00ednio<\/strong> integra de forma inteligente o elemento cotidiano da tampa de garrafa em produtos digitais. Feito de liga de alum\u00ednio, ele replica o formato e as bordas serrilhadas antiderrapantes das tampas de garrafa comuns em uma propor\u00e7\u00e3o de 1:1, provocando instantaneamente uma colis\u00e3o entre mem\u00f3rias familiares e tecnologia moderna. H\u00e1 uma variedade de cores dispon\u00edveis, incluindo cinza prateado, ouro rosa, branco prateado, preto fosco, ouro champanhe (amarelo claro) e outros esquemas de cores anodizadas, com cores completas e textura de alta qualidade. Ele se adapta a diferentes necessidades de estilo, servindo tanto como uma ferramenta de armazenamento pr\u00e1tica quanto como um item que chama a aten\u00e7\u00e3o devido ao seu formato exclusivo, acrescentando divers\u00e3o e personalidade ao armazenamento de dados.<\/p>\n\n\n\n<figure class=\"wp-block-image aligncenter size-full\"><img alt=\"\" fetchpriority=\"high\" decoding=\"async\" width=\"800\" height=\"800\" src=\"https:\/\/www.usborkeychain.com\/wp-content\/uploads\/Beer-Cap-Shaped-USB.png\" class=\"wp-image-4168\" srcset=\"https:\/\/www.usborkeychain.com\/wp-content\/uploads\/Beer-Cap-Shaped-USB.png 800w, https:\/\/www.usborkeychain.com\/wp-content\/uploads\/Beer-Cap-Shaped-USB-300x300.png 300w, https:\/\/www.usborkeychain.com\/wp-content\/uploads\/Beer-Cap-Shaped-USB-150x150.png 150w, https:\/\/www.usborkeychain.com\/wp-content\/uploads\/Beer-Cap-Shaped-USB-768x768.png 768w, https:\/\/www.usborkeychain.com\/wp-content\/uploads\/Beer-Cap-Shaped-USB-12x12.png 12w, https:\/\/www.usborkeychain.com\/wp-content\/uploads\/Beer-Cap-Shaped-USB-600x600.png 600w, https:\/\/www.usborkeychain.com\/wp-content\/uploads\/Beer-Cap-Shaped-USB-100x100.png 100w\" sizes=\"(max-width: 800px) 100vw, 800px\" \/><\/figure>\n\n\n\n<h2 class=\"wp-block-heading\">Tabela de par\u00e2metros da unidade USB<\/h2>\n\n\n\n<figure class=\"wp-block-table\"><table class=\"has-fixed-layout\"><thead><tr><th>Categoria de par\u00e2metro<\/th><th>Detalhes<\/th><\/tr><\/thead><tbody><tr><td>Tipo de interface<\/td><td>USB 2.0\/USB3.0<\/td><\/tr><tr><td>Capacidade de armazenamento<\/td><td>8 GB, 16 GB, 32 GB, 64 GB, 128 GB<\/td><\/tr><tr><td>Dimens\u00f5es do produto<\/td><td>Di\u00e2metro: aproximadamente 30 a 35 mm; Espessura: aproximadamente 5 a 8 mm<\/td><\/tr><tr><td>Peso do produto<\/td><td>10 - 15 gramas<\/td><\/tr><\/tbody><\/table><\/figure>\n\n\n\n<h2 class=\"wp-block-heading\">Ele pode ser personalizado com cores e logotipos diferentes?<\/h2>\n\n\n\n<p><strong>Unidade USB<\/strong> A personaliza\u00e7\u00e3o \u00e9 um servi\u00e7o essencial. Sejam empresas de cerveja conhecidas, como Budweiser, Heineken, Carlsberg ou outras marcas, os logotipos e os identificadores VI podem ser gravados a laser na superf\u00edcie do metal.<\/p>\n\n\n\n<p>Como um produto de destaque dos fabricantes profissionais de personaliza\u00e7\u00e3o de unidades USB, esse modelo oferece suporte \u00e0 personaliza\u00e7\u00e3o detalhada da marca:<\/p>\n\n\n\n<ul class=\"wp-block-list\">\n<li>L<strong>Personaliza\u00e7\u00e3o do ogo\/VI<\/strong>: A parte frontal da tampa da garrafa pode ser gravada a laser com logotipos, textos ou padr\u00f5es corporativos.<\/li>\n\n\n\n<li><strong>Cobertura do cen\u00e1rio<\/strong>: Promo\u00e7\u00e3o da marca de cerveja (como as unidades USB personalizadas para eventos da Budweiser), brindes corporativos (brindes para confer\u00eancias de revendedores da Tsingtao Brewery), itens promocionais (resgate com pontos de associa\u00e7\u00e3o em redes de buf\u00ea).<\/li>\n\n\n\n<li><strong>Adapta\u00e7\u00e3o do setor<\/strong>: Marcas de bebidas alco\u00f3licas, grupos de buf\u00ea e organizadores de eventos podem cooperar para desenvolver vers\u00f5es exclusivas.<\/li>\n<\/ul>\n\n\n\n<div class=\"wp-block-columns is-layout-flex wp-container-core-columns-is-layout-28f84493 wp-block-columns-is-layout-flex\">\n<div class=\"wp-block-column is-layout-flow wp-block-column-is-layout-flow\">\n<figure class=\"wp-block-image size-full\"><img alt=\"\" decoding=\"async\" width=\"800\" height=\"800\" src=\"https:\/\/www.usborkeychain.com\/wp-content\/uploads\/Bottle-Cap-USB-Drive.png\" class=\"wp-image-4169\" srcset=\"https:\/\/www.usborkeychain.com\/wp-content\/uploads\/Bottle-Cap-USB-Drive.png 800w, https:\/\/www.usborkeychain.com\/wp-content\/uploads\/Bottle-Cap-USB-Drive-300x300.png 300w, https:\/\/www.usborkeychain.com\/wp-content\/uploads\/Bottle-Cap-USB-Drive-150x150.png 150w, https:\/\/www.usborkeychain.com\/wp-content\/uploads\/Bottle-Cap-USB-Drive-768x768.png 768w, https:\/\/www.usborkeychain.com\/wp-content\/uploads\/Bottle-Cap-USB-Drive-12x12.png 12w, https:\/\/www.usborkeychain.com\/wp-content\/uploads\/Bottle-Cap-USB-Drive-600x600.png 600w, https:\/\/www.usborkeychain.com\/wp-content\/uploads\/Bottle-Cap-USB-Drive-100x100.png 100w\" sizes=\"(max-width: 800px) 100vw, 800px\" \/><\/figure>\n<\/div>\n\n\n\n<div class=\"wp-block-column is-layout-flow wp-block-column-is-layout-flow\">\n<figure class=\"wp-block-image size-full\"><img alt=\"\" decoding=\"async\" width=\"800\" height=\"800\" src=\"https:\/\/www.usborkeychain.com\/wp-content\/uploads\/Mini-Cap-USB-Device.png\" class=\"wp-image-4172\" srcset=\"https:\/\/www.usborkeychain.com\/wp-content\/uploads\/Mini-Cap-USB-Device.png 800w, https:\/\/www.usborkeychain.com\/wp-content\/uploads\/Mini-Cap-USB-Device-300x300.png 300w, https:\/\/www.usborkeychain.com\/wp-content\/uploads\/Mini-Cap-USB-Device-150x150.png 150w, https:\/\/www.usborkeychain.com\/wp-content\/uploads\/Mini-Cap-USB-Device-768x768.png 768w, https:\/\/www.usborkeychain.com\/wp-content\/uploads\/Mini-Cap-USB-Device-12x12.png 12w, https:\/\/www.usborkeychain.com\/wp-content\/uploads\/Mini-Cap-USB-Device-600x600.png 600w, https:\/\/www.usborkeychain.com\/wp-content\/uploads\/Mini-Cap-USB-Device-100x100.png 100w\" sizes=\"(max-width: 800px) 100vw, 800px\" \/><\/figure>\n<\/div>\n<\/div>\n\n\n\n<h2 class=\"wp-block-heading\">Ele vem com um chaveiro?<\/h2>\n\n\n\n<ol class=\"wp-block-list\">\n<li><strong>Design de buraco de fechadura integrado<\/strong>: Um buraco de fechadura de metal integrado da mesma cor \u00e9 colocado na borda da parte superior da tampa da garrafa, que \u00e9 forte e confi\u00e1vel.<\/li>\n\n\n\n<li><strong>Componentes met\u00e1licos de alta qualidade<\/strong>: Equipado com uma corrente de metal e um chaveiro resistente, que \u00e9 f\u00e1cil de abrir e fechar.<\/li>\n\n\n\n<li><strong>Super portabilidade<\/strong>:<\/li>\n<\/ol>\n\n\n\n<ul class=\"wp-block-list\">\n<li>Porta-chaves: Torna-se um item de transporte di\u00e1rio, dif\u00edcil de ser esquecido ou perdido.<\/li>\n\n\n\n<li>Puxador de z\u00edper de mochila\/saco de laptop: \u00c9 extremamente conveniente para acessar os dados.<\/li>\n\n\n\n<li>Al\u00e7a de carteira\/fivela de cinto: \u00c9 elegante e pr\u00e1tico.<\/li>\n<\/ul>\n\n\n\n<ol start=\"4\" class=\"wp-block-list\">\n<li><strong>Design destac\u00e1vel<\/strong>: Os componentes do chaveiro podem ser facilmente removidos, permitindo que a unidade USB retorne \u00e0 sua forma pura.<\/li>\n<\/ol>\n\n\n\n<div class=\"wp-block-columns is-layout-flex wp-container-core-columns-is-layout-28f84493 wp-block-columns-is-layout-flex\">\n<div class=\"wp-block-column is-layout-flow wp-block-column-is-layout-flow\">\n<figure class=\"wp-block-image size-full\"><img alt=\"\" loading=\"lazy\" decoding=\"async\" width=\"800\" height=\"800\" src=\"https:\/\/www.usborkeychain.com\/wp-content\/uploads\/Metal-Cap-USB-Keychain.png\" class=\"wp-image-4171\" srcset=\"https:\/\/www.usborkeychain.com\/wp-content\/uploads\/Metal-Cap-USB-Keychain.png 800w, https:\/\/www.usborkeychain.com\/wp-content\/uploads\/Metal-Cap-USB-Keychain-300x300.png 300w, https:\/\/www.usborkeychain.com\/wp-content\/uploads\/Metal-Cap-USB-Keychain-150x150.png 150w, https:\/\/www.usborkeychain.com\/wp-content\/uploads\/Metal-Cap-USB-Keychain-768x768.png 768w, https:\/\/www.usborkeychain.com\/wp-content\/uploads\/Metal-Cap-USB-Keychain-12x12.png 12w, https:\/\/www.usborkeychain.com\/wp-content\/uploads\/Metal-Cap-USB-Keychain-600x600.png 600w, https:\/\/www.usborkeychain.com\/wp-content\/uploads\/Metal-Cap-USB-Keychain-100x100.png 100w\" sizes=\"(max-width: 800px) 100vw, 800px\" \/><\/figure>\n<\/div>\n\n\n\n<div class=\"wp-block-column is-layout-flow wp-block-column-is-layout-flow\">\n<figure class=\"wp-block-image size-full\"><img alt=\"\" loading=\"lazy\" decoding=\"async\" width=\"800\" height=\"800\" src=\"https:\/\/www.usborkeychain.com\/wp-content\/uploads\/Keychain-Cap-USB.png\" class=\"wp-image-4170\" srcset=\"https:\/\/www.usborkeychain.com\/wp-content\/uploads\/Keychain-Cap-USB.png 800w, https:\/\/www.usborkeychain.com\/wp-content\/uploads\/Keychain-Cap-USB-300x300.png 300w, https:\/\/www.usborkeychain.com\/wp-content\/uploads\/Keychain-Cap-USB-150x150.png 150w, https:\/\/www.usborkeychain.com\/wp-content\/uploads\/Keychain-Cap-USB-768x768.png 768w, https:\/\/www.usborkeychain.com\/wp-content\/uploads\/Keychain-Cap-USB-12x12.png 12w, https:\/\/www.usborkeychain.com\/wp-content\/uploads\/Keychain-Cap-USB-600x600.png 600w, https:\/\/www.usborkeychain.com\/wp-content\/uploads\/Keychain-Cap-USB-100x100.png 100w\" sizes=\"(max-width: 800px) 100vw, 800px\" \/><\/figure>\n<\/div>\n<\/div>\n\n\n\n<h2 class=\"wp-block-heading\">Para quais setores ele \u00e9 adequado?<\/h2>\n\n\n\n<h3 class=\"wp-block-heading\">Ind\u00fastria da cerveja<\/h3>\n\n\n\n<ul class=\"wp-block-list\">\n<li>Budweiser: Personalize unidades USB em forma de tampa de garrafa dourada, integre elementos da marca e use-as como brindes em promo\u00e7\u00f5es de novos produtos e atividades de festivais de cerveja.<\/li>\n\n\n\n<li>Cerveja Tsingtao: Escolha unidades USB prateadas e vermelhas que representem a marca para reuni\u00f5es de revendedores e benef\u00edcios para membros.<\/li>\n<\/ul>\n\n\n\n<h3 class=\"wp-block-heading\">Ind\u00fastria de bebidas<\/h3>\n\n\n\n<ul class=\"wp-block-list\">\n<li>Coca-Cola: Personalize as unidades USB cl\u00e1ssicas com tampa de garrafa vermelha para se adequar ao logotipo da marca.<\/li>\n\n\n\n<li>Nongfu Spring: Personaliza\u00e7\u00e3o de unidades USB em cores relacionadas \u00e0 marca para promo\u00e7\u00e3o de \u00e1gua de alta qualidade e atividades de bem-estar p\u00fablico.<\/li>\n<\/ul>\n\n\n\n<h3 class=\"wp-block-heading\">Setor de FMCG<\/h3>\n\n\n\n<ul class=\"wp-block-list\">\n<li>Red Bull: Crie unidades USB com tampas de garrafas douradas e prateadas para dar de presente nas atividades da esta\u00e7\u00e3o de fornecimento de energia e nas recompensas para membros.<\/li>\n<\/ul>\n\n\n\n<h2 class=\"wp-block-heading\">Resumo<\/h2>\n\n\n\n<p>O <strong>Unidade USB com tampa de garrafa de metal<\/strong>Com sua replica\u00e7\u00e3o criativa, material de liga de alum\u00ednio e v\u00e1rias personaliza\u00e7\u00f5es, tornou-se um bom produto, pr\u00e1tico e voltado para o marketing. Par\u00e2metros precisos garantem o desempenho do armazenamento, e as cores e os designs dos chaveiros s\u00e3o adequados para uso di\u00e1rio e promo\u00e7\u00e3o. Dos setores de cerveja, bebidas e FMCG, ele transmite a marca por meio da personaliza\u00e7\u00e3o, ajudando as empresas a realizar a comunica\u00e7\u00e3o da marca e a conex\u00e3o com o cliente com apar\u00eancia exclusiva e fun\u00e7\u00f5es pr\u00e1ticas nas necessidades de armazenamento de dados. \u00c9 uma integra\u00e7\u00e3o de alta qualidade de armazenamento digital e promo\u00e7\u00e3o de marketing.<\/p>","protected":false},"excerpt":{"rendered":"<ul>\n<li>Liga de alum\u00ednio<\/li>\n<li>Tampa de metal para garrafas<\/li>\n<li>Tampa port\u00e1til\u00a0<\/li>\n<li>Mini Cap USB\u00a0<\/li>\n<li>MOQ:100PCS<\/li>\n<\/ul>","protected":false},"featured_media":4169,"comment_status":"open","ping_status":"closed","template":"","meta":{"_seopress_robots_primary_cat":"none","_seopress_titles_title":"Bottle Cap USB Drive;Portable Cap USB;Keychain Cap USB","_seopress_titles_desc":"","_seopress_robots_index":"","site-sidebar-layout":"default","site-content-layout":"","ast-site-content-layout":"","site-content-style":"default","site-sidebar-style":"default","ast-global-header-display":"","ast-banner-title-visibility":"","ast-main-header-display":"","ast-hfb-above-header-display":"","ast-hfb-below-header-display":"","ast-hfb-mobile-header-display":"","site-post-title":"","ast-breadcrumbs-content":"","ast-featured-img":"","footer-sml-layout":"","theme-transparent-header-meta":"","adv-header-id-meta":"","stick-header-meta":"","header-above-stick-meta":"","header-main-stick-meta":"","header-below-stick-meta":"","astra-migrate-meta-layouts":"default","ast-page-background-enabled":"default","ast-page-background-meta":{"desktop":{"background-color":"var(--ast-global-color-5)","background-image":"","background-repeat":"repeat","background-position":"center center","background-size":"auto","background-attachment":"scroll","background-type":"","background-media":"","overlay-type":"","overlay-color":"","overlay-opacity":"","overlay-gradient":""},"tablet":{"background-color":"","background-image":"","background-repeat":"repeat","background-position":"center center","background-size":"auto","background-attachment":"scroll","background-type":"","background-media":"","overlay-type":"","overlay-color":"","overlay-opacity":"","overlay-gradient":""},"mobile":{"background-color":"","background-image":"","background-repeat":"repeat","background-position":"center center","background-size":"auto","background-attachment":"scroll","background-type":"","background-media":"","overlay-type":"","overlay-color":"","overlay-opacity":"","overlay-gradient":""}},"ast-content-background-meta":{"desktop":{"background-color":"var(--ast-global-color-4)","background-image":"","background-repeat":"repeat","background-position":"center center","background-size":"auto","background-attachment":"scroll","background-type":"","background-media":"","overlay-type":"","overlay-color":"","overlay-opacity":"","overlay-gradient":""},"tablet":{"background-color":"var(--ast-global-color-4)","background-image":"","background-repeat":"repeat","background-position":"center center","background-size":"auto","background-attachment":"scroll","background-type":"","background-media":"","overlay-type":"","overlay-color":"","overlay-opacity":"","overlay-gradient":""},"mobile":{"background-color":"var(--ast-global-color-4)","background-image":"","background-repeat":"repeat","background-position":"center center","background-size":"auto","background-attachment":"scroll","background-type":"","background-media":"","overlay-type":"","overlay-color":"","overlay-opacity":"","overlay-gradient":""}}},"product_brand":[],"product_cat":[89,113,101],"product_tag":[229,231,396],"class_list":{"0":"post-4165","1":"product","2":"type-product","3":"status-publish","4":"has-post-thumbnail","6":"product_cat-metal-usb-pendrive","7":"product_cat-mini-usb-pendrive","8":"product_cat-usb-pendrive-with-keychain","9":"product_tag-metal-beer-bottle-cap-usb-drive","10":"product_tag-mini-cap-usb-device","11":"product_tag-stainless-steel-usb-flash-drive","12":"desktop-align-left","13":"tablet-align-left","14":"mobile-align-left","16":"first","17":"instock","18":"shipping-taxable","19":"product-type-simple"},"_links":{"self":[{"href":"https:\/\/www.usborkeychain.com\/pt\/wp-json\/wp\/v2\/product\/4165","targetHints":{"allow":["GET"]}}],"collection":[{"href":"https:\/\/www.usborkeychain.com\/pt\/wp-json\/wp\/v2\/product"}],"about":[{"href":"https:\/\/www.usborkeychain.com\/pt\/wp-json\/wp\/v2\/types\/product"}],"replies":[{"embeddable":true,"href":"https:\/\/www.usborkeychain.com\/pt\/wp-json\/wp\/v2\/comments?post=4165"}],"wp:featuredmedia":[{"embeddable":true,"href":"https:\/\/www.usborkeychain.com\/pt\/wp-json\/wp\/v2\/media\/4169"}],"wp:attachment":[{"href":"https:\/\/www.usborkeychain.com\/pt\/wp-json\/wp\/v2\/media?parent=4165"}],"wp:term":[{"taxonomy":"product_brand","embeddable":true,"href":"https:\/\/www.usborkeychain.com\/pt\/wp-json\/wp\/v2\/product_brand?post=4165"},{"taxonomy":"product_cat","embeddable":true,"href":"https:\/\/www.usborkeychain.com\/pt\/wp-json\/wp\/v2\/product_cat?post=4165"},{"taxonomy":"product_tag","embeddable":true,"href":"https:\/\/www.usborkeychain.com\/pt\/wp-json\/wp\/v2\/product_tag?post=4165"}],"curies":[{"name":"wp","href":"https:\/\/api.w.org\/{rel}","templated":true}]}}