{"id":4173,"date":"2025-07-17T07:53:10","date_gmt":"2025-07-17T07:53:10","guid":{"rendered":"https:\/\/www.usborkeychain.com\/?post_type=product&#038;p=4173"},"modified":"2025-07-18T02:32:45","modified_gmt":"2025-07-18T02:32:45","slug":"cork-bottle-usb-drive","status":"publish","type":"product","link":"https:\/\/www.usborkeychain.com\/pt\/produto\/cork-bottle-usb-drive\/","title":{"rendered":"Unidade USB de garrafa de corti\u00e7a"},"content":{"rendered":"<figure class=\"wp-block-image aligncenter size-full\"><img alt=\"\" fetchpriority=\"high\" decoding=\"async\" width=\"800\" height=\"800\" src=\"https:\/\/www.usborkeychain.com\/wp-content\/uploads\/Eco-Cork-Wine-USB.png\" class=\"wp-image-4179\" srcset=\"https:\/\/www.usborkeychain.com\/wp-content\/uploads\/Eco-Cork-Wine-USB.png 800w, https:\/\/www.usborkeychain.com\/wp-content\/uploads\/Eco-Cork-Wine-USB-300x300.png 300w, https:\/\/www.usborkeychain.com\/wp-content\/uploads\/Eco-Cork-Wine-USB-150x150.png 150w, https:\/\/www.usborkeychain.com\/wp-content\/uploads\/Eco-Cork-Wine-USB-768x768.png 768w, https:\/\/www.usborkeychain.com\/wp-content\/uploads\/Eco-Cork-Wine-USB-12x12.png 12w, https:\/\/www.usborkeychain.com\/wp-content\/uploads\/Eco-Cork-Wine-USB-600x600.png 600w, https:\/\/www.usborkeychain.com\/wp-content\/uploads\/Eco-Cork-Wine-USB-100x100.png 100w\" sizes=\"(max-width: 800px) 100vw, 800px\" \/><\/figure>\n\n\n\n<p>O <strong>unidade USB de garrafa de corti\u00e7a<\/strong> integra de forma inteligente o formato de uma rolha de garrafa de vinho em um dispositivo de armazenamento. Ele apresenta uma interface USB oculta na parte superior (modelo horizontal) e uma interface plana de gargalo de garrafa (modelo vertical), permitindo uma conveniente experi\u00eancia \"plug-and-play\". Compacto e port\u00e1til, o material de corti\u00e7a oferece um toque natural e r\u00fastico. N\u00e3o \u00e9 apenas uma ferramenta pr\u00e1tica de armazenamento de dados, mas tamb\u00e9m um enfeite delicado, que acrescenta divers\u00e3o ao uso di\u00e1rio e \u00e9 adequado tanto para presentes de neg\u00f3cios quanto para armazenamento pessoal.<\/p>\n\n\n\n<h2 class=\"wp-block-heading\">Quais s\u00e3o os par\u00e2metros da unidade USB com garrafa de corti\u00e7a?<\/h2>\n\n\n\n<p>Abaixo est\u00e3o os principais par\u00e2metros da unidade USB com garrafa de corti\u00e7a. Os fabricantes de unidades USB controlam rigorosamente a qualidade para garantir o desempenho:<\/p>\n\n\n\n<figure class=\"wp-block-table\"><table class=\"has-fixed-layout\"><thead><tr><th>Categoria de par\u00e2metro<\/th><th>Detalhes<\/th><\/tr><\/thead><tbody><tr><td>Tipo de interface<\/td><td>USB 2.0<\/td><\/tr><tr><td>Capacidade de armazenamento<\/td><td>8 GB, 16 GB, 32 GB, 64 GB, 128 GB<\/td><\/tr><tr><td>Composi\u00e7\u00e3o do material<\/td><td>Corti\u00e7a natural + tampa de garrafa de resina ecol\u00f3gica ABS<\/td><\/tr><tr><td>Dimens\u00f5es do produto<\/td><td>Comprimento total: aproximadamente 60-70 mm; di\u00e2metro da parte da garrafa: aproximadamente 15-20 mm<\/td><\/tr><tr><td>Espessura da corti\u00e7a<\/td><td>Camada de revestimento de corti\u00e7a: aproximadamente 3-5 mm<\/td><\/tr><tr><td>Peso<\/td><td>Aproximadamente 10-15 gramas<\/td><\/tr><\/tbody><\/table><\/figure>\n\n\n\n<p>O material de corti\u00e7a \u00e9 ecologicamente correto, com texturas exclusivas, o que torna cada unidade USB ligeiramente diferente. Seu tamanho compacto permite que ele seja facilmente preso a um chaveiro ou colocado em uma carteira sem ocupar espa\u00e7o.<\/p>\n\n\n\n<div class=\"wp-block-columns is-layout-flex wp-container-core-columns-is-layout-28f84493 wp-block-columns-is-layout-flex\">\n<div class=\"wp-block-column is-layout-flow wp-block-column-is-layout-flow\">\n<figure class=\"wp-block-image size-full\"><img alt=\"\" decoding=\"async\" width=\"800\" height=\"800\" src=\"https:\/\/www.usborkeychain.com\/wp-content\/uploads\/Wine-Cork-USB-Drive.png\" class=\"wp-image-4181\" srcset=\"https:\/\/www.usborkeychain.com\/wp-content\/uploads\/Wine-Cork-USB-Drive.png 800w, https:\/\/www.usborkeychain.com\/wp-content\/uploads\/Wine-Cork-USB-Drive-300x300.png 300w, https:\/\/www.usborkeychain.com\/wp-content\/uploads\/Wine-Cork-USB-Drive-150x150.png 150w, https:\/\/www.usborkeychain.com\/wp-content\/uploads\/Wine-Cork-USB-Drive-768x768.png 768w, https:\/\/www.usborkeychain.com\/wp-content\/uploads\/Wine-Cork-USB-Drive-12x12.png 12w, https:\/\/www.usborkeychain.com\/wp-content\/uploads\/Wine-Cork-USB-Drive-600x600.png 600w, https:\/\/www.usborkeychain.com\/wp-content\/uploads\/Wine-Cork-USB-Drive-100x100.png 100w\" sizes=\"(max-width: 800px) 100vw, 800px\" \/><\/figure>\n<\/div>\n\n\n\n<div class=\"wp-block-column is-layout-flow wp-block-column-is-layout-flow\">\n<figure class=\"wp-block-image size-full\"><img alt=\"\" decoding=\"async\" width=\"800\" height=\"800\" src=\"https:\/\/www.usborkeychain.com\/wp-content\/uploads\/Natural-Cork-USB-Storage.png\" class=\"wp-image-4180\" srcset=\"https:\/\/www.usborkeychain.com\/wp-content\/uploads\/Natural-Cork-USB-Storage.png 800w, https:\/\/www.usborkeychain.com\/wp-content\/uploads\/Natural-Cork-USB-Storage-300x300.png 300w, https:\/\/www.usborkeychain.com\/wp-content\/uploads\/Natural-Cork-USB-Storage-150x150.png 150w, https:\/\/www.usborkeychain.com\/wp-content\/uploads\/Natural-Cork-USB-Storage-768x768.png 768w, https:\/\/www.usborkeychain.com\/wp-content\/uploads\/Natural-Cork-USB-Storage-12x12.png 12w, https:\/\/www.usborkeychain.com\/wp-content\/uploads\/Natural-Cork-USB-Storage-600x600.png 600w, https:\/\/www.usborkeychain.com\/wp-content\/uploads\/Natural-Cork-USB-Storage-100x100.png 100w\" sizes=\"(max-width: 800px) 100vw, 800px\" \/><\/figure>\n<\/div>\n<\/div>\n\n\n\n<h2 class=\"wp-block-heading\">Como \u00e9 o desempenho da unidade USB com garrafa de corti\u00e7a e para quais cen\u00e1rios ela \u00e9 adequada?<\/h2>\n\n\n\n<p>Em termos de desempenho, a leitura e a grava\u00e7\u00e3o est\u00e1veis s\u00e3o fundamentais. Ele pode armazenar documentos, fotos e v\u00eddeos diariamente sem erros de transmiss\u00e3o.<\/p>\n\n\n\n<p>Ele \u00e9 adequado para v\u00e1rios cen\u00e1rios: Primeiro, promo\u00e7\u00e3o de propriedades vin\u00edcolas. Personalizado com o logotipo da propriedade, ele pode ser usado como um <strong>presente de associa\u00e7\u00e3o<\/strong> ou um <strong>doa\u00e7\u00e3o<\/strong> com compras de vinho, permitindo que os clientes armazenem informa\u00e7\u00f5es de degusta\u00e7\u00e3o e hist\u00f3rias de propriedades para promover a marca. Em segundo lugar, reuni\u00f5es de neg\u00f3cios. Ao presentear parceiros, seu design exclusivo \u00e9 memor\u00e1vel e pode armazenar materiais e planos de reuni\u00f5es, sendo pr\u00e1tico e elegante. Terceiro, uso pessoal di\u00e1rio. Os entusiastas da literatura podem us\u00e1-la para armazenar ensaios e materiais de inspira\u00e7\u00e3o. Ele \u00e9 pequeno, atraente e f\u00e1cil de usar e pode ser usado como decora\u00e7\u00e3o de chaveiro para acesso instant\u00e2neo aos dados.<\/p>\n\n\n\n<p>Exemplos:<\/p>\n\n\n\n<figure class=\"wp-block-table\"><table class=\"has-fixed-layout\"><thead><tr><th>Tipo de cen\u00e1rio<\/th><th>Descri\u00e7\u00e3o do caso<\/th><\/tr><\/thead><tbody><tr><td>Marketing de marcas de \u00e1lcool<\/td><td>Itens promocionais personalizados para a Changyu\/Great Wall Wine para aprimorar o tom da marca<\/td><\/tr><tr><td>Presentes comerciais de alta qualidade<\/td><td>Lembran\u00e7as de reuni\u00f5es anuais corporativas (gravadas com slogans da empresa para aumentar o reconhecimento)<\/td><\/tr><tr><td>Produtos criativos culturais e tur\u00edsticos<\/td><td>Modelos personalizados para centros de visitantes de vin\u00edcolas de Bordeaux na Fran\u00e7a, com vendas mensais superiores a 2.000 conjuntos<\/td><\/tr><tr><td>Catering Membership Gifts<\/td><td><\/td><\/tr><\/tbody><\/table><\/figure>\n\n\n\n<div class=\"wp-block-columns is-layout-flex wp-container-core-columns-is-layout-28f84493 wp-block-columns-is-layout-flex\">\n<div class=\"wp-block-column is-layout-flow wp-block-column-is-layout-flow\">\n<figure class=\"wp-block-image size-full\"><img alt=\"\" loading=\"lazy\" decoding=\"async\" width=\"800\" height=\"800\" src=\"https:\/\/www.usborkeychain.com\/wp-content\/uploads\/Corked-Bottle-USB.png\" class=\"wp-image-4178\" srcset=\"https:\/\/www.usborkeychain.com\/wp-content\/uploads\/Corked-Bottle-USB.png 800w, https:\/\/www.usborkeychain.com\/wp-content\/uploads\/Corked-Bottle-USB-300x300.png 300w, https:\/\/www.usborkeychain.com\/wp-content\/uploads\/Corked-Bottle-USB-150x150.png 150w, https:\/\/www.usborkeychain.com\/wp-content\/uploads\/Corked-Bottle-USB-768x768.png 768w, https:\/\/www.usborkeychain.com\/wp-content\/uploads\/Corked-Bottle-USB-12x12.png 12w, https:\/\/www.usborkeychain.com\/wp-content\/uploads\/Corked-Bottle-USB-600x600.png 600w, https:\/\/www.usborkeychain.com\/wp-content\/uploads\/Corked-Bottle-USB-100x100.png 100w\" sizes=\"(max-width: 800px) 100vw, 800px\" \/><\/figure>\n<\/div>\n\n\n\n<div class=\"wp-block-column is-layout-flow wp-block-column-is-layout-flow\">\n<figure class=\"wp-block-image size-full\"><img alt=\"\" loading=\"lazy\" decoding=\"async\" width=\"800\" height=\"800\" src=\"https:\/\/www.usborkeychain.com\/wp-content\/uploads\/Cork-Wine-Bottle-USB.png\" class=\"wp-image-4177\" srcset=\"https:\/\/www.usborkeychain.com\/wp-content\/uploads\/Cork-Wine-Bottle-USB.png 800w, https:\/\/www.usborkeychain.com\/wp-content\/uploads\/Cork-Wine-Bottle-USB-300x300.png 300w, https:\/\/www.usborkeychain.com\/wp-content\/uploads\/Cork-Wine-Bottle-USB-150x150.png 150w, https:\/\/www.usborkeychain.com\/wp-content\/uploads\/Cork-Wine-Bottle-USB-768x768.png 768w, https:\/\/www.usborkeychain.com\/wp-content\/uploads\/Cork-Wine-Bottle-USB-12x12.png 12w, https:\/\/www.usborkeychain.com\/wp-content\/uploads\/Cork-Wine-Bottle-USB-600x600.png 600w, https:\/\/www.usborkeychain.com\/wp-content\/uploads\/Cork-Wine-Bottle-USB-100x100.png 100w\" sizes=\"(max-width: 800px) 100vw, 800px\" \/><\/figure>\n<\/div>\n<\/div>\n\n\n\n<h2 class=\"wp-block-heading\">A unidade USB com garrafa de corti\u00e7a pode ser impressa com um logotipo?<\/h2>\n\n\n\n<p>A impress\u00e3o de logotipos \u00e9 um servi\u00e7o fundamental na<strong> Unidade USB<\/strong> personaliza\u00e7\u00e3o. A grava\u00e7\u00e3o a laser \u00e9 comumente usada para gravar com precis\u00e3o logotipos e identificadores VI na superf\u00edcie da corti\u00e7a, com linhas claras que n\u00e3o s\u00e3o f\u00e1ceis de serem removidas. A impress\u00e3o colorida UV tamb\u00e9m est\u00e1 dispon\u00edvel, permitindo a impress\u00e3o de padr\u00f5es coloridos no corpo da garrafa.<\/p>\n\n\n\n<figure class=\"wp-block-image aligncenter size-full\"><img alt=\"\" loading=\"lazy\" decoding=\"async\" width=\"800\" height=\"800\" src=\"https:\/\/www.usborkeychain.com\/wp-content\/uploads\/Bottle-Cork-Shaped-USB.png\" class=\"wp-image-4176\" srcset=\"https:\/\/www.usborkeychain.com\/wp-content\/uploads\/Bottle-Cork-Shaped-USB.png 800w, https:\/\/www.usborkeychain.com\/wp-content\/uploads\/Bottle-Cork-Shaped-USB-300x300.png 300w, https:\/\/www.usborkeychain.com\/wp-content\/uploads\/Bottle-Cork-Shaped-USB-150x150.png 150w, https:\/\/www.usborkeychain.com\/wp-content\/uploads\/Bottle-Cork-Shaped-USB-768x768.png 768w, https:\/\/www.usborkeychain.com\/wp-content\/uploads\/Bottle-Cork-Shaped-USB-12x12.png 12w, https:\/\/www.usborkeychain.com\/wp-content\/uploads\/Bottle-Cork-Shaped-USB-600x600.png 600w, https:\/\/www.usborkeychain.com\/wp-content\/uploads\/Bottle-Cork-Shaped-USB-100x100.png 100w\" sizes=\"(max-width: 800px) 100vw, 800px\" \/><\/figure>\n\n\n\n<p>Isso<strong> unidade USB criativa <\/strong>combina a textura quente dos barris de carvalho franc\u00eas e a est\u00e9tica do vinho tinto em um tamanho pequeno. O corpo da garrafa de corti\u00e7a natural e a tampa vermelha escura recriam a sensa\u00e7\u00e3o ritual de um vinho fino envelhecido, enquanto o design da interface USB oculta \u00e9 como abrir uma garrafa de vinho envelhecido - apenas uma leve tor\u00e7\u00e3o da \"rolha\" permite que os dados fluam como um vinho fino. Ele carrega a filosofia oriental de que \"o vinho \u00e9 um confidente\" e \"o vinho reflete o car\u00e1ter\", elevando a ferramenta digital a um portador emocional. Para as empresas, \u00e9 um excelente meio para personalizar as hist\u00f3rias da marca (como as caixas de presente personalizadas VIP da Changyu Winery); para os indiv\u00edduos, torna-se um s\u00edmbolo de cole\u00e7\u00e3o que testemunha a amizade. Quando a tecnologia \u00e9 infundida com a est\u00e9tica da vida, cada transmiss\u00e3o de dados \u00e9 um tributo \u00e0 habilidade e ao bom gosto.<\/p>","protected":false},"excerpt":{"rendered":"<ul>\n<li>Pequeno e port\u00e1til<\/li>\n<li>Leitura est\u00e1vel<\/li>\n<li>Material de madeira<\/li>\n<li>Velocidade mais r\u00e1pida e alta qualidade<\/li>\n<li>Confi\u00e1vel e seguro<\/li>\n<\/ul>","protected":false},"featured_media":4179,"comment_status":"open","ping_status":"closed","template":"","meta":{"_seopress_robots_primary_cat":"","_seopress_titles_title":"Cork Bottle USB Drive;creative USB drive","_seopress_titles_desc":"","_seopress_robots_index":"","site-sidebar-layout":"default","site-content-layout":"","ast-site-content-layout":"","site-content-style":"default","site-sidebar-style":"default","ast-global-header-display":"","ast-banner-title-visibility":"","ast-main-header-display":"","ast-hfb-above-header-display":"","ast-hfb-below-header-display":"","ast-hfb-mobile-header-display":"","site-post-title":"","ast-breadcrumbs-content":"","ast-featured-img":"","footer-sml-layout":"","theme-transparent-header-meta":"","adv-header-id-meta":"","stick-header-meta":"","header-above-stick-meta":"","header-main-stick-meta":"","header-below-stick-meta":"","astra-migrate-meta-layouts":"default","ast-page-background-enabled":"default","ast-page-background-meta":{"desktop":{"background-color":"var(--ast-global-color-5)","background-image":"","background-repeat":"repeat","background-position":"center center","background-size":"auto","background-attachment":"scroll","background-type":"","background-media":"","overlay-type":"","overlay-color":"","overlay-opacity":"","overlay-gradient":""},"tablet":{"background-color":"","background-image":"","background-repeat":"repeat","background-position":"center center","background-size":"auto","background-attachment":"scroll","background-type":"","background-media":"","overlay-type":"","overlay-color":"","overlay-opacity":"","overlay-gradient":""},"mobile":{"background-color":"","background-image":"","background-repeat":"repeat","background-position":"center center","background-size":"auto","background-attachment":"scroll","background-type":"","background-media":"","overlay-type":"","overlay-color":"","overlay-opacity":"","overlay-gradient":""}},"ast-content-background-meta":{"desktop":{"background-color":"var(--ast-global-color-4)","background-image":"","background-repeat":"repeat","background-position":"center center","background-size":"auto","background-attachment":"scroll","background-type":"","background-media":"","overlay-type":"","overlay-color":"","overlay-opacity":"","overlay-gradient":""},"tablet":{"background-color":"var(--ast-global-color-4)","background-image":"","background-repeat":"repeat","background-position":"center center","background-size":"auto","background-attachment":"scroll","background-type":"","background-media":"","overlay-type":"","overlay-color":"","overlay-opacity":"","overlay-gradient":""},"mobile":{"background-color":"var(--ast-global-color-4)","background-image":"","background-repeat":"repeat","background-position":"center center","background-size":"auto","background-attachment":"scroll","background-type":"","background-media":"","overlay-type":"","overlay-color":"","overlay-opacity":"","overlay-gradient":""}}},"product_brand":[],"product_cat":[168],"product_tag":[232,233,234],"class_list":{"0":"post-4173","1":"product","2":"type-product","3":"status-publish","4":"has-post-thumbnail","6":"product_cat-wood-usb-flash-drive","7":"product_tag-cork-bottle-usb-drive","8":"product_tag-creative-usb-drive","9":"product_tag-wooden-bottle-usb-drive","10":"desktop-align-left","11":"tablet-align-left","12":"mobile-align-left","14":"first","15":"instock","16":"shipping-taxable","17":"product-type-simple"},"_links":{"self":[{"href":"https:\/\/www.usborkeychain.com\/pt\/wp-json\/wp\/v2\/product\/4173","targetHints":{"allow":["GET"]}}],"collection":[{"href":"https:\/\/www.usborkeychain.com\/pt\/wp-json\/wp\/v2\/product"}],"about":[{"href":"https:\/\/www.usborkeychain.com\/pt\/wp-json\/wp\/v2\/types\/product"}],"replies":[{"embeddable":true,"href":"https:\/\/www.usborkeychain.com\/pt\/wp-json\/wp\/v2\/comments?post=4173"}],"wp:featuredmedia":[{"embeddable":true,"href":"https:\/\/www.usborkeychain.com\/pt\/wp-json\/wp\/v2\/media\/4179"}],"wp:attachment":[{"href":"https:\/\/www.usborkeychain.com\/pt\/wp-json\/wp\/v2\/media?parent=4173"}],"wp:term":[{"taxonomy":"product_brand","embeddable":true,"href":"https:\/\/www.usborkeychain.com\/pt\/wp-json\/wp\/v2\/product_brand?post=4173"},{"taxonomy":"product_cat","embeddable":true,"href":"https:\/\/www.usborkeychain.com\/pt\/wp-json\/wp\/v2\/product_cat?post=4173"},{"taxonomy":"product_tag","embeddable":true,"href":"https:\/\/www.usborkeychain.com\/pt\/wp-json\/wp\/v2\/product_tag?post=4173"}],"curies":[{"name":"wp","href":"https:\/\/api.w.org\/{rel}","templated":true}]}}