{"id":4182,"date":"2025-07-17T09:16:56","date_gmt":"2025-07-17T09:16:56","guid":{"rendered":"https:\/\/www.usborkeychain.com\/?post_type=product&#038;p=4182"},"modified":"2025-07-22T14:18:53","modified_gmt":"2025-07-22T14:18:53","slug":"red-wine-cork-usb-drive","status":"publish","type":"product","link":"https:\/\/www.usborkeychain.com\/pt\/produto\/red-wine-cork-usb-drive\/","title":{"rendered":"Unidade USB com rolha de vinho tinto"},"content":{"rendered":"<p>O <strong>Unidade USB com rolha de vinho tinto<\/strong> O porta-objetos USB da Cork Inc. replica de forma inteligente o formato de uma rolha de vinho tinto, combinando o material natural da rolha com a funcionalidade de armazenamento. Ele apresenta um design de corrente de metal na parte superior para facilitar a portabilidade; ao retirar a rolha, a interface USB \u00e9 revelada, criando uma experi\u00eancia divertida de \"abrir e usar\". Compacto e com economia de espa\u00e7o, ele n\u00e3o \u00e9 apenas uma ferramenta confi\u00e1vel de armazenamento de dados, mas tamb\u00e9m se assemelha a uma requintada rolha retirada de uma garrafa de vinho, rompendo as restri\u00e7\u00f5es dos designs tradicionais de unidades USB.<\/p>\n\n\n\n<div class=\"wp-block-columns is-layout-flex wp-container-core-columns-is-layout-28f84493 wp-block-columns-is-layout-flex\">\n<div class=\"wp-block-column is-layout-flow wp-block-column-is-layout-flow\">\n<figure class=\"wp-block-image size-full\"><img alt=\"\" fetchpriority=\"high\" decoding=\"async\" width=\"800\" height=\"800\" src=\"https:\/\/www.usborkeychain.com\/wp-content\/uploads\/Wine-Cork-USB-for-Promotion.png\" class=\"wp-image-4197\" srcset=\"https:\/\/www.usborkeychain.com\/wp-content\/uploads\/Wine-Cork-USB-for-Promotion.png 800w, https:\/\/www.usborkeychain.com\/wp-content\/uploads\/Wine-Cork-USB-for-Promotion-300x300.png 300w, https:\/\/www.usborkeychain.com\/wp-content\/uploads\/Wine-Cork-USB-for-Promotion-150x150.png 150w, https:\/\/www.usborkeychain.com\/wp-content\/uploads\/Wine-Cork-USB-for-Promotion-768x768.png 768w, https:\/\/www.usborkeychain.com\/wp-content\/uploads\/Wine-Cork-USB-for-Promotion-12x12.png 12w, https:\/\/www.usborkeychain.com\/wp-content\/uploads\/Wine-Cork-USB-for-Promotion-600x600.png 600w, https:\/\/www.usborkeychain.com\/wp-content\/uploads\/Wine-Cork-USB-for-Promotion-100x100.png 100w\" sizes=\"(max-width: 800px) 100vw, 800px\" \/><\/figure>\n<\/div>\n\n\n\n<div class=\"wp-block-column is-layout-flow wp-block-column-is-layout-flow\">\n<figure class=\"wp-block-image size-full\"><img alt=\"\" decoding=\"async\" width=\"800\" height=\"800\" src=\"https:\/\/www.usborkeychain.com\/wp-content\/uploads\/Wine-Cork-USB-Ornamen.png\" class=\"wp-image-4198\" srcset=\"https:\/\/www.usborkeychain.com\/wp-content\/uploads\/Wine-Cork-USB-Ornamen.png 800w, https:\/\/www.usborkeychain.com\/wp-content\/uploads\/Wine-Cork-USB-Ornamen-300x300.png 300w, https:\/\/www.usborkeychain.com\/wp-content\/uploads\/Wine-Cork-USB-Ornamen-150x150.png 150w, https:\/\/www.usborkeychain.com\/wp-content\/uploads\/Wine-Cork-USB-Ornamen-768x768.png 768w, https:\/\/www.usborkeychain.com\/wp-content\/uploads\/Wine-Cork-USB-Ornamen-12x12.png 12w, https:\/\/www.usborkeychain.com\/wp-content\/uploads\/Wine-Cork-USB-Ornamen-600x600.png 600w, https:\/\/www.usborkeychain.com\/wp-content\/uploads\/Wine-Cork-USB-Ornamen-100x100.png 100w\" sizes=\"(max-width: 800px) 100vw, 800px\" \/><\/figure>\n<\/div>\n<\/div>\n\n\n\n<h2 class=\"wp-block-heading\">Par\u00e2metros detalhados da unidade USB Red Wine Cork<\/h2>\n\n\n\n<p><strong>Unidade USB<\/strong> Os fabricantes controlam rigorosamente a produ\u00e7\u00e3o, e os par\u00e2metros principais a seguir demonstram claramente o desempenho do produto:<\/p>\n\n\n\n<figure class=\"wp-block-table\"><table class=\"has-fixed-layout\"><thead><tr><th>Categoria de par\u00e2metro<\/th><th>Detalhes<\/th><\/tr><\/thead><tbody><tr><td>Tipo de interface<\/td><td>USB 2.0\/3.0<\/td><\/tr><tr><td>Capacidade de armazenamento<\/td><td>8 GB, 16 GB, 32 GB, 64 GB, 128 GB<\/td><\/tr><tr><td>Dimens\u00f5es do produto<\/td><td>Di\u00e2metro: aproximadamente 20-25 mm; Comprimento: aproximadamente 30-35 mm<\/td><\/tr><tr><td>Espessura da corti\u00e7a<\/td><td>Camada de revestimento de corti\u00e7a: aproximadamente 5-8 mm<\/td><\/tr><tr><td>Peso<\/td><td>Aproximadamente 8-12 gramas<\/td><\/tr><\/tbody><\/table><\/figure>\n\n\n\n<p>Ele tem vantagens significativas: <strong>corti\u00e7a natural<\/strong> \u00e9 ecologicamente correto, com texturas exclusivas, o que torna cada unidade USB \u00fanica; seu tamanho se adapta a cen\u00e1rios de transporte di\u00e1rio, cabendo facilmente em bolsos ou chaveiros sem complica\u00e7\u00f5es.<\/p>\n\n\n\n<div class=\"wp-block-columns is-layout-flex wp-container-core-columns-is-layout-28f84493 wp-block-columns-is-layout-flex\">\n<div class=\"wp-block-column is-layout-flow wp-block-column-is-layout-flow\">\n<figure class=\"wp-block-image size-full\"><img alt=\"\" decoding=\"async\" width=\"800\" height=\"800\" src=\"https:\/\/www.usborkeychain.com\/wp-content\/uploads\/Wine-Cork-Gift-USB.png\" class=\"wp-image-4194\" srcset=\"https:\/\/www.usborkeychain.com\/wp-content\/uploads\/Wine-Cork-Gift-USB.png 800w, https:\/\/www.usborkeychain.com\/wp-content\/uploads\/Wine-Cork-Gift-USB-300x300.png 300w, https:\/\/www.usborkeychain.com\/wp-content\/uploads\/Wine-Cork-Gift-USB-150x150.png 150w, https:\/\/www.usborkeychain.com\/wp-content\/uploads\/Wine-Cork-Gift-USB-768x768.png 768w, https:\/\/www.usborkeychain.com\/wp-content\/uploads\/Wine-Cork-Gift-USB-12x12.png 12w, https:\/\/www.usborkeychain.com\/wp-content\/uploads\/Wine-Cork-Gift-USB-600x600.png 600w, https:\/\/www.usborkeychain.com\/wp-content\/uploads\/Wine-Cork-Gift-USB-100x100.png 100w\" sizes=\"(max-width: 800px) 100vw, 800px\" \/><\/figure>\n<\/div>\n\n\n\n<div class=\"wp-block-column is-layout-flow wp-block-column-is-layout-flow\">\n<figure class=\"wp-block-image size-full\"><img alt=\"\" loading=\"lazy\" decoding=\"async\" width=\"800\" height=\"800\" src=\"https:\/\/www.usborkeychain.com\/wp-content\/uploads\/Wine-Cork-USB-Drive-1.png\" class=\"wp-image-4196\" srcset=\"https:\/\/www.usborkeychain.com\/wp-content\/uploads\/Wine-Cork-USB-Drive-1.png 800w, https:\/\/www.usborkeychain.com\/wp-content\/uploads\/Wine-Cork-USB-Drive-1-300x300.png 300w, https:\/\/www.usborkeychain.com\/wp-content\/uploads\/Wine-Cork-USB-Drive-1-150x150.png 150w, https:\/\/www.usborkeychain.com\/wp-content\/uploads\/Wine-Cork-USB-Drive-1-768x768.png 768w, https:\/\/www.usborkeychain.com\/wp-content\/uploads\/Wine-Cork-USB-Drive-1-12x12.png 12w, https:\/\/www.usborkeychain.com\/wp-content\/uploads\/Wine-Cork-USB-Drive-1-600x600.png 600w, https:\/\/www.usborkeychain.com\/wp-content\/uploads\/Wine-Cork-USB-Drive-1-100x100.png 100w\" sizes=\"(max-width: 800px) 100vw, 800px\" \/><\/figure>\n<\/div>\n<\/div>\n\n\n\n<div class=\"wp-block-columns is-layout-flex wp-container-core-columns-is-layout-28f84493 wp-block-columns-is-layout-flex\">\n<div class=\"wp-block-column is-layout-flow wp-block-column-is-layout-flow\">\n<figure class=\"wp-block-image size-full\"><img alt=\"\" loading=\"lazy\" decoding=\"async\" width=\"800\" height=\"800\" src=\"https:\/\/www.usborkeychain.com\/wp-content\/uploads\/Vintage-Cork-Wine-USB.png\" class=\"wp-image-4193\" srcset=\"https:\/\/www.usborkeychain.com\/wp-content\/uploads\/Vintage-Cork-Wine-USB.png 800w, https:\/\/www.usborkeychain.com\/wp-content\/uploads\/Vintage-Cork-Wine-USB-300x300.png 300w, https:\/\/www.usborkeychain.com\/wp-content\/uploads\/Vintage-Cork-Wine-USB-150x150.png 150w, https:\/\/www.usborkeychain.com\/wp-content\/uploads\/Vintage-Cork-Wine-USB-768x768.png 768w, https:\/\/www.usborkeychain.com\/wp-content\/uploads\/Vintage-Cork-Wine-USB-12x12.png 12w, https:\/\/www.usborkeychain.com\/wp-content\/uploads\/Vintage-Cork-Wine-USB-600x600.png 600w, https:\/\/www.usborkeychain.com\/wp-content\/uploads\/Vintage-Cork-Wine-USB-100x100.png 100w\" sizes=\"(max-width: 800px) 100vw, 800px\" \/><\/figure>\n<\/div>\n\n\n\n<div class=\"wp-block-column is-layout-flow wp-block-column-is-layout-flow\">\n<figure class=\"wp-block-image size-full\"><img alt=\"\" loading=\"lazy\" decoding=\"async\" width=\"800\" height=\"800\" src=\"https:\/\/www.usborkeychain.com\/wp-content\/uploads\/Cork-Wine-Stopper-USB.png\" class=\"wp-image-4188\" srcset=\"https:\/\/www.usborkeychain.com\/wp-content\/uploads\/Cork-Wine-Stopper-USB.png 800w, https:\/\/www.usborkeychain.com\/wp-content\/uploads\/Cork-Wine-Stopper-USB-300x300.png 300w, https:\/\/www.usborkeychain.com\/wp-content\/uploads\/Cork-Wine-Stopper-USB-150x150.png 150w, https:\/\/www.usborkeychain.com\/wp-content\/uploads\/Cork-Wine-Stopper-USB-768x768.png 768w, https:\/\/www.usborkeychain.com\/wp-content\/uploads\/Cork-Wine-Stopper-USB-12x12.png 12w, https:\/\/www.usborkeychain.com\/wp-content\/uploads\/Cork-Wine-Stopper-USB-600x600.png 600w, https:\/\/www.usborkeychain.com\/wp-content\/uploads\/Cork-Wine-Stopper-USB-100x100.png 100w\" sizes=\"(max-width: 800px) 100vw, 800px\" \/><\/figure>\n<\/div>\n<\/div>\n\n\n\n<h2 class=\"wp-block-heading\">Desempenho e cen\u00e1rios aplic\u00e1veis<\/h2>\n\n\n\n<p>Em termos de desempenho, a leitura e a grava\u00e7\u00e3o est\u00e1veis s\u00e3o fundamentais. Ele pode armazenar documentos, fotos, v\u00eddeos, etc., no uso di\u00e1rio, com risco m\u00ednimo de erros de transmiss\u00e3o de dados ou lentid\u00e3o. Ele \u00e9 adequado para v\u00e1rios cen\u00e1rios:<\/p>\n\n\n\n<ul class=\"wp-block-list\">\n<li><strong>Promo\u00e7\u00e3o do setor de vinho tinto<\/strong>: As vin\u00edcolas podem personaliz\u00e1-lo com logotipos da marca como brindes para compras de vinho ou benef\u00edcios para membros. Os clientes podem armazenar guias de degusta\u00e7\u00e3o e materiais sobre a hist\u00f3ria da vin\u00edcola, ajudando a disseminar a cultura da marca. Vin\u00edcolas famosas, como a Lafite e a Penfolds, usam-no como um presente personalizado para aumentar o reconhecimento da marca.<\/li>\n\n\n\n<li><strong>Atividades comerciais<\/strong>: Como lembran\u00e7a para parceiros em reuni\u00f5es de neg\u00f3cios ou jantares, seu design exclusivo deixa uma impress\u00e3o profunda. Ele pode armazenar materiais de reuni\u00f5es e planos de coopera\u00e7\u00e3o, sendo pr\u00e1tico e elegante, ajudando as empresas a fortalecer as conex\u00f5es nas intera\u00e7\u00f5es comerciais.<\/li>\n\n\n\n<li><strong>Uso pessoal<\/strong>: Entusiastas da literatura e colecionadores de vinho tinto podem us\u00e1-la para armazenar resenhas de vinhos e fotos de viagens. Compacto e requintado, ele ocupa pouco espa\u00e7o. Pendurado em um chaveiro, ele serve tanto como decora\u00e7\u00e3o quanto como uma ferramenta conveniente para acessar dados a qualquer momento, atendendo \u00e0s necessidades di\u00e1rias de armazenamento e exibi\u00e7\u00e3o de personalidade.<\/li>\n<\/ul>\n\n\n\n<div class=\"wp-block-columns is-layout-flex wp-container-core-columns-is-layout-28f84493 wp-block-columns-is-layout-flex\">\n<div class=\"wp-block-column is-layout-flow wp-block-column-is-layout-flow\">\n<figure class=\"wp-block-image size-full\"><img alt=\"\" loading=\"lazy\" decoding=\"async\" width=\"750\" height=\"750\" src=\"https:\/\/www.usborkeychain.com\/wp-content\/uploads\/Wine-Cork-Memory-Stick.webp\" class=\"wp-image-4195\" srcset=\"https:\/\/www.usborkeychain.com\/wp-content\/uploads\/Wine-Cork-Memory-Stick.webp 750w, https:\/\/www.usborkeychain.com\/wp-content\/uploads\/Wine-Cork-Memory-Stick-300x300.webp 300w, https:\/\/www.usborkeychain.com\/wp-content\/uploads\/Wine-Cork-Memory-Stick-150x150.webp 150w, https:\/\/www.usborkeychain.com\/wp-content\/uploads\/Wine-Cork-Memory-Stick-12x12.webp 12w, https:\/\/www.usborkeychain.com\/wp-content\/uploads\/Wine-Cork-Memory-Stick-600x600.webp 600w, https:\/\/www.usborkeychain.com\/wp-content\/uploads\/Wine-Cork-Memory-Stick-100x100.webp 100w\" sizes=\"(max-width: 750px) 100vw, 750px\" \/><\/figure>\n<\/div>\n\n\n\n<div class=\"wp-block-column is-layout-flow wp-block-column-is-layout-flow\">\n<figure class=\"wp-block-image size-full\"><img alt=\"\" loading=\"lazy\" decoding=\"async\" width=\"750\" height=\"750\" src=\"https:\/\/www.usborkeychain.com\/wp-content\/uploads\/Natural-Cork-USB.webp\" class=\"wp-image-4190\" srcset=\"https:\/\/www.usborkeychain.com\/wp-content\/uploads\/Natural-Cork-USB.webp 750w, https:\/\/www.usborkeychain.com\/wp-content\/uploads\/Natural-Cork-USB-300x300.webp 300w, https:\/\/www.usborkeychain.com\/wp-content\/uploads\/Natural-Cork-USB-150x150.webp 150w, https:\/\/www.usborkeychain.com\/wp-content\/uploads\/Natural-Cork-USB-12x12.webp 12w, https:\/\/www.usborkeychain.com\/wp-content\/uploads\/Natural-Cork-USB-600x600.webp 600w, https:\/\/www.usborkeychain.com\/wp-content\/uploads\/Natural-Cork-USB-100x100.webp 100w\" sizes=\"(max-width: 750px) 100vw, 750px\" \/><\/figure>\n<\/div>\n<\/div>\n\n\n\n<h2 class=\"wp-block-heading\"> Personaliza\u00e7\u00e3o e t\u00e9cnicas de logotipo<\/h2>\n\n\n\n<p>A personaliza\u00e7\u00e3o do logotipo \u00e9 uma parte fundamental do<strong> Unidade USB<\/strong> servi\u00e7os de personaliza\u00e7\u00e3o. A grava\u00e7\u00e3o a laser \u00e9 comumente usada para gravar com precis\u00e3o logotipos e identificadores VI na superf\u00edcie da corti\u00e7a, com linhas claras que se misturam naturalmente com a textura da corti\u00e7a e s\u00e3o resistentes ao desgaste e ao descascamento. A impress\u00e3o em tela de seda tamb\u00e9m pode ser aplicada na extremidade da rolha para imprimir padr\u00f5es e textos coloridos, adaptando-se a diferentes estilos de marca. Se as empresas de vinho tinto pretendem fortalecer a imagem de sua marca ou se outros setores precisam de brindes personalizados, essas duas t\u00e9cnicas podem criar designs personalizados.<\/p>\n\n\n\n<div class=\"wp-block-columns is-layout-flex wp-container-core-columns-is-layout-28f84493 wp-block-columns-is-layout-flex\">\n<div class=\"wp-block-column is-layout-flow wp-block-column-is-layout-flow\">\n<figure class=\"wp-block-image size-full\"><img alt=\"\" loading=\"lazy\" decoding=\"async\" width=\"800\" height=\"800\" src=\"https:\/\/www.usborkeychain.com\/wp-content\/uploads\/Artistic-Cork-Wine-USB.png\" class=\"wp-image-4185\" srcset=\"https:\/\/www.usborkeychain.com\/wp-content\/uploads\/Artistic-Cork-Wine-USB.png 800w, https:\/\/www.usborkeychain.com\/wp-content\/uploads\/Artistic-Cork-Wine-USB-300x300.png 300w, https:\/\/www.usborkeychain.com\/wp-content\/uploads\/Artistic-Cork-Wine-USB-150x150.png 150w, https:\/\/www.usborkeychain.com\/wp-content\/uploads\/Artistic-Cork-Wine-USB-768x768.png 768w, https:\/\/www.usborkeychain.com\/wp-content\/uploads\/Artistic-Cork-Wine-USB-12x12.png 12w, https:\/\/www.usborkeychain.com\/wp-content\/uploads\/Artistic-Cork-Wine-USB-600x600.png 600w, https:\/\/www.usborkeychain.com\/wp-content\/uploads\/Artistic-Cork-Wine-USB-100x100.png 100w\" sizes=\"(max-width: 800px) 100vw, 800px\" \/><\/figure>\n<\/div>\n\n\n\n<div class=\"wp-block-column is-layout-flow wp-block-column-is-layout-flow\">\n<figure class=\"wp-block-image size-full\"><img alt=\"\" loading=\"lazy\" decoding=\"async\" width=\"800\" height=\"800\" src=\"https:\/\/www.usborkeychain.com\/wp-content\/uploads\/Sustainable-Cork-Wine-USB.png\" class=\"wp-image-4192\" srcset=\"https:\/\/www.usborkeychain.com\/wp-content\/uploads\/Sustainable-Cork-Wine-USB.png 800w, https:\/\/www.usborkeychain.com\/wp-content\/uploads\/Sustainable-Cork-Wine-USB-300x300.png 300w, https:\/\/www.usborkeychain.com\/wp-content\/uploads\/Sustainable-Cork-Wine-USB-150x150.png 150w, https:\/\/www.usborkeychain.com\/wp-content\/uploads\/Sustainable-Cork-Wine-USB-768x768.png 768w, https:\/\/www.usborkeychain.com\/wp-content\/uploads\/Sustainable-Cork-Wine-USB-12x12.png 12w, https:\/\/www.usborkeychain.com\/wp-content\/uploads\/Sustainable-Cork-Wine-USB-600x600.png 600w, https:\/\/www.usborkeychain.com\/wp-content\/uploads\/Sustainable-Cork-Wine-USB-100x100.png 100w\" sizes=\"(max-width: 800px) 100vw, 800px\" \/><\/figure>\n<\/div>\n<\/div>\n\n\n\n<h2 class=\"wp-block-heading\">Resumo<\/h2>\n\n\n\n<p>O <strong>Unidade USB com rolha de vinho tinto<\/strong>Com sua apar\u00eancia exclusiva de corti\u00e7a natural, par\u00e2metros profissionais claros, desempenho est\u00e1vel e pr\u00e1tico e servi\u00e7os flex\u00edveis de personaliza\u00e7\u00e3o de logotipo, tornou-se um produto criativo diferenciado dos fabricantes de unidades USB. Os fabricantes profissionais de personaliza\u00e7\u00e3o de unidades USB usam a grava\u00e7\u00e3o a laser para infundir o DNA da marca em cada cent\u00edmetro da textura da madeira, elevando o armazenamento de dados a um meio de conex\u00e3o emocional. \u00c9 uma combina\u00e7\u00e3o perfeita de criatividade e praticidade, digna de ser experimentada.<\/p>\n\n\n\n<div class=\"wp-block-columns is-layout-flex wp-container-core-columns-is-layout-28f84493 wp-block-columns-is-layout-flex\">\n<div class=\"wp-block-column is-layout-flow wp-block-column-is-layout-flow\">\n<figure class=\"wp-block-image size-full\"><img alt=\"\" loading=\"lazy\" decoding=\"async\" width=\"800\" height=\"800\" src=\"https:\/\/www.usborkeychain.com\/wp-content\/uploads\/Cork-USB-with-Tin-Case.png\" class=\"wp-image-4187\" srcset=\"https:\/\/www.usborkeychain.com\/wp-content\/uploads\/Cork-USB-with-Tin-Case.png 800w, https:\/\/www.usborkeychain.com\/wp-content\/uploads\/Cork-USB-with-Tin-Case-300x300.png 300w, https:\/\/www.usborkeychain.com\/wp-content\/uploads\/Cork-USB-with-Tin-Case-150x150.png 150w, https:\/\/www.usborkeychain.com\/wp-content\/uploads\/Cork-USB-with-Tin-Case-768x768.png 768w, https:\/\/www.usborkeychain.com\/wp-content\/uploads\/Cork-USB-with-Tin-Case-12x12.png 12w, https:\/\/www.usborkeychain.com\/wp-content\/uploads\/Cork-USB-with-Tin-Case-600x600.png 600w, https:\/\/www.usborkeychain.com\/wp-content\/uploads\/Cork-USB-with-Tin-Case-100x100.png 100w\" sizes=\"(max-width: 800px) 100vw, 800px\" \/><\/figure>\n<\/div>\n\n\n\n<div class=\"wp-block-column is-layout-flow wp-block-column-is-layout-flow\">\n<figure class=\"wp-block-image size-full\"><img alt=\"\" loading=\"lazy\" decoding=\"async\" width=\"800\" height=\"800\" src=\"https:\/\/www.usborkeychain.com\/wp-content\/uploads\/Cork-USB-with-Keychain.png\" class=\"wp-image-4186\" srcset=\"https:\/\/www.usborkeychain.com\/wp-content\/uploads\/Cork-USB-with-Keychain.png 800w, https:\/\/www.usborkeychain.com\/wp-content\/uploads\/Cork-USB-with-Keychain-300x300.png 300w, https:\/\/www.usborkeychain.com\/wp-content\/uploads\/Cork-USB-with-Keychain-150x150.png 150w, https:\/\/www.usborkeychain.com\/wp-content\/uploads\/Cork-USB-with-Keychain-768x768.png 768w, https:\/\/www.usborkeychain.com\/wp-content\/uploads\/Cork-USB-with-Keychain-12x12.png 12w, https:\/\/www.usborkeychain.com\/wp-content\/uploads\/Cork-USB-with-Keychain-600x600.png 600w, https:\/\/www.usborkeychain.com\/wp-content\/uploads\/Cork-USB-with-Keychain-100x100.png 100w\" sizes=\"(max-width: 800px) 100vw, 800px\" \/><\/figure>\n<\/div>\n<\/div>","protected":false},"excerpt":{"rendered":"<ul>\n<li>Abrir e usar<\/li>\n<li>Corti\u00e7a natural<\/li>\n<li>Compacto<\/li>\n<li>Economia de espa\u00e7o<\/li>\n<li>Ecologicamente correto<\/li>\n<\/ul>","protected":false},"featured_media":4189,"comment_status":"open","ping_status":"closed","template":"","meta":{"_seopress_robots_primary_cat":"none","_seopress_titles_title":"Red Wine Cork USB Drive\uff1bwooden usb drive","_seopress_titles_desc":"","_seopress_robots_index":"","site-sidebar-layout":"default","site-content-layout":"","ast-site-content-layout":"","site-content-style":"default","site-sidebar-style":"default","ast-global-header-display":"","ast-banner-title-visibility":"","ast-main-header-display":"","ast-hfb-above-header-display":"","ast-hfb-below-header-display":"","ast-hfb-mobile-header-display":"","site-post-title":"","ast-breadcrumbs-content":"","ast-featured-img":"","footer-sml-layout":"","theme-transparent-header-meta":"","adv-header-id-meta":"","stick-header-meta":"","header-above-stick-meta":"","header-main-stick-meta":"","header-below-stick-meta":"","astra-migrate-meta-layouts":"default","ast-page-background-enabled":"default","ast-page-background-meta":{"desktop":{"background-color":"var(--ast-global-color-5)","background-image":"","background-repeat":"repeat","background-position":"center center","background-size":"auto","background-attachment":"scroll","background-type":"","background-media":"","overlay-type":"","overlay-color":"","overlay-opacity":"","overlay-gradient":""},"tablet":{"background-color":"","background-image":"","background-repeat":"repeat","background-position":"center center","background-size":"auto","background-attachment":"scroll","background-type":"","background-media":"","overlay-type":"","overlay-color":"","overlay-opacity":"","overlay-gradient":""},"mobile":{"background-color":"","background-image":"","background-repeat":"repeat","background-position":"center center","background-size":"auto","background-attachment":"scroll","background-type":"","background-media":"","overlay-type":"","overlay-color":"","overlay-opacity":"","overlay-gradient":""}},"ast-content-background-meta":{"desktop":{"background-color":"var(--ast-global-color-4)","background-image":"","background-repeat":"repeat","background-position":"center center","background-size":"auto","background-attachment":"scroll","background-type":"","background-media":"","overlay-type":"","overlay-color":"","overlay-opacity":"","overlay-gradient":""},"tablet":{"background-color":"var(--ast-global-color-4)","background-image":"","background-repeat":"repeat","background-position":"center center","background-size":"auto","background-attachment":"scroll","background-type":"","background-media":"","overlay-type":"","overlay-color":"","overlay-opacity":"","overlay-gradient":""},"mobile":{"background-color":"var(--ast-global-color-4)","background-image":"","background-repeat":"repeat","background-position":"center center","background-size":"auto","background-attachment":"scroll","background-type":"","background-media":"","overlay-type":"","overlay-color":"","overlay-opacity":"","overlay-gradient":""}}},"product_brand":[],"product_cat":[168,101,103],"product_tag":[235,237,236],"class_list":{"0":"post-4182","1":"product","2":"type-product","3":"status-publish","4":"has-post-thumbnail","6":"product_cat-wood-usb-flash-drive","7":"product_cat-usb-pendrive-with-keychain","8":"product_cat-usb2-0-usb-pendrive","9":"product_tag-red-wine-cork-usb-drive","10":"product_tag-wine-cork-usb-flash-drive","11":"product_tag-wooden-usb-drive","12":"desktop-align-left","13":"tablet-align-left","14":"mobile-align-left","16":"first","17":"instock","18":"shipping-taxable","19":"product-type-simple"},"_links":{"self":[{"href":"https:\/\/www.usborkeychain.com\/pt\/wp-json\/wp\/v2\/product\/4182","targetHints":{"allow":["GET"]}}],"collection":[{"href":"https:\/\/www.usborkeychain.com\/pt\/wp-json\/wp\/v2\/product"}],"about":[{"href":"https:\/\/www.usborkeychain.com\/pt\/wp-json\/wp\/v2\/types\/product"}],"replies":[{"embeddable":true,"href":"https:\/\/www.usborkeychain.com\/pt\/wp-json\/wp\/v2\/comments?post=4182"}],"wp:featuredmedia":[{"embeddable":true,"href":"https:\/\/www.usborkeychain.com\/pt\/wp-json\/wp\/v2\/media\/4189"}],"wp:attachment":[{"href":"https:\/\/www.usborkeychain.com\/pt\/wp-json\/wp\/v2\/media?parent=4182"}],"wp:term":[{"taxonomy":"product_brand","embeddable":true,"href":"https:\/\/www.usborkeychain.com\/pt\/wp-json\/wp\/v2\/product_brand?post=4182"},{"taxonomy":"product_cat","embeddable":true,"href":"https:\/\/www.usborkeychain.com\/pt\/wp-json\/wp\/v2\/product_cat?post=4182"},{"taxonomy":"product_tag","embeddable":true,"href":"https:\/\/www.usborkeychain.com\/pt\/wp-json\/wp\/v2\/product_tag?post=4182"}],"curies":[{"name":"wp","href":"https:\/\/api.w.org\/{rel}","templated":true}]}}