{"id":4203,"date":"2025-07-18T07:07:55","date_gmt":"2025-07-18T07:07:55","guid":{"rendered":"https:\/\/www.usborkeychain.com\/?post_type=product&#038;p=4203"},"modified":"2025-07-19T08:52:46","modified_gmt":"2025-07-19T08:52:46","slug":"wooden-heart-shaped-usb-flash-drive","status":"publish","type":"product","link":"https:\/\/www.usborkeychain.com\/pt\/produto\/wooden-heart-shaped-usb-flash-drive\/","title":{"rendered":"Unidade flash USB de madeira em formato de cora\u00e7\u00e3o"},"content":{"rendered":"<div class=\"wp-block-columns is-layout-flex wp-container-core-columns-is-layout-28f84493 wp-block-columns-is-layout-flex\">\n<div class=\"wp-block-column is-layout-flow wp-block-column-is-layout-flow\">\n<figure class=\"wp-block-image size-full\"><img alt=\"\" fetchpriority=\"high\" decoding=\"async\" width=\"800\" height=\"800\" src=\"https:\/\/www.usborkeychain.com\/wp-content\/uploads\/Heart-Woody-USB.png\" class=\"wp-image-4207\" srcset=\"https:\/\/www.usborkeychain.com\/wp-content\/uploads\/Heart-Woody-USB.png 800w, https:\/\/www.usborkeychain.com\/wp-content\/uploads\/Heart-Woody-USB-300x300.png 300w, https:\/\/www.usborkeychain.com\/wp-content\/uploads\/Heart-Woody-USB-150x150.png 150w, https:\/\/www.usborkeychain.com\/wp-content\/uploads\/Heart-Woody-USB-768x768.png 768w, https:\/\/www.usborkeychain.com\/wp-content\/uploads\/Heart-Woody-USB-12x12.png 12w, https:\/\/www.usborkeychain.com\/wp-content\/uploads\/Heart-Woody-USB-600x600.png 600w, https:\/\/www.usborkeychain.com\/wp-content\/uploads\/Heart-Woody-USB-100x100.png 100w\" sizes=\"(max-width: 800px) 100vw, 800px\" \/><\/figure>\n<\/div>\n\n\n\n<div class=\"wp-block-column is-vertically-aligned-center is-layout-flow wp-block-column-is-layout-flow\">\n<p>O <strong>Pen drive USB de madeira em formato de cora\u00e7\u00e3o<\/strong> \u00e9 fabricado com madeiras naturais, como nogueira e faia, e cada pe\u00e7a apresenta uma textura delicada e exclusiva. Ele oferece uma solu\u00e7\u00e3o de armazenamento digital diferenciada que combina ecologia com uma apar\u00eancia elegante. <\/p>\n\n\n\n<p>Suas <strong>em forma de cora\u00e7\u00e3o<\/strong> O design de madeira natural traz uma vibra\u00e7\u00e3o rom\u00e2ntica, quebrando a monotonia das unidades USB tradicionais e servindo como um suporte de armazenamento que define a personalidade. A cor natural da madeira complementa v\u00e1rios estilos, tornando-o um dispositivo digital pr\u00e1tico e de boa apar\u00eancia que pode armazenar documentos de trabalho, fotos preciosas e m\u00fasicas favoritas. <\/p>\n\n\n\n<p>Ele vem com um chaveiro de metal remov\u00edvel, transformando o armazenamento em um acess\u00f3rio elegante e atencioso para ser carregado diariamente.<\/p>\n<\/div>\n<\/div>\n\n\n\n<h2 class=\"wp-block-heading\">Tabela de par\u00e2metros da unidade USB<\/h2>\n\n\n\n<figure class=\"wp-block-table\"><table class=\"has-fixed-layout\"><thead><tr><th>Categoria de par\u00e2metro<\/th><th>Detalhes<\/th><\/tr><\/thead><tbody><tr><td>Tipo de interface<\/td><td>USB 2.0\/USB 3.0 opcional<\/td><\/tr><tr><td>Capacidade de armazenamento<\/td><td>8 GB, 16 GB, 32 GB, 64 GB, 128 GB<\/td><\/tr><tr><td>Peso<\/td><td>Aproximadamente 12-18g<\/td><\/tr><tr><td>Espessura da madeira<\/td><td>Aproximadamente 0,8-1,2 cm<\/td><\/tr><\/tbody><\/table><\/figure>\n\n\n\n<h2 class=\"wp-block-heading\">Ele vem com um chaveiro?<\/h2>\n\n\n\n<div class=\"wp-block-columns is-layout-flex wp-container-core-columns-is-layout-28f84493 wp-block-columns-is-layout-flex\">\n<div class=\"wp-block-column is-layout-flow wp-block-column-is-layout-flow\">\n<p>O <strong>Pen drive de madeira em formato de cora\u00e7\u00e3o<\/strong> foi projetado com a portabilidade em mente, apresentando um buraco de fechadura especialmente feito em sua borda. Com esse buraco de fechadura, ele pode ser combinado com um chaveiro de metal, permitindo f\u00e1cil fixa\u00e7\u00e3o em bolsas, carteiras ou chaveiros. Esse design reduz o risco de perda, garantindo que seus dados importantes estejam sempre ao alcance quando estiver viajando a neg\u00f3cios, a trabalho ou a passeio, pois ele fica convenientemente pendurado em seus pertences.<\/p>\n<\/div>\n\n\n\n<div class=\"wp-block-column is-layout-flow wp-block-column-is-layout-flow\">\n<figure class=\"wp-block-image size-full\"><img alt=\"\" decoding=\"async\" width=\"800\" height=\"800\" src=\"https:\/\/www.usborkeychain.com\/wp-content\/uploads\/Nature-Love-USB-Drive.png\" class=\"wp-image-4208\" srcset=\"https:\/\/www.usborkeychain.com\/wp-content\/uploads\/Nature-Love-USB-Drive.png 800w, https:\/\/www.usborkeychain.com\/wp-content\/uploads\/Nature-Love-USB-Drive-300x300.png 300w, https:\/\/www.usborkeychain.com\/wp-content\/uploads\/Nature-Love-USB-Drive-150x150.png 150w, https:\/\/www.usborkeychain.com\/wp-content\/uploads\/Nature-Love-USB-Drive-768x768.png 768w, https:\/\/www.usborkeychain.com\/wp-content\/uploads\/Nature-Love-USB-Drive-12x12.png 12w, https:\/\/www.usborkeychain.com\/wp-content\/uploads\/Nature-Love-USB-Drive-600x600.png 600w, https:\/\/www.usborkeychain.com\/wp-content\/uploads\/Nature-Love-USB-Drive-100x100.png 100w\" sizes=\"(max-width: 800px) 100vw, 800px\" \/><\/figure>\n<\/div>\n<\/div>\n\n\n\n<h2 class=\"wp-block-heading\">Ele pode ser personalizado com um logotipo?<\/h2>\n\n\n\n<div class=\"wp-block-columns is-layout-flex wp-container-core-columns-is-layout-28f84493 wp-block-columns-is-layout-flex\">\n<div class=\"wp-block-column is-layout-flow wp-block-column-is-layout-flow\">\n<figure class=\"wp-block-image size-full\"><img alt=\"\" decoding=\"async\" width=\"800\" height=\"800\" src=\"https:\/\/www.usborkeychain.com\/wp-content\/uploads\/TimberLoveKey-USB.png\" class=\"wp-image-4209\" srcset=\"https:\/\/www.usborkeychain.com\/wp-content\/uploads\/TimberLoveKey-USB.png 800w, https:\/\/www.usborkeychain.com\/wp-content\/uploads\/TimberLoveKey-USB-300x300.png 300w, https:\/\/www.usborkeychain.com\/wp-content\/uploads\/TimberLoveKey-USB-150x150.png 150w, https:\/\/www.usborkeychain.com\/wp-content\/uploads\/TimberLoveKey-USB-768x768.png 768w, https:\/\/www.usborkeychain.com\/wp-content\/uploads\/TimberLoveKey-USB-12x12.png 12w, https:\/\/www.usborkeychain.com\/wp-content\/uploads\/TimberLoveKey-USB-600x600.png 600w, https:\/\/www.usborkeychain.com\/wp-content\/uploads\/TimberLoveKey-USB-100x100.png 100w\" sizes=\"(max-width: 800px) 100vw, 800px\" \/><\/figure>\n<\/div>\n\n\n\n<div class=\"wp-block-column is-layout-flow wp-block-column-is-layout-flow\">\n<p><strong>Posi\u00e7\u00e3o de impress\u00e3o<\/strong>: A superf\u00edcie plana de madeira da unidade USB em forma de cora\u00e7\u00e3o.<\/p>\n\n\n\n<p><strong>M\u00e9todos de impress\u00e3o<\/strong>:<\/p>\n\n\n\n<ul class=\"wp-block-list\">\n<li><strong>Grava\u00e7\u00e3o a laser<\/strong>: A op\u00e7\u00e3o preferida. Proporciona resultados claros e duradouros que n\u00e3o desbotam, combinando perfeitamente com o gr\u00e3o da madeira para uma textura de alta qualidade.<\/li>\n\n\n\n<li><strong>Pulveriza\u00e7\u00e3o plana\/impress\u00e3o UV<\/strong>: Adequado para logotipos que exigem cores.<\/li>\n<\/ul>\n\n\n\n<p><strong>Conte\u00fado personaliz\u00e1vel<\/strong>: Logotipos, nomes de marcas, sites, mensagens de b\u00ean\u00e7\u00e3o, datas memor\u00e1veis, etc.<\/p>\n<\/div>\n<\/div>\n\n\n\n<h2 class=\"wp-block-heading\">Para quais setores e empresas o pen drive de madeira em formato de cora\u00e7\u00e3o \u00e9 adequado?<\/h2>\n\n\n\n<div class=\"wp-block-columns is-layout-flex wp-container-core-columns-is-layout-28f84493 wp-block-columns-is-layout-flex\">\n<div class=\"wp-block-column is-layout-flow wp-block-column-is-layout-flow\">\n<p>O pen drive de madeira em forma de cora\u00e7\u00e3o tem amplas aplica\u00e7\u00f5es em v\u00e1rios setores:<\/p>\n\n\n\n<ul class=\"wp-block-list\">\n<li><strong>Empresas de planejamento de eventos de casamento<\/strong>: Pode armazenar fotos de casamento, v\u00eddeos e convites personalizados. O formato de cora\u00e7\u00e3o combina com o tema rom\u00e2ntico dos casamentos, servindo como lembran\u00e7a para os rec\u00e9m-casados ou como presente para os convidados preservarem belas recorda\u00e7\u00f5es.<\/li>\n\n\n\n<li><strong>Est\u00fadios de fotografia de casamento<\/strong>: Os fot\u00f3grafos podem us\u00e1-lo para entregar fotos e v\u00eddeos de casamento em alta defini\u00e7\u00e3o aos clientes. Seu design exclusivo aprimora a experi\u00eancia de entrega, fortalece a satisfa\u00e7\u00e3o do cliente e se alinha ao compromisso do est\u00fadio com um servi\u00e7o de alta qualidade.<\/li>\n\n\n\n<li><strong>Restaurantes sofisticados<\/strong>: Durante as comemora\u00e7\u00f5es de anivers\u00e1rio ou promo\u00e7\u00f5es de novos card\u00e1pios, ele pode armazenar receitas exclusivas (em formato eletr\u00f4nico), hist\u00f3rias da marca e ofertas especiais. O formato de cora\u00e7\u00e3o est\u00e1 associado a \"compartilhar experi\u00eancias maravilhosas\", o que o torna um brinde promocional atraente.<\/li>\n\n\n\n<li><strong>Marcas de joias<\/strong>: Seu design rom\u00e2ntico e elegante combina com a imagem das marcas de joias. Ele pode armazenar cat\u00e1logos de produtos, hist\u00f3rias de design e experi\u00eancias virtuais de experimenta\u00e7\u00e3o, al\u00e9m de ser oferecido como brinde na compra ou durante eventos para aumentar o envolvimento do cliente.<\/li>\n\n\n\n<li><strong>Lojas de flores<\/strong>: Ele pode armazenar guias florais, mem\u00f3rias florais exclusivas dos clientes (fotos de trabalhos anteriores) e conhecimento sobre flores. O formato de cora\u00e7\u00e3o combina com a natureza emocional de presentear das lojas de flores, tornando-o um item promocional eficaz.<\/li>\n<\/ul>\n<\/div>\n\n\n\n<div class=\"wp-block-column is-layout-flow wp-block-column-is-layout-flow\">\n<figure class=\"wp-block-image size-full\"><img alt=\"\" loading=\"lazy\" decoding=\"async\" width=\"800\" height=\"800\" src=\"https:\/\/www.usborkeychain.com\/wp-content\/uploads\/Eco-Heart-USB-Flash-drive.png\" class=\"wp-image-4206\" srcset=\"https:\/\/www.usborkeychain.com\/wp-content\/uploads\/Eco-Heart-USB-Flash-drive.png 800w, https:\/\/www.usborkeychain.com\/wp-content\/uploads\/Eco-Heart-USB-Flash-drive-300x300.png 300w, https:\/\/www.usborkeychain.com\/wp-content\/uploads\/Eco-Heart-USB-Flash-drive-150x150.png 150w, https:\/\/www.usborkeychain.com\/wp-content\/uploads\/Eco-Heart-USB-Flash-drive-768x768.png 768w, https:\/\/www.usborkeychain.com\/wp-content\/uploads\/Eco-Heart-USB-Flash-drive-12x12.png 12w, https:\/\/www.usborkeychain.com\/wp-content\/uploads\/Eco-Heart-USB-Flash-drive-600x600.png 600w, https:\/\/www.usborkeychain.com\/wp-content\/uploads\/Eco-Heart-USB-Flash-drive-100x100.png 100w\" sizes=\"(max-width: 800px) 100vw, 800px\" \/><\/figure>\n<\/div>\n<\/div>\n\n\n\n<div class=\"wp-block-columns is-layout-flex wp-container-core-columns-is-layout-28f84493 wp-block-columns-is-layout-flex\">\n<div class=\"wp-block-column is-layout-flow wp-block-column-is-layout-flow\">\n<figure class=\"wp-block-image size-full\"><img loading=\"lazy\" decoding=\"async\" width=\"793\" height=\"773\" src=\"https:\/\/www.usborkeychain.com\/wp-content\/uploads\/wooden-heart-shaped-usb-drive.jpg\" alt=\"wooden-heart-shaped-usb-drive\" class=\"wp-image-4224\" srcset=\"https:\/\/www.usborkeychain.com\/wp-content\/uploads\/wooden-heart-shaped-usb-drive.jpg 793w, https:\/\/www.usborkeychain.com\/wp-content\/uploads\/wooden-heart-shaped-usb-drive-300x292.jpg 300w, https:\/\/www.usborkeychain.com\/wp-content\/uploads\/wooden-heart-shaped-usb-drive-768x749.jpg 768w, https:\/\/www.usborkeychain.com\/wp-content\/uploads\/wooden-heart-shaped-usb-drive-12x12.jpg 12w, https:\/\/www.usborkeychain.com\/wp-content\/uploads\/wooden-heart-shaped-usb-drive-600x585.jpg 600w\" sizes=\"(max-width: 793px) 100vw, 793px\" \/><\/figure>\n<\/div>\n\n\n\n<div class=\"wp-block-column is-layout-flow wp-block-column-is-layout-flow\">\n<p>O <strong>Pen drive de madeira em formato de cora\u00e7\u00e3o<\/strong> combina ecologia, apar\u00eancia moderna e funcionalidade pr\u00e1tica. Seus materiais naturais, design exclusivo e recursos personaliz\u00e1veis o tornam adequado tanto para uso pessoal quanto para promo\u00e7\u00e3o comercial. Com forte suporte para personaliza\u00e7\u00e3o do logotipo (principalmente por meio de grava\u00e7\u00e3o a laser), ele \u00e9 uma excelente ferramenta de marketing, especialmente para setores como servi\u00e7os de casamento, fotografia de casamento, buf\u00ea de alta qualidade, marcas de joias e floriculturas, transformando dados eletr\u00f4nicos maci\u00e7os ou mem\u00f3rias preciosas em uma b\u00ean\u00e7\u00e3o tang\u00edvel, port\u00e1til e calorosa de \"cora\u00e7\u00e3o de madeira\".<\/p>\n<\/div>\n<\/div>","protected":false},"excerpt":{"rendered":"<ul>\n<li>Em forma de cora\u00e7\u00e3o<\/li>\n<li>Armazenamento que define a personalidade<\/li>\n<li>Chaveiro<\/li>\n<li>Conte\u00fado personaliz\u00e1vel<\/li>\n<li>MOQ:100PCS<\/li>\n<\/ul>","protected":false},"featured_media":4224,"comment_status":"open","ping_status":"closed","template":"","meta":{"_seopress_robots_primary_cat":"none","_seopress_titles_title":"","_seopress_titles_desc":"","_seopress_robots_index":"","site-sidebar-layout":"default","site-content-layout":"","ast-site-content-layout":"","site-content-style":"default","site-sidebar-style":"default","ast-global-header-display":"","ast-banner-title-visibility":"","ast-main-header-display":"","ast-hfb-above-header-display":"","ast-hfb-below-header-display":"","ast-hfb-mobile-header-display":"","site-post-title":"","ast-breadcrumbs-content":"","ast-featured-img":"","footer-sml-layout":"","theme-transparent-header-meta":"","adv-header-id-meta":"","stick-header-meta":"","header-above-stick-meta":"","header-main-stick-meta":"","header-below-stick-meta":"","astra-migrate-meta-layouts":"default","ast-page-background-enabled":"default","ast-page-background-meta":{"desktop":{"background-color":"var(--ast-global-color-5)","background-image":"","background-repeat":"repeat","background-position":"center center","background-size":"auto","background-attachment":"scroll","background-type":"","background-media":"","overlay-type":"","overlay-color":"","overlay-opacity":"","overlay-gradient":""},"tablet":{"background-color":"","background-image":"","background-repeat":"repeat","background-position":"center center","background-size":"auto","background-attachment":"scroll","background-type":"","background-media":"","overlay-type":"","overlay-color":"","overlay-opacity":"","overlay-gradient":""},"mobile":{"background-color":"","background-image":"","background-repeat":"repeat","background-position":"center center","background-size":"auto","background-attachment":"scroll","background-type":"","background-media":"","overlay-type":"","overlay-color":"","overlay-opacity":"","overlay-gradient":""}},"ast-content-background-meta":{"desktop":{"background-color":"var(--ast-global-color-4)","background-image":"","background-repeat":"repeat","background-position":"center center","background-size":"auto","background-attachment":"scroll","background-type":"","background-media":"","overlay-type":"","overlay-color":"","overlay-opacity":"","overlay-gradient":""},"tablet":{"background-color":"var(--ast-global-color-4)","background-image":"","background-repeat":"repeat","background-position":"center center","background-size":"auto","background-attachment":"scroll","background-type":"","background-media":"","overlay-type":"","overlay-color":"","overlay-opacity":"","overlay-gradient":""},"mobile":{"background-color":"var(--ast-global-color-4)","background-image":"","background-repeat":"repeat","background-position":"center center","background-size":"auto","background-attachment":"scroll","background-type":"","background-media":"","overlay-type":"","overlay-color":"","overlay-opacity":"","overlay-gradient":""}}},"product_brand":[],"product_cat":[168],"product_tag":[240,241],"class_list":{"0":"post-4203","1":"product","2":"type-product","3":"status-publish","4":"has-post-thumbnail","6":"product_cat-wood-usb-flash-drive","7":"product_tag-wooden-heart-shaped-usb-drive","8":"product_tag-wooden-usb-flash-drive","9":"desktop-align-left","10":"tablet-align-left","11":"mobile-align-left","13":"first","14":"instock","15":"shipping-taxable","16":"product-type-simple"},"_links":{"self":[{"href":"https:\/\/www.usborkeychain.com\/pt\/wp-json\/wp\/v2\/product\/4203","targetHints":{"allow":["GET"]}}],"collection":[{"href":"https:\/\/www.usborkeychain.com\/pt\/wp-json\/wp\/v2\/product"}],"about":[{"href":"https:\/\/www.usborkeychain.com\/pt\/wp-json\/wp\/v2\/types\/product"}],"replies":[{"embeddable":true,"href":"https:\/\/www.usborkeychain.com\/pt\/wp-json\/wp\/v2\/comments?post=4203"}],"wp:featuredmedia":[{"embeddable":true,"href":"https:\/\/www.usborkeychain.com\/pt\/wp-json\/wp\/v2\/media\/4224"}],"wp:attachment":[{"href":"https:\/\/www.usborkeychain.com\/pt\/wp-json\/wp\/v2\/media?parent=4203"}],"wp:term":[{"taxonomy":"product_brand","embeddable":true,"href":"https:\/\/www.usborkeychain.com\/pt\/wp-json\/wp\/v2\/product_brand?post=4203"},{"taxonomy":"product_cat","embeddable":true,"href":"https:\/\/www.usborkeychain.com\/pt\/wp-json\/wp\/v2\/product_cat?post=4203"},{"taxonomy":"product_tag","embeddable":true,"href":"https:\/\/www.usborkeychain.com\/pt\/wp-json\/wp\/v2\/product_tag?post=4203"}],"curies":[{"name":"wp","href":"https:\/\/api.w.org\/{rel}","templated":true}]}}