{"id":4214,"date":"2025-07-19T04:37:03","date_gmt":"2025-07-19T04:37:03","guid":{"rendered":"https:\/\/www.usborkeychain.com\/?post_type=product&#038;p=4214"},"modified":"2025-07-19T08:54:32","modified_gmt":"2025-07-19T08:54:32","slug":"pvc-cartoon-cat-paw-usb-drive","status":"publish","type":"product","link":"https:\/\/www.usborkeychain.com\/pt\/produto\/pvc-cartoon-cat-paw-usb-drive\/","title":{"rendered":"Unidade USB PVC Cartoon Cat Paw"},"content":{"rendered":"<div class=\"wp-block-columns is-layout-flex wp-container-core-columns-is-layout-28f84493 wp-block-columns-is-layout-flex\">\n<div class=\"wp-block-column is-layout-flow wp-block-column-is-layout-flow\">\n<figure class=\"wp-block-image size-full\"><img alt=\"\" fetchpriority=\"high\" decoding=\"async\" width=\"800\" height=\"800\" src=\"https:\/\/www.usborkeychain.com\/wp-content\/uploads\/Cat-Paw-USB-flash-Drive.png\" class=\"wp-image-4217\" srcset=\"https:\/\/www.usborkeychain.com\/wp-content\/uploads\/Cat-Paw-USB-flash-Drive.png 800w, https:\/\/www.usborkeychain.com\/wp-content\/uploads\/Cat-Paw-USB-flash-Drive-300x300.png 300w, https:\/\/www.usborkeychain.com\/wp-content\/uploads\/Cat-Paw-USB-flash-Drive-150x150.png 150w, https:\/\/www.usborkeychain.com\/wp-content\/uploads\/Cat-Paw-USB-flash-Drive-768x768.png 768w, https:\/\/www.usborkeychain.com\/wp-content\/uploads\/Cat-Paw-USB-flash-Drive-12x12.png 12w, https:\/\/www.usborkeychain.com\/wp-content\/uploads\/Cat-Paw-USB-flash-Drive-600x600.png 600w, https:\/\/www.usborkeychain.com\/wp-content\/uploads\/Cat-Paw-USB-flash-Drive-100x100.png 100w\" sizes=\"(max-width: 800px) 100vw, 800px\" \/><\/figure>\n<\/div>\n\n\n\n<div class=\"wp-block-column is-layout-flow wp-block-column-is-layout-flow\">\n<p>O <strong>Unidade USB de PVC com pata de gato de desenho animado <\/strong>apresenta um ador\u00e1vel design de pata de gato, com almofadas arredondadas e linhas l\u00fadicas que reproduzem o formato da pata de um gato, conquistando instantaneamente os cora\u00e7\u00f5es dos \"donos de gatos\" e dos amantes de itens fofos. Ele vem em uma variedade de cores vibrantes, desde o rosa e o azul frescos at\u00e9 o preto e o marrom frios, adequados para diferentes personalidades. <\/p>\n\n\n\n<p>Como ferramenta de armazenamento, ele pode transmitir dados de forma est\u00e1vel, o que o torna ideal para o armazenamento di\u00e1rio de documentos e fotos de animais de estima\u00e7\u00e3o fofos. Em cenas da moda, como <strong>cosplay<\/strong> e <strong>conven\u00e7\u00f5es de quadrinhos<\/strong>Al\u00e9m disso, ele tamb\u00e9m \u00e9 um dos favoritos entre os entusiastas, servindo como um dispositivo digital elegante que permite mostrar sua personalidade e armazenar materiais de forma conveniente, tornando-se um item popular entre os jovens.<\/p>\n<\/div>\n<\/div>\n\n\n\n<h2 class=\"wp-block-heading\">Tabela de par\u00e2metros da unidade USB PVC Cartoon Cat Paw<\/h2>\n\n\n\n<figure class=\"wp-block-table\"><table class=\"has-fixed-layout\"><thead><tr><th>Categoria de par\u00e2metro<\/th><th>Detalhes<\/th><\/tr><\/thead><tbody><tr><td>Tipo de interface<\/td><td>USB 2.0\/USB 3.0<\/td><\/tr><tr><td>Capacidade de armazenamento<\/td><td>8 GB, 16 GB, 32 GB, 64 GB, 128 GB<\/td><\/tr><tr><td>Espessura do material de PVC<\/td><td>Aproximadamente 2 a 3 mm<\/td><\/tr><tr><td>Tamanho do produto (comprimento \u00d7 largura \u00d7 altura)<\/td><td>Aproximadamente 4cm\u00d73cm\u00d72cm<\/td><\/tr><tr><td>Peso<\/td><td>Aproximadamente 15 - 20g<\/td><\/tr><\/tbody><\/table><\/figure>\n\n\n\n<h2 class=\"wp-block-heading\">A cor pode ser personalizada?<\/h2>\n\n\n\n<div class=\"wp-block-columns is-layout-flex wp-container-core-columns-is-layout-28f84493 wp-block-columns-is-layout-flex\">\n<div class=\"wp-block-column is-layout-flow wp-block-column-is-layout-flow\">\n<figure class=\"wp-block-image size-full\"><img alt=\"\" decoding=\"async\" width=\"800\" height=\"800\" src=\"https:\/\/www.usborkeychain.com\/wp-content\/uploads\/KittyClaw-USB-falsh-drive.png\" class=\"wp-image-4221\" srcset=\"https:\/\/www.usborkeychain.com\/wp-content\/uploads\/KittyClaw-USB-falsh-drive.png 800w, https:\/\/www.usborkeychain.com\/wp-content\/uploads\/KittyClaw-USB-falsh-drive-300x300.png 300w, https:\/\/www.usborkeychain.com\/wp-content\/uploads\/KittyClaw-USB-falsh-drive-150x150.png 150w, https:\/\/www.usborkeychain.com\/wp-content\/uploads\/KittyClaw-USB-falsh-drive-768x768.png 768w, https:\/\/www.usborkeychain.com\/wp-content\/uploads\/KittyClaw-USB-falsh-drive-12x12.png 12w, https:\/\/www.usborkeychain.com\/wp-content\/uploads\/KittyClaw-USB-falsh-drive-600x600.png 600w, https:\/\/www.usborkeychain.com\/wp-content\/uploads\/KittyClaw-USB-falsh-drive-100x100.png 100w\" sizes=\"(max-width: 800px) 100vw, 800px\" \/><\/figure>\n<\/div>\n\n\n\n<div class=\"wp-block-column is-layout-flow wp-block-column-is-layout-flow\">\n<p>O <strong>Unidade USB de PVC com pata de gato de desenho animado<\/strong> suporta a personaliza\u00e7\u00e3o de cores diferentes. Seja a cor da marca corporativa ou um tom exclusivo preferido pelos indiv\u00edduos, isso pode ser obtido por meio do processo de mistura de cores dos materiais de PVC. Por exemplo, os clubes de anime podem personalizar unidades USB com patas de gato em cores com temas de personagens, e as marcas de produtos de beleza podem usar seu exclusivo rosa, roxo etc., tornando a unidade USB um \"cart\u00e3o de visita colorido\" ambulante para atender a v\u00e1rias necessidades personalizadas.<\/p>\n<\/div>\n<\/div>\n\n\n\n<h2 class=\"wp-block-heading\">Como \u00e9 feito esse pen drive de PVC com pata de gato?<\/h2>\n\n\n\n<div class=\"wp-block-columns is-layout-flex wp-container-core-columns-is-layout-28f84493 wp-block-columns-is-layout-flex\">\n<div class=\"wp-block-column is-layout-flow wp-block-column-is-layout-flow\">\n<p>Ele \u00e9 fabricado por meio de um processo de moldagem por inje\u00e7\u00e3o de molde de precis\u00e3o, garantindo que cada formato de pata de gato seja altamente consistente, claro e realista. O material \u00e9 composto de part\u00edculas de PVC de alta qualidade e ecologicamente corretas, que s\u00e3o injetadas no molde sob alta temperatura e press\u00e3o para serem moldadas. As cores s\u00e3o obtidas por meio de uma propor\u00e7\u00e3o precisa de masterbatches de cores, garantindo cores est\u00e1veis em cada lote.<\/p>\n\n\n\n<p>Al\u00e9m disso, ele suporta a impress\u00e3o de logotipos. A impress\u00e3o em tela de seda pode ser usada para imprimir logotipos de marcas e padr\u00f5es bonitos na superf\u00edcie da pata de gato; a grava\u00e7\u00e3o a laser tamb\u00e9m pode ser adotada para criar marcas de logotipo requintadas e duradouras, facilitando a personaliza\u00e7\u00e3o exclusiva para empresas, clubes etc.<\/p>\n<\/div>\n\n\n\n<div class=\"wp-block-column is-layout-flow wp-block-column-is-layout-flow\">\n<figure class=\"wp-block-image size-full\"><img alt=\"\" decoding=\"async\" width=\"800\" height=\"800\" src=\"https:\/\/www.usborkeychain.com\/wp-content\/uploads\/FurryPaw-usb-Flash-drive.png\" class=\"wp-image-4220\" srcset=\"https:\/\/www.usborkeychain.com\/wp-content\/uploads\/FurryPaw-usb-Flash-drive.png 800w, https:\/\/www.usborkeychain.com\/wp-content\/uploads\/FurryPaw-usb-Flash-drive-300x300.png 300w, https:\/\/www.usborkeychain.com\/wp-content\/uploads\/FurryPaw-usb-Flash-drive-150x150.png 150w, https:\/\/www.usborkeychain.com\/wp-content\/uploads\/FurryPaw-usb-Flash-drive-768x768.png 768w, https:\/\/www.usborkeychain.com\/wp-content\/uploads\/FurryPaw-usb-Flash-drive-12x12.png 12w, https:\/\/www.usborkeychain.com\/wp-content\/uploads\/FurryPaw-usb-Flash-drive-600x600.png 600w, https:\/\/www.usborkeychain.com\/wp-content\/uploads\/FurryPaw-usb-Flash-drive-100x100.png 100w\" sizes=\"(max-width: 800px) 100vw, 800px\" \/><\/figure>\n<\/div>\n<\/div>\n\n\n\n<h2 class=\"wp-block-heading\">Cenas adequadas<\/h2>\n\n\n\n<h3 class=\"wp-block-heading\">Cenas culturais da moda<\/h3>\n\n\n\n<ul class=\"wp-block-list\">\n<li>Clubes de cosplay e conven\u00e7\u00f5es de quadrinhos: Os cosplayers o utilizam para armazenar refer\u00eancias de modelagem de personagens e fotos de eventos. Como um presente perif\u00e9rico em conven\u00e7\u00f5es de quadrinhos, os f\u00e3s podem levar a unidade USB com patas de gato para acessar materiais relacionados a cosplays a qualquer momento, o que se encaixa na atmosfera cultural da moda.<\/li>\n\n\n\n<li>Est\u00fadios bidimensionais: \u00c9 usado para armazenar desenhos originais de anime e rascunhos de design. Ao se comunicar com outras pessoas, entregar uma unidade USB com a pata do gato impressa com o logotipo do est\u00fadio \u00e9 pr\u00e1tico e \u00fatil para aprimorar a imagem da marca.<\/li>\n<\/ul>\n\n\n\n<h3 class=\"wp-block-heading\">Cenas de marketing corporativo<\/h3>\n\n\n\n<ul class=\"wp-block-list\">\n<li>Marcas de beleza: Personalize as unidades USB com patas de gato nas cores da marca, armazene v\u00eddeos de promo\u00e7\u00e3o de produtos e informa\u00e7\u00f5es de aplicativos de teste e use-as como brindes para compras acima de um determinado valor. Os jovens consumidores adoram us\u00e1-los, o que ajuda a promover a marca.<\/li>\n\n\n\n<li>Empresas de suprimentos para animais de estima\u00e7\u00e3o: Armazena o conhecimento sobre cuidados com animais de estima\u00e7\u00e3o e lan\u00e7amentos de novos produtos, que podem ser usados pelos funcion\u00e1rios para armazenamento di\u00e1rio de dados ou como um presente de agradecimento para os clientes, transmitindo a cordialidade da marca.<\/li>\n\n\n\n<li>Institui\u00e7\u00f5es educacionais e de treinamento: Distribua unidades USB com patas de gato aos alunos para armazenar materiais de curso e pacotes de estudo.<\/li>\n\n\n\n<li>Empresas de anima\u00e7\u00e3o e jogos: \u00c9 usado como brinde em conven\u00e7\u00f5es de quadrinhos off-line\/eventos de lan\u00e7amento e vendido como perif\u00e9ricos de jogos, atingindo com precis\u00e3o os usu\u00e1rios-alvo.<\/li>\n\n\n\n<li>Atividades de bem-estar social: Crie patas de gato com tema de bem-estar p\u00fablico (como cuidar de animais abandonados) como lembran\u00e7as para doa\u00e7\u00f5es de caridade ou presentes para volunt\u00e1rios, transmitindo calor humano.<\/li>\n<\/ul>\n\n\n\n<div class=\"wp-block-columns is-layout-flex wp-container-core-columns-is-layout-28f84493 wp-block-columns-is-layout-flex\">\n<div class=\"wp-block-column is-layout-flow wp-block-column-is-layout-flow\">\n<figure class=\"wp-block-image size-full\"><img alt=\"\" loading=\"lazy\" decoding=\"async\" width=\"800\" height=\"800\" src=\"https:\/\/www.usborkeychain.com\/wp-content\/uploads\/Paw-USB-Flash-drive.png\" class=\"wp-image-4222\" srcset=\"https:\/\/www.usborkeychain.com\/wp-content\/uploads\/Paw-USB-Flash-drive.png 800w, https:\/\/www.usborkeychain.com\/wp-content\/uploads\/Paw-USB-Flash-drive-300x300.png 300w, https:\/\/www.usborkeychain.com\/wp-content\/uploads\/Paw-USB-Flash-drive-150x150.png 150w, https:\/\/www.usborkeychain.com\/wp-content\/uploads\/Paw-USB-Flash-drive-768x768.png 768w, https:\/\/www.usborkeychain.com\/wp-content\/uploads\/Paw-USB-Flash-drive-12x12.png 12w, https:\/\/www.usborkeychain.com\/wp-content\/uploads\/Paw-USB-Flash-drive-600x600.png 600w, https:\/\/www.usborkeychain.com\/wp-content\/uploads\/Paw-USB-Flash-drive-100x100.png 100w\" sizes=\"(max-width: 800px) 100vw, 800px\" \/><\/figure>\n<\/div>\n\n\n\n<div class=\"wp-block-column is-layout-flow wp-block-column-is-layout-flow\">\n<figure class=\"wp-block-image size-full\"><img alt=\"\" loading=\"lazy\" decoding=\"async\" width=\"800\" height=\"800\" src=\"https:\/\/www.usborkeychain.com\/wp-content\/uploads\/FunPaw-Keychain-usb-drive.png\" class=\"wp-image-4219\" srcset=\"https:\/\/www.usborkeychain.com\/wp-content\/uploads\/FunPaw-Keychain-usb-drive.png 800w, https:\/\/www.usborkeychain.com\/wp-content\/uploads\/FunPaw-Keychain-usb-drive-300x300.png 300w, https:\/\/www.usborkeychain.com\/wp-content\/uploads\/FunPaw-Keychain-usb-drive-150x150.png 150w, https:\/\/www.usborkeychain.com\/wp-content\/uploads\/FunPaw-Keychain-usb-drive-768x768.png 768w, https:\/\/www.usborkeychain.com\/wp-content\/uploads\/FunPaw-Keychain-usb-drive-12x12.png 12w, https:\/\/www.usborkeychain.com\/wp-content\/uploads\/FunPaw-Keychain-usb-drive-600x600.png 600w, https:\/\/www.usborkeychain.com\/wp-content\/uploads\/FunPaw-Keychain-usb-drive-100x100.png 100w\" sizes=\"(max-width: 800px) 100vw, 800px\" \/><\/figure>\n<\/div>\n<\/div>\n\n\n\n<div class=\"wp-block-columns is-layout-flex wp-container-core-columns-is-layout-28f84493 wp-block-columns-is-layout-flex\">\n<div class=\"wp-block-column is-layout-flow wp-block-column-is-layout-flow\">\n<figure class=\"wp-block-image size-full\"><img alt=\"\" loading=\"lazy\" decoding=\"async\" width=\"800\" height=\"800\" src=\"https:\/\/www.usborkeychain.com\/wp-content\/uploads\/Color-Paw-USB-flash-Drive.png\" class=\"wp-image-4218\" srcset=\"https:\/\/www.usborkeychain.com\/wp-content\/uploads\/Color-Paw-USB-flash-Drive.png 800w, https:\/\/www.usborkeychain.com\/wp-content\/uploads\/Color-Paw-USB-flash-Drive-300x300.png 300w, https:\/\/www.usborkeychain.com\/wp-content\/uploads\/Color-Paw-USB-flash-Drive-150x150.png 150w, https:\/\/www.usborkeychain.com\/wp-content\/uploads\/Color-Paw-USB-flash-Drive-768x768.png 768w, https:\/\/www.usborkeychain.com\/wp-content\/uploads\/Color-Paw-USB-flash-Drive-12x12.png 12w, https:\/\/www.usborkeychain.com\/wp-content\/uploads\/Color-Paw-USB-flash-Drive-600x600.png 600w, https:\/\/www.usborkeychain.com\/wp-content\/uploads\/Color-Paw-USB-flash-Drive-100x100.png 100w\" sizes=\"(max-width: 800px) 100vw, 800px\" \/><\/figure>\n<\/div>\n\n\n\n<div class=\"wp-block-column is-layout-flow wp-block-column-is-layout-flow\">\n<p>O <strong>Unidade USB de PVC com pata de gato de desenho animado<\/strong> conquistou com sucesso o cora\u00e7\u00e3o dos jovens usu\u00e1rios e se tornou uma ferramenta de marketing de baixo custo e alto retorno para as empresas, com sua apar\u00eancia atraente e atraente, op\u00e7\u00f5es coloridas, fun\u00e7\u00e3o de armazenamento confi\u00e1vel e excelentes recursos de personaliza\u00e7\u00e3o (cor + LOGOTIPO impresso por UV). A escolha de um fabricante de unidades USB profissional e experiente para a personaliza\u00e7\u00e3o de unidades USB pode n\u00e3o apenas produzir em massa produtos de alta qualidade com qualidade consistente, mas tamb\u00e9m: obter uma correspond\u00eancia precisa das cores da marca, fornecer solu\u00e7\u00f5es para a impress\u00e3o UV de logotipos complexos e garantir a efici\u00eancia da entrega da produ\u00e7\u00e3o e o controle de custos.<\/p>\n\n\n\n<p>Seja como um item criativo di\u00e1rio ou como bem-estar empresarial, brindes para eventos ou suportes para promo\u00e7\u00e3o da marca, esse pen drive com pata de gato que combina o poder da fofura com o valor pr\u00e1tico pode se tornar um elo digital que conecta os hobbies da moda e a promo\u00e7\u00e3o da marca, continuando a ganhar popularidade no campo do armazenamento fofo.<\/p>\n<\/div>\n<\/div>","protected":false},"excerpt":{"rendered":"<ul>\n<li>PVC<\/li>\n<li>Desenho animado<\/li>\n<li>Pata de gato<\/li>\n<li>Cosplay<\/li>\n<li>Conven\u00e7\u00f5es de quadrinhos<\/li>\n<li>MOQ:100PCS<\/li>\n<\/ul>","protected":false},"featured_media":4217,"comment_status":"open","ping_status":"closed","template":"","meta":{"_seopress_robots_primary_cat":"","_seopress_titles_title":"","_seopress_titles_desc":"","_seopress_robots_index":"","site-sidebar-layout":"default","site-content-layout":"","ast-site-content-layout":"","site-content-style":"default","site-sidebar-style":"default","ast-global-header-display":"","ast-banner-title-visibility":"","ast-main-header-display":"","ast-hfb-above-header-display":"","ast-hfb-below-header-display":"","ast-hfb-mobile-header-display":"","site-post-title":"","ast-breadcrumbs-content":"","ast-featured-img":"","footer-sml-layout":"","theme-transparent-header-meta":"","adv-header-id-meta":"","stick-header-meta":"","header-above-stick-meta":"","header-main-stick-meta":"","header-below-stick-meta":"","astra-migrate-meta-layouts":"default","ast-page-background-enabled":"default","ast-page-background-meta":{"desktop":{"background-color":"var(--ast-global-color-5)","background-image":"","background-repeat":"repeat","background-position":"center center","background-size":"auto","background-attachment":"scroll","background-type":"","background-media":"","overlay-type":"","overlay-color":"","overlay-opacity":"","overlay-gradient":""},"tablet":{"background-color":"","background-image":"","background-repeat":"repeat","background-position":"center center","background-size":"auto","background-attachment":"scroll","background-type":"","background-media":"","overlay-type":"","overlay-color":"","overlay-opacity":"","overlay-gradient":""},"mobile":{"background-color":"","background-image":"","background-repeat":"repeat","background-position":"center center","background-size":"auto","background-attachment":"scroll","background-type":"","background-media":"","overlay-type":"","overlay-color":"","overlay-opacity":"","overlay-gradient":""}},"ast-content-background-meta":{"desktop":{"background-color":"var(--ast-global-color-4)","background-image":"","background-repeat":"repeat","background-position":"center center","background-size":"auto","background-attachment":"scroll","background-type":"","background-media":"","overlay-type":"","overlay-color":"","overlay-opacity":"","overlay-gradient":""},"tablet":{"background-color":"var(--ast-global-color-4)","background-image":"","background-repeat":"repeat","background-position":"center center","background-size":"auto","background-attachment":"scroll","background-type":"","background-media":"","overlay-type":"","overlay-color":"","overlay-opacity":"","overlay-gradient":""},"mobile":{"background-color":"var(--ast-global-color-4)","background-image":"","background-repeat":"repeat","background-position":"center center","background-size":"auto","background-attachment":"scroll","background-type":"","background-media":"","overlay-type":"","overlay-color":"","overlay-opacity":"","overlay-gradient":""}}},"product_brand":[],"product_cat":[112],"product_tag":[242,193],"class_list":{"0":"post-4214","1":"product","2":"type-product","3":"status-publish","4":"has-post-thumbnail","6":"product_cat-cartton-usb-pendrive","7":"product_tag-pvc-cartoon-cat-paw-usb-drive","8":"product_tag-pvc-cartoon-usb-flash-drive","9":"desktop-align-left","10":"tablet-align-left","11":"mobile-align-left","13":"first","14":"instock","15":"shipping-taxable","16":"product-type-simple"},"_links":{"self":[{"href":"https:\/\/www.usborkeychain.com\/pt\/wp-json\/wp\/v2\/product\/4214","targetHints":{"allow":["GET"]}}],"collection":[{"href":"https:\/\/www.usborkeychain.com\/pt\/wp-json\/wp\/v2\/product"}],"about":[{"href":"https:\/\/www.usborkeychain.com\/pt\/wp-json\/wp\/v2\/types\/product"}],"replies":[{"embeddable":true,"href":"https:\/\/www.usborkeychain.com\/pt\/wp-json\/wp\/v2\/comments?post=4214"}],"wp:featuredmedia":[{"embeddable":true,"href":"https:\/\/www.usborkeychain.com\/pt\/wp-json\/wp\/v2\/media\/4217"}],"wp:attachment":[{"href":"https:\/\/www.usborkeychain.com\/pt\/wp-json\/wp\/v2\/media?parent=4214"}],"wp:term":[{"taxonomy":"product_brand","embeddable":true,"href":"https:\/\/www.usborkeychain.com\/pt\/wp-json\/wp\/v2\/product_brand?post=4214"},{"taxonomy":"product_cat","embeddable":true,"href":"https:\/\/www.usborkeychain.com\/pt\/wp-json\/wp\/v2\/product_cat?post=4214"},{"taxonomy":"product_tag","embeddable":true,"href":"https:\/\/www.usborkeychain.com\/pt\/wp-json\/wp\/v2\/product_tag?post=4214"}],"curies":[{"name":"wp","href":"https:\/\/api.w.org\/{rel}","templated":true}]}}