{"id":4230,"date":"2025-07-19T10:06:05","date_gmt":"2025-07-19T10:06:05","guid":{"rendered":"https:\/\/www.usborkeychain.com\/?post_type=product&#038;p=4230"},"modified":"2025-07-23T23:50:18","modified_gmt":"2025-07-23T23:50:18","slug":"pvc-cartoon-rose-usb-drive","status":"publish","type":"product","link":"https:\/\/www.usborkeychain.com\/pt\/produto\/pvc-cartoon-rose-usb-drive\/","title":{"rendered":"Unidade USB de PVC Cartoon Rose"},"content":{"rendered":"<div class=\"wp-block-columns is-layout-flex wp-container-core-columns-is-layout-28f84493 wp-block-columns-is-layout-flex\">\n<div class=\"wp-block-column is-layout-flow wp-block-column-is-layout-flow\">\n<figure class=\"wp-block-image size-full\"><img alt=\"\" fetchpriority=\"high\" decoding=\"async\" width=\"800\" height=\"800\" src=\"https:\/\/www.usborkeychain.com\/wp-content\/uploads\/Wedding-Rose-USB-flash-drive.png\" class=\"wp-image-4236\" srcset=\"https:\/\/www.usborkeychain.com\/wp-content\/uploads\/Wedding-Rose-USB-flash-drive.png 800w, https:\/\/www.usborkeychain.com\/wp-content\/uploads\/Wedding-Rose-USB-flash-drive-300x300.png 300w, https:\/\/www.usborkeychain.com\/wp-content\/uploads\/Wedding-Rose-USB-flash-drive-150x150.png 150w, https:\/\/www.usborkeychain.com\/wp-content\/uploads\/Wedding-Rose-USB-flash-drive-768x768.png 768w, https:\/\/www.usborkeychain.com\/wp-content\/uploads\/Wedding-Rose-USB-flash-drive-12x12.png 12w, https:\/\/www.usborkeychain.com\/wp-content\/uploads\/Wedding-Rose-USB-flash-drive-600x600.png 600w, https:\/\/www.usborkeychain.com\/wp-content\/uploads\/Wedding-Rose-USB-flash-drive-100x100.png 100w\" sizes=\"(max-width: 800px) 100vw, 800px\" \/><\/figure>\n<\/div>\n\n\n\n<div class=\"wp-block-column is-layout-flow wp-block-column-is-layout-flow\">\n<p>O <strong>Unidade USB de PVC com rosa de desenho animado<\/strong> replica vividamente o formato de uma rosa com camadas de p\u00e9talas e detalhes do caule realistas. Ele vem em cores vibrantes, como o vermelho cl\u00e1ssico, o rosa suave, o branco fresco e o amarelo brilhante, adequando-se a v\u00e1rios ambientes rom\u00e2nticos. Como ferramenta de armazenamento, ele transmite dados de forma est\u00e1vel, adequado para o armazenamento di\u00e1rio de arquivos e para guardar doces lembran\u00e7as. \u00c9 especialmente popular entre mulheres jovens, casais, trabalhadores criativos, entusiastas de presentes e pessoas que buscam um senso de ritual na vida.<\/p>\n<\/div>\n<\/div>\n\n\n\n<h2 class=\"wp-block-heading\">Tabela de par\u00e2metros da unidade USB<\/h2>\n\n\n\n<figure class=\"wp-block-table\"><table class=\"has-fixed-layout\"><thead><tr><th>Categoria de par\u00e2metro<\/th><th>Detalhes<\/th><\/tr><\/thead><tbody><tr><td>Tipo de interface<\/td><td>USB 2.0\/USB 3.0<\/td><\/tr><tr><td>Capacidade de armazenamento<\/td><td>8 GB, 16 GB, 32 GB, 64 GB, 128 GB<\/td><\/tr><tr><td>Espessura do material de PVC<\/td><td>Aproximadamente 2,5 - 3,5 mm<\/td><\/tr><tr><td>Tamanho do produto (altura \u00d7 di\u00e2metro da flor)<\/td><td>Aproximadamente 80 mm x 30 mm<\/td><\/tr><tr><td>Peso<\/td><td>Aproximadamente 20g<\/td><\/tr><\/tbody><\/table><\/figure>\n\n\n\n<h2 class=\"wp-block-heading\">Ele oferece suporte \u00e0 personaliza\u00e7\u00e3o de cores?<\/h2>\n\n\n\n<div class=\"wp-block-columns is-layout-flex wp-container-core-columns-is-layout-28f84493 wp-block-columns-is-layout-flex\">\n<div class=\"wp-block-column is-layout-flow wp-block-column-is-layout-flow\">\n<p>O <strong>Unidade USB de PVC com rosa de desenho animado<\/strong> suporta a personaliza\u00e7\u00e3o de cores diferentes. Al\u00e9m dos sistemas de cores rom\u00e2nticas convencionais, as empresas podem personalizar de acordo com as cores de suas marcas e temas de eventos. As empresas de planejamento de casamentos podem escolher champanhe dourado e rosa-p\u00farpura, que simbolizam a felicidade; as empresas de fotografia podem usar as cores exclusivas de suas marcas, transformando a unidade USB em um \"cart\u00e3o de visita rom\u00e2ntico m\u00f3vel\" para atender \u00e0s necessidades personalizadas e orientadas para a marca. As cores mais populares incluem vermelho vivo, rosa suave, branco puro e amarelo vivo, adequadas para v\u00e1rios cen\u00e1rios rom\u00e2nticos.<\/p>\n<\/div>\n\n\n\n<div class=\"wp-block-column is-layout-flow wp-block-column-is-layout-flow\">\n<figure class=\"wp-block-image size-full\"><img alt=\"\" decoding=\"async\" width=\"800\" height=\"800\" src=\"https:\/\/www.usborkeychain.com\/wp-content\/uploads\/Romance-USB-flash-drive.png\" class=\"wp-image-4234\" srcset=\"https:\/\/www.usborkeychain.com\/wp-content\/uploads\/Romance-USB-flash-drive.png 800w, https:\/\/www.usborkeychain.com\/wp-content\/uploads\/Romance-USB-flash-drive-300x300.png 300w, https:\/\/www.usborkeychain.com\/wp-content\/uploads\/Romance-USB-flash-drive-150x150.png 150w, https:\/\/www.usborkeychain.com\/wp-content\/uploads\/Romance-USB-flash-drive-768x768.png 768w, https:\/\/www.usborkeychain.com\/wp-content\/uploads\/Romance-USB-flash-drive-12x12.png 12w, https:\/\/www.usborkeychain.com\/wp-content\/uploads\/Romance-USB-flash-drive-600x600.png 600w, https:\/\/www.usborkeychain.com\/wp-content\/uploads\/Romance-USB-flash-drive-100x100.png 100w\" sizes=\"(max-width: 800px) 100vw, 800px\" \/><\/figure>\n<\/div>\n<\/div>\n\n\n\n<h2 class=\"wp-block-heading\">E quanto ao projeto de moldagem integral?<\/h2>\n\n\n\n<div class=\"wp-block-columns is-layout-flex wp-container-core-columns-is-layout-28f84493 wp-block-columns-is-layout-flex\">\n<div class=\"wp-block-column is-layout-flow wp-block-column-is-layout-flow\">\n<figure class=\"wp-block-image size-full\"><img alt=\"\" decoding=\"async\" width=\"800\" height=\"800\" src=\"https:\/\/www.usborkeychain.com\/wp-content\/uploads\/Bloom-USB-Flash-drive.png\" class=\"wp-image-4233\" srcset=\"https:\/\/www.usborkeychain.com\/wp-content\/uploads\/Bloom-USB-Flash-drive.png 800w, https:\/\/www.usborkeychain.com\/wp-content\/uploads\/Bloom-USB-Flash-drive-300x300.png 300w, https:\/\/www.usborkeychain.com\/wp-content\/uploads\/Bloom-USB-Flash-drive-150x150.png 150w, https:\/\/www.usborkeychain.com\/wp-content\/uploads\/Bloom-USB-Flash-drive-768x768.png 768w, https:\/\/www.usborkeychain.com\/wp-content\/uploads\/Bloom-USB-Flash-drive-12x12.png 12w, https:\/\/www.usborkeychain.com\/wp-content\/uploads\/Bloom-USB-Flash-drive-600x600.png 600w, https:\/\/www.usborkeychain.com\/wp-content\/uploads\/Bloom-USB-Flash-drive-100x100.png 100w\" sizes=\"(max-width: 800px) 100vw, 800px\" \/><\/figure>\n<\/div>\n\n\n\n<div class=\"wp-block-column is-layout-flow wp-block-column-is-layout-flow\">\n<p>Ele adota um processo de moldagem integral que combina o buraco da fechadura de PVC com a rosa. Um buraco de fechadura da mesma cor \u00e9 colocado de forma inteligente na haste, que pode ser equipada com um chaveiro de metal. Ele pode ser pendurado em chaveiros, bolsas ou carteiras, facilitando o transporte ao sair. Esse design n\u00e3o apenas evita a perda, mas tamb\u00e9m acrescenta um toque de eleg\u00e2ncia cotidiana.<\/p>\n<\/div>\n<\/div>\n\n\n\n<h2 class=\"wp-block-heading\">Adequado para quais indiv\u00edduos ou empresas?<\/h2>\n\n\n\n<div class=\"wp-block-columns is-layout-flex wp-container-core-columns-is-layout-28f84493 wp-block-columns-is-layout-flex\">\n<div class=\"wp-block-column is-layout-flow wp-block-column-is-layout-flow\">\n<ul class=\"wp-block-list\">\n<li>Emo\u00e7\u00f5es pessoais:\n<ul class=\"wp-block-list\">\n<li>Dia dos Namorados \/ Festival Qixi \/ Anivers\u00e1rio<\/li>\n\n\n\n<li>Presentes de anivers\u00e1rio para melhores amigos \/ Presentes de formatura<\/li>\n\n\n\n<li>Biblioteca de inspira\u00e7\u00e3o port\u00e1til para trabalhadores criativos<\/li>\n<\/ul>\n<\/li>\n\n\n\n<li>Trilhas de ouro para personaliza\u00e7\u00e3o empresarial:\n<ul class=\"wp-block-list\">\n<li>Empresas de planejamento de casamentos\/lojas de fotografia de casamento emblem\u00e1ticas: como Golden Lady, Bojue Travel Photography<\/li>\n\n\n\n<li>Hot\u00e9is\/resorts de alto padr\u00e3o: como o Hilton, Sanya Edition<\/li>\n\n\n\n<li>Joias \/ marcas de luxo: como Chow Tai Fook, Pandora<\/li>\n\n\n\n<li>Grupos de sa\u00fade e beleza para mulheres: como Watsons, Ai Kang Guobin<\/li>\n\n\n\n<li>Grandes parques tem\u00e1ticos\/pontos tur\u00edsticos e culturais: como Disney, Chimelong<\/li>\n<\/ul>\n<\/li>\n<\/ul>\n<\/div>\n\n\n\n<div class=\"wp-block-column is-layout-flow wp-block-column-is-layout-flow\">\n<figure class=\"wp-block-image size-full\"><img alt=\"\" loading=\"lazy\" decoding=\"async\" width=\"800\" height=\"800\" src=\"https:\/\/www.usborkeychain.com\/wp-content\/uploads\/Rose-USB-flash-Drive.png\" class=\"wp-image-4235\" srcset=\"https:\/\/www.usborkeychain.com\/wp-content\/uploads\/Rose-USB-flash-Drive.png 800w, https:\/\/www.usborkeychain.com\/wp-content\/uploads\/Rose-USB-flash-Drive-300x300.png 300w, https:\/\/www.usborkeychain.com\/wp-content\/uploads\/Rose-USB-flash-Drive-150x150.png 150w, https:\/\/www.usborkeychain.com\/wp-content\/uploads\/Rose-USB-flash-Drive-768x768.png 768w, https:\/\/www.usborkeychain.com\/wp-content\/uploads\/Rose-USB-flash-Drive-12x12.png 12w, https:\/\/www.usborkeychain.com\/wp-content\/uploads\/Rose-USB-flash-Drive-600x600.png 600w, https:\/\/www.usborkeychain.com\/wp-content\/uploads\/Rose-USB-flash-Drive-100x100.png 100w\" sizes=\"(max-width: 800px) 100vw, 800px\" \/><\/figure>\n<\/div>\n<\/div>\n\n\n\n<ul class=\"wp-block-list\"><\/ul>\n\n\n\n<p>O <strong>Unidade USB com rosa simulada em PVC<\/strong>Com seu formato altamente rom\u00e2ntico, cores vivas personalizadas, sistema conveniente de transporte por chaveiro e fun\u00e7\u00e3o de armazenamento est\u00e1vel, transcendeu com sucesso seu atributo de ferramenta e se tornou um meio emocional para transmitir sentimentos e marcas. Os fabricantes profissionais de personaliza\u00e7\u00e3o de unidades USB controlam os detalhes, desde as cores at\u00e9 o acabamento, para atender a v\u00e1rias necessidades. Seja para casais manterem o romance em particular ou para empresas realizarem marketing rom\u00e2ntico, essa \u00e9 uma op\u00e7\u00e3o pr\u00e1tica e atraente.<\/p>","protected":false},"excerpt":{"rendered":"<ul>\n<li>Material de PVC<\/li>\n<li>Rosa simulada<\/li>\n<li>Rosa dos desenhos animados<\/li>\n<li>\u00a0Presente que expressa o amor<\/li>\n<li>MOQ:100PCS<\/li>\n<\/ul>","protected":false},"featured_media":4236,"comment_status":"open","ping_status":"closed","template":"","meta":{"_seopress_robots_primary_cat":"","_seopress_titles_title":"","_seopress_titles_desc":"","_seopress_robots_index":"","site-sidebar-layout":"default","site-content-layout":"","ast-site-content-layout":"","site-content-style":"default","site-sidebar-style":"default","ast-global-header-display":"","ast-banner-title-visibility":"","ast-main-header-display":"","ast-hfb-above-header-display":"","ast-hfb-below-header-display":"","ast-hfb-mobile-header-display":"","site-post-title":"","ast-breadcrumbs-content":"","ast-featured-img":"","footer-sml-layout":"","theme-transparent-header-meta":"","adv-header-id-meta":"","stick-header-meta":"","header-above-stick-meta":"","header-main-stick-meta":"","header-below-stick-meta":"","astra-migrate-meta-layouts":"default","ast-page-background-enabled":"default","ast-page-background-meta":{"desktop":{"background-color":"var(--ast-global-color-5)","background-image":"","background-repeat":"repeat","background-position":"center center","background-size":"auto","background-attachment":"scroll","background-type":"","background-media":"","overlay-type":"","overlay-color":"","overlay-opacity":"","overlay-gradient":""},"tablet":{"background-color":"","background-image":"","background-repeat":"repeat","background-position":"center center","background-size":"auto","background-attachment":"scroll","background-type":"","background-media":"","overlay-type":"","overlay-color":"","overlay-opacity":"","overlay-gradient":""},"mobile":{"background-color":"","background-image":"","background-repeat":"repeat","background-position":"center center","background-size":"auto","background-attachment":"scroll","background-type":"","background-media":"","overlay-type":"","overlay-color":"","overlay-opacity":"","overlay-gradient":""}},"ast-content-background-meta":{"desktop":{"background-color":"var(--ast-global-color-4)","background-image":"","background-repeat":"repeat","background-position":"center center","background-size":"auto","background-attachment":"scroll","background-type":"","background-media":"","overlay-type":"","overlay-color":"","overlay-opacity":"","overlay-gradient":""},"tablet":{"background-color":"var(--ast-global-color-4)","background-image":"","background-repeat":"repeat","background-position":"center center","background-size":"auto","background-attachment":"scroll","background-type":"","background-media":"","overlay-type":"","overlay-color":"","overlay-opacity":"","overlay-gradient":""},"mobile":{"background-color":"var(--ast-global-color-4)","background-image":"","background-repeat":"repeat","background-position":"center center","background-size":"auto","background-attachment":"scroll","background-type":"","background-media":"","overlay-type":"","overlay-color":"","overlay-opacity":"","overlay-gradient":""}}},"product_brand":[],"product_cat":[112,94],"product_tag":[244,243],"class_list":{"0":"post-4230","1":"product","2":"type-product","3":"status-publish","4":"has-post-thumbnail","6":"product_cat-cartton-usb-pendrive","7":"product_cat-pvc-usb-pendrive","8":"product_tag-cartoon-usb-flash-drive","9":"product_tag-pvc-cartoon-rose-usb-flash-drive","10":"desktop-align-left","11":"tablet-align-left","12":"mobile-align-left","14":"first","15":"instock","16":"shipping-taxable","17":"product-type-simple"},"_links":{"self":[{"href":"https:\/\/www.usborkeychain.com\/pt\/wp-json\/wp\/v2\/product\/4230","targetHints":{"allow":["GET"]}}],"collection":[{"href":"https:\/\/www.usborkeychain.com\/pt\/wp-json\/wp\/v2\/product"}],"about":[{"href":"https:\/\/www.usborkeychain.com\/pt\/wp-json\/wp\/v2\/types\/product"}],"replies":[{"embeddable":true,"href":"https:\/\/www.usborkeychain.com\/pt\/wp-json\/wp\/v2\/comments?post=4230"}],"wp:featuredmedia":[{"embeddable":true,"href":"https:\/\/www.usborkeychain.com\/pt\/wp-json\/wp\/v2\/media\/4236"}],"wp:attachment":[{"href":"https:\/\/www.usborkeychain.com\/pt\/wp-json\/wp\/v2\/media?parent=4230"}],"wp:term":[{"taxonomy":"product_brand","embeddable":true,"href":"https:\/\/www.usborkeychain.com\/pt\/wp-json\/wp\/v2\/product_brand?post=4230"},{"taxonomy":"product_cat","embeddable":true,"href":"https:\/\/www.usborkeychain.com\/pt\/wp-json\/wp\/v2\/product_cat?post=4230"},{"taxonomy":"product_tag","embeddable":true,"href":"https:\/\/www.usborkeychain.com\/pt\/wp-json\/wp\/v2\/product_tag?post=4230"}],"curies":[{"name":"wp","href":"https:\/\/api.w.org\/{rel}","templated":true}]}}