{"id":4237,"date":"2025-07-19T10:40:15","date_gmt":"2025-07-19T10:40:15","guid":{"rendered":"https:\/\/www.usborkeychain.com\/?post_type=product&#038;p=4237"},"modified":"2025-07-25T01:40:41","modified_gmt":"2025-07-25T01:40:41","slug":"pvc-cartoon-turtle-usb-flash-drive","status":"publish","type":"product","link":"https:\/\/www.usborkeychain.com\/pt\/produto\/pvc-cartoon-turtle-usb-flash-drive\/","title":{"rendered":"Unidade flash USB de PVC Cartoon Turtle"},"content":{"rendered":"<div class=\"wp-block-columns is-layout-flex wp-container-core-columns-is-layout-28f84493 wp-block-columns-is-layout-flex\">\n<div class=\"wp-block-column is-layout-flow wp-block-column-is-layout-flow\">\n<figure class=\"wp-block-image size-full\"><img alt=\"\" fetchpriority=\"high\" decoding=\"async\" width=\"800\" height=\"800\" src=\"https:\/\/www.usborkeychain.com\/wp-content\/uploads\/Tiny-Turtle-Key-USB-flash.png\" class=\"wp-image-4243\" srcset=\"https:\/\/www.usborkeychain.com\/wp-content\/uploads\/Tiny-Turtle-Key-USB-flash.png 800w, https:\/\/www.usborkeychain.com\/wp-content\/uploads\/Tiny-Turtle-Key-USB-flash-300x300.png 300w, https:\/\/www.usborkeychain.com\/wp-content\/uploads\/Tiny-Turtle-Key-USB-flash-150x150.png 150w, https:\/\/www.usborkeychain.com\/wp-content\/uploads\/Tiny-Turtle-Key-USB-flash-768x768.png 768w, https:\/\/www.usborkeychain.com\/wp-content\/uploads\/Tiny-Turtle-Key-USB-flash-12x12.png 12w, https:\/\/www.usborkeychain.com\/wp-content\/uploads\/Tiny-Turtle-Key-USB-flash-600x600.png 600w, https:\/\/www.usborkeychain.com\/wp-content\/uploads\/Tiny-Turtle-Key-USB-flash-100x100.png 100w\" sizes=\"(max-width: 800px) 100vw, 800px\" \/><\/figure>\n<\/div>\n\n\n\n<div class=\"wp-block-column is-layout-flow wp-block-column-is-layout-flow\">\n<p>O <strong>Unidade flash USB de PVC com tartaruga de desenho animado <\/strong>apresenta um design altamente realista e bonito, com uma carapa\u00e7a tridimensional, uma cabe\u00e7a retr\u00e1til (que protege a interface USB) e membros e cauda realistas. Feita de PVC el\u00e1stico de grau aliment\u00edcio por meio de moldagem por inje\u00e7\u00e3o integral, ela tem uma textura macia e resistente a quedas e cores vibrantes, dando a cada tartaruga um car\u00e1ter \u00fanico. Apesar de seu tamanho pequeno (aproximadamente o tamanho de uma moeda, cerca de 40 mm), ela combina portabilidade, decoratividade e praticidade, o que a torna popular entre estudantes, designers criativos e colecionadores de itens fofos.<\/p>\n<\/div>\n<\/div>\n\n\n\n<h2 class=\"wp-block-heading\">Tabela de par\u00e2metros da unidade USB<\/h2>\n\n\n\n<figure class=\"wp-block-table\"><table class=\"has-fixed-layout\"><thead><tr><th>Categoria de par\u00e2metro<\/th><th>Detalhes<\/th><\/tr><\/thead><tbody><tr><td>Tipo de interface<\/td><td>USB 2.0\/USB 3.0<\/td><\/tr><tr><td>Capacidade de armazenamento<\/td><td>8 GB, 16 GB, 32 GB, 64 GB, 128 GB<\/td><\/tr><tr><td>Espessura do material de PVC<\/td><td>Aproximadamente 2 a 3 mm<\/td><\/tr><tr><td>Tamanho do produto (comprimento \u00d7 largura \u00d7 altura)<\/td><td>Aproximadamente 5cm\u00d73cm\u00d72cm<\/td><\/tr><tr><td>Peso<\/td><td>Aproximadamente 15 - 20g<\/td><\/tr><\/tbody><\/table><\/figure>\n\n\n\n<h2 class=\"wp-block-heading\">Ele pode ser personalizado?<\/h2>\n\n\n\n<ul class=\"wp-block-list\">\n<li><strong>Personaliza\u00e7\u00e3o do logotipo<\/strong>: Logotipos de marcas ou padr\u00f5es bonitos podem ser impressos no casco da tartaruga por meio de serigrafia, ou marcas requintadas e dur\u00e1veis podem ser criadas por meio de grava\u00e7\u00e3o a laser, tornando a unidade USB um cart\u00e3o de visita exclusivo.<\/li>\n\n\n\n<li><strong>Personaliza\u00e7\u00e3o de cores<\/strong>: Al\u00e9m das cores existentes, as cores podem ser misturadas de acordo com as necessidades. As empresas podem personalizar com base nas cores da marca ou em temas de eventos. Por exemplo, as institui\u00e7\u00f5es educacionais podem escolher um laranja vibrante e as marcas de animais de estima\u00e7\u00e3o podem usar um rosa bonito.<\/li>\n\n\n\n<li><strong>Processo de abertura do molde<\/strong>: Para pequenos ajustes no formato exclusivo, uma equipe profissional primeiro projeta um modelo 3D. Ap\u00f3s a confirma\u00e7\u00e3o, o molde \u00e9 feito, e a produ\u00e7\u00e3o experimental e os ajustes s\u00e3o realizados para garantir detalhes precisos. Embora o processo seja um pouco complicado, ele pode atingir um alto grau de personaliza\u00e7\u00e3o, adequado para empresas e associa\u00e7\u00f5es que precisam de personaliza\u00e7\u00e3o em massa.<\/li>\n<\/ul>\n\n\n\n<div class=\"wp-block-columns is-layout-flex wp-container-core-columns-is-layout-28f84493 wp-block-columns-is-layout-flex\">\n<div class=\"wp-block-column is-layout-flow wp-block-column-is-layout-flow\">\n<figure class=\"wp-block-image size-full\"><img alt=\"\" decoding=\"async\" width=\"800\" height=\"800\" src=\"https:\/\/www.usborkeychain.com\/wp-content\/uploads\/Fun-Turtle-USB-flash-drive.png\" class=\"wp-image-4242\" srcset=\"https:\/\/www.usborkeychain.com\/wp-content\/uploads\/Fun-Turtle-USB-flash-drive.png 800w, https:\/\/www.usborkeychain.com\/wp-content\/uploads\/Fun-Turtle-USB-flash-drive-300x300.png 300w, https:\/\/www.usborkeychain.com\/wp-content\/uploads\/Fun-Turtle-USB-flash-drive-150x150.png 150w, https:\/\/www.usborkeychain.com\/wp-content\/uploads\/Fun-Turtle-USB-flash-drive-768x768.png 768w, https:\/\/www.usborkeychain.com\/wp-content\/uploads\/Fun-Turtle-USB-flash-drive-12x12.png 12w, https:\/\/www.usborkeychain.com\/wp-content\/uploads\/Fun-Turtle-USB-flash-drive-600x600.png 600w, https:\/\/www.usborkeychain.com\/wp-content\/uploads\/Fun-Turtle-USB-flash-drive-100x100.png 100w\" sizes=\"(max-width: 800px) 100vw, 800px\" \/><\/figure>\n<\/div>\n\n\n\n<div class=\"wp-block-column is-layout-flow wp-block-column-is-layout-flow\">\n<figure class=\"wp-block-image size-full\"><img alt=\"\" decoding=\"async\" width=\"800\" height=\"800\" src=\"https:\/\/www.usborkeychain.com\/wp-content\/uploads\/Cute-Turtle-USB-flash-Drive.png\" class=\"wp-image-4241\" srcset=\"https:\/\/www.usborkeychain.com\/wp-content\/uploads\/Cute-Turtle-USB-flash-Drive.png 800w, https:\/\/www.usborkeychain.com\/wp-content\/uploads\/Cute-Turtle-USB-flash-Drive-300x300.png 300w, https:\/\/www.usborkeychain.com\/wp-content\/uploads\/Cute-Turtle-USB-flash-Drive-150x150.png 150w, https:\/\/www.usborkeychain.com\/wp-content\/uploads\/Cute-Turtle-USB-flash-Drive-768x768.png 768w, https:\/\/www.usborkeychain.com\/wp-content\/uploads\/Cute-Turtle-USB-flash-Drive-12x12.png 12w, https:\/\/www.usborkeychain.com\/wp-content\/uploads\/Cute-Turtle-USB-flash-Drive-600x600.png 600w, https:\/\/www.usborkeychain.com\/wp-content\/uploads\/Cute-Turtle-USB-flash-Drive-100x100.png 100w\" sizes=\"(max-width: 800px) 100vw, 800px\" \/><\/figure>\n<\/div>\n\n\n\n<div class=\"wp-block-column is-layout-flow wp-block-column-is-layout-flow\">\n<figure class=\"wp-block-image size-full\"><img alt=\"\" loading=\"lazy\" decoding=\"async\" width=\"800\" height=\"800\" src=\"https:\/\/www.usborkeychain.com\/wp-content\/uploads\/Cartoon-Turtle-USB-Flash.png\" class=\"wp-image-4240\" srcset=\"https:\/\/www.usborkeychain.com\/wp-content\/uploads\/Cartoon-Turtle-USB-Flash.png 800w, https:\/\/www.usborkeychain.com\/wp-content\/uploads\/Cartoon-Turtle-USB-Flash-300x300.png 300w, https:\/\/www.usborkeychain.com\/wp-content\/uploads\/Cartoon-Turtle-USB-Flash-150x150.png 150w, https:\/\/www.usborkeychain.com\/wp-content\/uploads\/Cartoon-Turtle-USB-Flash-768x768.png 768w, https:\/\/www.usborkeychain.com\/wp-content\/uploads\/Cartoon-Turtle-USB-Flash-12x12.png 12w, https:\/\/www.usborkeychain.com\/wp-content\/uploads\/Cartoon-Turtle-USB-Flash-600x600.png 600w, https:\/\/www.usborkeychain.com\/wp-content\/uploads\/Cartoon-Turtle-USB-Flash-100x100.png 100w\" sizes=\"(max-width: 800px) 100vw, 800px\" \/><\/figure>\n<\/div>\n<\/div>\n\n\n\n<h2 class=\"wp-block-heading\">Para quais setores ele \u00e9 adequado?<\/h2>\n\n\n\n<figure class=\"wp-block-table\"><table class=\"has-fixed-layout\"><thead><tr><th>Setor<\/th><th>Cen\u00e1rios de aplicativos<\/th><th>Refer\u00eancia de caso<\/th><\/tr><\/thead><tbody><tr><td>Marcas maternas e infantis<\/td><td>Presentes para cursos de educa\u00e7\u00e3o infantil (armazenamento de anima\u00e7\u00f5es\/can\u00e7\u00f5es infantis), acess\u00f3rios para livros ilustrados (hist\u00f3rias escondidas nas costas da tartaruga)<\/td><td>Beingmate \"Tartaruga do Registro de Crescimento\"<\/td><\/tr><tr><td>Prote\u00e7\u00e3o ambiental\/prote\u00e7\u00e3o animal<\/td><td>Itens promocionais para tartarugas marinhas amea\u00e7adas de extin\u00e7\u00e3o, unidades USB comemorativas para atividades ambientais (slogans impressos na concha)<\/td><td>Projeto \"Salve a Tartaruga Marinha\" com a marca WWF<\/td><\/tr><tr><td>Turismo cultural\/parques tem\u00e1ticos<\/td><td>Lembran\u00e7as culturais e criativas para pontos tur\u00edsticos (pontos de refer\u00eancia impressos na carapa\u00e7a da tartaruga), unidades de armazenamento de guias tur\u00edsticos eletr\u00f4nicos<\/td><td>Chimelong Ocean Kingdom \"Guia de tartarugas de mergulho\"<\/td><\/tr><tr><td>Empresas de tecnologia<\/td><td>Presentes culturais para programadores (\"O c\u00f3digo \u00e9 t\u00e3o est\u00e1vel quanto uma tartaruga\"), itens bonitos para novos funcion\u00e1rios<\/td><td>Perif\u00e9ricos IP \"Penguin Armor Turtle\" da Tencent<\/td><\/tr><tr><td>Cuidados com a sa\u00fade<\/td><td>Unidades USB para registros de sa\u00fade de idosos (tartarugas simbolizam longevidade), dispositivos de armazenamento para registros de vacina\u00e7\u00e3o de crian\u00e7as<\/td><td>By-Health \"Tartaruga de poupan\u00e7a de sa\u00fade\"<\/td><\/tr><\/tbody><\/table><\/figure>\n\n\n\n<div class=\"wp-block-columns is-layout-flex wp-container-core-columns-is-layout-28f84493 wp-block-columns-is-layout-flex\">\n<div class=\"wp-block-column is-layout-flow wp-block-column-is-layout-flow\">\n<figure class=\"wp-block-image size-full\"><img alt=\"\" loading=\"lazy\" decoding=\"async\" width=\"800\" height=\"800\" src=\"https:\/\/www.usborkeychain.com\/wp-content\/uploads\/Turtle-USB-Flash-drive.png\" class=\"wp-image-4244\" srcset=\"https:\/\/www.usborkeychain.com\/wp-content\/uploads\/Turtle-USB-Flash-drive.png 800w, https:\/\/www.usborkeychain.com\/wp-content\/uploads\/Turtle-USB-Flash-drive-300x300.png 300w, https:\/\/www.usborkeychain.com\/wp-content\/uploads\/Turtle-USB-Flash-drive-150x150.png 150w, https:\/\/www.usborkeychain.com\/wp-content\/uploads\/Turtle-USB-Flash-drive-768x768.png 768w, https:\/\/www.usborkeychain.com\/wp-content\/uploads\/Turtle-USB-Flash-drive-12x12.png 12w, https:\/\/www.usborkeychain.com\/wp-content\/uploads\/Turtle-USB-Flash-drive-600x600.png 600w, https:\/\/www.usborkeychain.com\/wp-content\/uploads\/Turtle-USB-Flash-drive-100x100.png 100w\" sizes=\"(max-width: 800px) 100vw, 800px\" \/><\/figure>\n<\/div>\n\n\n\n<div class=\"wp-block-column is-layout-flow wp-block-column-is-layout-flow\">\n<p>O <strong>Unidade USB de PVC com tartaruga de desenho animado<\/strong> demonstra valor em v\u00e1rios setores com sua apar\u00eancia atraente, desempenho est\u00e1vel e flexibilidade de personaliza\u00e7\u00e3o. Os fabricantes profissionais de personaliza\u00e7\u00e3o de unidades USB garantem a qualidade desde o controle de par\u00e2metros at\u00e9 os servi\u00e7os de personaliza\u00e7\u00e3o. Seja para marketing corporativo, memorabilia de campus ou promo\u00e7\u00e3o cultural e criativa, ele \u00e9 uma op\u00e7\u00e3o atraente e pr\u00e1tica. <strong>Unidade USB profissional<\/strong> Os fabricantes usam esses produtos criativos para fornecer solu\u00e7\u00f5es de armazenamento personalizadas para o mercado, tornando o armazenamento cheio de fofura e servindo como um link digital que conecta marcas, emo\u00e7\u00f5es e necessidades pr\u00e1ticas.<\/p>\n<\/div>\n<\/div>","protected":false},"excerpt":{"rendered":"<ul>\n<li>Material de PVC<\/li>\n<li>Tartaruga de desenho animado<\/li>\n<li>Chave Tiny Turtle<\/li>\n<li>Disco de tartaruga colorido<\/li>\n<li>MOQ:100PCS<\/li>\n<\/ul>","protected":false},"featured_media":4243,"comment_status":"open","ping_status":"closed","template":"","meta":{"_seopress_robots_primary_cat":"","_seopress_titles_title":"","_seopress_titles_desc":"","_seopress_robots_index":"","site-sidebar-layout":"default","site-content-layout":"","ast-site-content-layout":"","site-content-style":"default","site-sidebar-style":"default","ast-global-header-display":"","ast-banner-title-visibility":"","ast-main-header-display":"","ast-hfb-above-header-display":"","ast-hfb-below-header-display":"","ast-hfb-mobile-header-display":"","site-post-title":"","ast-breadcrumbs-content":"","ast-featured-img":"","footer-sml-layout":"","theme-transparent-header-meta":"","adv-header-id-meta":"","stick-header-meta":"","header-above-stick-meta":"","header-main-stick-meta":"","header-below-stick-meta":"","astra-migrate-meta-layouts":"default","ast-page-background-enabled":"default","ast-page-background-meta":{"desktop":{"background-color":"var(--ast-global-color-5)","background-image":"","background-repeat":"repeat","background-position":"center center","background-size":"auto","background-attachment":"scroll","background-type":"","background-media":"","overlay-type":"","overlay-color":"","overlay-opacity":"","overlay-gradient":""},"tablet":{"background-color":"","background-image":"","background-repeat":"repeat","background-position":"center center","background-size":"auto","background-attachment":"scroll","background-type":"","background-media":"","overlay-type":"","overlay-color":"","overlay-opacity":"","overlay-gradient":""},"mobile":{"background-color":"","background-image":"","background-repeat":"repeat","background-position":"center center","background-size":"auto","background-attachment":"scroll","background-type":"","background-media":"","overlay-type":"","overlay-color":"","overlay-opacity":"","overlay-gradient":""}},"ast-content-background-meta":{"desktop":{"background-color":"var(--ast-global-color-4)","background-image":"","background-repeat":"repeat","background-position":"center center","background-size":"auto","background-attachment":"scroll","background-type":"","background-media":"","overlay-type":"","overlay-color":"","overlay-opacity":"","overlay-gradient":""},"tablet":{"background-color":"var(--ast-global-color-4)","background-image":"","background-repeat":"repeat","background-position":"center center","background-size":"auto","background-attachment":"scroll","background-type":"","background-media":"","overlay-type":"","overlay-color":"","overlay-opacity":"","overlay-gradient":""},"mobile":{"background-color":"var(--ast-global-color-4)","background-image":"","background-repeat":"repeat","background-position":"center center","background-size":"auto","background-attachment":"scroll","background-type":"","background-media":"","overlay-type":"","overlay-color":"","overlay-opacity":"","overlay-gradient":""}}},"product_brand":[],"product_cat":[112],"product_tag":[246,244,245],"class_list":{"0":"post-4237","1":"product","2":"type-product","3":"status-publish","4":"has-post-thumbnail","6":"product_cat-cartton-usb-pendrive","7":"product_tag-cartoon-turtle-usb-drive","8":"product_tag-cartoon-usb-flash-drive","9":"product_tag-pvc-cartoon-turtle-usb-flash-drive","10":"desktop-align-left","11":"tablet-align-left","12":"mobile-align-left","14":"first","15":"instock","16":"shipping-taxable","17":"product-type-simple"},"_links":{"self":[{"href":"https:\/\/www.usborkeychain.com\/pt\/wp-json\/wp\/v2\/product\/4237","targetHints":{"allow":["GET"]}}],"collection":[{"href":"https:\/\/www.usborkeychain.com\/pt\/wp-json\/wp\/v2\/product"}],"about":[{"href":"https:\/\/www.usborkeychain.com\/pt\/wp-json\/wp\/v2\/types\/product"}],"replies":[{"embeddable":true,"href":"https:\/\/www.usborkeychain.com\/pt\/wp-json\/wp\/v2\/comments?post=4237"}],"wp:featuredmedia":[{"embeddable":true,"href":"https:\/\/www.usborkeychain.com\/pt\/wp-json\/wp\/v2\/media\/4243"}],"wp:attachment":[{"href":"https:\/\/www.usborkeychain.com\/pt\/wp-json\/wp\/v2\/media?parent=4237"}],"wp:term":[{"taxonomy":"product_brand","embeddable":true,"href":"https:\/\/www.usborkeychain.com\/pt\/wp-json\/wp\/v2\/product_brand?post=4237"},{"taxonomy":"product_cat","embeddable":true,"href":"https:\/\/www.usborkeychain.com\/pt\/wp-json\/wp\/v2\/product_cat?post=4237"},{"taxonomy":"product_tag","embeddable":true,"href":"https:\/\/www.usborkeychain.com\/pt\/wp-json\/wp\/v2\/product_tag?post=4237"}],"curies":[{"name":"wp","href":"https:\/\/api.w.org\/{rel}","templated":true}]}}