{"id":4245,"date":"2025-07-19T13:45:17","date_gmt":"2025-07-19T13:45:17","guid":{"rendered":"https:\/\/www.usborkeychain.com\/?post_type=product&#038;p=4245"},"modified":"2025-07-25T01:41:01","modified_gmt":"2025-07-25T01:41:01","slug":"pvc-cartoon-octopus-usb-flash-drive","status":"publish","type":"product","link":"https:\/\/www.usborkeychain.com\/pt\/produto\/pvc-cartoon-octopus-usb-flash-drive\/","title":{"rendered":"Unidade flash USB de PVC Cartoon Octopus"},"content":{"rendered":"<div class=\"wp-block-columns is-layout-flex wp-container-core-columns-is-layout-28f84493 wp-block-columns-is-layout-flex\">\n<div class=\"wp-block-column is-layout-flow wp-block-column-is-layout-flow\">\n<figure class=\"wp-block-image aligncenter size-full\"><img alt=\"\" fetchpriority=\"high\" decoding=\"async\" width=\"800\" height=\"800\" src=\"https:\/\/www.usborkeychain.com\/wp-content\/uploads\/Tentacle-USB-flash-Drive.png\" class=\"wp-image-4251\" srcset=\"https:\/\/www.usborkeychain.com\/wp-content\/uploads\/Tentacle-USB-flash-Drive.png 800w, https:\/\/www.usborkeychain.com\/wp-content\/uploads\/Tentacle-USB-flash-Drive-300x300.png 300w, https:\/\/www.usborkeychain.com\/wp-content\/uploads\/Tentacle-USB-flash-Drive-150x150.png 150w, https:\/\/www.usborkeychain.com\/wp-content\/uploads\/Tentacle-USB-flash-Drive-768x768.png 768w, https:\/\/www.usborkeychain.com\/wp-content\/uploads\/Tentacle-USB-flash-Drive-12x12.png 12w, https:\/\/www.usborkeychain.com\/wp-content\/uploads\/Tentacle-USB-flash-Drive-600x600.png 600w, https:\/\/www.usborkeychain.com\/wp-content\/uploads\/Tentacle-USB-flash-Drive-100x100.png 100w\" sizes=\"(max-width: 800px) 100vw, 800px\" \/><\/figure>\n<\/div>\n\n\n\n<div class=\"wp-block-column is-layout-flow wp-block-column-is-layout-flow\">\n<p>O <strong>Unidade flash USB de polvo de desenho animado em PVC<\/strong> O polvo \u00e9 uma r\u00e9plica v\u00edvida da forma de um polvo com um trabalho artesanal requintado. Seus oito tent\u00e1culos se enrolam naturalmente e a cabe\u00e7a redonda \u00e9 acompanhada de olhos vivos, o que torna a forma realista, por\u00e9m bonita. Ele vem em uma grande variedade de cores, incluindo azul do fundo do mar, laranja vibrante e roxo sonhador, que s\u00e3o brilhantes, cheios e n\u00e3o desbotam facilmente, mostrando totalmente a vitalidade e o frescor dos elementos marinhos. Com um tamanho total de apenas 5 cm, cabendo perfeitamente na palma da m\u00e3o, ele combina perfeitamente recursos decorativos bonitos com praticidade port\u00e1til, capturando com precis\u00e3o o favor da Gera\u00e7\u00e3o Z, entusiastas marinhos e trabalhadores criativos.<\/p>\n<\/div>\n<\/div>\n\n\n\n<h2 class=\"wp-block-heading\">Tabela de par\u00e2metros da unidade USB de PVC Cartoon Octopus<\/h2>\n\n\n\n<figure class=\"wp-block-table\"><table class=\"has-fixed-layout\"><thead><tr><th>Categoria de par\u00e2metro<\/th><th>Detalhes<\/th><\/tr><\/thead><tbody><tr><td>Tipo de interface<\/td><td>USB 2.0\/USB 3.0<\/td><\/tr><tr><td>Capacidade de armazenamento<\/td><td>8 GB, 16 GB, 32 GB, 64 GB, 128 GB<\/td><\/tr><tr><td>Espessura do material de PVC<\/td><td>Aproximadamente 2 a 3 mm<\/td><\/tr><tr><td>Tamanho do produto (comprimento \u00d7 largura \u00d7 altura)<\/td><td>Aproximadamente 6cm\u00d74cm\u00d73cm<\/td><\/tr><tr><td>Peso<\/td><td>Aproximadamente 18 - 25g<\/td><\/tr><\/tbody><\/table><\/figure>\n\n\n\n<h2 class=\"wp-block-heading\">Ele pode ser personalizado?<\/h2>\n\n\n\n<p>A unidade USB de polvo de desenho animado em PVC oferece suporte a v\u00e1rios servi\u00e7os de personaliza\u00e7\u00e3o para atender a diferentes necessidades:<\/p>\n\n\n\n<ul class=\"wp-block-list\">\n<li><strong>Personaliza\u00e7\u00e3o do logotipo<\/strong>: Os logotipos da marca e os padr\u00f5es de desenho animado podem ser impressos na cabe\u00e7a ou nos tent\u00e1culos do polvo por meio de serigrafia. A tecnologia de grava\u00e7\u00e3o a laser tamb\u00e9m pode ser usada para criar marcas n\u00edtidas e duradouras, tornando o drive USB um suporte de marca exclusivo.<\/li>\n\n\n\n<li><strong>Personaliza\u00e7\u00e3o de cores<\/strong>: Al\u00e9m das cores existentes, a mistura de cores pode ser feita de acordo com as necessidades. As empresas podem personalizar com base na cor principal de sua marca ou no tema do evento. Por exemplo, os parques com tema marinho podem escolher azul-marinho e branco-marinho, enquanto as marcas infantis podem optar por amarelo brilhante e verde fresco.<\/li>\n\n\n\n<li><strong>Processo de abertura do molde<\/strong>: Se forem necess\u00e1rios ajustes personalizados na forma, uma equipe de profissionais projetar\u00e1 primeiro um modelo 3D. Ap\u00f3s a confirma\u00e7\u00e3o, o molde ser\u00e1 feito e, em seguida, por meio de produ\u00e7\u00e3o experimental e otimiza\u00e7\u00e3o de detalhes, o produto acabado apresentar\u00e1 com precis\u00e3o o efeito do design. Embora o processo de abertura do molde seja relativamente complexo, ele pode atingir um alto grau de personaliza\u00e7\u00e3o, adequado para empresas ou associa\u00e7\u00f5es que precisam de personaliza\u00e7\u00e3o em massa.<\/li>\n\n\n\n<li><strong>Design de chaveiro<\/strong>: Um buraco de fechadura de PVC integrado \u00e9 colocado na conex\u00e3o entre a cabe\u00e7a e os tent\u00e1culos do polvo, que pode ser combinado com um chaveiro de metal. Ele pode ser facilmente pendurado em chaveiros, bolsas ou carteiras, facilitando o transporte e reduzindo o risco de perda, al\u00e9m de ser pr\u00e1tico e decorativo.<\/li>\n<\/ul>\n\n\n\n<div class=\"wp-block-columns is-layout-flex wp-container-core-columns-is-layout-28f84493 wp-block-columns-is-layout-flex\">\n<div class=\"wp-block-column is-layout-flow wp-block-column-is-layout-flow\">\n<figure class=\"wp-block-image size-full\"><img alt=\"\" decoding=\"async\" width=\"800\" height=\"800\" src=\"https:\/\/www.usborkeychain.com\/wp-content\/uploads\/Squishy-Octo-USB-Drive.png\" class=\"wp-image-4250\" srcset=\"https:\/\/www.usborkeychain.com\/wp-content\/uploads\/Squishy-Octo-USB-Drive.png 800w, https:\/\/www.usborkeychain.com\/wp-content\/uploads\/Squishy-Octo-USB-Drive-300x300.png 300w, https:\/\/www.usborkeychain.com\/wp-content\/uploads\/Squishy-Octo-USB-Drive-150x150.png 150w, https:\/\/www.usborkeychain.com\/wp-content\/uploads\/Squishy-Octo-USB-Drive-768x768.png 768w, https:\/\/www.usborkeychain.com\/wp-content\/uploads\/Squishy-Octo-USB-Drive-12x12.png 12w, https:\/\/www.usborkeychain.com\/wp-content\/uploads\/Squishy-Octo-USB-Drive-600x600.png 600w, https:\/\/www.usborkeychain.com\/wp-content\/uploads\/Squishy-Octo-USB-Drive-100x100.png 100w\" sizes=\"(max-width: 800px) 100vw, 800px\" \/><\/figure>\n<\/div>\n\n\n\n<div class=\"wp-block-column is-layout-flow wp-block-column-is-layout-flow\">\n<figure class=\"wp-block-image size-full\"><img alt=\"\" decoding=\"async\" width=\"800\" height=\"800\" src=\"https:\/\/www.usborkeychain.com\/wp-content\/uploads\/Octo-USB-Flash.png\" class=\"wp-image-4248\" srcset=\"https:\/\/www.usborkeychain.com\/wp-content\/uploads\/Octo-USB-Flash.png 800w, https:\/\/www.usborkeychain.com\/wp-content\/uploads\/Octo-USB-Flash-300x300.png 300w, https:\/\/www.usborkeychain.com\/wp-content\/uploads\/Octo-USB-Flash-150x150.png 150w, https:\/\/www.usborkeychain.com\/wp-content\/uploads\/Octo-USB-Flash-768x768.png 768w, https:\/\/www.usborkeychain.com\/wp-content\/uploads\/Octo-USB-Flash-12x12.png 12w, https:\/\/www.usborkeychain.com\/wp-content\/uploads\/Octo-USB-Flash-600x600.png 600w, https:\/\/www.usborkeychain.com\/wp-content\/uploads\/Octo-USB-Flash-100x100.png 100w\" sizes=\"(max-width: 800px) 100vw, 800px\" \/><\/figure>\n<\/div>\n<\/div>\n\n\n\n<h2 class=\"wp-block-heading\">Cen\u00e1rios ou empresas adequados?<\/h2>\n\n\n\n<figure class=\"wp-block-table\"><table class=\"has-fixed-layout\"><thead><tr><th>Setor<\/th><th>Cen\u00e1rios de marketing<\/th><th>Casos importantes<\/th><\/tr><\/thead><tbody><tr><td>Turismo cultural marinho<\/td><td>Unidades USB para guias eletr\u00f4nicos (IP do ponto panor\u00e2mico gravado nos tent\u00e1culos)<\/td><td>Chimelong Zhuhai \"Guia do Polvo\"<\/td><\/tr><tr><td>Desenvolvimento de PI cultural e criativa<\/td><td>Derivados perif\u00e9ricos de anime (design de polvo antropom\u00f3rfico)<\/td><td>Grupo Alfa \"Balala Little Magic Octopus\" (Pequeno polvo m\u00e1gico)<\/td><\/tr><tr><td>Educa\u00e7\u00e3o infantil<\/td><td>Dispositivos de armazenamento para materiais de educa\u00e7\u00e3o infantil (tent\u00e1culos azuis + rosa de cores misturadas)<\/td><td>Qia Hu \"Disco de dados de sala de aula subaqu\u00e1tica\"<\/td><\/tr><tr><td>Empresas de tecnologia<\/td><td>Presentes de al\u00edvio de estresse para programadores (com o meme do \"processador de oito n\u00facleos\")<\/td><td>Alibaba Cloud \"Opera\u00e7\u00e3o e manuten\u00e7\u00e3o do polvo guardi\u00e3o\"<\/td><\/tr><tr><td>Organiza\u00e7\u00f5es de prote\u00e7\u00e3o ambiental<\/td><td>Lembran\u00e7as para campanhas de limpeza marinha (azul transparente + impress\u00f5es de poluentes)<\/td><td>Vers\u00e3o personalizada da Blue Ribbon Ocean Conservation Association<\/td><\/tr><\/tbody><\/table><\/figure>\n\n\n\n<div class=\"wp-block-columns is-layout-flex wp-container-core-columns-is-layout-28f84493 wp-block-columns-is-layout-flex\">\n<div class=\"wp-block-column is-layout-flow wp-block-column-is-layout-flow\">\n<p>O <strong>Unidade USB de polvo de desenho animado em PVC<\/strong> O USB drive mostra um valor \u00fanico em v\u00e1rios cen\u00e1rios com seu bonito formato marinho, diversos servi\u00e7os de personaliza\u00e7\u00e3o e desempenho de armazenamento est\u00e1vel. Os fabricantes profissionais de personaliza\u00e7\u00e3o de unidades USB podem controlar com precis\u00e3o todos os links, desde o design at\u00e9 a produ\u00e7\u00e3o. Seja na mistura de cores, na impress\u00e3o do logotipo ou no ajuste da abertura do molde, eles podem atender \u00e0s necessidades personalizadas. Para as empresas, a escolha de um <strong>unidade USB profissional<\/strong> O fabricante de personaliza\u00e7\u00e3o de unidades USB pode n\u00e3o apenas obter produtos de alta qualidade, mas tamb\u00e9m aprimorar os efeitos de marketing com o design criativo da unidade USB octopus; para os indiv\u00edduos, ela tamb\u00e9m \u00e9 um item digital pr\u00e1tico e ador\u00e1vel, tornando o armazenamento de dados cheio de charme e divers\u00e3o marinhos.<\/p>\n<\/div>\n\n\n\n<div class=\"wp-block-column is-layout-flow wp-block-column-is-layout-flow\">\n<figure class=\"wp-block-image size-full\"><img alt=\"\" loading=\"lazy\" decoding=\"async\" width=\"800\" height=\"800\" src=\"https:\/\/www.usborkeychain.com\/wp-content\/uploads\/Sea-Paw-USB-Flash-drive.png\" class=\"wp-image-4249\" srcset=\"https:\/\/www.usborkeychain.com\/wp-content\/uploads\/Sea-Paw-USB-Flash-drive.png 800w, https:\/\/www.usborkeychain.com\/wp-content\/uploads\/Sea-Paw-USB-Flash-drive-300x300.png 300w, https:\/\/www.usborkeychain.com\/wp-content\/uploads\/Sea-Paw-USB-Flash-drive-150x150.png 150w, https:\/\/www.usborkeychain.com\/wp-content\/uploads\/Sea-Paw-USB-Flash-drive-768x768.png 768w, https:\/\/www.usborkeychain.com\/wp-content\/uploads\/Sea-Paw-USB-Flash-drive-12x12.png 12w, https:\/\/www.usborkeychain.com\/wp-content\/uploads\/Sea-Paw-USB-Flash-drive-600x600.png 600w, https:\/\/www.usborkeychain.com\/wp-content\/uploads\/Sea-Paw-USB-Flash-drive-100x100.png 100w\" sizes=\"(max-width: 800px) 100vw, 800px\" \/><\/figure>\n<\/div>\n<\/div>","protected":false},"excerpt":{"rendered":"<ul>\n<li>Material de PVC<\/li>\n<li>Polvo em desenho animado<\/li>\n<li>Grande variedade de cores<\/li>\n<li>Vida marinha<\/li>\n<li>MOQ:100PCS<\/li>\n<\/ul>","protected":false},"featured_media":4251,"comment_status":"open","ping_status":"closed","template":"","meta":{"_seopress_robots_primary_cat":"","_seopress_titles_title":"PVC cartoon octopus USB flash drive;PVC USB flash drive","_seopress_titles_desc":"","_seopress_robots_index":"","site-sidebar-layout":"default","site-content-layout":"","ast-site-content-layout":"","site-content-style":"default","site-sidebar-style":"default","ast-global-header-display":"","ast-banner-title-visibility":"","ast-main-header-display":"","ast-hfb-above-header-display":"","ast-hfb-below-header-display":"","ast-hfb-mobile-header-display":"","site-post-title":"","ast-breadcrumbs-content":"","ast-featured-img":"","footer-sml-layout":"","theme-transparent-header-meta":"","adv-header-id-meta":"","stick-header-meta":"","header-above-stick-meta":"","header-main-stick-meta":"","header-below-stick-meta":"","astra-migrate-meta-layouts":"default","ast-page-background-enabled":"default","ast-page-background-meta":{"desktop":{"background-color":"var(--ast-global-color-5)","background-image":"","background-repeat":"repeat","background-position":"center center","background-size":"auto","background-attachment":"scroll","background-type":"","background-media":"","overlay-type":"","overlay-color":"","overlay-opacity":"","overlay-gradient":""},"tablet":{"background-color":"","background-image":"","background-repeat":"repeat","background-position":"center center","background-size":"auto","background-attachment":"scroll","background-type":"","background-media":"","overlay-type":"","overlay-color":"","overlay-opacity":"","overlay-gradient":""},"mobile":{"background-color":"","background-image":"","background-repeat":"repeat","background-position":"center center","background-size":"auto","background-attachment":"scroll","background-type":"","background-media":"","overlay-type":"","overlay-color":"","overlay-opacity":"","overlay-gradient":""}},"ast-content-background-meta":{"desktop":{"background-color":"var(--ast-global-color-4)","background-image":"","background-repeat":"repeat","background-position":"center center","background-size":"auto","background-attachment":"scroll","background-type":"","background-media":"","overlay-type":"","overlay-color":"","overlay-opacity":"","overlay-gradient":""},"tablet":{"background-color":"var(--ast-global-color-4)","background-image":"","background-repeat":"repeat","background-position":"center center","background-size":"auto","background-attachment":"scroll","background-type":"","background-media":"","overlay-type":"","overlay-color":"","overlay-opacity":"","overlay-gradient":""},"mobile":{"background-color":"var(--ast-global-color-4)","background-image":"","background-repeat":"repeat","background-position":"center center","background-size":"auto","background-attachment":"scroll","background-type":"","background-media":"","overlay-type":"","overlay-color":"","overlay-opacity":"","overlay-gradient":""}}},"product_brand":[],"product_cat":[112,94],"product_tag":[247,248],"class_list":{"0":"post-4245","1":"product","2":"type-product","3":"status-publish","4":"has-post-thumbnail","6":"product_cat-cartton-usb-pendrive","7":"product_cat-pvc-usb-pendrive","8":"product_tag-pvc-cartoon-octopus-usb-flash-drive","9":"product_tag-pvc-usb-flash-drive","10":"desktop-align-left","11":"tablet-align-left","12":"mobile-align-left","14":"first","15":"instock","16":"shipping-taxable","17":"product-type-simple"},"_links":{"self":[{"href":"https:\/\/www.usborkeychain.com\/pt\/wp-json\/wp\/v2\/product\/4245","targetHints":{"allow":["GET"]}}],"collection":[{"href":"https:\/\/www.usborkeychain.com\/pt\/wp-json\/wp\/v2\/product"}],"about":[{"href":"https:\/\/www.usborkeychain.com\/pt\/wp-json\/wp\/v2\/types\/product"}],"replies":[{"embeddable":true,"href":"https:\/\/www.usborkeychain.com\/pt\/wp-json\/wp\/v2\/comments?post=4245"}],"wp:featuredmedia":[{"embeddable":true,"href":"https:\/\/www.usborkeychain.com\/pt\/wp-json\/wp\/v2\/media\/4251"}],"wp:attachment":[{"href":"https:\/\/www.usborkeychain.com\/pt\/wp-json\/wp\/v2\/media?parent=4245"}],"wp:term":[{"taxonomy":"product_brand","embeddable":true,"href":"https:\/\/www.usborkeychain.com\/pt\/wp-json\/wp\/v2\/product_brand?post=4245"},{"taxonomy":"product_cat","embeddable":true,"href":"https:\/\/www.usborkeychain.com\/pt\/wp-json\/wp\/v2\/product_cat?post=4245"},{"taxonomy":"product_tag","embeddable":true,"href":"https:\/\/www.usborkeychain.com\/pt\/wp-json\/wp\/v2\/product_tag?post=4245"}],"curies":[{"name":"wp","href":"https:\/\/api.w.org\/{rel}","templated":true}]}}