{"id":4252,"date":"2025-07-20T03:55:51","date_gmt":"2025-07-20T03:55:51","guid":{"rendered":"https:\/\/www.usborkeychain.com\/?post_type=product&#038;p=4252"},"modified":"2025-07-20T04:03:53","modified_gmt":"2025-07-20T04:03:53","slug":"aluminum-alloy-mini-usb-flash-drive","status":"publish","type":"product","link":"https:\/\/www.usborkeychain.com\/pt\/produto\/aluminum-alloy-mini-usb-flash-drive\/","title":{"rendered":"Mini unidade flash USB em liga de alum\u00ednio"},"content":{"rendered":"<div class=\"wp-block-columns is-layout-flex wp-container-core-columns-is-layout-28f84493 wp-block-columns-is-layout-flex\">\n<div class=\"wp-block-column is-layout-flow wp-block-column-is-layout-flow\">\n<figure class=\"wp-block-image size-full\"><img alt=\"\" fetchpriority=\"high\" decoding=\"async\" width=\"800\" height=\"800\" src=\"https:\/\/www.usborkeychain.com\/wp-content\/uploads\/Aluminum-Go-usb-flash-Drive.jpg\" class=\"wp-image-4256\" srcset=\"https:\/\/www.usborkeychain.com\/wp-content\/uploads\/Aluminum-Go-usb-flash-Drive.jpg 800w, https:\/\/www.usborkeychain.com\/wp-content\/uploads\/Aluminum-Go-usb-flash-Drive-300x300.jpg 300w, https:\/\/www.usborkeychain.com\/wp-content\/uploads\/Aluminum-Go-usb-flash-Drive-150x150.jpg 150w, https:\/\/www.usborkeychain.com\/wp-content\/uploads\/Aluminum-Go-usb-flash-Drive-768x768.jpg 768w, https:\/\/www.usborkeychain.com\/wp-content\/uploads\/Aluminum-Go-usb-flash-Drive-12x12.jpg 12w, https:\/\/www.usborkeychain.com\/wp-content\/uploads\/Aluminum-Go-usb-flash-Drive-600x600.jpg 600w, https:\/\/www.usborkeychain.com\/wp-content\/uploads\/Aluminum-Go-usb-flash-Drive-100x100.jpg 100w\" sizes=\"(max-width: 800px) 100vw, 800px\" \/><\/figure>\n<\/div>\n\n\n\n<div class=\"wp-block-column is-layout-flow wp-block-column-is-layout-flow\">\n<p>No campo dos dispositivos de armazenamento m\u00f3vel, o <strong>Mini unidade flash USB em liga de alum\u00ednio<\/strong> tornou-se a primeira op\u00e7\u00e3o de muitos usu\u00e1rios e empresas devido \u00e0s suas vantagens exclusivas. Ele apresenta um inv\u00f3lucro de liga de alum\u00ednio de grau aeron\u00e1utico fabricado com corte CNC de alta precis\u00e3o, que \u00e9 leve. A vers\u00e3o fosca (como cinza\/preto) forma uma camada microporosa resistente ao desgaste por meio de anodiza\u00e7\u00e3o, oferecendo desempenho anti-impress\u00e3o digital e boa dissipa\u00e7\u00e3o de calor; a vers\u00e3o polida (como rosa\/amarelo) apresenta um brilho espelhado, mas deve ser mantida longe de arranh\u00f5es de objetos duros. H\u00e1 uma grande variedade de op\u00e7\u00f5es de cores, incluindo prata, ouro, cinza, preto, rosa etc., para atender a diferentes necessidades est\u00e9ticas. Com um tamanho mini semelhante ao de uma chave comum, ele pode ser facilmente colocado no bolso ou na carteira, facilitando o transporte di\u00e1rio e o armazenamento e a transfer\u00eancia de dados a qualquer momento.<\/p>\n<\/div>\n<\/div>\n\n\n\n<h2 class=\"wp-block-heading\">Par\u00e2metros principais<\/h2>\n\n\n\n<figure class=\"wp-block-table\"><table class=\"has-fixed-layout\"><thead><tr><th>Categoria de par\u00e2metro<\/th><th>Detalhes<\/th><\/tr><\/thead><tbody><tr><td>Tipo de interface<\/td><td>USB3.0\/USB3.1<\/td><\/tr><tr><td>Capacidade de armazenamento<\/td><td>8 GB, 16 GB, 32 GB, 64 GB, 128 GB<\/td><\/tr><tr><td>Tamanho<\/td><td>22mm\u00d712mm\u00d75mm<\/td><\/tr><tr><td>Peso<\/td><td>10g<\/td><\/tr><\/tbody><\/table><\/figure>\n\n\n\n<h2 class=\"wp-block-heading\">Servi\u00e7os de personaliza\u00e7\u00e3o<\/h2>\n\n\n\n<h3 class=\"wp-block-heading\">Personaliza\u00e7\u00e3o de cores<\/h3>\n\n\n\n<p>Oferecemos suporte a cores personalizadas de acordo com as cores da marca corporativa ou prefer\u00eancias pessoais. Sejam cores brilhantes e vivas ou tons calmos e discretos, elas podem ser misturadas e apresentadas com precis\u00e3o.<\/p>\n\n\n\n<h3 class=\"wp-block-heading\"> T\u00e9cnicas de personaliza\u00e7\u00e3o de logotipos e padr\u00f5es<\/h3>\n\n\n\n<ul class=\"wp-block-list\">\n<li><strong>Grava\u00e7\u00e3o a laser<\/strong>: O laser de alta energia \u00e9 usado para gravar padr\u00f5es e logotipos na superf\u00edcie do metal. As marcas s\u00e3o claras, dur\u00e1veis e n\u00e3o s\u00e3o f\u00e1ceis de desgastar, o que \u00e9 adequado para linhas simples e designs de texto e pode destacar a textura e um toque de alta qualidade.<\/li>\n\n\n\n<li><strong>Impress\u00e3o UV<\/strong>: Ele pode realizar a impress\u00e3o de padr\u00f5es coloridos com cores ricas e brilhantes, que podem restaurar designs complexos e delicados. Por exemplo, personagens de jogos e logotipos coloridos no produto podem ser apresentados de forma v\u00edvida, acrescentando criatividade exclusiva \u00e0 unidade USB.<\/li>\n<\/ul>\n\n\n\n<div class=\"wp-block-columns is-layout-flex wp-container-core-columns-is-layout-28f84493 wp-block-columns-is-layout-flex\">\n<div class=\"wp-block-column is-layout-flow wp-block-column-is-layout-flow\">\n<figure class=\"wp-block-image size-full\"><img alt=\"\" decoding=\"async\" width=\"800\" height=\"800\" src=\"https:\/\/www.usborkeychain.com\/wp-content\/uploads\/Mini-Metal-Aluminum-usb-Drive.jpg\" class=\"wp-image-4261\" srcset=\"https:\/\/www.usborkeychain.com\/wp-content\/uploads\/Mini-Metal-Aluminum-usb-Drive.jpg 800w, https:\/\/www.usborkeychain.com\/wp-content\/uploads\/Mini-Metal-Aluminum-usb-Drive-300x300.jpg 300w, https:\/\/www.usborkeychain.com\/wp-content\/uploads\/Mini-Metal-Aluminum-usb-Drive-150x150.jpg 150w, https:\/\/www.usborkeychain.com\/wp-content\/uploads\/Mini-Metal-Aluminum-usb-Drive-768x768.jpg 768w, https:\/\/www.usborkeychain.com\/wp-content\/uploads\/Mini-Metal-Aluminum-usb-Drive-12x12.jpg 12w, https:\/\/www.usborkeychain.com\/wp-content\/uploads\/Mini-Metal-Aluminum-usb-Drive-600x600.jpg 600w, https:\/\/www.usborkeychain.com\/wp-content\/uploads\/Mini-Metal-Aluminum-usb-Drive-100x100.jpg 100w\" sizes=\"(max-width: 800px) 100vw, 800px\" \/><\/figure>\n<\/div>\n\n\n\n<div class=\"wp-block-column is-layout-flow wp-block-column-is-layout-flow\">\n<figure class=\"wp-block-image size-full\"><img alt=\"\" decoding=\"async\" width=\"800\" height=\"800\" src=\"https:\/\/www.usborkeychain.com\/wp-content\/uploads\/MiniAluKey-usb-flashDrive.png\" class=\"wp-image-4262\" srcset=\"https:\/\/www.usborkeychain.com\/wp-content\/uploads\/MiniAluKey-usb-flashDrive.png 800w, https:\/\/www.usborkeychain.com\/wp-content\/uploads\/MiniAluKey-usb-flashDrive-300x300.png 300w, https:\/\/www.usborkeychain.com\/wp-content\/uploads\/MiniAluKey-usb-flashDrive-150x150.png 150w, https:\/\/www.usborkeychain.com\/wp-content\/uploads\/MiniAluKey-usb-flashDrive-768x768.png 768w, https:\/\/www.usborkeychain.com\/wp-content\/uploads\/MiniAluKey-usb-flashDrive-12x12.png 12w, https:\/\/www.usborkeychain.com\/wp-content\/uploads\/MiniAluKey-usb-flashDrive-600x600.png 600w, https:\/\/www.usborkeychain.com\/wp-content\/uploads\/MiniAluKey-usb-flashDrive-100x100.png 100w\" sizes=\"(max-width: 800px) 100vw, 800px\" \/><\/figure>\n<\/div>\n\n\n\n<div class=\"wp-block-column is-layout-flow wp-block-column-is-layout-flow\">\n<figure class=\"wp-block-image size-full\"><img alt=\"\" loading=\"lazy\" decoding=\"async\" width=\"800\" height=\"800\" src=\"https:\/\/www.usborkeychain.com\/wp-content\/uploads\/Aluminum-Craft-U-Disk.jpg\" class=\"wp-image-4255\" srcset=\"https:\/\/www.usborkeychain.com\/wp-content\/uploads\/Aluminum-Craft-U-Disk.jpg 800w, https:\/\/www.usborkeychain.com\/wp-content\/uploads\/Aluminum-Craft-U-Disk-300x300.jpg 300w, https:\/\/www.usborkeychain.com\/wp-content\/uploads\/Aluminum-Craft-U-Disk-150x150.jpg 150w, https:\/\/www.usborkeychain.com\/wp-content\/uploads\/Aluminum-Craft-U-Disk-768x768.jpg 768w, https:\/\/www.usborkeychain.com\/wp-content\/uploads\/Aluminum-Craft-U-Disk-12x12.jpg 12w, https:\/\/www.usborkeychain.com\/wp-content\/uploads\/Aluminum-Craft-U-Disk-600x600.jpg 600w, https:\/\/www.usborkeychain.com\/wp-content\/uploads\/Aluminum-Craft-U-Disk-100x100.jpg 100w\" sizes=\"(max-width: 800px) 100vw, 800px\" \/><\/figure>\n<\/div>\n<\/div>\n\n\n\n<h2 class=\"wp-block-heading\">Portabilidade e desempenho contra perdas<\/h2>\n\n\n\n<p>A unidade USB \u00e9 equipada com um buraco de fechadura integrado com uma estrutura est\u00e1vel. Quando combinado com um <strong>chaveiro de metal<\/strong>Al\u00e9m disso, ele pode ser facilmente pendurado em chaves, bolsas ou carteiras, e n\u00e3o \u00e9 f\u00e1cil cair do chaveiro e se perder. Ele pode ser usado a qualquer momento durante a viagem, garantindo que os dados possam ser acessados a qualquer momento e reduzindo muito o risco de perda.<\/p>\n\n\n\n<div class=\"wp-block-columns is-layout-flex wp-container-core-columns-is-layout-28f84493 wp-block-columns-is-layout-flex\">\n<div class=\"wp-block-column is-layout-flow wp-block-column-is-layout-flow\">\n<figure class=\"wp-block-image size-full\"><img alt=\"\" loading=\"lazy\" decoding=\"async\" width=\"800\" height=\"800\" src=\"https:\/\/www.usborkeychain.com\/wp-content\/uploads\/ProAlu-Mini-usb-falsh-Drive.jpg\" class=\"wp-image-4263\" srcset=\"https:\/\/www.usborkeychain.com\/wp-content\/uploads\/ProAlu-Mini-usb-falsh-Drive.jpg 800w, https:\/\/www.usborkeychain.com\/wp-content\/uploads\/ProAlu-Mini-usb-falsh-Drive-300x300.jpg 300w, https:\/\/www.usborkeychain.com\/wp-content\/uploads\/ProAlu-Mini-usb-falsh-Drive-150x150.jpg 150w, https:\/\/www.usborkeychain.com\/wp-content\/uploads\/ProAlu-Mini-usb-falsh-Drive-768x768.jpg 768w, https:\/\/www.usborkeychain.com\/wp-content\/uploads\/ProAlu-Mini-usb-falsh-Drive-12x12.jpg 12w, https:\/\/www.usborkeychain.com\/wp-content\/uploads\/ProAlu-Mini-usb-falsh-Drive-600x600.jpg 600w, https:\/\/www.usborkeychain.com\/wp-content\/uploads\/ProAlu-Mini-usb-falsh-Drive-100x100.jpg 100w\" sizes=\"(max-width: 800px) 100vw, 800px\" \/><\/figure>\n<\/div>\n\n\n\n<div class=\"wp-block-column is-layout-flow wp-block-column-is-layout-flow\">\n<figure class=\"wp-block-image size-full\"><img alt=\"\" loading=\"lazy\" decoding=\"async\" width=\"800\" height=\"800\" src=\"https:\/\/www.usborkeychain.com\/wp-content\/uploads\/AluPocket-usb-flash-Drive.jpg\" class=\"wp-image-4258\" srcset=\"https:\/\/www.usborkeychain.com\/wp-content\/uploads\/AluPocket-usb-flash-Drive.jpg 800w, https:\/\/www.usborkeychain.com\/wp-content\/uploads\/AluPocket-usb-flash-Drive-300x300.jpg 300w, https:\/\/www.usborkeychain.com\/wp-content\/uploads\/AluPocket-usb-flash-Drive-150x150.jpg 150w, https:\/\/www.usborkeychain.com\/wp-content\/uploads\/AluPocket-usb-flash-Drive-768x768.jpg 768w, https:\/\/www.usborkeychain.com\/wp-content\/uploads\/AluPocket-usb-flash-Drive-12x12.jpg 12w, https:\/\/www.usborkeychain.com\/wp-content\/uploads\/AluPocket-usb-flash-Drive-600x600.jpg 600w, https:\/\/www.usborkeychain.com\/wp-content\/uploads\/AluPocket-usb-flash-Drive-100x100.jpg 100w\" sizes=\"(max-width: 800px) 100vw, 800px\" \/><\/figure>\n<\/div>\n\n\n\n<div class=\"wp-block-column is-layout-flow wp-block-column-is-layout-flow\">\n<figure class=\"wp-block-image size-full\"><img alt=\"\" loading=\"lazy\" decoding=\"async\" width=\"800\" height=\"800\" src=\"https:\/\/www.usborkeychain.com\/wp-content\/uploads\/AluPorta-usb-flash-Drive.jpg\" class=\"wp-image-4259\" srcset=\"https:\/\/www.usborkeychain.com\/wp-content\/uploads\/AluPorta-usb-flash-Drive.jpg 800w, https:\/\/www.usborkeychain.com\/wp-content\/uploads\/AluPorta-usb-flash-Drive-300x300.jpg 300w, https:\/\/www.usborkeychain.com\/wp-content\/uploads\/AluPorta-usb-flash-Drive-150x150.jpg 150w, https:\/\/www.usborkeychain.com\/wp-content\/uploads\/AluPorta-usb-flash-Drive-768x768.jpg 768w, https:\/\/www.usborkeychain.com\/wp-content\/uploads\/AluPorta-usb-flash-Drive-12x12.jpg 12w, https:\/\/www.usborkeychain.com\/wp-content\/uploads\/AluPorta-usb-flash-Drive-600x600.jpg 600w, https:\/\/www.usborkeychain.com\/wp-content\/uploads\/AluPorta-usb-flash-Drive-100x100.jpg 100w\" sizes=\"(max-width: 800px) 100vw, 800px\" \/><\/figure>\n<\/div>\n<\/div>\n\n\n\n<h2 class=\"wp-block-heading\">Resist\u00eancia a arranh\u00f5es<\/h2>\n\n\n\n<p>O pr\u00f3prio material met\u00e1lico tem uma certa dureza e a superf\u00edcie \u00e9 finamente tratada. Quando combinado com um chaveiro comum, n\u00e3o \u00e9 f\u00e1cil de ser arranhado pelas chaves, a menos que seja deliberadamente arranhado com objetos duros e afiados. Ele pode manter uma apar\u00eancia limpa e bonita por um longo tempo, mantendo os padr\u00f5es e logotipos personalizados claros e atraentes.<\/p>\n\n\n\n<h2 class=\"wp-block-heading\">Empresas adequadas<\/h2>\n\n\n\n<div class=\"wp-block-columns is-layout-flex wp-container-core-columns-is-layout-28f84493 wp-block-columns-is-layout-flex\">\n<div class=\"wp-block-column is-layout-flow wp-block-column-is-layout-flow\">\n<p>Isso <strong>Mini drive USB em liga de alum\u00ednio<\/strong> \u00e9 adequado para qualquer empresa, como bancos, etc.<\/p>\n\n\n\n<h3 class=\"wp-block-heading\">1. Empresas de tecnologia da Internet<\/h3>\n\n\n\n<p>Ele pode ser usado para armazenar materiais de produtos e documentos publicit\u00e1rios. Unidades USB personalizadas impressas com o logotipo da empresa podem ser usadas como lembran\u00e7as de reuni\u00f5es ou brindes para clientes, transmitindo uma sensa\u00e7\u00e3o de tecnologia e profissionalismo.<\/p>\n\n\n\n<h3 class=\"wp-block-heading\">2. Empresas de jogos<\/h3>\n\n\n\n<p>Elementos populares de jogos (como personagens e logotipos de jogos) podem ser personalizados na unidade USB como presentes perif\u00e9ricos de jogos para os jogadores, o que pode promover o jogo e \u00e9 pr\u00e1tico e atencioso.<\/p>\n\n\n\n<h3 class=\"wp-block-heading\">3.Empresas de Catering<\/h3>\n\n\n\n<p>Unidades USB personalizadas com logotipos e slogans da marca podem ser distribu\u00eddas com benef\u00edcios de associa\u00e7\u00e3o e atividades promocionais para aumentar a exposi\u00e7\u00e3o da marca. Eles tamb\u00e9m podem armazenar card\u00e1pios eletr\u00f4nicos e informa\u00e7\u00f5es preferenciais para os clientes visualizarem.<\/p>\n\n\n\n<h3 class=\"wp-block-heading\">4. institui\u00e7\u00f5es de ensino e treinamento<\/h3>\n\n\n\n<p>Ele pode armazenar materiais de curso e material did\u00e1tico. As unidades USB personalizadas podem ser usadas como brindes de formatura para estudantes ou brindes de matr\u00edcula, o que \u00e9 pr\u00e1tico e pode fortalecer a imagem da marca.<\/p>\n<\/div>\n\n\n\n<div class=\"wp-block-column is-layout-flow wp-block-column-is-layout-flow\">\n<figure class=\"wp-block-image size-full\"><img alt=\"\" loading=\"lazy\" decoding=\"async\" width=\"800\" height=\"800\" src=\"https:\/\/www.usborkeychain.com\/wp-content\/uploads\/MetalKey-U-Disk.jpg\" class=\"wp-image-4260\" srcset=\"https:\/\/www.usborkeychain.com\/wp-content\/uploads\/MetalKey-U-Disk.jpg 800w, https:\/\/www.usborkeychain.com\/wp-content\/uploads\/MetalKey-U-Disk-300x300.jpg 300w, https:\/\/www.usborkeychain.com\/wp-content\/uploads\/MetalKey-U-Disk-150x150.jpg 150w, https:\/\/www.usborkeychain.com\/wp-content\/uploads\/MetalKey-U-Disk-768x768.jpg 768w, https:\/\/www.usborkeychain.com\/wp-content\/uploads\/MetalKey-U-Disk-12x12.jpg 12w, https:\/\/www.usborkeychain.com\/wp-content\/uploads\/MetalKey-U-Disk-600x600.jpg 600w, https:\/\/www.usborkeychain.com\/wp-content\/uploads\/MetalKey-U-Disk-100x100.jpg 100w\" sizes=\"(max-width: 800px) 100vw, 800px\" \/><\/figure>\n\n\n\n<figure class=\"wp-block-image aligncenter size-large\"><img alt=\"\" loading=\"lazy\" decoding=\"async\" width=\"1024\" height=\"683\" src=\"https:\/\/www.usborkeychain.com\/wp-content\/uploads\/Aluminum-mini-usb-drive-1024x683.png\" class=\"wp-image-4257\" srcset=\"https:\/\/www.usborkeychain.com\/wp-content\/uploads\/Aluminum-mini-usb-drive-1024x683.png 1024w, https:\/\/www.usborkeychain.com\/wp-content\/uploads\/Aluminum-mini-usb-drive-300x200.png 300w, https:\/\/www.usborkeychain.com\/wp-content\/uploads\/Aluminum-mini-usb-drive-768x512.png 768w, https:\/\/www.usborkeychain.com\/wp-content\/uploads\/Aluminum-mini-usb-drive-18x12.png 18w, https:\/\/www.usborkeychain.com\/wp-content\/uploads\/Aluminum-mini-usb-drive-600x400.png 600w, https:\/\/www.usborkeychain.com\/wp-content\/uploads\/Aluminum-mini-usb-drive.png 1297w\" sizes=\"(max-width: 1024px) 100vw, 1024px\" \/><\/figure>\n<\/div>\n<\/div>\n\n\n\n<div class=\"wp-block-columns is-layout-flex wp-container-core-columns-is-layout-28f84493 wp-block-columns-is-layout-flex\">\n<div class=\"wp-block-column is-layout-flow wp-block-column-is-layout-flow\">\n<figure class=\"wp-block-image size-full\"><img alt=\"\" loading=\"lazy\" decoding=\"async\" width=\"800\" height=\"800\" src=\"https:\/\/www.usborkeychain.com\/wp-content\/uploads\/TinyAlu-usb-flash-Drive.jpg\" class=\"wp-image-4264\" srcset=\"https:\/\/www.usborkeychain.com\/wp-content\/uploads\/TinyAlu-usb-flash-Drive.jpg 800w, https:\/\/www.usborkeychain.com\/wp-content\/uploads\/TinyAlu-usb-flash-Drive-300x300.jpg 300w, https:\/\/www.usborkeychain.com\/wp-content\/uploads\/TinyAlu-usb-flash-Drive-150x150.jpg 150w, https:\/\/www.usborkeychain.com\/wp-content\/uploads\/TinyAlu-usb-flash-Drive-768x768.jpg 768w, https:\/\/www.usborkeychain.com\/wp-content\/uploads\/TinyAlu-usb-flash-Drive-12x12.jpg 12w, https:\/\/www.usborkeychain.com\/wp-content\/uploads\/TinyAlu-usb-flash-Drive-600x600.jpg 600w, https:\/\/www.usborkeychain.com\/wp-content\/uploads\/TinyAlu-usb-flash-Drive-100x100.jpg 100w\" sizes=\"(max-width: 800px) 100vw, 800px\" \/><\/figure>\n<\/div>\n\n\n\n<div class=\"wp-block-column is-layout-flow wp-block-column-is-layout-flow\">\n<p>Escolhendo um <strong>unidade USB profissional<\/strong> A escolha de um fabricante para personalizar minidiscos USB de metal pode n\u00e3o apenas controlar com precis\u00e3o detalhes como material, capacidade e apar\u00eancia de acordo com as necessidades, fazendo com que o produto se ajuste \u00e0 imagem da marca corporativa, mas tamb\u00e9m garantir a qualidade do produto e o efeito da personaliza\u00e7\u00e3o com tecnologia madura, resultando em melhor desempenho, desde a durabilidade at\u00e9 a apresenta\u00e7\u00e3o do padr\u00e3o. Ao escolher um fabricante de unidades USB regular (como os certificados pela ISO9001\/BSCI), voc\u00ea pode aproveitar os seguintes benef\u00edcios:<\/p>\n\n\n\n<ul class=\"wp-block-list\">\n<li><strong>Seguran\u00e7a de direitos autorais<\/strong>: Forne\u00e7a um modelo de \"Carta de autoriza\u00e7\u00e3o de marca\" para evitar riscos de propriedade intelectual.<\/li>\n\n\n\n<li><strong>Pr\u00e9-carregamento de dados<\/strong>: Carregamento gratuito de manuais de produtos\/v\u00eddeos promocionais na unidade USB.<\/li>\n\n\n\n<li><strong>Garantia de controle de qualidade<\/strong>: Inspe\u00e7\u00e3o de amostragem de processo completo (taxa de blocos ruins &lt; 0,3%).<\/li>\n\n\n\n<li><strong>Pedido m\u00ednimo flex\u00edvel<\/strong>: 100 pe\u00e7as para o pedido m\u00ednimo (cores e capacidades mistas), com a entrega mais r\u00e1pida em 10 dias.<\/li>\n<\/ul>\n<\/div>\n<\/div>","protected":false},"excerpt":{"rendered":"<ul>\n<li>Liga de alum\u00ednio<\/li>\n<li>Mini USB<\/li>\n<li>Material met\u00e1lico<\/li>\n<li>Chaveiro<\/li>\n<li>MOQ:100PCS<\/li>\n<\/ul>","protected":false},"featured_media":4256,"comment_status":"open","ping_status":"closed","template":"","meta":{"_seopress_robots_primary_cat":"none","_seopress_titles_title":"Aluminum Alloy Mini USB flash drive;metal USB flash drive","_seopress_titles_desc":"","_seopress_robots_index":"","site-sidebar-layout":"default","site-content-layout":"","ast-site-content-layout":"","site-content-style":"default","site-sidebar-style":"default","ast-global-header-display":"","ast-banner-title-visibility":"","ast-main-header-display":"","ast-hfb-above-header-display":"","ast-hfb-below-header-display":"","ast-hfb-mobile-header-display":"","site-post-title":"","ast-breadcrumbs-content":"","ast-featured-img":"","footer-sml-layout":"","theme-transparent-header-meta":"","adv-header-id-meta":"","stick-header-meta":"","header-above-stick-meta":"","header-main-stick-meta":"","header-below-stick-meta":"","astra-migrate-meta-layouts":"default","ast-page-background-enabled":"default","ast-page-background-meta":{"desktop":{"background-color":"var(--ast-global-color-5)","background-image":"","background-repeat":"repeat","background-position":"center center","background-size":"auto","background-attachment":"scroll","background-type":"","background-media":"","overlay-type":"","overlay-color":"","overlay-opacity":"","overlay-gradient":""},"tablet":{"background-color":"","background-image":"","background-repeat":"repeat","background-position":"center center","background-size":"auto","background-attachment":"scroll","background-type":"","background-media":"","overlay-type":"","overlay-color":"","overlay-opacity":"","overlay-gradient":""},"mobile":{"background-color":"","background-image":"","background-repeat":"repeat","background-position":"center center","background-size":"auto","background-attachment":"scroll","background-type":"","background-media":"","overlay-type":"","overlay-color":"","overlay-opacity":"","overlay-gradient":""}},"ast-content-background-meta":{"desktop":{"background-color":"var(--ast-global-color-4)","background-image":"","background-repeat":"repeat","background-position":"center center","background-size":"auto","background-attachment":"scroll","background-type":"","background-media":"","overlay-type":"","overlay-color":"","overlay-opacity":"","overlay-gradient":""},"tablet":{"background-color":"var(--ast-global-color-4)","background-image":"","background-repeat":"repeat","background-position":"center center","background-size":"auto","background-attachment":"scroll","background-type":"","background-media":"","overlay-type":"","overlay-color":"","overlay-opacity":"","overlay-gradient":""},"mobile":{"background-color":"var(--ast-global-color-4)","background-image":"","background-repeat":"repeat","background-position":"center center","background-size":"auto","background-attachment":"scroll","background-type":"","background-media":"","overlay-type":"","overlay-color":"","overlay-opacity":"","overlay-gradient":""}}},"product_brand":[],"product_cat":[113],"product_tag":[249,239],"class_list":{"0":"post-4252","1":"product","2":"type-product","3":"status-publish","4":"has-post-thumbnail","6":"product_cat-mini-usb-pendrive","7":"product_tag-aluminum-alloy-mini-usb-flash-drive","8":"product_tag-aluminum-alloy-usb-flash-drive","9":"desktop-align-left","10":"tablet-align-left","11":"mobile-align-left","13":"first","14":"instock","15":"shipping-taxable","16":"product-type-simple"},"_links":{"self":[{"href":"https:\/\/www.usborkeychain.com\/pt\/wp-json\/wp\/v2\/product\/4252","targetHints":{"allow":["GET"]}}],"collection":[{"href":"https:\/\/www.usborkeychain.com\/pt\/wp-json\/wp\/v2\/product"}],"about":[{"href":"https:\/\/www.usborkeychain.com\/pt\/wp-json\/wp\/v2\/types\/product"}],"replies":[{"embeddable":true,"href":"https:\/\/www.usborkeychain.com\/pt\/wp-json\/wp\/v2\/comments?post=4252"}],"wp:featuredmedia":[{"embeddable":true,"href":"https:\/\/www.usborkeychain.com\/pt\/wp-json\/wp\/v2\/media\/4256"}],"wp:attachment":[{"href":"https:\/\/www.usborkeychain.com\/pt\/wp-json\/wp\/v2\/media?parent=4252"}],"wp:term":[{"taxonomy":"product_brand","embeddable":true,"href":"https:\/\/www.usborkeychain.com\/pt\/wp-json\/wp\/v2\/product_brand?post=4252"},{"taxonomy":"product_cat","embeddable":true,"href":"https:\/\/www.usborkeychain.com\/pt\/wp-json\/wp\/v2\/product_cat?post=4252"},{"taxonomy":"product_tag","embeddable":true,"href":"https:\/\/www.usborkeychain.com\/pt\/wp-json\/wp\/v2\/product_tag?post=4252"}],"curies":[{"name":"wp","href":"https:\/\/api.w.org\/{rel}","templated":true}]}}