{"id":4294,"date":"2025-07-21T15:10:54","date_gmt":"2025-07-21T15:10:54","guid":{"rendered":"https:\/\/www.usborkeychain.com\/?post_type=product&#038;p=4294"},"modified":"2025-07-21T23:45:15","modified_gmt":"2025-07-21T23:45:15","slug":"half-moon-triangle-hole-metal-key-usb-drive","status":"publish","type":"product","link":"https:\/\/www.usborkeychain.com\/pt\/produto\/half-moon-triangle-hole-metal-key-usb-drive\/","title":{"rendered":"Chave USB de metal com furo triangular em meia-lua"},"content":{"rendered":"<div class=\"wp-block-columns is-layout-flex wp-container-core-columns-is-layout-28f84493 wp-block-columns-is-layout-flex\">\n<div class=\"wp-block-column is-layout-flow wp-block-column-is-layout-flow\">\n<figure class=\"wp-block-image size-full\"><img alt=\"\" fetchpriority=\"high\" decoding=\"async\" width=\"800\" height=\"800\" src=\"https:\/\/www.usborkeychain.com\/wp-content\/uploads\/Tri-Key-USB-drive.jpg\" class=\"wp-image-4300\" srcset=\"https:\/\/www.usborkeychain.com\/wp-content\/uploads\/Tri-Key-USB-drive.jpg 800w, https:\/\/www.usborkeychain.com\/wp-content\/uploads\/Tri-Key-USB-drive-300x300.jpg 300w, https:\/\/www.usborkeychain.com\/wp-content\/uploads\/Tri-Key-USB-drive-150x150.jpg 150w, https:\/\/www.usborkeychain.com\/wp-content\/uploads\/Tri-Key-USB-drive-768x768.jpg 768w, https:\/\/www.usborkeychain.com\/wp-content\/uploads\/Tri-Key-USB-drive-12x12.jpg 12w, https:\/\/www.usborkeychain.com\/wp-content\/uploads\/Tri-Key-USB-drive-600x600.jpg 600w, https:\/\/www.usborkeychain.com\/wp-content\/uploads\/Tri-Key-USB-drive-100x100.jpg 100w\" sizes=\"(max-width: 800px) 100vw, 800px\" \/><\/figure>\n<\/div>\n\n\n\n<div class=\"wp-block-column is-vertically-aligned-center is-layout-flow wp-block-column-is-layout-flow\">\n<p>Com seu design exclusivo e desempenho pr\u00e1tico, este <strong>Chave de metal com furo triangular em meia-lua Unidade USB<\/strong> tornou-se o foco da aten\u00e7\u00e3o de muitas pessoas.<\/p>\n\n\n\n<p> O inv\u00f3lucro da unidade USB com chave de metal com orif\u00edcio triangular em meia-lua \u00e9 feito principalmente pelo processo de moldagem integrada de fundi\u00e7\u00e3o de liga de zinco de alta precis\u00e3o, com excelente textura de metal e estrutura firme e dur\u00e1vel. A superf\u00edcie \u00e9 tratada com areia de zirc\u00f4nio ou revestimento a v\u00e1cuo, com um toque delicado e suave. As bordas s\u00e3o arredondadas, sem cantos afiados, para que n\u00e3o machuque as m\u00e3os nem prenda as roupas durante o uso di\u00e1rio. Seu design \u00e9 extremamente pequeno e requintado, leve e f\u00e1cil de transportar. <\/p>\n\n\n\n<p>O buraco de fechadura triangular em meia-lua padr\u00e3o na parte superior pode se conectar perfeitamente a chaveiros, cord\u00f5es ou mochilas, permitindo que dados importantes o acompanhem de perto como uma chave. O material met\u00e1lico lhe confere um peso mais s\u00f3lido e uma apresenta\u00e7\u00e3o visual mais sofisticada do que as unidades USB de pl\u00e1stico. N\u00e3o se trata apenas de uma ferramenta pr\u00e1tica, mas tamb\u00e9m de um acess\u00f3rio de bom gosto.<\/p>\n<\/div>\n<\/div>\n\n\n\n<h2 class=\"wp-block-heading\">Par\u00e2metros da unidade USB<\/h2>\n\n\n\n<figure class=\"wp-block-table\"><table class=\"has-fixed-layout\"><thead><tr><th>Categoria de par\u00e2metro<\/th><th>Conte\u00fado espec\u00edfico<\/th><\/tr><\/thead><tbody><tr><td>Tipo de interface<\/td><td>USB 2.0, USB 3.0\/3.1<\/td><\/tr><tr><td>Capacidade de armazenamento<\/td><td>4 GB, 8 GB, 16 GB, 32 GB, 64 GB, 128 GB<\/td><\/tr><tr><td>Tamanho do produto (comprimento * largura * espessura)<\/td><td>30 mm x 15 mm x 5 mm<\/td><\/tr><tr><td>Peso<\/td><td>Aproximadamente 10 - 20g<\/td><\/tr><\/tbody><\/table><\/figure>\n\n\n\n<h2 class=\"wp-block-heading\">Ele oferece suporte \u00e0 personaliza\u00e7\u00e3o?<\/h2>\n\n\n\n<div class=\"wp-block-columns is-layout-flex wp-container-core-columns-is-layout-28f84493 wp-block-columns-is-layout-flex\">\n<div class=\"wp-block-column is-vertically-aligned-center is-layout-flow wp-block-column-is-layout-flow\">\n<p>Essa unidade USB \u00e9 compat\u00edvel com a personaliza\u00e7\u00e3o. Os conte\u00fados personaliz\u00e1veis s\u00e3o os seguintes:<\/p>\n\n\n\n<ul class=\"wp-block-list\">\n<li>Personaliza\u00e7\u00e3o do logotipo: Seja um logotipo corporativo ou um logotipo pessoal exclusivo, ele pode ser impresso na superf\u00edcie da unidade USB por meio de grava\u00e7\u00e3o a laser, serigrafia, impress\u00e3o colorida e outros m\u00e9todos. Por exemplo, quando as empresas fazem presentes, gravar o logotipo da empresa nele \u00e9 pr\u00e1tico e \u00fatil para a promo\u00e7\u00e3o da marca.<\/li>\n\n\n\n<li>Personaliza\u00e7\u00e3o de padr\u00f5es: Personagens de anime favoritos, imagens de paisagens, desenhos criativos, etc., podem ser personalizados na unidade USB, desde que atendam aos requisitos de produ\u00e7\u00e3o, tornando a unidade USB uma \"obra de arte\" exclusiva.<\/li>\n<\/ul>\n<\/div>\n\n\n\n<div class=\"wp-block-column is-layout-flow wp-block-column-is-layout-flow\">\n<figure class=\"wp-block-image size-full\"><img alt=\"\" decoding=\"async\" width=\"800\" height=\"800\" src=\"https:\/\/www.usborkeychain.com\/wp-content\/uploads\/KeyPort-USB-Drive.jpg\" class=\"wp-image-4298\" srcset=\"https:\/\/www.usborkeychain.com\/wp-content\/uploads\/KeyPort-USB-Drive.jpg 800w, https:\/\/www.usborkeychain.com\/wp-content\/uploads\/KeyPort-USB-Drive-300x300.jpg 300w, https:\/\/www.usborkeychain.com\/wp-content\/uploads\/KeyPort-USB-Drive-150x150.jpg 150w, https:\/\/www.usborkeychain.com\/wp-content\/uploads\/KeyPort-USB-Drive-768x768.jpg 768w, https:\/\/www.usborkeychain.com\/wp-content\/uploads\/KeyPort-USB-Drive-12x12.jpg 12w, https:\/\/www.usborkeychain.com\/wp-content\/uploads\/KeyPort-USB-Drive-600x600.jpg 600w, https:\/\/www.usborkeychain.com\/wp-content\/uploads\/KeyPort-USB-Drive-100x100.jpg 100w\" sizes=\"(max-width: 800px) 100vw, 800px\" \/><\/figure>\n<\/div>\n<\/div>\n\n\n\n<h2 class=\"wp-block-heading\">E quanto \u00e0 clareza dos padr\u00f5es personalizados?<\/h2>\n\n\n\n<div class=\"wp-block-columns is-layout-flex wp-container-core-columns-is-layout-28f84493 wp-block-columns-is-layout-flex\">\n<div class=\"wp-block-column is-layout-flow wp-block-column-is-layout-flow\">\n<figure class=\"wp-block-image size-full\"><img alt=\"\" decoding=\"async\" width=\"800\" height=\"800\" src=\"https:\/\/www.usborkeychain.com\/wp-content\/uploads\/MetaTri-USB-drive.jpg\" class=\"wp-image-4299\" srcset=\"https:\/\/www.usborkeychain.com\/wp-content\/uploads\/MetaTri-USB-drive.jpg 800w, https:\/\/www.usborkeychain.com\/wp-content\/uploads\/MetaTri-USB-drive-300x300.jpg 300w, https:\/\/www.usborkeychain.com\/wp-content\/uploads\/MetaTri-USB-drive-150x150.jpg 150w, https:\/\/www.usborkeychain.com\/wp-content\/uploads\/MetaTri-USB-drive-768x768.jpg 768w, https:\/\/www.usborkeychain.com\/wp-content\/uploads\/MetaTri-USB-drive-12x12.jpg 12w, https:\/\/www.usborkeychain.com\/wp-content\/uploads\/MetaTri-USB-drive-600x600.jpg 600w, https:\/\/www.usborkeychain.com\/wp-content\/uploads\/MetaTri-USB-drive-100x100.jpg 100w\" sizes=\"(max-width: 800px) 100vw, 800px\" \/><\/figure>\n<\/div>\n\n\n\n<div class=\"wp-block-column is-vertically-aligned-center is-layout-flow wp-block-column-is-layout-flow\">\n<p>O inv\u00f3lucro da unidade USB tem um arco triangular em forma de meia-lua. Ao imprimir ou gravar padr\u00f5es na superf\u00edcie do arco, as partes da borda podem apresentar uma leve deforma\u00e7\u00e3o e emba\u00e7amento. <\/p>\n\n\n\n<p>Entretanto, com a tecnologia madura atual, como a grava\u00e7\u00e3o a laser de alta precis\u00e3o e a impress\u00e3o colorida UV (processos resistentes ao desgaste, como a tinta UV alem\u00e3), o impacto pode ser minimizado. <\/p>\n\n\n\n<p>Desde que o esbo\u00e7o do design seja claro e o fabricante da personaliza\u00e7\u00e3o tenha boa habilidade, o padr\u00e3o pode ser basicamente claro e bonito, mostrando um bom efeito.<\/p>\n<\/div>\n<\/div>\n\n\n\n<h2 class=\"wp-block-heading\">O design afetar\u00e1 a velocidade de leitura e escrita?<\/h2>\n\n\n\n<p>Embora o formato da chave seja exclusivo, a interface USB fica completamente exposta, sem nenhum bloqueio, e pode ser inserida diretamente no computador. Seu chipset interno e sua interface s\u00e3o os mesmos das unidades USB convencionais, e o desempenho da transmiss\u00e3o de dados depende inteiramente do esquema de chip adotado e do limite de velocidade padr\u00e3o da pr\u00f3pria interface USB 2.0. O inv\u00f3lucro de metal e o design do buraco da fechadura n\u00e3o t\u00eam impacto negativo sobre a dissipa\u00e7\u00e3o de calor e os sinais, portanto, os usu\u00e1rios n\u00e3o precisam se preocupar com o fato de a velocidade ser afetada pelo formato.<\/p>\n\n\n\n<h2 class=\"wp-block-heading\">Adequado para quais empresas como brindes?<\/h2>\n\n\n\n<div class=\"wp-block-columns is-layout-flex wp-container-core-columns-is-layout-28f84493 wp-block-columns-is-layout-flex\">\n<div class=\"wp-block-column is-layout-flow wp-block-column-is-layout-flow\">\n<figure class=\"wp-block-image size-full\"><img alt=\"\" loading=\"lazy\" decoding=\"async\" width=\"800\" height=\"800\" src=\"https:\/\/www.usborkeychain.com\/wp-content\/uploads\/HoleArc-USB-drive.jpg\" class=\"wp-image-4297\" srcset=\"https:\/\/www.usborkeychain.com\/wp-content\/uploads\/HoleArc-USB-drive.jpg 800w, https:\/\/www.usborkeychain.com\/wp-content\/uploads\/HoleArc-USB-drive-300x300.jpg 300w, https:\/\/www.usborkeychain.com\/wp-content\/uploads\/HoleArc-USB-drive-150x150.jpg 150w, https:\/\/www.usborkeychain.com\/wp-content\/uploads\/HoleArc-USB-drive-768x768.jpg 768w, https:\/\/www.usborkeychain.com\/wp-content\/uploads\/HoleArc-USB-drive-12x12.jpg 12w, https:\/\/www.usborkeychain.com\/wp-content\/uploads\/HoleArc-USB-drive-600x600.jpg 600w, https:\/\/www.usborkeychain.com\/wp-content\/uploads\/HoleArc-USB-drive-100x100.jpg 100w\" sizes=\"(max-width: 800px) 100vw, 800px\" \/><\/figure>\n<\/div>\n\n\n\n<div class=\"wp-block-column is-vertically-aligned-center is-layout-flow wp-block-column-is-layout-flow\">\n<ul class=\"wp-block-list\">\n<li>Institui\u00e7\u00f5es financeiras (bancos\/seguros\/valores mobili\u00e1rios): Transmitir a imagem profissional de \"seguran\u00e7a, confiabilidade e a chave para a riqueza\".<\/li>\n\n\n\n<li>Empresas de tecnologia e Internet: Refletem os atributos tecnol\u00f3gicos de \"conex\u00e3o, dados e ferramentas eficientes\".<\/li>\n\n\n\n<li>Marcas\/servi\u00e7os automotivos de alta qualidade: Combinar o conceito de \"chaves\" para aprofundar a associa\u00e7\u00e3o \u00e0 marca.<\/li>\n\n\n\n<li>Empresas do setor imobili\u00e1rio: Servem como presentes criativos que simbolizam a \"abertura de uma vida de qualidade\".<\/li>\n\n\n\n<li>Institui\u00e7\u00f5es de servi\u00e7os de consultoria\/educa\u00e7\u00e3o: Simbolizam \"a chave para o conhecimento\/solu\u00e7\u00f5es\".<\/li>\n\n\n\n<li>V\u00e1rias exposi\u00e7\u00f5es\/eventos de grande porte: Brindes pr\u00e1ticos com informa\u00e7\u00f5es pr\u00e9-armazenadas para exposi\u00e7\u00e3o de longo prazo.<\/li>\n\n\n\n<li>Cadeias de varejo e de servi\u00e7os de buf\u00ea: Presentes para clientes VIP\/itens de resgate de promo\u00e7\u00e3o para aumentar a fidelidade do cliente.<\/li>\n\n\n\n<li>Fornecedores de acess\u00f3rios para produtos eletr\u00f4nicos de alta qualidade: Enriquecer a linha de produtos acess\u00f3rios para atender \u00e0s necessidades de armazenamento requintado.<\/li>\n<\/ul>\n<\/div>\n<\/div>\n\n\n\n<p>O <strong>Chave de metal com furo triangular em meia-lua Unidade USB<\/strong> tem as vantagens da robustez, da portabilidade e da boa dissipa\u00e7\u00e3o de calor devido ao seu material met\u00e1lico. Seus par\u00e2metros avan\u00e7ados podem atender a diferentes necessidades de armazenamento, al\u00e9m de permitir a personaliza\u00e7\u00e3o para criar logotipos exclusivos. Seja para armazenamento pessoal di\u00e1rio ou como brinde personalizado ou item promocional para empresas, ele tem um desempenho excelente, criando uma ponte pr\u00e1tica e interessante entre o armazenamento digital e a comunica\u00e7\u00e3o da marca, e vale a pena experiment\u00e1-lo.<\/p>","protected":false},"excerpt":{"rendered":"<ul>\n<li><strong>meia-lua <\/strong><\/li>\n<li><strong>furo triangular<\/strong><\/li>\n<li><strong>\u00a0metal<\/strong><\/li>\n<li>liga de zinco de alta precis\u00e3o<\/li>\n<li>MOQ: 100 PE\u00c7AS<\/li>\n<\/ul>","protected":false},"featured_media":4300,"comment_status":"open","ping_status":"closed","template":"","meta":{"_seopress_robots_primary_cat":"none","_seopress_titles_title":"","_seopress_titles_desc":"","_seopress_robots_index":"","site-sidebar-layout":"default","site-content-layout":"","ast-site-content-layout":"","site-content-style":"default","site-sidebar-style":"default","ast-global-header-display":"","ast-banner-title-visibility":"","ast-main-header-display":"","ast-hfb-above-header-display":"","ast-hfb-below-header-display":"","ast-hfb-mobile-header-display":"","site-post-title":"","ast-breadcrumbs-content":"","ast-featured-img":"","footer-sml-layout":"","theme-transparent-header-meta":"","adv-header-id-meta":"","stick-header-meta":"","header-above-stick-meta":"","header-main-stick-meta":"","header-below-stick-meta":"","astra-migrate-meta-layouts":"default","ast-page-background-enabled":"default","ast-page-background-meta":{"desktop":{"background-color":"var(--ast-global-color-5)","background-image":"","background-repeat":"repeat","background-position":"center center","background-size":"auto","background-attachment":"scroll","background-type":"","background-media":"","overlay-type":"","overlay-color":"","overlay-opacity":"","overlay-gradient":""},"tablet":{"background-color":"","background-image":"","background-repeat":"repeat","background-position":"center center","background-size":"auto","background-attachment":"scroll","background-type":"","background-media":"","overlay-type":"","overlay-color":"","overlay-opacity":"","overlay-gradient":""},"mobile":{"background-color":"","background-image":"","background-repeat":"repeat","background-position":"center center","background-size":"auto","background-attachment":"scroll","background-type":"","background-media":"","overlay-type":"","overlay-color":"","overlay-opacity":"","overlay-gradient":""}},"ast-content-background-meta":{"desktop":{"background-color":"var(--ast-global-color-4)","background-image":"","background-repeat":"repeat","background-position":"center center","background-size":"auto","background-attachment":"scroll","background-type":"","background-media":"","overlay-type":"","overlay-color":"","overlay-opacity":"","overlay-gradient":""},"tablet":{"background-color":"var(--ast-global-color-4)","background-image":"","background-repeat":"repeat","background-position":"center center","background-size":"auto","background-attachment":"scroll","background-type":"","background-media":"","overlay-type":"","overlay-color":"","overlay-opacity":"","overlay-gradient":""},"mobile":{"background-color":"var(--ast-global-color-4)","background-image":"","background-repeat":"repeat","background-position":"center center","background-size":"auto","background-attachment":"scroll","background-type":"","background-media":"","overlay-type":"","overlay-color":"","overlay-opacity":"","overlay-gradient":""}}},"product_brand":[],"product_cat":[108],"product_tag":[254,255],"class_list":{"0":"post-4294","1":"product","2":"type-product","3":"status-publish","4":"has-post-thumbnail","6":"product_cat-key-shaped-usb-pendrive","7":"product_tag-half-moon-triangle-hole-metal-key-usb-drive","8":"product_tag-metal-key-usb-drive","9":"desktop-align-left","10":"tablet-align-left","11":"mobile-align-left","13":"first","14":"instock","15":"shipping-taxable","16":"product-type-simple"},"_links":{"self":[{"href":"https:\/\/www.usborkeychain.com\/pt\/wp-json\/wp\/v2\/product\/4294","targetHints":{"allow":["GET"]}}],"collection":[{"href":"https:\/\/www.usborkeychain.com\/pt\/wp-json\/wp\/v2\/product"}],"about":[{"href":"https:\/\/www.usborkeychain.com\/pt\/wp-json\/wp\/v2\/types\/product"}],"replies":[{"embeddable":true,"href":"https:\/\/www.usborkeychain.com\/pt\/wp-json\/wp\/v2\/comments?post=4294"}],"wp:featuredmedia":[{"embeddable":true,"href":"https:\/\/www.usborkeychain.com\/pt\/wp-json\/wp\/v2\/media\/4300"}],"wp:attachment":[{"href":"https:\/\/www.usborkeychain.com\/pt\/wp-json\/wp\/v2\/media?parent=4294"}],"wp:term":[{"taxonomy":"product_brand","embeddable":true,"href":"https:\/\/www.usborkeychain.com\/pt\/wp-json\/wp\/v2\/product_brand?post=4294"},{"taxonomy":"product_cat","embeddable":true,"href":"https:\/\/www.usborkeychain.com\/pt\/wp-json\/wp\/v2\/product_cat?post=4294"},{"taxonomy":"product_tag","embeddable":true,"href":"https:\/\/www.usborkeychain.com\/pt\/wp-json\/wp\/v2\/product_tag?post=4294"}],"curies":[{"name":"wp","href":"https:\/\/api.w.org\/{rel}","templated":true}]}}