{"id":4301,"date":"2025-07-21T15:49:11","date_gmt":"2025-07-21T15:49:11","guid":{"rendered":"https:\/\/www.usborkeychain.com\/?post_type=product&#038;p=4301"},"modified":"2025-07-21T23:45:23","modified_gmt":"2025-07-21T23:45:23","slug":"house-shaped-key-usb-drive","status":"publish","type":"product","link":"https:\/\/www.usborkeychain.com\/pt\/produto\/house-shaped-key-usb-drive\/","title":{"rendered":"Chave de metal em formato de casa Unidade flash USB"},"content":{"rendered":"<div class=\"wp-block-columns is-layout-flex wp-container-core-columns-is-layout-28f84493 wp-block-columns-is-layout-flex\">\n<div class=\"wp-block-column is-layout-flow wp-block-column-is-layout-flow\">\n<figure class=\"wp-block-image size-full\"><img alt=\"\" fetchpriority=\"high\" decoding=\"async\" width=\"800\" height=\"800\" src=\"https:\/\/www.usborkeychain.com\/wp-content\/uploads\/HouseArc-USB-drive.jpg\" class=\"wp-image-4306\" srcset=\"https:\/\/www.usborkeychain.com\/wp-content\/uploads\/HouseArc-USB-drive.jpg 800w, https:\/\/www.usborkeychain.com\/wp-content\/uploads\/HouseArc-USB-drive-300x300.jpg 300w, https:\/\/www.usborkeychain.com\/wp-content\/uploads\/HouseArc-USB-drive-150x150.jpg 150w, https:\/\/www.usborkeychain.com\/wp-content\/uploads\/HouseArc-USB-drive-768x768.jpg 768w, https:\/\/www.usborkeychain.com\/wp-content\/uploads\/HouseArc-USB-drive-12x12.jpg 12w, https:\/\/www.usborkeychain.com\/wp-content\/uploads\/HouseArc-USB-drive-600x600.jpg 600w, https:\/\/www.usborkeychain.com\/wp-content\/uploads\/HouseArc-USB-drive-100x100.jpg 100w\" sizes=\"(max-width: 800px) 100vw, 800px\" \/><\/figure>\n<\/div>\n\n\n\n<div class=\"wp-block-column is-vertically-aligned-center is-layout-flow wp-block-column-is-layout-flow\">\n<p>O <strong>Unidade USB com chave em formato de casa<\/strong> \u00e9 feito de metal, geralmente a\u00e7o inoxid\u00e1vel de alta qualidade ou liga de zinco. Ele usa <strong>304 inoxid\u00e1vel<\/strong> a\u00e7o como material principal, que tem excelente dureza, resist\u00eancia \u00e0 corros\u00e3o e resist\u00eancia \u00e0 oxida\u00e7\u00e3o. <\/p>\n\n\n\n<p>N\u00e3o \u00e9 f\u00e1cil deformar ou desbotar ap\u00f3s o uso prolongado. O tratamento exclusivo de textura de desenho de arame em c\u00edrculo conc\u00eantrico CD (ou areia de zirc\u00f4nio) d\u00e1 ao produto um delicado brilho e toque met\u00e1lico, destacando sua qualidade requintada. O design ultrafino e ultraleve (consulte a tabela de par\u00e2metros para ver as dimens\u00f5es espec\u00edficas) torna o produto leve, sem sensa\u00e7\u00e3o de peso, extremamente conveniente para o transporte.<\/p>\n\n\n\n<p> Adota um design sem driver, compat\u00edvel com os principais sistemas operacionais (Windows, macOS, Linux, etc.). Ele pode ser reconhecido automaticamente quando inserido na interface do dispositivo, o que torna seu uso simples e eficiente.<\/p>\n<\/div>\n<\/div>\n\n\n\n<h2 class=\"wp-block-heading\">Par\u00e2metros da unidade USB<\/h2>\n\n\n\n<figure class=\"wp-block-table\"><table class=\"has-fixed-layout\"><thead><tr><th>Par\u00e2metro<\/th><th>Detalhes<\/th><\/tr><\/thead><tbody><tr><td>Tipo de interface<\/td><td>USB 3.0 (compat\u00edvel com o USB 2.0)<\/td><\/tr><tr><td>Capacidade de armazenamento<\/td><td>8 GB, 16 GB, 32 GB, 64 GB, 128 GB<\/td><\/tr><tr><td>Tamanho do produto (comprimento * largura * espessura)<\/td><td>Aproximadamente 30 mm \u00d7 15 mm \u00d7 5 mm<\/td><\/tr><tr><td>Peso<\/td><td>Aproximadamente 10 a 20 gramas<\/td><\/tr><\/tbody><\/table><\/figure>\n\n\n\n<h2 class=\"wp-block-heading\">O que pode ser um logotipo personalizado?<\/h2>\n\n\n\n<div class=\"wp-block-columns is-layout-flex wp-container-core-columns-is-layout-28f84493 wp-block-columns-is-layout-flex\">\n<div class=\"wp-block-column is-vertically-aligned-center is-layout-flow wp-block-column-is-layout-flow\">\n<h3 class=\"wp-block-heading\">Grava\u00e7\u00e3o a laser<\/h3>\n\n\n\n<p>Esse \u00e9 um m\u00e9todo comumente usado. Ele usa o laser para gravar logotipos ou padr\u00f5es na superf\u00edcie do metal. A vantagem \u00e9 que a grava\u00e7\u00e3o \u00e9 dur\u00e1vel e n\u00e3o desbota facilmente, o que pode criar uma marca elegante e profissional.<\/p>\n\n\n\n<h3 class=\"wp-block-heading\">Impress\u00e3o em tela de seda<\/h3>\n\n\n\n<p>\u00c9 adequado para adicionar logotipos ou padr\u00f5es coloridos. A tinta \u00e9 impressa na superf\u00edcie do metal por meio de uma tela de malha, que pode apresentar desenhos v\u00edvidos. No entanto, deve-se observar que sua durabilidade \u00e9 um pouco menor do que a da grava\u00e7\u00e3o a laser, especialmente quando ela \u00e9 esfregada com frequ\u00eancia.<\/p>\n\n\n\n<h3 class=\"wp-block-heading\">Impress\u00e3o UV<\/h3>\n\n\n\n<p>Esse processo usa luz ultravioleta para curar a tinta imediatamente ap\u00f3s a aplica\u00e7\u00e3o. Ele pode produzir efeitos de impress\u00e3o de alta qualidade e duradouros, al\u00e9m de se ajustar bem ao contorno do drive USB em formato de casa, adequado para criar designs finos e coloridos.<\/p>\n<\/div>\n\n\n\n<div class=\"wp-block-column is-layout-flow wp-block-column-is-layout-flow\">\n<figure class=\"wp-block-image size-full\"><img alt=\"\" decoding=\"async\" width=\"800\" height=\"800\" src=\"https:\/\/www.usborkeychain.com\/wp-content\/uploads\/HomeKey-USB-drive.jpg\" class=\"wp-image-4305\" srcset=\"https:\/\/www.usborkeychain.com\/wp-content\/uploads\/HomeKey-USB-drive.jpg 800w, https:\/\/www.usborkeychain.com\/wp-content\/uploads\/HomeKey-USB-drive-300x300.jpg 300w, https:\/\/www.usborkeychain.com\/wp-content\/uploads\/HomeKey-USB-drive-150x150.jpg 150w, https:\/\/www.usborkeychain.com\/wp-content\/uploads\/HomeKey-USB-drive-768x768.jpg 768w, https:\/\/www.usborkeychain.com\/wp-content\/uploads\/HomeKey-USB-drive-12x12.jpg 12w, https:\/\/www.usborkeychain.com\/wp-content\/uploads\/HomeKey-USB-drive-600x600.jpg 600w, https:\/\/www.usborkeychain.com\/wp-content\/uploads\/HomeKey-USB-drive-100x100.jpg 100w\" sizes=\"(max-width: 800px) 100vw, 800px\" \/><\/figure>\n<\/div>\n<\/div>\n\n\n\n<h2 class=\"wp-block-heading\">Quais s\u00e3o as vantagens dessa unidade USB?<\/h2>\n\n\n\n<div class=\"wp-block-columns is-layout-flex wp-container-core-columns-is-layout-28f84493 wp-block-columns-is-layout-flex\">\n<div class=\"wp-block-column is-layout-flow wp-block-column-is-layout-flow\">\n<figure class=\"wp-block-image size-full\"><img alt=\"\" decoding=\"async\" width=\"800\" height=\"800\" src=\"https:\/\/www.usborkeychain.com\/wp-content\/uploads\/HomeFlash-Mini-USB.jpg\" class=\"wp-image-4304\" srcset=\"https:\/\/www.usborkeychain.com\/wp-content\/uploads\/HomeFlash-Mini-USB.jpg 800w, https:\/\/www.usborkeychain.com\/wp-content\/uploads\/HomeFlash-Mini-USB-300x300.jpg 300w, https:\/\/www.usborkeychain.com\/wp-content\/uploads\/HomeFlash-Mini-USB-150x150.jpg 150w, https:\/\/www.usborkeychain.com\/wp-content\/uploads\/HomeFlash-Mini-USB-768x768.jpg 768w, https:\/\/www.usborkeychain.com\/wp-content\/uploads\/HomeFlash-Mini-USB-12x12.jpg 12w, https:\/\/www.usborkeychain.com\/wp-content\/uploads\/HomeFlash-Mini-USB-600x600.jpg 600w, https:\/\/www.usborkeychain.com\/wp-content\/uploads\/HomeFlash-Mini-USB-100x100.jpg 100w\" sizes=\"(max-width: 800px) 100vw, 800px\" \/><\/figure>\n<\/div>\n\n\n\n<div class=\"wp-block-column is-vertically-aligned-center is-layout-flow wp-block-column-is-layout-flow\">\n<h3 class=\"wp-block-heading\">Apelo est\u00e9tico exclusivo<\/h3>\n\n\n\n<p>O formato da casa torna sua apar\u00eancia \u00fanica e memor\u00e1vel. Ele n\u00e3o \u00e9 apenas um dispositivo de armazenamento de dados, mas tamb\u00e9m um pequeno acess\u00f3rio decorativo. Seja pendurado em um chaveiro ou usado como presente, seu design exclusivo chama a aten\u00e7\u00e3o.<\/p>\n\n\n\n<h3 class=\"wp-block-heading\">Compatibilidade forte<\/h3>\n\n\n\n<p>Ele pode ser adaptado a uma variedade de dispositivos, incluindo computadores (sistemas Windows e Mac s\u00e3o aplic\u00e1veis), laptops e algumas smart TVs que suportam dispositivos USB. Voc\u00ea pode us\u00e1-lo para reproduzir arquivos de m\u00eddia na TV ou transferir facilmente dados entre diferentes dispositivos.<\/p>\n\n\n\n<h3 class=\"wp-block-heading\">Um certo grau de seguran\u00e7a de dados<\/h3>\n\n\n\n<p>O inv\u00f3lucro de metal pode oferecer uma certa prote\u00e7\u00e3o f\u00edsica aos dados. Embora n\u00e3o possa substituir a criptografia de dados adequada, ele pode evitar a perda de dados causada por danos acidentais \u00e0 unidade USB.<\/p>\n<\/div>\n<\/div>\n\n\n\n<h2 class=\"wp-block-heading\">E quanto ao desempenho e \u00e0 durabilidade?<\/h2>\n\n\n\n<div class=\"wp-block-columns is-layout-flex wp-container-core-columns-is-layout-28f84493 wp-block-columns-is-layout-flex\">\n<div class=\"wp-block-column is-vertically-aligned-center is-layout-flow wp-block-column-is-layout-flow\">\n<h3 class=\"wp-block-heading\">Durabilidade da interface desprotegida<\/h3>\n\n\n\n<p>A interface n\u00e3o tem cobertura protetora, o que de fato a torna um pouco fr\u00e1gil. No entanto, o material met\u00e1lico ao redor da interface pode oferecer certa prote\u00e7\u00e3o. Para reduzir os danos, voc\u00ea pode fazer o seguinte:<\/p>\n\n\n\n<ul class=\"wp-block-list\">\n<li>Evite colocar a unidade USB e objetos pontiagudos no mesmo bolso ou bolsa para evitar arranh\u00f5es na interface.<\/li>\n\n\n\n<li>Quando n\u00e3o estiver em uso por um longo per\u00edodo, guarde-o em um local limpo e seco.<\/li>\n<\/ul>\n<\/div>\n\n\n\n<div class=\"wp-block-column is-layout-flow wp-block-column-is-layout-flow\">\n<figure class=\"wp-block-image size-full\"><img alt=\"\" loading=\"lazy\" decoding=\"async\" width=\"800\" height=\"800\" src=\"https:\/\/www.usborkeychain.com\/wp-content\/uploads\/Houseshaped-USB-Drive.jpg\" class=\"wp-image-4307\" srcset=\"https:\/\/www.usborkeychain.com\/wp-content\/uploads\/Houseshaped-USB-Drive.jpg 800w, https:\/\/www.usborkeychain.com\/wp-content\/uploads\/Houseshaped-USB-Drive-300x300.jpg 300w, https:\/\/www.usborkeychain.com\/wp-content\/uploads\/Houseshaped-USB-Drive-150x150.jpg 150w, https:\/\/www.usborkeychain.com\/wp-content\/uploads\/Houseshaped-USB-Drive-768x768.jpg 768w, https:\/\/www.usborkeychain.com\/wp-content\/uploads\/Houseshaped-USB-Drive-12x12.jpg 12w, https:\/\/www.usborkeychain.com\/wp-content\/uploads\/Houseshaped-USB-Drive-600x600.jpg 600w, https:\/\/www.usborkeychain.com\/wp-content\/uploads\/Houseshaped-USB-Drive-100x100.jpg 100w\" sizes=\"(max-width: 800px) 100vw, 800px\" \/><\/figure>\n<\/div>\n<\/div>\n\n\n\n<h2 class=\"wp-block-heading\">Para quais empresas ele \u00e9 adequado como brinde promocional?<\/h2>\n\n\n\n<div class=\"wp-block-columns is-layout-flex wp-container-core-columns-is-layout-28f84493 wp-block-columns-is-layout-flex\">\n<div class=\"wp-block-column is-vertically-aligned-center is-layout-flow wp-block-column-is-layout-flow\">\n<figure class=\"wp-block-image size-full\"><img alt=\"\" loading=\"lazy\" decoding=\"async\" width=\"800\" height=\"800\" src=\"https:\/\/www.usborkeychain.com\/wp-content\/uploads\/MetalHome-USB-drive.jpg\" class=\"wp-image-4308\" srcset=\"https:\/\/www.usborkeychain.com\/wp-content\/uploads\/MetalHome-USB-drive.jpg 800w, https:\/\/www.usborkeychain.com\/wp-content\/uploads\/MetalHome-USB-drive-300x300.jpg 300w, https:\/\/www.usborkeychain.com\/wp-content\/uploads\/MetalHome-USB-drive-150x150.jpg 150w, https:\/\/www.usborkeychain.com\/wp-content\/uploads\/MetalHome-USB-drive-768x768.jpg 768w, https:\/\/www.usborkeychain.com\/wp-content\/uploads\/MetalHome-USB-drive-12x12.jpg 12w, https:\/\/www.usborkeychain.com\/wp-content\/uploads\/MetalHome-USB-drive-600x600.jpg 600w, https:\/\/www.usborkeychain.com\/wp-content\/uploads\/MetalHome-USB-drive-100x100.jpg 100w\" sizes=\"(max-width: 800px) 100vw, 800px\" \/><\/figure>\n<\/div>\n\n\n\n<div class=\"wp-block-column is-layout-flow wp-block-column-is-layout-flow\">\n<h3 class=\"wp-block-heading\">Empresas do setor imobili\u00e1rio<\/h3>\n\n\n\n<p>O formato de casa \u00e9 muito adequado para empresas do setor imobili\u00e1rio. Voc\u00ea pode personalizar o logotipo da empresa e us\u00e1-lo como brinde promocional para compradores de novas casas ou distribu\u00ed-lo em exposi\u00e7\u00f5es imobili\u00e1rias. Ela simboliza o \"lar\" e pode deixar uma profunda impress\u00e3o nos clientes.<\/p>\n\n\n\n<h3 class=\"wp-block-heading\">Empresas de design de interiores<\/h3>\n\n\n\n<p>Essas empresas podem usar a unidade USB em formato de casa para armazenar seu portf\u00f3lio (esquemas de design, fotos de antes e depois, etc.) e oferec\u00ea-lo aos clientes. O formato exclusivo \u00e9 consistente com seu neg\u00f3cio de criar belas casas e espa\u00e7os internos.<\/p>\n\n\n\n<h3 class=\"wp-block-heading\">Marcas de eletrodom\u00e9sticos<\/h3>\n\n\n\n<p>Ao promover novos eletrodom\u00e9sticos, dar essas unidades USB de presente \u00e9 um excelente m\u00e9todo de marketing. O formato da casa est\u00e1 associado ao conceito de \"lar\", e os eletrodom\u00e9sticos s\u00e3o usados em \"casa\".<\/p>\n<\/div>\n<\/div>\n\n\n\n<p>O <strong>em forma de casa em a\u00e7o inoxid\u00e1vel 304<\/strong> <strong>Unidade USB com chave de a\u00e7o<\/strong> se destaca no mercado altamente competitivo de brindes comerciais com sua implica\u00e7\u00e3o exclusiva (dom\u00e9stica), ultrafino e leve (apenas 3 mm de espessura), transmiss\u00e3o r\u00e1pida via USB 3.0 e design de interface dur\u00e1vel e n\u00e3o coberto. Ele n\u00e3o \u00e9 apenas uma ferramenta de armazenamento de dados confi\u00e1vel e eficiente (com velocidades de leitura e grava\u00e7\u00e3o de 80-120 MB\/s para leitura e 20-50 MB\/s para grava\u00e7\u00e3o), mas tamb\u00e9m um excelente brinde promocional e de imagem feito sob medida para setores relacionados a \"casa\", como im\u00f3veis, m\u00f3veis dom\u00e9sticos e finan\u00e7as, devido \u00e0 sua profunda conex\u00e3o emocional (simbolizada pela casa) e \u00e0 requintada textura de metal.<\/p>","protected":false},"excerpt":{"rendered":"<ul>\n<li>304 inoxid\u00e1vel<\/li>\n<li>Forma da chave da casa<\/li>\n<li>Material met\u00e1lico<\/li>\n<li>MOQ: 100 PE\u00c7AS<\/li>\n<li>Logotipo personalizado<\/li>\n<\/ul>","protected":false},"featured_media":4304,"comment_status":"open","ping_status":"closed","template":"","meta":{"_seopress_robots_primary_cat":"none","_seopress_titles_title":"","_seopress_titles_desc":"","_seopress_robots_index":"","site-sidebar-layout":"default","site-content-layout":"","ast-site-content-layout":"","site-content-style":"default","site-sidebar-style":"default","ast-global-header-display":"","ast-banner-title-visibility":"","ast-main-header-display":"","ast-hfb-above-header-display":"","ast-hfb-below-header-display":"","ast-hfb-mobile-header-display":"","site-post-title":"","ast-breadcrumbs-content":"","ast-featured-img":"","footer-sml-layout":"","theme-transparent-header-meta":"","adv-header-id-meta":"","stick-header-meta":"","header-above-stick-meta":"","header-main-stick-meta":"","header-below-stick-meta":"","astra-migrate-meta-layouts":"default","ast-page-background-enabled":"default","ast-page-background-meta":{"desktop":{"background-color":"var(--ast-global-color-5)","background-image":"","background-repeat":"repeat","background-position":"center center","background-size":"auto","background-attachment":"scroll","background-type":"","background-media":"","overlay-type":"","overlay-color":"","overlay-opacity":"","overlay-gradient":""},"tablet":{"background-color":"","background-image":"","background-repeat":"repeat","background-position":"center center","background-size":"auto","background-attachment":"scroll","background-type":"","background-media":"","overlay-type":"","overlay-color":"","overlay-opacity":"","overlay-gradient":""},"mobile":{"background-color":"","background-image":"","background-repeat":"repeat","background-position":"center center","background-size":"auto","background-attachment":"scroll","background-type":"","background-media":"","overlay-type":"","overlay-color":"","overlay-opacity":"","overlay-gradient":""}},"ast-content-background-meta":{"desktop":{"background-color":"var(--ast-global-color-4)","background-image":"","background-repeat":"repeat","background-position":"center center","background-size":"auto","background-attachment":"scroll","background-type":"","background-media":"","overlay-type":"","overlay-color":"","overlay-opacity":"","overlay-gradient":""},"tablet":{"background-color":"var(--ast-global-color-4)","background-image":"","background-repeat":"repeat","background-position":"center center","background-size":"auto","background-attachment":"scroll","background-type":"","background-media":"","overlay-type":"","overlay-color":"","overlay-opacity":"","overlay-gradient":""},"mobile":{"background-color":"var(--ast-global-color-4)","background-image":"","background-repeat":"repeat","background-position":"center center","background-size":"auto","background-attachment":"scroll","background-type":"","background-media":"","overlay-type":"","overlay-color":"","overlay-opacity":"","overlay-gradient":""}}},"product_brand":[],"product_cat":[108],"product_tag":[256,255],"class_list":{"0":"post-4301","1":"product","2":"type-product","3":"status-publish","4":"has-post-thumbnail","6":"product_cat-key-shaped-usb-pendrive","7":"product_tag-house-shaped-key-usb-drive","8":"product_tag-metal-key-usb-drive","9":"desktop-align-left","10":"tablet-align-left","11":"mobile-align-left","13":"first","14":"instock","15":"shipping-taxable","16":"product-type-simple"},"_links":{"self":[{"href":"https:\/\/www.usborkeychain.com\/pt\/wp-json\/wp\/v2\/product\/4301","targetHints":{"allow":["GET"]}}],"collection":[{"href":"https:\/\/www.usborkeychain.com\/pt\/wp-json\/wp\/v2\/product"}],"about":[{"href":"https:\/\/www.usborkeychain.com\/pt\/wp-json\/wp\/v2\/types\/product"}],"replies":[{"embeddable":true,"href":"https:\/\/www.usborkeychain.com\/pt\/wp-json\/wp\/v2\/comments?post=4301"}],"wp:featuredmedia":[{"embeddable":true,"href":"https:\/\/www.usborkeychain.com\/pt\/wp-json\/wp\/v2\/media\/4304"}],"wp:attachment":[{"href":"https:\/\/www.usborkeychain.com\/pt\/wp-json\/wp\/v2\/media?parent=4301"}],"wp:term":[{"taxonomy":"product_brand","embeddable":true,"href":"https:\/\/www.usborkeychain.com\/pt\/wp-json\/wp\/v2\/product_brand?post=4301"},{"taxonomy":"product_cat","embeddable":true,"href":"https:\/\/www.usborkeychain.com\/pt\/wp-json\/wp\/v2\/product_cat?post=4301"},{"taxonomy":"product_tag","embeddable":true,"href":"https:\/\/www.usborkeychain.com\/pt\/wp-json\/wp\/v2\/product_tag?post=4301"}],"curies":[{"name":"wp","href":"https:\/\/api.w.org\/{rel}","templated":true}]}}