{"id":4313,"date":"2025-07-22T00:05:01","date_gmt":"2025-07-22T00:05:01","guid":{"rendered":"https:\/\/www.usborkeychain.com\/?post_type=product&#038;p=4313"},"modified":"2025-07-23T23:50:43","modified_gmt":"2025-07-23T23:50:43","slug":"green-truck-shaped-usb-flash-drive","status":"publish","type":"product","link":"https:\/\/www.usborkeychain.com\/pt\/produto\/green-truck-shaped-usb-flash-drive\/","title":{"rendered":"Unidade flash USB em formato de caminh\u00e3o verde"},"content":{"rendered":"<p><\/p>\n\n\n\n<div class=\"wp-block-columns is-layout-flex wp-container-core-columns-is-layout-28f84493 wp-block-columns-is-layout-flex\">\n<div class=\"wp-block-column is-layout-flow wp-block-column-is-layout-flow\">\n<figure class=\"wp-block-image size-full\"><img fetchpriority=\"high\" decoding=\"async\" width=\"800\" height=\"800\" src=\"https:\/\/www.usborkeychain.com\/wp-content\/uploads\/Cargo-truck-USB-stick.jpg\" alt=\"Cargo truck USB stick\" class=\"wp-image-4316\" srcset=\"https:\/\/www.usborkeychain.com\/wp-content\/uploads\/Cargo-truck-USB-stick.jpg 800w, https:\/\/www.usborkeychain.com\/wp-content\/uploads\/Cargo-truck-USB-stick-300x300.jpg 300w, https:\/\/www.usborkeychain.com\/wp-content\/uploads\/Cargo-truck-USB-stick-150x150.jpg 150w, https:\/\/www.usborkeychain.com\/wp-content\/uploads\/Cargo-truck-USB-stick-768x768.jpg 768w, https:\/\/www.usborkeychain.com\/wp-content\/uploads\/Cargo-truck-USB-stick-12x12.jpg 12w, https:\/\/www.usborkeychain.com\/wp-content\/uploads\/Cargo-truck-USB-stick-600x600.jpg 600w, https:\/\/www.usborkeychain.com\/wp-content\/uploads\/Cargo-truck-USB-stick-100x100.jpg 100w\" sizes=\"(max-width: 800px) 100vw, 800px\" \/><\/figure>\n<\/div>\n\n\n\n<div class=\"wp-block-column is-vertically-aligned-center is-layout-flow wp-block-column-is-layout-flow\">\n<p>O pen drive verde em formato de caminh\u00e3o, com seu design exclusivo de \"ser personalizado de acordo com o formato de caminh\u00f5es reais e reduzido em igual propor\u00e7\u00e3o\", tornou-se uma escolha popular para os fabricantes criarem brindes diferenciados para as empresas. <\/p>\n\n\n\n<p>Essa unidade USB reproduz com precis\u00e3o o formato dos ve\u00edculos de carga, seguindo rigorosamente as propor\u00e7\u00f5es e os recursos dos caminh\u00f5es reais, desde o contorno da cabe\u00e7a do caminh\u00e3o at\u00e9 os detalhes do cont\u00eainer.<\/p>\n\n\n\n<p> Ele oferece um suporte altamente reconhecido pelo setor para personaliza\u00e7\u00e3o da marca, o que o torna uma excelente op\u00e7\u00e3o para empresas de log\u00edstica, frete e outros campos desenvolverem perif\u00e9ricos de marca.<\/p>\n<\/div>\n<\/div>\n\n\n\n<h2 class=\"wp-block-heading\">Modelagem tridimensional 3D e material<\/h2>\n\n\n\n<p>Os fabricantes adotam o design tridimensional 3D e usam material de PVC dur\u00e1vel para criar esse pen drive verde em forma de caminh\u00e3o. A cor verde brilhante n\u00e3o apenas se encaixa nos s\u00edmbolos visuais de marcas de frete como \"Changrong\", mas tamb\u00e9m se destaca entre os pen drives comuns, obtendo um efeito de exibi\u00e7\u00e3o que \"chama a aten\u00e7\u00e3o em um piscar de olhos\". Desde as linhas das janelas da cabe\u00e7a do caminh\u00e3o at\u00e9 a textura ondulada do cont\u00eainer, a tecnologia 3D torna cada parte do formato distinta.<\/p>\n\n\n\n<p><\/p>\n\n\n\n<h2 class=\"wp-block-heading\">Tabela de par\u00e2metros da unidade USB<\/h2>\n\n\n\n<figure class=\"wp-block-table\"><table class=\"has-fixed-layout\"><thead><tr><th>Item de par\u00e2metro<\/th><th>Detalhes<\/th><\/tr><\/thead><tbody><tr><td>Tipo de interface<\/td><td>USB 2.0 (compat\u00edvel com dispositivos USB 1.1)<\/td><\/tr><tr><td>Capacidade opcional<\/td><td>8 GB, 16 GB, 32 GB, 64 GB, 128 GB<\/td><\/tr><tr><td>Dimens\u00f5es<\/td><td>85 mm \u00d7 25 mm \u00d7 22 mm<\/td><\/tr><tr><td>Peso<\/td><td>Aproximadamente 28g<\/td><\/tr><tr><td>Velocidade de leitura\/grava\u00e7\u00e3o<\/td><td>Velocidade de leitura: aproximadamente 15-20MB\/s; velocidade de grava\u00e7\u00e3o: aproximadamente 8-12MB\/s (padr\u00e3o USB 2.0)<\/td><\/tr><tr><td>Compatibilidade de personaliza\u00e7\u00e3o<\/td><td>Permite a personaliza\u00e7\u00e3o da capacidade, da embalagem e do LOGOTIPO<\/td><\/tr><\/tbody><\/table><\/figure>\n\n\n\n<div class=\"wp-block-columns is-layout-flex wp-container-core-columns-is-layout-28f84493 wp-block-columns-is-layout-flex\">\n<div class=\"wp-block-column is-layout-flow wp-block-column-is-layout-flow\">\n<figure class=\"wp-block-image size-full\"><img alt=\"\" decoding=\"async\" width=\"800\" height=\"800\" src=\"https:\/\/www.usborkeychain.com\/wp-content\/uploads\/Container-truck-USB-drive.jpg\" class=\"wp-image-4318\" srcset=\"https:\/\/www.usborkeychain.com\/wp-content\/uploads\/Container-truck-USB-drive.jpg 800w, https:\/\/www.usborkeychain.com\/wp-content\/uploads\/Container-truck-USB-drive-300x300.jpg 300w, https:\/\/www.usborkeychain.com\/wp-content\/uploads\/Container-truck-USB-drive-150x150.jpg 150w, https:\/\/www.usborkeychain.com\/wp-content\/uploads\/Container-truck-USB-drive-768x768.jpg 768w, https:\/\/www.usborkeychain.com\/wp-content\/uploads\/Container-truck-USB-drive-12x12.jpg 12w, https:\/\/www.usborkeychain.com\/wp-content\/uploads\/Container-truck-USB-drive-600x600.jpg 600w, https:\/\/www.usborkeychain.com\/wp-content\/uploads\/Container-truck-USB-drive-100x100.jpg 100w\" sizes=\"(max-width: 800px) 100vw, 800px\" \/><\/figure>\n<\/div>\n\n\n\n<div class=\"wp-block-column is-layout-flow wp-block-column-is-layout-flow\">\n<figure class=\"wp-block-image size-full\"><img alt=\"\" decoding=\"async\" width=\"800\" height=\"800\" src=\"https:\/\/www.usborkeychain.com\/wp-content\/uploads\/Shipping-container-truck-USB-drive.jpg\" class=\"wp-image-4320\" srcset=\"https:\/\/www.usborkeychain.com\/wp-content\/uploads\/Shipping-container-truck-USB-drive.jpg 800w, https:\/\/www.usborkeychain.com\/wp-content\/uploads\/Shipping-container-truck-USB-drive-300x300.jpg 300w, https:\/\/www.usborkeychain.com\/wp-content\/uploads\/Shipping-container-truck-USB-drive-150x150.jpg 150w, https:\/\/www.usborkeychain.com\/wp-content\/uploads\/Shipping-container-truck-USB-drive-768x768.jpg 768w, https:\/\/www.usborkeychain.com\/wp-content\/uploads\/Shipping-container-truck-USB-drive-12x12.jpg 12w, https:\/\/www.usborkeychain.com\/wp-content\/uploads\/Shipping-container-truck-USB-drive-600x600.jpg 600w, https:\/\/www.usborkeychain.com\/wp-content\/uploads\/Shipping-container-truck-USB-drive-100x100.jpg 100w\" sizes=\"(max-width: 800px) 100vw, 800px\" \/><\/figure>\n<\/div>\n<\/div>\n\n\n\n<h2 class=\"wp-block-heading\">Personaliza\u00e7\u00e3o do LOGOTIPO e artesanato do molde<\/h2>\n\n\n\n<p>Os fabricantes primeiro realizam a modelagem 3D com base no formato da marca de caminh\u00e3o \"Changrong\" e, em seguida, integram o LOGOTIPO da marca e o texto da carroceria (como \"EVERGREEN\") diretamente no design do molde por meio do processo de abertura do molde. Durante a produ\u00e7\u00e3o, o LOGOTIPO e a textura c\u00f4ncavo-convexa da carroceria do caminh\u00e3o s\u00e3o formados simultaneamente, o que n\u00e3o s\u00f3 evita o risco de queda na p\u00f3s-impress\u00e3o, mas tamb\u00e9m aprimora a simula\u00e7\u00e3o visual de um \"caminh\u00e3o real\" por meio de texturas tridimensionais. Cada detalhe, desde as ondula\u00e7\u00f5es do cont\u00eainer at\u00e9 os logotipos da cabe\u00e7a do caminh\u00e3o, torna-se um suporte natural para a comunica\u00e7\u00e3o da marca.<\/p>\n\n\n\n<h2 class=\"wp-block-heading\">Quais setores s\u00e3o adequados para personalizar esta unidade USB em forma de caminh\u00e3o como presente?<\/h2>\n\n\n\n<div class=\"wp-block-columns is-layout-flex wp-container-core-columns-is-layout-28f84493 wp-block-columns-is-layout-flex\">\n<div class=\"wp-block-column is-layout-flow wp-block-column-is-layout-flow\">\n<figure class=\"wp-block-image size-full\"><img loading=\"lazy\" decoding=\"async\" width=\"800\" height=\"800\" src=\"https:\/\/www.usborkeychain.com\/wp-content\/uploads\/Container-lorry-USB-flash-drive.jpg\" alt=\"Container lorry USB flash drive\" class=\"wp-image-4317\" srcset=\"https:\/\/www.usborkeychain.com\/wp-content\/uploads\/Container-lorry-USB-flash-drive.jpg 800w, https:\/\/www.usborkeychain.com\/wp-content\/uploads\/Container-lorry-USB-flash-drive-300x300.jpg 300w, https:\/\/www.usborkeychain.com\/wp-content\/uploads\/Container-lorry-USB-flash-drive-150x150.jpg 150w, https:\/\/www.usborkeychain.com\/wp-content\/uploads\/Container-lorry-USB-flash-drive-768x768.jpg 768w, https:\/\/www.usborkeychain.com\/wp-content\/uploads\/Container-lorry-USB-flash-drive-12x12.jpg 12w, https:\/\/www.usborkeychain.com\/wp-content\/uploads\/Container-lorry-USB-flash-drive-600x600.jpg 600w, https:\/\/www.usborkeychain.com\/wp-content\/uploads\/Container-lorry-USB-flash-drive-100x100.jpg 100w\" sizes=\"(max-width: 800px) 100vw, 800px\" \/><\/figure>\n<\/div>\n\n\n\n<div class=\"wp-block-column is-vertically-aligned-center is-layout-flow wp-block-column-is-layout-flow\">\n<ol class=\"wp-block-list\">\n<li><strong>Empresas de log\u00edstica<\/strong>: Como perif\u00e9ricos da marca para compras no atacado, eles podem ser apresentados em confer\u00eancias de promo\u00e7\u00e3o de investimentos e eventos de valoriza\u00e7\u00e3o do cliente. O \"formato de caminh\u00e3o\" fortalece a associa\u00e7\u00e3o do setor com \"log\u00edstica e transporte\" e aprofunda a mem\u00f3ria da marca.<\/li>\n\n\n\n<li><strong>Empresas de frete<\/strong>: A personaliza\u00e7\u00e3o de unidades USB em forma de caminh\u00e3o com LOGOTIPOs exclusivos pode ser usada para armazenamento no escrit\u00f3rio dos funcion\u00e1rios ou como brindes para \"treinamento de seguran\u00e7a\" e \"elogios anuais\" para transmitir uma imagem profissional.<\/li>\n\n\n\n<li><strong>Marcas de ve\u00edculos comerciais<\/strong>: A personaliza\u00e7\u00e3o transfronteiri\u00e7a de unidades USB em forma de caminh\u00e3o como lembran\u00e7as em eventos de lan\u00e7amento de novos carros e eventos de test drive pode expandir as dimens\u00f5es da comunica\u00e7\u00e3o da marca com a criatividade do \"armazenamento em forma de ve\u00edculo\".<\/li>\n\n\n\n<li><strong>Organizadores de exposi\u00e7\u00f5es do setor<\/strong>: A personaliza\u00e7\u00e3o em massa dessa unidade USB como brindes para a coopera\u00e7\u00e3o com os expositores ou como pr\u00eamios para a intera\u00e7\u00e3o com o p\u00fablico pode ecoar o tema das exposi\u00e7\u00f5es de log\u00edstica e frete por meio do elemento \"caminh\u00e3o\" e aprimorar o tom do evento.<\/li>\n<\/ol>\n<\/div>\n<\/div>\n\n\n\n<p>O pen drive verde em formato de caminh\u00e3o tem como principal vantagem a \"personaliza\u00e7\u00e3o da abertura do molde do fabricante\", combinando a durabilidade do material de PVC, o grau de simula\u00e7\u00e3o da modelagem 3D e a profunda integra\u00e7\u00e3o dos LOGOTIPOS da marca. Seja para as empresas de log\u00edstica realizarem publicidade por meio de compras no atacado ou para as marcas de autom\u00f3veis se envolverem em atividades internacionais por meio da personaliza\u00e7\u00e3o, ele pode alcan\u00e7ar o efeito de comunica\u00e7\u00e3o de \"produto como propaganda\" em atividades por meio de seu \"formato de caminh\u00e3o\".<\/p>","protected":false},"excerpt":{"rendered":"<ul>\n<li>Cor verde<\/li>\n<li>Molde em forma de caminh\u00e3o<\/li>\n<li>\u00c9 poss\u00edvel escolher entre USB2.0 e USB3.0<\/li>\n<li>Molde de logotipo personalizado<\/li>\n<li>Como presente para a empresa de caminh\u00f5es<\/li>\n<\/ul>","protected":false},"featured_media":4317,"comment_status":"open","ping_status":"closed","template":"","meta":{"_seopress_robots_primary_cat":"","_seopress_titles_title":"","_seopress_titles_desc":"","_seopress_robots_index":"","site-sidebar-layout":"default","site-content-layout":"","ast-site-content-layout":"","site-content-style":"default","site-sidebar-style":"default","ast-global-header-display":"","ast-banner-title-visibility":"","ast-main-header-display":"","ast-hfb-above-header-display":"","ast-hfb-below-header-display":"","ast-hfb-mobile-header-display":"","site-post-title":"","ast-breadcrumbs-content":"","ast-featured-img":"","footer-sml-layout":"","theme-transparent-header-meta":"","adv-header-id-meta":"","stick-header-meta":"","header-above-stick-meta":"","header-main-stick-meta":"","header-below-stick-meta":"","astra-migrate-meta-layouts":"default","ast-page-background-enabled":"default","ast-page-background-meta":{"desktop":{"background-color":"var(--ast-global-color-5)","background-image":"","background-repeat":"repeat","background-position":"center center","background-size":"auto","background-attachment":"scroll","background-type":"","background-media":"","overlay-type":"","overlay-color":"","overlay-opacity":"","overlay-gradient":""},"tablet":{"background-color":"","background-image":"","background-repeat":"repeat","background-position":"center center","background-size":"auto","background-attachment":"scroll","background-type":"","background-media":"","overlay-type":"","overlay-color":"","overlay-opacity":"","overlay-gradient":""},"mobile":{"background-color":"","background-image":"","background-repeat":"repeat","background-position":"center center","background-size":"auto","background-attachment":"scroll","background-type":"","background-media":"","overlay-type":"","overlay-color":"","overlay-opacity":"","overlay-gradient":""}},"ast-content-background-meta":{"desktop":{"background-color":"var(--ast-global-color-4)","background-image":"","background-repeat":"repeat","background-position":"center center","background-size":"auto","background-attachment":"scroll","background-type":"","background-media":"","overlay-type":"","overlay-color":"","overlay-opacity":"","overlay-gradient":""},"tablet":{"background-color":"var(--ast-global-color-4)","background-image":"","background-repeat":"repeat","background-position":"center center","background-size":"auto","background-attachment":"scroll","background-type":"","background-media":"","overlay-type":"","overlay-color":"","overlay-opacity":"","overlay-gradient":""},"mobile":{"background-color":"var(--ast-global-color-4)","background-image":"","background-repeat":"repeat","background-position":"center center","background-size":"auto","background-attachment":"scroll","background-type":"","background-media":"","overlay-type":"","overlay-color":"","overlay-opacity":"","overlay-gradient":""}}},"product_brand":[],"product_cat":[94],"product_tag":[257],"class_list":{"0":"post-4313","1":"product","2":"type-product","3":"status-publish","4":"has-post-thumbnail","6":"product_cat-pvc-usb-pendrive","7":"product_tag-truck-usb-flash-drive","8":"desktop-align-left","9":"tablet-align-left","10":"mobile-align-left","12":"first","13":"instock","14":"shipping-taxable","15":"product-type-simple"},"_links":{"self":[{"href":"https:\/\/www.usborkeychain.com\/pt\/wp-json\/wp\/v2\/product\/4313","targetHints":{"allow":["GET"]}}],"collection":[{"href":"https:\/\/www.usborkeychain.com\/pt\/wp-json\/wp\/v2\/product"}],"about":[{"href":"https:\/\/www.usborkeychain.com\/pt\/wp-json\/wp\/v2\/types\/product"}],"replies":[{"embeddable":true,"href":"https:\/\/www.usborkeychain.com\/pt\/wp-json\/wp\/v2\/comments?post=4313"}],"wp:featuredmedia":[{"embeddable":true,"href":"https:\/\/www.usborkeychain.com\/pt\/wp-json\/wp\/v2\/media\/4317"}],"wp:attachment":[{"href":"https:\/\/www.usborkeychain.com\/pt\/wp-json\/wp\/v2\/media?parent=4313"}],"wp:term":[{"taxonomy":"product_brand","embeddable":true,"href":"https:\/\/www.usborkeychain.com\/pt\/wp-json\/wp\/v2\/product_brand?post=4313"},{"taxonomy":"product_cat","embeddable":true,"href":"https:\/\/www.usborkeychain.com\/pt\/wp-json\/wp\/v2\/product_cat?post=4313"},{"taxonomy":"product_tag","embeddable":true,"href":"https:\/\/www.usborkeychain.com\/pt\/wp-json\/wp\/v2\/product_tag?post=4313"}],"curies":[{"name":"wp","href":"https:\/\/api.w.org\/{rel}","templated":true}]}}