{"id":4321,"date":"2025-07-22T02:25:13","date_gmt":"2025-07-22T02:25:13","guid":{"rendered":"https:\/\/www.usborkeychain.com\/?post_type=product&#038;p=4321"},"modified":"2025-07-22T02:33:32","modified_gmt":"2025-07-22T02:33:32","slug":"metal-retro-key-usb-flash-drive","status":"publish","type":"product","link":"https:\/\/www.usborkeychain.com\/pt\/produto\/metal-retro-key-usb-flash-drive\/","title":{"rendered":"Unidade flash USB Metal Retro Key"},"content":{"rendered":"<div class=\"wp-block-columns is-layout-flex wp-container-core-columns-is-layout-28f84493 wp-block-columns-is-layout-flex\">\n<div class=\"wp-block-column is-layout-flow wp-block-column-is-layout-flow\">\n<figure class=\"wp-block-image aligncenter size-full\"><img alt=\"\" fetchpriority=\"high\" decoding=\"async\" width=\"800\" height=\"800\" src=\"https:\/\/www.usborkeychain.com\/wp-content\/uploads\/VintageKey-USB-flash-Drive.png\" class=\"wp-image-4331\" srcset=\"https:\/\/www.usborkeychain.com\/wp-content\/uploads\/VintageKey-USB-flash-Drive.png 800w, https:\/\/www.usborkeychain.com\/wp-content\/uploads\/VintageKey-USB-flash-Drive-300x300.png 300w, https:\/\/www.usborkeychain.com\/wp-content\/uploads\/VintageKey-USB-flash-Drive-150x150.png 150w, https:\/\/www.usborkeychain.com\/wp-content\/uploads\/VintageKey-USB-flash-Drive-768x768.png 768w, https:\/\/www.usborkeychain.com\/wp-content\/uploads\/VintageKey-USB-flash-Drive-12x12.png 12w, https:\/\/www.usborkeychain.com\/wp-content\/uploads\/VintageKey-USB-flash-Drive-600x600.png 600w, https:\/\/www.usborkeychain.com\/wp-content\/uploads\/VintageKey-USB-flash-Drive-100x100.png 100w\" sizes=\"(max-width: 800px) 100vw, 800px\" \/><\/figure>\n<\/div>\n\n\n\n<div class=\"wp-block-column is-vertically-aligned-center is-layout-flow wp-block-column-is-layout-flow\">\n<p>O <strong>Pen drive USB com chave retr\u00f4 de metal<\/strong> \u00e9 fundido em liga de zinco de alta resist\u00eancia, com sua superf\u00edcie tratada por tecnologia de galvanoplastia a v\u00e1cuo, dispon\u00edvel em ouro e prata. A liga de zinco \u00e9 resistente ao desgaste e \u00e0 corros\u00e3o, o que prolonga a vida \u00fatil. A condutividade t\u00e9rmica do metal melhora a efici\u00eancia da dissipa\u00e7\u00e3o de calor, e a espessura precisa de 1,2 mm proporciona um corpo ultrafino.<\/p>\n\n\n\n<p>O formato da chave incorpora padr\u00f5es Ruyi tradicionais chineses, com um n\u00famero \"8\" em relevo embutido na cabe\u00e7a da chave, simbolizando riqueza e auspiciosidade. O design geral combina a beleza nost\u00e1lgica com a precis\u00e3o industrial moderna. N\u00e3o se trata apenas de uma ferramenta pr\u00e1tica, mas tamb\u00e9m de um item port\u00e1til elegante e cheio de estilo, mostrando um gosto \u00fanico para presentes de neg\u00f3cios ou uso pessoal.<\/p>\n<\/div>\n<\/div>\n\n\n\n<h2 class=\"wp-block-heading\">Tabela de par\u00e2metros da unidade flash USB<\/h2>\n\n\n\n<figure class=\"wp-block-table\"><table class=\"has-fixed-layout\"><thead><tr><th>Categoria de par\u00e2metro<\/th><th>Detalhes<\/th><\/tr><\/thead><tbody><tr><td>Padr\u00e3o de interface<\/td><td>USB3.0, compat\u00edvel com USB2.0<\/td><\/tr><tr><td>Op\u00e7\u00f5es de capacidade<\/td><td>8GB\/16GB\/32GB\/64GB\/128GB<\/td><\/tr><tr><td>Material met\u00e1lico<\/td><td>Liga met\u00e1lica<\/td><\/tr><tr><td>Tamanho do produto (comprimento \u00d7 largura \u00d7 espessura)<\/td><td>58\u00d720\u00d74mm<\/td><\/tr><tr><td>Peso<\/td><td>18g\u00b12g<\/td><\/tr><\/tbody><\/table><\/figure>\n\n\n\n<h2 class=\"wp-block-heading\">O logotipo pode ser personalizado?<\/h2>\n\n\n\n<div class=\"wp-block-columns is-layout-flex wp-container-core-columns-is-layout-28f84493 wp-block-columns-is-layout-flex\">\n<div class=\"wp-block-column is-vertically-aligned-center is-layout-flow wp-block-column-is-layout-flow\">\n<p><strong>Logotipo ou padr\u00f5es<\/strong> h\u00e1 suporte para personaliza\u00e7\u00e3o! S\u00e3o adotados os processos de grava\u00e7\u00e3o a laser\/grava\u00e7\u00e3o por galvanoplastia: a grava\u00e7\u00e3o a laser tem alta precis\u00e3o, tornando o logotipo claro e resistente ao desgaste; a grava\u00e7\u00e3o por galvanoplastia pode realizar padr\u00f5es complexos com boa integra\u00e7\u00e3o de cor e textura de metal. A profundidade de grava\u00e7\u00e3o de 0,2 mm garante clareza permanente. O processo de personaliza\u00e7\u00e3o n\u00e3o danifica a camada de galvanoplastia da superf\u00edcie, e a amostra pode ser conclu\u00edda em 24 horas.<\/p>\n<\/div>\n\n\n\n<div class=\"wp-block-column is-layout-flow wp-block-column-is-layout-flow\">\n<figure class=\"wp-block-image size-full\"><img alt=\"\" decoding=\"async\" width=\"800\" height=\"800\" src=\"https:\/\/www.usborkeychain.com\/wp-content\/uploads\/RetroKey-USB-flash-drive.png\" class=\"wp-image-4330\" srcset=\"https:\/\/www.usborkeychain.com\/wp-content\/uploads\/RetroKey-USB-flash-drive.png 800w, https:\/\/www.usborkeychain.com\/wp-content\/uploads\/RetroKey-USB-flash-drive-300x300.png 300w, https:\/\/www.usborkeychain.com\/wp-content\/uploads\/RetroKey-USB-flash-drive-150x150.png 150w, https:\/\/www.usborkeychain.com\/wp-content\/uploads\/RetroKey-USB-flash-drive-768x768.png 768w, https:\/\/www.usborkeychain.com\/wp-content\/uploads\/RetroKey-USB-flash-drive-12x12.png 12w, https:\/\/www.usborkeychain.com\/wp-content\/uploads\/RetroKey-USB-flash-drive-600x600.png 600w, https:\/\/www.usborkeychain.com\/wp-content\/uploads\/RetroKey-USB-flash-drive-100x100.png 100w\" sizes=\"(max-width: 800px) 100vw, 800px\" \/><\/figure>\n<\/div>\n<\/div>\n\n\n\n<h2 class=\"wp-block-heading\">Quais s\u00e3o as vantagens desse produto?<\/h2>\n\n\n\n<div class=\"wp-block-columns is-layout-flex wp-container-core-columns-is-layout-28f84493 wp-block-columns-is-layout-flex\">\n<div class=\"wp-block-column is-layout-flow wp-block-column-is-layout-flow\">\n<figure class=\"wp-block-image aligncenter size-full\"><img alt=\"\" decoding=\"async\" width=\"800\" height=\"800\" src=\"https:\/\/www.usborkeychain.com\/wp-content\/uploads\/AntiqueKey-USB-flash-Drive.jpg\" class=\"wp-image-4324\" srcset=\"https:\/\/www.usborkeychain.com\/wp-content\/uploads\/AntiqueKey-USB-flash-Drive.jpg 800w, https:\/\/www.usborkeychain.com\/wp-content\/uploads\/AntiqueKey-USB-flash-Drive-300x300.jpg 300w, https:\/\/www.usborkeychain.com\/wp-content\/uploads\/AntiqueKey-USB-flash-Drive-150x150.jpg 150w, https:\/\/www.usborkeychain.com\/wp-content\/uploads\/AntiqueKey-USB-flash-Drive-768x768.jpg 768w, https:\/\/www.usborkeychain.com\/wp-content\/uploads\/AntiqueKey-USB-flash-Drive-12x12.jpg 12w, https:\/\/www.usborkeychain.com\/wp-content\/uploads\/AntiqueKey-USB-flash-Drive-600x600.jpg 600w, https:\/\/www.usborkeychain.com\/wp-content\/uploads\/AntiqueKey-USB-flash-Drive-100x100.jpg 100w\" sizes=\"(max-width: 800px) 100vw, 800px\" \/><\/figure>\n<\/div>\n\n\n\n<div class=\"wp-block-column is-vertically-aligned-center is-layout-flow wp-block-column-is-layout-flow\">\n<ul class=\"wp-block-list\">\n<li>Ultrafino e ultraleve: pesa cerca de 15 a 20 g, com uma espessura de 3 a 5 mm, \u00e9 port\u00e1til e ocupa pouco espa\u00e7o. O formato da chave pode ser pendurado em um chaveiro, f\u00e1cil de carregar e sem peso.<\/li>\n\n\n\n<li>Plug and play: sem necessidade de instala\u00e7\u00e3o de driver, reconhecido instantaneamente quando conectado a computadores e telefones celulares (com suporte a dispositivos OTG) para transfer\u00eancia eficiente de arquivos.<\/li>\n\n\n\n<li>Excelente prote\u00e7\u00e3o: o inv\u00f3lucro de liga met\u00e1lica \u00e9 antiqueda e resistente a arranh\u00f5es, protegendo o chip interno; a interface USB \u00e9 refor\u00e7ada para evitar danos durante a conex\u00e3o e a desconex\u00e3o.<\/li>\n\n\n\n<li>Ampla compatibilidade: compat\u00edvel com Windows, Mac OS, Linux e outros sistemas, e pode ser usado com v\u00e1rios dispositivos, como telefones celulares, tablets e computadores.<\/li>\n<\/ul>\n<\/div>\n<\/div>\n\n\n\n<h3 class=\"wp-block-heading\">Qual \u00e9 o processo de fabrica\u00e7\u00e3o?<\/h3>\n\n\n\n<div class=\"wp-block-columns is-layout-flex wp-container-core-columns-is-layout-28f84493 wp-block-columns-is-layout-flex\">\n<div class=\"wp-block-column is-vertically-aligned-center is-layout-flow wp-block-column-is-layout-flow\">\n<p>Ela passa por v\u00e1rios processos, como fundi\u00e7\u00e3o sob press\u00e3o, polimento fino, tratamento de superf\u00edcie (galvanoplastia\/oxida\u00e7\u00e3o) e embalagem de cavacos. A fundi\u00e7\u00e3o garante o formato preciso da chave, o polimento torna a superf\u00edcie lisa e delicada, a galvanoplastia\/oxida\u00e7\u00e3o confere ao metal uma cor retr\u00f4 e capacidade antioxidante, e o acondicionamento rigoroso do chip garante um desempenho est\u00e1vel de armazenamento.<\/p>\n<\/div>\n\n\n\n<div class=\"wp-block-column is-layout-flow wp-block-column-is-layout-flow\">\n<figure class=\"wp-block-image aligncenter size-full\"><img alt=\"\" loading=\"lazy\" decoding=\"async\" width=\"800\" height=\"800\" src=\"https:\/\/www.usborkeychain.com\/wp-content\/uploads\/ClassicKey-USB-flash-drive.png\" class=\"wp-image-4325\" srcset=\"https:\/\/www.usborkeychain.com\/wp-content\/uploads\/ClassicKey-USB-flash-drive.png 800w, https:\/\/www.usborkeychain.com\/wp-content\/uploads\/ClassicKey-USB-flash-drive-300x300.png 300w, https:\/\/www.usborkeychain.com\/wp-content\/uploads\/ClassicKey-USB-flash-drive-150x150.png 150w, https:\/\/www.usborkeychain.com\/wp-content\/uploads\/ClassicKey-USB-flash-drive-768x768.png 768w, https:\/\/www.usborkeychain.com\/wp-content\/uploads\/ClassicKey-USB-flash-drive-12x12.png 12w, https:\/\/www.usborkeychain.com\/wp-content\/uploads\/ClassicKey-USB-flash-drive-600x600.png 600w, https:\/\/www.usborkeychain.com\/wp-content\/uploads\/ClassicKey-USB-flash-drive-100x100.png 100w\" sizes=\"(max-width: 800px) 100vw, 800px\" \/><\/figure>\n<\/div>\n<\/div>\n\n\n\n<h2 class=\"wp-block-heading\">A velocidade de leitura e grava\u00e7\u00e3o da unidade flash USB \u00e9 afetada por seu formato?<\/h2>\n\n\n\n<div class=\"wp-block-columns is-layout-flex wp-container-core-columns-is-layout-28f84493 wp-block-columns-is-layout-flex\">\n<div class=\"wp-block-column is-layout-flow wp-block-column-is-layout-flow\">\n<figure class=\"wp-block-image size-full\"><img alt=\"\" loading=\"lazy\" decoding=\"async\" width=\"800\" height=\"800\" src=\"https:\/\/www.usborkeychain.com\/wp-content\/uploads\/OldStyleKey-USB-flash-drive.png\" class=\"wp-image-4329\" srcset=\"https:\/\/www.usborkeychain.com\/wp-content\/uploads\/OldStyleKey-USB-flash-drive.png 800w, https:\/\/www.usborkeychain.com\/wp-content\/uploads\/OldStyleKey-USB-flash-drive-300x300.png 300w, https:\/\/www.usborkeychain.com\/wp-content\/uploads\/OldStyleKey-USB-flash-drive-150x150.png 150w, https:\/\/www.usborkeychain.com\/wp-content\/uploads\/OldStyleKey-USB-flash-drive-768x768.png 768w, https:\/\/www.usborkeychain.com\/wp-content\/uploads\/OldStyleKey-USB-flash-drive-12x12.png 12w, https:\/\/www.usborkeychain.com\/wp-content\/uploads\/OldStyleKey-USB-flash-drive-600x600.png 600w, https:\/\/www.usborkeychain.com\/wp-content\/uploads\/OldStyleKey-USB-flash-drive-100x100.png 100w\" sizes=\"(max-width: 800px) 100vw, 800px\" \/><\/figure>\n<\/div>\n\n\n\n<div class=\"wp-block-column is-vertically-aligned-center is-layout-flow wp-block-column-is-layout-flow\">\n<p>O <strong>formato da chave<\/strong> n\u00e3o afeta a velocidade de leitura e grava\u00e7\u00e3o. A taxa de transmiss\u00e3o do USB3.0 \u00e9 determinada pelo protocolo de interface e pelo esquema de chip. O inv\u00f3lucro de metal serve apenas como prote\u00e7\u00e3o e decora\u00e7\u00e3o, sem interferir na transmiss\u00e3o de dados. O desempenho real de leitura e grava\u00e7\u00e3o \u00e9 consistente com o das unidades flash USB convencionais.<\/p>\n<\/div>\n<\/div>\n\n\n\n<h2 class=\"wp-block-heading\">A unidade flash USB \u00e9 f\u00e1cil de quebrar?<\/h2>\n\n\n\n<div class=\"wp-block-columns is-layout-flex wp-container-core-columns-is-layout-28f84493 wp-block-columns-is-layout-flex\">\n<div class=\"wp-block-column is-vertically-aligned-center is-layout-flow wp-block-column-is-layout-flow\">\n<p>Embora tenha o formato de uma chave, a interface \u00e9 refor\u00e7ada. O design inovador da porta USB embutida (com uma profundidade reservada de 0,5 mm), combinado com uma tampa protetora girat\u00f3ria, evita efetivamente os danos causados por colis\u00f5es durante a conex\u00e3o e a desconex\u00e3o. Ele passou por 5.000 testes de conex\u00e3o e desconex\u00e3o sem deforma\u00e7\u00e3o.<\/p>\n<\/div>\n\n\n\n<div class=\"wp-block-column is-layout-flow wp-block-column-is-layout-flow\">\n<figure class=\"wp-block-image size-full\"><img alt=\"\" loading=\"lazy\" decoding=\"async\" width=\"800\" height=\"800\" src=\"https:\/\/www.usborkeychain.com\/wp-content\/uploads\/MetalVintage-USB-flash-drive.png\" class=\"wp-image-4328\" srcset=\"https:\/\/www.usborkeychain.com\/wp-content\/uploads\/MetalVintage-USB-flash-drive.png 800w, https:\/\/www.usborkeychain.com\/wp-content\/uploads\/MetalVintage-USB-flash-drive-300x300.png 300w, https:\/\/www.usborkeychain.com\/wp-content\/uploads\/MetalVintage-USB-flash-drive-150x150.png 150w, https:\/\/www.usborkeychain.com\/wp-content\/uploads\/MetalVintage-USB-flash-drive-768x768.png 768w, https:\/\/www.usborkeychain.com\/wp-content\/uploads\/MetalVintage-USB-flash-drive-12x12.png 12w, https:\/\/www.usborkeychain.com\/wp-content\/uploads\/MetalVintage-USB-flash-drive-600x600.png 600w, https:\/\/www.usborkeychain.com\/wp-content\/uploads\/MetalVintage-USB-flash-drive-100x100.png 100w\" sizes=\"(max-width: 800px) 100vw, 800px\" \/><\/figure>\n<\/div>\n<\/div>\n\n\n\n<h2 class=\"wp-block-heading\">Quais setores s\u00e3o os mais populares para us\u00e1-los como presentes?<\/h2>\n\n\n\n<div class=\"wp-block-columns is-layout-flex wp-container-core-columns-is-layout-28f84493 wp-block-columns-is-layout-flex\">\n<div class=\"wp-block-column is-layout-flow wp-block-column-is-layout-flow\">\n<figure class=\"wp-block-image size-full\"><img alt=\"\" loading=\"lazy\" decoding=\"async\" width=\"800\" height=\"800\" src=\"https:\/\/www.usborkeychain.com\/wp-content\/uploads\/MetalMemoir-USB-flash-drive.png\" class=\"wp-image-4327\" srcset=\"https:\/\/www.usborkeychain.com\/wp-content\/uploads\/MetalMemoir-USB-flash-drive.png 800w, https:\/\/www.usborkeychain.com\/wp-content\/uploads\/MetalMemoir-USB-flash-drive-300x300.png 300w, https:\/\/www.usborkeychain.com\/wp-content\/uploads\/MetalMemoir-USB-flash-drive-150x150.png 150w, https:\/\/www.usborkeychain.com\/wp-content\/uploads\/MetalMemoir-USB-flash-drive-768x768.png 768w, https:\/\/www.usborkeychain.com\/wp-content\/uploads\/MetalMemoir-USB-flash-drive-12x12.png 12w, https:\/\/www.usborkeychain.com\/wp-content\/uploads\/MetalMemoir-USB-flash-drive-600x600.png 600w, https:\/\/www.usborkeychain.com\/wp-content\/uploads\/MetalMemoir-USB-flash-drive-100x100.png 100w\" sizes=\"(max-width: 800px) 100vw, 800px\" \/><\/figure>\n<\/div>\n\n\n\n<div class=\"wp-block-column is-vertically-aligned-center is-layout-flow wp-block-column-is-layout-flow\">\n<ol class=\"wp-block-list\">\n<li>Setor imobili\u00e1rio: Ele se encaixa no cen\u00e1rio de \"entrega de chaves\". Personalizado com logotipos de projetos, pode ser usado como brinde para entrega de im\u00f3veis ou para agradecimento de clientes.<\/li>\n\n\n\n<li>Setor financeiro: Usado para manuten\u00e7\u00e3o de clientes VIP, a textura met\u00e1lica mostra qualidade de ponta, com logotipos de marca personalizados.<\/li>\n\n\n\n<li>Setor cultural e criativo<\/li>\n\n\n\n<li>Setor de servi\u00e7os de alto padr\u00e3o (como escrit\u00f3rios de advocacia, gerenciamento de propriedades de alto padr\u00e3o)<\/li>\n<\/ol>\n<\/div>\n<\/div>\n\n\n\n<p>O <strong>Pen drive USB com chave retr\u00f4 de metal<\/strong>A tela de leitura e escrita, dotada de durabilidade e textura pelo material de liga met\u00e1lica, integra elementos retr\u00f4 chineses e significados auspiciosos, e garante leitura e escrita eficientes com o <strong>USB3.0<\/strong>. Suporta personaliza\u00e7\u00e3o, \u00e9 port\u00e1til e f\u00e1cil de usar. Ele n\u00e3o apenas atende \u00e0s necessidades de armazenamento, mas tamb\u00e9m tem atributos de presente, sendo preferido nos setores imobili\u00e1rio, financeiro e outros. \u00c9 um produto pr\u00e1tico que combina est\u00e9tica cl\u00e1ssica e tecnologia moderna.<\/p>","protected":false},"excerpt":{"rendered":"<ul>\n<li>Material met\u00e1lico<\/li>\n<li>Chave retr\u00f4<\/li>\n<li>USB3.0<\/li>\n<li>Logotipo personalizado<\/li>\n<li>MOQ: 100 PE\u00c7AS<\/li>\n<\/ul>","protected":false},"featured_media":4330,"comment_status":"open","ping_status":"closed","template":"","meta":{"_seopress_robots_primary_cat":"","_seopress_titles_title":"","_seopress_titles_desc":"","_seopress_robots_index":"","site-sidebar-layout":"default","site-content-layout":"","ast-site-content-layout":"","site-content-style":"default","site-sidebar-style":"default","ast-global-header-display":"","ast-banner-title-visibility":"","ast-main-header-display":"","ast-hfb-above-header-display":"","ast-hfb-below-header-display":"","ast-hfb-mobile-header-display":"","site-post-title":"","ast-breadcrumbs-content":"","ast-featured-img":"","footer-sml-layout":"","theme-transparent-header-meta":"","adv-header-id-meta":"","stick-header-meta":"","header-above-stick-meta":"","header-main-stick-meta":"","header-below-stick-meta":"","astra-migrate-meta-layouts":"default","ast-page-background-enabled":"default","ast-page-background-meta":{"desktop":{"background-color":"var(--ast-global-color-5)","background-image":"","background-repeat":"repeat","background-position":"center center","background-size":"auto","background-attachment":"scroll","background-type":"","background-media":"","overlay-type":"","overlay-color":"","overlay-opacity":"","overlay-gradient":""},"tablet":{"background-color":"","background-image":"","background-repeat":"repeat","background-position":"center center","background-size":"auto","background-attachment":"scroll","background-type":"","background-media":"","overlay-type":"","overlay-color":"","overlay-opacity":"","overlay-gradient":""},"mobile":{"background-color":"","background-image":"","background-repeat":"repeat","background-position":"center center","background-size":"auto","background-attachment":"scroll","background-type":"","background-media":"","overlay-type":"","overlay-color":"","overlay-opacity":"","overlay-gradient":""}},"ast-content-background-meta":{"desktop":{"background-color":"var(--ast-global-color-4)","background-image":"","background-repeat":"repeat","background-position":"center center","background-size":"auto","background-attachment":"scroll","background-type":"","background-media":"","overlay-type":"","overlay-color":"","overlay-opacity":"","overlay-gradient":""},"tablet":{"background-color":"var(--ast-global-color-4)","background-image":"","background-repeat":"repeat","background-position":"center center","background-size":"auto","background-attachment":"scroll","background-type":"","background-media":"","overlay-type":"","overlay-color":"","overlay-opacity":"","overlay-gradient":""},"mobile":{"background-color":"var(--ast-global-color-4)","background-image":"","background-repeat":"repeat","background-position":"center center","background-size":"auto","background-attachment":"scroll","background-type":"","background-media":"","overlay-type":"","overlay-color":"","overlay-opacity":"","overlay-gradient":""}}},"product_brand":[],"product_cat":[108],"product_tag":[259,258],"class_list":{"0":"post-4321","1":"product","2":"type-product","3":"status-publish","4":"has-post-thumbnail","6":"product_cat-key-shaped-usb-pendrive","7":"product_tag-metal-key-usb-flash-drive","8":"product_tag-metal-retro-key-usb-flash-drive","9":"desktop-align-left","10":"tablet-align-left","11":"mobile-align-left","13":"first","14":"instock","15":"shipping-taxable","16":"product-type-simple"},"_links":{"self":[{"href":"https:\/\/www.usborkeychain.com\/pt\/wp-json\/wp\/v2\/product\/4321","targetHints":{"allow":["GET"]}}],"collection":[{"href":"https:\/\/www.usborkeychain.com\/pt\/wp-json\/wp\/v2\/product"}],"about":[{"href":"https:\/\/www.usborkeychain.com\/pt\/wp-json\/wp\/v2\/types\/product"}],"replies":[{"embeddable":true,"href":"https:\/\/www.usborkeychain.com\/pt\/wp-json\/wp\/v2\/comments?post=4321"}],"wp:featuredmedia":[{"embeddable":true,"href":"https:\/\/www.usborkeychain.com\/pt\/wp-json\/wp\/v2\/media\/4330"}],"wp:attachment":[{"href":"https:\/\/www.usborkeychain.com\/pt\/wp-json\/wp\/v2\/media?parent=4321"}],"wp:term":[{"taxonomy":"product_brand","embeddable":true,"href":"https:\/\/www.usborkeychain.com\/pt\/wp-json\/wp\/v2\/product_brand?post=4321"},{"taxonomy":"product_cat","embeddable":true,"href":"https:\/\/www.usborkeychain.com\/pt\/wp-json\/wp\/v2\/product_cat?post=4321"},{"taxonomy":"product_tag","embeddable":true,"href":"https:\/\/www.usborkeychain.com\/pt\/wp-json\/wp\/v2\/product_tag?post=4321"}],"curies":[{"name":"wp","href":"https:\/\/api.w.org\/{rel}","templated":true}]}}