{"id":4333,"date":"2025-07-22T03:41:44","date_gmt":"2025-07-22T03:41:44","guid":{"rendered":"https:\/\/www.usborkeychain.com\/?post_type=product&#038;p=4333"},"modified":"2025-07-22T03:44:30","modified_gmt":"2025-07-22T03:44:30","slug":"metal-flower-key-usb-flash-drive","status":"publish","type":"product","link":"https:\/\/www.usborkeychain.com\/pt\/produto\/metal-flower-key-usb-flash-drive\/","title":{"rendered":"Unidade flash USB Metal Flower Key"},"content":{"rendered":"<div class=\"wp-block-columns is-layout-flex wp-container-core-columns-is-layout-28f84493 wp-block-columns-is-layout-flex\">\n<div class=\"wp-block-column is-vertically-aligned-center is-layout-flow wp-block-column-is-layout-flow\">\n<p>O<strong> Unidade flash USB Metal Flower Key<\/strong> apresenta um corpo de liga de zinco de alta qualidade. A liga de zinco oferece excelente resist\u00eancia ao desgaste e \u00e0 corros\u00e3o, evitando ferrugem e deforma\u00e7\u00e3o. Ela pode manter a apar\u00eancia de nova por muito tempo, garantindo a m\u00e1xima durabilidade da unidade USB.<\/p>\n\n\n\n<p>Com a tecnologia de corte de borda em p\u00e9tala com \u00e2ngulo agudo de 0,3 mm, ele tem um formato conciso e elegante. O anel de a\u00e7o inoxid\u00e1vel com 3 mm de di\u00e2metro pode suportar um peso de 5 kg sem quebrar. Seu tamanho mini \u00e9 60% menor do que as unidades USB tradicionais, o que facilita o armazenamento em bolsos ou bolsas com chave e o transporte di\u00e1rio sem esfor\u00e7o.<\/p>\n<\/div>\n\n\n\n<div class=\"wp-block-column is-layout-flow wp-block-column-is-layout-flow\">\n<figure class=\"wp-block-image aligncenter size-full\"><img alt=\"\" fetchpriority=\"high\" decoding=\"async\" width=\"800\" height=\"800\" src=\"https:\/\/www.usborkeychain.com\/wp-content\/uploads\/FlowerKey-USB-flash-drive.jpg\" class=\"wp-image-4337\" srcset=\"https:\/\/www.usborkeychain.com\/wp-content\/uploads\/FlowerKey-USB-flash-drive.jpg 800w, https:\/\/www.usborkeychain.com\/wp-content\/uploads\/FlowerKey-USB-flash-drive-300x300.jpg 300w, https:\/\/www.usborkeychain.com\/wp-content\/uploads\/FlowerKey-USB-flash-drive-150x150.jpg 150w, https:\/\/www.usborkeychain.com\/wp-content\/uploads\/FlowerKey-USB-flash-drive-768x768.jpg 768w, https:\/\/www.usborkeychain.com\/wp-content\/uploads\/FlowerKey-USB-flash-drive-12x12.jpg 12w, https:\/\/www.usborkeychain.com\/wp-content\/uploads\/FlowerKey-USB-flash-drive-600x600.jpg 600w, https:\/\/www.usborkeychain.com\/wp-content\/uploads\/FlowerKey-USB-flash-drive-100x100.jpg 100w\" sizes=\"(max-width: 800px) 100vw, 800px\" \/><\/figure>\n<\/div>\n<\/div>\n\n\n\n<h2 class=\"wp-block-heading\">Tabela de par\u00e2metros principais da unidade flash USB<\/h2>\n\n\n\n<figure class=\"wp-block-table\"><table class=\"has-fixed-layout\"><thead><tr><th>Categoria de par\u00e2metro<\/th><th>Detalhes<\/th><\/tr><\/thead><tbody><tr><td>Padr\u00e3o de interface<\/td><td>USB3.0 (compat\u00edvel com USB2.0)<\/td><\/tr><tr><td>Op\u00e7\u00f5es de capacidade<\/td><td>8GB\/16GB\/32GB\/64GB\/128GB<\/td><\/tr><tr><td>Tamanho do produto (comprimento \u00d7 largura \u00d7 espessura)<\/td><td>50mm\u00d720mm\u00d73mm<\/td><\/tr><tr><td>Peso do produto<\/td><td>Aproximadamente 12 - 15g<\/td><\/tr><tr><td>Material met\u00e1lico<\/td><td>Liga de zinco (com tratamento anti-oxida\u00e7\u00e3o da superf\u00edcie)<\/td><\/tr><\/tbody><\/table><\/figure>\n\n\n\n<h2 class=\"wp-block-heading\">O logotipo pode ser personalizado?<\/h2>\n\n\n\n<div class=\"wp-block-columns is-layout-flex wp-container-core-columns-is-layout-28f84493 wp-block-columns-is-layout-flex\">\n<div class=\"wp-block-column is-layout-flow wp-block-column-is-layout-flow\">\n<figure class=\"wp-block-image size-full\"><img alt=\"\" decoding=\"async\" width=\"800\" height=\"800\" src=\"https:\/\/www.usborkeychain.com\/wp-content\/uploads\/BloomKey-USB-flash-drive.jpg\" class=\"wp-image-4336\" srcset=\"https:\/\/www.usborkeychain.com\/wp-content\/uploads\/BloomKey-USB-flash-drive.jpg 800w, https:\/\/www.usborkeychain.com\/wp-content\/uploads\/BloomKey-USB-flash-drive-300x300.jpg 300w, https:\/\/www.usborkeychain.com\/wp-content\/uploads\/BloomKey-USB-flash-drive-150x150.jpg 150w, https:\/\/www.usborkeychain.com\/wp-content\/uploads\/BloomKey-USB-flash-drive-768x768.jpg 768w, https:\/\/www.usborkeychain.com\/wp-content\/uploads\/BloomKey-USB-flash-drive-12x12.jpg 12w, https:\/\/www.usborkeychain.com\/wp-content\/uploads\/BloomKey-USB-flash-drive-600x600.jpg 600w, https:\/\/www.usborkeychain.com\/wp-content\/uploads\/BloomKey-USB-flash-drive-100x100.jpg 100w\" sizes=\"(max-width: 800px) 100vw, 800px\" \/><\/figure>\n<\/div>\n\n\n\n<div class=\"wp-block-column is-vertically-aligned-center is-layout-flow wp-block-column-is-layout-flow\">\n<p><strong>H\u00e1 suporte para logotipos ou padr\u00f5es personalizados<\/strong>! Aproveitando as propriedades da liga de zinco, \u00e9 adotada a tecnologia de grava\u00e7\u00e3o a laser + galvanoplastia: A grava\u00e7\u00e3o a laser pode gravar com precis\u00e3o padr\u00f5es na superf\u00edcie do metal com linhas claras e profundidade moderada, garantindo que eles sejam firmes e n\u00e3o caiam facilmente. Se for necess\u00e1ria uma decora\u00e7\u00e3o colorida, a colora\u00e7\u00e3o por galvanoplastia pode fazer com que a cor adira uniformemente, integrando-se naturalmente \u00e0 textura do metal, mantendo o brilho original do material e obtendo uma personaliza\u00e7\u00e3o customizada.<\/p>\n<\/div>\n<\/div>\n\n\n\n<h3 class=\"wp-block-heading\">Quais s\u00e3o as vantagens da unidade flash USB?<\/h3>\n\n\n\n<div class=\"wp-block-columns is-layout-flex wp-container-core-columns-is-layout-28f84493 wp-block-columns-is-layout-flex\">\n<div class=\"wp-block-column is-vertically-aligned-center is-layout-flow wp-block-column-is-layout-flow\">\n<ul class=\"wp-block-list\">\n<li>Design antifurto: Chaveiro de pe\u00e7a \u00fanica, compat\u00edvel com v\u00e1rias correntes.<\/li>\n\n\n\n<li>Prote\u00e7\u00e3o da interface: Estrutura de p\u00e9talas girat\u00f3rias (com uma vida \u00fatil de abertura e fechamento de \u226510.000 vezes), que envolve completamente a interface USB quando fechada.<\/li>\n\n\n\n<li>Resist\u00eancia a choques e press\u00e3o: Aprovado no teste de queda em concreto de 3 metros (preenchido com s\u00edlica gel de absor\u00e7\u00e3o de choque interno).<\/li>\n\n\n\n<li>Prote\u00e7\u00e3o eletrost\u00e1tica: Prote\u00e7\u00e3o contra descarga de ar de 15KV (300% melhor do que os padr\u00f5es do setor).<\/li>\n\n\n\n<li>Espera ultralonga: corrente de espera \u2264100\u03bcA (os dados podem ser armazenados por 10 anos).<\/li>\n<\/ul>\n<\/div>\n\n\n\n<div class=\"wp-block-column is-layout-flow wp-block-column-is-layout-flow\">\n<figure class=\"wp-block-image aligncenter size-full\"><img alt=\"\" decoding=\"async\" width=\"800\" height=\"800\" src=\"https:\/\/www.usborkeychain.com\/wp-content\/uploads\/MetalBlossom-USB-flash-Drive.jpg\" class=\"wp-image-4338\" srcset=\"https:\/\/www.usborkeychain.com\/wp-content\/uploads\/MetalBlossom-USB-flash-Drive.jpg 800w, https:\/\/www.usborkeychain.com\/wp-content\/uploads\/MetalBlossom-USB-flash-Drive-300x300.jpg 300w, https:\/\/www.usborkeychain.com\/wp-content\/uploads\/MetalBlossom-USB-flash-Drive-150x150.jpg 150w, https:\/\/www.usborkeychain.com\/wp-content\/uploads\/MetalBlossom-USB-flash-Drive-768x768.jpg 768w, https:\/\/www.usborkeychain.com\/wp-content\/uploads\/MetalBlossom-USB-flash-Drive-12x12.jpg 12w, https:\/\/www.usborkeychain.com\/wp-content\/uploads\/MetalBlossom-USB-flash-Drive-600x600.jpg 600w, https:\/\/www.usborkeychain.com\/wp-content\/uploads\/MetalBlossom-USB-flash-Drive-100x100.jpg 100w\" sizes=\"(max-width: 800px) 100vw, 800px\" \/><\/figure>\n<\/div>\n<\/div>\n\n\n\n<h3 class=\"wp-block-heading\">Como \u00e9 feita essa unidade flash USB?<\/h3>\n\n\n\n<div class=\"wp-block-columns are-vertically-aligned-center is-layout-flex wp-container-core-columns-is-layout-28f84493 wp-block-columns-is-layout-flex\">\n<div class=\"wp-block-column is-vertically-aligned-center is-layout-flow wp-block-column-is-layout-flow\">\n<div class=\"wp-block-columns is-layout-flex wp-container-core-columns-is-layout-28f84493 wp-block-columns-is-layout-flex\">\n<div class=\"wp-block-column is-layout-flow wp-block-column-is-layout-flow\">\n<figure class=\"wp-block-image size-full\"><img alt=\"\" loading=\"lazy\" decoding=\"async\" width=\"800\" height=\"800\" src=\"https:\/\/www.usborkeychain.com\/wp-content\/uploads\/MetalPetal-Key-USB-flash-drive.jpg\" class=\"wp-image-4339\" srcset=\"https:\/\/www.usborkeychain.com\/wp-content\/uploads\/MetalPetal-Key-USB-flash-drive.jpg 800w, https:\/\/www.usborkeychain.com\/wp-content\/uploads\/MetalPetal-Key-USB-flash-drive-300x300.jpg 300w, https:\/\/www.usborkeychain.com\/wp-content\/uploads\/MetalPetal-Key-USB-flash-drive-150x150.jpg 150w, https:\/\/www.usborkeychain.com\/wp-content\/uploads\/MetalPetal-Key-USB-flash-drive-768x768.jpg 768w, https:\/\/www.usborkeychain.com\/wp-content\/uploads\/MetalPetal-Key-USB-flash-drive-12x12.jpg 12w, https:\/\/www.usborkeychain.com\/wp-content\/uploads\/MetalPetal-Key-USB-flash-drive-600x600.jpg 600w, https:\/\/www.usborkeychain.com\/wp-content\/uploads\/MetalPetal-Key-USB-flash-drive-100x100.jpg 100w\" sizes=\"(max-width: 800px) 100vw, 800px\" \/><\/figure>\n<\/div>\n<\/div>\n<\/div>\n\n\n\n<div class=\"wp-block-column is-vertically-aligned-center is-layout-flow wp-block-column-is-layout-flow\">\n<p>Ele passa pelos processos de fundi\u00e7\u00e3o sob press\u00e3o\u2192polimento fino\u2192tratamento de superf\u00edcie (galvanoplastia\/anti-oxida\u00e7\u00e3o)\u2192embalagem de chips. A fundi\u00e7\u00e3o garante a reprodu\u00e7\u00e3o precisa do formato da flor; o polimento torna a superf\u00edcie met\u00e1lica t\u00e3o lisa quanto um espelho; o tratamento de eletrodeposi\u00e7\u00e3o\/antioxida\u00e7\u00e3o confere ao produto uma cor retr\u00f4 ou brilhante e aumenta sua resist\u00eancia a manchas; por fim, o chip \u00e9 rigorosamente embalado para garantir o armazenamento est\u00e1vel de dados e a leitura e grava\u00e7\u00e3o sem problemas.<\/p>\n\n\n\n<p>A parte superior do<strong> Metal <strong>Flor<\/strong><\/strong> <strong>Unidade flash USB Key<\/strong> \u00e9 equipado com um orif\u00edcio circular para pendurar, cujo di\u00e2metro \u00e9 compat\u00edvel com os chaveiros comuns do mercado (di\u00e2metro interno de 2 a 4 mm). \u00c9 f\u00e1cil de pendurar e pode ser facilmente amarrado com as chaves do carro e da porta, evitando a perda durante o transporte di\u00e1rio, acrescentando decora\u00e7\u00e3o e tornando o chaveiro mais personalizado.<\/p>\n<\/div>\n<\/div>\n\n\n\n<h2 class=\"wp-block-heading\">Quais setores s\u00e3o adequados para us\u00e1-lo?<\/h2>\n\n\n\n<ul class=\"wp-block-list\">\n<li><strong>Setor de beleza e moda<\/strong>: De acordo com o estilo requintado e moderno da marca, os logotipos personalizados podem ser usados como brindes de promo\u00e7\u00e3o de novos produtos e brindes de agradecimento aos associados.<\/li>\n\n\n\n<li><strong>Setor de joias<\/strong>: O elemento floral reflete os atributos do setor, e a textura met\u00e1lica mostra a qualidade de ponta.<\/li>\n\n\n\n<li><strong>Setor de casamentos<\/strong>: O formato da flor tem um bom significado. Personalizado com o nome do casal e o tema do casamento, pode ser usado como presente para os convidados.<\/li>\n\n\n\n<li><strong>Setor cultural e criativo<\/strong>: Em coopera\u00e7\u00e3o com IPs culturais e criativos, personalizados com padr\u00f5es exclusivos, podem ser usados como brindes perif\u00e9ricos em exposi\u00e7\u00f5es culturais e criativas e lojas off-line para atrair jovens consumidores.<\/li>\n<\/ul>\n\n\n\n<p>O <strong>Unidade flash USB Metal Flower Key<\/strong>O design do produto, com liga de zinco que garante durabilidade e textura, tem um formato de flor pequeno e delicado, f\u00e1cil de transportar. O USB3.0 permite leitura e grava\u00e7\u00e3o eficientes e oferece suporte \u00e0 personaliza\u00e7\u00e3o. Tem vantagens excepcionais em termos de prote\u00e7\u00e3o e compatibilidade, e o orif\u00edcio \u00e9 adequado para chaveiros para facilitar o transporte. \u00c9 amplamente utilizado como presente nos setores de beleza, joias, casamentos e outros, e \u00e9 um bom produto que integra armazenamento pr\u00e1tico, decora\u00e7\u00e3o personalizada e transmiss\u00e3o emocional!<\/p>","protected":false},"excerpt":{"rendered":"<ul>\n<li>Material met\u00e1lico<\/li>\n<li>Chave de flor<\/li>\n<li>Prote\u00e7\u00e3o da interface<\/li>\n<li>Modo de espera ultralongo<\/li>\n<li>MOQ: 100 unidades<\/li>\n<\/ul>","protected":false},"featured_media":4337,"comment_status":"open","ping_status":"closed","template":"","meta":{"_seopress_robots_primary_cat":"","_seopress_titles_title":"","_seopress_titles_desc":"","_seopress_robots_index":"","site-sidebar-layout":"default","site-content-layout":"","ast-site-content-layout":"","site-content-style":"default","site-sidebar-style":"default","ast-global-header-display":"","ast-banner-title-visibility":"","ast-main-header-display":"","ast-hfb-above-header-display":"","ast-hfb-below-header-display":"","ast-hfb-mobile-header-display":"","site-post-title":"","ast-breadcrumbs-content":"","ast-featured-img":"","footer-sml-layout":"","theme-transparent-header-meta":"","adv-header-id-meta":"","stick-header-meta":"","header-above-stick-meta":"","header-main-stick-meta":"","header-below-stick-meta":"","astra-migrate-meta-layouts":"default","ast-page-background-enabled":"default","ast-page-background-meta":{"desktop":{"background-color":"var(--ast-global-color-5)","background-image":"","background-repeat":"repeat","background-position":"center center","background-size":"auto","background-attachment":"scroll","background-type":"","background-media":"","overlay-type":"","overlay-color":"","overlay-opacity":"","overlay-gradient":""},"tablet":{"background-color":"","background-image":"","background-repeat":"repeat","background-position":"center center","background-size":"auto","background-attachment":"scroll","background-type":"","background-media":"","overlay-type":"","overlay-color":"","overlay-opacity":"","overlay-gradient":""},"mobile":{"background-color":"","background-image":"","background-repeat":"repeat","background-position":"center center","background-size":"auto","background-attachment":"scroll","background-type":"","background-media":"","overlay-type":"","overlay-color":"","overlay-opacity":"","overlay-gradient":""}},"ast-content-background-meta":{"desktop":{"background-color":"var(--ast-global-color-4)","background-image":"","background-repeat":"repeat","background-position":"center center","background-size":"auto","background-attachment":"scroll","background-type":"","background-media":"","overlay-type":"","overlay-color":"","overlay-opacity":"","overlay-gradient":""},"tablet":{"background-color":"var(--ast-global-color-4)","background-image":"","background-repeat":"repeat","background-position":"center center","background-size":"auto","background-attachment":"scroll","background-type":"","background-media":"","overlay-type":"","overlay-color":"","overlay-opacity":"","overlay-gradient":""},"mobile":{"background-color":"var(--ast-global-color-4)","background-image":"","background-repeat":"repeat","background-position":"center center","background-size":"auto","background-attachment":"scroll","background-type":"","background-media":"","overlay-type":"","overlay-color":"","overlay-opacity":"","overlay-gradient":""}}},"product_brand":[],"product_cat":[108],"product_tag":[260,261],"class_list":{"0":"post-4333","1":"product","2":"type-product","3":"status-publish","4":"has-post-thumbnail","6":"product_cat-key-shaped-usb-pendrive","7":"product_tag-metal-flower-key-usb-flash-drive","8":"product_tag-metal-usb-falsh-drive","9":"desktop-align-left","10":"tablet-align-left","11":"mobile-align-left","13":"first","14":"instock","15":"shipping-taxable","16":"product-type-simple"},"_links":{"self":[{"href":"https:\/\/www.usborkeychain.com\/pt\/wp-json\/wp\/v2\/product\/4333","targetHints":{"allow":["GET"]}}],"collection":[{"href":"https:\/\/www.usborkeychain.com\/pt\/wp-json\/wp\/v2\/product"}],"about":[{"href":"https:\/\/www.usborkeychain.com\/pt\/wp-json\/wp\/v2\/types\/product"}],"replies":[{"embeddable":true,"href":"https:\/\/www.usborkeychain.com\/pt\/wp-json\/wp\/v2\/comments?post=4333"}],"wp:featuredmedia":[{"embeddable":true,"href":"https:\/\/www.usborkeychain.com\/pt\/wp-json\/wp\/v2\/media\/4337"}],"wp:attachment":[{"href":"https:\/\/www.usborkeychain.com\/pt\/wp-json\/wp\/v2\/media?parent=4333"}],"wp:term":[{"taxonomy":"product_brand","embeddable":true,"href":"https:\/\/www.usborkeychain.com\/pt\/wp-json\/wp\/v2\/product_brand?post=4333"},{"taxonomy":"product_cat","embeddable":true,"href":"https:\/\/www.usborkeychain.com\/pt\/wp-json\/wp\/v2\/product_cat?post=4333"},{"taxonomy":"product_tag","embeddable":true,"href":"https:\/\/www.usborkeychain.com\/pt\/wp-json\/wp\/v2\/product_tag?post=4333"}],"curies":[{"name":"wp","href":"https:\/\/api.w.org\/{rel}","templated":true}]}}