{"id":4341,"date":"2025-07-22T08:08:30","date_gmt":"2025-07-22T08:08:30","guid":{"rendered":"https:\/\/www.usborkeychain.com\/?post_type=product&#038;p=4341"},"modified":"2025-07-22T08:12:20","modified_gmt":"2025-07-22T08:12:20","slug":"thickened-metal-key-usb-flash-drive","status":"publish","type":"product","link":"https:\/\/www.usborkeychain.com\/pt\/produto\/thickened-metal-key-usb-flash-drive\/","title":{"rendered":"Unidade flash USB com chave de metal espessada"},"content":{"rendered":"<div class=\"wp-block-columns are-vertically-aligned-center is-layout-flex wp-container-core-columns-is-layout-28f84493 wp-block-columns-is-layout-flex\">\n<div class=\"wp-block-column is-vertically-aligned-center is-layout-flow wp-block-column-is-layout-flow\">\n<p>O corpo principal do<strong> Chave de metal espessa Unidade flash USB<\/strong> \u00e9 feito de liga de zinco de alta qualidade, que tem muitas propriedades excelentes:<\/p>\n\n\n\n<ul class=\"wp-block-list\">\n<li>Grande durabilidade: alta dureza, n\u00e3o \u00e9 f\u00e1cil de deformar ou arranhar. Em compara\u00e7\u00e3o com as unidades USB finas, devido ao material resistente, ele pode proteger melhor o chip interno em caso de quedas acidentais. No uso di\u00e1rio, mesmo em caso de queda acidental, o inv\u00f3lucro de liga de zinco espessado pode resistir efetivamente ao impacto.<\/li>\n\n\n\n<li>Boa resist\u00eancia \u00e0 corros\u00e3o: A superf\u00edcie foi submetida a um tratamento anticorrosivo especial, que pode resistir \u00e0 eros\u00e3o causada por umidade, suor etc. no ar e manter uma bela apar\u00eancia por muito tempo. Por outro lado, algumas unidades USB finas podem ser feitas de materiais mais baratos, que s\u00e3o propensos \u00e0 ferrugem e \u00e0 corros\u00e3o, afetando sua apar\u00eancia e reduzindo sua vida \u00fatil.<\/li>\n\n\n\n<li>Textura e peso: O design espesso combinado com a liga de zinco confere \u00e0 unidade USB uma textura mais s\u00f3lida e sofisticada. Ele tem um certo peso na m\u00e3o, diferente da sensa\u00e7\u00e3o de leveza dos modelos finos, o que aumenta a sensa\u00e7\u00e3o de valor e prazer durante o uso.<\/li>\n<\/ul>\n<\/div>\n\n\n\n<div class=\"wp-block-column is-vertically-aligned-center is-layout-flow wp-block-column-is-layout-flow\">\n<figure class=\"wp-block-image aligncenter size-full\"><img alt=\"\" fetchpriority=\"high\" decoding=\"async\" width=\"800\" height=\"800\" src=\"https:\/\/www.usborkeychain.com\/wp-content\/uploads\/ThickMetalKey-USB-flash-drive.png\" class=\"wp-image-4346\" srcset=\"https:\/\/www.usborkeychain.com\/wp-content\/uploads\/ThickMetalKey-USB-flash-drive.png 800w, https:\/\/www.usborkeychain.com\/wp-content\/uploads\/ThickMetalKey-USB-flash-drive-300x300.png 300w, https:\/\/www.usborkeychain.com\/wp-content\/uploads\/ThickMetalKey-USB-flash-drive-150x150.png 150w, https:\/\/www.usborkeychain.com\/wp-content\/uploads\/ThickMetalKey-USB-flash-drive-768x768.png 768w, https:\/\/www.usborkeychain.com\/wp-content\/uploads\/ThickMetalKey-USB-flash-drive-12x12.png 12w, https:\/\/www.usborkeychain.com\/wp-content\/uploads\/ThickMetalKey-USB-flash-drive-600x600.png 600w, https:\/\/www.usborkeychain.com\/wp-content\/uploads\/ThickMetalKey-USB-flash-drive-100x100.png 100w\" sizes=\"(max-width: 800px) 100vw, 800px\" \/><\/figure>\n<\/div>\n<\/div>\n\n\n\n<h2 class=\"wp-block-heading\">Par\u00e2metros da unidade USB<\/h2>\n\n\n\n<figure class=\"wp-block-table\"><table class=\"has-fixed-layout\"><thead><tr><th>Categoria de par\u00e2metro<\/th><th>Detalhes<\/th><\/tr><\/thead><tbody><tr><td>Padr\u00e3o de interface<\/td><td>USB 3.0 (compat\u00edvel com o USB 2.0)<\/td><\/tr><tr><td>Op\u00e7\u00f5es de capacidade<\/td><td>8 GB, 16 GB, 32 GB, 64 GB, 128 GB<\/td><\/tr><tr><td>Tamanho do produto (comprimento \u00d7 largura \u00d7 espessura)<\/td><td>Aproximadamente 55 mm \u00d7 20 mm \u00d7 5 mm<\/td><\/tr><tr><td>Peso<\/td><td>Aproximadamente 25 - 30g<\/td><\/tr><\/tbody><\/table><\/figure>\n\n\n\n<h2 class=\"wp-block-heading\">O logotipo pode ser personalizado?<\/h2>\n\n\n\n<div class=\"wp-block-columns is-layout-flex wp-container-core-columns-is-layout-28f84493 wp-block-columns-is-layout-flex\">\n<div class=\"wp-block-column is-layout-flow wp-block-column-is-layout-flow\">\n<figure class=\"wp-block-image aligncenter size-full\"><img alt=\"\" decoding=\"async\" width=\"800\" height=\"800\" src=\"https:\/\/www.usborkeychain.com\/wp-content\/uploads\/ThickKey-USB-Flash-drive.png\" class=\"wp-image-4345\" srcset=\"https:\/\/www.usborkeychain.com\/wp-content\/uploads\/ThickKey-USB-Flash-drive.png 800w, https:\/\/www.usborkeychain.com\/wp-content\/uploads\/ThickKey-USB-Flash-drive-300x300.png 300w, https:\/\/www.usborkeychain.com\/wp-content\/uploads\/ThickKey-USB-Flash-drive-150x150.png 150w, https:\/\/www.usborkeychain.com\/wp-content\/uploads\/ThickKey-USB-Flash-drive-768x768.png 768w, https:\/\/www.usborkeychain.com\/wp-content\/uploads\/ThickKey-USB-Flash-drive-12x12.png 12w, https:\/\/www.usborkeychain.com\/wp-content\/uploads\/ThickKey-USB-Flash-drive-600x600.png 600w, https:\/\/www.usborkeychain.com\/wp-content\/uploads\/ThickKey-USB-Flash-drive-100x100.png 100w\" sizes=\"(max-width: 800px) 100vw, 800px\" \/><\/figure>\n<\/div>\n\n\n\n<div class=\"wp-block-column is-vertically-aligned-center is-layout-flow wp-block-column-is-layout-flow\">\n<p>A unidade flash USB com chave de metal espesso permite a personaliza\u00e7\u00e3o de logotipo ou padr\u00e3o.<\/p>\n\n\n\n<p>Grava\u00e7\u00e3o a laser: Uso de um feixe de laser de alta energia para gravar com precis\u00e3o padr\u00f5es na superf\u00edcie da liga de zinco.<\/p>\n\n\n\n<p>Colora\u00e7\u00e3o por galvanoplastia (se for necess\u00e1rio um efeito de cor): Ap\u00f3s a grava\u00e7\u00e3o a laser, se voc\u00ea quiser adicionar cor ao logotipo ou ao padr\u00e3o, poder\u00e1 usar a colora\u00e7\u00e3o por galvanoplastia.<\/p>\n<\/div>\n<\/div>\n\n\n\n<h2 class=\"wp-block-heading\">Quais s\u00e3o as vantagens dessa unidade USB?<\/h2>\n\n\n\n<div class=\"wp-block-columns are-vertically-aligned-center is-layout-flex wp-container-core-columns-is-layout-28f84493 wp-block-columns-is-layout-flex\">\n<div class=\"wp-block-column is-vertically-aligned-center is-layout-flow wp-block-column-is-layout-flow\">\n<ul class=\"wp-block-list\">\n<li>Prote\u00e7\u00e3o aprimorada: Al\u00e9m das vantagens de durabilidade mencionadas acima, o inv\u00f3lucro de liga de zinco espessado tamb\u00e9m pode proporcionar melhor dissipa\u00e7\u00e3o de calor para o chip interno. O metal tem boa condutividade t\u00e9rmica, o que pode dissipar rapidamente o calor gerado pelo chip durante a opera\u00e7\u00e3o, garantindo a opera\u00e7\u00e3o est\u00e1vel da unidade USB.<\/li>\n\n\n\n<li>Design exclusivo: O formato da chave \u00e9 bonito e pr\u00e1tico. O design espesso faz com que a sensa\u00e7\u00e3o e a apar\u00eancia sejam mais pr\u00f3ximas de uma chave de verdade, o que \u00e9 f\u00e1cil de carregar em um chaveiro, n\u00e3o \u00e9 f\u00e1cil de perder e chama a aten\u00e7\u00e3o como presente ou item promocional.<\/li>\n\n\n\n<li>Armazenamento de dados de longa dura\u00e7\u00e3o: O material de liga de zinco de alta qualidade combinado com a avan\u00e7ada tecnologia de chip garante o armazenamento est\u00e1vel de dados a longo prazo. Mesmo que fique inativo por um longo per\u00edodo, os dados internos podem ser bem preservados, o que \u00e9 muito melhor do que o problema de perda de dados de algumas unidades USB finas de baixa qualidade.<\/li>\n<\/ul>\n<\/div>\n\n\n\n<div class=\"wp-block-column is-vertically-aligned-center is-layout-flow wp-block-column-is-layout-flow\">\n<figure class=\"wp-block-image aligncenter size-full\"><img alt=\"\" decoding=\"async\" width=\"800\" height=\"800\" src=\"https:\/\/www.usborkeychain.com\/wp-content\/uploads\/HeavyDutyKey-USB-flash-Drive.png\" class=\"wp-image-4344\" srcset=\"https:\/\/www.usborkeychain.com\/wp-content\/uploads\/HeavyDutyKey-USB-flash-Drive.png 800w, https:\/\/www.usborkeychain.com\/wp-content\/uploads\/HeavyDutyKey-USB-flash-Drive-300x300.png 300w, https:\/\/www.usborkeychain.com\/wp-content\/uploads\/HeavyDutyKey-USB-flash-Drive-150x150.png 150w, https:\/\/www.usborkeychain.com\/wp-content\/uploads\/HeavyDutyKey-USB-flash-Drive-768x768.png 768w, https:\/\/www.usborkeychain.com\/wp-content\/uploads\/HeavyDutyKey-USB-flash-Drive-12x12.png 12w, https:\/\/www.usborkeychain.com\/wp-content\/uploads\/HeavyDutyKey-USB-flash-Drive-600x600.png 600w, https:\/\/www.usborkeychain.com\/wp-content\/uploads\/HeavyDutyKey-USB-flash-Drive-100x100.png 100w\" sizes=\"(max-width: 800px) 100vw, 800px\" \/><\/figure>\n<\/div>\n<\/div>\n\n\n\n<h2 class=\"wp-block-heading\">Como essa unidade USB \u00e9 fabricada?<\/h2>\n\n\n\n<ul class=\"wp-block-list\">\n<li>Forma\u00e7\u00e3o de fundi\u00e7\u00e3o sob press\u00e3o: Primeiro, fa\u00e7a um molde de acordo com o formato da chave e injete liga de zinco fundido no molde sob alta press\u00e3o para formar o formato b\u00e1sico do inv\u00f3lucro da unidade USB, garantindo a precis\u00e3o do formato espesso.<\/li>\n\n\n\n<li>Processamento de precis\u00e3o: Ap\u00f3s a fundi\u00e7\u00e3o sob press\u00e3o, o processamento de precis\u00e3o, como corte e polimento, \u00e9 realizado para tornar a superf\u00edcie da casca lisa e plana com dimens\u00f5es precisas.<\/li>\n\n\n\n<li>Tratamento de superf\u00edcie: \u00c9 realizado um tratamento anticorrosivo, como galvanoplastia ou pulveriza\u00e7\u00e3o de revestimentos anticorrosivos, para aumentar a resist\u00eancia \u00e0 corros\u00e3o da superf\u00edcie da liga de zinco.<\/li>\n\n\n\n<li>Instala\u00e7\u00e3o e teste de chips: Instalamos chips de mem\u00f3ria flash de alta qualidade e, em seguida, realizamos testes rigorosos de velocidade de leitura e grava\u00e7\u00e3o, estabilidade de armazenamento de dados, compatibilidade de interface, etc., para garantir que cada unidade USB atenda aos padr\u00f5es.<\/li>\n<\/ul>\n\n\n\n<h2 class=\"wp-block-heading\">Qual \u00e9 o ciclo de produ\u00e7\u00e3o da personaliza\u00e7\u00e3o em massa?<\/h2>\n\n\n\n<ul class=\"wp-block-list\">\n<li>Ciclo padr\u00e3o: 1-2 semanas (dependendo da quantidade do pedido).<\/li>\n\n\n\n<li>Servi\u00e7o expresso: Pode ser reduzido para 5 a 7 dias (taxas adicionais necess\u00e1rias).<\/li>\n\n\n\n<li>Quantidade m\u00ednima de pedido: Geralmente 100 pe\u00e7as, com suporte \u00e0 personaliza\u00e7\u00e3o de pequenos lotes.<\/li>\n<\/ul>\n\n\n\n<h2 class=\"wp-block-heading\">A quais setores ele se aplica?<\/h2>\n\n\n\n<ul class=\"wp-block-list\">\n<li>Presentes comerciais: Comemora\u00e7\u00f5es de anivers\u00e1rio corporativo, presentes de agradecimento ao cliente, presentes VIP.<\/li>\n\n\n\n<li>Ind\u00fastria digital eletr\u00f4nica: Promo\u00e7\u00f5es de produtos, brindes para exposi\u00e7\u00f5es.<\/li>\n\n\n\n<li>Finan\u00e7as e seguros: Presentes de alta qualidade para clientes para melhorar a imagem da marca.<\/li>\n\n\n\n<li>Educa\u00e7\u00e3o e treinamento: Lembran\u00e7as de confer\u00eancias, presentes de formatura de alunos.<\/li>\n\n\n\n<li>Setor imobili\u00e1rio: Presentes de entrega de casas, presentes exclusivos para propriet\u00e1rios.<\/li>\n<\/ul>\n\n\n\n<p>  Com <strong>material de liga de zinco de alta qualidade<\/strong>Com par\u00e2metros de desempenho excelentes, suporte para customiza\u00e7\u00e3o personalizada e uma s\u00e9rie de vantagens excepcionais, o <strong>chave de metal unidade flash USB<\/strong> n\u00e3o \u00e9 apenas uma ferramenta pr\u00e1tica de armazenamento de dados, mas tamb\u00e9m uma op\u00e7\u00e3o de alta qualidade para presentes e itens promocionais. Em termos de durabilidade, design de apar\u00eancia e adaptabilidade de personaliza\u00e7\u00e3o, ele pode atender \u00e0s necessidades de diferentes usu\u00e1rios e setores. O ciclo de personaliza\u00e7\u00e3o em massa \u00e9 razo\u00e1vel e \u00e9 amplamente utilizado nos setores imobili\u00e1rio, automobil\u00edstico, financeiro e outros, oferecendo novas op\u00e7\u00f5es para a promo\u00e7\u00e3o da marca e a manuten\u00e7\u00e3o do relacionamento com o cliente.<\/p>","protected":false},"excerpt":{"rendered":"<ul>\n<li>Material de liga de zinco<\/li>\n<li>Chave de metal<\/li>\n<li>R\u00e1pida dissipa\u00e7\u00e3o de calor<\/li>\n<li>Armazenamento de dados est\u00e1vel e de longa dura\u00e7\u00e3o<\/li>\n<li>\n<div class=\"flex flex-row w-full\" data-testid=\"message_content\" data-message-id=\"13201365837892610\">\n<div class=\"w-full\" data-plugin-identifier=\"Symbol(infra:receive-message-box:text)\">\n<div class=\"container-ZYIsnH flow-markdown-body theme-samantha-Nbr9UN\" dir=\"ltr\" data-testid=\"message_text_content\" data-show-indicator=\"false\">\n<div class=\"auto-hide-last-sibling-br paragraph-JOTKXA paragraph-element br-paragraph-space\">MOQ:100PCS<\/div>\n<div><\/div>\n<div><\/div>\n<div><\/div>\n<\/div>\n<\/div>\n<\/div>\n<div class=\"answer-action-bar-pgm2JD answer-action-bar flex flex-col justify-end\" data-testid=\"message_action_bar\">\n<div class=\"container-rxM4SW flex flex-row items-start w-full self-center\" data-message-action-bar=\"1\">\n<div class=\"left-Y7jNAM\">\n<div class=\"bp5-overflow-list container-i9_9R9 align-start-BRJcKo inner-K6EVuU\">\n<div class=\"flex\" tabindex=\"0\" aria-expanded=\"false\" aria-haspopup=\"dialog\" aria-controls=\"16wbfjk\" data-popupid=\"16wbfjk\"><\/div>\n<\/div>\n<\/div>\n<\/div>\n<\/div>\n<\/li>\n<\/ul>","protected":false},"featured_media":4346,"comment_status":"open","ping_status":"closed","template":"","meta":{"_seopress_robots_primary_cat":"","_seopress_titles_title":"","_seopress_titles_desc":"","_seopress_robots_index":"","site-sidebar-layout":"default","site-content-layout":"","ast-site-content-layout":"","site-content-style":"default","site-sidebar-style":"default","ast-global-header-display":"","ast-banner-title-visibility":"","ast-main-header-display":"","ast-hfb-above-header-display":"","ast-hfb-below-header-display":"","ast-hfb-mobile-header-display":"","site-post-title":"","ast-breadcrumbs-content":"","ast-featured-img":"","footer-sml-layout":"","theme-transparent-header-meta":"","adv-header-id-meta":"","stick-header-meta":"","header-above-stick-meta":"","header-main-stick-meta":"","header-below-stick-meta":"","astra-migrate-meta-layouts":"default","ast-page-background-enabled":"default","ast-page-background-meta":{"desktop":{"background-color":"var(--ast-global-color-5)","background-image":"","background-repeat":"repeat","background-position":"center center","background-size":"auto","background-attachment":"scroll","background-type":"","background-media":"","overlay-type":"","overlay-color":"","overlay-opacity":"","overlay-gradient":""},"tablet":{"background-color":"","background-image":"","background-repeat":"repeat","background-position":"center center","background-size":"auto","background-attachment":"scroll","background-type":"","background-media":"","overlay-type":"","overlay-color":"","overlay-opacity":"","overlay-gradient":""},"mobile":{"background-color":"","background-image":"","background-repeat":"repeat","background-position":"center center","background-size":"auto","background-attachment":"scroll","background-type":"","background-media":"","overlay-type":"","overlay-color":"","overlay-opacity":"","overlay-gradient":""}},"ast-content-background-meta":{"desktop":{"background-color":"var(--ast-global-color-4)","background-image":"","background-repeat":"repeat","background-position":"center center","background-size":"auto","background-attachment":"scroll","background-type":"","background-media":"","overlay-type":"","overlay-color":"","overlay-opacity":"","overlay-gradient":""},"tablet":{"background-color":"var(--ast-global-color-4)","background-image":"","background-repeat":"repeat","background-position":"center center","background-size":"auto","background-attachment":"scroll","background-type":"","background-media":"","overlay-type":"","overlay-color":"","overlay-opacity":"","overlay-gradient":""},"mobile":{"background-color":"var(--ast-global-color-4)","background-image":"","background-repeat":"repeat","background-position":"center center","background-size":"auto","background-attachment":"scroll","background-type":"","background-media":"","overlay-type":"","overlay-color":"","overlay-opacity":"","overlay-gradient":""}}},"product_brand":[],"product_cat":[108],"product_tag":[259,262],"class_list":{"0":"post-4341","1":"product","2":"type-product","3":"status-publish","4":"has-post-thumbnail","6":"product_cat-key-shaped-usb-pendrive","7":"product_tag-metal-key-usb-flash-drive","8":"product_tag-thickened-metal-key-usb-falsh-drive","9":"desktop-align-left","10":"tablet-align-left","11":"mobile-align-left","13":"first","14":"instock","15":"shipping-taxable","16":"product-type-simple"},"_links":{"self":[{"href":"https:\/\/www.usborkeychain.com\/pt\/wp-json\/wp\/v2\/product\/4341","targetHints":{"allow":["GET"]}}],"collection":[{"href":"https:\/\/www.usborkeychain.com\/pt\/wp-json\/wp\/v2\/product"}],"about":[{"href":"https:\/\/www.usborkeychain.com\/pt\/wp-json\/wp\/v2\/types\/product"}],"replies":[{"embeddable":true,"href":"https:\/\/www.usborkeychain.com\/pt\/wp-json\/wp\/v2\/comments?post=4341"}],"wp:featuredmedia":[{"embeddable":true,"href":"https:\/\/www.usborkeychain.com\/pt\/wp-json\/wp\/v2\/media\/4346"}],"wp:attachment":[{"href":"https:\/\/www.usborkeychain.com\/pt\/wp-json\/wp\/v2\/media?parent=4341"}],"wp:term":[{"taxonomy":"product_brand","embeddable":true,"href":"https:\/\/www.usborkeychain.com\/pt\/wp-json\/wp\/v2\/product_brand?post=4341"},{"taxonomy":"product_cat","embeddable":true,"href":"https:\/\/www.usborkeychain.com\/pt\/wp-json\/wp\/v2\/product_cat?post=4341"},{"taxonomy":"product_tag","embeddable":true,"href":"https:\/\/www.usborkeychain.com\/pt\/wp-json\/wp\/v2\/product_tag?post=4341"}],"curies":[{"name":"wp","href":"https:\/\/api.w.org\/{rel}","templated":true}]}}