{"id":4357,"date":"2025-07-23T03:04:28","date_gmt":"2025-07-23T03:04:28","guid":{"rendered":"https:\/\/www.usborkeychain.com\/?post_type=product&#038;p=4357"},"modified":"2025-07-23T23:50:53","modified_gmt":"2025-07-23T23:50:53","slug":"cartoon-backpack-shaped-usb-drive","status":"publish","type":"product","link":"https:\/\/www.usborkeychain.com\/pt\/produto\/cartoon-backpack-shaped-usb-drive\/","title":{"rendered":"Unidade USB em formato de mochila de desenho animado"},"content":{"rendered":"<div class=\"wp-block-columns is-layout-flex wp-container-core-columns-is-layout-28f84493 wp-block-columns-is-layout-flex\">\n<div class=\"wp-block-column is-layout-flow wp-block-column-is-layout-flow\">\n<figure class=\"wp-block-image size-full\"><img alt=\"\" fetchpriority=\"high\" decoding=\"async\" width=\"800\" height=\"800\" src=\"https:\/\/www.usborkeychain.com\/wp-content\/uploads\/Shoulder-Backpack-USB-Stick.jpg\" class=\"wp-image-4366\" srcset=\"https:\/\/www.usborkeychain.com\/wp-content\/uploads\/Shoulder-Backpack-USB-Stick.jpg 800w, https:\/\/www.usborkeychain.com\/wp-content\/uploads\/Shoulder-Backpack-USB-Stick-300x300.jpg 300w, https:\/\/www.usborkeychain.com\/wp-content\/uploads\/Shoulder-Backpack-USB-Stick-150x150.jpg 150w, https:\/\/www.usborkeychain.com\/wp-content\/uploads\/Shoulder-Backpack-USB-Stick-768x768.jpg 768w, https:\/\/www.usborkeychain.com\/wp-content\/uploads\/Shoulder-Backpack-USB-Stick-12x12.jpg 12w, https:\/\/www.usborkeychain.com\/wp-content\/uploads\/Shoulder-Backpack-USB-Stick-600x600.jpg 600w, https:\/\/www.usborkeychain.com\/wp-content\/uploads\/Shoulder-Backpack-USB-Stick-100x100.jpg 100w\" sizes=\"(max-width: 800px) 100vw, 800px\" \/><\/figure>\n<\/div>\n\n\n\n<div class=\"wp-block-column is-vertically-aligned-center is-layout-flow wp-block-column-is-layout-flow\">\n<p>O drive USB em formato de mochila de desenho animado apresenta um design exclusivo, personalizado de acordo com o formato de mochilas reais e replicado em igual propor\u00e7\u00e3o.<\/p>\n\n\n\n<p> Desde o contorno tridimensional da mochila at\u00e9 os detalhes dos bolsos e al\u00e7as, ela segue rigorosamente as propor\u00e7\u00f5es e formas das mochilas reais, oferecendo um transportador personalizado com grande relev\u00e2ncia para o cen\u00e1rio de setores como educa\u00e7\u00e3o e setores culturais e criativos.<\/p>\n<\/div>\n<\/div>\n\n\n\n<p><\/p>\n\n\n\n<h2 class=\"wp-block-heading\">Modelagem tridimensional 3D \u00d7 material de PVC<\/h2>\n\n\n\n<p>Os fabricantes usam tecnologia de moldagem por inje\u00e7\u00e3o tridimensional 3D e material de PVC flex\u00edvel e dur\u00e1vel para criar essa unidade USB para mochila. O produto est\u00e1 dispon\u00edvel em quatro sistemas de cores de alta satura\u00e7\u00e3o: rosa, amarelo brilhante, azul celeste e verde esmeralda, que s\u00e3o visualmente \"atraentes \u00e0 primeira vista\". Em termos de toque, a textura fosca do PVC simula tecidos de mochilas reais. <\/p>\n\n\n\n<p>A tecnologia 3D apresenta os detalhes, como a estrutura em camadas (bolso principal, bolso lateral) e a curvatura da al\u00e7a da mochila de forma tridimensional - ela n\u00e3o apenas mant\u00e9m a fofura dos desenhos animados, mas tamb\u00e9m consegue ser port\u00e1til com uma espessura ultrafina de 5 mm (aproximadamente 35 mm \u00d7 25 mm \u00d7 12 mm). Cada uma pesa cerca de 25g e pode ser usada diretamente como acess\u00f3rio de chaveiro.<\/p>\n\n\n\n<div class=\"wp-block-columns is-layout-flex wp-container-core-columns-is-layout-9c22b1e3 wp-block-columns-is-layout-flex\">\n<div class=\"wp-block-column is-layout-flow wp-block-column-is-layout-flow\">\n<figure class=\"wp-block-image size-full\"><img alt=\"\" decoding=\"async\" width=\"800\" height=\"800\" src=\"https:\/\/www.usborkeychain.com\/wp-content\/uploads\/pink-Backpack-Double-Backpack-USB-Drive.jpg\" class=\"wp-image-4364\" srcset=\"https:\/\/www.usborkeychain.com\/wp-content\/uploads\/pink-Backpack-Double-Backpack-USB-Drive.jpg 800w, https:\/\/www.usborkeychain.com\/wp-content\/uploads\/pink-Backpack-Double-Backpack-USB-Drive-300x300.jpg 300w, https:\/\/www.usborkeychain.com\/wp-content\/uploads\/pink-Backpack-Double-Backpack-USB-Drive-150x150.jpg 150w, https:\/\/www.usborkeychain.com\/wp-content\/uploads\/pink-Backpack-Double-Backpack-USB-Drive-768x768.jpg 768w, https:\/\/www.usborkeychain.com\/wp-content\/uploads\/pink-Backpack-Double-Backpack-USB-Drive-12x12.jpg 12w, https:\/\/www.usborkeychain.com\/wp-content\/uploads\/pink-Backpack-Double-Backpack-USB-Drive-600x600.jpg 600w, https:\/\/www.usborkeychain.com\/wp-content\/uploads\/pink-Backpack-Double-Backpack-USB-Drive-100x100.jpg 100w\" sizes=\"(max-width: 800px) 100vw, 800px\" \/><\/figure>\n<\/div>\n\n\n\n<div class=\"wp-block-column is-layout-flow wp-block-column-is-layout-flow\">\n<figure class=\"wp-block-image size-full\"><img alt=\"\" decoding=\"async\" width=\"800\" height=\"800\" src=\"https:\/\/www.usborkeychain.com\/wp-content\/uploads\/blue-Backpack-shaped-USB-Drive.jpg\" class=\"wp-image-4362\" srcset=\"https:\/\/www.usborkeychain.com\/wp-content\/uploads\/blue-Backpack-shaped-USB-Drive.jpg 800w, https:\/\/www.usborkeychain.com\/wp-content\/uploads\/blue-Backpack-shaped-USB-Drive-300x300.jpg 300w, https:\/\/www.usborkeychain.com\/wp-content\/uploads\/blue-Backpack-shaped-USB-Drive-150x150.jpg 150w, https:\/\/www.usborkeychain.com\/wp-content\/uploads\/blue-Backpack-shaped-USB-Drive-768x768.jpg 768w, https:\/\/www.usborkeychain.com\/wp-content\/uploads\/blue-Backpack-shaped-USB-Drive-12x12.jpg 12w, https:\/\/www.usborkeychain.com\/wp-content\/uploads\/blue-Backpack-shaped-USB-Drive-600x600.jpg 600w, https:\/\/www.usborkeychain.com\/wp-content\/uploads\/blue-Backpack-shaped-USB-Drive-100x100.jpg 100w\" sizes=\"(max-width: 800px) 100vw, 800px\" \/><\/figure>\n<\/div>\n\n\n\n<div class=\"wp-block-column is-layout-flow wp-block-column-is-layout-flow\">\n<figure class=\"wp-block-image size-full\"><img alt=\"\" loading=\"lazy\" decoding=\"async\" width=\"800\" height=\"800\" src=\"https:\/\/www.usborkeychain.com\/wp-content\/uploads\/Backpack-USB-Drive-with-Double-Backpack.jpg\" class=\"wp-image-4360\" srcset=\"https:\/\/www.usborkeychain.com\/wp-content\/uploads\/Backpack-USB-Drive-with-Double-Backpack.jpg 800w, https:\/\/www.usborkeychain.com\/wp-content\/uploads\/Backpack-USB-Drive-with-Double-Backpack-300x300.jpg 300w, https:\/\/www.usborkeychain.com\/wp-content\/uploads\/Backpack-USB-Drive-with-Double-Backpack-150x150.jpg 150w, https:\/\/www.usborkeychain.com\/wp-content\/uploads\/Backpack-USB-Drive-with-Double-Backpack-768x768.jpg 768w, https:\/\/www.usborkeychain.com\/wp-content\/uploads\/Backpack-USB-Drive-with-Double-Backpack-12x12.jpg 12w, https:\/\/www.usborkeychain.com\/wp-content\/uploads\/Backpack-USB-Drive-with-Double-Backpack-600x600.jpg 600w, https:\/\/www.usborkeychain.com\/wp-content\/uploads\/Backpack-USB-Drive-with-Double-Backpack-100x100.jpg 100w\" sizes=\"(max-width: 800px) 100vw, 800px\" \/><\/figure>\n<\/div>\n\n\n\n<div class=\"wp-block-column is-layout-flow wp-block-column-is-layout-flow\">\n<figure class=\"wp-block-image size-full\"><img alt=\"\" loading=\"lazy\" decoding=\"async\" width=\"800\" height=\"800\" src=\"https:\/\/www.usborkeychain.com\/wp-content\/uploads\/yellow-Backpack-shaped-USB-Drive.jpg\" class=\"wp-image-4367\" srcset=\"https:\/\/www.usborkeychain.com\/wp-content\/uploads\/yellow-Backpack-shaped-USB-Drive.jpg 800w, https:\/\/www.usborkeychain.com\/wp-content\/uploads\/yellow-Backpack-shaped-USB-Drive-300x300.jpg 300w, https:\/\/www.usborkeychain.com\/wp-content\/uploads\/yellow-Backpack-shaped-USB-Drive-150x150.jpg 150w, https:\/\/www.usborkeychain.com\/wp-content\/uploads\/yellow-Backpack-shaped-USB-Drive-768x768.jpg 768w, https:\/\/www.usborkeychain.com\/wp-content\/uploads\/yellow-Backpack-shaped-USB-Drive-12x12.jpg 12w, https:\/\/www.usborkeychain.com\/wp-content\/uploads\/yellow-Backpack-shaped-USB-Drive-600x600.jpg 600w, https:\/\/www.usborkeychain.com\/wp-content\/uploads\/yellow-Backpack-shaped-USB-Drive-100x100.jpg 100w\" sizes=\"(max-width: 800px) 100vw, 800px\" \/><\/figure>\n<\/div>\n<\/div>\n\n\n\n<h3 class=\"wp-block-heading\">Tabela de par\u00e2metros do n\u00facleo<\/h3>\n\n\n\n<figure class=\"wp-block-table\"><table class=\"has-fixed-layout\"><thead><tr><th>Item de par\u00e2metro<\/th><th>Detalhes<\/th><\/tr><\/thead><tbody><tr><td>Tipo de interface<\/td><td>USB 2.0 (compat\u00edvel com dispositivos USB 1.1)<\/td><\/tr><tr><td>Capacidade opcional<\/td><td>8 GB, 16 GB, 32 GB, 64 GB, 128 GB<\/td><\/tr><tr><td>Dimens\u00f5es<\/td><td>35 mm (comprimento) \u00d7 25 mm (largura) \u00d7 12 mm (espessura)<\/td><\/tr><tr><td>Peso<\/td><td>Cerca de 15 g (leve e port\u00e1til, adequado para acess\u00f3rios)<\/td><\/tr><tr><td>Compatibilidade de personaliza\u00e7\u00e3o<\/td><td>Oferece suporte \u00e0 personaliza\u00e7\u00e3o integrada de cores, LOGOTIPO e embalagem<\/td><\/tr><\/tbody><\/table><\/figure>\n\n\n\n<h2 class=\"wp-block-heading\">Um best-seller para vendedores independentes de sites?<\/h2>\n\n\n\n<ol class=\"wp-block-list\">\n<li><strong>S\u00edmbolo visual com forte relev\u00e2ncia para a cena<\/strong>: Mochilas s\u00e3o itens de uso di\u00e1rio de alta frequ\u00eancia para estudantes e viajantes. O design de desenho animado evoca naturalmente a resson\u00e2ncia emocional de \"juventude e vitalidade\", e os consumidores estrangeiros est\u00e3o mais dispostos a pagar por \"produtos digitais com hist\u00f3rias\".<\/li>\n\n\n\n<li><strong>Flexibilidade na personaliza\u00e7\u00e3o de pequenos lotes<\/strong>: Os fabricantes oferecem suporte \u00e0 personaliza\u00e7\u00e3o diferenciada com um pedido m\u00ednimo de 100 pe\u00e7as (como a impress\u00e3o de LOGOTIPOS da marca e o ajuste de esquemas de cores). Os vendedores de sites independentes podem criar \"modelos de IP exclusivos\" para evitar a concorr\u00eancia homog\u00eanea e obter um pr\u00eamio de marca de dom\u00ednio privado.<\/li>\n<\/ol>\n\n\n\n<div class=\"wp-block-columns is-layout-flex wp-container-core-columns-is-layout-28f84493 wp-block-columns-is-layout-flex\">\n<div class=\"wp-block-column is-layout-flow wp-block-column-is-layout-flow\">\n<figure class=\"wp-block-image size-full\"><img alt=\"\" loading=\"lazy\" decoding=\"async\" width=\"800\" height=\"800\" src=\"https:\/\/www.usborkeychain.com\/wp-content\/uploads\/Shaped-Like-a-Backpack-Double-Backpack-USB-Stick.jpg\" class=\"wp-image-4365\" srcset=\"https:\/\/www.usborkeychain.com\/wp-content\/uploads\/Shaped-Like-a-Backpack-Double-Backpack-USB-Stick.jpg 800w, https:\/\/www.usborkeychain.com\/wp-content\/uploads\/Shaped-Like-a-Backpack-Double-Backpack-USB-Stick-300x300.jpg 300w, https:\/\/www.usborkeychain.com\/wp-content\/uploads\/Shaped-Like-a-Backpack-Double-Backpack-USB-Stick-150x150.jpg 150w, https:\/\/www.usborkeychain.com\/wp-content\/uploads\/Shaped-Like-a-Backpack-Double-Backpack-USB-Stick-768x768.jpg 768w, https:\/\/www.usborkeychain.com\/wp-content\/uploads\/Shaped-Like-a-Backpack-Double-Backpack-USB-Stick-12x12.jpg 12w, https:\/\/www.usborkeychain.com\/wp-content\/uploads\/Shaped-Like-a-Backpack-Double-Backpack-USB-Stick-600x600.jpg 600w, https:\/\/www.usborkeychain.com\/wp-content\/uploads\/Shaped-Like-a-Backpack-Double-Backpack-USB-Stick-100x100.jpg 100w\" sizes=\"(max-width: 800px) 100vw, 800px\" \/><\/figure>\n<\/div>\n\n\n\n<div class=\"wp-block-column is-layout-flow wp-block-column-is-layout-flow\">\n<figure class=\"wp-block-image size-full\"><img alt=\"\" loading=\"lazy\" decoding=\"async\" width=\"800\" height=\"800\" src=\"https:\/\/www.usborkeychain.com\/wp-content\/uploads\/Double-Shoulder-Backpack-USB-Flash-Drive.jpg\" class=\"wp-image-4363\" srcset=\"https:\/\/www.usborkeychain.com\/wp-content\/uploads\/Double-Shoulder-Backpack-USB-Flash-Drive.jpg 800w, https:\/\/www.usborkeychain.com\/wp-content\/uploads\/Double-Shoulder-Backpack-USB-Flash-Drive-300x300.jpg 300w, https:\/\/www.usborkeychain.com\/wp-content\/uploads\/Double-Shoulder-Backpack-USB-Flash-Drive-150x150.jpg 150w, https:\/\/www.usborkeychain.com\/wp-content\/uploads\/Double-Shoulder-Backpack-USB-Flash-Drive-768x768.jpg 768w, https:\/\/www.usborkeychain.com\/wp-content\/uploads\/Double-Shoulder-Backpack-USB-Flash-Drive-12x12.jpg 12w, https:\/\/www.usborkeychain.com\/wp-content\/uploads\/Double-Shoulder-Backpack-USB-Flash-Drive-600x600.jpg 600w, https:\/\/www.usborkeychain.com\/wp-content\/uploads\/Double-Shoulder-Backpack-USB-Flash-Drive-100x100.jpg 100w\" sizes=\"(max-width: 800px) 100vw, 800px\" \/><\/figure>\n<\/div>\n<\/div>","protected":false},"excerpt":{"rendered":"<ul>\n<li>Molde de PVC<\/li>\n<li>USB em formato de mochila<\/li>\n<li>Muitas cores<\/li>\n<li>Design 3D<\/li>\n<li>MOQ:100PCS<\/li>\n<\/ul>","protected":false},"featured_media":4366,"comment_status":"open","ping_status":"closed","template":"","meta":{"_seopress_robots_primary_cat":"","_seopress_titles_title":"","_seopress_titles_desc":"","_seopress_robots_index":"","site-sidebar-layout":"default","site-content-layout":"","ast-site-content-layout":"","site-content-style":"default","site-sidebar-style":"default","ast-global-header-display":"","ast-banner-title-visibility":"","ast-main-header-display":"","ast-hfb-above-header-display":"","ast-hfb-below-header-display":"","ast-hfb-mobile-header-display":"","site-post-title":"","ast-breadcrumbs-content":"","ast-featured-img":"","footer-sml-layout":"","theme-transparent-header-meta":"","adv-header-id-meta":"","stick-header-meta":"","header-above-stick-meta":"","header-main-stick-meta":"","header-below-stick-meta":"","astra-migrate-meta-layouts":"default","ast-page-background-enabled":"default","ast-page-background-meta":{"desktop":{"background-color":"var(--ast-global-color-5)","background-image":"","background-repeat":"repeat","background-position":"center center","background-size":"auto","background-attachment":"scroll","background-type":"","background-media":"","overlay-type":"","overlay-color":"","overlay-opacity":"","overlay-gradient":""},"tablet":{"background-color":"","background-image":"","background-repeat":"repeat","background-position":"center center","background-size":"auto","background-attachment":"scroll","background-type":"","background-media":"","overlay-type":"","overlay-color":"","overlay-opacity":"","overlay-gradient":""},"mobile":{"background-color":"","background-image":"","background-repeat":"repeat","background-position":"center center","background-size":"auto","background-attachment":"scroll","background-type":"","background-media":"","overlay-type":"","overlay-color":"","overlay-opacity":"","overlay-gradient":""}},"ast-content-background-meta":{"desktop":{"background-color":"var(--ast-global-color-4)","background-image":"","background-repeat":"repeat","background-position":"center center","background-size":"auto","background-attachment":"scroll","background-type":"","background-media":"","overlay-type":"","overlay-color":"","overlay-opacity":"","overlay-gradient":""},"tablet":{"background-color":"var(--ast-global-color-4)","background-image":"","background-repeat":"repeat","background-position":"center center","background-size":"auto","background-attachment":"scroll","background-type":"","background-media":"","overlay-type":"","overlay-color":"","overlay-opacity":"","overlay-gradient":""},"mobile":{"background-color":"var(--ast-global-color-4)","background-image":"","background-repeat":"repeat","background-position":"center center","background-size":"auto","background-attachment":"scroll","background-type":"","background-media":"","overlay-type":"","overlay-color":"","overlay-opacity":"","overlay-gradient":""}}},"product_brand":[],"product_cat":[94],"product_tag":[264],"class_list":{"0":"post-4357","1":"product","2":"type-product","3":"status-publish","4":"has-post-thumbnail","6":"product_cat-pvc-usb-pendrive","7":"product_tag-bag-usb-flash-drive","8":"desktop-align-left","9":"tablet-align-left","10":"mobile-align-left","12":"first","13":"instock","14":"shipping-taxable","15":"product-type-simple"},"_links":{"self":[{"href":"https:\/\/www.usborkeychain.com\/pt\/wp-json\/wp\/v2\/product\/4357","targetHints":{"allow":["GET"]}}],"collection":[{"href":"https:\/\/www.usborkeychain.com\/pt\/wp-json\/wp\/v2\/product"}],"about":[{"href":"https:\/\/www.usborkeychain.com\/pt\/wp-json\/wp\/v2\/types\/product"}],"replies":[{"embeddable":true,"href":"https:\/\/www.usborkeychain.com\/pt\/wp-json\/wp\/v2\/comments?post=4357"}],"wp:featuredmedia":[{"embeddable":true,"href":"https:\/\/www.usborkeychain.com\/pt\/wp-json\/wp\/v2\/media\/4366"}],"wp:attachment":[{"href":"https:\/\/www.usborkeychain.com\/pt\/wp-json\/wp\/v2\/media?parent=4357"}],"wp:term":[{"taxonomy":"product_brand","embeddable":true,"href":"https:\/\/www.usborkeychain.com\/pt\/wp-json\/wp\/v2\/product_brand?post=4357"},{"taxonomy":"product_cat","embeddable":true,"href":"https:\/\/www.usborkeychain.com\/pt\/wp-json\/wp\/v2\/product_cat?post=4357"},{"taxonomy":"product_tag","embeddable":true,"href":"https:\/\/www.usborkeychain.com\/pt\/wp-json\/wp\/v2\/product_tag?post=4357"}],"curies":[{"name":"wp","href":"https:\/\/api.w.org\/{rel}","templated":true}]}}